{"id":22792,"date":"2023-11-15T18:12:13","date_gmt":"2023-11-15T17:12:13","guid":{"rendered":"http:\/\/revmatch.eu\/?post_type=product&#038;p=22792"},"modified":"2023-11-15T18:12:56","modified_gmt":"2023-11-15T17:12:56","slug":"fg03","status":"publish","type":"product","link":"https:\/\/revmatch.eu\/es\/product\/fg03\/","title":{"rendered":"FG03"},"content":{"rendered":"<p>El FG03 fue dise\u00f1ado para maximizar las propiedades livianas del proceso de forjado.<\/p>\n<p>Dise\u00f1ado espec\u00edficamente para realzar el atractivo elegante de veh\u00edculos potentes y de \u00faltima generaci\u00f3n con una apariencia moderna y sofisticada, perfectamente adecuado para marcas de autom\u00f3viles como BMW, VAG, Porsche y Mercedes.<\/p>\n<p><strong>Plazo de entrega de 3 a 6 semanas dependiendo de la personalizaci\u00f3n y del coche. Esto se debe a que debemos hacer coincidir el ET, el PDC y la pintura seg\u00fan lo solicitado.<\/strong><\/p>","protected":false},"excerpt":{"rendered":"<p>El FG03 fue dise\u00f1ado para maximizar las propiedades livianas del proceso de forjado.<\/p>\n<p>Dise\u00f1ado espec\u00edficamente para realzar el atractivo elegante de veh\u00edculos potentes y de \u00faltima generaci\u00f3n con una apariencia moderna y sofisticada, perfectamente adecuado para marcas de autom\u00f3viles como BMW, VAG, Porsche y Mercedes.<\/p>\n<div id=\"gtx-trans\" style=\"position: absolute; left: 798px; top: 100.844px;\">\n<div class=\"gtx-trans-icon\"><\/div>\n<\/div>","protected":false},"featured_media":23159,"template":"","meta":{"_crdt_document":"","inline_featured_image":false},"product_brand":[],"product_cat":[115],"product_tag":[],"class_list":{"0":"post-22792","1":"product","2":"type-product","3":"status-publish","4":"has-post-thumbnail","6":"product_cat-forged-wheels","7":"product_shipping_class-heavy-parcel","9":"first","10":"onbackorder","11":"taxable","12":"shipping-taxable","13":"purchasable","14":"product-type-variable"},"supplier_id":null,"supplier_sku":"","barcode":null,"atum_controlled":true,"out_stock_date":null,"out_stock_threshold":null,"inheritable":false,"inbound_stock":null,"stock_on_hold":0,"sold_today":0,"sales_last_days":0,"reserved_stock":null,"customer_returns":null,"warehouse_damage":null,"lost_in_post":null,"other_logs":null,"out_stock_days":0,"lost_sales":0,"has_location":null,"update_date":"2026-03-16T00:34:40","atum_locations":[],"atum_stock_status":"onbackorder","restock_status":false,"low_stock_amount":"","sales_update_date":"2026-03-16T00:34:40","calc_backorders":0,"_links":{"self":[{"href":"https:\/\/revmatch.eu\/es\/wp-json\/wp\/v2\/product\/22792","targetHints":{"allow":["GET"]}}],"collection":[{"href":"https:\/\/revmatch.eu\/es\/wp-json\/wp\/v2\/product"}],"about":[{"href":"https:\/\/revmatch.eu\/es\/wp-json\/wp\/v2\/types\/product"}],"version-history":[{"count":0,"href":"https:\/\/revmatch.eu\/es\/wp-json\/wp\/v2\/product\/22792\/revisions"}],"wp:featuredmedia":[{"embeddable":true,"href":"https:\/\/revmatch.eu\/es\/wp-json\/wp\/v2\/media\/23159"}],"wp:attachment":[{"href":"https:\/\/revmatch.eu\/es\/wp-json\/wp\/v2\/media?parent=22792"}],"wp:term":[{"taxonomy":"product_brand","embeddable":true,"href":"https:\/\/revmatch.eu\/es\/wp-json\/wp\/v2\/product_brand?post=22792"},{"taxonomy":"product_cat","embeddable":true,"href":"https:\/\/revmatch.eu\/es\/wp-json\/wp\/v2\/product_cat?post=22792"},{"taxonomy":"product_tag","embeddable":true,"href":"https:\/\/revmatch.eu\/es\/wp-json\/wp\/v2\/product_tag?post=22792"}],"curies":[{"name":"wp","href":"https:\/\/api.w.org\/{rel}","templated":true}]}}