{"id":2382,"date":"2023-04-15T10:41:00","date_gmt":"2023-04-15T09:41:00","guid":{"rendered":"http:\/\/revmatch.eu\/?post_type=product&#038;p=2382"},"modified":"2025-12-11T00:04:52","modified_gmt":"2025-12-10T23:04:52","slug":"levas-de-cambio-magneticas-bmw","status":"publish","type":"product","link":"https:\/\/revmatch.eu\/es\/product\/bmw-magnetic-paddle-shifters\/","title":{"rendered":"Levas Magn\u00e9ticas BMW"},"content":{"rendered":"<p>Presentamos nuestras revolucionarias paletas de cambio magn\u00e9ticas, dise\u00f1adas para mejorar la experiencia de cambio de su veh\u00edculo y brindar una conducci\u00f3n m\u00e1s receptiva y satisfactoria. Fabricadas con precisi\u00f3n a partir de aluminio anodizado negro 6061 CNC, estas palancas de cambio est\u00e1n dise\u00f1adas para durar. Con paletas de fibra de carbono de 3 mm, combinan durabilidad y estilo a la perfecci\u00f3n.<\/p>\n<p>El mecanismo magn\u00e9tico que permite cambios suaves y precisos, elevando su experiencia de conducci\u00f3n a nuevas alturas. Con los imanes m\u00e1s potentes incluidos, puedes personalizar f\u00e1cilmente los comentarios de prensa a tu gusto. Adem\u00e1s, la distancia de recorrido se puede ajustar para turnos m\u00e1s cortos o m\u00e1s largos. Las levas de fibra de carbono ofrecen dos posiciones, lo que permite ajustar su proximidad al borde del volante, garantizando un confort y una ergonom\u00eda \u00f3ptimos.<\/p>\n<p>La instalaci\u00f3n es muy sencilla, est\u00e1n dise\u00f1ados como un reemplazo directo de sus paletas de cambio OEM, eliminando la necesidad de retirar componentes.<\/p>\n<p>Experimente un viaje m\u00e1s agradable con una audibilidad mejorada y respuesta instant\u00e1nea al presionar proporcionada por nuestras paletas de cambio magn\u00e9ticas. Tenemos tanta confianza en su calidad que ofrecemos una garant\u00eda de por vida contra defectos de producci\u00f3n en todos los componentes.<\/p>\n<p>\u00a1Lleva la construcci\u00f3n de tu veh\u00edculo al siguiente nivel hoy!<\/p>","protected":false},"excerpt":{"rendered":"<p>Mejore la experiencia de cambios de su veh\u00edculo con nuestras paletas de cambio magn\u00e9ticas dise\u00f1adas con precisi\u00f3n. Fabricadas con duradero aluminio anodizado negro CNC 6061 y paletas de fibra de carbono de 3 mm, estas palancas de cambio brindan un cambio suave y limpio para una experiencia de conducci\u00f3n m\u00e1s receptiva y agresiva. Con la capacidad de cambiar r\u00e1pidamente los imanes para obtener una respuesta de presi\u00f3n m\u00e1s fuerte y ajustar la distancia de recorrido y las posiciones de las paletas, nuestro kit completo es un reemplazo directo para sus paletas de cambio OEM. Disfrute de la respuesta instant\u00e1nea y audible de la prensa y mejore su experiencia de conducci\u00f3n hoy con nuestras paletas de cambio magn\u00e9ticas. Adem\u00e1s, nuestra garant\u00eda de por vida por defectos de producci\u00f3n garantiza la calidad de nuestro producto. \u00a1Lleva tu construcci\u00f3n al siguiente nivel con nosotros ahora!<\/p>","protected":false},"featured_media":20742,"template":"","meta":{"_crdt_document":"","inline_featured_image":false},"product_brand":[],"product_cat":[74,184],"product_tag":[89],"class_list":{"0":"post-2382","1":"product","2":"type-product","3":"status-publish","4":"has-post-thumbnail","6":"product_cat-magnetic-paddle-shifters","7":"product_cat-revmatch","8":"product_tag-best-sellers","10":"first","11":"onbackorder","12":"taxable","13":"shipping-taxable","14":"purchasable","15":"product-type-variable"},"supplier_id":null,"supplier_sku":"","barcode":null,"atum_controlled":true,"out_stock_date":null,"out_stock_threshold":null,"inheritable":false,"inbound_stock":0,"stock_on_hold":1,"sold_today":1,"sales_last_days":1,"reserved_stock":0,"customer_returns":0,"warehouse_damage":0,"lost_in_post":0,"other_logs":0,"out_stock_days":null,"lost_sales":0,"has_location":false,"update_date":"2026-01-19T10:51:55","atum_locations":[],"atum_stock_status":"onbackorder","restock_status":false,"low_stock_amount":"","sales_update_date":"2026-01-19T10:51:55","calc_backorders":null,"_links":{"self":[{"href":"https:\/\/revmatch.eu\/es\/wp-json\/wp\/v2\/product\/2382","targetHints":{"allow":["GET"]}}],"collection":[{"href":"https:\/\/revmatch.eu\/es\/wp-json\/wp\/v2\/product"}],"about":[{"href":"https:\/\/revmatch.eu\/es\/wp-json\/wp\/v2\/types\/product"}],"version-history":[{"count":0,"href":"https:\/\/revmatch.eu\/es\/wp-json\/wp\/v2\/product\/2382\/revisions"}],"wp:featuredmedia":[{"embeddable":true,"href":"https:\/\/revmatch.eu\/es\/wp-json\/wp\/v2\/media\/20742"}],"wp:attachment":[{"href":"https:\/\/revmatch.eu\/es\/wp-json\/wp\/v2\/media?parent=2382"}],"wp:term":[{"taxonomy":"product_brand","embeddable":true,"href":"https:\/\/revmatch.eu\/es\/wp-json\/wp\/v2\/product_brand?post=2382"},{"taxonomy":"product_cat","embeddable":true,"href":"https:\/\/revmatch.eu\/es\/wp-json\/wp\/v2\/product_cat?post=2382"},{"taxonomy":"product_tag","embeddable":true,"href":"https:\/\/revmatch.eu\/es\/wp-json\/wp\/v2\/product_tag?post=2382"}],"curies":[{"name":"wp","href":"https:\/\/api.w.org\/{rel}","templated":true}]}}