{"id":2473,"date":"2020-05-11T11:08:05","date_gmt":"2020-05-11T11:08:05","guid":{"rendered":"http:\/\/revmatch.eu\/?post_type=product&#038;p=2473"},"modified":"2025-01-25T14:29:16","modified_gmt":"2025-01-25T13:29:16","slug":"two-piece-floating-brake-disc","status":"publish","type":"product","link":"https:\/\/revmatch.eu\/es\/product\/two-piece-floating-brake-disc\/","title":{"rendered":"Discos de freno flotantes de dos piezas"},"content":{"rendered":"<p>Experimente un rendimiento de frenado superior con nuestros discos de freno flotantes de dos piezas, disponibles en tres patrones diferentes para adaptarse a sus necesidades de conducci\u00f3n.<\/p>\n<p>Nuestro patr\u00f3n J Hook proporciona lo \u00faltimo en potencia de frenado, mientras que el patr\u00f3n de drag\u00f3n logra el equilibrio perfecto entre rendimiento y comodidad para los conductores que exigen un frenado de m\u00e1xima calidad sin sacrificar la comodidad. Para los conductores diarios que ocasionalmente salen a la pista, nuestro patr\u00f3n ranurado es la elecci\u00f3n perfecta.<\/p>\n<p>Fabricados \u00fanicamente con materiales de la m\u00e1s alta calidad, nuestros discos de freno ofrecen una disipaci\u00f3n de calor excepcional. Nuestros discos de freno f\u00e1ciles de instalar son compatibles con la mayor\u00eda de las pinzas de freno y se pueden personalizar para que coincidan con el estilo de su autom\u00f3vil.<\/p>\n<p>Nuestro innovador dise\u00f1o flotante permite una mejor alineaci\u00f3n y evita deformaciones o grietas, lo que garantiza un rendimiento de frenado constante.<\/p>\n<p>Elija el patr\u00f3n que mejor se adapte a su estilo de conducci\u00f3n y experimente lo \u00faltimo en potencia de frenado y manejo con nuestros discos de freno flotantes de dos piezas.<\/p>\n<p><strong>Los discos se venden por pares. No se pueden vender individualmente.<\/strong><\/p>\n<p><strong>Todos nuestros kits tienen un plazo de entrega de 3 a 6 semanas dependiendo de la personalizaci\u00f3n y del coche. Esto se debe a que necesitamos dise\u00f1ar, mecanizar y probar cada pieza.<\/strong><\/p>\n<div id=\"gtx-trans\" style=\"position: absolute; left: 946px; top: 179.828px;\">\n<div class=\"gtx-trans-icon\"><\/div>\n<\/div>","protected":false},"excerpt":{"rendered":"<p>Mejore el rendimiento de frenado de su autom\u00f3vil con nuestros discos de freno flotantes de dos piezas. Elija entre tres patrones: gancho en J para m\u00e1xima potencia de frenado, patr\u00f3n de drag\u00f3n para un frenado de m\u00e1xima calidad sin sacrificar la comodidad o patr\u00f3n ranurado para conductores diarios que ocasionalmente salen a la pista. Nuestros discos de freno de primera calidad est\u00e1n dise\u00f1ados para una disipaci\u00f3n de calor superior, lo que garantiza un rendimiento de frenado constante. F\u00e1ciles de instalar y personalizables, nuestros discos de freno flotantes de dos piezas son la actualizaci\u00f3n perfecta para cualquier autom\u00f3vil.<\/p>\n<div id=\"gtx-trans\" style=\"position: absolute; left: -6px; top: 102.141px;\">\n<div class=\"gtx-trans-icon\"><\/div>\n<\/div>","protected":false},"featured_media":21784,"template":"","meta":{"_crdt_document":"","inline_featured_image":false},"product_brand":[],"product_cat":[344,73,184],"product_tag":[89],"class_list":{"0":"post-2473","1":"product","2":"type-product","3":"status-publish","4":"has-post-thumbnail","6":"product_cat-brake-discs","7":"product_cat-bbk","8":"product_cat-revmatch","9":"product_tag-best-sellers","11":"first","12":"onbackorder","13":"taxable","14":"shipping-taxable","15":"purchasable","16":"product-type-variable"},"supplier_id":null,"supplier_sku":"","barcode":null,"atum_controlled":true,"out_stock_date":null,"out_stock_threshold":null,"inheritable":true,"inbound_stock":null,"stock_on_hold":null,"sold_today":null,"sales_last_days":null,"reserved_stock":null,"customer_returns":null,"warehouse_damage":null,"lost_in_post":null,"other_logs":null,"out_stock_days":null,"lost_sales":null,"has_location":false,"update_date":"2025-01-25T13:29:24","atum_locations":[],"atum_stock_status":"onbackorder","restock_status":false,"low_stock_amount":"","sales_update_date":null,"calc_backorders":-2,"_links":{"self":[{"href":"https:\/\/revmatch.eu\/es\/wp-json\/wp\/v2\/product\/2473","targetHints":{"allow":["GET"]}}],"collection":[{"href":"https:\/\/revmatch.eu\/es\/wp-json\/wp\/v2\/product"}],"about":[{"href":"https:\/\/revmatch.eu\/es\/wp-json\/wp\/v2\/types\/product"}],"version-history":[{"count":0,"href":"https:\/\/revmatch.eu\/es\/wp-json\/wp\/v2\/product\/2473\/revisions"}],"wp:featuredmedia":[{"embeddable":true,"href":"https:\/\/revmatch.eu\/es\/wp-json\/wp\/v2\/media\/21784"}],"wp:attachment":[{"href":"https:\/\/revmatch.eu\/es\/wp-json\/wp\/v2\/media?parent=2473"}],"wp:term":[{"taxonomy":"product_brand","embeddable":true,"href":"https:\/\/revmatch.eu\/es\/wp-json\/wp\/v2\/product_brand?post=2473"},{"taxonomy":"product_cat","embeddable":true,"href":"https:\/\/revmatch.eu\/es\/wp-json\/wp\/v2\/product_cat?post=2473"},{"taxonomy":"product_tag","embeddable":true,"href":"https:\/\/revmatch.eu\/es\/wp-json\/wp\/v2\/product_tag?post=2473"}],"curies":[{"name":"wp","href":"https:\/\/api.w.org\/{rel}","templated":true}]}}