{"id":30266,"date":"2023-05-23T09:51:56","date_gmt":"2023-05-23T08:51:56","guid":{"rendered":"http:\/\/revmatch.eu\/product\/pagid-street-t8123sp2001\/"},"modified":"2023-07-11T21:04:56","modified_gmt":"2023-07-11T20:04:56","slug":"pagid-street-t8123sp2001","status":"publish","type":"product","link":"https:\/\/revmatch.eu\/es\/product\/pagid-street-t8123sp2001\/","title":{"rendered":"Calle Pagid+ \u2013 T8123SP2001"},"content":{"rendered":"<p><strong>T8123<\/strong><\/p>\n<p>&nbsp;<br \/>\nSTREET+ de PAGID Racing presenta caracter\u00edsticas deportivas y polivalentes para tranv\u00edas. Este desarrollo de compuestos dedicado mantiene un alto nivel de rendimiento constante en un amplio rango de temperaturas.<br \/>\n&nbsp;<\/p>\n<p>Compatible con:<br \/>\n&nbsp;<\/p>\n<details>\n<summary>Land Rover:<\/summary>\n<p>DEFENDER Station Wagon (L663) D200 MHEV 4\u00d74:<\/p>\n<ul>\n<li>CV\/KW: 200 \/ 147<\/li>\n<li>CONSTRUCCI\u00d3N (A\u00d1O): 09\/19<\/li>\n<li>POSICI\u00d3N: TRASERA<\/li>\n<\/ul>\n<p>DEFENDER Station Wagon (L663) D200 SD4 4\u00d74:<\/p>\n<ul>\n<li>CV\/KW: 200 \/ 147<\/li>\n<li>CONSTRUCCI\u00d3N (A\u00d1O): 09\/19<\/li>\n<li>POSICI\u00d3N: TRASERA<\/li>\n<\/ul>\n<p>DEFENDER Station Wagon (L663) D240 SD4 4\u00d74:<\/p>\n<ul>\n<li>CV\/KW: 241 \/ 177<\/li>\n<li>CONSTRUCCI\u00d3N (A\u00d1O): 09\/19<\/li>\n<li>POSICI\u00d3N: TRASERA<\/li>\n<\/ul>\n<p>DEFENDER Station Wagon (L663) D250 MHEV 4\u00d74:<\/p>\n<ul>\n<li>Potencia: 249\/183 CV<\/li>\n<li>CONSTRUCCI\u00d3N (A\u00d1O): 09\/20<\/li>\n<li>POSICI\u00d3N: TRASERA<\/li>\n<\/ul>\n<p>DEFENDER Station Wagon (L663) D300 MHEV 4\u00d74:<\/p>\n<ul>\n<li>CV\/KW: 300 \/ 221<\/li>\n<li>CONSTRUCCI\u00d3N (A\u00d1O): 09\/20<\/li>\n<li>POSICI\u00d3N: TRASERA<\/li>\n<\/ul>\n<p>DEFENDER Station Wagon (L663) P300 Si4 4\u00d74:<\/p>\n<ul>\n<li>CV\/KW: 300 \/ 221<\/li>\n<li>CONSTRUCCI\u00d3N (A\u00d1O): 09\/19<\/li>\n<li>POSICI\u00d3N: TRASERA<\/li>\n<\/ul>\n<p>DEFENDER Station Wagon (L663) P400 I6 MHEV 4\u00d74:<\/p>\n<ul>\n<li>Potencia\/kW: 400 \/ 294<\/li>\n<li>CONSTRUCCI\u00d3N (A\u00d1O): 09\/19<\/li>\n<li>POSICI\u00d3N: TRASERA<\/li>\n<\/ul>\n<p>DEFENDER Station Wagon (L663) P400e H\u00edbrido 4\u00d74:<\/p>\n<ul>\n<li>CV\/KW: 300 \/ 221<\/li>\n<li>CONSTRUCCI\u00d3N (A\u00d1O): 09\/20<\/li>\n<li>POSICI\u00d3N: TRASERA<\/li>\n<\/ul>\n<p>DEFENDER Station Wagon (L663) P400e H\u00edbrido 4\u00d74:<\/p>\n<ul>\n<li>Potencia: 404 \/ 297 CV<\/li>\n<li>CONSTRUCCI\u00d3N (A\u00d1O): 09\/20<\/li>\n<li>POSICI\u00d3N: TRASERA<\/li>\n<\/ul>\n<p>DEFENDER Station Wagon (L663) P525 4\u00d74:<\/p>\n<ul>\n<li>Potencia: 525 \/ 386 CV<\/li>\n<li>CONSTRUCCI\u00d3N (A\u00d1O): 05\/21<\/li>\n<li>POSICI\u00d3N: TRASERA<\/li>\n<\/ul>\n<p>Furgoneta DEFENDER (L663) 2.0 D200 SD4 4\u00d74:<\/p>\n<ul>\n<li>CV\/KW: 200 \/ 147<\/li>\n<li>CONSTRUCCI\u00d3N (A\u00d1O): 02\/20<\/li>\n<li>POSICI\u00d3N: TRASERA<\/li>\n<\/ul>\n<p>Furgoneta DEFENDER (L663) 2.0 D240 SD4 4\u00d74:<\/p>\n<ul>\n<li>CV\/KW: 241 \/ 177<\/li>\n<li>CONSTRUCCI\u00d3N (A\u00d1O): 02\/20<\/li>\n<li>POSICI\u00d3N: TRASERA<\/li>\n<\/ul>\n<p>Furgoneta DEFENDER (L663) 2.0 P300 Si4 4\u00d74:<\/p>\n<ul>\n<li>CV\/KW: 300 \/ 221<\/li>\n<li>CONSTRUCCI\u00d3N (A\u00d1O): 02\/20<\/li>\n<li>POSICI\u00d3N: TRASERA<\/li>\n<\/ul>\n<p>DEFENDER Furg\u00f3n (L663) 2.0 P400e H\u00edbrido 4\u00d74:<\/p>\n<ul>\n<li>CV\/KW: 300 \/ 221<\/li>\n<li>CONSTRUCCI\u00d3N (A\u00d1O): 09\/20<\/li>\n<li>POSICI\u00d3N: TRASERA<\/li>\n<\/ul>\n<p>DEFENDER Furg\u00f3n (L663) 2.0 P400e H\u00edbrido 4\u00d74:<\/p>\n<ul>\n<li>Potencia: 404 \/ 297 CV<\/li>\n<li>CONSTRUCCI\u00d3N (A\u00d1O): 09\/20<\/li>\n<li>POSICI\u00d3N: TRASERA<\/li>\n<\/ul>\n<p>Furgoneta DEFENDER (L663) 3.0 D200 MHEV 4\u00d74:<\/p>\n<ul>\n<li>CV\/KW: 200 \/ 147<\/li>\n<li>CONSTRUCCI\u00d3N (A\u00d1O): 09\/20<\/li>\n<li>POSICI\u00d3N: TRASERA<\/li>\n<\/ul>\n<p>Furgoneta DEFENDER (L663) 3.0 D250 MHEV 4\u00d74:<\/p>\n<ul>\n<li>Potencia: 249\/183 CV<\/li>\n<li>CONSTRUCCI\u00d3N (A\u00d1O): 09\/20<\/li>\n<li>POSICI\u00d3N: TRASERA<\/li>\n<\/ul>\n<p>Furgoneta DEFENDER (L663) 3.0 D300 MHEV 4\u00d74:<\/p>\n<ul>\n<li>CV\/KW: 300 \/ 221<\/li>\n<li>CONSTRUCCI\u00d3N (A\u00d1O): 09\/20<\/li>\n<li>POSICI\u00d3N: TRASERA<\/li>\n<\/ul>\n<p>Furgoneta DEFENDER (L663) 3.0 P400 I6 MHEV 4\u00d74:<\/p>\n<ul>\n<li>Potencia\/kW: 400 \/ 294<\/li>\n<li>CONSTRUCCI\u00d3N (A\u00d1O): 02\/20<\/li>\n<li>POSICI\u00d3N: TRASERA<\/li>\n<\/ul>\n<p>DESCUBRIMIENTO V (L462) 2.0 Sd4 4\u00d74:<\/p>\n<ul>\n<li>CV\/KW: 241 \/ 177<\/li>\n<li>CONSTRUCCI\u00d3N (A\u00d1O): 16\/09<\/li>\n<li>POSICI\u00d3N: TRASERA<\/li>\n<\/ul>\n<p>DESCUBRIMIENTO V (L462) 2.0 Si4 4\u00d74:<\/p>\n<ul>\n<li>CV\/KW: 300 \/ 221<\/li>\n<li>CONSTRUCCI\u00d3N (A\u00d1O): 17\/09<\/li>\n<li>POSICI\u00d3N: TRASERA<\/li>\n<\/ul>\n<p>DESCUBRIMIENTO V (L462) 2.0 Td4 4\u00d74:<\/p>\n<ul>\n<li>CV\/KW: 180 \/ 132<\/li>\n<li>CONSTRUCCI\u00d3N (A\u00d1O): 16\/09<\/li>\n<li>POSICI\u00d3N: TRASERA<\/li>\n<\/ul>\n<p>DESCUBRIMIENTO V (L462) 3.0 D 4\u00d74:<\/p>\n<ul>\n<li>CV\/KW: 211 \/ 155<\/li>\n<li>CONSTRUCCI\u00d3N (A\u00d1O): 16\/09<\/li>\n<li>POSICI\u00d3N: TRASERA<\/li>\n<\/ul>\n<p>DESCUBRIMIENTO V (L462) 3.0 D 4\u00d74:<\/p>\n<ul>\n<li>Potencia: 249\/183 CV<\/li>\n<li>CONSTRUCCI\u00d3N (A\u00d1O): 16\/09<\/li>\n<li>POSICI\u00d3N: TRASERA<\/li>\n<\/ul>\n<p>DESCUBRIMIENTO V (L462) 3.0 D250 MHEV 4\u00d74:<\/p>\n<ul>\n<li>Potencia: 249\/183 CV<\/li>\n<li>CONSTRUCCI\u00d3N (A\u00d1O): 12\/20<\/li>\n<li>POSICI\u00d3N: TRASERA<\/li>\n<\/ul>\n<p>DESCUBRIMIENTO V (L462) 3.0 D300 MHEV 4\u00d74:<\/p>\n<ul>\n<li>CV\/KW: 300 \/ 221<\/li>\n<li>CONSTRUCCI\u00d3N (A\u00d1O): 12\/20<\/li>\n<li>POSICI\u00d3N: TRASERA<\/li>\n<\/ul>\n<p>DESCUBRIMIENTO V (L462) 3.0 P360 MHEV 4\u00d74:<\/p>\n<ul>\n<li>Potencia\/kW: 360\/265<\/li>\n<li>CONSTRUCCI\u00d3N (A\u00d1O): 12\/20<\/li>\n<li>POSICI\u00d3N: TRASERA<\/li>\n<\/ul>\n<p>DESCUBRIMIENTO V (L462) 3.0 SCV6 4\u00d74:<\/p>\n<ul>\n<li>CV\/KW: 340 \/ 250<\/li>\n<li>CONSTRUCCI\u00d3N (A\u00d1O): 16\/09<\/li>\n<li>POSICI\u00d3N: TRASERA<\/li>\n<\/ul>\n<p>DESCUBRIMIENTO V (L462) 3.0 SDV6 4\u00d74:<\/p>\n<ul>\n<li>Potencia\/kW: 306 \/ 225<\/li>\n<li>CONSTRUCCI\u00d3N (A\u00d1O): 09\/18<\/li>\n<li>POSICI\u00d3N: TRASERA<\/li>\n<\/ul>\n<p>DESCUBRIMIENTO V (L462) 3.0 Td6 4\u00d74:<\/p>\n<ul>\n<li>CV\/KW: 258 \/ 190<\/li>\n<li>CONSTRUCCI\u00d3N (A\u00d1O): 16\/09<\/li>\n<li>POSICI\u00d3N: TRASERA<\/li>\n<\/ul>\n<p>FURGONETA DISCOVERY V (L462) 2.0 Sd4 4\u00d74:<\/p>\n<ul>\n<li>CV\/KW: 241 \/ 177<\/li>\n<li>CONSTRUCCI\u00d3N (A\u00d1O): 16\/09<\/li>\n<li>POSICI\u00d3N: TRASERA<\/li>\n<\/ul>\n<p>FURGONETA DISCOVERY V (L462) 2.0 Si4 4\u00d74:<\/p>\n<ul>\n<li>CV\/KW: 300 \/ 221<\/li>\n<li>CONSTRUCCI\u00d3N (A\u00d1O): 17\/09<\/li>\n<li>POSICI\u00d3N: TRASERA<\/li>\n<\/ul>\n<p>DISCOVERY V FURG\u00d3N (L462) 2.0 Td4 4\u00d74:<\/p>\n<ul>\n<li>CV\/KW: 179 \/ 132<\/li>\n<li>CONSTRUCCI\u00d3N (A\u00d1O): 09\/16\u219212\/18<\/li>\n<li>POSICI\u00d3N: TRASERA<\/li>\n<\/ul>\n<p>DISCOVERY V FURG\u00d3N (L462) 3.0 D300 MHEV 4\u00d74:<\/p>\n<ul>\n<li>CV\/KW: 300 \/ 221<\/li>\n<li>CONSTRUCCI\u00d3N (A\u00d1O): 12\/20<\/li>\n<li>POSICI\u00d3N: TRASERA<\/li>\n<\/ul>\n<p>FURGONETA DISCOVERY V (L462) 3.0 Scv6 4\u00d74:<\/p>\n<ul>\n<li>CV\/KW: 340 \/ 250<\/li>\n<li>CONSTRUCCI\u00d3N (A\u00d1O): 16\/09<\/li>\n<li>POSICI\u00d3N: TRASERA<\/li>\n<\/ul>\n<p>FURGONETA DISCOVERY V (L462) 3.0 Sdv6 4\u00d74:<\/p>\n<ul>\n<li>Potencia\/kW: 306 \/ 225<\/li>\n<li>CONSTRUCCI\u00d3N (A\u00d1O): 09\/18<\/li>\n<li>POSICI\u00d3N: TRASERA<\/li>\n<\/ul>\n<p>FURGONETA DISCOVERY V (L462) 3.0 Td6 4\u00d74:<\/p>\n<ul>\n<li>CV\/KW: 258 \/ 190<\/li>\n<li>CONSTRUCCI\u00d3N (A\u00d1O): 16\/09<\/li>\n<li>POSICI\u00d3N: TRASERA<\/li>\n<\/ul>\n<p>RANGE ROVER IV (L405) 2.0 P400e H\u00edbrido 4\u00d74:<\/p>\n<ul>\n<li>CV\/KW: 300 \/ 221<\/li>\n<li>CONSTRUCCI\u00d3N (A\u00d1O): 10\/17<\/li>\n<li>POSICI\u00d3N: TRASERA<\/li>\n<\/ul>\n<p>RANGE ROVER IV (L405) 2.0 P400e H\u00edbrido 4\u00d74:<\/p>\n<ul>\n<li>Potencia: 404 \/ 297 CV<\/li>\n<li>CONSTRUCCI\u00d3N (A\u00d1O): 10\/17<\/li>\n<li>POSICI\u00d3N: TRASERA<\/li>\n<\/ul>\n<p>RANGE ROVER IV (L405) 3.0 P400 4\u00d74:<\/p>\n<ul>\n<li>Potencia\/kW: 400 \/ 294<\/li>\n<li>CONSTRUCCI\u00d3N (A\u00d1O): 07\/20<\/li>\n<li>POSICI\u00d3N: TRASERA<\/li>\n<\/ul>\n<p>RANGE ROVER IV (L405) 3.0 P400 MHEV 4\u00d74:<\/p>\n<ul>\n<li>Potencia\/kW: 400 \/ 294<\/li>\n<li>CONSTRUCCI\u00d3N (A\u00d1O): 05\/19<\/li>\n<li>POSICI\u00d3N: TRASERA<\/li>\n<\/ul>\n<p>RANGE ROVER IV (L405) 3.0 SCV6 4\u00d74:<\/p>\n<ul>\n<li>CV\/KW: 340 \/ 250<\/li>\n<li>CONSTRUCCI\u00d3N (A\u00d1O): 10\/13<\/li>\n<li>POSICI\u00d3N: TRASERA<\/li>\n<\/ul>\n<p>RANGE ROVER IV (L405) 3.0 SCV6 4\u00d74:<\/p>\n<ul>\n<li>CV\/KW: 345 \/ 254<\/li>\n<li>CONSTRUCCI\u00d3N (A\u00d1O): 13\/09<\/li>\n<li>POSICI\u00d3N: TRASERA<\/li>\n<\/ul>\n<p>RANGE ROVER IV (L405) 3.0 SCV6 4\u00d74:<\/p>\n<ul>\n<li>Potencia\/kW: 380\/280<\/li>\n<li>CONSTRUCCI\u00d3N (A\u00d1O): 06\/15<\/li>\n<li>POSICI\u00d3N: TRASERA<\/li>\n<\/ul>\n<p>RANGE ROVER IV (L405) 3.0 SDV6 4\u00d74:<\/p>\n<ul>\n<li>Potencia\/kW: 247 \/ 182<\/li>\n<li>CONSTRUCCI\u00d3N (A\u00d1O): 12\/14<\/li>\n<li>POSICI\u00d3N: TRASERA<\/li>\n<\/ul>\n<p>RANGE ROVER IV (L405) 3.0 SDV6 4\u00d74:<\/p>\n<ul>\n<li>Potencia: 249\/183 CV<\/li>\n<li>CONSTRUCCI\u00d3N (A\u00d1O): 08\/12<\/li>\n<li>POSICI\u00d3N: TRASERA<\/li>\n<\/ul>\n<p>RANGE ROVER IV (L405) 3.0 SDV6 4\u00d74:<\/p>\n<ul>\n<li>CV\/KW: 275 \/ 202<\/li>\n<li>CONSTRUCCI\u00d3N (A\u00d1O): 18\/10<\/li>\n<li>POSICI\u00d3N: TRASERA<\/li>\n<\/ul>\n<p>RANGE ROVER IV (L405) 3.0 SDV6 4\u00d74:<\/p>\n<ul>\n<li>Potencia: 292 \/ 215 CV<\/li>\n<li>CONSTRUCCI\u00d3N (A\u00d1O): 10\/12<\/li>\n<li>POSICI\u00d3N: TRASERA<\/li>\n<\/ul>\n<p>RANGE ROVER IV (L405) 3.0 SDV6 H\u00edbrido 4\u00d74:<\/p>\n<ul>\n<li>Potencia: 292 \/ 215 CV<\/li>\n<li>CONSTRUCCI\u00d3N (A\u00d1O): 06\/15<\/li>\n<li>POSICI\u00d3N: TRASERA<\/li>\n<\/ul>\n<p>RANGE ROVER IV (L405) 3.0 SDV6 H\u00edbrido 4\u00d74:<\/p>\n<ul>\n<li>Potencia\/kW: 306 \/ 225<\/li>\n<li>CONSTRUCCI\u00d3N (A\u00d1O): 06\/15<\/li>\n<li>POSICI\u00d3N: TRASERA<\/li>\n<\/ul>\n<p>RANGE ROVER IV (L405) 3.0 SDV6 H\u00edbrido 4\u00d74:<\/p>\n<ul>\n<li>CV\/KW: 340 \/ 250<\/li>\n<li>CONSTRUCCI\u00d3N (A\u00d1O): 10\/13<\/li>\n<li>POSICI\u00d3N: TRASERA<\/li>\n<\/ul>\n<p>RANGE ROVER IV (L405) 3.0 TDV6 4\u00d74:<\/p>\n<ul>\n<li>CV\/KW: 211 \/ 155<\/li>\n<li>CONSTRUCCI\u00d3N (A\u00d1O): 10\/13<\/li>\n<li>POSICI\u00d3N: TRASERA<\/li>\n<\/ul>\n<p>RANGE ROVER IV (L405) 3.0 TDV6 4\u00d74:<\/p>\n<ul>\n<li>CV\/KW: 258 \/ 190<\/li>\n<li>CONSTRUCCI\u00d3N (A\u00d1O): 08\/12<\/li>\n<li>POSICI\u00d3N: TRASERA<\/li>\n<\/ul>\n<p>RANGE ROVER IV (L405) 4.4 SDV8 4\u00d74:<\/p>\n<ul>\n<li>CV\/KW: 313 \/ 230<\/li>\n<li>CONSTRUCCI\u00d3N (A\u00d1O): 08\/13<\/li>\n<li>POSICI\u00d3N: TRASERA<\/li>\n<\/ul>\n<p>RANGE ROVER IV (L405) 4.4 SDV8 4\u00d74:<\/p>\n<ul>\n<li>CV\/KW: 340 \/ 250<\/li>\n<li>CONSTRUCCI\u00d3N (A\u00d1O): 08\/12<\/li>\n<li>POSICI\u00d3N: TRASERA<\/li>\n<\/ul>\n<p>RANGE ROVER IV (L405) 4.4 SDV8 4\u00d74:<\/p>\n<ul>\n<li>CV\/KW: 344 \/ 253<\/li>\n<li>CONSTRUCCI\u00d3N (A\u00d1O): 08\/13<\/li>\n<li>POSICI\u00d3N: TRASERA<\/li>\n<\/ul>\n<p>RANGE ROVER IV (L405) 5.0 SCV8 4\u00d74:<\/p>\n<ul>\n<li>Potencia\/kW: 510 \/ 375<\/li>\n<li>CONSTRUCCI\u00d3N (A\u00d1O): 08\/12<\/li>\n<li>POSICI\u00d3N: TRASERA<\/li>\n<\/ul>\n<p>RANGE ROVER IV (L405) 5.0 SCV8 4\u00d74:<\/p>\n<ul>\n<li>CV\/KW: 517 \/ 380<\/li>\n<li>CONSTRUCCI\u00d3N (A\u00d1O): 08\/12<\/li>\n<li>POSICI\u00d3N: TRASERA<\/li>\n<\/ul>\n<p>RANGE ROVER IV (L405) 5.0 SCV8 4\u00d74:<\/p>\n<ul>\n<li>Potencia: 525 \/ 386 CV<\/li>\n<li>CONSTRUCCI\u00d3N (A\u00d1O): 11\/17<\/li>\n<li>POSICI\u00d3N: TRASERA<\/li>\n<\/ul>\n<p>RANGE ROVER IV (L405) 5.0 SCV8 4\u00d74:<\/p>\n<ul>\n<li>Potencia: 550\/405 CV<\/li>\n<li>CONSTRUCCI\u00d3N (A\u00d1O): 06\/15<\/li>\n<li>POSICI\u00d3N: TRASERA<\/li>\n<\/ul>\n<p>RANGE ROVER IV (L405) 5.0 SCV8 4\u00d74:<\/p>\n<ul>\n<li>Potencia: 566 \/ 416<\/li>\n<li>CONSTRUCCI\u00d3N (A\u00d1O): 11\/17<\/li>\n<li>POSICI\u00d3N: TRASERA<\/li>\n<\/ul>\n<p>RANGE ROVER IV (L405) 5.0 V8 4\u00d74:<\/p>\n<ul>\n<li>Potencia\/kW: 375\/276<\/li>\n<li>CONSTRUCCI\u00d3N (A\u00d1O): 12\/13<\/li>\n<li>POSICI\u00d3N: TRASERA<\/li>\n<\/ul>\n<p>RANGE ROVER IV (L405) D250 MHEV 4\u00d74:<\/p>\n<ul>\n<li>Potencia: 249\/183 CV<\/li>\n<li>CONSTRUCCI\u00d3N (A\u00d1O): 07\/20<\/li>\n<li>POSICI\u00d3N: TRASERA<\/li>\n<\/ul>\n<p>RANGE ROVER IV (L405) D300 4\u00d74:<\/p>\n<ul>\n<li>CV\/KW: 300 \/ 221<\/li>\n<li>CONSTRUCCI\u00d3N (A\u00d1O): 07\/20<\/li>\n<li>POSICI\u00d3N: TRASERA<\/li>\n<\/ul>\n<p>RANGE ROVER IV (L405) D300 MHEV 4\u00d74:<\/p>\n<ul>\n<li>CV\/KW: 300 \/ 221<\/li>\n<li>CONSTRUCCI\u00d3N (A\u00d1O): 07\/20<\/li>\n<li>POSICI\u00d3N: TRASERA<\/li>\n<\/ul>\n<p>RANGE ROVER IV (L405) D350 4\u00d74:<\/p>\n<ul>\n<li>Potencia\/kW: 351\/258<\/li>\n<li>CONSTRUCCI\u00d3N (A\u00d1O): 07\/20<\/li>\n<li>POSICI\u00d3N: TRASERA<\/li>\n<\/ul>\n<p>RANGE ROVER IV (L405) D350 MHEV 4\u00d74:<\/p>\n<ul>\n<li>Potencia\/kW: 351\/258<\/li>\n<li>CONSTRUCCI\u00d3N (A\u00d1O): 07\/20<\/li>\n<li>POSICI\u00d3N: TRASERA<\/li>\n<\/ul>\n<p>RANGE ROVER IV (L405) P360 MHEV 4\u00d74:<\/p>\n<ul>\n<li>Potencia\/kW: 360\/265<\/li>\n<li>CONSTRUCCI\u00d3N (A\u00d1O): 12\/19<\/li>\n<li>POSICI\u00d3N: TRASERA<\/li>\n<\/ul>\n<p>RANGE ROVER IV (L405) SCV8 4\u00d74:<\/p>\n<ul>\n<li>Potencia: 565\/415 CV<\/li>\n<li>CONSTRUCCI\u00d3N (A\u00d1O): 01\/19<\/li>\n<li>POSICI\u00d3N: TRASERA<\/li>\n<\/ul>\n<p>RANGE ROVER SPORT II (L494) 2.0 GTDI 4\u00d74:<\/p>\n<ul>\n<li>CV\/KW: 241 \/ 177<\/li>\n<li>CONSTRUCCI\u00d3N (A\u00d1O): 10\/15<\/li>\n<li>POSICI\u00d3N: TRASERA<\/li>\n<\/ul>\n<p>RANGE ROVER SPORT II (L494) 2.0 P400e PHEV 4\u00d74:<\/p>\n<ul>\n<li>CV\/KW: 300 \/ 221<\/li>\n<li>CONSTRUCCI\u00d3N (A\u00d1O): 10\/17<\/li>\n<li>POSICI\u00d3N: TRASERA<\/li>\n<\/ul>\n<p>RANGE ROVER SPORT II (L494) 2.0 P400e PHEV 4\u00d74:<\/p>\n<ul>\n<li>Potencia: 404 \/ 297 CV<\/li>\n<li>CONSTRUCCI\u00d3N (A\u00d1O): 10\/17<\/li>\n<li>POSICI\u00d3N: TRASERA<\/li>\n<\/ul>\n<p>RANGE ROVER SPORT II (L494) 2.0 SD4 4\u00d74:<\/p>\n<ul>\n<li>CV\/KW: 241 \/ 177<\/li>\n<li>CONSTRUCCI\u00d3N (A\u00d1O): 08\/16<\/li>\n<li>POSICI\u00d3N: TRASERA<\/li>\n<\/ul>\n<p>RANGE ROVER SPORT II (L494) 2.0 Si4 4\u00d74:<\/p>\n<ul>\n<li>CV\/KW: 300 \/ 221<\/li>\n<li>CONSTRUCCI\u00d3N (A\u00d1O): 10\/17<\/li>\n<li>POSICI\u00d3N: TRASERA<\/li>\n<\/ul>\n<p>RANGE ROVER SPORT II (L494) 3.0 D250 4\u00d74:<\/p>\n<ul>\n<li>Potencia: 249\/183 CV<\/li>\n<li>CONSTRUCCI\u00d3N (A\u00d1O): 07\/20<\/li>\n<li>POSICI\u00d3N: TRASERA<\/li>\n<\/ul>\n<p>RANGE ROVER SPORT II (L494) 3.0 D250 MHEV 4\u00d74:<\/p>\n<ul>\n<li>Potencia: 249\/183 CV<\/li>\n<li>CONSTRUCCI\u00d3N (A\u00d1O): 07\/20<\/li>\n<li>POSICI\u00d3N: TRASERA<\/li>\n<\/ul>\n<p>RANGE ROVER SPORT II (L494) 3.0 D300 4\u00d74:<\/p>\n<ul>\n<li>CV\/KW: 300 \/ 221<\/li>\n<li>CONSTRUCCI\u00d3N (A\u00d1O): 07\/20<\/li>\n<li>POSICI\u00d3N: TRASERA<\/li>\n<\/ul>\n<p>RANGE ROVER SPORT II (L494) 3.0 D300 MHEV 4\u00d74:<\/p>\n<ul>\n<li>CV\/KW: 300 \/ 221<\/li>\n<li>CONSTRUCCI\u00d3N (A\u00d1O): 07\/20<\/li>\n<li>POSICI\u00d3N: TRASERA<\/li>\n<\/ul>\n<p>RANGE ROVER SPORT II (L494) 3.0 D350 4\u00d74:<\/p>\n<ul>\n<li>Potencia\/kW: 351\/258<\/li>\n<li>CONSTRUCCI\u00d3N (A\u00d1O): 07\/20<\/li>\n<li>POSICI\u00d3N: TRASERA<\/li>\n<\/ul>\n<p>RANGE ROVER SPORT II (L494) 3.0 D350 MHEV 4\u00d74:<\/p>\n<ul>\n<li>Potencia\/kW: 351\/258<\/li>\n<li>CONSTRUCCI\u00d3N (A\u00d1O): 07\/20<\/li>\n<li>POSICI\u00d3N: TRASERA<\/li>\n<\/ul>\n<p>RANGE ROVER SPORT II (L494) 3.0 P360 MHEV 4\u00d74:<\/p>\n<ul>\n<li>Potencia\/kW: 360\/265<\/li>\n<li>CONSTRUCCI\u00d3N (A\u00d1O): 06\/19<\/li>\n<li>POSICI\u00d3N: TRASERA<\/li>\n<\/ul>\n<p>RANGE ROVER SPORT II (L494) 3.0 P400 MHEV 4\u00d74:<\/p>\n<ul>\n<li>Potencia\/kW: 400 \/ 294<\/li>\n<li>CONSTRUCCI\u00d3N (A\u00d1O): 02\/19<\/li>\n<li>POSICI\u00d3N: TRASERA<\/li>\n<\/ul>\n<p>RANGE ROVER SPORT II (L494) 3.0 SCV6 4\u00d74:<\/p>\n<ul>\n<li>CV\/KW: 340 \/ 250<\/li>\n<li>CONSTRUCCI\u00d3N (A\u00d1O): 04\/13\u219212\/19<\/li>\n<li>POSICI\u00d3N: TRASERA<\/li>\n<\/ul>\n<p>RANGE ROVER SPORT II (L494) 3.0 SCV6 4\u00d74:<\/p>\n<ul>\n<li>CV\/KW: 345 \/ 254<\/li>\n<li>CONSTRUCCI\u00d3N (A\u00d1O): 14\/01\u219219\/12<\/li>\n<li>POSICI\u00d3N: TRASERA<\/li>\n<\/ul>\n<p>RANGE ROVER SPORT II (L494) 3.0 SCV6 4\u00d74:<\/p>\n<ul>\n<li>Potencia\/kW: 380\/280<\/li>\n<li>CONSTRUCCI\u00d3N (A\u00d1O): 15\/06\u219218\/12<\/li>\n<li>POSICI\u00d3N: TRASERA<\/li>\n<\/ul>\n<p>RANGE ROVER SPORT II (L494) 3.0 SDV6 4\u00d74:<\/p>\n<ul>\n<li>Potencia: 249\/183 CV<\/li>\n<li>CONSTRUCCI\u00d3N (A\u00d1O): 04\/13<\/li>\n<li>POSICI\u00d3N: TRASERA<\/li>\n<\/ul>\n<p>RANGE ROVER SPORT II (L494) 3.0 SDV6 4\u00d74:<\/p>\n<ul>\n<li>Potencia: 292 \/ 215 CV<\/li>\n<li>CONSTRUCCI\u00d3N (A\u00d1O): 04\/13\u219212\/16<\/li>\n<li>POSICI\u00d3N: TRASERA<\/li>\n<\/ul>\n<p>RANGE ROVER SPORT II (L494) 3.0 SDV6 4\u00d74:<\/p>\n<ul>\n<li>Potencia\/kW: 306 \/ 225<\/li>\n<li>CONSTRUCCI\u00d3N (A\u00d1O): 09\/14<\/li>\n<li>POSICI\u00d3N: TRASERA<\/li>\n<\/ul>\n<p>RANGE ROVER SPORT II (L494) 3.0 SDV6 H\u00edbrido 4\u00d74:<\/p>\n<ul>\n<li>Potencia: 292 \/ 215 CV<\/li>\n<li>CONSTRUCCI\u00d3N (A\u00d1O): 14\/12\u219217\/12<\/li>\n<li>POSICI\u00d3N: TRASERA<\/li>\n<\/ul>\n<p>RANGE ROVER SPORT II (L494) 3.0 SDV6 H\u00edbrido 4\u00d74:<\/p>\n<ul>\n<li>Potencia\/kW: 306 \/ 225<\/li>\n<li>CONSTRUCCI\u00d3N (A\u00d1O): 15\/06\u219217\/12<\/li>\n<li>POSICI\u00d3N: TRASERA<\/li>\n<\/ul>\n<p>RANGE ROVER SPORT II (L494) 3.0 SDV6 H\u00edbrido 4\u00d74:<\/p>\n<ul>\n<li>CV\/KW: 340 \/ 250<\/li>\n<li>CONSTRUCCI\u00d3N (A\u00d1O): 10\/13<\/li>\n<li>POSICI\u00d3N: TRASERA<\/li>\n<\/ul>\n<p>RANGE ROVER SPORT II (L494) 3.0 TDV6 4\u00d74:<\/p>\n<ul>\n<li>CV\/KW: 211 \/ 155<\/li>\n<li>CONSTRUCCI\u00d3N (A\u00d1O): 04\/13\u219212\/18<\/li>\n<li>POSICI\u00d3N: TRASERA<\/li>\n<\/ul>\n<p>RANGE ROVER SPORT II (L494) 3.0 TDV6 4\u00d74:<\/p>\n<ul>\n<li>CV\/KW: 258 \/ 190<\/li>\n<li>CONSTRUCCI\u00d3N (A\u00d1O): 04\/13<\/li>\n<li>POSICI\u00d3N: TRASERA<\/li>\n<\/ul>\n<p>RANGE ROVER SPORT II (L494) 4.4 SDV8 4\u00d74:<\/p>\n<ul>\n<li>CV\/KW: 340 \/ 250<\/li>\n<li>CONSTRUCCI\u00d3N (A\u00d1O): 10\/13<\/li>\n<li>POSICI\u00d3N: TRASERA<\/li>\n<\/ul>\n<p>RANGE ROVER SPORT II (L494) 5.0 SCV8 4\u00d74:<\/p>\n<ul>\n<li>Potencia\/kW: 510 \/ 375<\/li>\n<li>CONSTRUCCI\u00d3N (A\u00d1O): 04\/13\u219212\/18<\/li>\n<li>POSICI\u00d3N: TRASERA<\/li>\n<\/ul>\n<p>RANGE ROVER SPORT II (L494) 5.0 SCV8 4\u00d74:<\/p>\n<ul>\n<li>Potencia\/kW: 518 \/ 381<\/li>\n<li>CONSTRUCCI\u00d3N (A\u00d1O): 01\/14<\/li>\n<li>POSICI\u00d3N: TRASERA<\/li>\n<\/ul>\n<p>RANGE ROVER SPORT II (L494) 5.0 SCV8 4\u00d74:<\/p>\n<ul>\n<li>Potencia: 525 \/ 386 CV<\/li>\n<li>CONSTRUCCI\u00d3N (A\u00d1O): 11\/17<\/li>\n<li>POSICI\u00d3N: TRASERA<\/li>\n<\/ul>\n<p>RANGE ROVER SPORT II (L494) 5.0 SCV8 4\u00d74:<\/p>\n<ul>\n<li>Potencia: 550\/405 CV<\/li>\n<li>CONSTRUCCI\u00d3N (A\u00d1O): 01\/14\u219212\/18<\/li>\n<li>POSICI\u00d3N: TRASERA<\/li>\n<\/ul>\n<p>RANGE ROVER SPORT II (L494) 5.0 SCV8 4\u00d74:<\/p>\n<ul>\n<li>Potencia: 575 \/ 423 CV<\/li>\n<li>CONSTRUCCI\u00d3N (A\u00d1O): 11\/17<\/li>\n<li>POSICI\u00d3N: TRASERA<\/li>\n<\/ul>\n<\/details>","protected":false},"excerpt":{"rendered":"<p><strong>T8123<\/strong><\/p>\n<p>&nbsp;<br \/>\nSTREET+ de PAGID Racing presenta caracter\u00edsticas deportivas y polivalentes para tranv\u00edas. Este desarrollo de compuestos dedicado mantiene un alto nivel de rendimiento constante en un amplio rango de temperaturas.<br \/>\n&nbsp;<\/p>","protected":false},"featured_media":30265,"template":"","meta":{"_crdt_document":"","inline_featured_image":false},"product_brand":[],"product_cat":[116],"product_tag":[],"class_list":{"0":"post-30266","1":"product","2":"type-product","3":"status-publish","4":"has-post-thumbnail","6":"product_cat-brake-pads","8":"first","9":"instock","10":"taxable","11":"shipping-taxable","12":"purchasable","13":"product-type-simple"},"supplier_id":null,"supplier_sku":"","barcode":null,"atum_controlled":true,"out_stock_date":null,"out_stock_threshold":null,"inheritable":false,"inbound_stock":null,"stock_on_hold":null,"sold_today":null,"sales_last_days":null,"reserved_stock":null,"customer_returns":null,"warehouse_damage":null,"lost_in_post":null,"other_logs":null,"out_stock_days":null,"lost_sales":null,"has_location":null,"update_date":null,"atum_locations":[],"atum_stock_status":"instock","restock_status":false,"low_stock_amount":"","sales_update_date":null,"calc_backorders":null,"_links":{"self":[{"href":"https:\/\/revmatch.eu\/es\/wp-json\/wp\/v2\/product\/30266","targetHints":{"allow":["GET"]}}],"collection":[{"href":"https:\/\/revmatch.eu\/es\/wp-json\/wp\/v2\/product"}],"about":[{"href":"https:\/\/revmatch.eu\/es\/wp-json\/wp\/v2\/types\/product"}],"version-history":[{"count":0,"href":"https:\/\/revmatch.eu\/es\/wp-json\/wp\/v2\/product\/30266\/revisions"}],"wp:featuredmedia":[{"embeddable":true,"href":"https:\/\/revmatch.eu\/es\/wp-json\/wp\/v2\/media\/30265"}],"wp:attachment":[{"href":"https:\/\/revmatch.eu\/es\/wp-json\/wp\/v2\/media?parent=30266"}],"wp:term":[{"taxonomy":"product_brand","embeddable":true,"href":"https:\/\/revmatch.eu\/es\/wp-json\/wp\/v2\/product_brand?post=30266"},{"taxonomy":"product_cat","embeddable":true,"href":"https:\/\/revmatch.eu\/es\/wp-json\/wp\/v2\/product_cat?post=30266"},{"taxonomy":"product_tag","embeddable":true,"href":"https:\/\/revmatch.eu\/es\/wp-json\/wp\/v2\/product_tag?post=30266"}],"curies":[{"name":"wp","href":"https:\/\/api.w.org\/{rel}","templated":true}]}}