{"id":30972,"date":"2023-05-23T11:20:52","date_gmt":"2023-05-23T10:20:52","guid":{"rendered":"http:\/\/revmatch.eu\/product\/ferodo-racing-ds2500-fcp116h\/"},"modified":"2024-06-12T22:06:59","modified_gmt":"2024-06-12T21:06:59","slug":"ferodo-racing-ds2500-fcp116h","status":"publish","type":"product","link":"https:\/\/revmatch.eu\/es\/product\/ferodo-racing-ds2500-fcp116h\/","title":{"rendered":"Ferodo Racing DS2500 \u2013 FCP116H"},"content":{"rendered":"<p><strong>FCP116<\/strong><\/p>\n<p>\n<b>Compuesto: DS2500 <\/b><br \/>SIN CERTIFICACI\u00d3N R90 <a data-boundary=\"window\" data-toggle=\"tooltip\" data-trigger=\"hover focus click\" style=\"color:red;cursor:pointer\" title=\"Este compuesto no est\u00e1 recomendado para uso en carretera en aquellos pa\u00edses que requieren certificaci\u00f3n R90.\"><br \/>\n<i class=\"fas fa-info-circle\"><\/i><br \/>\n<\/a><br \/>Para: D\u00eda de pista, uso ligero en carreras, GT trasero<br \/>Temperatura de funcionamiento \u00f3ptima: 0\u00b0 a 500\u00b0C\n                                                                                                                                            <\/p>\n<p>&nbsp;<\/p>\n<p>Compatible con:<br \/>\n&nbsp;<\/p>\n<details>\n<summary>ALFA ROMEO<\/summary>\n<p>Alfetta 2.5 GTV6:<\/p>\n<ul>\n<li>kilovatios: 116<\/li>\n<li>DESDE &gt; HASTA: 1980 &gt; 1983<\/li>\n<li>POSICI\u00d3N: DELANTERO<\/li>\n<\/ul>\n<p>Versi\u00f3n 2.5:<\/p>\n<ul>\n<li>kilovatios: 110<\/li>\n<li>DESDE &gt; HASTA: 1979 &gt; 1987<\/li>\n<li>POSICI\u00d3N: DELANTERO<\/li>\n<\/ul>\n<\/details>\n<details>\n<summary>BMW<\/summary>\n<p>3 (E21) 315:<\/p>\n<ul>\n<li>kilovatios: 55<\/li>\n<li>DESDE &gt; HASTA: 1981 &gt; 1984<\/li>\n<li>POSICI\u00d3N: DELANTERO<\/li>\n<\/ul>\n<p>3 (E21) 320\/6:<\/p>\n<ul>\n<li>kilovatios: 90<\/li>\n<li>DESDE &gt; HASTA: 1975 &gt; 1982<\/li>\n<li>POSICI\u00d3N: DELANTERO<\/li>\n<\/ul>\n<p>3 (E21) 320:<\/p>\n<ul>\n<li>kilovatios: 80<\/li>\n<li>DESDE &gt; HASTA: 1975 &gt; 1977<\/li>\n<li>POSICI\u00d3N: DELANTERO<\/li>\n<\/ul>\n<p>3 (E21) 320i:<\/p>\n<ul>\n<li>kilovatios: 92<\/li>\n<li>DESDE &gt; HASTA: 1975 &gt; 1982<\/li>\n<li>POSICI\u00d3N: DELANTERO<\/li>\n<\/ul>\n<p>3 (E21) 323i:<\/p>\n<ul>\n<li>kilovatios: 105<\/li>\n<li>DESDE &gt; HASTA: 1978 &gt; 1982<\/li>\n<li>POSICI\u00d3N: DELANTERO<\/li>\n<\/ul>\n<\/details>\n<details>\n<summary>LOTO<\/summary>\n<p>Esp\u00edritu 2.2 S1, S2, S3 (Turbo) 16V:<\/p>\n<ul>\n<li>kilovatios: <\/li>\n<li>DESDE &gt; HASTA: 1975 &gt; 1986<\/li>\n<li>POSICI\u00d3N: DELANTERO<\/li>\n<\/ul>\n<\/details>\n<details>\n<summary>MORGAN<\/summary>\n<p>M\u00e1s 8 3,5 V8 16V:<\/p>\n<ul>\n<li>kilovatios: <\/li>\n<li>DESDE &gt; HASTA: 1983 &gt; 1984<\/li>\n<li>POSICI\u00d3N: DELANTERO<\/li>\n<\/ul>\n<p>M\u00e1s 8 3.5 i V8 16V:<\/p>\n<ul>\n<li>kilovatios: <\/li>\n<li>DESDE &gt; HASTA: 1984 &gt; 1990<\/li>\n<li>POSICI\u00d3N: DELANTERO<\/li>\n<\/ul>\n<\/details>\n<details>\n<summary>OPEL<\/summary>\n<p>Ascona (B) 1.2:<\/p>\n<ul>\n<li>kilovatios: 40<\/li>\n<li>DESDE &gt; HASTA: 1975 &gt; 1978<\/li>\n<li>POSICI\u00d3N: DELANTERO<\/li>\n<\/ul>\n<p>Manta (A) 1.2:<\/p>\n<ul>\n<li>kilovatios: 40<\/li>\n<li>DESDE &gt; HASTA: 1974 &gt; 1975<\/li>\n<li>POSICI\u00d3N: DELANTERO<\/li>\n<\/ul>\n<p>Manta (B) 1.2:<\/p>\n<ul>\n<li>kilovatios: 44<\/li>\n<li>DESDE &gt; HASTA: 1975 &gt; 1978<\/li>\n<li>POSICI\u00d3N: DELANTERO<\/li>\n<\/ul>\n<p>Ascona (B) 1.3:<\/p>\n<ul>\n<li>kilovatios: 44<\/li>\n<li>DESDE &gt; HASTA: 1975 &gt; 1978<\/li>\n<li>POSICI\u00d3N: DELANTERO<\/li>\n<\/ul>\n<p>Ascona (B) 1.6:<\/p>\n<ul>\n<li>kilovatios: 44<\/li>\n<li>DESDE &gt; HASTA: 1975 &gt; 1978<\/li>\n<li>POSICI\u00d3N: DELANTERO<\/li>\n<\/ul>\n<p>Manta (A) 1.6:<\/p>\n<ul>\n<li>kilovatios: 51<\/li>\n<li>DESDE &gt; HASTA: 1974 &gt; 1975<\/li>\n<li>POSICI\u00d3N: DELANTERO<\/li>\n<\/ul>\n<p>Manta (B) 1.6:<\/p>\n<ul>\n<li>kilovatios: 44<\/li>\n<li>DESDE &gt; HASTA: 1975 &gt; 1978<\/li>\n<li>POSICI\u00d3N: DELANTERO<\/li>\n<\/ul>\n<p>Grabaci\u00f3n (D) 1.7:<\/p>\n<ul>\n<li>kilovatios: 44<\/li>\n<li>DESDE &gt; HASTA: 1974 &gt; 1981<\/li>\n<li>POSICI\u00d3N: DELANTERO<\/li>\n<\/ul>\n<p>Rekord (D) 1.7 i:<\/p>\n<ul>\n<li>kilovatios: 44<\/li>\n<li>DESDE &gt; HASTA: 1977 &gt; 1981<\/li>\n<li>POSICI\u00d3N: DELANTERO<\/li>\n<\/ul>\n<p>Ascona (B) 1.9:<\/p>\n<ul>\n<li>kilovatios: 55<\/li>\n<li>DESDE &gt; HASTA: 1975 &gt; 1978<\/li>\n<li>POSICI\u00d3N: DELANTERO<\/li>\n<\/ul>\n<p>Manta (A) 1.9:<\/p>\n<ul>\n<li>kilovatios: 66<\/li>\n<li>DESDE &gt; HASTA: 1974 &gt; 1975<\/li>\n<li>POSICI\u00d3N: DELANTERO<\/li>\n<\/ul>\n<p>Manta (A) 1.9:<\/p>\n<ul>\n<li>kilovatios: 72<\/li>\n<li>DESDE &gt; HASTA: 1974 &gt; 1975<\/li>\n<li>POSICI\u00d3N: DELANTERO<\/li>\n<\/ul>\n<p>Manta (A) 1.9:<\/p>\n<ul>\n<li>kilovatios: 81<\/li>\n<li>DESDE &gt; HASTA: 1974 &gt; 1975<\/li>\n<li>POSICI\u00d3N: DELANTERO<\/li>\n<\/ul>\n<p>Manta (B) 1.9:<\/p>\n<ul>\n<li>kilovatios: 55<\/li>\n<li>DESDE &gt; HASTA: 1975 &gt; 1978<\/li>\n<li>POSICI\u00d3N: DELANTERO<\/li>\n<\/ul>\n<p>Manta (B) 1.9:<\/p>\n<ul>\n<li>kilovatios: 66<\/li>\n<li>DESDE &gt; HASTA: 1975 &gt; 1978<\/li>\n<li>POSICI\u00d3N: DELANTERO<\/li>\n<\/ul>\n<p>Manta (B) 1.9:<\/p>\n<ul>\n<li>kilovatios: 77<\/li>\n<li>DESDE &gt; HASTA: 1975 &gt; 1978<\/li>\n<li>POSICI\u00d3N: DELANTERO<\/li>\n<\/ul>\n<p>Grabaci\u00f3n (D) 1.9:<\/p>\n<ul>\n<li>kilovatios: 55<\/li>\n<li>DESDE &gt; HASTA: 1974 &gt; 1981<\/li>\n<li>POSICI\u00d3N: DELANTERO<\/li>\n<\/ul>\n<p>Rekord (D) 1.9 i:<\/p>\n<ul>\n<li>kilovatios: 55<\/li>\n<li>DESDE &gt; HASTA: 1977 &gt; 1981<\/li>\n<li>POSICI\u00d3N: DELANTERO<\/li>\n<\/ul>\n<p>Rekord (D) 2.0:<\/p>\n<ul>\n<li>kilovatios: 43<\/li>\n<li>DESDE &gt; HASTA: 1974 &gt; 1981<\/li>\n<li>POSICI\u00d3N: DELANTERO<\/li>\n<\/ul>\n<p>Rekord (D) 2.0:<\/p>\n<ul>\n<li>kilovatios: 66<\/li>\n<li>DESDE &gt; HASTA: 1974 &gt; 1981<\/li>\n<li>POSICI\u00d3N: DELANTERO<\/li>\n<\/ul>\n<p>Rekord (D) 2.0:<\/p>\n<ul>\n<li>kilovatios: 81<\/li>\n<li>DESDE &gt; HASTA: 1974 &gt; 1981<\/li>\n<li>POSICI\u00d3N: DELANTERO<\/li>\n<\/ul>\n<p>Rekord (D) 2.0:<\/p>\n<ul>\n<li>kilovatios: 74<\/li>\n<li>DESDE &gt; HASTA: 1975 &gt; 1977<\/li>\n<li>POSICI\u00d3N: DELANTERO<\/li>\n<\/ul>\n<p>Ascona (B) 2.0:<\/p>\n<ul>\n<li>kilovatios: 66<\/li>\n<li>DESDE &gt; HASTA: 1975 &gt; 1978<\/li>\n<li>POSICI\u00d3N: DELANTERO<\/li>\n<\/ul>\n<p>Manta (B) 2.0:<\/p>\n<ul>\n<li>kilovatios: 66<\/li>\n<li>DESDE &gt; HASTA: 1975 &gt; 1978<\/li>\n<li>POSICI\u00d3N: DELANTERO<\/li>\n<\/ul>\n<p>Manta (B) 2.0:<\/p>\n<ul>\n<li>kilovatios: 74<\/li>\n<li>DESDE &gt; HASTA: 1975 &gt; 1978<\/li>\n<li>POSICI\u00d3N: DELANTERO<\/li>\n<\/ul>\n<p>Manta (B) 2.0:<\/p>\n<ul>\n<li>kilovatios: 81<\/li>\n<li>DESDE &gt; HASTA: 1975 &gt; 1978<\/li>\n<li>POSICI\u00d3N: DELANTERO<\/li>\n<\/ul>\n<p>Grabaci\u00f3n (D) 2.1 D:<\/p>\n<ul>\n<li>kilovatios: 44<\/li>\n<li>DESDE &gt; HASTA: 1974 &gt; 1981<\/li>\n<li>POSICI\u00d3N: DELANTERO<\/li>\n<\/ul>\n<p>Grabaci\u00f3n (D) 2.3 D:<\/p>\n<ul>\n<li>kilovatios: 48<\/li>\n<li>DESDE &gt; HASTA: 1974 &gt; 1981<\/li>\n<li>POSICI\u00d3N: DELANTERO<\/li>\n<\/ul>\n<\/details>\n<details>\n<summary>VAUXHALL<\/summary>\n<p>Chevette 1.2:<\/p>\n<ul>\n<li>kilovatios: 33<\/li>\n<li>DESDE &gt; HASTA: 1975 &gt; 1984<\/li>\n<li>POSICI\u00d3N: DELANTERO<\/li>\n<\/ul>\n<p>Caballero 1.3:<\/p>\n<ul>\n<li>kilovatios: 42<\/li>\n<li>DESDE &gt; HASTA: 1978 &gt; 1978<\/li>\n<li>POSICI\u00d3N: DELANTERO<\/li>\n<\/ul>\n<p>Chevette 1.3:<\/p>\n<ul>\n<li>N\u00famero de serie: 39<\/li>\n<li>DESDE &gt; HASTA: 1975 &gt; 1984<\/li>\n<li>POSICI\u00d3N: DELANTERO<\/li>\n<\/ul>\n<p>Chevette 1.3:<\/p>\n<ul>\n<li>kilovatios: 37<\/li>\n<li>DESDE &gt; HASTA: 1975 &gt; 1984<\/li>\n<li>POSICI\u00d3N: DELANTERO<\/li>\n<\/ul>\n<p>Chevette 1.3:<\/p>\n<ul>\n<li>kilovatios: 42<\/li>\n<li>DESDE &gt; HASTA: 1975 &gt; 1984<\/li>\n<li>POSICI\u00d3N: DELANTERO<\/li>\n<\/ul>\n<p>Caballero 1.6:<\/p>\n<ul>\n<li>kilovatios: 55<\/li>\n<li>DESDE &gt; HASTA: 1975 &gt; 1978<\/li>\n<li>POSICI\u00d3N: DELANTERO<\/li>\n<\/ul>\n<p>Carlton 1.8:<\/p>\n<ul>\n<li>kilovatios: 55<\/li>\n<li>DESDE &gt; HASTA: 1979 &gt; 1983<\/li>\n<li>POSICI\u00d3N: DELANTERO<\/li>\n<\/ul>\n<p>Caballero 1.9:<\/p>\n<ul>\n<li>kilovatios: 62<\/li>\n<li>DESDE &gt; HASTA: 1975 &gt; 1978<\/li>\n<li>POSICI\u00d3N: DELANTERO<\/li>\n<\/ul>\n<p>Carlton 2.0:<\/p>\n<ul>\n<li>kilovatios: 66<\/li>\n<li>DESDE &gt; HASTA: 1979 &gt; 1983<\/li>\n<li>POSICI\u00d3N: DELANTERO<\/li>\n<\/ul>\n<p>Carlton 2.0:<\/p>\n<ul>\n<li>kilovatios: 74<\/li>\n<li>DESDE &gt; HASTA: 1979 &gt; 1983<\/li>\n<li>POSICI\u00d3N: DELANTERO<\/li>\n<\/ul>\n<p>Carlton 2.0:<\/p>\n<ul>\n<li>kilovatios: 81<\/li>\n<li>DESDE &gt; HASTA: 1979 &gt; 1983<\/li>\n<li>POSICI\u00d3N: DELANTERO<\/li>\n<\/ul>\n<p>Caballero 2.0:<\/p>\n<ul>\n<li>kilovatios: 74<\/li>\n<li>DESDE &gt; HASTA: 1978 &gt; 1978<\/li>\n<li>POSICI\u00d3N: DELANTERO<\/li>\n<\/ul>\n<p>Chevette 2.3 HS:<\/p>\n<ul>\n<li>kilovatios: 80<\/li>\n<li>DESDE &gt; HASTA: 1977 &gt; 1983<\/li>\n<li>POSICI\u00d3N: DELANTERO<\/li>\n<\/ul>\n<\/details>","protected":false},"excerpt":{"rendered":"<p><strong>FCP116<\/strong><\/p>\n<p>\n<b>Compuesto: DS2500 <\/b><br \/>SIN CERTIFICACI\u00d3N R90 <a data-boundary=\"window\" data-toggle=\"tooltip\" data-trigger=\"hover focus click\" style=\"color:red;cursor:pointer\" title=\"Este compuesto no est\u00e1 recomendado para uso en carretera en aquellos pa\u00edses que requieren certificaci\u00f3n R90.\"><br \/>\n<i class=\"fas fa-info-circle\"><\/i><br \/>\n<\/a><br \/>Para: D\u00eda de pista, uso ligero en carreras, GT trasero<br \/>Temperatura de funcionamiento \u00f3ptima: 0\u00b0 a 500\u00b0C\n                                                                                                                                            <\/p>","protected":false},"featured_media":66563,"template":"","meta":{"_crdt_document":"","inline_featured_image":false},"product_brand":[],"product_cat":[116],"product_tag":[],"class_list":{"0":"post-30972","1":"product","2":"type-product","3":"status-publish","4":"has-post-thumbnail","6":"product_cat-brake-pads","8":"first","9":"instock","10":"taxable","11":"shipping-taxable","12":"purchasable","13":"product-type-simple"},"supplier_id":null,"supplier_sku":"","barcode":null,"atum_controlled":true,"out_stock_date":null,"out_stock_threshold":null,"inheritable":false,"inbound_stock":null,"stock_on_hold":null,"sold_today":null,"sales_last_days":null,"reserved_stock":null,"customer_returns":null,"warehouse_damage":null,"lost_in_post":null,"other_logs":null,"out_stock_days":null,"lost_sales":null,"has_location":null,"update_date":null,"atum_locations":[],"atum_stock_status":"instock","restock_status":false,"low_stock_amount":"","sales_update_date":null,"calc_backorders":null,"_links":{"self":[{"href":"https:\/\/revmatch.eu\/es\/wp-json\/wp\/v2\/product\/30972","targetHints":{"allow":["GET"]}}],"collection":[{"href":"https:\/\/revmatch.eu\/es\/wp-json\/wp\/v2\/product"}],"about":[{"href":"https:\/\/revmatch.eu\/es\/wp-json\/wp\/v2\/types\/product"}],"version-history":[{"count":0,"href":"https:\/\/revmatch.eu\/es\/wp-json\/wp\/v2\/product\/30972\/revisions"}],"wp:featuredmedia":[{"embeddable":true,"href":"https:\/\/revmatch.eu\/es\/wp-json\/wp\/v2\/media\/66563"}],"wp:attachment":[{"href":"https:\/\/revmatch.eu\/es\/wp-json\/wp\/v2\/media?parent=30972"}],"wp:term":[{"taxonomy":"product_brand","embeddable":true,"href":"https:\/\/revmatch.eu\/es\/wp-json\/wp\/v2\/product_brand?post=30972"},{"taxonomy":"product_cat","embeddable":true,"href":"https:\/\/revmatch.eu\/es\/wp-json\/wp\/v2\/product_cat?post=30972"},{"taxonomy":"product_tag","embeddable":true,"href":"https:\/\/revmatch.eu\/es\/wp-json\/wp\/v2\/product_tag?post=30972"}],"curies":[{"name":"wp","href":"https:\/\/api.w.org\/{rel}","templated":true}]}}