{"id":30999,"date":"2023-05-23T11:21:39","date_gmt":"2023-05-23T10:21:39","guid":{"rendered":"http:\/\/revmatch.eu\/product\/ferodo-racing-ds2500-fcp1301h\/"},"modified":"2024-06-12T22:07:09","modified_gmt":"2024-06-12T21:07:09","slug":"ferodo-racing-ds2500-fcp1301h","status":"publish","type":"product","link":"https:\/\/revmatch.eu\/es\/product\/ferodo-racing-ds2500-fcp1301h\/","title":{"rendered":"Ferodo Racing DS2500 \u2013 FCP1301H"},"content":{"rendered":"<p><strong>FCP1301<\/strong><\/p>\n<p>\n<b>Compuesto: DS2500 <\/b><br \/>SIN CERTIFICACI\u00d3N R90 <a data-boundary=\"window\" data-toggle=\"tooltip\" data-trigger=\"hover focus click\" style=\"color:red;cursor:pointer\" title=\"Este compuesto no est\u00e1 recomendado para uso en carretera en aquellos pa\u00edses que requieren certificaci\u00f3n R90.\"><br \/>\n<i class=\"fas fa-info-circle\"><\/i><br \/>\n<\/a><br \/>Para: D\u00eda de pista, uso ligero en carreras, GT trasero<br \/>Temperatura de funcionamiento \u00f3ptima: 0\u00b0 a 500\u00b0C\n                                                                                                                                            <\/p>\n<p>&nbsp;<\/p>\n<p>Compatible con:<br \/>\n&nbsp;<\/p>\n<details>\n<summary>BMW<\/summary>\n<p>3 (E46) 318i:<\/p>\n<ul>\n<li>kilovatios: 105<\/li>\n<li>DESDE &gt; HASTA: 1998 &gt; 2005<\/li>\n<li>POSICI\u00d3N: TRASERA<\/li>\n<\/ul>\n<p>3 (E46) 318i:<\/p>\n<ul>\n<li>kilovatios: 77<\/li>\n<li>DESDE &gt; HASTA: 1998 &gt; 2005<\/li>\n<li>POSICI\u00d3N: TRASERA<\/li>\n<\/ul>\n<p>3 (E46) 318i:<\/p>\n<ul>\n<li>kilovatios: 87<\/li>\n<li>DESDE &gt; HASTA: 1998 &gt; 2005<\/li>\n<li>POSICI\u00d3N: TRASERA<\/li>\n<\/ul>\n<p>3 Compacto (E46) 318Ti:<\/p>\n<ul>\n<li>kilovatios: 105<\/li>\n<li>DESDE &gt; HASTA: 1993 &gt; 2005<\/li>\n<li>POSICI\u00d3N: TRASERA<\/li>\n<\/ul>\n<p>3 Coupe (E46) 318Ci:<\/p>\n<ul>\n<li>kilovatios: 87<\/li>\n<li>DESDE &gt; HASTA: 1999 &gt; <\/li>\n<li>POSICI\u00d3N: TRASERA<\/li>\n<\/ul>\n<p>3 Turismo (E46) 318i Turismo:<\/p>\n<ul>\n<li>kilovatios: 87<\/li>\n<li>DESDE &gt; HASTA: 1999 &gt; <\/li>\n<li>POSICI\u00d3N: TRASERA<\/li>\n<\/ul>\n<p>3 (E46) 320 d\u00edas:<\/p>\n<ul>\n<li>kilovatios: 100<\/li>\n<li>DESDE &gt; HASTA: 1998 &gt; 2001<\/li>\n<li>POSICI\u00d3N: TRASERA<\/li>\n<\/ul>\n<p>3 (E46) 318d:<\/p>\n<ul>\n<li>kilovatios: 85<\/li>\n<li>DESDE &gt; HASTA: 2001 &gt; 2003<\/li>\n<li>POSICI\u00d3N: TRASERA<\/li>\n<\/ul>\n<p>3 (E46) 320 d\u00edas:<\/p>\n<ul>\n<li>kilovatios: 110<\/li>\n<li>DESDE &gt; HASTA: 2001 &gt; 2005<\/li>\n<li>POSICI\u00d3N: TRASERA<\/li>\n<\/ul>\n<p>3 (E46) 318d:<\/p>\n<ul>\n<li>kilovatios: 85<\/li>\n<li>DESDE &gt; HASTA: 2003 &gt; 2005<\/li>\n<li>POSICI\u00d3N: TRASERA<\/li>\n<\/ul>\n<p>3 (E46) 320Tdi 24V:<\/p>\n<ul>\n<li>kilovatios: 100<\/li>\n<li>DESDE &gt; HASTA: 1998 &gt; <\/li>\n<li>POSICI\u00d3N: TRASERA<\/li>\n<\/ul>\n<p>3 (E46) 320i:<\/p>\n<ul>\n<li>kilovatios: 110<\/li>\n<li>DESDE &gt; HASTA: 1998 &gt; 2005<\/li>\n<li>POSICI\u00d3N: TRASERA<\/li>\n<\/ul>\n<p>3 Coupe (E46) 320Ci \/323Ci:<\/p>\n<ul>\n<li>kilovatios: 110<\/li>\n<li>DESDE &gt; HASTA: 1999 &gt; <\/li>\n<li>POSICI\u00d3N: TRASERA<\/li>\n<\/ul>\n<p>3 Turismo (E46) 320i Turismo:<\/p>\n<ul>\n<li>kilovatios: 110<\/li>\n<li>DESDE &gt; HASTA: 1999 &gt; <\/li>\n<li>POSICI\u00d3N: TRASERA<\/li>\n<\/ul>\n<p>3 Turismo (E46) 320Tdi Turismo:<\/p>\n<ul>\n<li>kilovatios: 110<\/li>\n<li>DESDE &gt; HASTA: 1999 &gt; <\/li>\n<li>POSICI\u00d3N: TRASERA<\/li>\n<\/ul>\n<p>Z4 (E85) 2,0 i:<\/p>\n<ul>\n<li>kilovatios: 110<\/li>\n<li>DESDE &gt; HASTA: 2004 &gt; <\/li>\n<li>POSICI\u00d3N: TRASERA<\/li>\n<\/ul>\n<p>Z4 (E85) 2.2i:<\/p>\n<ul>\n<li>kilovatios: 125<\/li>\n<li>DESDE &gt; HASTA: 2003 &gt; <\/li>\n<li>POSICI\u00d3N: TRASERA<\/li>\n<\/ul>\n<p>3 (E46) 323i:<\/p>\n<ul>\n<li>kilovatios: 125<\/li>\n<li>DESDE &gt; HASTA: 1998 &gt; 2000<\/li>\n<li>POSICI\u00d3N: TRASERA<\/li>\n<\/ul>\n<p>3 Coupe (E46) 325Ti:<\/p>\n<ul>\n<li>kilovatios: 141<\/li>\n<li>DESDE &gt; HASTA: 2001 &gt; 2005<\/li>\n<li>POSICI\u00d3N: TRASERA<\/li>\n<\/ul>\n<p>Z4 (E85) 2.5i:<\/p>\n<ul>\n<li>kilovatios: 141<\/li>\n<li>DESDE &gt; HASTA: 2003 &gt; <\/li>\n<li>POSICI\u00d3N: TRASERA<\/li>\n<\/ul>\n<p>Z4 (E85) 2.5i:<\/p>\n<ul>\n<li>kilovatios: 130<\/li>\n<li>DESDE &gt; HASTA: 2006 &gt; <\/li>\n<li>POSICI\u00d3N: TRASERA<\/li>\n<\/ul>\n<p>Z4 (E85) 2.5 si:<\/p>\n<ul>\n<li>kilovatios: 160<\/li>\n<li>DESDE &gt; HASTA: 2006 &gt; <\/li>\n<li>POSICI\u00d3N: TRASERA<\/li>\n<\/ul>\n<p>3 (E46) 328i:<\/p>\n<ul>\n<li>kilovatios: 142<\/li>\n<li>DESDE &gt; HASTA: 1998 &gt; 2000<\/li>\n<li>POSICI\u00d3N: TRASERA<\/li>\n<\/ul>\n<p>3 Coup\u00e9 (E46) 328i Coup\u00e9&#039;:<\/p>\n<ul>\n<li>kilovatios: 142<\/li>\n<li>DESDE &gt; HASTA: 1998 &gt; 2000<\/li>\n<li>POSICI\u00d3N: TRASERA<\/li>\n<\/ul>\n<p>3 Turismo (E46) 328i Turismo:<\/p>\n<ul>\n<li>kilovatios: 142<\/li>\n<li>DESDE &gt; HASTA: 1999 &gt; 2000<\/li>\n<li>POSICI\u00d3N: TRASERA<\/li>\n<\/ul>\n<p>Z4 Coup\u00e9 (E86) 3.0 si:<\/p>\n<ul>\n<li>kilovatios: 160<\/li>\n<li>DESDE &gt; HASTA: 2006 &gt; 2009<\/li>\n<li>POSICI\u00d3N: TRASERA<\/li>\n<\/ul>\n<p>5 (E39) 530d:<\/p>\n<ul>\n<li>kilovatios: 142<\/li>\n<li>DESDE &gt; HASTA: 2000 &gt; 2003<\/li>\n<li>POSICI\u00d3N: TRASERA<\/li>\n<\/ul>\n<p>5 (E39) 530i:<\/p>\n<ul>\n<li>kilovatios: 170<\/li>\n<li>DESDE &gt; HASTA: 2000 &gt; 2003<\/li>\n<li>POSICI\u00d3N: TRASERA<\/li>\n<\/ul>\n<p>5 Turismo (E39) 530d:<\/p>\n<ul>\n<li>kilovatios: 135<\/li>\n<li>DESDE &gt; HASTA: 1998 &gt; 2000<\/li>\n<li>POSICI\u00d3N: TRASERA<\/li>\n<\/ul>\n<p>5 Turismo (E39) 530d:<\/p>\n<ul>\n<li>kilovatios: 142<\/li>\n<li>DESDE &gt; HASTA: 2000 &gt; 2004<\/li>\n<li>POSICI\u00d3N: TRASERA<\/li>\n<\/ul>\n<p>5 Turismo (E39) 530i:<\/p>\n<ul>\n<li>kilovatios: 170<\/li>\n<li>DESDE &gt; HASTA: 2000 &gt; 2004<\/li>\n<li>POSICI\u00d3N: TRASERA<\/li>\n<\/ul>\n<p>Z4 (E85) 3.0i:<\/p>\n<ul>\n<li>kilovatios: 170<\/li>\n<li>DESDE &gt; HASTA: 2003 &gt; <\/li>\n<li>POSICI\u00d3N: TRASERA<\/li>\n<\/ul>\n<p>Z4 (E85) 3.0si:<\/p>\n<ul>\n<li>kilovatios: 195<\/li>\n<li>DESDE &gt; HASTA: 2006 &gt; 2008<\/li>\n<li>POSICI\u00d3N: TRASERA<\/li>\n<\/ul>\n<p>5 (E39) 535i:<\/p>\n<ul>\n<li>kilovatios: 180<\/li>\n<li>DESDE &gt; HASTA: 1999 &gt; 2003<\/li>\n<li>POSICI\u00d3N: TRASERA<\/li>\n<\/ul>\n<p>5 (E39) 540i:<\/p>\n<ul>\n<li>kilovatios: 210<\/li>\n<li>DESDE &gt; HASTA: 1996 &gt; 2003<\/li>\n<li>POSICI\u00d3N: TRASERA<\/li>\n<\/ul>\n<p>5 Turismo (E39) 540i:<\/p>\n<ul>\n<li>kilovatios: 210<\/li>\n<li>DESDE &gt; HASTA: 1997 &gt; 2004<\/li>\n<li>POSICI\u00d3N: TRASERA<\/li>\n<\/ul>\n<\/details>","protected":false},"excerpt":{"rendered":"<p><strong>FCP1301<\/strong><\/p>\n<p>\n<b>Compuesto: DS2500 <\/b><br \/>SIN CERTIFICACI\u00d3N R90 <a data-boundary=\"window\" data-toggle=\"tooltip\" data-trigger=\"hover focus click\" style=\"color:red;cursor:pointer\" title=\"Este compuesto no est\u00e1 recomendado para uso en carretera en aquellos pa\u00edses que requieren certificaci\u00f3n R90.\"><br \/>\n<i class=\"fas fa-info-circle\"><\/i><br \/>\n<\/a><br \/>Para: D\u00eda de pista, uso ligero en carreras, GT trasero<br \/>Temperatura de funcionamiento \u00f3ptima: 0\u00b0 a 500\u00b0C\n                                                                                                                                            <\/p>","protected":false},"featured_media":66571,"template":"","meta":{"_crdt_document":"","inline_featured_image":false},"product_brand":[],"product_cat":[116],"product_tag":[],"class_list":{"0":"post-30999","1":"product","2":"type-product","3":"status-publish","4":"has-post-thumbnail","6":"product_cat-brake-pads","8":"first","9":"instock","10":"taxable","11":"shipping-taxable","12":"purchasable","13":"product-type-simple"},"supplier_id":null,"supplier_sku":"","barcode":null,"atum_controlled":true,"out_stock_date":null,"out_stock_threshold":null,"inheritable":false,"inbound_stock":null,"stock_on_hold":null,"sold_today":null,"sales_last_days":null,"reserved_stock":null,"customer_returns":null,"warehouse_damage":null,"lost_in_post":null,"other_logs":null,"out_stock_days":null,"lost_sales":null,"has_location":null,"update_date":null,"atum_locations":[],"atum_stock_status":"instock","restock_status":false,"low_stock_amount":"","sales_update_date":null,"calc_backorders":null,"_links":{"self":[{"href":"https:\/\/revmatch.eu\/es\/wp-json\/wp\/v2\/product\/30999","targetHints":{"allow":["GET"]}}],"collection":[{"href":"https:\/\/revmatch.eu\/es\/wp-json\/wp\/v2\/product"}],"about":[{"href":"https:\/\/revmatch.eu\/es\/wp-json\/wp\/v2\/types\/product"}],"version-history":[{"count":0,"href":"https:\/\/revmatch.eu\/es\/wp-json\/wp\/v2\/product\/30999\/revisions"}],"wp:featuredmedia":[{"embeddable":true,"href":"https:\/\/revmatch.eu\/es\/wp-json\/wp\/v2\/media\/66571"}],"wp:attachment":[{"href":"https:\/\/revmatch.eu\/es\/wp-json\/wp\/v2\/media?parent=30999"}],"wp:term":[{"taxonomy":"product_brand","embeddable":true,"href":"https:\/\/revmatch.eu\/es\/wp-json\/wp\/v2\/product_brand?post=30999"},{"taxonomy":"product_cat","embeddable":true,"href":"https:\/\/revmatch.eu\/es\/wp-json\/wp\/v2\/product_cat?post=30999"},{"taxonomy":"product_tag","embeddable":true,"href":"https:\/\/revmatch.eu\/es\/wp-json\/wp\/v2\/product_tag?post=30999"}],"curies":[{"name":"wp","href":"https:\/\/api.w.org\/{rel}","templated":true}]}}