{"id":31032,"date":"2023-05-23T11:22:35","date_gmt":"2023-05-23T10:22:35","guid":{"rendered":"http:\/\/revmatch.eu\/product\/ferodo-racing-ds2500-fcp1348h\/"},"modified":"2024-06-12T22:07:36","modified_gmt":"2024-06-12T21:07:36","slug":"ferodo-racing-ds2500-fcp1348h","status":"publish","type":"product","link":"https:\/\/revmatch.eu\/es\/producto\/ferodo-racing-ds2500-fcp1348h\/","title":{"rendered":"Ferodo Racing DS2500 \u2013 FCP1348H"},"content":{"rendered":"<p><strong>FCP1348<\/strong><\/p>\n<p>\n<b>Compuesto: DS2500 <\/b><br \/>SIN CERTIFICACI\u00d3N R90 <a data-boundary=\"window\" data-toggle=\"tooltip\" data-trigger=\"hover focus click\" style=\"color:red;cursor:pointer\" title=\"Este compuesto no est\u00e1 recomendado para uso en carretera en aquellos pa\u00edses que requieren certificaci\u00f3n R90.\"><br \/>\n<i class=\"fas fa-info-circle\"><\/i><br \/>\n<\/a><br \/>Para: D\u00eda de pista, uso ligero en carreras, GT trasero<br \/>Temperatura de funcionamiento \u00f3ptima: 0\u00b0 a 500\u00b0C\n                                                                                                                                            <\/p>\n<p>&nbsp;<\/p>\n<p>Compatible con:<br \/>\n&nbsp;<\/p>\n<details>\n<summary>CHEVROLET<\/summary>\n<p>Camaro 6.2:<\/p>\n<ul>\n<li>N\u00famero de serie: 339<\/li>\n<li>DESDE &gt; HASTA: 2015 &gt; <\/li>\n<li>POSICI\u00d3N: DELANTERO<\/li>\n<\/ul>\n<p>Camaro 6.2L ZL1 1LE:<\/p>\n<ul>\n<li>KW: 485<\/li>\n<li>DESDE &gt; HASTA: 2016 &gt; 2018<\/li>\n<li>POSICI\u00d3N: TRASERA<\/li>\n<\/ul>\n<\/details>\n<details>\n<summary>CITROEN<\/summary>\n<p>C2 R2 1.6 16V (Grava):<\/p>\n<ul>\n<li>kilovatios: <\/li>\n<li>DESDE &gt; HASTA: 2009 &gt; <\/li>\n<li>POSICI\u00d3N: DELANTERO<\/li>\n<\/ul>\n<p>DS3 1.6 THP 155:<\/p>\n<ul>\n<li>kilovatios: 115<\/li>\n<li>DESDE &gt; HASTA: 2010 &gt; <\/li>\n<li>POSICI\u00d3N: DELANTERO<\/li>\n<\/ul>\n<p>DS3 1.6 Carreras:<\/p>\n<ul>\n<li>kilovatios: 149<\/li>\n<li>DESDE &gt; HASTA: 2011 &gt; <\/li>\n<li>POSICI\u00d3N: DELANTERO<\/li>\n<\/ul>\n<p>DS3 1.6 Carreras:<\/p>\n<ul>\n<li>kilovatios: 152<\/li>\n<li>DESDE &gt; HASTA: 2011 &gt; <\/li>\n<li>POSICI\u00d3N: DELANTERO<\/li>\n<\/ul>\n<\/details>\n<details>\n<summary>DALLARA<\/summary>\n<p>Calle Barchetta:<\/p>\n<ul>\n<li>kilovatios: 294<\/li>\n<li>DESDE &gt; HASTA: 2018 &gt; <\/li>\n<li>POSICI\u00d3N: TRASERA<\/li>\n<\/ul>\n<\/details>\n<details>\n<summary>FERRARI<\/summary>\n<p>360 (F131) 3.6 Modena:<\/p>\n<ul>\n<li>kilovatios: 294<\/li>\n<li>DESDE &gt; HASTA: 1999 &gt; 2005<\/li>\n<li>POSICI\u00d3N: DELANTERO<\/li>\n<\/ul>\n<p>360 (F131) 3.6 Modena:<\/p>\n<ul>\n<li>kilovatios: 294<\/li>\n<li>DESDE &gt; HASTA: 1999 &gt; 2005<\/li>\n<li>POSICI\u00d3N: TRASERA<\/li>\n<\/ul>\n<p>360 (F131) 3.6 Desaf\u00edo:<\/p>\n<ul>\n<li>N\u00famero de serie: 305<\/li>\n<li>DESDE &gt; HASTA: 2001 &gt; 2005<\/li>\n<li>POSICI\u00d3N: DELANTERO<\/li>\n<\/ul>\n<p>360 (F131) 3.6 Desaf\u00edo:<\/p>\n<ul>\n<li>N\u00famero de serie: 305<\/li>\n<li>DESDE &gt; HASTA: 2001 &gt; 2005<\/li>\n<li>POSICI\u00d3N: TRASERA<\/li>\n<\/ul>\n<p>360 (F131) 3.6 Carretera del Desaf\u00edo (Stradale):<\/p>\n<ul>\n<li>kilovatios: 313<\/li>\n<li>DESDE &gt; HASTA: 2003 &gt; 2005<\/li>\n<li>POSICI\u00d3N: DELANTERO<\/li>\n<\/ul>\n<p>360 (F131) 3.6 Carretera del Desaf\u00edo (Stradale):<\/p>\n<ul>\n<li>kilovatios: 313<\/li>\n<li>DESDE &gt; HASTA: 2003 &gt; 2005<\/li>\n<li>POSICI\u00d3N: TRASERA<\/li>\n<\/ul>\n<p>F430 4.3:<\/p>\n<ul>\n<li>KW: 360<\/li>\n<li>DESDE &gt; HASTA: 2005 &gt; 2009<\/li>\n<li>POSICI\u00d3N: DELANTERO<\/li>\n<\/ul>\n<p>F430 4.3:<\/p>\n<ul>\n<li>KW: 360<\/li>\n<li>DESDE &gt; HASTA: 2005 &gt; 2009<\/li>\n<li>POSICI\u00d3N: TRASERA<\/li>\n<\/ul>\n<p>F430 4.3:<\/p>\n<ul>\n<li>N\u00famero de serie: 372<\/li>\n<li>DESDE &gt; HASTA: 2007 &gt; 2009<\/li>\n<li>POSICI\u00d3N: DELANTERO<\/li>\n<\/ul>\n<p>F430 4.3:<\/p>\n<ul>\n<li>N\u00famero de serie: 372<\/li>\n<li>DESDE &gt; HASTA: 2007 &gt; 2009<\/li>\n<li>POSICI\u00d3N: TRASERA<\/li>\n<\/ul>\n<p>F430 4.3:<\/p>\n<ul>\n<li>kilovatios: 375<\/li>\n<li>DESDE &gt; HASTA: 2007 &gt; 2009<\/li>\n<li>POSICI\u00d3N: DELANTERO<\/li>\n<\/ul>\n<p>F430 4.3:<\/p>\n<ul>\n<li>kilovatios: 375<\/li>\n<li>DESDE &gt; HASTA: 2007 &gt; 2009<\/li>\n<li>POSICI\u00d3N: TRASERA<\/li>\n<\/ul>\n<p>F430 4.3:<\/p>\n<ul>\n<li>N\u00famero de serie: 357<\/li>\n<li>DESDE &gt; HASTA: 2008 &gt; 2009<\/li>\n<li>POSICI\u00d3N: DELANTERO<\/li>\n<\/ul>\n<p>F430 4.3:<\/p>\n<ul>\n<li>N\u00famero de serie: 357<\/li>\n<li>DESDE &gt; HASTA: 2008 &gt; 2009<\/li>\n<li>POSICI\u00d3N: TRASERA<\/li>\n<\/ul>\n<\/details>\n<details>\n<summary>VADO<\/summary>\n<p>ENFOQUE I (DAW, DBW) 2.0 RS:<\/p>\n<ul>\n<li>kilovatios: 158<\/li>\n<li>DESDE &gt; HASTA: 2002 &gt; 2004<\/li>\n<li>POSICI\u00d3N: DELANTERO<\/li>\n<\/ul>\n<\/details>\n<details>\n<summary>KTM<\/summary>\n<p>Ballesta 2.0 TFSI:<\/p>\n<ul>\n<li>kilovatios: 200<\/li>\n<li>DESDE &gt; HASTA: 2008 &gt; <\/li>\n<li>POSICI\u00d3N: DELANTERO<\/li>\n<\/ul>\n<\/details>\n<details>\n<summary>MASERATI<\/summary>\n<p>Gran Turismo 4.2:<\/p>\n<ul>\n<li>kilovatios: 298<\/li>\n<li>DESDE &gt; HASTA: 2008 &gt; <\/li>\n<li>POSICI\u00d3N: TRASERA<\/li>\n<\/ul>\n<p>Quattroporte V 4.2:<\/p>\n<ul>\n<li>KW: 295<\/li>\n<li>DESDE &gt; HASTA: 2008 &gt; <\/li>\n<li>POSICI\u00d3N: TRASERA<\/li>\n<\/ul>\n<p>Gran Turismo 4.7 S:<\/p>\n<ul>\n<li>N\u00famero de serie: 323<\/li>\n<li>DESDE &gt; HASTA: 2008 &gt; <\/li>\n<li>POSICI\u00d3N: TRASERA<\/li>\n<\/ul>\n<p>Quattroporte V 4.7 V8:<\/p>\n<ul>\n<li>kilovatios: 317<\/li>\n<li>DESDE &gt; HASTA: 2008 &gt; <\/li>\n<li>POSICI\u00d3N: TRASERA<\/li>\n<\/ul>\n<\/details>\n<details>\n<summary>PEUGEOT<\/summary>\n<p>208 1.6 GTi:<\/p>\n<ul>\n<li>kilovatios: 153<\/li>\n<li>DESDE &gt; HASTA: 2014 &gt; <\/li>\n<li>POSICI\u00d3N: DELANTERO<\/li>\n<\/ul>\n<p>406 3.0 Coup\u00e9 V6 24V:<\/p>\n<ul>\n<li>kilovatios: 140<\/li>\n<li>DESDE &gt; HASTA: 1997 &gt; <\/li>\n<li>POSICI\u00d3N: DELANTERO<\/li>\n<\/ul>\n<\/details>\n<details>\n<summary>RENAULT<\/summary>\n<p>Clio II 3.0 V6 Deportivo:<\/p>\n<ul>\n<li>kilovatios: 166<\/li>\n<li>DESDE &gt; HASTA: 2000 &gt; 2002<\/li>\n<li>POSICI\u00d3N: DELANTERO<\/li>\n<\/ul>\n<p>Clio II 3.0 V6 Deportivo:<\/p>\n<ul>\n<li>kilovatios: 166<\/li>\n<li>DESDE &gt; HASTA: 2000 &gt; 2002<\/li>\n<li>POSICI\u00d3N: TRASERA<\/li>\n<\/ul>\n<p>Clio II 3.0 V6 Deportivo:<\/p>\n<ul>\n<li>N\u00famero de serie: 187<\/li>\n<li>DESDE &gt; HASTA: 2002 &gt; 2004<\/li>\n<li>POSICI\u00d3N: DELANTERO<\/li>\n<\/ul>\n<p>Clio II 3.0 V6 Deportivo:<\/p>\n<ul>\n<li>N\u00famero de serie: 187<\/li>\n<li>DESDE &gt; HASTA: 2002 &gt; 2004<\/li>\n<li>POSICI\u00d3N: TRASERA<\/li>\n<\/ul>\n<\/details>\n<details>\n<summary>SEAT<\/summary>\n<p>Cordoba (I) Facelift (6K2) 1.8 T 20V Cupra:<\/p>\n<ul>\n<li>kilovatios: 115<\/li>\n<li>DESDE &gt; HASTA: 2000 &gt; 2008<\/li>\n<li>POSICI\u00d3N: DELANTERO<\/li>\n<\/ul>\n<p>Le\u00f3n (1M1) 1.8T Cupra R:<\/p>\n<ul>\n<li>kilovatios: 165<\/li>\n<li>DESDE &gt; HASTA: 2003 &gt; <\/li>\n<li>POSICI\u00d3N: DELANTERO<\/li>\n<\/ul>\n<p>Le\u00f3n (1P1) 1,8 T 20V:<\/p>\n<ul>\n<li>kilovatios: 165<\/li>\n<li>DESDE &gt; HASTA: 2005 &gt; <\/li>\n<li>POSICI\u00d3N: DELANTERO<\/li>\n<\/ul>\n<p>Le\u00f3n (1M1) 1.9 TDi Syncro:<\/p>\n<ul>\n<li>kilovatios: 110<\/li>\n<li>DESDE &gt; HASTA: 2001 &gt; <\/li>\n<li>POSICI\u00d3N: DELANTERO<\/li>\n<\/ul>\n<\/details>\n<details>\n<summary>TESLA<\/summary>\n<p>MODELO S 85:<\/p>\n<ul>\n<li>kilovatios: 270<\/li>\n<li>DESDE &gt; HASTA: 2012 &gt; 2016<\/li>\n<li>POSICI\u00d3N: TRASERA<\/li>\n<\/ul>\n<p>MODELO S 60:<\/p>\n<ul>\n<li>kilovatios: 225<\/li>\n<li>DESDE &gt; HASTA: 2013 &gt; 2015<\/li>\n<li>POSICI\u00d3N: TRASERA<\/li>\n<\/ul>\n<p>MODELO S P85:<\/p>\n<ul>\n<li>kilovatios: 310<\/li>\n<li>DESDE &gt; HASTA: 2013 &gt; 2016<\/li>\n<li>POSICI\u00d3N: TRASERA<\/li>\n<\/ul>\n<p>MODELO S P85D AWD:<\/p>\n<ul>\n<li>N\u00famero de serie: 515<\/li>\n<li>DESDE &gt; HASTA: 2014 &gt; 2016<\/li>\n<li>POSICI\u00d3N: TRASERA<\/li>\n<\/ul>\n<p>MODELO S 60:<\/p>\n<ul>\n<li>kilovatios: 283<\/li>\n<li>DESDE &gt; HASTA: 2015 &gt; 2015<\/li>\n<li>POSICI\u00d3N: TRASERA<\/li>\n<\/ul>\n<p>MODELO S 85:<\/p>\n<ul>\n<li>kilovatios: 283<\/li>\n<li>DESDE &gt; HASTA: 2015 &gt; 2016<\/li>\n<li>POSICI\u00d3N: TRASERA<\/li>\n<\/ul>\n<p>MODELO S 70D AWD:<\/p>\n<ul>\n<li>kilovatios: 245<\/li>\n<li>DESDE &gt; HASTA: 2015 &gt; <\/li>\n<li>POSICI\u00d3N: TRASERA<\/li>\n<\/ul>\n<p>MODELO S 85D AWD:<\/p>\n<ul>\n<li>N\u00famero de serie: 315<\/li>\n<li>DESDE &gt; HASTA: 2015 &gt; 2016<\/li>\n<li>POSICI\u00d3N: TRASERA<\/li>\n<\/ul>\n<p>MODELO S 70:<\/p>\n<ul>\n<li>kilovatios: 235<\/li>\n<li>DESDE &gt; HASTA: 2015 &gt; <\/li>\n<li>POSICI\u00d3N: TRASERA<\/li>\n<\/ul>\n<p>MODELO S 70:<\/p>\n<ul>\n<li>KW: 285<\/li>\n<li>DESDE &gt; HASTA: 2015 &gt; <\/li>\n<li>POSICI\u00d3N: TRASERA<\/li>\n<\/ul>\n<p>MODELO S 70D AWD:<\/p>\n<ul>\n<li>kilovatios: 386<\/li>\n<li>DESDE &gt; HASTA: 2015 &gt; <\/li>\n<li>POSICI\u00d3N: TRASERA<\/li>\n<\/ul>\n<p>MODELO S 85:<\/p>\n<ul>\n<li>KW: 285<\/li>\n<li>DESDE &gt; HASTA: 2015 &gt; 2016<\/li>\n<li>POSICI\u00d3N: TRASERA<\/li>\n<\/ul>\n<p>MODELO S 85D AWD:<\/p>\n<ul>\n<li>kilovatios: 386<\/li>\n<li>DESDE &gt; HASTA: 2015 &gt; 2016<\/li>\n<li>POSICI\u00d3N: TRASERA<\/li>\n<\/ul>\n<p>MODELO S P85D AWD:<\/p>\n<ul>\n<li>N\u00famero de serie: 568<\/li>\n<li>DESDE &gt; HASTA: 2015 &gt; 2016<\/li>\n<li>POSICI\u00d3N: TRASERA<\/li>\n<\/ul>\n<p>MODELO S 90D AWD:<\/p>\n<ul>\n<li>kilovatios: 310<\/li>\n<li>DESDE &gt; HASTA: 2016 &gt; <\/li>\n<li>POSICI\u00d3N: TRASERA<\/li>\n<\/ul>\n<p>MODELO S P90D AWD:<\/p>\n<ul>\n<li>N\u00famero de serie: 346<\/li>\n<li>DESDE &gt; HASTA: 2016 &gt; <\/li>\n<li>POSICI\u00d3N: TRASERA<\/li>\n<\/ul>\n<p>MODELO S P90D AWD:<\/p>\n<ul>\n<li>kilovatios: 397<\/li>\n<li>DESDE &gt; HASTA: 2016 &gt; <\/li>\n<li>POSICI\u00d3N: TRASERA<\/li>\n<\/ul>\n<p>MODELO S 60:<\/p>\n<ul>\n<li>KW: 285<\/li>\n<li>DESDE &gt; HASTA: 2016 &gt; <\/li>\n<li>POSICI\u00d3N: TRASERA<\/li>\n<\/ul>\n<p>MODELO S 75:<\/p>\n<ul>\n<li>KW: 285<\/li>\n<li>DESDE &gt; HASTA: 2016 &gt; <\/li>\n<li>POSICI\u00d3N: TRASERA<\/li>\n<\/ul>\n<p>MODELO S 75D AWD:<\/p>\n<ul>\n<li>kilovatios: 386<\/li>\n<li>DESDE &gt; HASTA: 2016 &gt; <\/li>\n<li>POSICI\u00d3N: TRASERA<\/li>\n<\/ul>\n<p>MODELO S P100D AWD:<\/p>\n<ul>\n<li>N\u00famero de serie: 568<\/li>\n<li>DESDE &gt; HASTA: 2016 &gt; <\/li>\n<li>POSICI\u00d3N: TRASERA<\/li>\n<\/ul>\n<\/details>\n<details>\n<summary>VOLVO<\/summary>\n<p>S60 S60 R 2.5 T con tracci\u00f3n total:<\/p>\n<ul>\n<li>kilovatios: 221<\/li>\n<li>DESDE &gt; HASTA: 2003 &gt; <\/li>\n<li>POSICI\u00d3N: TRASERA<\/li>\n<\/ul>\n<p>V70 II R 2.5 T con tracci\u00f3n total:<\/p>\n<ul>\n<li>kilovatios: 221<\/li>\n<li>DESDE &gt; HASTA: 2003 &gt; <\/li>\n<li>POSICI\u00d3N: TRASERA<\/li>\n<\/ul>\n<\/details>","protected":false},"excerpt":{"rendered":"<p><strong>FCP1348<\/strong><\/p>\n<p>\n<b>Compuesto: DS2500 <\/b><br \/>SIN CERTIFICACI\u00d3N R90 <a data-boundary=\"window\" data-toggle=\"tooltip\" data-trigger=\"hover focus click\" style=\"color:red;cursor:pointer\" title=\"Este compuesto no est\u00e1 recomendado para uso en carretera en aquellos pa\u00edses que requieren certificaci\u00f3n R90.\"><br \/>\n<i class=\"fas fa-info-circle\"><\/i><br \/>\n<\/a><br \/>Para: D\u00eda de pista, uso ligero en carreras, GT trasero<br \/>Temperatura de funcionamiento \u00f3ptima: 0\u00b0 a 500\u00b0C\n                                                                                                                                            <\/p>","protected":false},"featured_media":66580,"template":"","meta":{"_crdt_document":"","inline_featured_image":false},"product_brand":[],"product_cat":[116],"product_tag":[],"class_list":{"0":"post-31032","1":"product","2":"type-product","3":"status-publish","4":"has-post-thumbnail","6":"product_cat-brake-pads","8":"first","9":"instock","10":"taxable","11":"shipping-taxable","12":"purchasable","13":"product-type-simple"},"supplier_id":null,"supplier_sku":"","barcode":null,"atum_controlled":true,"out_stock_date":null,"out_stock_threshold":null,"inheritable":false,"inbound_stock":null,"stock_on_hold":null,"sold_today":null,"sales_last_days":null,"reserved_stock":null,"customer_returns":null,"warehouse_damage":null,"lost_in_post":null,"other_logs":null,"out_stock_days":null,"lost_sales":null,"has_location":null,"update_date":null,"atum_locations":[],"atum_stock_status":"instock","restock_status":false,"low_stock_amount":"","sales_update_date":null,"calc_backorders":null,"_links":{"self":[{"href":"https:\/\/revmatch.eu\/es\/wp-json\/wp\/v2\/product\/31032","targetHints":{"allow":["GET"]}}],"collection":[{"href":"https:\/\/revmatch.eu\/es\/wp-json\/wp\/v2\/product"}],"about":[{"href":"https:\/\/revmatch.eu\/es\/wp-json\/wp\/v2\/types\/product"}],"version-history":[{"count":0,"href":"https:\/\/revmatch.eu\/es\/wp-json\/wp\/v2\/product\/31032\/revisions"}],"wp:featuredmedia":[{"embeddable":true,"href":"https:\/\/revmatch.eu\/es\/wp-json\/wp\/v2\/media\/66580"}],"wp:attachment":[{"href":"https:\/\/revmatch.eu\/es\/wp-json\/wp\/v2\/media?parent=31032"}],"wp:term":[{"taxonomy":"product_brand","embeddable":true,"href":"https:\/\/revmatch.eu\/es\/wp-json\/wp\/v2\/product_brand?post=31032"},{"taxonomy":"product_cat","embeddable":true,"href":"https:\/\/revmatch.eu\/es\/wp-json\/wp\/v2\/product_cat?post=31032"},{"taxonomy":"product_tag","embeddable":true,"href":"https:\/\/revmatch.eu\/es\/wp-json\/wp\/v2\/product_tag?post=31032"}],"curies":[{"name":"wp","href":"https:\/\/api.w.org\/{rel}","templated":true}]}}