{"id":31035,"date":"2023-05-23T11:22:39","date_gmt":"2023-05-23T10:22:39","guid":{"rendered":"http:\/\/revmatch.eu\/product\/ferodo-racing-ds2500-fcp1349h\/"},"modified":"2024-06-12T22:07:37","modified_gmt":"2024-06-12T21:07:37","slug":"ferodo-racing-ds2500-fcp1349h","status":"publish","type":"product","link":"https:\/\/revmatch.eu\/es\/product\/ferodo-racing-ds2500-fcp1349h\/","title":{"rendered":"Ferodo Racing DS2500 \u2013 FCP1349H"},"content":{"rendered":"<p><strong>FCP1349<\/strong><\/p>\n<p>\n<b>Compuesto: DS2500 <\/b><br \/>SIN CERTIFICACI\u00d3N R90 <a data-boundary=\"window\" data-toggle=\"tooltip\" data-trigger=\"hover focus click\" style=\"color:red;cursor:pointer\" title=\"Este compuesto no est\u00e1 recomendado para uso en carretera en aquellos pa\u00edses que requieren certificaci\u00f3n R90.\"><br \/>\n<i class=\"fas fa-info-circle\"><\/i><br \/>\n<\/a><br \/>Para: D\u00eda de pista, uso ligero en carreras, GT trasero<br \/>Temperatura de funcionamiento \u00f3ptima: 0\u00b0 a 500\u00b0C\n                                                                                                                                            <\/p>\n<p>&nbsp;<\/p>\n<p>Compatible con:<br \/>\n&nbsp;<\/p>\n<details>\n<summary>ALFA ROMEO<\/summary>\n<p>MiTo(955) 0,9:<\/p>\n<ul>\n<li>kilovatios: 63<\/li>\n<li>DESDE &gt; HASTA: 2011 &gt; <\/li>\n<li>POSICI\u00d3N: TRASERA<\/li>\n<\/ul>\n<p>MiTo(955) 1.4:<\/p>\n<ul>\n<li>kilovatios: 57<\/li>\n<li>DESDE &gt; HASTA: 2011 &gt; <\/li>\n<li>POSICI\u00d3N: TRASERA<\/li>\n<\/ul>\n<p>MiTo(955) 1.4:<\/p>\n<ul>\n<li>kilovatios: 51<\/li>\n<li>DESDE &gt; HASTA: 2011 &gt; <\/li>\n<li>POSICI\u00d3N: TRASERA<\/li>\n<\/ul>\n<p>MiTo(955) 1.4 Bicombustible:<\/p>\n<ul>\n<li>kilovatios: 88<\/li>\n<li>DESDE &gt; HASTA: 2011 &gt; <\/li>\n<li>POSICI\u00d3N: TRASERA<\/li>\n<\/ul>\n<p>147 (937) 1.6 16 V:<\/p>\n<ul>\n<li>kilovatios: 88<\/li>\n<li>DESDE &gt; HASTA: 2001 &gt; 2010<\/li>\n<li>POSICI\u00d3N: TRASERA<\/li>\n<\/ul>\n<p>147 (937) 1.6 16V T.Spark Eco:<\/p>\n<ul>\n<li>kilovatios: 77<\/li>\n<li>DESDE &gt; HASTA: 2001 &gt; 2010<\/li>\n<li>POSICI\u00d3N: TRASERA<\/li>\n<\/ul>\n<p>156 (932) 1.6 i Twin Spark Sed\u00e1n 16V:<\/p>\n<ul>\n<li>kilovatios: 88<\/li>\n<li>DESDE &gt; HASTA: 2002 &gt; 2005<\/li>\n<li>POSICI\u00d3N: TRASERA<\/li>\n<\/ul>\n<p>156 (932) 1.6 Twin Spark Sportwagon 16V:<\/p>\n<ul>\n<li>kilovatios: 88<\/li>\n<li>DESDE &gt; HASTA: 2002 &gt; 2006<\/li>\n<li>POSICI\u00d3N: TRASERA<\/li>\n<\/ul>\n<p>156 (932) 1.8 i Twin Spark Sed\u00e1n 16V:<\/p>\n<ul>\n<li>kilovatios: 103<\/li>\n<li>DESDE &gt; HASTA: 2002 &gt; 2005<\/li>\n<li>POSICI\u00d3N: TRASERA<\/li>\n<\/ul>\n<p>156 (932) 1.8 Twin Spark Sportwagon 16V:<\/p>\n<ul>\n<li>kilovatios: 103<\/li>\n<li>DESDE &gt; HASTA: 2002 &gt; 2006<\/li>\n<li>POSICI\u00d3N: TRASERA<\/li>\n<\/ul>\n<p>147 (937) 1,9 d\u00edas a la semana:<\/p>\n<ul>\n<li>kilovatios: 81<\/li>\n<li>DESDE &gt; HASTA: 2000 &gt; 2004<\/li>\n<li>POSICI\u00d3N: TRASERA<\/li>\n<\/ul>\n<p>156 (932) 1.9 JTD Sed\u00e1n:<\/p>\n<ul>\n<li>kilovatios: 81<\/li>\n<li>DESDE &gt; HASTA: 2000 &gt; 2001<\/li>\n<li>POSICI\u00d3N: TRASERA<\/li>\n<\/ul>\n<p>156 (932) 1.9 JTD Deportivo:<\/p>\n<ul>\n<li>kilovatios: 81<\/li>\n<li>DESDE &gt; HASTA: 2000 &gt; 2001<\/li>\n<li>POSICI\u00d3N: TRASERA<\/li>\n<\/ul>\n<p>156 (932) 1.9 JTD Sed\u00e1n:<\/p>\n<ul>\n<li>kilovatios: 85<\/li>\n<li>DESDE &gt; HASTA: 2002 &gt; 2005<\/li>\n<li>POSICI\u00d3N: TRASERA<\/li>\n<\/ul>\n<p>156 (932) 1.9 JTD Deportivo:<\/p>\n<ul>\n<li>kilovatios: 85<\/li>\n<li>DESDE &gt; HASTA: 2002 &gt; 2006<\/li>\n<li>POSICI\u00d3N: TRASERA<\/li>\n<\/ul>\n<p>156 (932) 1.9 JTD Sed\u00e1n 16v:<\/p>\n<ul>\n<li>kilovatios: 103<\/li>\n<li>DESDE &gt; HASTA: 2002 &gt; 2005<\/li>\n<li>POSICI\u00d3N: TRASERA<\/li>\n<\/ul>\n<p>156 (932) 1.9 JTD Sportwagon 16v:<\/p>\n<ul>\n<li>kilovatios: 103<\/li>\n<li>DESDE &gt; HASTA: 2002 &gt; 2006<\/li>\n<li>POSICI\u00d3N: TRASERA<\/li>\n<\/ul>\n<p>GT (937) 1.9 JTD Multijet:<\/p>\n<ul>\n<li>kilovatios: <\/li>\n<li>DESDE &gt; HASTA: 2004 &gt; <\/li>\n<li>POSICI\u00d3N: TRASERA<\/li>\n<\/ul>\n<p>147 (937) 2.0 16 V:<\/p>\n<ul>\n<li>kilovatios: 110<\/li>\n<li>DESDE &gt; HASTA: 2000 &gt; <\/li>\n<li>POSICI\u00d3N: TRASERA<\/li>\n<\/ul>\n<p>156 (932) 2.0 i Twin Spark Sed\u00e1n 16V:<\/p>\n<ul>\n<li>kilovatios: 110<\/li>\n<li>DESDE &gt; HASTA: 2002 &gt; 2002<\/li>\n<li>POSICI\u00d3N: TRASERA<\/li>\n<\/ul>\n<p>156 (932) 2.0 Twin Spark Sportwagon 16V:<\/p>\n<ul>\n<li>kilovatios: 110<\/li>\n<li>DESDE &gt; HASTA: 2002 &gt; 2002<\/li>\n<li>POSICI\u00d3N: TRASERA<\/li>\n<\/ul>\n<p>156 (932) 2.4 JTD Sed\u00e1n:<\/p>\n<ul>\n<li>kilovatios: 100<\/li>\n<li>DESDE &gt; HASTA: 2002 &gt; 2005<\/li>\n<li>POSICI\u00d3N: TRASERA<\/li>\n<\/ul>\n<p>156 (932) 2.4 JTD Deportivo:<\/p>\n<ul>\n<li>kilovatios: 103<\/li>\n<li>DESDE &gt; HASTA: 2002 &gt; 2006<\/li>\n<li>POSICI\u00d3N: TRASERA<\/li>\n<\/ul>\n<p>156 (932) 2.5 i V6 Sed\u00e1n 24V:<\/p>\n<ul>\n<li>kilovatios: 141<\/li>\n<li>DESDE &gt; HASTA: 2002 &gt; 2005<\/li>\n<li>POSICI\u00d3N: TRASERA<\/li>\n<\/ul>\n<p>156 (932) 2.5 V6 Sportwagon 24V:<\/p>\n<ul>\n<li>kilovatios: 141<\/li>\n<li>DESDE &gt; HASTA: 2002 &gt; 2006<\/li>\n<li>POSICI\u00d3N: TRASERA<\/li>\n<\/ul>\n<p>GT (937) 3.2 GTA:<\/p>\n<ul>\n<li>kilovatios: 176<\/li>\n<li>DESDE &gt; HASTA: 2003 &gt; <\/li>\n<li>POSICI\u00d3N: TRASERA<\/li>\n<\/ul>\n<\/details>\n<details>\n<summary>FIAT<\/summary>\n<p>500L 0,9 8V:<\/p>\n<ul>\n<li>kilovatios: 77<\/li>\n<li>DESDE &gt; HASTA: 2012 &gt; <\/li>\n<li>POSICI\u00d3N: TRASERA<\/li>\n<\/ul>\n<p>500L 1.3 D Multijet:<\/p>\n<ul>\n<li>kilovatios: 62<\/li>\n<li>DESDE &gt; HASTA: 2012 &gt; <\/li>\n<li>POSICI\u00d3N: TRASERA<\/li>\n<\/ul>\n<p>500L 1.4 16V:<\/p>\n<ul>\n<li>kilovatios: 70<\/li>\n<li>DESDE &gt; HASTA: 2012 &gt; <\/li>\n<li>POSICI\u00d3N: TRASERA<\/li>\n<\/ul>\n<\/details>\n<details>\n<summary>LANCIA<\/summary>\n<p>Dedra 1.6 es decir:<\/p>\n<ul>\n<li>kilovatios: 55<\/li>\n<li>DESDE &gt; HASTA: 1994 &gt; 1996<\/li>\n<li>POSICI\u00d3N: TRASERA<\/li>\n<\/ul>\n<p>Dedra 1.6 es decir:<\/p>\n<ul>\n<li>kilovatios: 55<\/li>\n<li>DESDE &gt; HASTA: 1996 &gt; 1997<\/li>\n<li>POSICI\u00d3N: TRASERA<\/li>\n<\/ul>\n<p>Lybra 1.6 16V:<\/p>\n<ul>\n<li>kilovatios: 76<\/li>\n<li>DESDE &gt; HASTA: 1999 &gt; <\/li>\n<li>POSICI\u00d3N: TRASERA<\/li>\n<\/ul>\n<p>Lybra 1.7 16V:<\/p>\n<ul>\n<li>kilovatios: 96<\/li>\n<li>DESDE &gt; HASTA: 1999 &gt; <\/li>\n<li>POSICI\u00d3N: TRASERA<\/li>\n<\/ul>\n<p>Dedra 1.8:<\/p>\n<ul>\n<li>kilovatios: 66<\/li>\n<li>DESDE &gt; HASTA: 1994 &gt; 1996<\/li>\n<li>POSICI\u00d3N: TRASERA<\/li>\n<\/ul>\n<p>Dedra 1.8:<\/p>\n<ul>\n<li>kilovatios: 83<\/li>\n<li>DESDE &gt; HASTA: 1996 &gt; 1997<\/li>\n<li>POSICI\u00d3N: TRASERA<\/li>\n<\/ul>\n<p>Lybra 1.8 16V:<\/p>\n<ul>\n<li>kilovatios: 96<\/li>\n<li>DESDE &gt; HASTA: 1999 &gt; <\/li>\n<li>POSICI\u00d3N: TRASERA<\/li>\n<\/ul>\n<p>Dedra 1.9 TD:<\/p>\n<ul>\n<li>kilovatios: 66<\/li>\n<li>DESDE &gt; HASTA: 1994 &gt; 1996<\/li>\n<li>POSICI\u00d3N: TRASERA<\/li>\n<\/ul>\n<p>Dedra 1.9 TD:<\/p>\n<ul>\n<li>kilovatios: 66<\/li>\n<li>DESDE &gt; HASTA: 1996 &gt; 1997<\/li>\n<li>POSICI\u00d3N: TRASERA<\/li>\n<\/ul>\n<p>Lybra 1.9 JTD:<\/p>\n<ul>\n<li>kilovatios: 77<\/li>\n<li>DESDE &gt; HASTA: 1999 &gt; <\/li>\n<li>POSICI\u00d3N: TRASERA<\/li>\n<\/ul>\n<p>Dedra 2.0 HF Integrale (Turbo):<\/p>\n<ul>\n<li>kilovatios: 130<\/li>\n<li>DESDE &gt; HASTA: 1998 &gt; <\/li>\n<li>POSICI\u00d3N: TRASERA<\/li>\n<\/ul>\n<p>Dedra 2.0, es decir, no integral:<\/p>\n<ul>\n<li>kilovatios: 83<\/li>\n<li>DESDE &gt; HASTA: 1998 &gt; <\/li>\n<li>POSICI\u00d3N: TRASERA<\/li>\n<\/ul>\n<p>Bater\u00eda Lybra 2.0 20 V:<\/p>\n<ul>\n<li>kilovatios: 114<\/li>\n<li>DESDE &gt; HASTA: 1999 &gt; <\/li>\n<li>POSICI\u00d3N: TRASERA<\/li>\n<\/ul>\n<p>Lybra 2.4 JTD:<\/p>\n<ul>\n<li>kilovatios: 100<\/li>\n<li>DESDE &gt; HASTA: 1999 &gt; <\/li>\n<li>POSICI\u00d3N: TRASERA<\/li>\n<\/ul>\n<\/details>","protected":false},"excerpt":{"rendered":"<p><strong>FCP1349<\/strong><\/p>\n<p>\n<b>Compuesto: DS2500 <\/b><br \/>SIN CERTIFICACI\u00d3N R90 <a data-boundary=\"window\" data-toggle=\"tooltip\" data-trigger=\"hover focus click\" style=\"color:red;cursor:pointer\" title=\"Este compuesto no est\u00e1 recomendado para uso en carretera en aquellos pa\u00edses que requieren certificaci\u00f3n R90.\"><br \/>\n<i class=\"fas fa-info-circle\"><\/i><br \/>\n<\/a><br \/>Para: D\u00eda de pista, uso ligero en carreras, GT trasero<br \/>Temperatura de funcionamiento \u00f3ptima: 0\u00b0 a 500\u00b0C\n                                                                                                                                            <\/p>","protected":false},"featured_media":66581,"template":"","meta":{"_crdt_document":"","inline_featured_image":false},"product_brand":[],"product_cat":[116],"product_tag":[],"class_list":{"0":"post-31035","1":"product","2":"type-product","3":"status-publish","4":"has-post-thumbnail","6":"product_cat-brake-pads","8":"first","9":"instock","10":"taxable","11":"shipping-taxable","12":"purchasable","13":"product-type-simple"},"supplier_id":null,"supplier_sku":"","barcode":null,"atum_controlled":true,"out_stock_date":null,"out_stock_threshold":null,"inheritable":false,"inbound_stock":null,"stock_on_hold":null,"sold_today":null,"sales_last_days":null,"reserved_stock":null,"customer_returns":null,"warehouse_damage":null,"lost_in_post":null,"other_logs":null,"out_stock_days":null,"lost_sales":null,"has_location":null,"update_date":null,"atum_locations":[],"atum_stock_status":"instock","restock_status":false,"low_stock_amount":"","sales_update_date":null,"calc_backorders":null,"_links":{"self":[{"href":"https:\/\/revmatch.eu\/es\/wp-json\/wp\/v2\/product\/31035","targetHints":{"allow":["GET"]}}],"collection":[{"href":"https:\/\/revmatch.eu\/es\/wp-json\/wp\/v2\/product"}],"about":[{"href":"https:\/\/revmatch.eu\/es\/wp-json\/wp\/v2\/types\/product"}],"version-history":[{"count":0,"href":"https:\/\/revmatch.eu\/es\/wp-json\/wp\/v2\/product\/31035\/revisions"}],"wp:featuredmedia":[{"embeddable":true,"href":"https:\/\/revmatch.eu\/es\/wp-json\/wp\/v2\/media\/66581"}],"wp:attachment":[{"href":"https:\/\/revmatch.eu\/es\/wp-json\/wp\/v2\/media?parent=31035"}],"wp:term":[{"taxonomy":"product_brand","embeddable":true,"href":"https:\/\/revmatch.eu\/es\/wp-json\/wp\/v2\/product_brand?post=31035"},{"taxonomy":"product_cat","embeddable":true,"href":"https:\/\/revmatch.eu\/es\/wp-json\/wp\/v2\/product_cat?post=31035"},{"taxonomy":"product_tag","embeddable":true,"href":"https:\/\/revmatch.eu\/es\/wp-json\/wp\/v2\/product_tag?post=31035"}],"curies":[{"name":"wp","href":"https:\/\/api.w.org\/{rel}","templated":true}]}}