{"id":31116,"date":"2023-05-23T11:25:02","date_gmt":"2023-05-23T10:25:02","guid":{"rendered":"http:\/\/revmatch.eu\/product\/ferodo-racing-ds2500-fcp1540h\/"},"modified":"2024-06-12T22:08:26","modified_gmt":"2024-06-12T21:08:26","slug":"ferodo-racing-ds2500-fcp1540h","status":"publish","type":"product","link":"https:\/\/revmatch.eu\/es\/product\/ferodo-racing-ds2500-fcp1540h\/","title":{"rendered":"Ferodo Racing DS2500 \u2013 FCP1540H"},"content":{"rendered":"<p><strong>FCP1540<\/strong><\/p>\n<p>\n<b>Compuesto: DS2500 <\/b><br \/>SIN CERTIFICACI\u00d3N R90 <a data-boundary=\"window\" data-toggle=\"tooltip\" data-trigger=\"hover focus click\" style=\"color:red;cursor:pointer\" title=\"Este compuesto no est\u00e1 recomendado para uso en carretera en aquellos pa\u00edses que requieren certificaci\u00f3n R90.\"><br \/>\n<i class=\"fas fa-info-circle\"><\/i><br \/>\n<\/a><br \/>Para: D\u00eda de pista, uso ligero en carreras, GT trasero<br \/>Temperatura de funcionamiento \u00f3ptima: 0\u00b0 a 500\u00b0C\n                                                                                                                                            <\/p>\n<p>&nbsp;<\/p>\n<p>Compatible con:<br \/>\n&nbsp;<\/p>\n<details>\n<summary>CHEVROLET<\/summary>\n<p>Vectra (F19) 3.2:<\/p>\n<ul>\n<li>kilovatios: 155<\/li>\n<li>DESDE &gt; HASTA: 2001 &gt; 2002<\/li>\n<li>POSICI\u00d3N: TRASERA<\/li>\n<\/ul>\n<\/details>\n<details>\n<summary>VADO<\/summary>\n<p>Fiesta R2 (especificaciones 2015):<\/p>\n<ul>\n<li>kilovatios: <\/li>\n<li>DESDE &gt; HASTA: 2015 &gt; <\/li>\n<li>POSICI\u00d3N: TRASERA<\/li>\n<\/ul>\n<p>Fiesta (5) R2 (Asfalto):<\/p>\n<ul>\n<li>kilovatios: 120<\/li>\n<li>DESDE &gt; HASTA: 2009 &gt; <\/li>\n<li>POSICI\u00d3N: TRASERA<\/li>\n<\/ul>\n<p>Fiesta (5) R2 (Grava):<\/p>\n<ul>\n<li>kilovatios: 120<\/li>\n<li>DESDE &gt; HASTA: 2009 &gt; <\/li>\n<li>POSICI\u00d3N: TRASERA<\/li>\n<\/ul>\n<\/details>\n<details>\n<summary>NISSAN<\/summary>\n<p>Primera 1.6 y P12:<\/p>\n<ul>\n<li>kilovatios: 78<\/li>\n<li>DESDE &gt; HASTA: 2002 &gt; <\/li>\n<li>POSICI\u00d3N: TRASERA<\/li>\n<\/ul>\n<p>Primera 1.8 y P12:<\/p>\n<ul>\n<li>kilovatios: 85<\/li>\n<li>DESDE &gt; HASTA: 2002 &gt; <\/li>\n<li>POSICI\u00d3N: TRASERA<\/li>\n<\/ul>\n<p>Primera 1.9 dCi P12:<\/p>\n<ul>\n<li>kilovatios: 88<\/li>\n<li>DESDE &gt; HASTA: 2003 &gt; <\/li>\n<li>POSICI\u00d3N: TRASERA<\/li>\n<\/ul>\n<p>Primera 2.0 y P12:<\/p>\n<ul>\n<li>kilovatios: 103<\/li>\n<li>DESDE &gt; HASTA: 2002 &gt; <\/li>\n<li>POSICI\u00d3N: TRASERA<\/li>\n<\/ul>\n<p>Primera 2.0 i P12 SW Estate:<\/p>\n<ul>\n<li>kilovatios: 103<\/li>\n<li>DESDE &gt; HASTA: 2002 &gt; <\/li>\n<li>POSICI\u00d3N: TRASERA<\/li>\n<\/ul>\n<p>Primera 2.2 TD del P12:<\/p>\n<ul>\n<li>KW: 93<\/li>\n<li>DESDE &gt; HASTA: 2002 &gt; <\/li>\n<li>POSICI\u00d3N: TRASERA<\/li>\n<\/ul>\n<p>Primera 2.2 dCi P12:<\/p>\n<ul>\n<li>kilovatios: 102<\/li>\n<li>DESDE &gt; HASTA: 2003 &gt; <\/li>\n<li>POSICI\u00d3N: TRASERA<\/li>\n<\/ul>\n<\/details>\n<details>\n<summary>OPEL<\/summary>\n<p>Signo (F48) 1.8:<\/p>\n<ul>\n<li>kilovatios: 90<\/li>\n<li>DESDE &gt; HASTA: 2003 &gt; 2005<\/li>\n<li>POSICI\u00d3N: TRASERA<\/li>\n<\/ul>\n<p>Vectra (F68) 1.8:<\/p>\n<ul>\n<li>kilovatios: 90<\/li>\n<li>DESDE &gt; HASTA: 2002 &gt; 2005<\/li>\n<li>POSICI\u00d3N: TRASERA<\/li>\n<\/ul>\n<p>Vectra (F68) 1.8:<\/p>\n<ul>\n<li>kilovatios: 81<\/li>\n<li>DESDE &gt; HASTA: 2002 &gt; 2006<\/li>\n<li>POSICI\u00d3N: TRASERA<\/li>\n<\/ul>\n<p>Vectra (F69) 1.8:<\/p>\n<ul>\n<li>kilovatios: 90<\/li>\n<li>DESDE &gt; HASTA: 2002 &gt; 2005<\/li>\n<li>POSICI\u00d3N: TRASERA<\/li>\n<\/ul>\n<p>Vectra (F69) 1.8:<\/p>\n<ul>\n<li>kilovatios: 81<\/li>\n<li>DESDE &gt; HASTA: 2002 &gt; 2003<\/li>\n<li>POSICI\u00d3N: TRASERA<\/li>\n<\/ul>\n<p>Signo (F48) 2.0 DTi:<\/p>\n<ul>\n<li>kilovatios: 74<\/li>\n<li>DESDE &gt; HASTA: 2003 &gt; 2004<\/li>\n<li>POSICI\u00d3N: TRASERA<\/li>\n<\/ul>\n<p>Vectra (F68) 2.0 DTi:<\/p>\n<ul>\n<li>kilovatios: 74<\/li>\n<li>DESDE &gt; HASTA: 2002 &gt; 2005<\/li>\n<li>POSICI\u00d3N: TRASERA<\/li>\n<\/ul>\n<p>Vectra (F69) 2.0 DTi:<\/p>\n<ul>\n<li>kilovatios: 74<\/li>\n<li>DESDE &gt; HASTA: 2002 &gt; 2005<\/li>\n<li>POSICI\u00d3N: TRASERA<\/li>\n<\/ul>\n<p>Signum (F48) 2.0 Turbo:<\/p>\n<ul>\n<li>kilovatios: 129<\/li>\n<li>DESDE &gt; HASTA: 2003 &gt; 2008<\/li>\n<li>POSICI\u00d3N: TRASERA<\/li>\n<\/ul>\n<p>Se\u00f1al (F48) 2.2 DTi:<\/p>\n<ul>\n<li>kilovatios: 92<\/li>\n<li>DESDE &gt; HASTA: 2003 &gt; 2004<\/li>\n<li>POSICI\u00d3N: TRASERA<\/li>\n<\/ul>\n<p>Vectra (F68) 2.2 DTi:<\/p>\n<ul>\n<li>kilovatios: 92<\/li>\n<li>DESDE &gt; HASTA: 2002 &gt; 2004<\/li>\n<li>POSICI\u00d3N: TRASERA<\/li>\n<\/ul>\n<p>Vectra (F69) 2.2 DTi:<\/p>\n<ul>\n<li>kilovatios: 92<\/li>\n<li>DESDE &gt; HASTA: 2002 &gt; 2004<\/li>\n<li>POSICI\u00d3N: TRASERA<\/li>\n<\/ul>\n<p>Vectra (F69) 2.2 DTi:<\/p>\n<ul>\n<li>kilovatios: 86<\/li>\n<li>DESDE &gt; HASTA: 2002 &gt; 2004<\/li>\n<li>POSICI\u00d3N: TRASERA<\/li>\n<\/ul>\n<p>Signo (F48) 2.2 DGi:<\/p>\n<ul>\n<li>kilovatios: 114<\/li>\n<li>DESDE &gt; HASTA: 2003 &gt; 2008<\/li>\n<li>POSICI\u00d3N: TRASERA<\/li>\n<\/ul>\n<p>Vectra (F68) 2.2:<\/p>\n<ul>\n<li>kilovatios: 108<\/li>\n<li>DESDE &gt; HASTA: 2002 &gt; 2004<\/li>\n<li>POSICI\u00d3N: TRASERA<\/li>\n<\/ul>\n<p>Vectra (F69) 2.2:<\/p>\n<ul>\n<li>kilovatios: 108<\/li>\n<li>DESDE &gt; HASTA: 2002 &gt; 2004<\/li>\n<li>POSICI\u00d3N: TRASERA<\/li>\n<\/ul>\n<p>Signum (F48) 3.0 V6 CDTi:<\/p>\n<ul>\n<li>kilovatios: 130<\/li>\n<li>DESDE &gt; HASTA: 2003 &gt; 2005<\/li>\n<li>POSICI\u00d3N: TRASERA<\/li>\n<\/ul>\n<p>Vectra (F68) 3.0 CDTi:<\/p>\n<ul>\n<li>kilovatios: 130<\/li>\n<li>DESDE &gt; HASTA: 2003 &gt; 2005<\/li>\n<li>POSICI\u00d3N: TRASERA<\/li>\n<\/ul>\n<p>Vectra (F69) 3.0 CDTi:<\/p>\n<ul>\n<li>kilovatios: 130<\/li>\n<li>DESDE &gt; HASTA: 2003 &gt; 2005<\/li>\n<li>POSICI\u00d3N: TRASERA<\/li>\n<\/ul>\n<p>Vectra (F68) 3.2:<\/p>\n<ul>\n<li>kilovatios: 155<\/li>\n<li>DESDE &gt; HASTA: 2002 &gt; 2005<\/li>\n<li>POSICI\u00d3N: TRASERA<\/li>\n<\/ul>\n<p>Vectra (F69) 3.2:<\/p>\n<ul>\n<li>kilovatios: 155<\/li>\n<li>DESDE &gt; HASTA: 2002 &gt; 2005<\/li>\n<li>POSICI\u00d3N: TRASERA<\/li>\n<\/ul>\n<\/details>\n<details>\n<summary>RENAULT<\/summary>\n<p>Laguna II 1.6i 16V:<\/p>\n<ul>\n<li>kilovatios: 76<\/li>\n<li>DESDE &gt; HASTA: 2001 &gt; <\/li>\n<li>POSICI\u00d3N: TRASERA<\/li>\n<\/ul>\n<p>Laguna II 1.6 i Berlina 16V:<\/p>\n<ul>\n<li>kilovatios: 79<\/li>\n<li>DESDE &gt; HASTA: 2001 &gt; <\/li>\n<li>POSICI\u00d3N: TRASERA<\/li>\n<\/ul>\n<p>Laguna II 1.6 i Grandtour 16V:<\/p>\n<ul>\n<li>kilovatios: 76<\/li>\n<li>DESDE &gt; HASTA: 2001 &gt; <\/li>\n<li>POSICI\u00d3N: TRASERA<\/li>\n<\/ul>\n<p>Laguna II 1.8i 16V:<\/p>\n<ul>\n<li>kilovatios: 86<\/li>\n<li>DESDE &gt; HASTA: 2001 &gt; <\/li>\n<li>POSICI\u00d3N: TRASERA<\/li>\n<\/ul>\n<p>Laguna II 1.8 i Berlina\/Grandtour 16V:<\/p>\n<ul>\n<li>kilovatios: 86<\/li>\n<li>DESDE &gt; HASTA: 2001 &gt; <\/li>\n<li>POSICI\u00d3N: TRASERA<\/li>\n<\/ul>\n<p>Espacio IV 1.9 dCi:<\/p>\n<ul>\n<li>kilovatios: 88<\/li>\n<li>DESDE &gt; HASTA: 2002 &gt; <\/li>\n<li>POSICI\u00d3N: TRASERA<\/li>\n<\/ul>\n<p>Laguna II 1.9 dCi:<\/p>\n<ul>\n<li>kilovatios: 88<\/li>\n<li>DESDE &gt; HASTA: 2001 &gt; <\/li>\n<li>POSICI\u00d3N: TRASERA<\/li>\n<\/ul>\n<p>Laguna II 1.9 dCi Berlina\/Grandtour:<\/p>\n<ul>\n<li>kilovatios: 88<\/li>\n<li>DESDE &gt; HASTA: 2001 &gt; <\/li>\n<li>POSICI\u00d3N: TRASERA<\/li>\n<\/ul>\n<p>Espacio IV 2.0 i:<\/p>\n<ul>\n<li>kilovatios: 127<\/li>\n<li>DESDE &gt; HASTA: 2002 &gt; <\/li>\n<li>POSICI\u00d3N: TRASERA<\/li>\n<\/ul>\n<p>Espacio IV 2.0 i Turbo:<\/p>\n<ul>\n<li>kilovatios: 120<\/li>\n<li>DESDE &gt; HASTA: 2002 &gt; <\/li>\n<li>POSICI\u00d3N: TRASERA<\/li>\n<\/ul>\n<p>Laguna II 2.0 i Berlina\/Grandtour 16V:<\/p>\n<ul>\n<li>kilovatios: 103<\/li>\n<li>DESDE &gt; HASTA: 2001 &gt; <\/li>\n<li>POSICI\u00d3N: TRASERA<\/li>\n<\/ul>\n<p>Vel Satis 2.0 i 16V:<\/p>\n<ul>\n<li>kilovatios: 120<\/li>\n<li>DESDE &gt; HASTA: 2002 &gt; <\/li>\n<li>POSICI\u00d3N: TRASERA<\/li>\n<\/ul>\n<p>Espacio IV 2.2 dCi:<\/p>\n<ul>\n<li>kilovatios: 110<\/li>\n<li>DESDE &gt; HASTA: 2002 &gt; <\/li>\n<li>POSICI\u00d3N: TRASERA<\/li>\n<\/ul>\n<p>Laguna II 2.2 dCi Berlina\/Grandtour:<\/p>\n<ul>\n<li>kilovatios: 110<\/li>\n<li>DESDE &gt; HASTA: 2001 &gt; <\/li>\n<li>POSICI\u00d3N: TRASERA<\/li>\n<\/ul>\n<p>Motor Vel Satis 2.2 dCi:<\/p>\n<ul>\n<li>kilovatios: 85<\/li>\n<li>DESDE &gt; HASTA: 2002 &gt; <\/li>\n<li>POSICI\u00d3N: TRASERA<\/li>\n<\/ul>\n<p>Espacio IV 3.0 i V6 24v:<\/p>\n<ul>\n<li>kilovatios: 133<\/li>\n<li>DESDE &gt; HASTA: 2002 &gt; <\/li>\n<li>POSICI\u00d3N: TRASERA<\/li>\n<\/ul>\n<p>Laguna II 3.0 i Berlina\/Grandtour 24v:<\/p>\n<ul>\n<li>kilovatios: 152<\/li>\n<li>DESDE &gt; HASTA: 2001 &gt; <\/li>\n<li>POSICI\u00d3N: TRASERA<\/li>\n<\/ul>\n<p>Motor 3.0 dCi V6:<\/p>\n<ul>\n<li>kilovatios: 130<\/li>\n<li>DESDE &gt; HASTA: 2002 &gt; <\/li>\n<li>POSICI\u00d3N: TRASERA<\/li>\n<\/ul>\n<p>Espacio IV 3.5 i V6:<\/p>\n<ul>\n<li>kilovatios: 177<\/li>\n<li>DESDE &gt; HASTA: 2002 &gt; <\/li>\n<li>POSICI\u00d3N: TRASERA<\/li>\n<\/ul>\n<p>Vel Satis 3.5 i V6:<\/p>\n<ul>\n<li>kilovatios: 177<\/li>\n<li>DESDE &gt; HASTA: 2002 &gt; <\/li>\n<li>POSICI\u00d3N: TRASERA<\/li>\n<\/ul>\n<\/details>\n<details>\n<summary>SAAB<\/summary>\n<p>9-3 Sport (D45\/D49) 2.0 Turbo:<\/p>\n<ul>\n<li>kilovatios: 129<\/li>\n<li>DESDE &gt; HASTA: 2002 &gt; 2012<\/li>\n<li>POSICI\u00d3N: TRASERA<\/li>\n<\/ul>\n<p>9-3 Deporte (D45\/D49) 2.0:<\/p>\n<ul>\n<li>kilovatios: 110<\/li>\n<li>DESDE &gt; HASTA: 2002 &gt; 2012<\/li>\n<li>POSICI\u00d3N: TRASERA<\/li>\n<\/ul>\n<p>9-3 Deportivo (D46\/D49) 2.0 Turbo:<\/p>\n<ul>\n<li>kilovatios: 154<\/li>\n<li>DESDE &gt; HASTA: 2002 &gt; 2012<\/li>\n<li>POSICI\u00d3N: TRASERA<\/li>\n<\/ul>\n<p>9-3 Deportivo (D45\/D49) 2.2 TiD:<\/p>\n<ul>\n<li>kilovatios: 92<\/li>\n<li>DESDE &gt; HASTA: 2002 &gt; 2004<\/li>\n<li>POSICI\u00d3N: TRASERA<\/li>\n<\/ul>\n<\/details>\n<details>\n<summary>VAUXHALL<\/summary>\n<p>Signo (F48) 1.8:<\/p>\n<ul>\n<li>kilovatios: 90<\/li>\n<li>DESDE &gt; HASTA: 2003 &gt; 2005<\/li>\n<li>POSICI\u00d3N: TRASERA<\/li>\n<\/ul>\n<p>Vectra (F35) 1.8:<\/p>\n<ul>\n<li>kilovatios: 81<\/li>\n<li>DESDE &gt; HASTA: 2002 &gt; 2008<\/li>\n<li>POSICI\u00d3N: TRASERA<\/li>\n<\/ul>\n<p>Vectra (F35) 1.8:<\/p>\n<ul>\n<li>kilovatios: 90<\/li>\n<li>DESDE &gt; HASTA: 2002 &gt; 2005<\/li>\n<li>POSICI\u00d3N: TRASERA<\/li>\n<\/ul>\n<p>Vectra (F68) 1.8:<\/p>\n<ul>\n<li>kilovatios: 90<\/li>\n<li>DESDE &gt; HASTA: 2002 &gt; 2008<\/li>\n<li>POSICI\u00d3N: TRASERA<\/li>\n<\/ul>\n<p>Vectra (F69) 1.8:<\/p>\n<ul>\n<li>kilovatios: 81<\/li>\n<li>DESDE &gt; HASTA: 2002 &gt; 2008<\/li>\n<li>POSICI\u00d3N: TRASERA<\/li>\n<\/ul>\n<p>Vectra (F69) 1.8 DualFuel:<\/p>\n<ul>\n<li>kilovatios: 90<\/li>\n<li>DESDE &gt; HASTA: 2002 &gt; 2008<\/li>\n<li>POSICI\u00d3N: TRASERA<\/li>\n<\/ul>\n<p>Vectra (F35) 2.0 DTi:<\/p>\n<ul>\n<li>kilovatios: 74<\/li>\n<li>DESDE &gt; HASTA: 2002 &gt; 2005<\/li>\n<li>POSICI\u00d3N: TRASERA<\/li>\n<\/ul>\n<p>Signum (F48) 2.0 I Turbo:<\/p>\n<ul>\n<li>kilovatios: 129<\/li>\n<li>DESDE &gt; HASTA: 2003 &gt; 2008<\/li>\n<li>POSICI\u00d3N: TRASERA<\/li>\n<\/ul>\n<p>Vectra (F35) 2.2 DTi:<\/p>\n<ul>\n<li>kilovatios: 92<\/li>\n<li>DESDE &gt; HASTA: 2003 &gt; 2008<\/li>\n<li>POSICI\u00d3N: TRASERA<\/li>\n<\/ul>\n<p>Vectra (F68) 2.2 DTi:<\/p>\n<ul>\n<li>kilovatios: 92<\/li>\n<li>DESDE &gt; HASTA: 2002 &gt; 2008<\/li>\n<li>POSICI\u00d3N: TRASERA<\/li>\n<\/ul>\n<p>Vectra (F69) 2.2 DTi:<\/p>\n<ul>\n<li>kilovatios: 92<\/li>\n<li>DESDE &gt; HASTA: 2002 &gt; 2004<\/li>\n<li>POSICI\u00d3N: TRASERA<\/li>\n<\/ul>\n<p>Signo (F48) 2.2 DGi:<\/p>\n<ul>\n<li>kilovatios: 114<\/li>\n<li>DESDE &gt; HASTA: 2003 &gt; 2008<\/li>\n<li>POSICI\u00d3N: TRASERA<\/li>\n<\/ul>\n<p>Vectra (F68) 2.2:<\/p>\n<ul>\n<li>kilovatios: 108<\/li>\n<li>DESDE &gt; HASTA: 2002 &gt; 2008<\/li>\n<li>POSICI\u00d3N: TRASERA<\/li>\n<\/ul>\n<p>Vectra (F69) 2.2:<\/p>\n<ul>\n<li>kilovatios: 108<\/li>\n<li>DESDE &gt; HASTA: 2002 &gt; 2008<\/li>\n<li>POSICI\u00d3N: TRASERA<\/li>\n<\/ul>\n<p>Se\u00f1al (F48) 3.0 CDTi:<\/p>\n<ul>\n<li>kilovatios: 130<\/li>\n<li>DESDE &gt; HASTA: 2003 &gt; 2005<\/li>\n<li>POSICI\u00d3N: TRASERA<\/li>\n<\/ul>\n<p>Vectra (F35) 3.0 CDTi:<\/p>\n<ul>\n<li>kilovatios: 130<\/li>\n<li>DESDE &gt; HASTA: 2002 &gt; 2005<\/li>\n<li>POSICI\u00d3N: TRASERA<\/li>\n<\/ul>\n<p>Signo (F48) 3.2 DGi:<\/p>\n<ul>\n<li>kilovatios: 155<\/li>\n<li>DESDE &gt; HASTA: 2003 &gt; 2005<\/li>\n<li>POSICI\u00d3N: TRASERA<\/li>\n<\/ul>\n<p>Vectra (F35) 3.2:<\/p>\n<ul>\n<li>kilovatios: 155<\/li>\n<li>DESDE &gt; HASTA: 2002 &gt; 2005<\/li>\n<li>POSICI\u00d3N: TRASERA<\/li>\n<\/ul>\n<\/details>","protected":false},"excerpt":{"rendered":"<p><strong>FCP1540<\/strong><\/p>\n<p>\n<b>Compuesto: DS2500 <\/b><br \/>SIN CERTIFICACI\u00d3N R90 <a data-boundary=\"window\" data-toggle=\"tooltip\" data-trigger=\"hover focus click\" style=\"color:red;cursor:pointer\" title=\"Este compuesto no est\u00e1 recomendado para uso en carretera en aquellos pa\u00edses que requieren certificaci\u00f3n R90.\"><br \/>\n<i class=\"fas fa-info-circle\"><\/i><br \/>\n<\/a><br \/>Para: D\u00eda de pista, uso ligero en carreras, GT trasero<br \/>Temperatura de funcionamiento \u00f3ptima: 0\u00b0 a 500\u00b0C\n                                                                                                                                            <\/p>","protected":false},"featured_media":66602,"template":"","meta":{"_crdt_document":"","inline_featured_image":false},"product_brand":[],"product_cat":[116],"product_tag":[],"class_list":{"0":"post-31116","1":"product","2":"type-product","3":"status-publish","4":"has-post-thumbnail","6":"product_cat-brake-pads","8":"first","9":"instock","10":"taxable","11":"shipping-taxable","12":"purchasable","13":"product-type-simple"},"supplier_id":null,"supplier_sku":"","barcode":null,"atum_controlled":true,"out_stock_date":null,"out_stock_threshold":null,"inheritable":false,"inbound_stock":null,"stock_on_hold":null,"sold_today":null,"sales_last_days":null,"reserved_stock":null,"customer_returns":null,"warehouse_damage":null,"lost_in_post":null,"other_logs":null,"out_stock_days":null,"lost_sales":null,"has_location":null,"update_date":null,"atum_locations":[],"atum_stock_status":"instock","restock_status":false,"low_stock_amount":"","sales_update_date":null,"calc_backorders":null,"_links":{"self":[{"href":"https:\/\/revmatch.eu\/es\/wp-json\/wp\/v2\/product\/31116","targetHints":{"allow":["GET"]}}],"collection":[{"href":"https:\/\/revmatch.eu\/es\/wp-json\/wp\/v2\/product"}],"about":[{"href":"https:\/\/revmatch.eu\/es\/wp-json\/wp\/v2\/types\/product"}],"version-history":[{"count":0,"href":"https:\/\/revmatch.eu\/es\/wp-json\/wp\/v2\/product\/31116\/revisions"}],"wp:featuredmedia":[{"embeddable":true,"href":"https:\/\/revmatch.eu\/es\/wp-json\/wp\/v2\/media\/66602"}],"wp:attachment":[{"href":"https:\/\/revmatch.eu\/es\/wp-json\/wp\/v2\/media?parent=31116"}],"wp:term":[{"taxonomy":"product_brand","embeddable":true,"href":"https:\/\/revmatch.eu\/es\/wp-json\/wp\/v2\/product_brand?post=31116"},{"taxonomy":"product_cat","embeddable":true,"href":"https:\/\/revmatch.eu\/es\/wp-json\/wp\/v2\/product_cat?post=31116"},{"taxonomy":"product_tag","embeddable":true,"href":"https:\/\/revmatch.eu\/es\/wp-json\/wp\/v2\/product_tag?post=31116"}],"curies":[{"name":"wp","href":"https:\/\/api.w.org\/{rel}","templated":true}]}}