{"id":31149,"date":"2023-05-23T11:26:01","date_gmt":"2023-05-23T10:26:01","guid":{"rendered":"http:\/\/revmatch.eu\/product\/ferodo-racing-ds2500-fcp1628h\/"},"modified":"2024-06-12T22:08:36","modified_gmt":"2024-06-12T21:08:36","slug":"ferodo-racing-ds2500-fcp1628h","status":"publish","type":"product","link":"https:\/\/revmatch.eu\/es\/producto\/ferodo-racing-ds2500-fcp1628h\/","title":{"rendered":"Ferodo Racing DS2500 \u2013 FCP1628H"},"content":{"rendered":"<p><strong>FCP1628<\/strong><\/p>\n<p>\n<b>Compuesto: DS2500 <\/b><br \/>SIN CERTIFICACI\u00d3N R90 <a data-boundary=\"window\" data-toggle=\"tooltip\" data-trigger=\"hover focus click\" style=\"color:red;cursor:pointer\" title=\"Este compuesto no est\u00e1 recomendado para uso en carretera en aquellos pa\u00edses que requieren certificaci\u00f3n R90.\"><br \/>\n<i class=\"fas fa-info-circle\"><\/i><br \/>\n<\/a><br \/>Para: D\u00eda de pista, uso ligero en carreras, GT trasero<br \/>Temperatura de funcionamiento \u00f3ptima: 0\u00b0 a 500\u00b0C\n                                                                                                                                            <\/p>\n<p>&nbsp;<\/p>\n<p>Compatible con:<br \/>\n&nbsp;<\/p>\n<details>\n<summary>BMW<\/summary>\n<p>5 Berlina (E60) 520i:<\/p>\n<ul>\n<li>kilovatios: 125<\/li>\n<li>DESDE &gt; HASTA: 2003 &gt; 2010<\/li>\n<li>POSICI\u00d3N: DELANTERO<\/li>\n<\/ul>\n<p>5 Turismo (E39) 520 i:<\/p>\n<ul>\n<li>kilovatios: 125<\/li>\n<li>DESDE &gt; HASTA: 2000 &gt; 2004<\/li>\n<li>POSICI\u00d3N: DELANTERO<\/li>\n<\/ul>\n<p>5 Turismo (E61) 520d:<\/p>\n<ul>\n<li>kilovatios: 120<\/li>\n<li>DESDE &gt; HASTA: 2005 &gt; <\/li>\n<li>POSICI\u00d3N: DELANTERO<\/li>\n<\/ul>\n<p>5 Turismo (E61) 520i:<\/p>\n<ul>\n<li>kilovatios: 163<\/li>\n<li>DESDE &gt; HASTA: 2005 &gt; <\/li>\n<li>POSICI\u00d3N: DELANTERO<\/li>\n<\/ul>\n<p>5 Berlina (E60) 523i:<\/p>\n<ul>\n<li>kilovatios: 130<\/li>\n<li>DESDE &gt; HASTA: 2005 &gt; <\/li>\n<li>POSICI\u00d3N: DELANTERO<\/li>\n<\/ul>\n<p>5 Turismo (E61) 523i:<\/p>\n<ul>\n<li>kilovatios: 130<\/li>\n<li>DESDE &gt; HASTA: 2005 &gt; <\/li>\n<li>POSICI\u00d3N: DELANTERO<\/li>\n<\/ul>\n<p>5 Berlina (E60) 525i:<\/p>\n<ul>\n<li>kilovatios: 141<\/li>\n<li>DESDE &gt; HASTA: 2003 &gt; <\/li>\n<li>POSICI\u00d3N: DELANTERO<\/li>\n<\/ul>\n<p>5 Berlina (E60) 525i:<\/p>\n<ul>\n<li>kilovatios: 160<\/li>\n<li>DESDE &gt; HASTA: 2005 &gt; <\/li>\n<li>POSICI\u00d3N: DELANTERO<\/li>\n<\/ul>\n<p>5 Berlina (E60) 525d:<\/p>\n<ul>\n<li>kilovatios: 130<\/li>\n<li>DESDE &gt; HASTA: 2004 &gt; 2010<\/li>\n<li>POSICI\u00d3N: DELANTERO<\/li>\n<\/ul>\n<p>5 Berlina (E60) 525d:<\/p>\n<ul>\n<li>kilovatios: 120<\/li>\n<li>DESDE &gt; HASTA: 2004 &gt; 2010<\/li>\n<li>POSICI\u00d3N: DELANTERO<\/li>\n<\/ul>\n<p>5 Berlina (E60) 525xi:<\/p>\n<ul>\n<li>kilovatios: 160<\/li>\n<li>DESDE &gt; HASTA: 2005 &gt; <\/li>\n<li>POSICI\u00d3N: DELANTERO<\/li>\n<\/ul>\n<p>5 Turismo (E61) 525d:<\/p>\n<ul>\n<li>kilovatios: 130<\/li>\n<li>DESDE &gt; HASTA: 2004 &gt; <\/li>\n<li>POSICI\u00d3N: DELANTERO<\/li>\n<\/ul>\n<p>5 Turismo (E61) 525i:<\/p>\n<ul>\n<li>kilovatios: 141<\/li>\n<li>DESDE &gt; HASTA: 2004 &gt; <\/li>\n<li>POSICI\u00d3N: DELANTERO<\/li>\n<\/ul>\n<p>5 Turismo (E61) 525d:<\/p>\n<ul>\n<li>kilovatios: 120<\/li>\n<li>DESDE &gt; HASTA: 2004 &gt; <\/li>\n<li>POSICI\u00d3N: DELANTERO<\/li>\n<\/ul>\n<p>5 Turismo (E61) 525i:<\/p>\n<ul>\n<li>kilovatios: 160<\/li>\n<li>DESDE &gt; HASTA: 2005 &gt; <\/li>\n<li>POSICI\u00d3N: DELANTERO<\/li>\n<\/ul>\n<p>5 Turismo (E61) 525xi:<\/p>\n<ul>\n<li>kilovatios: 160<\/li>\n<li>DESDE &gt; HASTA: 2005 &gt; <\/li>\n<li>POSICI\u00d3N: DELANTERO<\/li>\n<\/ul>\n<p>3 Descapotable (E93) 335 i:<\/p>\n<ul>\n<li>kilovatios: 225<\/li>\n<li>DESDE &gt; HASTA: 2007 &gt; <\/li>\n<li>POSICI\u00d3N: DELANTERO<\/li>\n<\/ul>\n<p>3 Coup\u00e9 (E92) 335 i:<\/p>\n<ul>\n<li>kilovatios: 225<\/li>\n<li>DESDE &gt; HASTA: 2005 &gt; 2012<\/li>\n<li>POSICI\u00d3N: DELANTERO<\/li>\n<\/ul>\n<p>Z4 Roadster (E89) sDrive 35i:<\/p>\n<ul>\n<li>kilovatios: 225<\/li>\n<li>DESDE &gt; HASTA: 2009 &gt; 2016<\/li>\n<li>POSICI\u00d3N: DELANTERO<\/li>\n<\/ul>\n<p>Z4 Roadster (E89) sDrive 35is:<\/p>\n<ul>\n<li>kilovatios: 250<\/li>\n<li>DESDE &gt; HASTA: 2010 &gt; 2016<\/li>\n<li>POSICI\u00d3N: DELANTERO<\/li>\n<\/ul>\n<p>3 (E91) 330i Touring 3.0:<\/p>\n<ul>\n<li>kilovatios: 190<\/li>\n<li>DESDE &gt; HASTA: 2005 &gt; <\/li>\n<li>POSICI\u00d3N: DELANTERO<\/li>\n<\/ul>\n<p>3 (E91) 330i Touring 3.0 Xi:<\/p>\n<ul>\n<li>kilovatios: 190<\/li>\n<li>DESDE &gt; HASTA: 2005 &gt; <\/li>\n<li>POSICI\u00d3N: DELANTERO<\/li>\n<\/ul>\n<p>X1 (E84) xDrive 28i:<\/p>\n<ul>\n<li>kilovatios: 190<\/li>\n<li>DESDE &gt; HASTA: 2009 &gt; 2011<\/li>\n<li>POSICI\u00d3N: DELANTERO<\/li>\n<\/ul>\n<p>X1 (E84) xDrive 28i:<\/p>\n<ul>\n<li>KW: 194,17<\/li>\n<li>DESDE &gt; HASTA: 2010 &gt; 2011<\/li>\n<li>POSICI\u00d3N: DELANTERO<\/li>\n<\/ul>\n<p>3 Turismo (E91) 330d:<\/p>\n<ul>\n<li>kilovatios: 170<\/li>\n<li>DESDE &gt; HASTA: 2005 &gt; <\/li>\n<li>POSICI\u00d3N: DELANTERO<\/li>\n<\/ul>\n<p>3 Turismo (E91) 330xd:<\/p>\n<ul>\n<li>kilovatios: 170<\/li>\n<li>DESDE &gt; HASTA: 2005 &gt; <\/li>\n<li>POSICI\u00d3N: DELANTERO<\/li>\n<\/ul>\n<p>3 Turismo (E91) 330i:<\/p>\n<ul>\n<li>kilovatios: 200<\/li>\n<li>DESDE &gt; HASTA: 2007 &gt; <\/li>\n<li>POSICI\u00d3N: DELANTERO<\/li>\n<\/ul>\n<p>3 Turismo (E91) 330xi:<\/p>\n<ul>\n<li>kilovatios: 200<\/li>\n<li>DESDE &gt; HASTA: 2007 &gt; <\/li>\n<li>POSICI\u00d3N: DELANTERO<\/li>\n<\/ul>\n<p>5 Berlina (E60) 530d:<\/p>\n<ul>\n<li>kilovatios: 160<\/li>\n<li>DESDE &gt; HASTA: 2003 &gt; 2010<\/li>\n<li>POSICI\u00d3N: DELANTERO<\/li>\n<\/ul>\n<p>5 Berlina (E60) 530d:<\/p>\n<ul>\n<li>kilovatios: 170<\/li>\n<li>DESDE &gt; HASTA: 2003 &gt; 2010<\/li>\n<li>POSICI\u00d3N: DELANTERO<\/li>\n<\/ul>\n<p>5 Berlina (E60) 530i:<\/p>\n<ul>\n<li>kilovatios: 170<\/li>\n<li>DESDE &gt; HASTA: 2003 &gt; <\/li>\n<li>POSICI\u00d3N: DELANTERO<\/li>\n<\/ul>\n<p>5 Berlina (E60) 530i:<\/p>\n<ul>\n<li>kilovatios: 190<\/li>\n<li>DESDE &gt; HASTA: 2005 &gt; <\/li>\n<li>POSICI\u00d3N: DELANTERO<\/li>\n<\/ul>\n<p>5 Berlina (E60) 530xd:<\/p>\n<ul>\n<li>kilovatios: 170<\/li>\n<li>DESDE &gt; HASTA: 2005 &gt; <\/li>\n<li>POSICI\u00d3N: DELANTERO<\/li>\n<\/ul>\n<p>5 Berlina (E60) 530xi:<\/p>\n<ul>\n<li>kilovatios: 190<\/li>\n<li>DESDE &gt; HASTA: 2005 &gt; <\/li>\n<li>POSICI\u00d3N: DELANTERO<\/li>\n<\/ul>\n<p>5 Turismo (E61) 530d:<\/p>\n<ul>\n<li>kilovatios: 160<\/li>\n<li>DESDE &gt; HASTA: 2004 &gt; <\/li>\n<li>POSICI\u00d3N: DELANTERO<\/li>\n<\/ul>\n<p>5 Touring (E61) Todos los 530i:<\/p>\n<ul>\n<li>N\u00famero de serie: 231<\/li>\n<li>DESDE &gt; HASTA: 2004 &gt; <\/li>\n<li>POSICI\u00d3N: DELANTERO<\/li>\n<\/ul>\n<p>5 Turismo (E61) 530xd:<\/p>\n<ul>\n<li>kilovatios: 170<\/li>\n<li>DESDE &gt; HASTA: 2005 &gt; <\/li>\n<li>POSICI\u00d3N: DELANTERO<\/li>\n<\/ul>\n<p>5 Turismo (E61) 530xi:<\/p>\n<ul>\n<li>kilovatios: 190<\/li>\n<li>DESDE &gt; HASTA: 2005 &gt; <\/li>\n<li>POSICI\u00d3N: DELANTERO<\/li>\n<\/ul>\n<p>5 Touring (E61) Todos los 530i:<\/p>\n<ul>\n<li>kilovatios: 258<\/li>\n<li>DESDE &gt; HASTA: 2005 &gt; <\/li>\n<li>POSICI\u00d3N: DELANTERO<\/li>\n<\/ul>\n<p>6 (E63) 630i:<\/p>\n<ul>\n<li>kilovatios: 190<\/li>\n<li>DESDE &gt; HASTA: 2004 &gt; <\/li>\n<li>POSICI\u00d3N: DELANTERO<\/li>\n<\/ul>\n<p>6 Descapotable (E64) 630i:<\/p>\n<ul>\n<li>kilovatios: 190<\/li>\n<li>DESDE &gt; HASTA: 2004 &gt; <\/li>\n<li>POSICI\u00d3N: DELANTERO<\/li>\n<\/ul>\n<p>7 (E65, E66, E67) 730 d\u00edas:<\/p>\n<ul>\n<li>kilovatios: 160<\/li>\n<li>DESDE &gt; HASTA: 2002 &gt; <\/li>\n<li>POSICI\u00d3N: DELANTERO<\/li>\n<\/ul>\n<p>7 (E65, E66, E67) 730 i,Li:<\/p>\n<ul>\n<li>kilovatios: 170<\/li>\n<li>DESDE &gt; HASTA: 2003 &gt; <\/li>\n<li>POSICI\u00d3N: DELANTERO<\/li>\n<\/ul>\n<p>7 (E65, E66, E67) 730 i,Li:<\/p>\n<ul>\n<li>kilovatios: 190<\/li>\n<li>DESDE &gt; HASTA: 2005 &gt; <\/li>\n<li>POSICI\u00d3N: DELANTERO<\/li>\n<\/ul>\n<p>7 (E65, E66, E67) 730 litros:<\/p>\n<ul>\n<li>kilovatios: 170<\/li>\n<li>DESDE &gt; HASTA: 2005 &gt; <\/li>\n<li>POSICI\u00d3N: DELANTERO<\/li>\n<\/ul>\n<p>1 pinza est\u00e1ndar (E82) 3.0 M Coup\u00e9:<\/p>\n<ul>\n<li>kilovatios: 250<\/li>\n<li>DESDE &gt; HASTA: 2011 &gt; <\/li>\n<li>POSICI\u00d3N: DELANTERO<\/li>\n<\/ul>\n<p>3 (E92) Los 3 M3 Coup\u00e9:<\/p>\n<ul>\n<li>kilovatios: 309<\/li>\n<li>DESDE &gt; HASTA: 2007 &gt; <\/li>\n<li>POSICI\u00d3N: DELANTERO<\/li>\n<\/ul>\n<p>3 (E90) 335i:<\/p>\n<ul>\n<li>kilovatios: 225<\/li>\n<li>DESDE &gt; HASTA: 2006 &gt; 2011<\/li>\n<li>POSICI\u00d3N: DELANTERO<\/li>\n<\/ul>\n<p>3 Turismo (E91) 335d:<\/p>\n<ul>\n<li>kilovatios: 210<\/li>\n<li>DESDE &gt; HASTA: 2006 &gt; <\/li>\n<li>POSICI\u00d3N: DELANTERO<\/li>\n<\/ul>\n<p>3 Turismo (E91) 335i:<\/p>\n<ul>\n<li>kilovatios: 225<\/li>\n<li>DESDE &gt; HASTA: 2006 &gt; <\/li>\n<li>POSICI\u00d3N: DELANTERO<\/li>\n<\/ul>\n<p>7 (E65, E66, E67) 735 i,Li:<\/p>\n<ul>\n<li>kilovatios: 200<\/li>\n<li>DESDE &gt; HASTA: 2001 &gt; <\/li>\n<li>POSICI\u00d3N: DELANTERO<\/li>\n<\/ul>\n<p>5 Berlina (E60) 540i:<\/p>\n<ul>\n<li>kilovatios: 225<\/li>\n<li>DESDE &gt; HASTA: 2005 &gt; <\/li>\n<li>POSICI\u00d3N: DELANTERO<\/li>\n<\/ul>\n<p>7 (E65, E66, E67) 740 d\u00edas:<\/p>\n<ul>\n<li>kilovatios: 190<\/li>\n<li>DESDE &gt; HASTA: 2002 &gt; <\/li>\n<li>POSICI\u00d3N: DELANTERO<\/li>\n<\/ul>\n<p>7 (E65, E66, E67) Todos los 740 i,Li:<\/p>\n<ul>\n<li>kilovatios: 225<\/li>\n<li>DESDE &gt; HASTA: 2005 &gt; <\/li>\n<li>POSICI\u00d3N: DELANTERO<\/li>\n<\/ul>\n<p>5 Berlina (E60) Todos los 545i:<\/p>\n<ul>\n<li>kilovatios: 245<\/li>\n<li>DESDE &gt; HASTA: 2003 &gt; <\/li>\n<li>POSICI\u00d3N: DELANTERO<\/li>\n<\/ul>\n<p>5 Turismo (E61) 545i:<\/p>\n<ul>\n<li>kilovatios: 245<\/li>\n<li>DESDE &gt; HASTA: 2004 &gt; <\/li>\n<li>POSICI\u00d3N: DELANTERO<\/li>\n<\/ul>\n<p>6 (E63) 645Ci:<\/p>\n<ul>\n<li>kilovatios: 245<\/li>\n<li>DESDE &gt; HASTA: 2004 &gt; <\/li>\n<li>POSICI\u00d3N: DELANTERO<\/li>\n<\/ul>\n<p>6 Descapotable (E64) 645Ci:<\/p>\n<ul>\n<li>kilovatios: 245<\/li>\n<li>DESDE &gt; HASTA: 2004 &gt; <\/li>\n<li>POSICI\u00d3N: DELANTERO<\/li>\n<\/ul>\n<p>7 (E65, E66, E67) 745 i,Li:<\/p>\n<ul>\n<li>kilovatios: 245<\/li>\n<li>DESDE &gt; HASTA: 2001 &gt; <\/li>\n<li>POSICI\u00d3N: DELANTERO<\/li>\n<\/ul>\n<p>7 (E65, E66, E67) 745 d\u00edas:<\/p>\n<ul>\n<li>kilovatios: 242<\/li>\n<li>DESDE &gt; HASTA: 2005 &gt; <\/li>\n<li>POSICI\u00d3N: DELANTERO<\/li>\n<\/ul>\n<\/details>","protected":false},"excerpt":{"rendered":"<p><strong>FCP1628<\/strong><\/p>\n<p>\n<b>Compuesto: DS2500 <\/b><br \/>SIN CERTIFICACI\u00d3N R90 <a data-boundary=\"window\" data-toggle=\"tooltip\" data-trigger=\"hover focus click\" style=\"color:red;cursor:pointer\" title=\"Este compuesto no est\u00e1 recomendado para uso en carretera en aquellos pa\u00edses que requieren certificaci\u00f3n R90.\"><br \/>\n<i class=\"fas fa-info-circle\"><\/i><br \/>\n<\/a><br \/>Para: D\u00eda de pista, uso ligero en carreras, GT trasero<br \/>Temperatura de funcionamiento \u00f3ptima: 0\u00b0 a 500\u00b0C\n                                                                                                                                            <\/p>","protected":false},"featured_media":66611,"template":"","meta":{"_crdt_document":"","inline_featured_image":false},"product_brand":[],"product_cat":[116],"product_tag":[],"class_list":{"0":"post-31149","1":"product","2":"type-product","3":"status-publish","4":"has-post-thumbnail","6":"product_cat-brake-pads","8":"first","9":"instock","10":"taxable","11":"shipping-taxable","12":"purchasable","13":"product-type-simple"},"supplier_id":null,"supplier_sku":"","barcode":null,"atum_controlled":true,"out_stock_date":null,"out_stock_threshold":null,"inheritable":false,"inbound_stock":null,"stock_on_hold":null,"sold_today":null,"sales_last_days":null,"reserved_stock":null,"customer_returns":null,"warehouse_damage":null,"lost_in_post":null,"other_logs":null,"out_stock_days":null,"lost_sales":null,"has_location":null,"update_date":null,"atum_locations":[],"atum_stock_status":"instock","restock_status":false,"low_stock_amount":"","sales_update_date":null,"calc_backorders":null,"_links":{"self":[{"href":"https:\/\/revmatch.eu\/es\/wp-json\/wp\/v2\/product\/31149","targetHints":{"allow":["GET"]}}],"collection":[{"href":"https:\/\/revmatch.eu\/es\/wp-json\/wp\/v2\/product"}],"about":[{"href":"https:\/\/revmatch.eu\/es\/wp-json\/wp\/v2\/types\/product"}],"version-history":[{"count":0,"href":"https:\/\/revmatch.eu\/es\/wp-json\/wp\/v2\/product\/31149\/revisions"}],"wp:featuredmedia":[{"embeddable":true,"href":"https:\/\/revmatch.eu\/es\/wp-json\/wp\/v2\/media\/66611"}],"wp:attachment":[{"href":"https:\/\/revmatch.eu\/es\/wp-json\/wp\/v2\/media?parent=31149"}],"wp:term":[{"taxonomy":"product_brand","embeddable":true,"href":"https:\/\/revmatch.eu\/es\/wp-json\/wp\/v2\/product_brand?post=31149"},{"taxonomy":"product_cat","embeddable":true,"href":"https:\/\/revmatch.eu\/es\/wp-json\/wp\/v2\/product_cat?post=31149"},{"taxonomy":"product_tag","embeddable":true,"href":"https:\/\/revmatch.eu\/es\/wp-json\/wp\/v2\/product_tag?post=31149"}],"curies":[{"name":"wp","href":"https:\/\/api.w.org\/{rel}","templated":true}]}}