{"id":31167,"date":"2023-05-23T11:26:41","date_gmt":"2023-05-23T10:26:41","guid":{"rendered":"http:\/\/revmatch.eu\/product\/ferodo-racing-ds2500-fcp1655h\/"},"modified":"2024-06-12T22:09:02","modified_gmt":"2024-06-12T21:09:02","slug":"ferodo-racing-ds2500-fcp1655h","status":"publish","type":"product","link":"https:\/\/revmatch.eu\/es\/producto\/ferodo-racing-ds2500-fcp1655h\/","title":{"rendered":"Ferodo Racing DS2500 \u2013 FCP1655H"},"content":{"rendered":"<p><strong>FCP1655<\/strong><\/p>\n<p>\n<b>Compuesto: DS2500 <\/b><br \/>SIN CERTIFICACI\u00d3N R90 <a data-boundary=\"window\" data-toggle=\"tooltip\" data-trigger=\"hover focus click\" style=\"color:red;cursor:pointer\" title=\"Este compuesto no est\u00e1 recomendado para uso en carretera en aquellos pa\u00edses que requieren certificaci\u00f3n R90.\"><br \/>\n<i class=\"fas fa-info-circle\"><\/i><br \/>\n<\/a><br \/>Para: D\u00eda de pista, uso ligero en carreras, GT trasero<br \/>Temperatura de funcionamiento \u00f3ptima: 0\u00b0 a 500\u00b0C\n                                                                                                                                            <\/p>\n<p>&nbsp;<\/p>\n<p>Compatible con:<br \/>\n&nbsp;<\/p>\n<details>\n<summary>AUDI<\/summary>\n<p>A6 (4F2, C6) 2.0 TDI:<\/p>\n<ul>\n<li>kilovatios: 100<\/li>\n<li>DESDE &gt; HASTA: 2004 &gt; 2011<\/li>\n<li>POSICI\u00d3N: TRASERA<\/li>\n<\/ul>\n<p>A6 (4F2, C6) 2.0 TDI:<\/p>\n<ul>\n<li>kilovatios: 103<\/li>\n<li>DESDE &gt; HASTA: 2004 &gt; 2008<\/li>\n<li>POSICI\u00d3N: TRASERA<\/li>\n<\/ul>\n<p>A6 (4F2, C6) 2.0 TDI:<\/p>\n<ul>\n<li>kilovatios: 89<\/li>\n<li>DESDE &gt; HASTA: 2005 &gt; 2006<\/li>\n<li>POSICI\u00d3N: TRASERA<\/li>\n<\/ul>\n<p>A6 (4F2, C6) 2.0 TDI:<\/p>\n<ul>\n<li>kilovatios: 125<\/li>\n<li>DESDE &gt; HASTA: 2008 &gt; 2011<\/li>\n<li>POSICI\u00d3N: TRASERA<\/li>\n<\/ul>\n<p>A6 (4F2, C6) 2.0 TDI:<\/p>\n<ul>\n<li>kilovatios: 120<\/li>\n<li>DESDE &gt; HASTA: 2009 &gt; 2011<\/li>\n<li>POSICI\u00d3N: TRASERA<\/li>\n<\/ul>\n<p>Audi A6 Avant (4F5, C6) 2.0 TDI:<\/p>\n<ul>\n<li>kilovatios: 100<\/li>\n<li>DESDE &gt; HASTA: 2005 &gt; 2011<\/li>\n<li>POSICI\u00d3N: TRASERA<\/li>\n<\/ul>\n<p>Audi A6 Avant (4F5, C6) 2.0 TDI:<\/p>\n<ul>\n<li>kilovatios: 103<\/li>\n<li>DESDE &gt; HASTA: 2005 &gt; 2008<\/li>\n<li>POSICI\u00d3N: TRASERA<\/li>\n<\/ul>\n<p>Audi A6 Avant (4F5, C6) 2.0 TDI:<\/p>\n<ul>\n<li>kilovatios: 89<\/li>\n<li>DESDE &gt; HASTA: 2005 &gt; 2006<\/li>\n<li>POSICI\u00d3N: TRASERA<\/li>\n<\/ul>\n<p>Audi A6 Avant (4F5, C6) 2.0 TDI:<\/p>\n<ul>\n<li>kilovatios: 125<\/li>\n<li>DESDE &gt; HASTA: 2008 &gt; 2011<\/li>\n<li>POSICI\u00d3N: TRASERA<\/li>\n<\/ul>\n<p>Audi A6 Avant (4F5, C6) 2.0 TDI:<\/p>\n<ul>\n<li>kilovatios: 120<\/li>\n<li>DESDE &gt; HASTA: 2009 &gt; 2011<\/li>\n<li>POSICI\u00d3N: TRASERA<\/li>\n<\/ul>\n<p>A4 (8EC, B7) 2.0 TFSI:<\/p>\n<ul>\n<li>kilovatios: 162<\/li>\n<li>DESDE &gt; HASTA: 2005 &gt; 2008<\/li>\n<li>POSICI\u00d3N: TRASERA<\/li>\n<\/ul>\n<p>A4 (8EC, B7) 2.0 TFSI quattro:<\/p>\n<ul>\n<li>kilovatios: 162<\/li>\n<li>DESDE &gt; HASTA: 2005 &gt; 2008<\/li>\n<li>POSICI\u00d3N: TRASERA<\/li>\n<\/ul>\n<p>Audi A4 Avant (8ED, B7) 2.0 TFSI:<\/p>\n<ul>\n<li>kilovatios: 162<\/li>\n<li>DESDE &gt; HASTA: 2005 &gt; 2007<\/li>\n<li>POSICI\u00d3N: TRASERA<\/li>\n<\/ul>\n<p>A6 (4F2, C6) 2.0 TFSI:<\/p>\n<ul>\n<li>kilovatios: 125<\/li>\n<li>DESDE &gt; HASTA: 2005 &gt; 2011<\/li>\n<li>POSICI\u00d3N: TRASERA<\/li>\n<\/ul>\n<p>Audi A6 Avant (4F5, C6) 2.0 TFSI:<\/p>\n<ul>\n<li>kilovatios: 125<\/li>\n<li>DESDE &gt; HASTA: 2005 &gt; 2011<\/li>\n<li>POSICI\u00d3N: TRASERA<\/li>\n<\/ul>\n<p>A6 (4F2, C6) 2.4:<\/p>\n<ul>\n<li>kilovatios: 130<\/li>\n<li>DESDE &gt; HASTA: 2004 &gt; 2008<\/li>\n<li>POSICI\u00d3N: TRASERA<\/li>\n<\/ul>\n<p>A6 (4F2, C6) 2.4 quattro:<\/p>\n<ul>\n<li>kilovatios: 130<\/li>\n<li>DESDE &gt; HASTA: 2005 &gt; 2008<\/li>\n<li>POSICI\u00d3N: TRASERA<\/li>\n<\/ul>\n<p>A6 Avant (4F5, C6) 2,4:<\/p>\n<ul>\n<li>kilovatios: 130<\/li>\n<li>DESDE &gt; HASTA: 2005 &gt; 2008<\/li>\n<li>POSICI\u00d3N: TRASERA<\/li>\n<\/ul>\n<p>A6 Avant (4F5, C6) 2.4 quattro:<\/p>\n<ul>\n<li>kilovatios: 130<\/li>\n<li>DESDE &gt; HASTA: 2005 &gt; 2008<\/li>\n<li>POSICI\u00d3N: TRASERA<\/li>\n<\/ul>\n<p>A6 (4F2, C6) 2.7 TDI:<\/p>\n<ul>\n<li>kilovatios: 120<\/li>\n<li>DESDE &gt; HASTA: 2004 &gt; 2011<\/li>\n<li>POSICI\u00d3N: TRASERA<\/li>\n<\/ul>\n<p>A6 (4F2, C6) 2.7 TDI:<\/p>\n<ul>\n<li>kilovatios: 132<\/li>\n<li>DESDE &gt; HASTA: 2004 &gt; 2008<\/li>\n<li>POSICI\u00d3N: TRASERA<\/li>\n<\/ul>\n<p>A6 (4F2, C6) 2.7 TDI quattro:<\/p>\n<ul>\n<li>kilovatios: 132<\/li>\n<li>DESDE &gt; HASTA: 2004 &gt; 2008<\/li>\n<li>POSICI\u00d3N: TRASERA<\/li>\n<\/ul>\n<p>A6 (4F2, C6) 2.7 TDI quattro:<\/p>\n<ul>\n<li>kilovatios: 120<\/li>\n<li>DESDE &gt; HASTA: 2005 &gt; 2011<\/li>\n<li>POSICI\u00d3N: TRASERA<\/li>\n<\/ul>\n<p>A6 (4F2, C6) 2.7 TDI:<\/p>\n<ul>\n<li>kilovatios: 140<\/li>\n<li>DESDE &gt; HASTA: 2008 &gt; 2011<\/li>\n<li>POSICI\u00d3N: TRASERA<\/li>\n<\/ul>\n<p>A6 (4F2, C6) 2.7 TDI quattro:<\/p>\n<ul>\n<li>kilovatios: 140<\/li>\n<li>DESDE &gt; HASTA: 2008 &gt; 2011<\/li>\n<li>POSICI\u00d3N: TRASERA<\/li>\n<\/ul>\n<p>A6 Allroad (4FH, C6) 2.7 TDI quattro:<\/p>\n<ul>\n<li>kilovatios: 132<\/li>\n<li>DESDE &gt; HASTA: 2006 &gt; 2011<\/li>\n<li>POSICI\u00d3N: TRASERA<\/li>\n<\/ul>\n<p>A6 Allroad (4FH, C6) 2.7 TDI quattro \u2013 con freno de mano el\u00e9ctrico:<\/p>\n<ul>\n<li>kilovatios: 120<\/li>\n<li>DESDE &gt; HASTA: 2006 &gt; 2011<\/li>\n<li>POSICI\u00d3N: TRASERA<\/li>\n<\/ul>\n<p>A6 Allroad (4FH, C6) 2.7 TDI quattro \u2013 con freno de mano el\u00e9ctrico:<\/p>\n<ul>\n<li>kilovatios: 140<\/li>\n<li>DESDE &gt; HASTA: 2006 &gt; 2011<\/li>\n<li>POSICI\u00d3N: TRASERA<\/li>\n<\/ul>\n<p>Audi A6 Avant (4F5, C6) 2.7 TDI:<\/p>\n<ul>\n<li>kilovatios: 120<\/li>\n<li>DESDE &gt; HASTA: 2005 &gt; 2011<\/li>\n<li>POSICI\u00d3N: TRASERA<\/li>\n<\/ul>\n<p>Audi A6 Avant (4F5, C6) 2.7 TDI:<\/p>\n<ul>\n<li>kilovatios: 132<\/li>\n<li>DESDE &gt; HASTA: 2005 &gt; 2008<\/li>\n<li>POSICI\u00d3N: TRASERA<\/li>\n<\/ul>\n<p>A6 Avant (4F5, C6) 2.7 TDI quattro:<\/p>\n<ul>\n<li>kilovatios: 132<\/li>\n<li>DESDE &gt; HASTA: 2005 &gt; 2008<\/li>\n<li>POSICI\u00d3N: TRASERA<\/li>\n<\/ul>\n<p>A6 Avant (4F5, C6) 2.7 TDI quattro:<\/p>\n<ul>\n<li>kilovatios: 120<\/li>\n<li>DESDE &gt; HASTA: 2005 &gt; 2011<\/li>\n<li>POSICI\u00d3N: TRASERA<\/li>\n<\/ul>\n<p>Audi A6 Avant (4F5, C6) 2.7 TDI:<\/p>\n<ul>\n<li>kilovatios: 140<\/li>\n<li>DESDE &gt; HASTA: 2008 &gt; 2011<\/li>\n<li>POSICI\u00d3N: TRASERA<\/li>\n<\/ul>\n<p>A6 Avant (4F5, C6) 2.7 TDI quattro:<\/p>\n<ul>\n<li>kilovatios: 140<\/li>\n<li>DESDE &gt; HASTA: 2008 &gt; 2011<\/li>\n<li>POSICI\u00d3N: TRASERA<\/li>\n<\/ul>\n<p>A6 (4F2, C6) 2,8 FSI:<\/p>\n<ul>\n<li>kilovatios: 154<\/li>\n<li>DESDE &gt; HASTA: 2006 &gt; 2008<\/li>\n<li>POSICI\u00d3N: TRASERA<\/li>\n<\/ul>\n<p>A6 (4F2, C6) 2.8 FSI quattro:<\/p>\n<ul>\n<li>kilovatios: 154<\/li>\n<li>DESDE &gt; HASTA: 2007 &gt; 2008<\/li>\n<li>POSICI\u00d3N: TRASERA<\/li>\n<\/ul>\n<p>A6 (4F2, C6) 2,8 FSI:<\/p>\n<ul>\n<li>kilovatios: 140<\/li>\n<li>DESDE &gt; HASTA: 2008 &gt; 2011<\/li>\n<li>POSICI\u00d3N: TRASERA<\/li>\n<\/ul>\n<p>A6 (4F2, C6) 2,8 FSI:<\/p>\n<ul>\n<li>kilovatios: 162<\/li>\n<li>DESDE &gt; HASTA: 2008 &gt; 2011<\/li>\n<li>POSICI\u00d3N: TRASERA<\/li>\n<\/ul>\n<p>A6 (4F2, C6) 2.8 FSI quattro:<\/p>\n<ul>\n<li>kilovatios: 140<\/li>\n<li>DESDE &gt; HASTA: 2008 &gt; 2011<\/li>\n<li>POSICI\u00d3N: TRASERA<\/li>\n<\/ul>\n<p>A6 (4F2, C6) 2.8 FSI quattro:<\/p>\n<ul>\n<li>kilovatios: 162<\/li>\n<li>DESDE &gt; HASTA: 2008 &gt; 2011<\/li>\n<li>POSICI\u00d3N: TRASERA<\/li>\n<\/ul>\n<p>A6 Avant (4F5, C6) 2.8 FSI:<\/p>\n<ul>\n<li>kilovatios: 154<\/li>\n<li>DESDE &gt; HASTA: 2006 &gt; 2008<\/li>\n<li>POSICI\u00d3N: TRASERA<\/li>\n<\/ul>\n<p>A6 Avant (4F5, C6) 2.8 FSI quattro:<\/p>\n<ul>\n<li>kilovatios: 154<\/li>\n<li>DESDE &gt; HASTA: 2007 &gt; 2008<\/li>\n<li>POSICI\u00d3N: TRASERA<\/li>\n<\/ul>\n<p>A6 Avant (4F5, C6) 2.8 FSI:<\/p>\n<ul>\n<li>kilovatios: 140<\/li>\n<li>DESDE &gt; HASTA: 2008 &gt; 2011<\/li>\n<li>POSICI\u00d3N: TRASERA<\/li>\n<\/ul>\n<p>A6 Avant (4F5, C6) 2.8 FSI:<\/p>\n<ul>\n<li>kilovatios: 162<\/li>\n<li>DESDE &gt; HASTA: 2008 &gt; 2011<\/li>\n<li>POSICI\u00d3N: TRASERA<\/li>\n<\/ul>\n<p>A6 Avant (4F5, C6) 2.8 FSI quattro:<\/p>\n<ul>\n<li>kilovatios: 140<\/li>\n<li>DESDE &gt; HASTA: 2008 &gt; 2011<\/li>\n<li>POSICI\u00d3N: TRASERA<\/li>\n<\/ul>\n<p>A6 Avant (4F5, C6) 2.8 FSI quattro:<\/p>\n<ul>\n<li>kilovatios: 162<\/li>\n<li>DESDE &gt; HASTA: 2008 &gt; 2011<\/li>\n<li>POSICI\u00d3N: TRASERA<\/li>\n<\/ul>\n<p>A8 (4E_) 2,8 FSI:<\/p>\n<ul>\n<li>kilovatios: 154<\/li>\n<li>DESDE &gt; HASTA: 2007 &gt; 2010<\/li>\n<li>POSICI\u00d3N: TRASERA<\/li>\n<\/ul>\n<p>A4 Cabrio (8H7, B6, 8HE, B7) 3.0 TDI quattro:<\/p>\n<ul>\n<li>kilovatios: 150<\/li>\n<li>DESDE &gt; HASTA: 2006 &gt; 2009<\/li>\n<li>POSICI\u00d3N: TRASERA<\/li>\n<\/ul>\n<p>A4 Cabrio (8H7, B6, 8HE, B7) 3.0 TDI quattro:<\/p>\n<ul>\n<li>kilovatios: 171<\/li>\n<li>DESDE &gt; HASTA: 2006 &gt; 2009<\/li>\n<li>POSICI\u00d3N: TRASERA<\/li>\n<\/ul>\n<p>A6 (4F2, C6) 3.0 TDI quattro:<\/p>\n<ul>\n<li>kilovatios: 165<\/li>\n<li>DESDE &gt; HASTA: 2004 &gt; 2006<\/li>\n<li>POSICI\u00d3N: TRASERA<\/li>\n<\/ul>\n<p>A6 (4F2, C6) 3.0 TDI quattro:<\/p>\n<ul>\n<li>kilovatios: 155<\/li>\n<li>DESDE &gt; HASTA: 2004 &gt; 2011<\/li>\n<li>POSICI\u00d3N: TRASERA<\/li>\n<\/ul>\n<p>A6 (4F2, C6) 3.0 TDI:<\/p>\n<ul>\n<li>kilovatios: 171<\/li>\n<li>DESDE &gt; HASTA: 2006 &gt; 2011<\/li>\n<li>POSICI\u00d3N: TRASERA<\/li>\n<\/ul>\n<p>A6 (4F2, C6) 3.0 TDI quattro:<\/p>\n<ul>\n<li>kilovatios: 171<\/li>\n<li>DESDE &gt; HASTA: 2006 &gt; 2008<\/li>\n<li>POSICI\u00d3N: TRASERA<\/li>\n<\/ul>\n<p>A6 (4F2, C6) 3.0 TDI quattro:<\/p>\n<ul>\n<li>kilovatios: 176<\/li>\n<li>DESDE &gt; HASTA: 2008 &gt; 2011<\/li>\n<li>POSICI\u00d3N: TRASERA<\/li>\n<\/ul>\n<p>A6 Allroad (4FH, C6) 3.0 TDI quattro:<\/p>\n<ul>\n<li>kilovatios: 171<\/li>\n<li>DESDE &gt; HASTA: 2006 &gt; 2011<\/li>\n<li>POSICI\u00d3N: TRASERA<\/li>\n<\/ul>\n<p>A6 Allroad (4FH, C6) 3.0 TDI quattro \u2013 con freno de mano el\u00e9ctrico:<\/p>\n<ul>\n<li>kilovatios: 155<\/li>\n<li>DESDE &gt; HASTA: 2006 &gt; 2011<\/li>\n<li>POSICI\u00d3N: TRASERA<\/li>\n<\/ul>\n<p>A6 Allroad (4FH, C6) 3.0 TDI quattro \u2013 con freno de mano el\u00e9ctrico:<\/p>\n<ul>\n<li>kilovatios: 176<\/li>\n<li>DESDE &gt; HASTA: 2006 &gt; 2011<\/li>\n<li>POSICI\u00d3N: TRASERA<\/li>\n<\/ul>\n<p>A6 Avant (4F5, C6) 3.0 TDI quattro:<\/p>\n<ul>\n<li>kilovatios: 155<\/li>\n<li>DESDE &gt; HASTA: 2005 &gt; 2011<\/li>\n<li>POSICI\u00d3N: TRASERA<\/li>\n<\/ul>\n<p>A6 Avant (4F5, C6) 3.0 TDI quattro:<\/p>\n<ul>\n<li>kilovatios: 165<\/li>\n<li>DESDE &gt; HASTA: 2005 &gt; 2006<\/li>\n<li>POSICI\u00d3N: TRASERA<\/li>\n<\/ul>\n<p>Audi A6 Avant (4F5, C6) 3.0 TDi:<\/p>\n<ul>\n<li>kilovatios: 171<\/li>\n<li>DESDE &gt; HASTA: 2006 &gt; 2011<\/li>\n<li>POSICI\u00d3N: TRASERA<\/li>\n<\/ul>\n<p>A6 Avant (4F5, C6) 3.0 TDI quattro:<\/p>\n<ul>\n<li>kilovatios: 171<\/li>\n<li>DESDE &gt; HASTA: 2006 &gt; 2008<\/li>\n<li>POSICI\u00d3N: TRASERA<\/li>\n<\/ul>\n<p>A6 Avant (4F5, C6) 3.0 TDI quattro:<\/p>\n<ul>\n<li>kilovatios: 176<\/li>\n<li>DESDE &gt; HASTA: 2008 &gt; 2011<\/li>\n<li>POSICI\u00d3N: TRASERA<\/li>\n<\/ul>\n<p>A8 (4E_) 3.0 TDI quattro:<\/p>\n<ul>\n<li>kilovatios: 171<\/li>\n<li>DESDE &gt; HASTA: 2003 &gt; 2010<\/li>\n<li>POSICI\u00d3N: TRASERA<\/li>\n<\/ul>\n<p>A8 (4E_) 3.0 TDI quattro:<\/p>\n<ul>\n<li>kilovatios: 155<\/li>\n<li>DESDE &gt; HASTA: 2003 &gt; 2010<\/li>\n<li>POSICI\u00d3N: TRASERA<\/li>\n<\/ul>\n<p>A4 Cabrio (8H7, B6, 8HE, B7) 3.0 quattro:<\/p>\n<ul>\n<li>kilovatios: 162<\/li>\n<li>DESDE &gt; HASTA: 2003 &gt; 2005<\/li>\n<li>POSICI\u00d3N: TRASERA<\/li>\n<\/ul>\n<p>A6 (4F2, C6) 3.0 quattro:<\/p>\n<ul>\n<li>kilovatios: 160<\/li>\n<li>DESDE &gt; HASTA: 2004 &gt; 2006<\/li>\n<li>POSICI\u00d3N: TRASERA<\/li>\n<\/ul>\n<p>A6 (4F2, C6) 3.0:<\/p>\n<ul>\n<li>kilovatios: 160<\/li>\n<li>DESDE &gt; HASTA: 2004 &gt; 2006<\/li>\n<li>POSICI\u00d3N: TRASERA<\/li>\n<\/ul>\n<p>A6 Avant (4F5, C6) 3.0:<\/p>\n<ul>\n<li>kilovatios: 160<\/li>\n<li>DESDE &gt; HASTA: 2005 &gt; 2006<\/li>\n<li>POSICI\u00d3N: TRASERA<\/li>\n<\/ul>\n<p>A6 Avant (4F5, C6) 3.0 quattro:<\/p>\n<ul>\n<li>kilovatios: 160<\/li>\n<li>DESDE &gt; HASTA: 2005 &gt; 2006<\/li>\n<li>POSICI\u00d3N: TRASERA<\/li>\n<\/ul>\n<p>A8 (4E_) 3.0:<\/p>\n<ul>\n<li>kilovatios: 160<\/li>\n<li>DESDE &gt; HASTA: 2003 &gt; 2006<\/li>\n<li>POSICI\u00d3N: TRASERA<\/li>\n<\/ul>\n<p>A8 (4E_) 3.0:<\/p>\n<ul>\n<li>kilovatios: 162<\/li>\n<li>DESDE &gt; HASTA: 2003 &gt; 2005<\/li>\n<li>POSICI\u00d3N: TRASERA<\/li>\n<\/ul>\n<p>A6 (4F2, C6) 3.0 TFSI quattro:<\/p>\n<ul>\n<li>kilovatios: 213<\/li>\n<li>DESDE &gt; HASTA: 2008 &gt; 2011<\/li>\n<li>POSICI\u00d3N: TRASERA<\/li>\n<\/ul>\n<p>A6 Allroad (4FH, C6) 3.0 TFSI quattro \u2013 con freno de mano el\u00e9ctrico:<\/p>\n<ul>\n<li>kilovatios: 213<\/li>\n<li>DESDE &gt; HASTA: 2008 &gt; 2011<\/li>\n<li>POSICI\u00d3N: TRASERA<\/li>\n<\/ul>\n<p>A6 Avant (4F5, C6) 3.0 TFSI quattro:<\/p>\n<ul>\n<li>kilovatios: 213<\/li>\n<li>DESDE &gt; HASTA: 2008 &gt; 2011<\/li>\n<li>POSICI\u00d3N: TRASERA<\/li>\n<\/ul>\n<p>A4 (8E2, B6) Cabrio 3.0 i V6:<\/p>\n<ul>\n<li>kilovatios: 162<\/li>\n<li>DESDE &gt; HASTA: 2002 &gt; 2005<\/li>\n<li>POSICI\u00d3N: TRASERA<\/li>\n<\/ul>\n<p>A4 Descapotable (8H7, B6, 8HE, B7) 3.2 FSI:<\/p>\n<ul>\n<li>kilovatios: 188<\/li>\n<li>DESDE &gt; HASTA: 2006 &gt; 2009<\/li>\n<li>POSICI\u00d3N: TRASERA<\/li>\n<\/ul>\n<p>A4 Descapotable (8H7, B6, 8HE, B7) 3.2 FSI:<\/p>\n<ul>\n<li>kilovatios: 188<\/li>\n<li>DESDE &gt; HASTA: 2006 &gt; 2009<\/li>\n<li>POSICI\u00d3N: TRASERA<\/li>\n<\/ul>\n<p>A4 Cabrio (8H7, B6, 8HE, B7) 3.2 FSI quattro:<\/p>\n<ul>\n<li>kilovatios: 188<\/li>\n<li>DESDE &gt; HASTA: 2006 &gt; 2009<\/li>\n<li>POSICI\u00d3N: TRASERA<\/li>\n<\/ul>\n<p>A6 (4F2, C6) 3,2 FSI:<\/p>\n<ul>\n<li>kilovatios: 188<\/li>\n<li>DESDE &gt; HASTA: 2004 &gt; 2009<\/li>\n<li>POSICI\u00d3N: TRASERA<\/li>\n<\/ul>\n<p>A6 (4F2, C6) 3.2 FSI quattro:<\/p>\n<ul>\n<li>kilovatios: 188<\/li>\n<li>DESDE &gt; HASTA: 2004 &gt; 2008<\/li>\n<li>POSICI\u00d3N: TRASERA<\/li>\n<\/ul>\n<p>A6 (4F2, C6) 3.2 FSI quattro:<\/p>\n<ul>\n<li>kilovatios: 183<\/li>\n<li>DESDE &gt; HASTA: 2006 &gt; 2008<\/li>\n<li>POSICI\u00d3N: TRASERA<\/li>\n<\/ul>\n<p>A6 Allroad (4FH, C6) 3.2 FSI quattro:<\/p>\n<ul>\n<li>kilovatios: 188<\/li>\n<li>DESDE &gt; HASTA: 2006 &gt; 2008<\/li>\n<li>POSICI\u00d3N: TRASERA<\/li>\n<\/ul>\n<p>A6 Avant (4F5, C6) 3,2 FSI:<\/p>\n<ul>\n<li>kilovatios: 188<\/li>\n<li>DESDE &gt; HASTA: 2005 &gt; 2008<\/li>\n<li>POSICI\u00d3N: TRASERA<\/li>\n<\/ul>\n<p>A6 Avant (4F5, C6) 3.2 FSI quattro:<\/p>\n<ul>\n<li>kilovatios: 188<\/li>\n<li>DESDE &gt; HASTA: 2005 &gt; 2008<\/li>\n<li>POSICI\u00d3N: TRASERA<\/li>\n<\/ul>\n<p>A8 (4E_) 3,2 FSI:<\/p>\n<ul>\n<li>kilovatios: 191<\/li>\n<li>DESDE &gt; HASTA: 2005 &gt; 2010<\/li>\n<li>POSICI\u00d3N: TRASERA<\/li>\n<\/ul>\n<p>A8 (4E_) 3.2 FSI quattro:<\/p>\n<ul>\n<li>kilovatios: 191<\/li>\n<li>DESDE &gt; HASTA: 2005 &gt; 2010<\/li>\n<li>POSICI\u00d3N: TRASERA<\/li>\n<\/ul>\n<p>A8 (4E_) 3.7 quattro:<\/p>\n<ul>\n<li>kilovatios: 206<\/li>\n<li>DESDE &gt; HASTA: 2002 &gt; 2006<\/li>\n<li>POSICI\u00d3N: TRASERA<\/li>\n<\/ul>\n<p>A8 (4E_) 4.0 TDI quattro:<\/p>\n<ul>\n<li>kilovatios: 202<\/li>\n<li>DESDE &gt; HASTA: 2003 &gt; 2005<\/li>\n<li>POSICI\u00d3N: TRASERA<\/li>\n<\/ul>\n<p>A8 (4E_) 4.2 TDI quattro:<\/p>\n<ul>\n<li>kilovatios: 235<\/li>\n<li>DESDE &gt; HASTA: 2005 &gt; 2005<\/li>\n<li>POSICI\u00d3N: TRASERA<\/li>\n<\/ul>\n<p>A8 (4E_) 4.2 TDI quattro:<\/p>\n<ul>\n<li>kilovatios: 240<\/li>\n<li>DESDE &gt; HASTA: 2005 &gt; 2010<\/li>\n<li>POSICI\u00d3N: TRASERA<\/li>\n<\/ul>\n<p>A4 (8EC, B7) S4 quattro:<\/p>\n<ul>\n<li>N\u00famero de serie: 253<\/li>\n<li>DESDE &gt; HASTA: 2003 &gt; 2008<\/li>\n<li>POSICI\u00d3N: TRASERA<\/li>\n<\/ul>\n<p>A4 Avant (8E5, B6) S4 quattro:<\/p>\n<ul>\n<li>N\u00famero de serie: 253<\/li>\n<li>DESDE &gt; HASTA: 2003 &gt; 2008<\/li>\n<li>POSICI\u00d3N: TRASERA<\/li>\n<\/ul>\n<p>A4 Cabrio (8H7, B6, 8HE, B7) S4 quattro:<\/p>\n<ul>\n<li>N\u00famero de serie: 253<\/li>\n<li>DESDE &gt; HASTA: 2004 &gt; 2009<\/li>\n<li>POSICI\u00d3N: TRASERA<\/li>\n<\/ul>\n<p>A6 (4F2, C6) 4.2 Cuatro:<\/p>\n<ul>\n<li>N\u00famero de serie: 246<\/li>\n<li>DESDE &gt; HASTA: 2004 &gt; 2006<\/li>\n<li>POSICI\u00d3N: TRASERA<\/li>\n<\/ul>\n<p>A6 (4F2, C6) 4.2 FSI Quattro:<\/p>\n<ul>\n<li>kilovatios: 257<\/li>\n<li>DESDE &gt; HASTA: 2006 &gt; 2011<\/li>\n<li>POSICI\u00d3N: TRASERA<\/li>\n<\/ul>\n<p>A6 Allroad (4FH, C6) 4.2 FSI quattro:<\/p>\n<ul>\n<li>kilovatios: 257<\/li>\n<li>DESDE &gt; HASTA: 2006 &gt; 2010<\/li>\n<li>POSICI\u00d3N: TRASERA<\/li>\n<\/ul>\n<p>A6 Avant (4F5, C6) 4.2 quattro:<\/p>\n<ul>\n<li>N\u00famero de serie: 246<\/li>\n<li>DESDE &gt; HASTA: 2005 &gt; 2006<\/li>\n<li>POSICI\u00d3N: TRASERA<\/li>\n<\/ul>\n<p>A6 Avant (4F5, C6) 4.2 FSI quattro:<\/p>\n<ul>\n<li>kilovatios: 257<\/li>\n<li>DESDE &gt; HASTA: 2006 &gt; 2011<\/li>\n<li>POSICI\u00d3N: TRASERA<\/li>\n<\/ul>\n<p>A8 (4E_) 4.2 FSI quattro:<\/p>\n<ul>\n<li>kilovatios: 257<\/li>\n<li>DESDE &gt; HASTA: 2006 &gt; 2010<\/li>\n<li>POSICI\u00d3N: TRASERA<\/li>\n<\/ul>\n<p>A4 (8EC, B7) RS4 quattro:<\/p>\n<ul>\n<li>kilovatios: 309<\/li>\n<li>DESDE &gt; HASTA: 2005 &gt; 2008<\/li>\n<li>POSICI\u00d3N: TRASERA<\/li>\n<\/ul>\n<p>A4 Avant (8ED, B7) RS4 quattro:<\/p>\n<ul>\n<li>kilovatios: 309<\/li>\n<li>DESDE &gt; HASTA: 2005 &gt; 2008<\/li>\n<li>POSICI\u00d3N: TRASERA<\/li>\n<\/ul>\n<p>A4 Cabrio (8H7, B6, 8HE, B7) RS4 quattro:<\/p>\n<ul>\n<li>kilovatios: 309<\/li>\n<li>DESDE &gt; HASTA: 2006 &gt; 2009<\/li>\n<li>POSICI\u00d3N: TRASERA<\/li>\n<\/ul>\n<p>A5 (8T3) RS5 quattro:<\/p>\n<ul>\n<li>kilovatios: 331<\/li>\n<li>DESDE &gt; HASTA: 2010 &gt; <\/li>\n<li>POSICI\u00d3N: TRASERA<\/li>\n<\/ul>\n<p>A8 (4E_) 4.2 quattro:<\/p>\n<ul>\n<li>N\u00famero de serie: 246<\/li>\n<li>DESDE &gt; HASTA: 2002 &gt; 2010<\/li>\n<li>POSICI\u00d3N: TRASERA<\/li>\n<\/ul>\n<p>A6 (4B2, C5) RS6 quattro:<\/p>\n<ul>\n<li>kilovatios: 331<\/li>\n<li>DESDE &gt; HASTA: 2002 &gt; 2005<\/li>\n<li>POSICI\u00d3N: TRASERA<\/li>\n<\/ul>\n<p>A6 Avant (4B5, C5) RS6 quattro:<\/p>\n<ul>\n<li>kilovatios: 331<\/li>\n<li>DESDE &gt; HASTA: 2002 &gt; 2005<\/li>\n<li>POSICI\u00d3N: TRASERA<\/li>\n<\/ul>\n<p>A6 Avant (4B5, C5) RS6 m\u00e1s quattro:<\/p>\n<ul>\n<li>N\u00famero de serie: 353<\/li>\n<li>DESDE &gt; HASTA: 2004 &gt; 2005<\/li>\n<li>POSICI\u00d3N: TRASERA<\/li>\n<\/ul>\n<p>A6 (4F2, C6) RS6 quattro:<\/p>\n<ul>\n<li>N\u00famero de serie: 426<\/li>\n<li>DESDE &gt; HASTA: 2008 &gt; 2011<\/li>\n<li>POSICI\u00d3N: TRASERA<\/li>\n<\/ul>\n<p>A6 Avant (4F5, C6) RS6 quattro:<\/p>\n<ul>\n<li>N\u00famero de serie: 426<\/li>\n<li>DESDE &gt; HASTA: 2008 &gt; 2010<\/li>\n<li>POSICI\u00d3N: TRASERA<\/li>\n<\/ul>\n<p>A6 (4F2, C6) S6 quattro:<\/p>\n<ul>\n<li>kilovatios: 320<\/li>\n<li>DESDE &gt; HASTA: 2006 &gt; 2011<\/li>\n<li>POSICI\u00d3N: TRASERA<\/li>\n<\/ul>\n<p>A6 Avant (4F5, C6) S6 quattro:<\/p>\n<ul>\n<li>kilovatios: 320<\/li>\n<li>DESDE &gt; HASTA: 2006 &gt; 2011<\/li>\n<li>POSICI\u00d3N: TRASERA<\/li>\n<\/ul>\n<p>A8 (4E_) S8 quattro:<\/p>\n<ul>\n<li>kilovatios: 331<\/li>\n<li>DESDE &gt; HASTA: 2006 &gt; 2010<\/li>\n<li>POSICI\u00d3N: TRASERA<\/li>\n<\/ul>\n<p>A8 (4E_) 6.0 W12 quattro:<\/p>\n<ul>\n<li>kilovatios: 331<\/li>\n<li>DESDE &gt; HASTA: 2003 &gt; 2010<\/li>\n<li>POSICI\u00d3N: TRASERA<\/li>\n<\/ul>\n<\/details>","protected":false},"excerpt":{"rendered":"<p><strong>FCP1655<\/strong><\/p>\n<p>\n<b>Compuesto: DS2500 <\/b><br \/>SIN CERTIFICACI\u00d3N R90 <a data-boundary=\"window\" data-toggle=\"tooltip\" data-trigger=\"hover focus click\" style=\"color:red;cursor:pointer\" title=\"Este compuesto no est\u00e1 recomendado para uso en carretera en aquellos pa\u00edses que requieren certificaci\u00f3n R90.\"><br \/>\n<i class=\"fas fa-info-circle\"><\/i><br \/>\n<\/a><br \/>Para: D\u00eda de pista, uso ligero en carreras, GT trasero<br \/>Temperatura de funcionamiento \u00f3ptima: 0\u00b0 a 500\u00b0C\n                                                                                                                                            <\/p>","protected":false},"featured_media":66617,"template":"","meta":{"_crdt_document":"","inline_featured_image":false},"product_brand":[],"product_cat":[116],"product_tag":[],"class_list":{"0":"post-31167","1":"product","2":"type-product","3":"status-publish","4":"has-post-thumbnail","6":"product_cat-brake-pads","8":"first","9":"instock","10":"taxable","11":"shipping-taxable","12":"purchasable","13":"product-type-simple"},"supplier_id":null,"supplier_sku":"","barcode":null,"atum_controlled":true,"out_stock_date":null,"out_stock_threshold":null,"inheritable":false,"inbound_stock":null,"stock_on_hold":null,"sold_today":null,"sales_last_days":null,"reserved_stock":null,"customer_returns":null,"warehouse_damage":null,"lost_in_post":null,"other_logs":null,"out_stock_days":null,"lost_sales":null,"has_location":null,"update_date":null,"atum_locations":[],"atum_stock_status":"instock","restock_status":false,"low_stock_amount":"","sales_update_date":null,"calc_backorders":null,"_links":{"self":[{"href":"https:\/\/revmatch.eu\/es\/wp-json\/wp\/v2\/product\/31167","targetHints":{"allow":["GET"]}}],"collection":[{"href":"https:\/\/revmatch.eu\/es\/wp-json\/wp\/v2\/product"}],"about":[{"href":"https:\/\/revmatch.eu\/es\/wp-json\/wp\/v2\/types\/product"}],"version-history":[{"count":0,"href":"https:\/\/revmatch.eu\/es\/wp-json\/wp\/v2\/product\/31167\/revisions"}],"wp:featuredmedia":[{"embeddable":true,"href":"https:\/\/revmatch.eu\/es\/wp-json\/wp\/v2\/media\/66617"}],"wp:attachment":[{"href":"https:\/\/revmatch.eu\/es\/wp-json\/wp\/v2\/media?parent=31167"}],"wp:term":[{"taxonomy":"product_brand","embeddable":true,"href":"https:\/\/revmatch.eu\/es\/wp-json\/wp\/v2\/product_brand?post=31167"},{"taxonomy":"product_cat","embeddable":true,"href":"https:\/\/revmatch.eu\/es\/wp-json\/wp\/v2\/product_cat?post=31167"},{"taxonomy":"product_tag","embeddable":true,"href":"https:\/\/revmatch.eu\/es\/wp-json\/wp\/v2\/product_tag?post=31167"}],"curies":[{"name":"wp","href":"https:\/\/api.w.org\/{rel}","templated":true}]}}