{"id":31210,"date":"2023-05-23T11:28:02","date_gmt":"2023-05-23T10:28:02","guid":{"rendered":"http:\/\/revmatch.eu\/product\/ferodo-racing-ds2500-fcp1790h\/"},"modified":"2024-06-12T22:09:20","modified_gmt":"2024-06-12T21:09:20","slug":"ferodo-racing-ds2500-fcp1790h","status":"publish","type":"product","link":"https:\/\/revmatch.eu\/es\/producto\/ferodo-racing-ds2500-fcp1790h\/","title":{"rendered":"Ferodo Racing DS2500 \u2013 FCP1790H"},"content":{"rendered":"<p><strong>FCP1790<\/strong><\/p>\n<p>\n<b>Compuesto: DS2500 <\/b><br \/>SIN CERTIFICACI\u00d3N R90 <a data-boundary=\"window\" data-toggle=\"tooltip\" data-trigger=\"hover focus click\" style=\"color:red;cursor:pointer\" title=\"Este compuesto no est\u00e1 recomendado para uso en carretera en aquellos pa\u00edses que requieren certificaci\u00f3n R90.\"><br \/>\n<i class=\"fas fa-info-circle\"><\/i><br \/>\n<\/a><br \/>Para: D\u00eda de pista, uso ligero en carreras, GT trasero<br \/>Temperatura de funcionamiento \u00f3ptima: 0\u00b0 a 500\u00b0C\n                                                                                                                                            <\/p>\n<p>&nbsp;<\/p>\n<p>Compatible con:<br \/>\n&nbsp;<\/p>\n<details>\n<summary>CITROEN<\/summary>\n<p>C1 1.0:<\/p>\n<ul>\n<li>kilovatios: 50<\/li>\n<li>DESDE &gt; HASTA: 2005 &gt; <\/li>\n<li>POSICI\u00d3N: DELANTERO<\/li>\n<\/ul>\n<p>C1 1.4 HDi:<\/p>\n<ul>\n<li>kilovatios: 40<\/li>\n<li>DESDE &gt; HASTA: 2005 &gt; <\/li>\n<li>POSICI\u00d3N: DELANTERO<\/li>\n<\/ul>\n<\/details>\n<details>\n<summary>PEUGEOT<\/summary>\n<p>107 1.0:<\/p>\n<ul>\n<li>kilovatios: 50<\/li>\n<li>DESDE &gt; HASTA: 2005 &gt; <\/li>\n<li>POSICI\u00d3N: DELANTERO<\/li>\n<\/ul>\n<p>107 1.4 HDi:<\/p>\n<ul>\n<li>kilovatios: 40<\/li>\n<li>DESDE &gt; HASTA: 2005 &gt; <\/li>\n<li>POSICI\u00d3N: DELANTERO<\/li>\n<\/ul>\n<\/details>\n<details>\n<summary>TOYOTA<\/summary>\n<p>GPL de Aygo 1.0:<\/p>\n<ul>\n<li>kilovatios: 50<\/li>\n<li>DESDE &gt; HASTA: 2005 &gt; <\/li>\n<li>POSICI\u00d3N: DELANTERO<\/li>\n<\/ul>\n<p>Aygo 1.0 VVTi:<\/p>\n<ul>\n<li>kilovatios: 50<\/li>\n<li>DESDE &gt; HASTA: 2005 &gt; <\/li>\n<li>POSICI\u00d3N: DELANTERO<\/li>\n<\/ul>\n<p>Aygo 1.4 D4d:<\/p>\n<ul>\n<li>kilovatios: 40<\/li>\n<li>DESDE &gt; HASTA: 2005 &gt; <\/li>\n<li>POSICI\u00d3N: DELANTERO<\/li>\n<\/ul>\n<\/details>","protected":false},"excerpt":{"rendered":"<p><strong>FCP1790<\/strong><\/p>\n<p>\n<b>Compuesto: DS2500 <\/b><br \/>SIN CERTIFICACI\u00d3N R90 <a data-boundary=\"window\" data-toggle=\"tooltip\" data-trigger=\"hover focus click\" style=\"color:red;cursor:pointer\" title=\"Este compuesto no est\u00e1 recomendado para uso en carretera en aquellos pa\u00edses que requieren certificaci\u00f3n R90.\"><br \/>\n<i class=\"fas fa-info-circle\"><\/i><br \/>\n<\/a><br \/>Para: D\u00eda de pista, uso ligero en carreras, GT trasero<br \/>Temperatura de funcionamiento \u00f3ptima: 0\u00b0 a 500\u00b0C\n                                                                                                                                            <\/p>","protected":false},"featured_media":66632,"template":"","meta":{"_crdt_document":"","inline_featured_image":false},"product_brand":[],"product_cat":[116],"product_tag":[],"class_list":{"0":"post-31210","1":"product","2":"type-product","3":"status-publish","4":"has-post-thumbnail","6":"product_cat-brake-pads","8":"first","9":"instock","10":"taxable","11":"shipping-taxable","12":"purchasable","13":"product-type-simple"},"supplier_id":null,"supplier_sku":"","barcode":null,"atum_controlled":true,"out_stock_date":null,"out_stock_threshold":null,"inheritable":false,"inbound_stock":null,"stock_on_hold":null,"sold_today":null,"sales_last_days":null,"reserved_stock":null,"customer_returns":null,"warehouse_damage":null,"lost_in_post":null,"other_logs":null,"out_stock_days":null,"lost_sales":null,"has_location":null,"update_date":null,"atum_locations":[],"atum_stock_status":"instock","restock_status":false,"low_stock_amount":"","sales_update_date":null,"calc_backorders":null,"_links":{"self":[{"href":"https:\/\/revmatch.eu\/es\/wp-json\/wp\/v2\/product\/31210","targetHints":{"allow":["GET"]}}],"collection":[{"href":"https:\/\/revmatch.eu\/es\/wp-json\/wp\/v2\/product"}],"about":[{"href":"https:\/\/revmatch.eu\/es\/wp-json\/wp\/v2\/types\/product"}],"version-history":[{"count":0,"href":"https:\/\/revmatch.eu\/es\/wp-json\/wp\/v2\/product\/31210\/revisions"}],"wp:featuredmedia":[{"embeddable":true,"href":"https:\/\/revmatch.eu\/es\/wp-json\/wp\/v2\/media\/66632"}],"wp:attachment":[{"href":"https:\/\/revmatch.eu\/es\/wp-json\/wp\/v2\/media?parent=31210"}],"wp:term":[{"taxonomy":"product_brand","embeddable":true,"href":"https:\/\/revmatch.eu\/es\/wp-json\/wp\/v2\/product_brand?post=31210"},{"taxonomy":"product_cat","embeddable":true,"href":"https:\/\/revmatch.eu\/es\/wp-json\/wp\/v2\/product_cat?post=31210"},{"taxonomy":"product_tag","embeddable":true,"href":"https:\/\/revmatch.eu\/es\/wp-json\/wp\/v2\/product_tag?post=31210"}],"curies":[{"name":"wp","href":"https:\/\/api.w.org\/{rel}","templated":true}]}}