{"id":31241,"date":"2023-05-23T11:29:01","date_gmt":"2023-05-23T10:29:01","guid":{"rendered":"http:\/\/revmatch.eu\/product\/ferodo-racing-ds2500-fcp1975h\/"},"modified":"2024-06-12T22:09:52","modified_gmt":"2024-06-12T21:09:52","slug":"ferodo-racing-ds2500-fcp1975h","status":"publish","type":"product","link":"https:\/\/revmatch.eu\/es\/producto\/ferodo-racing-ds2500-fcp1975h\/","title":{"rendered":"Ferodo Racing DS2500 \u2013 FCP1975H"},"content":{"rendered":"<p><strong>FCP1975<\/strong><\/p>\n<p>\n<b>Compuesto: DS2500 <\/b><br \/>SIN CERTIFICACI\u00d3N R90 <a data-boundary=\"window\" data-toggle=\"tooltip\" data-trigger=\"hover focus click\" style=\"color:red;cursor:pointer\" title=\"Este compuesto no est\u00e1 recomendado para uso en carretera en aquellos pa\u00edses que requieren certificaci\u00f3n R90.\"><br \/>\n<i class=\"fas fa-info-circle\"><\/i><br \/>\n<\/a><br \/>Para: D\u00eda de pista, uso ligero en carreras, GT trasero<br \/>Temperatura de funcionamiento \u00f3ptima: 0\u00b0 a 500\u00b0C\n                                                                                                                                            <\/p>\n<p>&nbsp;<\/p>\n<p>Compatible con:<br \/>\n&nbsp;<\/p>\n<details>\n<summary>MINI<\/summary>\n<p>MINI (R55) Clubman 1.4 Uno:<\/p>\n<ul>\n<li>kilovatios: 70<\/li>\n<li>DESDE &gt; HASTA: 2009 &gt; 2010<\/li>\n<li>POSICI\u00d3N: TRASERA<\/li>\n<\/ul>\n<p>MINI (R55) Clubman 1.4 Uno:<\/p>\n<ul>\n<li>kilovatios: 72<\/li>\n<li>DESDE &gt; HASTA: 2010 &gt; <\/li>\n<li>POSICI\u00d3N: TRASERA<\/li>\n<\/ul>\n<p>MINI (R56) 1.4 Uno:<\/p>\n<ul>\n<li>kilovatios: 70<\/li>\n<li>DESDE &gt; HASTA: 2006 &gt; 2010<\/li>\n<li>POSICI\u00d3N: TRASERA<\/li>\n<\/ul>\n<p>MINI (R56) 1.4 One \u2013 Disco delantero 294mm:<\/p>\n<ul>\n<li>kilovatios: 70<\/li>\n<li>DESDE &gt; HASTA: 2006 &gt; 2010<\/li>\n<li>POSICI\u00d3N: TRASERA<\/li>\n<\/ul>\n<p>MINI (R56) Uno:<\/p>\n<ul>\n<li>kilovatios: 70<\/li>\n<li>DESDE &gt; HASTA: 2006 &gt; 2010<\/li>\n<li>POSICI\u00d3N: TRASERA<\/li>\n<\/ul>\n<p>MINI (R56) 1.4 Un GLP:<\/p>\n<ul>\n<li>kilovatios: 55<\/li>\n<li>DESDE &gt; HASTA: 2009 &gt; 2010<\/li>\n<li>POSICI\u00d3N: TRASERA<\/li>\n<\/ul>\n<p>MINI (R56) 1.4 One LPG \u2013 Disco delantero 280mm:<\/p>\n<ul>\n<li>kilovatios: 55<\/li>\n<li>DESDE &gt; HASTA: 2009 &gt; 2010<\/li>\n<li>POSICI\u00d3N: TRASERA<\/li>\n<\/ul>\n<p>MINI (R56) 1.4 Uno:<\/p>\n<ul>\n<li>kilovatios: 55<\/li>\n<li>DESDE &gt; HASTA: 2009 &gt; 2010<\/li>\n<li>POSICI\u00d3N: TRASERA<\/li>\n<\/ul>\n<p>MINI (R56) 1.4 One \u2013 Disco delantero 280mm:<\/p>\n<ul>\n<li>kilovatios: 55<\/li>\n<li>DESDE &gt; HASTA: 2009 &gt; 2010<\/li>\n<li>POSICI\u00d3N: TRASERA<\/li>\n<\/ul>\n<p>MINI (R56) 1.4 One \u2013 Disco delantero 294mm:<\/p>\n<ul>\n<li>kilovatios: 55<\/li>\n<li>DESDE &gt; HASTA: 2009 &gt; 2010<\/li>\n<li>POSICI\u00d3N: TRASERA<\/li>\n<\/ul>\n<p>MINI (R56) 1.4 One GLP \u2013 Disco delantero 294 mm:<\/p>\n<ul>\n<li>kilovatios: 55<\/li>\n<li>DESDE &gt; HASTA: 2009 &gt; 2010<\/li>\n<li>POSICI\u00d3N: TRASERA<\/li>\n<\/ul>\n<p>MINI (R55) Clubman 1.6 Cooper D:<\/p>\n<ul>\n<li>kilovatios: 80<\/li>\n<li>DESDE &gt; HASTA: 2007 &gt; <\/li>\n<li>POSICI\u00d3N: TRASERA<\/li>\n<\/ul>\n<p>MINI (R56) 1.6 Cooper D:<\/p>\n<ul>\n<li>kilovatios: 80<\/li>\n<li>DESDE &gt; HASTA: 2006 &gt; 2010<\/li>\n<li>POSICI\u00d3N: TRASERA<\/li>\n<\/ul>\n<p>MINI (R56) 1.6 Cooper D \u2013 Disco delantero 280mm:<\/p>\n<ul>\n<li>kilovatios: 80<\/li>\n<li>DESDE &gt; HASTA: 2006 &gt; 2010<\/li>\n<li>POSICI\u00d3N: TRASERA<\/li>\n<\/ul>\n<p>MINI (R56) 1.6 Cooper D \u2013 Disco delantero 294mm:<\/p>\n<ul>\n<li>kilovatios: 80<\/li>\n<li>DESDE &gt; HASTA: 2006 &gt; 2010<\/li>\n<li>POSICI\u00d3N: TRASERA<\/li>\n<\/ul>\n<p>MINI (R56) 1.6 Uno D:<\/p>\n<ul>\n<li>kilovatios: 66<\/li>\n<li>DESDE &gt; HASTA: 2009 &gt; 2010<\/li>\n<li>POSICI\u00d3N: TRASERA<\/li>\n<\/ul>\n<p>MINI (R56) 1.6 One D \u2013 Disco delantero 280mm:<\/p>\n<ul>\n<li>kilovatios: 66<\/li>\n<li>DESDE &gt; HASTA: 2009 &gt; 2010<\/li>\n<li>POSICI\u00d3N: TRASERA<\/li>\n<\/ul>\n<p>MINI (R56) 1.6 One D \u2013 Disco delantero 294mm:<\/p>\n<ul>\n<li>kilovatios: 66<\/li>\n<li>DESDE &gt; HASTA: 2009 &gt; 2010<\/li>\n<li>POSICI\u00d3N: TRASERA<\/li>\n<\/ul>\n<p>MINI (R55) Clubman 1.6 Cooper S:<\/p>\n<ul>\n<li>kilovatios: 128<\/li>\n<li>DESDE &gt; HASTA: 2007 &gt; <\/li>\n<li>POSICI\u00d3N: TRASERA<\/li>\n<\/ul>\n<p>MINI (R55) Clubman 1.6 Cooper:<\/p>\n<ul>\n<li>kilovatios: 88<\/li>\n<li>DESDE &gt; HASTA: 2007 &gt; <\/li>\n<li>POSICI\u00d3N: TRASERA<\/li>\n<\/ul>\n<p>MINI (R55) Clubman 1.6 Cooper S:<\/p>\n<ul>\n<li>kilovatios: 120<\/li>\n<li>DESDE &gt; HASTA: 2007 &gt; <\/li>\n<li>POSICI\u00d3N: TRASERA<\/li>\n<\/ul>\n<p>MINI (R55) Clubman 1.6 Cooper:<\/p>\n<ul>\n<li>kilovatios: 85<\/li>\n<li>DESDE &gt; HASTA: 2010 &gt; <\/li>\n<li>POSICI\u00d3N: TRASERA<\/li>\n<\/ul>\n<p>MINI (R55) Clubman 1.6 Cooper:<\/p>\n<ul>\n<li>kilovatios: 90<\/li>\n<li>DESDE &gt; HASTA: 2010 &gt; <\/li>\n<li>POSICI\u00d3N: TRASERA<\/li>\n<\/ul>\n<p>MINI (R55) Clubman 1.6 Cooper D:<\/p>\n<ul>\n<li>kilovatios: 82<\/li>\n<li>DESDE &gt; HASTA: 2010 &gt; <\/li>\n<li>POSICI\u00d3N: TRASERA<\/li>\n<\/ul>\n<p>MINI (R55) Clubman 1.6 Cooper S:<\/p>\n<ul>\n<li>kilovatios: 135<\/li>\n<li>DESDE &gt; HASTA: 2010 &gt; <\/li>\n<li>POSICI\u00d3N: TRASERA<\/li>\n<\/ul>\n<p>MINI (R55) Clubman 1.6 Uno:<\/p>\n<ul>\n<li>kilovatios: 72<\/li>\n<li>DESDE &gt; HASTA: 2010 &gt; <\/li>\n<li>POSICI\u00d3N: TRASERA<\/li>\n<\/ul>\n<p>MINI (R55) Clubman 1.6 One D:<\/p>\n<ul>\n<li>kilovatios: 66<\/li>\n<li>DESDE &gt; HASTA: 2010 &gt; <\/li>\n<li>POSICI\u00d3N: TRASERA<\/li>\n<\/ul>\n<p>Kit de tuning MINI (R55) Clubman 1.6 S JCW:<\/p>\n<ul>\n<li>kilovatios: 147<\/li>\n<li>DESDE &gt; HASTA: 2010 &gt; <\/li>\n<li>POSICI\u00d3N: TRASERA<\/li>\n<\/ul>\n<p>MINI (R56) Cooper S:<\/p>\n<ul>\n<li>kilovatios: 128<\/li>\n<li>DESDE &gt; HASTA: 2006 &gt; 2011<\/li>\n<li>POSICI\u00d3N: TRASERA<\/li>\n<\/ul>\n<p>MINI (R56) 1.6 Cooper:<\/p>\n<ul>\n<li>kilovatios: 88<\/li>\n<li>DESDE &gt; HASTA: 2006 &gt; 2010<\/li>\n<li>POSICI\u00d3N: TRASERA<\/li>\n<\/ul>\n<p>MINI (R56) 1.6 Cooper \u2013 Disco delantero 294 mm:<\/p>\n<ul>\n<li>kilovatios: 88<\/li>\n<li>DESDE &gt; HASTA: 2006 &gt; 2010<\/li>\n<li>POSICI\u00d3N: TRASERA<\/li>\n<\/ul>\n<p>MINI (R56) 1.6 Cooper S:<\/p>\n<ul>\n<li>kilovatios: 128<\/li>\n<li>DESDE &gt; HASTA: 2006 &gt; 2010<\/li>\n<li>POSICI\u00d3N: TRASERA<\/li>\n<\/ul>\n<p>MINI (R56) Obras de John Cooper:<\/p>\n<ul>\n<li>kilovatios: 141<\/li>\n<li>DESDE &gt; HASTA: 2006 &gt; 2011<\/li>\n<li>POSICI\u00d3N: TRASERA<\/li>\n<\/ul>\n<p>MINI (R56) 1.6 Cooper S JCW\/S Funciona:<\/p>\n<ul>\n<li>kilovatios: 155<\/li>\n<li>DESDE &gt; HASTA: 2008 &gt; <\/li>\n<li>POSICI\u00d3N: TRASERA<\/li>\n<\/ul>\n<p>MINI (R56) 1.6 Cooper S JCW:<\/p>\n<ul>\n<li>kilovatios: 155<\/li>\n<li>DESDE &gt; HASTA: 2009 &gt; <\/li>\n<li>POSICI\u00d3N: TRASERA<\/li>\n<\/ul>\n<p>MINI (R56) 1.6 Cooper:<\/p>\n<ul>\n<li>kilovatios: 85<\/li>\n<li>DESDE &gt; HASTA: 2010 &gt; <\/li>\n<li>POSICI\u00d3N: TRASERA<\/li>\n<\/ul>\n<p>MINI (R56) 1.6 Cooper:<\/p>\n<ul>\n<li>kilovatios: 90<\/li>\n<li>DESDE &gt; HASTA: 2010 &gt; <\/li>\n<li>POSICI\u00d3N: TRASERA<\/li>\n<\/ul>\n<p>MINI (R56) 1.6 Cooper \u2013 Disco delantero 280mm:<\/p>\n<ul>\n<li>kilovatios: 85<\/li>\n<li>DESDE &gt; HASTA: 2010 &gt; <\/li>\n<li>POSICI\u00d3N: TRASERA<\/li>\n<\/ul>\n<p>MINI (R56) 1.6 Cooper \u2013 Disco delantero 280mm:<\/p>\n<ul>\n<li>kilovatios: 90<\/li>\n<li>DESDE &gt; HASTA: 2010 &gt; <\/li>\n<li>POSICI\u00d3N: TRASERA<\/li>\n<\/ul>\n<p>MINI (R56) 1.6 Cooper \u2013 Disco delantero 294 mm:<\/p>\n<ul>\n<li>kilovatios: 85<\/li>\n<li>DESDE &gt; HASTA: 2010 &gt; <\/li>\n<li>POSICI\u00d3N: TRASERA<\/li>\n<\/ul>\n<p>MINI (R56) 1.6 Cooper \u2013 Disco delantero 294 mm:<\/p>\n<ul>\n<li>kilovatios: 90<\/li>\n<li>DESDE &gt; HASTA: 2010 &gt; <\/li>\n<li>POSICI\u00d3N: TRASERA<\/li>\n<\/ul>\n<p>MINI (R56) 1.6 Cooper S:<\/p>\n<ul>\n<li>kilovatios: 135<\/li>\n<li>DESDE &gt; HASTA: 2010 &gt; <\/li>\n<li>POSICI\u00d3N: TRASERA<\/li>\n<\/ul>\n<p>MINI (R56) 1.6 Cooper S:<\/p>\n<ul>\n<li>kilovatios: 120<\/li>\n<li>DESDE &gt; HASTA: 2010 &gt; <\/li>\n<li>POSICI\u00d3N: TRASERA<\/li>\n<\/ul>\n<p>MINI (R56) 1.6 Uno:<\/p>\n<ul>\n<li>kilovatios: 55<\/li>\n<li>DESDE &gt; HASTA: 2010 &gt; <\/li>\n<li>POSICI\u00d3N: TRASERA<\/li>\n<\/ul>\n<p>MINI (R56) 1.6 Uno:<\/p>\n<ul>\n<li>kilovatios: 72<\/li>\n<li>DESDE &gt; HASTA: 2010 &gt; <\/li>\n<li>POSICI\u00d3N: TRASERA<\/li>\n<\/ul>\n<p>MINI (R56) 1.6 One \u2013 Disco delantero 280mm:<\/p>\n<ul>\n<li>kilovatios: 55<\/li>\n<li>DESDE &gt; HASTA: 2010 &gt; <\/li>\n<li>POSICI\u00d3N: TRASERA<\/li>\n<\/ul>\n<p>MINI (R56) 1.6 One \u2013 Disco delantero 280mm:<\/p>\n<ul>\n<li>kilovatios: 72<\/li>\n<li>DESDE &gt; HASTA: 2010 &gt; <\/li>\n<li>POSICI\u00d3N: TRASERA<\/li>\n<\/ul>\n<p>MINI (R56) 1.6 One \u2013 Disco delantero 294mm:<\/p>\n<ul>\n<li>kilovatios: 55<\/li>\n<li>DESDE &gt; HASTA: 2010 &gt; <\/li>\n<li>POSICI\u00d3N: TRASERA<\/li>\n<\/ul>\n<p>MINI (R56) 1.6 One \u2013 Disco delantero 294mm:<\/p>\n<ul>\n<li>kilovatios: 72<\/li>\n<li>DESDE &gt; HASTA: 2010 &gt; <\/li>\n<li>POSICI\u00d3N: TRASERA<\/li>\n<\/ul>\n<p>MINI (R56) 1.6 Cooper D:<\/p>\n<ul>\n<li>kilovatios: 82<\/li>\n<li>DESDE &gt; HASTA: 2010 &gt; <\/li>\n<li>POSICI\u00d3N: TRASERA<\/li>\n<\/ul>\n<p>MINI (R56) 1.6 Cooper D \u2013 Disco delantero 280mm:<\/p>\n<ul>\n<li>kilovatios: 82<\/li>\n<li>DESDE &gt; HASTA: 2010 &gt; <\/li>\n<li>POSICI\u00d3N: TRASERA<\/li>\n<\/ul>\n<p>MINI (R56) 1.6 Cooper D \u2013 Disco delantero 294mm:<\/p>\n<ul>\n<li>kilovatios: 82<\/li>\n<li>DESDE &gt; HASTA: 2010 &gt; <\/li>\n<li>POSICI\u00d3N: TRASERA<\/li>\n<\/ul>\n<p>MINI (R56) 1.6 Uno D:<\/p>\n<ul>\n<li>kilovatios: 66<\/li>\n<li>DESDE &gt; HASTA: 2010 &gt; <\/li>\n<li>POSICI\u00d3N: TRASERA<\/li>\n<\/ul>\n<p>MINI (R56) 1.6 One D \u2013 Disco delantero 280mm:<\/p>\n<ul>\n<li>kilovatios: 66<\/li>\n<li>DESDE &gt; HASTA: 2010 &gt; <\/li>\n<li>POSICI\u00d3N: TRASERA<\/li>\n<\/ul>\n<p>MINI (R56) 1.6 One D \u2013 Disco delantero 294mm:<\/p>\n<ul>\n<li>kilovatios: 66<\/li>\n<li>DESDE &gt; HASTA: 2010 &gt; <\/li>\n<li>POSICI\u00d3N: TRASERA<\/li>\n<\/ul>\n<p>Kit de tuning MINI (R56) 1.6 Cooper S JCW:<\/p>\n<ul>\n<li>kilovatios: 147<\/li>\n<li>DESDE &gt; HASTA: 2012 &gt; <\/li>\n<li>POSICI\u00d3N: TRASERA<\/li>\n<\/ul>\n<p>MINI (R56) John Cooper Works GP:<\/p>\n<ul>\n<li>kilovatios: 160<\/li>\n<li>DESDE &gt; HASTA: 2012 &gt; 2013<\/li>\n<li>POSICI\u00d3N: TRASERA<\/li>\n<\/ul>\n<p>MINI (R57) 1.6 Cooper S JCW:<\/p>\n<ul>\n<li>kilovatios: 155<\/li>\n<li>DESDE &gt; HASTA: 2008 &gt; <\/li>\n<li>POSICI\u00d3N: TRASERA<\/li>\n<\/ul>\n<p>MINI (R57) 1.6 Cooper:<\/p>\n<ul>\n<li>kilovatios: 85<\/li>\n<li>DESDE &gt; HASTA: 2009 &gt; <\/li>\n<li>POSICI\u00d3N: TRASERA<\/li>\n<\/ul>\n<p>MINI (R57) 1.6 Cooper:<\/p>\n<ul>\n<li>kilovatios: 88<\/li>\n<li>DESDE &gt; HASTA: 2009 &gt; <\/li>\n<li>POSICI\u00d3N: TRASERA<\/li>\n<\/ul>\n<p>MINI (R57) 1.6 Cooper \u2013 Disco delantero 280mm:<\/p>\n<ul>\n<li>kilovatios: 88<\/li>\n<li>DESDE &gt; HASTA: 2009 &gt; <\/li>\n<li>POSICI\u00d3N: TRASERA<\/li>\n<\/ul>\n<p>MINI (R57) 1.6 Cooper \u2013 Disco delantero 294 mm:<\/p>\n<ul>\n<li>kilovatios: 88<\/li>\n<li>DESDE &gt; HASTA: 2009 &gt; <\/li>\n<li>POSICI\u00d3N: TRASERA<\/li>\n<\/ul>\n<p>MINI (R57) 1.6 Cooper S:<\/p>\n<ul>\n<li>kilovatios: 128<\/li>\n<li>DESDE &gt; HASTA: 2009 &gt; <\/li>\n<li>POSICI\u00d3N: TRASERA<\/li>\n<\/ul>\n<p>MINI (R57) 1.6 Cooper:<\/p>\n<ul>\n<li>kilovatios: 90<\/li>\n<li>DESDE &gt; HASTA: 2010 &gt; <\/li>\n<li>POSICI\u00d3N: TRASERA<\/li>\n<\/ul>\n<p>MINI (R57) 1.6 Cooper \u2013 Disco delantero 280mm:<\/p>\n<ul>\n<li>kilovatios: 90<\/li>\n<li>DESDE &gt; HASTA: 2010 &gt; <\/li>\n<li>POSICI\u00d3N: TRASERA<\/li>\n<\/ul>\n<p>MINI (R57) 1.6 Cooper \u2013 Disco delantero 294 mm:<\/p>\n<ul>\n<li>kilovatios: 90<\/li>\n<li>DESDE &gt; HASTA: 2010 &gt; <\/li>\n<li>POSICI\u00d3N: TRASERA<\/li>\n<\/ul>\n<p>MINI (R57) 1.6 Cooper S:<\/p>\n<ul>\n<li>kilovatios: 135<\/li>\n<li>DESDE &gt; HASTA: 2010 &gt; <\/li>\n<li>POSICI\u00d3N: TRASERA<\/li>\n<\/ul>\n<p>MINI (R57) 1.6 Cooper S:<\/p>\n<ul>\n<li>kilovatios: 120<\/li>\n<li>DESDE &gt; HASTA: 2010 &gt; <\/li>\n<li>POSICI\u00d3N: TRASERA<\/li>\n<\/ul>\n<p>Kit de tuning MINI (R57) 1.6 Cooper S JCW:<\/p>\n<ul>\n<li>kilovatios: 147<\/li>\n<li>DESDE &gt; HASTA: 2010 &gt; <\/li>\n<li>POSICI\u00d3N: TRASERA<\/li>\n<\/ul>\n<p>MINI (R57) 1.6 Uno:<\/p>\n<ul>\n<li>kilovatios: 72<\/li>\n<li>DESDE &gt; HASTA: 2010 &gt; <\/li>\n<li>POSICI\u00d3N: TRASERA<\/li>\n<\/ul>\n<p>MINI (R57) 1.6 One \u2013 Disco delantero 280mm:<\/p>\n<ul>\n<li>kilovatios: 72<\/li>\n<li>DESDE &gt; HASTA: 2010 &gt; <\/li>\n<li>POSICI\u00d3N: TRASERA<\/li>\n<\/ul>\n<p>MINI (R57) 1.6 One \u2013 Disco delantero 294mm:<\/p>\n<ul>\n<li>kilovatios: 72<\/li>\n<li>DESDE &gt; HASTA: 2010 &gt; <\/li>\n<li>POSICI\u00d3N: TRASERA<\/li>\n<\/ul>\n<p>MINI (R57) 1.6 D Cooper:<\/p>\n<ul>\n<li>kilovatios: 82<\/li>\n<li>DESDE &gt; HASTA: 2010 &gt; <\/li>\n<li>POSICI\u00d3N: TRASERA<\/li>\n<\/ul>\n<p>MINI (R57) 1.6 D Cooper \u2013 Disco delantero 280mm:<\/p>\n<ul>\n<li>kilovatios: 82<\/li>\n<li>DESDE &gt; HASTA: 2010 &gt; <\/li>\n<li>POSICI\u00d3N: TRASERA<\/li>\n<\/ul>\n<p>MINI (R57) 1.6 D Cooper \u2013 Disco delantero 294 mm:<\/p>\n<ul>\n<li>kilovatios: 82<\/li>\n<li>DESDE &gt; HASTA: 2010 &gt; <\/li>\n<li>POSICI\u00d3N: TRASERA<\/li>\n<\/ul>\n<p>MINI CLUBMAN (R55) Obras de John Cooper:<\/p>\n<ul>\n<li>kilovatios: 141<\/li>\n<li>DESDE &gt; HASTA: 2008 &gt; 2010<\/li>\n<li>POSICI\u00d3N: TRASERA<\/li>\n<\/ul>\n<p>MINI CLUBVAN (R55) Cooper:<\/p>\n<ul>\n<li>kilovatios: 90<\/li>\n<li>DESDE &gt; HASTA: 2012 &gt; <\/li>\n<li>POSICI\u00d3N: TRASERA<\/li>\n<\/ul>\n<p>MINI CLUBVAN (R55) Cooper D:<\/p>\n<ul>\n<li>kilovatios: 82<\/li>\n<li>DESDE &gt; HASTA: 2012 &gt; <\/li>\n<li>POSICI\u00d3N: TRASERA<\/li>\n<\/ul>\n<p>MINI CLUBVAN (R55) Uno:<\/p>\n<ul>\n<li>kilovatios: 72<\/li>\n<li>DESDE &gt; HASTA: 2012 &gt; <\/li>\n<li>POSICI\u00d3N: TRASERA<\/li>\n<\/ul>\n<p>MINI Cabrio (R57) Cooper S:<\/p>\n<ul>\n<li>kilovatios: 125<\/li>\n<li>DESDE &gt; HASTA: 2007 &gt; 2008<\/li>\n<li>POSICI\u00d3N: TRASERA<\/li>\n<\/ul>\n<p>MINI Cabrio (R57) Uno:<\/p>\n<ul>\n<li>kilovatios: 72<\/li>\n<li>DESDE &gt; HASTA: 2010 &gt; 2015<\/li>\n<li>POSICI\u00d3N: TRASERA<\/li>\n<\/ul>\n<p>MINI Coupe (R58) 1.6 Cooper:<\/p>\n<ul>\n<li>kilovatios: 85<\/li>\n<li>DESDE &gt; HASTA: 2011 &gt; <\/li>\n<li>POSICI\u00d3N: TRASERA<\/li>\n<\/ul>\n<p>MINI Coupe (R58) 1.6 Cooper:<\/p>\n<ul>\n<li>kilovatios: 90<\/li>\n<li>DESDE &gt; HASTA: 2011 &gt; <\/li>\n<li>POSICI\u00d3N: TRASERA<\/li>\n<\/ul>\n<p>MINI Coupe (R58) 1.6 Cooper S:<\/p>\n<ul>\n<li>kilovatios: 120<\/li>\n<li>DESDE &gt; HASTA: 2011 &gt; <\/li>\n<li>POSICI\u00d3N: TRASERA<\/li>\n<\/ul>\n<p>MINI Coupe (R58) 1.6 Cooper S:<\/p>\n<ul>\n<li>kilovatios: 135<\/li>\n<li>DESDE &gt; HASTA: 2011 &gt; <\/li>\n<li>POSICI\u00d3N: TRASERA<\/li>\n<\/ul>\n<p>MINI Coupe (R58) 1.6 Cooper S JCW:<\/p>\n<ul>\n<li>kilovatios: 155<\/li>\n<li>DESDE &gt; HASTA: 2011 &gt; <\/li>\n<li>POSICI\u00d3N: TRASERA<\/li>\n<\/ul>\n<p>Kit de tuning MINI Coup\u00e9 (R58) 1.6 S JCW:<\/p>\n<ul>\n<li>kilovatios: 147<\/li>\n<li>DESDE &gt; HASTA: 2011 &gt; <\/li>\n<li>POSICI\u00d3N: TRASERA<\/li>\n<\/ul>\n<p>MINI Roadster (R59) 1.6 Cooper:<\/p>\n<ul>\n<li>kilovatios: 85<\/li>\n<li>DESDE &gt; HASTA: 2012 &gt; <\/li>\n<li>POSICI\u00d3N: TRASERA<\/li>\n<\/ul>\n<p>MINI Roadster (R59) 1.6 Cooper:<\/p>\n<ul>\n<li>kilovatios: 90<\/li>\n<li>DESDE &gt; HASTA: 2012 &gt; <\/li>\n<li>POSICI\u00d3N: TRASERA<\/li>\n<\/ul>\n<p>MINI Roadster (R59) 1.6 Cooper S:<\/p>\n<ul>\n<li>kilovatios: 120<\/li>\n<li>DESDE &gt; HASTA: 2012 &gt; <\/li>\n<li>POSICI\u00d3N: TRASERA<\/li>\n<\/ul>\n<p>MINI Roadster (R59) 1.6 Cooper S:<\/p>\n<ul>\n<li>kilovatios: 135<\/li>\n<li>DESDE &gt; HASTA: 2012 &gt; <\/li>\n<li>POSICI\u00d3N: TRASERA<\/li>\n<\/ul>\n<p>MINI Roadster (R59) 1.6 Cooper S JCW:<\/p>\n<ul>\n<li>kilovatios: 155<\/li>\n<li>DESDE &gt; HASTA: 2012 &gt; <\/li>\n<li>POSICI\u00d3N: TRASERA<\/li>\n<\/ul>\n<p>Kit de tuning MINI Roadster (R59) 1.6 S JCW:<\/p>\n<ul>\n<li>kilovatios: 147<\/li>\n<li>DESDE &gt; HASTA: 2012 &gt; <\/li>\n<li>POSICI\u00d3N: TRASERA<\/li>\n<\/ul>\n<p>MINI (R50,R53) John Cooper funciona:<\/p>\n<ul>\n<li>kilovatios: 160<\/li>\n<li>DESDE &gt; HASTA: 2006 &gt; 2006<\/li>\n<li>POSICI\u00d3N: TRASERA<\/li>\n<\/ul>\n<p>MINI (R56) Cooper:<\/p>\n<ul>\n<li>kilovatios: 88<\/li>\n<li>DESDE &gt; HASTA: 2006 &gt; 2012<\/li>\n<li>POSICI\u00d3N: TRASERA<\/li>\n<\/ul>\n<p>MINI (R56) Cooper D:<\/p>\n<ul>\n<li>kilovatios: 80<\/li>\n<li>DESDE &gt; HASTA: 2006 &gt; 2010<\/li>\n<li>POSICI\u00d3N: TRASERA<\/li>\n<\/ul>\n<p>MINI (R55) Clubman 2.0 Cooper SD:<\/p>\n<ul>\n<li>kilovatios: 100<\/li>\n<li>DESDE &gt; HASTA: 2011 &gt; <\/li>\n<li>POSICI\u00d3N: TRASERA<\/li>\n<\/ul>\n<p>MINI (R55) Clubman 2.0 Cooper D:<\/p>\n<ul>\n<li>kilovatios: 82<\/li>\n<li>DESDE &gt; HASTA: 2011 &gt; <\/li>\n<li>POSICI\u00d3N: TRASERA<\/li>\n<\/ul>\n<p>MINI (R55) Clubman 2.0 Cooper SD:<\/p>\n<ul>\n<li>kilovatios: 105<\/li>\n<li>DESDE &gt; HASTA: 2011 &gt; <\/li>\n<li>POSICI\u00d3N: TRASERA<\/li>\n<\/ul>\n<p>MINI (R56) 2.0 Cooper SD:<\/p>\n<ul>\n<li>kilovatios: 100<\/li>\n<li>DESDE &gt; HASTA: 2011 &gt; <\/li>\n<li>POSICI\u00d3N: TRASERA<\/li>\n<\/ul>\n<p>MINI (R56) 2.0 Cooper SD \u2013 Disco delantero 280mm:<\/p>\n<ul>\n<li>kilovatios: 100<\/li>\n<li>DESDE &gt; HASTA: 2011 &gt; <\/li>\n<li>POSICI\u00d3N: TRASERA<\/li>\n<\/ul>\n<p>MINI (R56) 2.0 Cooper SD \u2013 Disco delantero 294mm:<\/p>\n<ul>\n<li>kilovatios: 100<\/li>\n<li>DESDE &gt; HASTA: 2011 &gt; <\/li>\n<li>POSICI\u00d3N: TRASERA<\/li>\n<\/ul>\n<p>MINI (R56) 2.0 Cooper D:<\/p>\n<ul>\n<li>kilovatios: 82<\/li>\n<li>DESDE &gt; HASTA: 2011 &gt; <\/li>\n<li>POSICI\u00d3N: TRASERA<\/li>\n<\/ul>\n<p>MINI (R56) 2.0 Cooper D \u2013 Disco delantero 280mm:<\/p>\n<ul>\n<li>kilovatios: 82<\/li>\n<li>DESDE &gt; HASTA: 2011 &gt; <\/li>\n<li>POSICI\u00d3N: TRASERA<\/li>\n<\/ul>\n<p>MINI (R56) 2.0 Cooper D \u2013 Disco delantero 294mm:<\/p>\n<ul>\n<li>kilovatios: 82<\/li>\n<li>DESDE &gt; HASTA: 2011 &gt; <\/li>\n<li>POSICI\u00d3N: TRASERA<\/li>\n<\/ul>\n<p>MINI (R56) 2.0 Cooper SD:<\/p>\n<ul>\n<li>kilovatios: 105<\/li>\n<li>DESDE &gt; HASTA: 2011 &gt; <\/li>\n<li>POSICI\u00d3N: TRASERA<\/li>\n<\/ul>\n<p>MINI (R56) 2.0 Cooper SD \u2013 Disco delantero 280mm:<\/p>\n<ul>\n<li>kilovatios: 105<\/li>\n<li>DESDE &gt; HASTA: 2011 &gt; <\/li>\n<li>POSICI\u00d3N: TRASERA<\/li>\n<\/ul>\n<p>MINI (R56) 2.0 Cooper SD \u2013 Disco delantero 294mm:<\/p>\n<ul>\n<li>kilovatios: 105<\/li>\n<li>DESDE &gt; HASTA: 2011 &gt; <\/li>\n<li>POSICI\u00d3N: TRASERA<\/li>\n<\/ul>\n<p>MINI (R57) 2.0 Cooper D:<\/p>\n<ul>\n<li>kilovatios: 82<\/li>\n<li>DESDE &gt; HASTA: 2011 &gt; <\/li>\n<li>POSICI\u00d3N: TRASERA<\/li>\n<\/ul>\n<p>MINI (R57) 2.0 Cooper D \u2013 Disco delantero 280mm:<\/p>\n<ul>\n<li>kilovatios: 82<\/li>\n<li>DESDE &gt; HASTA: 2011 &gt; <\/li>\n<li>POSICI\u00d3N: TRASERA<\/li>\n<\/ul>\n<p>MINI (R57) 2.0 Cooper D \u2013 Disco delantero 294 mm:<\/p>\n<ul>\n<li>kilovatios: 82<\/li>\n<li>DESDE &gt; HASTA: 2011 &gt; <\/li>\n<li>POSICI\u00d3N: TRASERA<\/li>\n<\/ul>\n<p>MINI (R57) 2.0 Cooper SD:<\/p>\n<ul>\n<li>kilovatios: 100<\/li>\n<li>DESDE &gt; HASTA: 2011 &gt; <\/li>\n<li>POSICI\u00d3N: TRASERA<\/li>\n<\/ul>\n<p>MINI (R57) 2.0 Cooper SD:<\/p>\n<ul>\n<li>kilovatios: 105<\/li>\n<li>DESDE &gt; HASTA: 2011 &gt; <\/li>\n<li>POSICI\u00d3N: TRASERA<\/li>\n<\/ul>\n<p>MINI (R57) 2.0 Cooper SD \u2013 Disco delantero 280mm:<\/p>\n<ul>\n<li>kilovatios: 100<\/li>\n<li>DESDE &gt; HASTA: 2011 &gt; <\/li>\n<li>POSICI\u00d3N: TRASERA<\/li>\n<\/ul>\n<p>MINI (R57) 2.0 Cooper SD \u2013 Disco delantero 280mm:<\/p>\n<ul>\n<li>kilovatios: 105<\/li>\n<li>DESDE &gt; HASTA: 2011 &gt; <\/li>\n<li>POSICI\u00d3N: TRASERA<\/li>\n<\/ul>\n<p>MINI (R57) 2.0 Cooper SD \u2013 Disco delantero 294mm:<\/p>\n<ul>\n<li>kilovatios: 100<\/li>\n<li>DESDE &gt; HASTA: 2011 &gt; <\/li>\n<li>POSICI\u00d3N: TRASERA<\/li>\n<\/ul>\n<p>MINI (R57) 2.0 Cooper SD \u2013 Disco delantero 294mm:<\/p>\n<ul>\n<li>kilovatios: 105<\/li>\n<li>DESDE &gt; HASTA: 2011 &gt; <\/li>\n<li>POSICI\u00d3N: TRASERA<\/li>\n<\/ul>\n<p>MINI CLUBVAN (R55) Cooper D:<\/p>\n<ul>\n<li>kilovatios: 82<\/li>\n<li>DESDE &gt; HASTA: 2012 &gt; <\/li>\n<li>POSICI\u00d3N: TRASERA<\/li>\n<\/ul>\n<p>MINI Coupe (R58) 2.0 Cooper SD:<\/p>\n<ul>\n<li>kilovatios: 100<\/li>\n<li>DESDE &gt; HASTA: 2011 &gt; <\/li>\n<li>POSICI\u00d3N: TRASERA<\/li>\n<\/ul>\n<p>MINI Coupe (R58) 2.0 Cooper SD:<\/p>\n<ul>\n<li>kilovatios: 105<\/li>\n<li>DESDE &gt; HASTA: 2011 &gt; <\/li>\n<li>POSICI\u00d3N: TRASERA<\/li>\n<\/ul>\n<p>MINI Roadster (R59) 2.0 Cooper SD:<\/p>\n<ul>\n<li>kilovatios: 100<\/li>\n<li>DESDE &gt; HASTA: 2012 &gt; <\/li>\n<li>POSICI\u00d3N: TRASERA<\/li>\n<\/ul>\n<p>MINI Roadster (R59) 2.0 Cooper SD:<\/p>\n<ul>\n<li>kilovatios: 105<\/li>\n<li>DESDE &gt; HASTA: 2012 &gt; <\/li>\n<li>POSICI\u00d3N: TRASERA<\/li>\n<\/ul>\n<p>MINI Coup\u00e9 (R58) Obras de John Cooper:<\/p>\n<ul>\n<li>kilovatios: 170<\/li>\n<li>DESDE &gt; HASTA: 2015 &gt; <\/li>\n<li>POSICI\u00d3N: TRASERA<\/li>\n<\/ul>\n<\/details>","protected":false},"excerpt":{"rendered":"<p><strong>FCP1975<\/strong><\/p>\n<p>\n<b>Compuesto: DS2500 <\/b><br \/>SIN CERTIFICACI\u00d3N R90 <a data-boundary=\"window\" data-toggle=\"tooltip\" data-trigger=\"hover focus click\" style=\"color:red;cursor:pointer\" title=\"Este compuesto no est\u00e1 recomendado para uso en carretera en aquellos pa\u00edses que requieren certificaci\u00f3n R90.\"><br \/>\n<i class=\"fas fa-info-circle\"><\/i><br \/>\n<\/a><br \/>Para: D\u00eda de pista, uso ligero en carreras, GT trasero<br \/>Temperatura de funcionamiento \u00f3ptima: 0\u00b0 a 500\u00b0C\n                                                                                                                                            <\/p>","protected":false},"featured_media":66645,"template":"","meta":{"_crdt_document":"","inline_featured_image":false},"product_brand":[],"product_cat":[116],"product_tag":[],"class_list":{"0":"post-31241","1":"product","2":"type-product","3":"status-publish","4":"has-post-thumbnail","6":"product_cat-brake-pads","8":"first","9":"instock","10":"taxable","11":"shipping-taxable","12":"purchasable","13":"product-type-simple"},"supplier_id":null,"supplier_sku":"","barcode":null,"atum_controlled":true,"out_stock_date":null,"out_stock_threshold":null,"inheritable":false,"inbound_stock":null,"stock_on_hold":null,"sold_today":null,"sales_last_days":null,"reserved_stock":null,"customer_returns":null,"warehouse_damage":null,"lost_in_post":null,"other_logs":null,"out_stock_days":null,"lost_sales":null,"has_location":null,"update_date":null,"atum_locations":[],"atum_stock_status":"instock","restock_status":false,"low_stock_amount":"","sales_update_date":null,"calc_backorders":null,"_links":{"self":[{"href":"https:\/\/revmatch.eu\/es\/wp-json\/wp\/v2\/product\/31241","targetHints":{"allow":["GET"]}}],"collection":[{"href":"https:\/\/revmatch.eu\/es\/wp-json\/wp\/v2\/product"}],"about":[{"href":"https:\/\/revmatch.eu\/es\/wp-json\/wp\/v2\/types\/product"}],"version-history":[{"count":0,"href":"https:\/\/revmatch.eu\/es\/wp-json\/wp\/v2\/product\/31241\/revisions"}],"wp:featuredmedia":[{"embeddable":true,"href":"https:\/\/revmatch.eu\/es\/wp-json\/wp\/v2\/media\/66645"}],"wp:attachment":[{"href":"https:\/\/revmatch.eu\/es\/wp-json\/wp\/v2\/media?parent=31241"}],"wp:term":[{"taxonomy":"product_brand","embeddable":true,"href":"https:\/\/revmatch.eu\/es\/wp-json\/wp\/v2\/product_brand?post=31241"},{"taxonomy":"product_cat","embeddable":true,"href":"https:\/\/revmatch.eu\/es\/wp-json\/wp\/v2\/product_cat?post=31241"},{"taxonomy":"product_tag","embeddable":true,"href":"https:\/\/revmatch.eu\/es\/wp-json\/wp\/v2\/product_tag?post=31241"}],"curies":[{"name":"wp","href":"https:\/\/api.w.org\/{rel}","templated":true}]}}