{"id":31247,"date":"2023-05-23T11:29:10","date_gmt":"2023-05-23T10:29:10","guid":{"rendered":"http:\/\/revmatch.eu\/product\/ferodo-racing-ds2500-fcp22h\/"},"modified":"2024-06-12T22:09:55","modified_gmt":"2024-06-12T21:09:55","slug":"ferodo-racing-ds2500-fcp22h","status":"publish","type":"product","link":"https:\/\/revmatch.eu\/es\/producto\/ferodo-racing-ds2500-fcp22h\/","title":{"rendered":"Ferodo Racing DS2500 \u2013 FCP22H"},"content":{"rendered":"<p><strong>FCP22<\/strong><\/p>\n<p>\n<b>Compuesto: DS2500 <\/b><br \/>SIN CERTIFICACI\u00d3N R90 <a data-boundary=\"window\" data-toggle=\"tooltip\" data-trigger=\"hover focus click\" style=\"color:red;cursor:pointer\" title=\"Este compuesto no est\u00e1 recomendado para uso en carretera en aquellos pa\u00edses que requieren certificaci\u00f3n R90.\"><br \/>\n<i class=\"fas fa-info-circle\"><\/i><br \/>\n<\/a><br \/>Para: D\u00eda de pista, uso ligero en carreras, GT trasero<br \/>Temperatura de funcionamiento \u00f3ptima: 0\u00b0 a 500\u00b0C\n                                                                                                                                            <\/p>\n<p>&nbsp;<\/p>\n<p>Compatible con:<br \/>\n&nbsp;<\/p>\n<details>\n<summary>AUTOBIANCHI<\/summary>\n<p>PRIMULA Berlina 1.2:<\/p>\n<ul>\n<li>kilovatios: 48<\/li>\n<li>DESDE &gt; HASTA: 1968 &gt; 1970<\/li>\n<li>POSICI\u00d3N: TRASERA<\/li>\n<\/ul>\n<p>Un 111 1.4:<\/p>\n<ul>\n<li>kilovatios: 51<\/li>\n<li>DESDE &gt; HASTA: 1969 &gt; 1972<\/li>\n<li>POSICI\u00d3N: TRASERA<\/li>\n<\/ul>\n<\/details>\n<details>\n<summary>FIAT<\/summary>\n<p>850 0.8:<\/p>\n<ul>\n<li>kilovatios: 25<\/li>\n<li>DESDE &gt; HASTA: 1964 &gt; 1972<\/li>\n<li>POSICI\u00d3N: DELANTERO<\/li>\n<\/ul>\n<p>850 0.8:<\/p>\n<ul>\n<li>kilovatios: 27<\/li>\n<li>DESDE &gt; HASTA: 1964 &gt; 1972<\/li>\n<li>POSICI\u00d3N: DELANTERO<\/li>\n<\/ul>\n<p>850 0,8 Especial (GB):<\/p>\n<ul>\n<li>kilovatios: 35<\/li>\n<li>DESDE &gt; HASTA: 1968 &gt; 1972<\/li>\n<li>POSICI\u00d3N: DELANTERO<\/li>\n<\/ul>\n<p>850 ara\u00f1a 0,8:<\/p>\n<ul>\n<li>kilovatios: 36<\/li>\n<li>DESDE &gt; HASTA: 1965 &gt; 1968<\/li>\n<li>POSICI\u00d3N: DELANTERO<\/li>\n<\/ul>\n<p>850 Coup\u00e9 (100_) 0,9 deporte:<\/p>\n<ul>\n<li>kilovatios: 38<\/li>\n<li>DESDE &gt; HASTA: 1968 &gt; 1972<\/li>\n<li>POSICI\u00d3N: DELANTERO<\/li>\n<\/ul>\n<p>850 ara\u00f1a 0,9 deporte:<\/p>\n<ul>\n<li>kilovatios: 38<\/li>\n<li>DESDE &gt; HASTA: 1968 &gt; 1972<\/li>\n<li>POSICI\u00d3N: DELANTERO<\/li>\n<\/ul>\n<p>124 (124_) 1200 (TA):<\/p>\n<ul>\n<li>kilovatios: 44<\/li>\n<li>DESDE &gt; HASTA: 1966 &gt; 1973<\/li>\n<li>POSICI\u00d3N: TRASERA<\/li>\n<\/ul>\n<p>124 (124_) 1200:<\/p>\n<ul>\n<li>kilovatios: 48<\/li>\n<li>DESDE &gt; HASTA: 1973 &gt; 1975<\/li>\n<li>POSICI\u00d3N: TRASERA<\/li>\n<\/ul>\n<p>124 Familiar (124_) 1200:<\/p>\n<ul>\n<li>kilovatios: 44<\/li>\n<li>DESDE &gt; HASTA: 1967 &gt; 1973<\/li>\n<li>POSICI\u00d3N: TRASERA<\/li>\n<\/ul>\n<p>124 Familiar (124_) 1200:<\/p>\n<ul>\n<li>kilovatios: 48<\/li>\n<li>DESDE &gt; HASTA: 1973 &gt; 1975<\/li>\n<li>POSICI\u00d3N: TRASERA<\/li>\n<\/ul>\n<p>X 1\/9 (128_) 1,3:<\/p>\n<ul>\n<li>kilovatios: 55<\/li>\n<li>DESDE &gt; HASTA: 1973 &gt; 1979<\/li>\n<li>POSICI\u00d3N: TRASERA<\/li>\n<\/ul>\n<p>X 1\/9 (128_) 1,3:<\/p>\n<ul>\n<li>kilovatios: 54<\/li>\n<li>DESDE &gt; HASTA: 1975 &gt; 1978<\/li>\n<li>POSICI\u00d3N: TRASERA<\/li>\n<\/ul>\n<p>124 (124_) 1400:<\/p>\n<ul>\n<li>kilovatios: 51<\/li>\n<li>DESDE &gt; HASTA: 1968 &gt; 1972<\/li>\n<li>POSICI\u00d3N: TRASERA<\/li>\n<\/ul>\n<p>124 (124_) 1500:<\/p>\n<ul>\n<li>kilovatios: 59<\/li>\n<li>DESDE &gt; HASTA: 1971 &gt; 1975<\/li>\n<li>POSICI\u00d3N: TRASERA<\/li>\n<\/ul>\n<p>124 (124_) 1500:<\/p>\n<ul>\n<li>kilovatios: 55<\/li>\n<li>DESDE &gt; HASTA: 1973 &gt; 1975<\/li>\n<li>POSICI\u00d3N: TRASERA<\/li>\n<\/ul>\n<p>124 Coup\u00e9 (124_) 1400 Deportivo:<\/p>\n<ul>\n<li>kilovatios: 66<\/li>\n<li>DESDE &gt; HASTA: 1967 &gt; 1972<\/li>\n<li>POSICI\u00d3N: TRASERA<\/li>\n<\/ul>\n<p>124 Familiar (124_) 1.4:<\/p>\n<ul>\n<li>kilovatios: 51<\/li>\n<li>DESDE &gt; HASTA: 1967 &gt; 1971<\/li>\n<li>POSICI\u00d3N: TRASERA<\/li>\n<\/ul>\n<p>124 Ara\u00f1a (124_) 1500 Deporte (BS):<\/p>\n<ul>\n<li>kilovatios: 66<\/li>\n<li>DESDE &gt; HASTA: 1966 &gt; 1972<\/li>\n<li>POSICI\u00d3N: TRASERA<\/li>\n<\/ul>\n<p>X 1\/9 (128_) 1,5:<\/p>\n<ul>\n<li>kilovatios: 63<\/li>\n<li>DESDE &gt; HASTA: 1978 &gt; 1989<\/li>\n<li>POSICI\u00d3N: TRASERA<\/li>\n<\/ul>\n<p>X 1\/9 (128_) 1,5:<\/p>\n<ul>\n<li>kilovatios: 56<\/li>\n<li>DESDE &gt; HASTA: 1985 &gt; 1989<\/li>\n<li>POSICI\u00d3N: TRASERA<\/li>\n<\/ul>\n<p>132 (132_) 1.6:<\/p>\n<ul>\n<li>kilovatios: 72<\/li>\n<li>DESDE &gt; HASTA: 1976 &gt; 1982<\/li>\n<li>POSICI\u00d3N: TRASERA<\/li>\n<\/ul>\n<p>132 (132_) 1.6:<\/p>\n<ul>\n<li>kilovatios: 66<\/li>\n<li>DESDE &gt; HASTA: 1977 &gt; 1981<\/li>\n<li>POSICI\u00d3N: TRASERA<\/li>\n<\/ul>\n<p>132 (132_) 1.6:<\/p>\n<ul>\n<li>kilovatios: 65<\/li>\n<li>DESDE &gt; HASTA: 1977 &gt; 1982<\/li>\n<li>POSICI\u00d3N: TRASERA<\/li>\n<\/ul>\n<p>124 (124_) 1600:<\/p>\n<ul>\n<li>kilovatios: 70<\/li>\n<li>DESDE &gt; HASTA: 1973 &gt; 1975<\/li>\n<li>POSICI\u00d3N: TRASERA<\/li>\n<\/ul>\n<p>124 Coup\u00e9 (124_) 1600 Deportivo:<\/p>\n<ul>\n<li>kilovatios: 76<\/li>\n<li>DESDE &gt; HASTA: 1972 &gt; 1975<\/li>\n<li>POSICI\u00d3N: TRASERA<\/li>\n<\/ul>\n<p>124 Coup\u00e9 (124_) 1600 Deportivo:<\/p>\n<ul>\n<li>kilovatios: 80<\/li>\n<li>DESDE &gt; HASTA: 1972 &gt; 1975<\/li>\n<li>POSICI\u00d3N: TRASERA<\/li>\n<\/ul>\n<p>124 Ara\u00f1a (124_) 1600 Deportivo (BS1):<\/p>\n<ul>\n<li>kilovatios: 74<\/li>\n<li>DESDE &gt; HASTA: 1969 &gt; 1973<\/li>\n<li>POSICI\u00d3N: TRASERA<\/li>\n<\/ul>\n<p>132 (132_) 1.6:<\/p>\n<ul>\n<li>kilovatios: 72<\/li>\n<li>DESDE &gt; HASTA: 1972 &gt; 1976<\/li>\n<li>POSICI\u00d3N: TRASERA<\/li>\n<\/ul>\n<p>124 Coup\u00e9 (124_) 1600 (antes de Cristo 1):<\/p>\n<ul>\n<li>kilovatios: 81<\/li>\n<li>DESDE &gt; HASTA: 1970 &gt; 1973<\/li>\n<li>POSICI\u00d3N: TRASERA<\/li>\n<\/ul>\n<p>124 Coup\u00e9 (124_) 1600 (antes de Cristo 1):<\/p>\n<ul>\n<li>kilovatios: 74<\/li>\n<li>DESDE &gt; HASTA: 1971 &gt; 1973<\/li>\n<li>POSICI\u00d3N: TRASERA<\/li>\n<\/ul>\n<p>124 Ara\u00f1a (124_) 1600 Deportivo (BS1):<\/p>\n<ul>\n<li>kilovatios: 80<\/li>\n<li>DESDE &gt; HASTA: 1969 &gt; 1974<\/li>\n<li>POSICI\u00d3N: TRASERA<\/li>\n<\/ul>\n<p>124 ara\u00f1a (124_) 1600 deporte (CS):<\/p>\n<ul>\n<li>kilovatios: 76<\/li>\n<li>DESDE &gt; HASTA: 1969 &gt; 1974<\/li>\n<li>POSICI\u00d3N: TRASERA<\/li>\n<\/ul>\n<p>124 Ara\u00f1a (124_) 1600 Deportivo (BS):<\/p>\n<ul>\n<li>kilovatios: 82<\/li>\n<li>DESDE &gt; HASTA: 1969 &gt; 1973<\/li>\n<li>POSICI\u00d3N: TRASERA<\/li>\n<\/ul>\n<p>125 (125_) 1,6 (TA):<\/p>\n<ul>\n<li>kilovatios: 66<\/li>\n<li>DESDE &gt; HASTA: 1967 &gt; 1974<\/li>\n<li>POSICI\u00d3N: TRASERA<\/li>\n<\/ul>\n<p>125 (125_) 1,6 (TA):<\/p>\n<ul>\n<li>kilovatios: 74<\/li>\n<li>DESDE &gt; HASTA: 1969 &gt; 1973<\/li>\n<li>POSICI\u00d3N: TRASERA<\/li>\n<\/ul>\n<p>124 Ara\u00f1a (124_) 1800 Deporte (CS1):<\/p>\n<ul>\n<li>kilovatios: 82<\/li>\n<li>DESDE &gt; HASTA: 1973 &gt; 1975<\/li>\n<li>POSICI\u00d3N: TRASERA<\/li>\n<\/ul>\n<p>124 Coup\u00e9 (124_) 1800 Deportivo:<\/p>\n<ul>\n<li>kilovatios: 82<\/li>\n<li>DESDE &gt; HASTA: 1973 &gt; 1976<\/li>\n<li>POSICI\u00d3N: TRASERA<\/li>\n<\/ul>\n<p>124 Coup\u00e9 (124_) 1800 Deportivo (CC1):<\/p>\n<ul>\n<li>kilovatios: 87<\/li>\n<li>DESDE &gt; HASTA: 1973 &gt; 1976<\/li>\n<li>POSICI\u00d3N: TRASERA<\/li>\n<\/ul>\n<p>124 Ara\u00f1a (124_) 1800 Deporte (CS1):<\/p>\n<ul>\n<li>kilovatios: 87<\/li>\n<li>DESDE &gt; HASTA: 1972 &gt; 1977<\/li>\n<li>POSICI\u00d3N: TRASERA<\/li>\n<\/ul>\n<p>124 Ara\u00f1a (124_) 1800 Rally Abarth (CSA):<\/p>\n<ul>\n<li>kilovatios: 94<\/li>\n<li>DESDE &gt; HASTA: 1972 &gt; 1975<\/li>\n<li>POSICI\u00d3N: TRASERA<\/li>\n<\/ul>\n<p>132 (132_) 1.7 Especial (A1):<\/p>\n<ul>\n<li>kilovatios: 77<\/li>\n<li>DESDE &gt; HASTA: 1972 &gt; 1974<\/li>\n<li>POSICI\u00d3N: TRASERA<\/li>\n<\/ul>\n<p>132 (132_) 1.7 GLS (A1):<\/p>\n<ul>\n<li>kilovatios: 79<\/li>\n<li>DESDE &gt; HASTA: 1974 &gt; 1975<\/li>\n<li>POSICI\u00d3N: TRASERA<\/li>\n<\/ul>\n<p>132 (132_) 1.7 GLS (A1):<\/p>\n<ul>\n<li>kilovatios: 82<\/li>\n<li>DESDE &gt; HASTA: 1975 &gt; 1977<\/li>\n<li>POSICI\u00d3N: TRASERA<\/li>\n<\/ul>\n<p>131 (131_) 2.0 Carreras:<\/p>\n<ul>\n<li>kilovatios: 85<\/li>\n<li>DESDE &gt; HASTA: 1978 &gt; 1981<\/li>\n<li>POSICI\u00d3N: TRASERA<\/li>\n<\/ul>\n<p>131 (131_) 2.0 Super:<\/p>\n<ul>\n<li>kilovatios: 83<\/li>\n<li>DESDE &gt; HASTA: 1981 &gt; 1984<\/li>\n<li>POSICI\u00d3N: TRASERA<\/li>\n<\/ul>\n<p>131 Familiar\/Panorama (131_) 2.0 Super:<\/p>\n<ul>\n<li>kilovatios: 83<\/li>\n<li>DESDE &gt; HASTA: 1981 &gt; 1984<\/li>\n<li>POSICI\u00d3N: TRASERA<\/li>\n<\/ul>\n<p>132 (132_) 2.0:<\/p>\n<ul>\n<li>kilovatios: 83<\/li>\n<li>DESDE &gt; HASTA: 1976 &gt; 1981<\/li>\n<li>POSICI\u00d3N: TRASERA<\/li>\n<\/ul>\n<\/details>\n<details>\n<summary>FSO<\/summary>\n<p>125P 1,3 1300:<\/p>\n<ul>\n<li>kilovatios: 47<\/li>\n<li>DESDE &gt; HASTA: 1967 &gt; 1992<\/li>\n<li>POSICI\u00d3N: TRASERA<\/li>\n<\/ul>\n<p>125P finca 1,3:<\/p>\n<ul>\n<li>kilovatios: 47<\/li>\n<li>DESDE &gt; HASTA: 1967 &gt; 1992<\/li>\n<li>POSICI\u00d3N: TRASERA<\/li>\n<\/ul>\n<p>POLONEZ I 1.3:<\/p>\n<ul>\n<li>kilovatios: 48<\/li>\n<li>DESDE &gt; HASTA: 1978 &gt; 1980<\/li>\n<li>POSICI\u00d3N: TRASERA<\/li>\n<\/ul>\n<p>POLONEZ III 1.4 i 16V:<\/p>\n<ul>\n<li>kilovatios: 76<\/li>\n<li>DESDE &gt; HASTA: 1992 &gt; 2002<\/li>\n<li>POSICI\u00d3N: TRASERA<\/li>\n<\/ul>\n<p>125P 1,5 1500:<\/p>\n<ul>\n<li>kilovatios: 55<\/li>\n<li>DESDE &gt; HASTA: 1967 &gt; 1992<\/li>\n<li>POSICI\u00d3N: TRASERA<\/li>\n<\/ul>\n<p>125P finca 1,5:<\/p>\n<ul>\n<li>kilovatios: 55<\/li>\n<li>DESDE &gt; HASTA: 1967 &gt; 1992<\/li>\n<li>POSICI\u00d3N: TRASERA<\/li>\n<\/ul>\n<p>POLONEZ I 1.5:<\/p>\n<ul>\n<li>kilovatios: 55<\/li>\n<li>DESDE &gt; HASTA: 1977 &gt; 1988<\/li>\n<li>POSICI\u00d3N: TRASERA<\/li>\n<\/ul>\n<p>POLONEZ I 1.5:<\/p>\n<ul>\n<li>kilovatios: 60<\/li>\n<li>DESDE &gt; HASTA: 1978 &gt; 1988<\/li>\n<li>POSICI\u00d3N: TRASERA<\/li>\n<\/ul>\n<p>POLONEZ I 1.5 Turbo:<\/p>\n<ul>\n<li>kilovatios: 70<\/li>\n<li>DESDE &gt; HASTA: 1978 &gt; 1991<\/li>\n<li>POSICI\u00d3N: TRASERA<\/li>\n<\/ul>\n<p>POLONEZ II 1.5:<\/p>\n<ul>\n<li>kilovatios: 55<\/li>\n<li>DESDE &gt; HASTA: 1988 &gt; 1992<\/li>\n<li>POSICI\u00d3N: TRASERA<\/li>\n<\/ul>\n<p>POLONEZ II 1.5 i:<\/p>\n<ul>\n<li>kilovatios: 55<\/li>\n<li>DESDE &gt; HASTA: 1988 &gt; 1992<\/li>\n<li>POSICI\u00d3N: TRASERA<\/li>\n<\/ul>\n<p>132P 1.6:<\/p>\n<ul>\n<li>kilovatios: 72<\/li>\n<li>DESDE &gt; HASTA: 1974 &gt; 1978<\/li>\n<li>POSICI\u00d3N: TRASERA<\/li>\n<\/ul>\n<p>POLONEZ I 1.6:<\/p>\n<ul>\n<li>kilovatios: 64<\/li>\n<li>DESDE &gt; HASTA: 1986 &gt; 1988<\/li>\n<li>POSICI\u00d3N: TRASERA<\/li>\n<\/ul>\n<p>POLONEZ II 1.6:<\/p>\n<ul>\n<li>kilovatios: 64<\/li>\n<li>DESDE &gt; HASTA: 1988 &gt; 1992<\/li>\n<li>POSICI\u00d3N: TRASERA<\/li>\n<\/ul>\n<p>POLONEZ III 1.6 i:<\/p>\n<ul>\n<li>kilovatios: 57<\/li>\n<li>DESDE &gt; HASTA: 1992 &gt; 2002<\/li>\n<li>POSICI\u00d3N: TRASERA<\/li>\n<\/ul>\n<p>POLONEZ III Berlina 1.6 i:<\/p>\n<ul>\n<li>kilovatios: 57<\/li>\n<li>DESDE &gt; HASTA: 1992 &gt; 2002<\/li>\n<li>POSICI\u00d3N: TRASERA<\/li>\n<\/ul>\n<p>132P 1.8:<\/p>\n<ul>\n<li>kilovatios: 79<\/li>\n<li>DESDE &gt; HASTA: 1975 &gt; 1978<\/li>\n<li>POSICI\u00d3N: TRASERA<\/li>\n<\/ul>\n<p>POLONEZ II 1.9 D:<\/p>\n<ul>\n<li>kilovatios: 51<\/li>\n<li>DESDE &gt; HASTA: 1988 &gt; 1992<\/li>\n<li>POSICI\u00d3N: TRASERA<\/li>\n<\/ul>\n<p>POLONEZ III 1.9 D:<\/p>\n<ul>\n<li>kilovatios: 51<\/li>\n<li>DESDE &gt; HASTA: 1992 &gt; 2002<\/li>\n<li>POSICI\u00d3N: TRASERA<\/li>\n<\/ul>\n<\/details>\n<details>\n<summary>LANCIA<\/summary>\n<p>BETA MONTECARLO (137_) 2.0:<\/p>\n<ul>\n<li>kilovatios: 88<\/li>\n<li>DESDE &gt; HASTA: 1975 &gt; 1981<\/li>\n<li>POSICI\u00d3N: TRASERA<\/li>\n<\/ul>\n<\/details>\n<details>\n<summary>PININFARINA<\/summary>\n<p>SPIDEREUROPA (DS) 2000:<\/p>\n<ul>\n<li>kilovatios: 77<\/li>\n<li>DESDE &gt; HASTA: 1982 &gt; 1985<\/li>\n<li>POSICI\u00d3N: TRASERA<\/li>\n<\/ul>\n<p>SPIDEREUROPA (DS) 2000 Volumex:<\/p>\n<ul>\n<li>kilovatios: 99<\/li>\n<li>DESDE &gt; HASTA: 1983 &gt; 1985<\/li>\n<li>POSICI\u00d3N: TRASERA<\/li>\n<\/ul>\n<p>SPIDEREUROPA (DS) 2000:<\/p>\n<ul>\n<li>kilovatios: 76<\/li>\n<li>DESDE &gt; HASTA: 1984 &gt; 1985<\/li>\n<li>POSICI\u00d3N: TRASERA<\/li>\n<\/ul>\n<\/details>\n<details>\n<summary>SEAT<\/summary>\n<p>124D1200:<\/p>\n<ul>\n<li>kilovatios: 44<\/li>\n<li>DESDE &gt; HASTA: 1968 &gt; 1976<\/li>\n<li>POSICI\u00d3N: TRASERA<\/li>\n<\/ul>\n<p>124LS1200:<\/p>\n<ul>\n<li>kilovatios: 48<\/li>\n<li>DESDE &gt; HASTA: 1968 &gt; 1980<\/li>\n<li>POSICI\u00d3N: TRASERA<\/li>\n<\/ul>\n<p>124 finca LS1200:<\/p>\n<ul>\n<li>kilovatios: 48<\/li>\n<li>DESDE &gt; HASTA: 1970 &gt; 1976<\/li>\n<li>POSICI\u00d3N: TRASERA<\/li>\n<\/ul>\n<p>124 1430:<\/p>\n<ul>\n<li>kilovatios: 55<\/li>\n<li>DESDE &gt; HASTA: 1970 &gt; 1976<\/li>\n<li>POSICI\u00d3N: TRASERA<\/li>\n<\/ul>\n<p>124 1.6:<\/p>\n<ul>\n<li>kilovatios: 70<\/li>\n<li>DESDE &gt; HASTA: 1976 &gt; 1980<\/li>\n<li>POSICI\u00d3N: TRASERA<\/li>\n<\/ul>\n<p>124 1.6:<\/p>\n<ul>\n<li>kilovatios: 72<\/li>\n<li>DESDE &gt; HASTA: 1975 &gt; 1976<\/li>\n<li>POSICI\u00d3N: TRASERA<\/li>\n<\/ul>\n<p>124 1.8:<\/p>\n<ul>\n<li>kilovatios: 87<\/li>\n<li>DESDE &gt; HASTA: 1975 &gt; 1980<\/li>\n<li>POSICI\u00d3N: TRASERA<\/li>\n<\/ul>\n<p>124 2.0:<\/p>\n<ul>\n<li>kilovatios: 85<\/li>\n<li>DESDE &gt; HASTA: 1979 &gt; 1980<\/li>\n<li>POSICI\u00d3N: TRASERA<\/li>\n<\/ul>\n<\/details>\n<details>\n<summary>TALBOT<\/summary>\n<p>SIMCA 1000 1.3 Rallye 2:<\/p>\n<ul>\n<li>kilovatios: 63<\/li>\n<li>DESDE &gt; HASTA: 1976 &gt; 1977<\/li>\n<li>POSICI\u00d3N: TRASERA<\/li>\n<\/ul>\n<p>SIMCA 1000 1.3 Rallye 3:<\/p>\n<ul>\n<li>kilovatios: 76<\/li>\n<li>DESDE &gt; HASTA: 1978 &gt; 1978<\/li>\n<li>POSICI\u00d3N: TRASERA<\/li>\n<\/ul>\n<\/details>","protected":false},"excerpt":{"rendered":"<p><strong>FCP22<\/strong><\/p>\n<p>\n<b>Compuesto: DS2500 <\/b><br \/>SIN CERTIFICACI\u00d3N R90 <a data-boundary=\"window\" data-toggle=\"tooltip\" data-trigger=\"hover focus click\" style=\"color:red;cursor:pointer\" title=\"Este compuesto no est\u00e1 recomendado para uso en carretera en aquellos pa\u00edses que requieren certificaci\u00f3n R90.\"><br \/>\n<i class=\"fas fa-info-circle\"><\/i><br \/>\n<\/a><br \/>Para: D\u00eda de pista, uso ligero en carreras, GT trasero<br \/>Temperatura de funcionamiento \u00f3ptima: 0\u00b0 a 500\u00b0C\n                                                                                                                                            <\/p>","protected":false},"featured_media":66648,"template":"","meta":{"_crdt_document":"","inline_featured_image":false},"product_brand":[],"product_cat":[116],"product_tag":[],"class_list":{"0":"post-31247","1":"product","2":"type-product","3":"status-publish","4":"has-post-thumbnail","6":"product_cat-brake-pads","8":"first","9":"instock","10":"taxable","11":"shipping-taxable","12":"purchasable","13":"product-type-simple"},"supplier_id":null,"supplier_sku":"","barcode":null,"atum_controlled":true,"out_stock_date":null,"out_stock_threshold":null,"inheritable":false,"inbound_stock":null,"stock_on_hold":null,"sold_today":null,"sales_last_days":null,"reserved_stock":null,"customer_returns":null,"warehouse_damage":null,"lost_in_post":null,"other_logs":null,"out_stock_days":null,"lost_sales":null,"has_location":null,"update_date":null,"atum_locations":[],"atum_stock_status":"instock","restock_status":false,"low_stock_amount":"","sales_update_date":null,"calc_backorders":null,"_links":{"self":[{"href":"https:\/\/revmatch.eu\/es\/wp-json\/wp\/v2\/product\/31247","targetHints":{"allow":["GET"]}}],"collection":[{"href":"https:\/\/revmatch.eu\/es\/wp-json\/wp\/v2\/product"}],"about":[{"href":"https:\/\/revmatch.eu\/es\/wp-json\/wp\/v2\/types\/product"}],"version-history":[{"count":0,"href":"https:\/\/revmatch.eu\/es\/wp-json\/wp\/v2\/product\/31247\/revisions"}],"wp:featuredmedia":[{"embeddable":true,"href":"https:\/\/revmatch.eu\/es\/wp-json\/wp\/v2\/media\/66648"}],"wp:attachment":[{"href":"https:\/\/revmatch.eu\/es\/wp-json\/wp\/v2\/media?parent=31247"}],"wp:term":[{"taxonomy":"product_brand","embeddable":true,"href":"https:\/\/revmatch.eu\/es\/wp-json\/wp\/v2\/product_brand?post=31247"},{"taxonomy":"product_cat","embeddable":true,"href":"https:\/\/revmatch.eu\/es\/wp-json\/wp\/v2\/product_cat?post=31247"},{"taxonomy":"product_tag","embeddable":true,"href":"https:\/\/revmatch.eu\/es\/wp-json\/wp\/v2\/product_tag?post=31247"}],"curies":[{"name":"wp","href":"https:\/\/api.w.org\/{rel}","templated":true}]}}