{"id":31281,"date":"2023-05-23T11:30:09","date_gmt":"2023-05-23T10:30:09","guid":{"rendered":"http:\/\/revmatch.eu\/product\/ferodo-racing-ds2500-fcp392h\/"},"modified":"2024-06-12T22:10:26","modified_gmt":"2024-06-12T21:10:26","slug":"ferodo-racing-ds2500-fcp392h","status":"publish","type":"product","link":"https:\/\/revmatch.eu\/es\/producto\/ferodo-racing-ds2500-fcp392h\/","title":{"rendered":"Ferodo Racing DS2500 \u2013 FCP392H"},"content":{"rendered":"<p><strong>FCP392<\/strong><\/p>\n<p>\n<b>Compuesto: DS2500 <\/b><br \/>SIN CERTIFICACI\u00d3N R90 <a data-boundary=\"window\" data-toggle=\"tooltip\" data-trigger=\"hover focus click\" style=\"color:red;cursor:pointer\" title=\"Este compuesto no est\u00e1 recomendado para uso en carretera en aquellos pa\u00edses que requieren certificaci\u00f3n R90.\"><br \/>\n<i class=\"fas fa-info-circle\"><\/i><br \/>\n<\/a><br \/>Para: D\u00eda de pista, uso ligero en carreras, GT trasero<br \/>Temperatura de funcionamiento \u00f3ptima: 0\u00b0 a 500\u00b0C\n                                                                                                                                            <\/p>\n<p>&nbsp;<\/p>\n<p>Compatible con:<br \/>\n&nbsp;<\/p>\n<details>\n<summary>SEAT<\/summary>\n<p>Cordoba (I) 1.8 i:<\/p>\n<ul>\n<li>kilovatios: 66<\/li>\n<li>DESDE &gt; HASTA: 1993 &gt; 1999<\/li>\n<li>POSICI\u00d3N: DELANTERO<\/li>\n<\/ul>\n<p>Ibiza (II) 1.8 i:<\/p>\n<ul>\n<li>kilovatios: 66<\/li>\n<li>DESDE &gt; HASTA: 1993 &gt; 1999<\/li>\n<li>POSICI\u00d3N: DELANTERO<\/li>\n<\/ul>\n<p>C\u00f3rdoba (I) 1.9 E, TD:<\/p>\n<ul>\n<li>kilovatios: 50<\/li>\n<li>DESDE &gt; HASTA: 1993 &gt; 1996<\/li>\n<li>POSICI\u00d3N: DELANTERO<\/li>\n<\/ul>\n<p>Ibiza (II) 1.9 D, TD:<\/p>\n<ul>\n<li>kilovatios: 47<\/li>\n<li>DESDE &gt; HASTA: 1993 &gt; 1999<\/li>\n<li>POSICI\u00d3N: DELANTERO<\/li>\n<\/ul>\n<p>Ibiza (II) 1.9 D, TD:<\/p>\n<ul>\n<li>kilovatios: 50<\/li>\n<li>DESDE &gt; HASTA: 1993 &gt; 1999<\/li>\n<li>POSICI\u00d3N: DELANTERO<\/li>\n<\/ul>\n<p>Ibiza (II) 1.9 D, TD:<\/p>\n<ul>\n<li>kilovatios: 55<\/li>\n<li>DESDE &gt; HASTA: 1993 &gt; 1999<\/li>\n<li>POSICI\u00d3N: DELANTERO<\/li>\n<\/ul>\n<\/details>\n<details>\n<summary>VOLKSWAGEN<\/summary>\n<p>Polo 1.0:<\/p>\n<ul>\n<li>KW: 29<\/li>\n<li>DESDE &gt; HASTA: 1987 &gt; 1990<\/li>\n<li>POSICI\u00d3N: DELANTERO<\/li>\n<\/ul>\n<p>Polo (I) 1.0 i:<\/p>\n<ul>\n<li>KW: 29<\/li>\n<li>DESDE &gt; HASTA: 1987 &gt; 1990<\/li>\n<li>POSICI\u00d3N: DELANTERO<\/li>\n<\/ul>\n<p>PASSAT (I) 1.3 i Auto, SW Familiar:<\/p>\n<ul>\n<li>kilovatios: 44<\/li>\n<li>DESDE &gt; HASTA: 1979 &gt; 1983<\/li>\n<li>POSICI\u00d3N: DELANTERO<\/li>\n<\/ul>\n<p>Polo 1.3 G40:<\/p>\n<ul>\n<li>kilovatios: 85<\/li>\n<li>DESDE &gt; HASTA: 1991 &gt; 1994<\/li>\n<li>POSICI\u00d3N: DELANTERO<\/li>\n<\/ul>\n<p>Polo (I) 1.3 i:<\/p>\n<ul>\n<li>kilovatios: 40<\/li>\n<li>DESDE &gt; HASTA: 1987 &gt; 1990<\/li>\n<li>POSICI\u00d3N: DELANTERO<\/li>\n<\/ul>\n<p>Golf (4) 1.4 Sed\u00e1n, Variante:<\/p>\n<ul>\n<li>kilovatios: <\/li>\n<li>DESDE &gt; HASTA: 1997 &gt; 1998<\/li>\n<li>POSICI\u00d3N: DELANTERO<\/li>\n<\/ul>\n<p>Golf (1) 1.6 i GTi:<\/p>\n<ul>\n<li>kilovatios: 81<\/li>\n<li>DESDE &gt; HASTA: 1975 &gt; 1983<\/li>\n<li>POSICI\u00d3N: DELANTERO<\/li>\n<\/ul>\n<p>Golf (2) 1.6 Cabrio:<\/p>\n<ul>\n<li>kilovatios: 53<\/li>\n<li>DESDE &gt; HASTA: 1984 &gt; 1991<\/li>\n<li>POSICI\u00d3N: DELANTERO<\/li>\n<\/ul>\n<p>Golf (4) 1.6:<\/p>\n<ul>\n<li>kilovatios: 74<\/li>\n<li>DESDE &gt; HASTA: 1997 &gt; 1998<\/li>\n<li>POSICI\u00d3N: DELANTERO<\/li>\n<\/ul>\n<p>Jetta 1.6i:<\/p>\n<ul>\n<li>kilovatios: 63<\/li>\n<li>DESDE &gt; HASTA: 1980 &gt; 1983<\/li>\n<li>POSICI\u00d3N: DELANTERO<\/li>\n<\/ul>\n<p>PASSAT (I) 1.6 i Auto, SW Familiar:<\/p>\n<ul>\n<li>kilovatios: 55<\/li>\n<li>DESDE &gt; HASTA: 1979 &gt; 1983<\/li>\n<li>POSICI\u00d3N: DELANTERO<\/li>\n<\/ul>\n<p>PASSAT (I) 1.6 i Auto, SW Familiar:<\/p>\n<ul>\n<li>kilovatios: 63<\/li>\n<li>DESDE &gt; HASTA: 1979 &gt; 1983<\/li>\n<li>POSICI\u00d3N: DELANTERO<\/li>\n<\/ul>\n<p>PASSAT (I) 1.6 i Auto, SW Familiar:<\/p>\n<ul>\n<li>kilovatios: 81<\/li>\n<li>DESDE &gt; HASTA: 1979 &gt; 1983<\/li>\n<li>POSICI\u00d3N: DELANTERO<\/li>\n<\/ul>\n<p>PASSAT (I) 1.6 i GLi Auto, SW Estate:<\/p>\n<ul>\n<li>kilovatios: 81<\/li>\n<li>DESDE &gt; HASTA: 1979 &gt; 1983<\/li>\n<li>POSICI\u00d3N: DELANTERO<\/li>\n<\/ul>\n<p>Scirocco 1.6 GTi:<\/p>\n<ul>\n<li>kilovatios: <\/li>\n<li>DESDE &gt; HASTA: 1979 &gt; 1983<\/li>\n<li>POSICI\u00d3N: DELANTERO<\/li>\n<\/ul>\n<p>Scirocco 1.6:<\/p>\n<ul>\n<li>kilovatios: 51<\/li>\n<li>DESDE &gt; HASTA: 1984 &gt; 1988<\/li>\n<li>POSICI\u00d3N: DELANTERO<\/li>\n<\/ul>\n<p>Golf (1) 1.8 GTi:<\/p>\n<ul>\n<li>kilovatios: 82<\/li>\n<li>DESDE &gt; HASTA: 1975 &gt; 1983<\/li>\n<li>POSICI\u00d3N: DELANTERO<\/li>\n<\/ul>\n<p>Golf (2) 1.8 i GTi G60 16V:<\/p>\n<ul>\n<li>kilovatios: 118<\/li>\n<li>DESDE &gt; HASTA: 1983 &gt; 1988<\/li>\n<li>POSICI\u00d3N: DELANTERO<\/li>\n<\/ul>\n<p>Golf (2) 1.8 Cabrio:<\/p>\n<ul>\n<li>kilovatios: 55<\/li>\n<li>DESDE &gt; HASTA: 1984 &gt; 1993<\/li>\n<li>POSICI\u00d3N: DELANTERO<\/li>\n<\/ul>\n<p>Golf (2) 1.8 GTi 16V:<\/p>\n<ul>\n<li>kilovatios: 102<\/li>\n<li>DESDE &gt; HASTA: 1985 &gt; 1986<\/li>\n<li>POSICI\u00d3N: DELANTERO<\/li>\n<\/ul>\n<p>Golf (2) 1.8 GT, Gti:<\/p>\n<ul>\n<li>kilovatios: 62<\/li>\n<li>DESDE &gt; HASTA: 1986 &gt; 1991<\/li>\n<li>POSICI\u00d3N: DELANTERO<\/li>\n<\/ul>\n<p>Golf (4) 1.8:<\/p>\n<ul>\n<li>kilovatios: 66<\/li>\n<li>DESDE &gt; HASTA: 1997 &gt; 1998<\/li>\n<li>POSICI\u00d3N: DELANTERO<\/li>\n<\/ul>\n<p>Jetta 1.8:<\/p>\n<ul>\n<li>kilovatios: 82<\/li>\n<li>DESDE &gt; HASTA: 1980 &gt; 1983<\/li>\n<li>POSICI\u00d3N: DELANTERO<\/li>\n<\/ul>\n<p>Jetta 1.8 GT:<\/p>\n<ul>\n<li>kilovatios: 66<\/li>\n<li>DESDE &gt; HASTA: 1983 &gt; 1992<\/li>\n<li>POSICI\u00d3N: DELANTERO<\/li>\n<\/ul>\n<p>Jetta 1.8 GT 16V:<\/p>\n<ul>\n<li>kilovatios: 95<\/li>\n<li>DESDE &gt; HASTA: 1983 &gt; 1988<\/li>\n<li>POSICI\u00d3N: DELANTERO<\/li>\n<\/ul>\n<p>Scirocco 1.8 GL, GTi:<\/p>\n<ul>\n<li>kilovatios: 66<\/li>\n<li>DESDE &gt; HASTA: 1983 &gt; 1983<\/li>\n<li>POSICI\u00d3N: DELANTERO<\/li>\n<\/ul>\n<p>Scirocco 1.8:<\/p>\n<ul>\n<li>kilovatios: 66<\/li>\n<li>DESDE &gt; HASTA: 1984 &gt; 1989<\/li>\n<li>POSICI\u00d3N: DELANTERO<\/li>\n<\/ul>\n<p>Scirocco 1.8:<\/p>\n<ul>\n<li>kilovatios: 70<\/li>\n<li>DESDE &gt; HASTA: 1984 &gt; 1989<\/li>\n<li>POSICI\u00d3N: DELANTERO<\/li>\n<\/ul>\n<p>Scirocco 1.8:<\/p>\n<ul>\n<li>kilovatios: 82<\/li>\n<li>DESDE &gt; HASTA: 1984 &gt; 1989<\/li>\n<li>POSICI\u00d3N: DELANTERO<\/li>\n<\/ul>\n<p>Scirocco 1.8 y Scala 16V:<\/p>\n<ul>\n<li>kilovatios: 95<\/li>\n<li>DESDE &gt; HASTA: 1989 &gt; 1991<\/li>\n<li>POSICI\u00d3N: DELANTERO<\/li>\n<\/ul>\n<p>PASSAT (I) 1.9 i GL5:<\/p>\n<ul>\n<li>kilovatios: <\/li>\n<li>DESDE &gt; HASTA: 1981 &gt; 1983<\/li>\n<li>POSICI\u00d3N: DELANTERO<\/li>\n<\/ul>\n<p>PASSAT (I) 1.9:<\/p>\n<ul>\n<li>kilovatios: <\/li>\n<li>DESDE &gt; HASTA: 1988 &gt; 1988<\/li>\n<li>POSICI\u00d3N: DELANTERO<\/li>\n<\/ul>\n<p>PASSAT (I) 2.0 GL5:<\/p>\n<ul>\n<li>kilovatios: <\/li>\n<li>DESDE &gt; HASTA: 1983 &gt; 1983<\/li>\n<li>POSICI\u00d3N: DELANTERO<\/li>\n<\/ul>\n<p>PASSAT (I) 2.0:<\/p>\n<ul>\n<li>kilovatios: 84<\/li>\n<li>DESDE &gt; HASTA: 1984 &gt; 1988<\/li>\n<li>POSICI\u00d3N: DELANTERO<\/li>\n<\/ul>\n<p>Santana 2.0:<\/p>\n<ul>\n<li>kilovatios: 85<\/li>\n<li>DESDE &gt; HASTA: 1984 &gt; 1986<\/li>\n<li>POSICI\u00d3N: DELANTERO<\/li>\n<\/ul>\n<p>PASSAT (I) 2.2:<\/p>\n<ul>\n<li>kilovatios: 85<\/li>\n<li>DESDE &gt; HASTA: 1984 &gt; 1988<\/li>\n<li>POSICI\u00d3N: DELANTERO<\/li>\n<\/ul>\n<\/details>","protected":false},"excerpt":{"rendered":"<p><strong>FCP392<\/strong><\/p>\n<p>\n<b>Compuesto: DS2500 <\/b><br \/>SIN CERTIFICACI\u00d3N R90 <a data-boundary=\"window\" data-toggle=\"tooltip\" data-trigger=\"hover focus click\" style=\"color:red;cursor:pointer\" title=\"Este compuesto no est\u00e1 recomendado para uso en carretera en aquellos pa\u00edses que requieren certificaci\u00f3n R90.\"><br \/>\n<i class=\"fas fa-info-circle\"><\/i><br \/>\n<\/a><br \/>Para: D\u00eda de pista, uso ligero en carreras, GT trasero<br \/>Temperatura de funcionamiento \u00f3ptima: 0\u00b0 a 500\u00b0C\n                                                                                                                                            <\/p>","protected":false},"featured_media":66660,"template":"","meta":{"_crdt_document":"","inline_featured_image":false},"product_brand":[],"product_cat":[116],"product_tag":[],"class_list":{"0":"post-31281","1":"product","2":"type-product","3":"status-publish","4":"has-post-thumbnail","6":"product_cat-brake-pads","8":"first","9":"instock","10":"taxable","11":"shipping-taxable","12":"purchasable","13":"product-type-simple"},"supplier_id":null,"supplier_sku":"","barcode":null,"atum_controlled":true,"out_stock_date":null,"out_stock_threshold":null,"inheritable":false,"inbound_stock":null,"stock_on_hold":null,"sold_today":null,"sales_last_days":null,"reserved_stock":null,"customer_returns":null,"warehouse_damage":null,"lost_in_post":null,"other_logs":null,"out_stock_days":null,"lost_sales":null,"has_location":null,"update_date":null,"atum_locations":[],"atum_stock_status":"instock","restock_status":false,"low_stock_amount":"","sales_update_date":null,"calc_backorders":null,"_links":{"self":[{"href":"https:\/\/revmatch.eu\/es\/wp-json\/wp\/v2\/product\/31281","targetHints":{"allow":["GET"]}}],"collection":[{"href":"https:\/\/revmatch.eu\/es\/wp-json\/wp\/v2\/product"}],"about":[{"href":"https:\/\/revmatch.eu\/es\/wp-json\/wp\/v2\/types\/product"}],"version-history":[{"count":0,"href":"https:\/\/revmatch.eu\/es\/wp-json\/wp\/v2\/product\/31281\/revisions"}],"wp:featuredmedia":[{"embeddable":true,"href":"https:\/\/revmatch.eu\/es\/wp-json\/wp\/v2\/media\/66660"}],"wp:attachment":[{"href":"https:\/\/revmatch.eu\/es\/wp-json\/wp\/v2\/media?parent=31281"}],"wp:term":[{"taxonomy":"product_brand","embeddable":true,"href":"https:\/\/revmatch.eu\/es\/wp-json\/wp\/v2\/product_brand?post=31281"},{"taxonomy":"product_cat","embeddable":true,"href":"https:\/\/revmatch.eu\/es\/wp-json\/wp\/v2\/product_cat?post=31281"},{"taxonomy":"product_tag","embeddable":true,"href":"https:\/\/revmatch.eu\/es\/wp-json\/wp\/v2\/product_tag?post=31281"}],"curies":[{"name":"wp","href":"https:\/\/api.w.org\/{rel}","templated":true}]}}