{"id":31296,"date":"2023-05-23T11:30:40","date_gmt":"2023-05-23T10:30:40","guid":{"rendered":"http:\/\/revmatch.eu\/product\/ferodo-racing-ds2500-fcp4045h\/"},"modified":"2024-06-12T22:10:34","modified_gmt":"2024-06-12T21:10:34","slug":"ferodo-racing-ds2500-fcp4045h","status":"publish","type":"product","link":"https:\/\/revmatch.eu\/es\/producto\/ferodo-racing-ds2500-fcp4045h\/","title":{"rendered":"Ferodo Racing DS2500 \u2013 FCP4045H"},"content":{"rendered":"<p><strong>FCP4045<\/strong><\/p>\n<p>\n<b>Compuesto: DS2500 <\/b><br \/>SIN CERTIFICACI\u00d3N R90 <a data-boundary=\"window\" data-toggle=\"tooltip\" data-trigger=\"hover focus click\" style=\"color:red;cursor:pointer\" title=\"Este compuesto no est\u00e1 recomendado para uso en carretera en aquellos pa\u00edses que requieren certificaci\u00f3n R90.\"><br \/>\n<i class=\"fas fa-info-circle\"><\/i><br \/>\n<\/a><br \/>Para: D\u00eda de pista, uso ligero en carreras, GT trasero<br \/>Temperatura de funcionamiento \u00f3ptima: 0\u00b0 a 500\u00b0C\n                                                                                                                                            <\/p>\n<p>&nbsp;<\/p>\n<p>Compatible con:<br \/>\n&nbsp;<\/p>\n<details>\n<summary>AUDI<\/summary>\n<p>A4 (8K2, B8) 1.8 TFSI:<\/p>\n<ul>\n<li>kilovatios: 118<\/li>\n<li>DESDE &gt; HASTA: 2007 &gt; <\/li>\n<li>POSICI\u00d3N: DELANTERO<\/li>\n<\/ul>\n<p>A4 (8K2, B8) 1.8 TFSI:<\/p>\n<ul>\n<li>kilovatios: 88<\/li>\n<li>DESDE &gt; HASTA: 2008 &gt; <\/li>\n<li>POSICI\u00d3N: DELANTERO<\/li>\n<\/ul>\n<p>A5 (8T3) 1.8 TFSI:<\/p>\n<ul>\n<li>kilovatios: 125<\/li>\n<li>DESDE &gt; HASTA: 2007 &gt; <\/li>\n<li>POSICI\u00d3N: DELANTERO<\/li>\n<\/ul>\n<p>A4 (8K2, B8) 2.0 TDi:<\/p>\n<ul>\n<li>kilovatios: 100<\/li>\n<li>DESDE &gt; HASTA: 2007 &gt; <\/li>\n<li>POSICI\u00d3N: DELANTERO<\/li>\n<\/ul>\n<p>A4 (8K2, B8) 2.0 TDi:<\/p>\n<ul>\n<li>kilovatios: 105<\/li>\n<li>DESDE &gt; HASTA: 2007 &gt; <\/li>\n<li>POSICI\u00d3N: DELANTERO<\/li>\n<\/ul>\n<p>A4 (8K2, B8) 2.0 TDi:<\/p>\n<ul>\n<li>kilovatios: 88<\/li>\n<li>DESDE &gt; HASTA: 2008 &gt; <\/li>\n<li>POSICI\u00d3N: DELANTERO<\/li>\n<\/ul>\n<p>A4 Berlina (8K5, B8) 2.0 TDI:<\/p>\n<ul>\n<li>kilovatios: 100<\/li>\n<li>DESDE &gt; HASTA: 2008 &gt; <\/li>\n<li>POSICI\u00d3N: DELANTERO<\/li>\n<\/ul>\n<p>A4 Berlina (8K5, B8) 2.0 TDI:<\/p>\n<ul>\n<li>kilovatios: 105<\/li>\n<li>DESDE &gt; HASTA: 2008 &gt; <\/li>\n<li>POSICI\u00d3N: DELANTERO<\/li>\n<\/ul>\n<p>A4 Berlina (8K5, B8) 2.0 TDI:<\/p>\n<ul>\n<li>kilovatios: 125<\/li>\n<li>DESDE &gt; HASTA: 2008 &gt; <\/li>\n<li>POSICI\u00d3N: DELANTERO<\/li>\n<\/ul>\n<p>A4 Berlina (8K5, B8) 2.0 TDI:<\/p>\n<ul>\n<li>kilovatios: 88<\/li>\n<li>DESDE &gt; HASTA: 2008 &gt; <\/li>\n<li>POSICI\u00d3N: DELANTERO<\/li>\n<\/ul>\n<p>A4 Berlina (8K5, B8) 2.0 TDI:<\/p>\n<ul>\n<li>kilovatios: 120<\/li>\n<li>DESDE &gt; HASTA: 2008 &gt; <\/li>\n<li>POSICI\u00d3N: DELANTERO<\/li>\n<\/ul>\n<p>A5 Cabrio (8F7) 3.0 TFSI quattro:<\/p>\n<ul>\n<li>kilovatios: 200<\/li>\n<li>DESDE &gt; HASTA: 2011 &gt; 2017<\/li>\n<li>POSICI\u00d3N: DELANTERO<\/li>\n<\/ul>\n<\/details>\n<details>\n<summary>JAGUAR<\/summary>\n<p>XF (_J05_, CC9) 2,2D:<\/p>\n<ul>\n<li>kilovatios: 120<\/li>\n<li>DESDE &gt; HASTA: 2011 &gt; <\/li>\n<li>POSICI\u00d3N: DELANTERO<\/li>\n<\/ul>\n<p>XF (_J05_, CC9) 2,2D:<\/p>\n<ul>\n<li>kilovatios: 140<\/li>\n<li>DESDE &gt; HASTA: 2011 &gt; <\/li>\n<li>POSICI\u00d3N: DELANTERO<\/li>\n<\/ul>\n<\/details>","protected":false},"excerpt":{"rendered":"<p><strong>FCP4045<\/strong><\/p>\n<p>\n<b>Compuesto: DS2500 <\/b><br \/>SIN CERTIFICACI\u00d3N R90 <a data-boundary=\"window\" data-toggle=\"tooltip\" data-trigger=\"hover focus click\" style=\"color:red;cursor:pointer\" title=\"Este compuesto no est\u00e1 recomendado para uso en carretera en aquellos pa\u00edses que requieren certificaci\u00f3n R90.\"><br \/>\n<i class=\"fas fa-info-circle\"><\/i><br \/>\n<\/a><br \/>Para: D\u00eda de pista, uso ligero en carreras, GT trasero<br \/>Temperatura de funcionamiento \u00f3ptima: 0\u00b0 a 500\u00b0C\n                                                                                                                                            <\/p>","protected":false},"featured_media":66665,"template":"","meta":{"_crdt_document":"","inline_featured_image":false},"product_brand":[],"product_cat":[116],"product_tag":[],"class_list":{"0":"post-31296","1":"product","2":"type-product","3":"status-publish","4":"has-post-thumbnail","6":"product_cat-brake-pads","8":"first","9":"instock","10":"taxable","11":"shipping-taxable","12":"purchasable","13":"product-type-simple"},"supplier_id":null,"supplier_sku":"","barcode":null,"atum_controlled":true,"out_stock_date":null,"out_stock_threshold":null,"inheritable":false,"inbound_stock":null,"stock_on_hold":null,"sold_today":null,"sales_last_days":null,"reserved_stock":null,"customer_returns":null,"warehouse_damage":null,"lost_in_post":null,"other_logs":null,"out_stock_days":null,"lost_sales":null,"has_location":null,"update_date":null,"atum_locations":[],"atum_stock_status":"instock","restock_status":false,"low_stock_amount":"","sales_update_date":null,"calc_backorders":null,"_links":{"self":[{"href":"https:\/\/revmatch.eu\/es\/wp-json\/wp\/v2\/product\/31296","targetHints":{"allow":["GET"]}}],"collection":[{"href":"https:\/\/revmatch.eu\/es\/wp-json\/wp\/v2\/product"}],"about":[{"href":"https:\/\/revmatch.eu\/es\/wp-json\/wp\/v2\/types\/product"}],"version-history":[{"count":0,"href":"https:\/\/revmatch.eu\/es\/wp-json\/wp\/v2\/product\/31296\/revisions"}],"wp:featuredmedia":[{"embeddable":true,"href":"https:\/\/revmatch.eu\/es\/wp-json\/wp\/v2\/media\/66665"}],"wp:attachment":[{"href":"https:\/\/revmatch.eu\/es\/wp-json\/wp\/v2\/media?parent=31296"}],"wp:term":[{"taxonomy":"product_brand","embeddable":true,"href":"https:\/\/revmatch.eu\/es\/wp-json\/wp\/v2\/product_brand?post=31296"},{"taxonomy":"product_cat","embeddable":true,"href":"https:\/\/revmatch.eu\/es\/wp-json\/wp\/v2\/product_cat?post=31296"},{"taxonomy":"product_tag","embeddable":true,"href":"https:\/\/revmatch.eu\/es\/wp-json\/wp\/v2\/product_tag?post=31296"}],"curies":[{"name":"wp","href":"https:\/\/api.w.org\/{rel}","templated":true}]}}