{"id":31302,"date":"2023-05-23T11:30:52","date_gmt":"2023-05-23T10:30:52","guid":{"rendered":"http:\/\/revmatch.eu\/product\/ferodo-racing-ds2500-fcp4064h\/"},"modified":"2024-06-12T22:10:37","modified_gmt":"2024-06-12T21:10:37","slug":"ferodo-racing-ds2500-fcp4064h","status":"publish","type":"product","link":"https:\/\/revmatch.eu\/es\/producto\/ferodo-racing-ds2500-fcp4064h\/","title":{"rendered":"Ferodo Racing DS2500 \u2013 FCP4064H"},"content":{"rendered":"<p><strong>FCP4064<\/strong><\/p>\n<p>\n<b>Compuesto: DS2500 <\/b><br \/>SIN CERTIFICACI\u00d3N R90 <a data-boundary=\"window\" data-toggle=\"tooltip\" data-trigger=\"hover focus click\" style=\"color:red;cursor:pointer\" title=\"Este compuesto no est\u00e1 recomendado para uso en carretera en aquellos pa\u00edses que requieren certificaci\u00f3n R90.\"><br \/>\n<i class=\"fas fa-info-circle\"><\/i><br \/>\n<\/a><br \/>Para: D\u00eda de pista, uso ligero en carreras, GT trasero<br \/>Temperatura de funcionamiento \u00f3ptima: 0\u00b0 a 500\u00b0C\n                                                                                                                                            <\/p>\n<p>&nbsp;<\/p>\n<p>Compatible con:<br \/>\n&nbsp;<\/p>\n<details>\n<summary>AUDI<\/summary>\n<p>Q7 3.0 TDI:<\/p>\n<ul>\n<li>kilovatios: 155<\/li>\n<li>DESDE &gt; HASTA: 2006 &gt; 2010<\/li>\n<li>POSICI\u00d3N: DELANTERO<\/li>\n<\/ul>\n<p>Q7 3.0 TDI:<\/p>\n<ul>\n<li>kilovatios: 171<\/li>\n<li>DESDE &gt; HASTA: 2006 &gt; 2008<\/li>\n<li>POSICI\u00d3N: DELANTERO<\/li>\n<\/ul>\n<p>Q7 (4L) 3.6 FSI:<\/p>\n<ul>\n<li>kilovatios: 206<\/li>\n<li>DESDE &gt; HASTA: 2006 &gt; 2010<\/li>\n<li>POSICI\u00d3N: DELANTERO<\/li>\n<\/ul>\n<p>Q7 (4L) 4.2TDI:<\/p>\n<ul>\n<li>kilovatios: 240<\/li>\n<li>DESDE &gt; HASTA: 2007 &gt; 2009<\/li>\n<li>POSICI\u00d3N: DELANTERO<\/li>\n<\/ul>\n<p>Q7 (4L) 4.2 FSI:<\/p>\n<ul>\n<li>kilovatios: 257<\/li>\n<li>DESDE &gt; HASTA: 2006 &gt; 2010<\/li>\n<li>POSICI\u00d3N: DELANTERO<\/li>\n<\/ul>\n<\/details>\n<details>\n<summary>PORSCHE<\/summary>\n<p>MACAN (95B) 2.0:<\/p>\n<ul>\n<li>kilovatios: 185<\/li>\n<li>DESDE &gt; HASTA: 2015 &gt; <\/li>\n<li>POSICI\u00d3N: DELANTERO<\/li>\n<\/ul>\n<p>CAYENNE (9YA) 2.9 S AWD (9YABB1):<\/p>\n<ul>\n<li>kilovatios: 324<\/li>\n<li>DESDE &gt; HASTA: 2017 &gt; <\/li>\n<li>POSICI\u00d3N: DELANTERO<\/li>\n<\/ul>\n<p>CAYENNE Coup\u00e9 (9YB) 2.9 S AWD (9YBBB1):<\/p>\n<ul>\n<li>kilovatios: 324<\/li>\n<li>DESDE &gt; HASTA: 2019 &gt; <\/li>\n<li>POSICI\u00d3N: DELANTERO<\/li>\n<\/ul>\n<p>Cayena 3.0 D:<\/p>\n<ul>\n<li>kilovatios: 176<\/li>\n<li>DESDE &gt; HASTA: 2010 &gt; <\/li>\n<li>POSICI\u00d3N: DELANTERO<\/li>\n<\/ul>\n<p>CAYENA (92A) 3.0 Di\u00e9sel:<\/p>\n<ul>\n<li>kilovatios: 155<\/li>\n<li>DESDE &gt; HASTA: 2010 &gt; <\/li>\n<li>POSICI\u00d3N: DELANTERO<\/li>\n<\/ul>\n<p>CAYENA (92A) 3.0 Di\u00e9sel:<\/p>\n<ul>\n<li>kilovatios: 180<\/li>\n<li>DESDE &gt; HASTA: 2011 &gt; <\/li>\n<li>POSICI\u00d3N: DELANTERO<\/li>\n<\/ul>\n<p>CAYENA (92A) 3.0 Di\u00e9sel:<\/p>\n<ul>\n<li>kilovatios: 184<\/li>\n<li>DESDE &gt; HASTA: 2014 &gt; <\/li>\n<li>POSICI\u00d3N: DELANTERO<\/li>\n<\/ul>\n<p>CAYENA (92A) 3.0 Di\u00e9sel:<\/p>\n<ul>\n<li>kilovatios: 245<\/li>\n<li>DESDE &gt; HASTA: 2014 &gt; <\/li>\n<li>POSICI\u00d3N: DELANTERO<\/li>\n<\/ul>\n<p>CAYENA (92A) 3.0 Di\u00e9sel:<\/p>\n<ul>\n<li>kilovatios: 193<\/li>\n<li>DESDE &gt; HASTA: 2014 &gt; <\/li>\n<li>POSICI\u00d3N: DELANTERO<\/li>\n<\/ul>\n<p>MACAN (95B) 3.0 S Gas\u00f3leo:<\/p>\n<ul>\n<li>kilovatios: 155<\/li>\n<li>DESDE &gt; HASTA: 2014 &gt; <\/li>\n<li>POSICI\u00d3N: DELANTERO<\/li>\n<\/ul>\n<p>MACAN (95B) 3.0 S Gas\u00f3leo:<\/p>\n<ul>\n<li>kilovatios: 184<\/li>\n<li>DESDE &gt; HASTA: 2014 &gt; <\/li>\n<li>POSICI\u00d3N: DELANTERO<\/li>\n<\/ul>\n<p>PANAMERA (970) 3.0 D:<\/p>\n<ul>\n<li>kilovatios: 184<\/li>\n<li>DESDE &gt; HASTA: 2011 &gt; <\/li>\n<li>POSICI\u00d3N: DELANTERO<\/li>\n<\/ul>\n<p>PANAMERA (970) 3.0 D:<\/p>\n<ul>\n<li>kilovatios: 155<\/li>\n<li>DESDE &gt; HASTA: 2011 &gt; <\/li>\n<li>POSICI\u00d3N: DELANTERO<\/li>\n<\/ul>\n<p>PANAMERA (970) 3.0 D:<\/p>\n<ul>\n<li>kilovatios: 221<\/li>\n<li>DESDE &gt; HASTA: 2014 &gt; <\/li>\n<li>POSICI\u00d3N: DELANTERO<\/li>\n<\/ul>\n<p>Cayenne 3.0 S H\u00edbrido:<\/p>\n<ul>\n<li>kilovatios: 245<\/li>\n<li>DESDE &gt; HASTA: 2010 &gt; <\/li>\n<li>POSICI\u00d3N: DELANTERO<\/li>\n<\/ul>\n<p>CAYENA (92A) 3.0 S:<\/p>\n<ul>\n<li>kilovatios: 245<\/li>\n<li>DESDE &gt; HASTA: 2011 &gt; <\/li>\n<li>POSICI\u00d3N: DELANTERO<\/li>\n<\/ul>\n<p>CAYENNE (92A) 3.0 S E-H\u00edbrido:<\/p>\n<ul>\n<li>kilovatios: 306<\/li>\n<li>DESDE &gt; HASTA: 2014 &gt; <\/li>\n<li>POSICI\u00d3N: DELANTERO<\/li>\n<\/ul>\n<p>PANAMERA (970) 3.0 S E-H\u00edbrido:<\/p>\n<ul>\n<li>kilovatios: 245<\/li>\n<li>DESDE &gt; HASTA: 2011 &gt; <\/li>\n<li>POSICI\u00d3N: DELANTERO<\/li>\n<\/ul>\n<p>PANAMERA (970) 3.0 S E-H\u00edbrido:<\/p>\n<ul>\n<li>kilovatios: 279<\/li>\n<li>DESDE &gt; HASTA: 2011 &gt; <\/li>\n<li>POSICI\u00d3N: DELANTERO<\/li>\n<\/ul>\n<p>PANAMERA (970) 3.0 S E-H\u00edbrido:<\/p>\n<ul>\n<li>kilovatios: 306<\/li>\n<li>DESDE &gt; HASTA: 2013 &gt; 2016<\/li>\n<li>POSICI\u00d3N: DELANTERO<\/li>\n<\/ul>\n<p>MACAN (95B) 3.0 S:<\/p>\n<ul>\n<li>kilovatios: 250<\/li>\n<li>DESDE &gt; HASTA: 2014 &gt; <\/li>\n<li>POSICI\u00d3N: DELANTERO<\/li>\n<\/ul>\n<p>MACAN (95B) 3.0 GTS:<\/p>\n<ul>\n<li>kilovatios: 265<\/li>\n<li>DESDE &gt; HASTA: 2015 &gt; <\/li>\n<li>POSICI\u00d3N: DELANTERO<\/li>\n<\/ul>\n<p>PANAMERA (970) 3.0 4S:<\/p>\n<ul>\n<li>kilovatios: 309<\/li>\n<li>DESDE &gt; HASTA: 2013 &gt; 2016<\/li>\n<li>POSICI\u00d3N: DELANTERO<\/li>\n<\/ul>\n<p>PANAMERA (970) 3.0S:<\/p>\n<ul>\n<li>kilovatios: 309<\/li>\n<li>DESDE &gt; HASTA: 2013 &gt; 2016<\/li>\n<li>POSICI\u00d3N: DELANTERO<\/li>\n<\/ul>\n<p>PANAMERA (970) 3.0 4S:<\/p>\n<ul>\n<li>kilovatios: 235<\/li>\n<li>DESDE &gt; HASTA: 2013 &gt; <\/li>\n<li>POSICI\u00d3N: DELANTERO<\/li>\n<\/ul>\n<p>PANAMERA (970) 3.0S:<\/p>\n<ul>\n<li>kilovatios: 235<\/li>\n<li>DESDE &gt; HASTA: 2013 &gt; <\/li>\n<li>POSICI\u00d3N: DELANTERO<\/li>\n<\/ul>\n<p>CAYENA (955) 3.2:<\/p>\n<ul>\n<li>kilovatios: 184<\/li>\n<li>DESDE &gt; HASTA: 2003 &gt; 2007<\/li>\n<li>POSICI\u00d3N: DELANTERO<\/li>\n<\/ul>\n<p>Cayena 3.6:<\/p>\n<ul>\n<li>kilovatios: 220<\/li>\n<li>DESDE &gt; HASTA: 2010 &gt; <\/li>\n<li>POSICI\u00d3N: DELANTERO<\/li>\n<\/ul>\n<p>CAYENA (92A) 3.6:<\/p>\n<ul>\n<li>kilovatios: 224<\/li>\n<li>DESDE &gt; HASTA: 2016 &gt; <\/li>\n<li>POSICI\u00d3N: DELANTERO<\/li>\n<\/ul>\n<p>CAYENA (955) 3.6:<\/p>\n<ul>\n<li>kilovatios: 213<\/li>\n<li>DESDE &gt; HASTA: 2007 &gt; 2010<\/li>\n<li>POSICI\u00d3N: DELANTERO<\/li>\n<\/ul>\n<p>CAYENA (92A) 3.6 S:<\/p>\n<ul>\n<li>kilovatios: 309<\/li>\n<li>DESDE &gt; HASTA: 2014 &gt; <\/li>\n<li>POSICI\u00d3N: DELANTERO<\/li>\n<\/ul>\n<p>CAYENA (92A) 3.6 S:<\/p>\n<ul>\n<li>kilovatios: 313<\/li>\n<li>DESDE &gt; HASTA: 2015 &gt; <\/li>\n<li>POSICI\u00d3N: DELANTERO<\/li>\n<\/ul>\n<p>CAYENA (92A) 3.6 GTS:<\/p>\n<ul>\n<li>kilovatios: 324<\/li>\n<li>DESDE &gt; HASTA: 2015 &gt; <\/li>\n<li>POSICI\u00d3N: DELANTERO<\/li>\n<\/ul>\n<p>CAYENA (92A) 3.6 GTS:<\/p>\n<ul>\n<li>kilovatios: 328<\/li>\n<li>DESDE &gt; HASTA: 2016 &gt; <\/li>\n<li>POSICI\u00d3N: DELANTERO<\/li>\n<\/ul>\n<p>MACAN (95B) 3.6 Turbo:<\/p>\n<ul>\n<li>kilovatios: 394<\/li>\n<li>DESDE &gt; HASTA: 2014 &gt; <\/li>\n<li>POSICI\u00d3N: DELANTERO<\/li>\n<\/ul>\n<p>MACAN (95B) 3.6 Turbo:<\/p>\n<ul>\n<li>kilovatios: 324<\/li>\n<li>DESDE &gt; HASTA: 2016 &gt; <\/li>\n<li>POSICI\u00d3N: DELANTERO<\/li>\n<\/ul>\n<p>Panamera (970) 3.6:<\/p>\n<ul>\n<li>kilovatios: 220<\/li>\n<li>DESDE &gt; HASTA: 2010 &gt; <\/li>\n<li>POSICI\u00d3N: DELANTERO<\/li>\n<\/ul>\n<p>PANAMERA (970) 3.6:<\/p>\n<ul>\n<li>kilovatios: 220<\/li>\n<li>DESDE &gt; HASTA: 2010 &gt; <\/li>\n<li>POSICI\u00d3N: DELANTERO<\/li>\n<\/ul>\n<p>PANAMERA (970) 3.6 4:<\/p>\n<ul>\n<li>kilovatios: 220<\/li>\n<li>DESDE &gt; HASTA: 2010 &gt; <\/li>\n<li>POSICI\u00d3N: DELANTERO<\/li>\n<\/ul>\n<p>PANAMERA (970) 3.6:<\/p>\n<ul>\n<li>kilovatios: 228<\/li>\n<li>DESDE &gt; HASTA: 2013 &gt; <\/li>\n<li>POSICI\u00d3N: DELANTERO<\/li>\n<\/ul>\n<p>PANAMERA (970) 3.6 4:<\/p>\n<ul>\n<li>kilovatios: 228<\/li>\n<li>DESDE &gt; HASTA: 2013 &gt; <\/li>\n<li>POSICI\u00d3N: DELANTERO<\/li>\n<\/ul>\n<p>CAYENA (9YA) 4.0 GTS:<\/p>\n<ul>\n<li>kilovatios: 338<\/li>\n<li>DESDE &gt; HASTA: 2020 &gt; <\/li>\n<li>POSICI\u00d3N: DELANTERO<\/li>\n<\/ul>\n<p>CAYENA (9YA) 4.0 GTS (9YABG1):<\/p>\n<ul>\n<li>kilovatios: 338<\/li>\n<li>DESDE &gt; HASTA: 2020 &gt; <\/li>\n<li>POSICI\u00d3N: DELANTERO<\/li>\n<\/ul>\n<p>CAYENNE Coup\u00e9 (9YB) 4.0 GTS AWD (9YBBG1):<\/p>\n<ul>\n<li>kilovatios: 338<\/li>\n<li>DESDE &gt; HASTA: 2020 &gt; <\/li>\n<li>POSICI\u00d3N: DELANTERO<\/li>\n<\/ul>\n<p>CAYENNE (92A) 4.2 S Gas\u00f3leo:<\/p>\n<ul>\n<li>kilovatios: 281<\/li>\n<li>DESDE &gt; HASTA: 2012 &gt; <\/li>\n<li>POSICI\u00d3N: DELANTERO<\/li>\n<\/ul>\n<p>CAYENNE (92A) 4.2 S Gas\u00f3leo:<\/p>\n<ul>\n<li>kilovatios: 283<\/li>\n<li>DESDE &gt; HASTA: 2014 &gt; <\/li>\n<li>POSICI\u00d3N: DELANTERO<\/li>\n<\/ul>\n<p>Cayenne (955) 4.5 Turbo S:<\/p>\n<ul>\n<li>kilovatios: 368<\/li>\n<li>DESDE &gt; HASTA: 2004 &gt; <\/li>\n<li>POSICI\u00d3N: DELANTERO<\/li>\n<\/ul>\n<p>CAYENA (955) S 4.5:<\/p>\n<ul>\n<li>kilovatios: 250<\/li>\n<li>DESDE &gt; HASTA: 2002 &gt; 2007<\/li>\n<li>POSICI\u00d3N: DELANTERO<\/li>\n<\/ul>\n<p>CAYENA (955) Turbo 4.5:<\/p>\n<ul>\n<li>kilovatios: 331<\/li>\n<li>DESDE &gt; HASTA: 2002 &gt; 2007<\/li>\n<li>POSICI\u00d3N: DELANTERO<\/li>\n<\/ul>\n<p>CAYENA (955) Turbo S 4.5:<\/p>\n<ul>\n<li>kilovatios: 383<\/li>\n<li>DESDE &gt; HASTA: 2006 &gt; 2007<\/li>\n<li>POSICI\u00d3N: DELANTERO<\/li>\n<\/ul>\n<p>Cayena 4.8 S:<\/p>\n<ul>\n<li>kilovatios: 294<\/li>\n<li>DESDE &gt; HASTA: 2010 &gt; <\/li>\n<li>POSICI\u00d3N: DELANTERO<\/li>\n<\/ul>\n<p>Cayena 4.8 Turbo:<\/p>\n<ul>\n<li>kilovatios: 368<\/li>\n<li>DESDE &gt; HASTA: 2010 &gt; <\/li>\n<li>POSICI\u00d3N: DELANTERO<\/li>\n<\/ul>\n<p>CAYENA (92A) 4.8 Turbo:<\/p>\n<ul>\n<li>kilovatios: 397<\/li>\n<li>DESDE &gt; HASTA: 2010 &gt; <\/li>\n<li>POSICI\u00d3N: DELANTERO<\/li>\n<\/ul>\n<p>CAYENA (92A) 4.8 GTS:<\/p>\n<ul>\n<li>kilovatios: 309<\/li>\n<li>DESDE &gt; HASTA: 2012 &gt; <\/li>\n<li>POSICI\u00d3N: DELANTERO<\/li>\n<\/ul>\n<p>CAYENA (92A) 4.8 Turbo S:<\/p>\n<ul>\n<li>kilovatios: 405<\/li>\n<li>DESDE &gt; HASTA: 2012 &gt; <\/li>\n<li>POSICI\u00d3N: DELANTERO<\/li>\n<\/ul>\n<p>CAYENA (92A) 4.8 Turbo:<\/p>\n<ul>\n<li>kilovatios: 382<\/li>\n<li>DESDE &gt; HASTA: 2014 &gt; <\/li>\n<li>POSICI\u00d3N: DELANTERO<\/li>\n<\/ul>\n<p>CAYENA (92A) 4.8 Turbo S:<\/p>\n<ul>\n<li>kilovatios: 419<\/li>\n<li>DESDE &gt; HASTA: 2015 &gt; <\/li>\n<li>POSICI\u00d3N: DELANTERO<\/li>\n<\/ul>\n<p>CAYENA (955) S 4.8:<\/p>\n<ul>\n<li>kilovatios: 283<\/li>\n<li>DESDE &gt; HASTA: 2007 &gt; 2010<\/li>\n<li>POSICI\u00d3N: DELANTERO<\/li>\n<\/ul>\n<p>CAYENA (955) Turbo S 4.8:<\/p>\n<ul>\n<li>kilovatios: 368<\/li>\n<li>DESDE &gt; HASTA: 2007 &gt; 2010<\/li>\n<li>POSICI\u00d3N: DELANTERO<\/li>\n<\/ul>\n<p>PANAMERA (970) 4.8:<\/p>\n<ul>\n<li>kilovatios: 302<\/li>\n<li>DESDE &gt; HASTA: 2009 &gt; <\/li>\n<li>POSICI\u00d3N: DELANTERO<\/li>\n<\/ul>\n<p>PANAMERA (970) 4.8 4S:<\/p>\n<ul>\n<li>kilovatios: 294<\/li>\n<li>DESDE &gt; HASTA: 2009 &gt; <\/li>\n<li>POSICI\u00d3N: DELANTERO<\/li>\n<\/ul>\n<p>PANAMERA (970) 4.8 4S:<\/p>\n<ul>\n<li>kilovatios: 302<\/li>\n<li>DESDE &gt; HASTA: 2009 &gt; <\/li>\n<li>POSICI\u00d3N: DELANTERO<\/li>\n<\/ul>\n<p>PANAMERA (970) 4.8S:<\/p>\n<ul>\n<li>kilovatios: 294<\/li>\n<li>DESDE &gt; HASTA: 2009 &gt; <\/li>\n<li>POSICI\u00d3N: DELANTERO<\/li>\n<\/ul>\n<p>PANAMERA (970) 4.8 Turbo:<\/p>\n<ul>\n<li>kilovatios: 368<\/li>\n<li>DESDE &gt; HASTA: 2009 &gt; <\/li>\n<li>POSICI\u00d3N: DELANTERO<\/li>\n<\/ul>\n<p>PANAMERA (970) 4.8 Turbo:<\/p>\n<ul>\n<li>kilovatios: 397<\/li>\n<li>DESDE &gt; HASTA: 2010 &gt; <\/li>\n<li>POSICI\u00d3N: DELANTERO<\/li>\n<\/ul>\n<p>PANAMERA (970) 4.8 Turbo S:<\/p>\n<ul>\n<li>kilovatios: 404<\/li>\n<li>DESDE &gt; HASTA: 2011 &gt; <\/li>\n<li>POSICI\u00d3N: DELANTERO<\/li>\n<\/ul>\n<p>PANAMERA (970) 4.8 GTS:<\/p>\n<ul>\n<li>kilovatios: 316<\/li>\n<li>DESDE &gt; HASTA: 2012 &gt; <\/li>\n<li>POSICI\u00d3N: DELANTERO<\/li>\n<\/ul>\n<p>PANAMERA (970) 4.8 GTS:<\/p>\n<ul>\n<li>kilovatios: 320<\/li>\n<li>DESDE &gt; HASTA: 2012 &gt; <\/li>\n<li>POSICI\u00d3N: DELANTERO<\/li>\n<\/ul>\n<p>PANAMERA (970) 4.8 GTS:<\/p>\n<ul>\n<li>kilovatios: 324<\/li>\n<li>DESDE &gt; HASTA: 2013 &gt; <\/li>\n<li>POSICI\u00d3N: DELANTERO<\/li>\n<\/ul>\n<p>PANAMERA (970) 4.8 Turbo:<\/p>\n<ul>\n<li>kilovatios: 382<\/li>\n<li>DESDE &gt; HASTA: 2013 &gt; <\/li>\n<li>POSICI\u00d3N: DELANTERO<\/li>\n<\/ul>\n<p>PANAMERA (970) 4.8 Turbo S:<\/p>\n<ul>\n<li>kilovatios: 419<\/li>\n<li>DESDE &gt; HASTA: 2014 &gt; <\/li>\n<li>POSICI\u00d3N: DELANTERO<\/li>\n<\/ul>\n<\/details>\n<details>\n<summary>VOLKSWAGEN<\/summary>\n<p>Touareg (7LA\/7L6\/7L7) 2.5 R5 TDi:<\/p>\n<ul>\n<li>kilovatios: 128<\/li>\n<li>DESDE &gt; HASTA: 2003 &gt; 2010<\/li>\n<li>POSICI\u00d3N: DELANTERO<\/li>\n<\/ul>\n<p>Touareg (7LA\/7L6\/7L7) 2.5 R5 TDI:<\/p>\n<ul>\n<li>kilovatios: 120<\/li>\n<li>DESDE &gt; HASTA: 2003 &gt; 2010<\/li>\n<li>POSICI\u00d3N: DELANTERO<\/li>\n<\/ul>\n<p>Touareg (7LA\/7L6\/7L7) 3.0 TDI:<\/p>\n<ul>\n<li>kilovatios: 155<\/li>\n<li>DESDE &gt; HASTA: 2006 &gt; 2010<\/li>\n<li>POSICI\u00d3N: DELANTERO<\/li>\n<\/ul>\n<p>Touareg (7LA\/7L6\/7L7) 3.0 V6 TDI:<\/p>\n<ul>\n<li>kilovatios: 176<\/li>\n<li>DESDE &gt; HASTA: 2007 &gt; 2010<\/li>\n<li>POSICI\u00d3N: DELANTERO<\/li>\n<\/ul>\n<p>TOUAREG (7P5) 3.0 V6 TDI:<\/p>\n<ul>\n<li>kilovatios: 150<\/li>\n<li>DESDE &gt; HASTA: 2010 &gt; 2018<\/li>\n<li>POSICI\u00d3N: DELANTERO<\/li>\n<\/ul>\n<p>TOUAREG (7P5) 3.0 V6 TDI:<\/p>\n<ul>\n<li>kilovatios: 176<\/li>\n<li>DESDE &gt; HASTA: 2010 &gt; 2018<\/li>\n<li>POSICI\u00d3N: DELANTERO<\/li>\n<\/ul>\n<p>TOUAREG (7P5) 3.0 V6 TDI:<\/p>\n<ul>\n<li>kilovatios: 180<\/li>\n<li>DESDE &gt; HASTA: 2011 &gt; 2018<\/li>\n<li>POSICI\u00d3N: DELANTERO<\/li>\n<\/ul>\n<p>TOUAREG (7P5, 7P6) 3.0 V6 TDI:<\/p>\n<ul>\n<li>kilovatios: 165<\/li>\n<li>DESDE &gt; HASTA: 2010 &gt; 2018<\/li>\n<li>POSICI\u00d3N: DELANTERO<\/li>\n<\/ul>\n<p>TOUAREG (7P5, 7P6) 3.0 V6 TDI:<\/p>\n<ul>\n<li>kilovatios: 193<\/li>\n<li>DESDE &gt; HASTA: 2014 &gt; 2018<\/li>\n<li>POSICI\u00d3N: DELANTERO<\/li>\n<\/ul>\n<p>TOUAREG FURG\u00d3N (7P5) 3.0 TDI 4motion:<\/p>\n<ul>\n<li>kilovatios: 180<\/li>\n<li>DESDE &gt; HASTA: 2011 &gt; 2014<\/li>\n<li>POSICI\u00d3N: DELANTERO<\/li>\n<\/ul>\n<p>TOUAREG (7P5) 3.0 V6 TSI H\u00edbrido:<\/p>\n<ul>\n<li>kilovatios: 245<\/li>\n<li>DESDE &gt; HASTA: 2010 &gt; 2018<\/li>\n<li>POSICI\u00d3N: DELANTERO<\/li>\n<\/ul>\n<p>TOUAREG (7P5, 7P6) 3.0 V6 ETI:<\/p>\n<ul>\n<li>kilovatios: 213<\/li>\n<li>DESDE &gt; HASTA: 2010 &gt; 2018<\/li>\n<li>POSICI\u00d3N: DELANTERO<\/li>\n<\/ul>\n<p>TOUAREG (7P5, 7P6) 3.0 V6 TSI H\u00edbrido:<\/p>\n<ul>\n<li>kilovatios: 283<\/li>\n<li>DESDE &gt; HASTA: 2010 &gt; 2018<\/li>\n<li>POSICI\u00d3N: DELANTERO<\/li>\n<\/ul>\n<p>TOUAREG (7P5, 7P6) 3.0 V6 ETI:<\/p>\n<ul>\n<li>kilovatios: 235<\/li>\n<li>DESDE &gt; HASTA: 2015 &gt; 2018<\/li>\n<li>POSICI\u00d3N: DELANTERO<\/li>\n<\/ul>\n<p>Touareg (7LA\/7L6\/7L7) 3.0 V6 TDi:<\/p>\n<ul>\n<li>kilovatios: 165<\/li>\n<li>DESDE &gt; HASTA: 2004 &gt; 2010<\/li>\n<li>POSICI\u00d3N: DELANTERO<\/li>\n<\/ul>\n<p>Touareg (7LA\/7L6\/7L7) 3,2 V6:<\/p>\n<ul>\n<li>kilovatios: 177<\/li>\n<li>DESDE &gt; HASTA: 2004 &gt; 2006<\/li>\n<li>POSICI\u00d3N: DELANTERO<\/li>\n<\/ul>\n<p>Touareg (7LA\/7L6\/7L7) 3,2 V6:<\/p>\n<ul>\n<li>kilovatios: 162<\/li>\n<li>DESDE &gt; HASTA: 2002 &gt; 2006<\/li>\n<li>POSICI\u00d3N: DELANTERO<\/li>\n<\/ul>\n<p>TOUAREG (7P5) 3.6 V6 FSI:<\/p>\n<ul>\n<li>kilovatios: 206<\/li>\n<li>DESDE &gt; HASTA: 2010 &gt; 2018<\/li>\n<li>POSICI\u00d3N: DELANTERO<\/li>\n<\/ul>\n<p>TOUAREG (7P5, 7P6) 3.6 V6 FSI:<\/p>\n<ul>\n<li>kilovatios: 183<\/li>\n<li>DESDE &gt; HASTA: 2010 &gt; 2018<\/li>\n<li>POSICI\u00d3N: DELANTERO<\/li>\n<\/ul>\n<p>Touareg (7LA\/7L6\/7L7) 3.6 V6 FSI:<\/p>\n<ul>\n<li>kilovatios: 206<\/li>\n<li>DESDE &gt; HASTA: 2005 &gt; 2010<\/li>\n<li>POSICI\u00d3N: DELANTERO<\/li>\n<\/ul>\n<p>TOUAREG (7P5) 4.2 V8 TDI:<\/p>\n<ul>\n<li>kilovatios: 250<\/li>\n<li>DESDE &gt; HASTA: 2010 &gt; 2018<\/li>\n<li>POSICI\u00d3N: DELANTERO<\/li>\n<\/ul>\n<p>Touareg (7LA\/7L6\/7L7) 4.2 V8 FSI:<\/p>\n<ul>\n<li>kilovatios: 257<\/li>\n<li>DESDE &gt; HASTA: 2006 &gt; 2010<\/li>\n<li>POSICI\u00d3N: DELANTERO<\/li>\n<\/ul>\n<p>TOUAREG (7P5) 4.2 V8 FSI:<\/p>\n<ul>\n<li>kilovatios: 265<\/li>\n<li>DESDE &gt; HASTA: 2011 &gt; 2018<\/li>\n<li>POSICI\u00d3N: DELANTERO<\/li>\n<\/ul>\n<p>Touareg (7LA\/7L6\/7L7) 4,2 V8:<\/p>\n<ul>\n<li>kilovatios: 228<\/li>\n<li>DESDE &gt; HASTA: 2002 &gt; 2006<\/li>\n<li>POSICI\u00d3N: DELANTERO<\/li>\n<\/ul>\n<p>Touareg (7LA\/7L6\/7L7) 5.0 R50 TDI:<\/p>\n<ul>\n<li>kilovatios: 257<\/li>\n<li>DESDE &gt; HASTA: 2007 &gt; 2010<\/li>\n<li>POSICI\u00d3N: DELANTERO<\/li>\n<\/ul>\n<p>Touareg (7LA\/7L6\/7L7) 5.0 V10 TDI:<\/p>\n<ul>\n<li>kilovatios: 230<\/li>\n<li>DESDE &gt; HASTA: 2002 &gt; 2010<\/li>\n<li>POSICI\u00d3N: DELANTERO<\/li>\n<\/ul>\n<p>Touareg (7LA\/7L6\/7L7) 6,0 V12:<\/p>\n<ul>\n<li>kilovatios: 331<\/li>\n<li>DESDE &gt; HASTA: 2004 &gt; 2010<\/li>\n<li>POSICI\u00d3N: DELANTERO<\/li>\n<\/ul>\n<\/details>","protected":false},"excerpt":{"rendered":"<p><strong>FCP4064<\/strong><\/p>\n<p>\n<b>Compuesto: DS2500 <\/b><br \/>SIN CERTIFICACI\u00d3N R90 <a data-boundary=\"window\" data-toggle=\"tooltip\" data-trigger=\"hover focus click\" style=\"color:red;cursor:pointer\" title=\"Este compuesto no est\u00e1 recomendado para uso en carretera en aquellos pa\u00edses que requieren certificaci\u00f3n R90.\"><br \/>\n<i class=\"fas fa-info-circle\"><\/i><br \/>\n<\/a><br \/>Para: D\u00eda de pista, uso ligero en carreras, GT trasero<br \/>Temperatura de funcionamiento \u00f3ptima: 0\u00b0 a 500\u00b0C\n                                                                                                                                            <\/p>","protected":false},"featured_media":66667,"template":"","meta":{"_crdt_document":"","inline_featured_image":false},"product_brand":[],"product_cat":[116],"product_tag":[],"class_list":{"0":"post-31302","1":"product","2":"type-product","3":"status-publish","4":"has-post-thumbnail","6":"product_cat-brake-pads","8":"first","9":"instock","10":"taxable","11":"shipping-taxable","12":"purchasable","13":"product-type-simple"},"supplier_id":null,"supplier_sku":"","barcode":null,"atum_controlled":true,"out_stock_date":null,"out_stock_threshold":null,"inheritable":false,"inbound_stock":null,"stock_on_hold":null,"sold_today":null,"sales_last_days":null,"reserved_stock":null,"customer_returns":null,"warehouse_damage":null,"lost_in_post":null,"other_logs":null,"out_stock_days":null,"lost_sales":null,"has_location":null,"update_date":null,"atum_locations":[],"atum_stock_status":"instock","restock_status":false,"low_stock_amount":"","sales_update_date":null,"calc_backorders":null,"_links":{"self":[{"href":"https:\/\/revmatch.eu\/es\/wp-json\/wp\/v2\/product\/31302","targetHints":{"allow":["GET"]}}],"collection":[{"href":"https:\/\/revmatch.eu\/es\/wp-json\/wp\/v2\/product"}],"about":[{"href":"https:\/\/revmatch.eu\/es\/wp-json\/wp\/v2\/types\/product"}],"version-history":[{"count":0,"href":"https:\/\/revmatch.eu\/es\/wp-json\/wp\/v2\/product\/31302\/revisions"}],"wp:featuredmedia":[{"embeddable":true,"href":"https:\/\/revmatch.eu\/es\/wp-json\/wp\/v2\/media\/66667"}],"wp:attachment":[{"href":"https:\/\/revmatch.eu\/es\/wp-json\/wp\/v2\/media?parent=31302"}],"wp:term":[{"taxonomy":"product_brand","embeddable":true,"href":"https:\/\/revmatch.eu\/es\/wp-json\/wp\/v2\/product_brand?post=31302"},{"taxonomy":"product_cat","embeddable":true,"href":"https:\/\/revmatch.eu\/es\/wp-json\/wp\/v2\/product_cat?post=31302"},{"taxonomy":"product_tag","embeddable":true,"href":"https:\/\/revmatch.eu\/es\/wp-json\/wp\/v2\/product_tag?post=31302"}],"curies":[{"name":"wp","href":"https:\/\/api.w.org\/{rel}","templated":true}]}}