{"id":31332,"date":"2023-05-23T11:31:41","date_gmt":"2023-05-23T10:31:41","guid":{"rendered":"http:\/\/revmatch.eu\/product\/ferodo-racing-ds2500-fcp4187h\/"},"modified":"2024-06-12T22:11:04","modified_gmt":"2024-06-12T21:11:04","slug":"ferodo-racing-ds2500-fcp4187h","status":"publish","type":"product","link":"https:\/\/revmatch.eu\/es\/producto\/ferodo-racing-ds2500-fcp4187h\/","title":{"rendered":"Ferodo Racing DS2500 \u2013 FCP4187H"},"content":{"rendered":"<p><strong>FCP4187<\/strong><\/p>\n<p>\n<b>Compuesto: DS2500 <\/b><br \/>SIN CERTIFICACI\u00d3N R90 <a data-boundary=\"window\" data-toggle=\"tooltip\" data-trigger=\"hover focus click\" style=\"color:red;cursor:pointer\" title=\"Este compuesto no est\u00e1 recomendado para uso en carretera en aquellos pa\u00edses que requieren certificaci\u00f3n R90.\"><br \/>\n<i class=\"fas fa-info-circle\"><\/i><br \/>\n<\/a><br \/>Para: D\u00eda de pista, uso ligero en carreras, GT trasero<br \/>Temperatura de funcionamiento \u00f3ptima: 0\u00b0 a 500\u00b0C\n                                                                                                                                            <\/p>\n<p>&nbsp;<\/p>\n<p>Compatible con:<br \/>\n&nbsp;<\/p>\n<details>\n<summary>V\u00c1STAGO<\/summary>\n<p>FR-S 2,0 L:<\/p>\n<ul>\n<li>kilovatios: 147<\/li>\n<li>DESDE &gt; HASTA: 2012 &gt; <\/li>\n<li>POSICI\u00d3N: TRASERA<\/li>\n<\/ul>\n<\/details>\n<details>\n<summary>SUBARU<\/summary>\n<p>BRZ 2,0 L:<\/p>\n<ul>\n<li>kilovatios: 147<\/li>\n<li>DESDE &gt; HASTA: 2012 &gt; <\/li>\n<li>POSICI\u00d3N: TRASERA<\/li>\n<\/ul>\n<p>Legado V 2.5 GT AWD:<\/p>\n<ul>\n<li>kilovatios: 195<\/li>\n<li>DESDE &gt; HASTA: 2010 &gt; <\/li>\n<li>POSICI\u00d3N: TRASERA<\/li>\n<\/ul>\n<p>Legado V Familiar 2.5 GT:<\/p>\n<ul>\n<li>kilovatios: 195<\/li>\n<li>DESDE &gt; HASTA: 2010 &gt; <\/li>\n<li>POSICI\u00d3N: TRASERA<\/li>\n<\/ul>\n<p>Tribeca (B9) 3.0:<\/p>\n<ul>\n<li>kilovatios: 180<\/li>\n<li>DESDE &gt; HASTA: 2006 &gt; <\/li>\n<li>POSICI\u00d3N: TRASERA<\/li>\n<\/ul>\n<p>Legado V 3.6 AWD:<\/p>\n<ul>\n<li>kilovatios: 191<\/li>\n<li>DESDE &gt; HASTA: 2010 &gt; <\/li>\n<li>POSICI\u00d3N: TRASERA<\/li>\n<\/ul>\n<p>Tribeca (B9) 3.6:<\/p>\n<ul>\n<li>kilovatios: 190<\/li>\n<li>DESDE &gt; HASTA: 2007 &gt; <\/li>\n<li>POSICI\u00d3N: TRASERA<\/li>\n<\/ul>\n<\/details>\n<details>\n<summary>TOYOTA<\/summary>\n<p>FT-86 2,0 litros:<\/p>\n<ul>\n<li>kilovatios: 147<\/li>\n<li>DESDE &gt; HASTA: 2012 &gt; <\/li>\n<li>POSICI\u00d3N: TRASERA<\/li>\n<\/ul>\n<p>GT-86 2,0 litros:<\/p>\n<ul>\n<li>kilovatios: 147<\/li>\n<li>DESDE &gt; HASTA: 2012 &gt; <\/li>\n<li>POSICI\u00d3N: TRASERA<\/li>\n<\/ul>\n<p>GR-86 2,4L:<\/p>\n<ul>\n<li>kilovatios: 173<\/li>\n<li>DESDE &gt; HASTA: 2022 &gt; <\/li>\n<li>POSICI\u00d3N: TRASERA<\/li>\n<\/ul>\n<\/details>","protected":false},"excerpt":{"rendered":"<p><strong>FCP4187<\/strong><\/p>\n<p>\n<b>Compuesto: DS2500 <\/b><br \/>SIN CERTIFICACI\u00d3N R90 <a data-boundary=\"window\" data-toggle=\"tooltip\" data-trigger=\"hover focus click\" style=\"color:red;cursor:pointer\" title=\"Este compuesto no est\u00e1 recomendado para uso en carretera en aquellos pa\u00edses que requieren certificaci\u00f3n R90.\"><br \/>\n<i class=\"fas fa-info-circle\"><\/i><br \/>\n<\/a><br \/>Para: D\u00eda de pista, uso ligero en carreras, GT trasero<br \/>Temperatura de funcionamiento \u00f3ptima: 0\u00b0 a 500\u00b0C\n                                                                                                                                            <\/p>","protected":false},"featured_media":66675,"template":"","meta":{"_crdt_document":"","inline_featured_image":false},"product_brand":[],"product_cat":[116],"product_tag":[],"class_list":{"0":"post-31332","1":"product","2":"type-product","3":"status-publish","4":"has-post-thumbnail","6":"product_cat-brake-pads","8":"first","9":"instock","10":"taxable","11":"shipping-taxable","12":"purchasable","13":"product-type-simple"},"supplier_id":null,"supplier_sku":"","barcode":null,"atum_controlled":true,"out_stock_date":null,"out_stock_threshold":null,"inheritable":false,"inbound_stock":null,"stock_on_hold":null,"sold_today":null,"sales_last_days":null,"reserved_stock":null,"customer_returns":null,"warehouse_damage":null,"lost_in_post":null,"other_logs":null,"out_stock_days":null,"lost_sales":null,"has_location":null,"update_date":null,"atum_locations":[],"atum_stock_status":"instock","restock_status":false,"low_stock_amount":"","sales_update_date":null,"calc_backorders":null,"_links":{"self":[{"href":"https:\/\/revmatch.eu\/es\/wp-json\/wp\/v2\/product\/31332","targetHints":{"allow":["GET"]}}],"collection":[{"href":"https:\/\/revmatch.eu\/es\/wp-json\/wp\/v2\/product"}],"about":[{"href":"https:\/\/revmatch.eu\/es\/wp-json\/wp\/v2\/types\/product"}],"version-history":[{"count":0,"href":"https:\/\/revmatch.eu\/es\/wp-json\/wp\/v2\/product\/31332\/revisions"}],"wp:featuredmedia":[{"embeddable":true,"href":"https:\/\/revmatch.eu\/es\/wp-json\/wp\/v2\/media\/66675"}],"wp:attachment":[{"href":"https:\/\/revmatch.eu\/es\/wp-json\/wp\/v2\/media?parent=31332"}],"wp:term":[{"taxonomy":"product_brand","embeddable":true,"href":"https:\/\/revmatch.eu\/es\/wp-json\/wp\/v2\/product_brand?post=31332"},{"taxonomy":"product_cat","embeddable":true,"href":"https:\/\/revmatch.eu\/es\/wp-json\/wp\/v2\/product_cat?post=31332"},{"taxonomy":"product_tag","embeddable":true,"href":"https:\/\/revmatch.eu\/es\/wp-json\/wp\/v2\/product_tag?post=31332"}],"curies":[{"name":"wp","href":"https:\/\/api.w.org\/{rel}","templated":true}]}}