{"id":31350,"date":"2023-05-23T11:32:16","date_gmt":"2023-05-23T10:32:16","guid":{"rendered":"http:\/\/revmatch.eu\/product\/ferodo-racing-ds2500-fcp4262h\/"},"modified":"2024-06-12T22:11:12","modified_gmt":"2024-06-12T21:11:12","slug":"ferodo-racing-ds2500-fcp4262h","status":"publish","type":"product","link":"https:\/\/revmatch.eu\/es\/producto\/ferodo-racing-ds2500-fcp4262h\/","title":{"rendered":"Ferodo Racing DS2500 \u2013 FCP4262H"},"content":{"rendered":"<p><strong>FCP4262<\/strong><\/p>\n<p>\n<b>Compuesto: DS2500 <\/b><br \/>SIN CERTIFICACI\u00d3N R90 <a data-boundary=\"window\" data-toggle=\"tooltip\" data-trigger=\"hover focus click\" style=\"color:red;cursor:pointer\" title=\"Este compuesto no est\u00e1 recomendado para uso en carretera en aquellos pa\u00edses que requieren certificaci\u00f3n R90.\"><br \/>\n<i class=\"fas fa-info-circle\"><\/i><br \/>\n<\/a><br \/>Para: D\u00eda de pista, uso ligero en carreras, GT trasero<br \/>Temperatura de funcionamiento \u00f3ptima: 0\u00b0 a 500\u00b0C\n                                                                                                                                            <\/p>\n<p>&nbsp;<\/p>\n<p>Compatible con:<br \/>\n&nbsp;<\/p>\n<details>\n<summary>CHEVROLET<\/summary>\n<p>AVEO Fastback (T300) 1.2:<\/p>\n<ul>\n<li>kilovatios: 51<\/li>\n<li>DESDE &gt; HASTA: 2011 &gt; <\/li>\n<li>POSICI\u00d3N: DELANTERO<\/li>\n<\/ul>\n<p>AVEO Fastback (T300) 1.2:<\/p>\n<ul>\n<li>kilovatios: 63<\/li>\n<li>DESDE &gt; HASTA: 2011 &gt; <\/li>\n<li>POSICI\u00d3N: DELANTERO<\/li>\n<\/ul>\n<p>AVEO Fastback (T300) 1.2 GLP:<\/p>\n<ul>\n<li>kilovatios: 63<\/li>\n<li>DESDE &gt; HASTA: 2012 &gt; <\/li>\n<li>POSICI\u00d3N: DELANTERO<\/li>\n<\/ul>\n<p>AVEO Berlina (T300) 1.2:<\/p>\n<ul>\n<li>kilovatios: 51<\/li>\n<li>DESDE &gt; HASTA: 2011 &gt; <\/li>\n<li>POSICI\u00d3N: DELANTERO<\/li>\n<\/ul>\n<p>AVEO Berlina (T300) 1.2:<\/p>\n<ul>\n<li>kilovatios: 63<\/li>\n<li>DESDE &gt; HASTA: 2011 &gt; <\/li>\n<li>POSICI\u00d3N: DELANTERO<\/li>\n<\/ul>\n<p>AVEO Berlina (T300) 1.2 GLP:<\/p>\n<ul>\n<li>kilovatios: 63<\/li>\n<li>DESDE &gt; HASTA: 2012 &gt; <\/li>\n<li>POSICI\u00d3N: DELANTERO<\/li>\n<\/ul>\n<p>AVEO Fastback (T300) 1.3 D:<\/p>\n<ul>\n<li>kilovatios: 55<\/li>\n<li>DESDE &gt; HASTA: 2011 &gt; <\/li>\n<li>POSICI\u00d3N: DELANTERO<\/li>\n<\/ul>\n<p>AVEO Fastback (T300) 1.3 D:<\/p>\n<ul>\n<li>kilovatios: 70<\/li>\n<li>DESDE &gt; HASTA: 2011 &gt; <\/li>\n<li>POSICI\u00d3N: DELANTERO<\/li>\n<\/ul>\n<p>AVEO Berlina (T300) 1.3 D:<\/p>\n<ul>\n<li>kilovatios: 55<\/li>\n<li>DESDE &gt; HASTA: 2011 &gt; <\/li>\n<li>POSICI\u00d3N: DELANTERO<\/li>\n<\/ul>\n<p>AVEO Berlina (T300) 1.3 D:<\/p>\n<ul>\n<li>kilovatios: 70<\/li>\n<li>DESDE &gt; HASTA: 2011 &gt; <\/li>\n<li>POSICI\u00d3N: DELANTERO<\/li>\n<\/ul>\n<p>AVEO Fastback (T300) 1.4 Turbo:<\/p>\n<ul>\n<li>kilovatios: 103<\/li>\n<li>DESDE &gt; HASTA: 2013 &gt; <\/li>\n<li>POSICI\u00d3N: DELANTERO<\/li>\n<\/ul>\n<p>CRUZ (J300) 1.4:<\/p>\n<ul>\n<li>kilovatios: 103<\/li>\n<li>DESDE &gt; HASTA: 2010 &gt; <\/li>\n<li>POSICI\u00d3N: DELANTERO<\/li>\n<\/ul>\n<p>Camioneta CRUZE (J308) 1.4:<\/p>\n<ul>\n<li>kilovatios: 103<\/li>\n<li>DESDE &gt; HASTA: 2012 &gt; <\/li>\n<li>POSICI\u00d3N: DELANTERO<\/li>\n<\/ul>\n<p>AVEO Fastback (T300) 1.4:<\/p>\n<ul>\n<li>kilovatios: 74<\/li>\n<li>DESDE &gt; HASTA: 2011 &gt; <\/li>\n<li>POSICI\u00d3N: DELANTERO<\/li>\n<\/ul>\n<p>AVEO Berlina (T300) 1.4:<\/p>\n<ul>\n<li>kilovatios: 74<\/li>\n<li>DESDE &gt; HASTA: 2011 &gt; <\/li>\n<li>POSICI\u00d3N: DELANTERO<\/li>\n<\/ul>\n<p>CRUZ (J300) 1.4:<\/p>\n<ul>\n<li>kilovatios: 74<\/li>\n<li>DESDE &gt; HASTA: 2013 &gt; <\/li>\n<li>POSICI\u00d3N: DELANTERO<\/li>\n<\/ul>\n<p>AVEO Fastback (T300) 1.6:<\/p>\n<ul>\n<li>kilovatios: 85<\/li>\n<li>DESDE &gt; HASTA: 2011 &gt; <\/li>\n<li>POSICI\u00d3N: DELANTERO<\/li>\n<\/ul>\n<p>AVEO Berlina (T300) 1.6:<\/p>\n<ul>\n<li>kilovatios: 85<\/li>\n<li>DESDE &gt; HASTA: 2011 &gt; <\/li>\n<li>POSICI\u00d3N: DELANTERO<\/li>\n<\/ul>\n<p>CRUZ (J300) 1.6:<\/p>\n<ul>\n<li>kilovatios: 80<\/li>\n<li>DESDE &gt; HASTA: 2009 &gt; <\/li>\n<li>POSICI\u00d3N: DELANTERO<\/li>\n<\/ul>\n<p>CRUZ (J300) 1.6:<\/p>\n<ul>\n<li>kilovatios: 83<\/li>\n<li>DESDE &gt; HASTA: 2009 &gt; <\/li>\n<li>POSICI\u00d3N: DELANTERO<\/li>\n<\/ul>\n<p>CRUZ (J300) 1.6:<\/p>\n<ul>\n<li>kilovatios: 91<\/li>\n<li>DESDE &gt; HASTA: 2009 &gt; <\/li>\n<li>POSICI\u00d3N: DELANTERO<\/li>\n<\/ul>\n<p>CRUZ (J300) 1.6:<\/p>\n<ul>\n<li>kilovatios: 86<\/li>\n<li>DESDE &gt; HASTA: 2012 &gt; <\/li>\n<li>POSICI\u00d3N: DELANTERO<\/li>\n<\/ul>\n<p>CRUZ (J300) 1.6:<\/p>\n<ul>\n<li>kilovatios: 89<\/li>\n<li>DESDE &gt; HASTA: 2012 &gt; <\/li>\n<li>POSICI\u00d3N: DELANTERO<\/li>\n<\/ul>\n<p>CRUZE Hatchback (J305) 1.6:<\/p>\n<ul>\n<li>kilovatios: 91<\/li>\n<li>DESDE &gt; HASTA: 2011 &gt; <\/li>\n<li>POSICI\u00d3N: DELANTERO<\/li>\n<\/ul>\n<p>CRUZE Hatchback (J305) 1.6:<\/p>\n<ul>\n<li>kilovatios: 80<\/li>\n<li>DESDE &gt; HASTA: 2012 &gt; <\/li>\n<li>POSICI\u00d3N: DELANTERO<\/li>\n<\/ul>\n<p>Camioneta CRUZE (J308) 1.6:<\/p>\n<ul>\n<li>kilovatios: 91<\/li>\n<li>DESDE &gt; HASTA: 2012 &gt; <\/li>\n<li>POSICI\u00d3N: DELANTERO<\/li>\n<\/ul>\n<p>CRUZ (J300) 1.7 D:<\/p>\n<ul>\n<li>kilovatios: 96<\/li>\n<li>DESDE &gt; HASTA: 2012 &gt; <\/li>\n<li>POSICI\u00d3N: DELANTERO<\/li>\n<\/ul>\n<p>CRUZE (J300) 1.7 TD:<\/p>\n<ul>\n<li>kilovatios: 81<\/li>\n<li>DESDE &gt; HASTA: 2013 &gt; <\/li>\n<li>POSICI\u00d3N: DELANTERO<\/li>\n<\/ul>\n<p>CRUZE Fastback (J305) 1.7 D:<\/p>\n<ul>\n<li>kilovatios: 96<\/li>\n<li>DESDE &gt; HASTA: 2012 &gt; <\/li>\n<li>POSICI\u00d3N: DELANTERO<\/li>\n<\/ul>\n<p>Camioneta CRUZE (J308) 1.7 TD:<\/p>\n<ul>\n<li>kilovatios: 96<\/li>\n<li>DESDE &gt; HASTA: 2012 &gt; <\/li>\n<li>POSICI\u00d3N: DELANTERO<\/li>\n<\/ul>\n<p>CRUZ (J300) 1.8:<\/p>\n<ul>\n<li>kilovatios: 104<\/li>\n<li>DESDE &gt; HASTA: 2009 &gt; <\/li>\n<li>POSICI\u00d3N: DELANTERO<\/li>\n<\/ul>\n<p>CRUZ (J300) 1.8:<\/p>\n<ul>\n<li>kilovatios: 103<\/li>\n<li>DESDE &gt; HASTA: 2009 &gt; 2013<\/li>\n<li>POSICI\u00d3N: DELANTERO<\/li>\n<\/ul>\n<p>CRUZE (J300) 1.8 GLP:<\/p>\n<ul>\n<li>kilovatios: 104<\/li>\n<li>DESDE &gt; HASTA: 2011 &gt; <\/li>\n<li>POSICI\u00d3N: DELANTERO<\/li>\n<\/ul>\n<p>CRUZE Hatchback (J305) 1.8:<\/p>\n<ul>\n<li>kilovatios: 104<\/li>\n<li>DESDE &gt; HASTA: 2011 &gt; <\/li>\n<li>POSICI\u00d3N: DELANTERO<\/li>\n<\/ul>\n<p>CRUZE Fastback (J305) 1.8 GLP:<\/p>\n<ul>\n<li>kilovatios: 104<\/li>\n<li>DESDE &gt; HASTA: 2011 &gt; <\/li>\n<li>POSICI\u00d3N: DELANTERO<\/li>\n<\/ul>\n<p>Camioneta CRUZE (J308) 1.8:<\/p>\n<ul>\n<li>kilovatios: 104<\/li>\n<li>DESDE &gt; HASTA: 2012 &gt; <\/li>\n<li>POSICI\u00d3N: DELANTERO<\/li>\n<\/ul>\n<p>CRUZ (J300) 2.0 CDI:<\/p>\n<ul>\n<li>kilovatios: 110<\/li>\n<li>DESDE &gt; HASTA: 2009 &gt; <\/li>\n<li>POSICI\u00d3N: DELANTERO<\/li>\n<\/ul>\n<p>CRUZ (J300) 2.0 CDI:<\/p>\n<ul>\n<li>kilovatios: 90<\/li>\n<li>DESDE &gt; HASTA: 2009 &gt; <\/li>\n<li>POSICI\u00d3N: DELANTERO<\/li>\n<\/ul>\n<p>CRUZ (J300) 2.0 CDI:<\/p>\n<ul>\n<li>kilovatios: 92<\/li>\n<li>DESDE &gt; HASTA: 2009 &gt; <\/li>\n<li>POSICI\u00d3N: DELANTERO<\/li>\n<\/ul>\n<p>CRUZE Fastback (J305) 2.0 CDI:<\/p>\n<ul>\n<li>kilovatios: 110<\/li>\n<li>DESDE &gt; HASTA: 2012 &gt; <\/li>\n<li>POSICI\u00d3N: DELANTERO<\/li>\n<\/ul>\n<p>CRUZ (J300) 2.0 CDI:<\/p>\n<ul>\n<li>kilovatios: 120<\/li>\n<li>DESDE &gt; HASTA: 2010 &gt; <\/li>\n<li>POSICI\u00d3N: DELANTERO<\/li>\n<\/ul>\n<p>CRUZE Fastback (J305) 2.0 CDI:<\/p>\n<ul>\n<li>kilovatios: 120<\/li>\n<li>DESDE &gt; HASTA: 2011 &gt; <\/li>\n<li>POSICI\u00d3N: DELANTERO<\/li>\n<\/ul>\n<p>Camioneta CRUZE (J308) 2.0 TD:<\/p>\n<ul>\n<li>kilovatios: 120<\/li>\n<li>DESDE &gt; HASTA: 2012 &gt; <\/li>\n<li>POSICI\u00d3N: DELANTERO<\/li>\n<\/ul>\n<\/details>\n<details>\n<summary>OPEL<\/summary>\n<p>ASTRA J (P10) 1.3 CDTI:<\/p>\n<ul>\n<li>kilovatios: 70<\/li>\n<li>DESDE &gt; HASTA: 2009 &gt; <\/li>\n<li>POSICI\u00d3N: DELANTERO<\/li>\n<\/ul>\n<p>ASTRA J Berlina 1.3 CDTI:<\/p>\n<ul>\n<li>kilovatios: 70<\/li>\n<li>DESDE &gt; HASTA: 2012 &gt; <\/li>\n<li>POSICI\u00d3N: DELANTERO<\/li>\n<\/ul>\n<p>ASTRA J Sports Tourer (P10) 1.3 CDTI:<\/p>\n<ul>\n<li>kilovatios: 70<\/li>\n<li>DESDE &gt; HASTA: 2010 &gt; <\/li>\n<li>POSICI\u00d3N: DELANTERO<\/li>\n<\/ul>\n<p>ASTRA J (P10) 1.4 Turbo:<\/p>\n<ul>\n<li>kilovatios: 103<\/li>\n<li>DESDE &gt; HASTA: 2009 &gt; <\/li>\n<li>POSICI\u00d3N: DELANTERO<\/li>\n<\/ul>\n<p>ASTRA J (P10) 1.4 Turbo:<\/p>\n<ul>\n<li>kilovatios: 88<\/li>\n<li>DESDE &gt; HASTA: 2010 &gt; <\/li>\n<li>POSICI\u00d3N: DELANTERO<\/li>\n<\/ul>\n<p>ASTRA J (P10) 1.4 GLP:<\/p>\n<ul>\n<li>kilovatios: 103<\/li>\n<li>DESDE &gt; HASTA: 2012 &gt; <\/li>\n<li>POSICI\u00d3N: DELANTERO<\/li>\n<\/ul>\n<p>ASTRA J Berlina 1.4 Turbo:<\/p>\n<ul>\n<li>kilovatios: 103<\/li>\n<li>DESDE &gt; HASTA: 2012 &gt; <\/li>\n<li>POSICI\u00d3N: DELANTERO<\/li>\n<\/ul>\n<p>ASTRA J Berlina 1.4 GLP:<\/p>\n<ul>\n<li>kilovatios: 103<\/li>\n<li>DESDE &gt; HASTA: 2014 &gt; <\/li>\n<li>POSICI\u00d3N: DELANTERO<\/li>\n<\/ul>\n<p>ASTRA J Sports Tourer (P10) 1.4 Turbo:<\/p>\n<ul>\n<li>kilovatios: 103<\/li>\n<li>DESDE &gt; HASTA: 2010 &gt; <\/li>\n<li>POSICI\u00d3N: DELANTERO<\/li>\n<\/ul>\n<p>ASTRA J Sports Tourer (P10) 1.4 Turbo:<\/p>\n<ul>\n<li>kilovatios: 88<\/li>\n<li>DESDE &gt; HASTA: 2010 &gt; <\/li>\n<li>POSICI\u00d3N: DELANTERO<\/li>\n<\/ul>\n<p>ASTRA J Sports Tourer (P10) 1.4 GLP:<\/p>\n<ul>\n<li>kilovatios: 103<\/li>\n<li>DESDE &gt; HASTA: 2012 &gt; <\/li>\n<li>POSICI\u00d3N: DELANTERO<\/li>\n<\/ul>\n<p>ASTRA J (P10) 1.4:<\/p>\n<ul>\n<li>kilovatios: 64<\/li>\n<li>DESDE &gt; HASTA: 2009 &gt; <\/li>\n<li>POSICI\u00d3N: DELANTERO<\/li>\n<\/ul>\n<p>ASTRA J (P10) 1.4:<\/p>\n<ul>\n<li>kilovatios: 74<\/li>\n<li>DESDE &gt; HASTA: 2009 &gt; <\/li>\n<li>POSICI\u00d3N: DELANTERO<\/li>\n<\/ul>\n<p>ASTRA J Berlina 1.4:<\/p>\n<ul>\n<li>kilovatios: 74<\/li>\n<li>DESDE &gt; HASTA: 2012 &gt; <\/li>\n<li>POSICI\u00d3N: DELANTERO<\/li>\n<\/ul>\n<p>ASTRA J Sports Tourer (P10) 1.4:<\/p>\n<ul>\n<li>kilovatios: 74<\/li>\n<li>DESDE &gt; HASTA: 2010 &gt; <\/li>\n<li>POSICI\u00d3N: DELANTERO<\/li>\n<\/ul>\n<p>ASTRA J Sports Tourer (P10) 1.4:<\/p>\n<ul>\n<li>kilovatios: 64<\/li>\n<li>DESDE &gt; HASTA: 2010 &gt; 2015<\/li>\n<li>POSICI\u00d3N: DELANTERO<\/li>\n<\/ul>\n<p>ASTRA J (P10) 1.6:<\/p>\n<ul>\n<li>kilovatios: 85<\/li>\n<li>DESDE &gt; HASTA: 2009 &gt; <\/li>\n<li>POSICI\u00d3N: DELANTERO<\/li>\n<\/ul>\n<p>ASTRA J (P10) 1.6 Turbo:<\/p>\n<ul>\n<li>kilovatios: 132<\/li>\n<li>DESDE &gt; HASTA: 2009 &gt; <\/li>\n<li>POSICI\u00d3N: DELANTERO<\/li>\n<\/ul>\n<p>ASTRA J (P10) 1.6 SIDI:<\/p>\n<ul>\n<li>kilovatios: 125<\/li>\n<li>DESDE &gt; HASTA: 2012 &gt; <\/li>\n<li>POSICI\u00d3N: DELANTERO<\/li>\n<\/ul>\n<p>ASTRA J (P10) 1.6 CDTi:<\/p>\n<ul>\n<li>kilovatios: 100<\/li>\n<li>DESDE &gt; HASTA: 2014 &gt; <\/li>\n<li>POSICI\u00d3N: DELANTERO<\/li>\n<\/ul>\n<p>ASTRA J (P10) 1.6 CDTi:<\/p>\n<ul>\n<li>kilovatios: 81<\/li>\n<li>DESDE &gt; HASTA: 2014 &gt; <\/li>\n<li>POSICI\u00d3N: DELANTERO<\/li>\n<\/ul>\n<p>ASTRA J GTC 1.6 SIDI:<\/p>\n<ul>\n<li>kilovatios: 125<\/li>\n<li>DESDE &gt; HASTA: 2012 &gt; <\/li>\n<li>POSICI\u00d3N: DELANTERO<\/li>\n<\/ul>\n<p>ASTRA J GTC 1.6 SIDI:<\/p>\n<ul>\n<li>kilovatios: 147<\/li>\n<li>DESDE &gt; HASTA: 2013 &gt; <\/li>\n<li>POSICI\u00d3N: DELANTERO<\/li>\n<\/ul>\n<p>ASTRA J GTC 1.6 CDTI:<\/p>\n<ul>\n<li>kilovatios: 100<\/li>\n<li>DESDE &gt; HASTA: 2014 &gt; <\/li>\n<li>POSICI\u00d3N: DELANTERO<\/li>\n<\/ul>\n<p>ASTRA J GTC 1.6 CDTI:<\/p>\n<ul>\n<li>kilovatios: 81<\/li>\n<li>DESDE &gt; HASTA: 2014 &gt; <\/li>\n<li>POSICI\u00d3N: DELANTERO<\/li>\n<\/ul>\n<p>ASTRA J Berlina 1.6:<\/p>\n<ul>\n<li>kilovatios: 85<\/li>\n<li>DESDE &gt; HASTA: 2012 &gt; <\/li>\n<li>POSICI\u00d3N: DELANTERO<\/li>\n<\/ul>\n<p>ASTRA J Berlina 1.6 Turbo:<\/p>\n<ul>\n<li>kilovatios: 132<\/li>\n<li>DESDE &gt; HASTA: 2012 &gt; <\/li>\n<li>POSICI\u00d3N: DELANTERO<\/li>\n<\/ul>\n<p>ASTRA J Berlina 1.6 SIDI:<\/p>\n<ul>\n<li>kilovatios: 125<\/li>\n<li>DESDE &gt; HASTA: 2012 &gt; <\/li>\n<li>POSICI\u00d3N: DELANTERO<\/li>\n<\/ul>\n<p>ASTRA J Berlina 1.6 CDTi:<\/p>\n<ul>\n<li>kilovatios: 100<\/li>\n<li>DESDE &gt; HASTA: 2014 &gt; <\/li>\n<li>POSICI\u00d3N: DELANTERO<\/li>\n<\/ul>\n<p>ASTRA J Berlina 1.6 CDTi:<\/p>\n<ul>\n<li>kilovatios: 81<\/li>\n<li>DESDE &gt; HASTA: 2014 &gt; <\/li>\n<li>POSICI\u00d3N: DELANTERO<\/li>\n<\/ul>\n<p>ASTRA J Sports Tourer (P10) 1.6:<\/p>\n<ul>\n<li>kilovatios: 85<\/li>\n<li>DESDE &gt; HASTA: 2010 &gt; <\/li>\n<li>POSICI\u00d3N: DELANTERO<\/li>\n<\/ul>\n<p>ASTRA J Sports Tourer (P10) 1.6 Turbo:<\/p>\n<ul>\n<li>kilovatios: 132<\/li>\n<li>DESDE &gt; HASTA: 2010 &gt; <\/li>\n<li>POSICI\u00d3N: DELANTERO<\/li>\n<\/ul>\n<p>ASTRA J Sports Tourer (P10) 1.6 SIDI:<\/p>\n<ul>\n<li>kilovatios: 125<\/li>\n<li>DESDE &gt; HASTA: 2012 &gt; <\/li>\n<li>POSICI\u00d3N: DELANTERO<\/li>\n<\/ul>\n<p>ASTRA J Sports Tourer (P10) 1.6 CDTi:<\/p>\n<ul>\n<li>kilovatios: 100<\/li>\n<li>DESDE &gt; HASTA: 2014 &gt; <\/li>\n<li>POSICI\u00d3N: DELANTERO<\/li>\n<\/ul>\n<p>ASTRA J Sports Tourer (P10) 1.6 CDTi:<\/p>\n<ul>\n<li>kilovatios: 81<\/li>\n<li>DESDE &gt; HASTA: 2014 &gt; <\/li>\n<li>POSICI\u00d3N: DELANTERO<\/li>\n<\/ul>\n<p>ASTRA J (P10) 1.7CDTI:<\/p>\n<ul>\n<li>kilovatios: 81<\/li>\n<li>DESDE &gt; HASTA: 2009 &gt; <\/li>\n<li>POSICI\u00d3N: DELANTERO<\/li>\n<\/ul>\n<p>ASTRA J (P10) 1.7CDTI:<\/p>\n<ul>\n<li>kilovatios: 92<\/li>\n<li>DESDE &gt; HASTA: 2009 &gt; <\/li>\n<li>POSICI\u00d3N: DELANTERO<\/li>\n<\/ul>\n<p>ASTRA J (P10) 1.7CDTI:<\/p>\n<ul>\n<li>kilovatios: 96<\/li>\n<li>DESDE &gt; HASTA: 2009 &gt; <\/li>\n<li>POSICI\u00d3N: DELANTERO<\/li>\n<\/ul>\n<p>ASTRA J (P10) 1.7CDTI:<\/p>\n<ul>\n<li>kilovatios: 74<\/li>\n<li>DESDE &gt; HASTA: 2010 &gt; <\/li>\n<li>POSICI\u00d3N: DELANTERO<\/li>\n<\/ul>\n<p>ASTRA J Berlina 1.7 CDTI:<\/p>\n<ul>\n<li>kilovatios: 81<\/li>\n<li>DESDE &gt; HASTA: 2012 &gt; <\/li>\n<li>POSICI\u00d3N: DELANTERO<\/li>\n<\/ul>\n<p>ASTRA J Berlina 1.7 CDTI:<\/p>\n<ul>\n<li>kilovatios: 96<\/li>\n<li>DESDE &gt; HASTA: 2012 &gt; <\/li>\n<li>POSICI\u00d3N: DELANTERO<\/li>\n<\/ul>\n<p>ASTRA J Sports Tourer (P10) 1.7 CDTI:<\/p>\n<ul>\n<li>kilovatios: 74<\/li>\n<li>DESDE &gt; HASTA: 2010 &gt; <\/li>\n<li>POSICI\u00d3N: DELANTERO<\/li>\n<\/ul>\n<p>ASTRA J Sports Tourer (P10) 1.7 CDTI:<\/p>\n<ul>\n<li>kilovatios: 81<\/li>\n<li>DESDE &gt; HASTA: 2010 &gt; <\/li>\n<li>POSICI\u00d3N: DELANTERO<\/li>\n<\/ul>\n<p>ASTRA J Sports Tourer (P10) 1.7 CDTI:<\/p>\n<ul>\n<li>kilovatios: 92<\/li>\n<li>DESDE &gt; HASTA: 2010 &gt; <\/li>\n<li>POSICI\u00d3N: DELANTERO<\/li>\n<\/ul>\n<p>ASTRA J Sports Tourer (P10) 1.7 CDTI:<\/p>\n<ul>\n<li>kilovatios: 96<\/li>\n<li>DESDE &gt; HASTA: 2010 &gt; <\/li>\n<li>POSICI\u00d3N: DELANTERO<\/li>\n<\/ul>\n<p>ASTRA J (P10) 2.0CDTI:<\/p>\n<ul>\n<li>kilovatios: 118<\/li>\n<li>DESDE &gt; HASTA: 2009 &gt; <\/li>\n<li>POSICI\u00d3N: DELANTERO<\/li>\n<\/ul>\n<p>ASTRA J (P10) 2.0CDTI:<\/p>\n<ul>\n<li>kilovatios: 121<\/li>\n<li>DESDE &gt; HASTA: 2011 &gt; <\/li>\n<li>POSICI\u00d3N: DELANTERO<\/li>\n<\/ul>\n<p>ASTRA J (P10) 2.0 BiTurbo CDTI:<\/p>\n<ul>\n<li>kilovatios: 143<\/li>\n<li>DESDE &gt; HASTA: 2012 &gt; <\/li>\n<li>POSICI\u00d3N: DELANTERO<\/li>\n<\/ul>\n<p>ASTRA J GTC 2.0 BiTurbo CDTI:<\/p>\n<ul>\n<li>kilovatios: 143<\/li>\n<li>DESDE &gt; HASTA: 2012 &gt; <\/li>\n<li>POSICI\u00d3N: DELANTERO<\/li>\n<\/ul>\n<p>ASTRA J Sports Tourer (P10) 2.0 CDTI:<\/p>\n<ul>\n<li>kilovatios: 118<\/li>\n<li>DESDE &gt; HASTA: 2010 &gt; <\/li>\n<li>POSICI\u00d3N: DELANTERO<\/li>\n<\/ul>\n<p>ASTRA J Sports Tourer (P10) 2.0 CDTI:<\/p>\n<ul>\n<li>kilovatios: 96<\/li>\n<li>DESDE &gt; HASTA: 2010 &gt; <\/li>\n<li>POSICI\u00d3N: DELANTERO<\/li>\n<\/ul>\n<p>ASTRA J Sports Tourer (P10) 2.0 CDTI:<\/p>\n<ul>\n<li>kilovatios: 121<\/li>\n<li>DESDE &gt; HASTA: 2011 &gt; <\/li>\n<li>POSICI\u00d3N: DELANTERO<\/li>\n<\/ul>\n<p>ASTRA J Sports Tourer (P10) 2.0 BiTurbo CDTI:<\/p>\n<ul>\n<li>kilovatios: 143<\/li>\n<li>DESDE &gt; HASTA: 2012 &gt; <\/li>\n<li>POSICI\u00d3N: DELANTERO<\/li>\n<\/ul>\n<\/details>\n<details>\n<summary>VAUXHALL<\/summary>\n<p>ASTRA Mk VI (J) (P10) 1.3 CDTI:<\/p>\n<ul>\n<li>kilovatios: 70<\/li>\n<li>DESDE &gt; HASTA: 2009 &gt; <\/li>\n<li>POSICI\u00d3N: DELANTERO<\/li>\n<\/ul>\n<p>ASTRA Mk VI (J) Familiar (P10) 1.3 CDTi:<\/p>\n<ul>\n<li>kilovatios: 70<\/li>\n<li>DESDE &gt; HASTA: 2010 &gt; <\/li>\n<li>POSICI\u00d3N: DELANTERO<\/li>\n<\/ul>\n<p>ASTRA Mk VI (J) Berlina (P10) 1.3 CDTI:<\/p>\n<ul>\n<li>kilovatios: 70<\/li>\n<li>DESDE &gt; HASTA: 2012 &gt; <\/li>\n<li>POSICI\u00d3N: DELANTERO<\/li>\n<\/ul>\n<p>ASTRA Mk VI (J) (P10) 1.4 Turbo:<\/p>\n<ul>\n<li>kilovatios: 103<\/li>\n<li>DESDE &gt; HASTA: 2009 &gt; <\/li>\n<li>POSICI\u00d3N: DELANTERO<\/li>\n<\/ul>\n<p>ASTRA Mk VI (J) (P10) 1.4 Turbo:<\/p>\n<ul>\n<li>kilovatios: 88<\/li>\n<li>DESDE &gt; HASTA: 2011 &gt; <\/li>\n<li>POSICI\u00d3N: DELANTERO<\/li>\n<\/ul>\n<p>ASTRA Mk VI (J) Familiar (P10) 1.4 Turbo:<\/p>\n<ul>\n<li>kilovatios: 103<\/li>\n<li>DESDE &gt; HASTA: 2010 &gt; <\/li>\n<li>POSICI\u00d3N: DELANTERO<\/li>\n<\/ul>\n<p>ASTRA Mk VI (J) Familiar (P10) 1.4 Turbo:<\/p>\n<ul>\n<li>kilovatios: 88<\/li>\n<li>DESDE &gt; HASTA: 2010 &gt; <\/li>\n<li>POSICI\u00d3N: DELANTERO<\/li>\n<\/ul>\n<p>ASTRA Mk VI (J) Berlina (P10) 1.4 Turbo:<\/p>\n<ul>\n<li>kilovatios: 103<\/li>\n<li>DESDE &gt; HASTA: 2012 &gt; <\/li>\n<li>POSICI\u00d3N: DELANTERO<\/li>\n<\/ul>\n<p>ASTRA Mk VI (J) (P10) 1.4:<\/p>\n<ul>\n<li>kilovatios: 64<\/li>\n<li>DESDE &gt; HASTA: 2009 &gt; <\/li>\n<li>POSICI\u00d3N: DELANTERO<\/li>\n<\/ul>\n<p>ASTRA Mk VI (J) (P10) 1.4:<\/p>\n<ul>\n<li>kilovatios: 74<\/li>\n<li>DESDE &gt; HASTA: 2009 &gt; 2016<\/li>\n<li>POSICI\u00d3N: DELANTERO<\/li>\n<\/ul>\n<p>ASTRA Mk VI (J) Familiar (P10) 1.4:<\/p>\n<ul>\n<li>kilovatios: 74<\/li>\n<li>DESDE &gt; HASTA: 2010 &gt; 2016<\/li>\n<li>POSICI\u00d3N: DELANTERO<\/li>\n<\/ul>\n<p>ASTRA Mk VI (J) Familiar (P10) 1.4:<\/p>\n<ul>\n<li>kilovatios: 64<\/li>\n<li>DESDE &gt; HASTA: 2010 &gt; <\/li>\n<li>POSICI\u00d3N: DELANTERO<\/li>\n<\/ul>\n<p>ASTRA Mk VI (J) Berlina (P10) 1.4:<\/p>\n<ul>\n<li>kilovatios: 74<\/li>\n<li>DESDE &gt; HASTA: 2012 &gt; <\/li>\n<li>POSICI\u00d3N: DELANTERO<\/li>\n<\/ul>\n<p>ASTRA Mk VI (J) Sports Tourer 1.4:<\/p>\n<ul>\n<li>kilovatios: 64<\/li>\n<li>DESDE &gt; HASTA: 2009 &gt; <\/li>\n<li>POSICI\u00d3N: DELANTERO<\/li>\n<\/ul>\n<p>ASTRA Mk VI (J) (P10) 1.6:<\/p>\n<ul>\n<li>kilovatios: 85<\/li>\n<li>DESDE &gt; HASTA: 2009 &gt; <\/li>\n<li>POSICI\u00d3N: DELANTERO<\/li>\n<\/ul>\n<p>ASTRA Mk VI (J) Familiar (P10) 1.6:<\/p>\n<ul>\n<li>kilovatios: 85<\/li>\n<li>DESDE &gt; HASTA: 2010 &gt; <\/li>\n<li>POSICI\u00d3N: DELANTERO<\/li>\n<\/ul>\n<p>ASTRA Mk VI (J) Berlina (P10) 1.6:<\/p>\n<ul>\n<li>kilovatios: 85<\/li>\n<li>DESDE &gt; HASTA: 2012 &gt; <\/li>\n<li>POSICI\u00d3N: DELANTERO<\/li>\n<\/ul>\n<p>ASTRA Mk VI (J) (P10) 1.7 CDTI:<\/p>\n<ul>\n<li>kilovatios: 74<\/li>\n<li>DESDE &gt; HASTA: 2010 &gt; <\/li>\n<li>POSICI\u00d3N: DELANTERO<\/li>\n<\/ul>\n<p>ASTRAVAN Mk V (H) 1.7 CDTi:<\/p>\n<ul>\n<li>kilovatios: 81<\/li>\n<li>DESDE &gt; HASTA: 2011 &gt; 2013<\/li>\n<li>POSICI\u00d3N: DELANTERO<\/li>\n<\/ul>\n<p>ASTRAVAN Mk V (H) 1.7 CDTi:<\/p>\n<ul>\n<li>kilovatios: 92<\/li>\n<li>DESDE &gt; HASTA: 2011 &gt; <\/li>\n<li>POSICI\u00d3N: DELANTERO<\/li>\n<\/ul>\n<\/details>","protected":false},"excerpt":{"rendered":"<p><strong>FCP4262<\/strong><\/p>\n<p>\n<b>Compuesto: DS2500 <\/b><br \/>SIN CERTIFICACI\u00d3N R90 <a data-boundary=\"window\" data-toggle=\"tooltip\" data-trigger=\"hover focus click\" style=\"color:red;cursor:pointer\" title=\"Este compuesto no est\u00e1 recomendado para uso en carretera en aquellos pa\u00edses que requieren certificaci\u00f3n R90.\"><br \/>\n<i class=\"fas fa-info-circle\"><\/i><br \/>\n<\/a><br \/>Para: D\u00eda de pista, uso ligero en carreras, GT trasero<br \/>Temperatura de funcionamiento \u00f3ptima: 0\u00b0 a 500\u00b0C\n                                                                                                                                            <\/p>","protected":false},"featured_media":66681,"template":"","meta":{"_crdt_document":"","inline_featured_image":false},"product_brand":[],"product_cat":[116],"product_tag":[],"class_list":{"0":"post-31350","1":"product","2":"type-product","3":"status-publish","4":"has-post-thumbnail","6":"product_cat-brake-pads","8":"first","9":"instock","10":"taxable","11":"shipping-taxable","12":"purchasable","13":"product-type-simple"},"supplier_id":null,"supplier_sku":"","barcode":null,"atum_controlled":true,"out_stock_date":null,"out_stock_threshold":null,"inheritable":false,"inbound_stock":null,"stock_on_hold":null,"sold_today":null,"sales_last_days":null,"reserved_stock":null,"customer_returns":null,"warehouse_damage":null,"lost_in_post":null,"other_logs":null,"out_stock_days":null,"lost_sales":null,"has_location":null,"update_date":null,"atum_locations":[],"atum_stock_status":"instock","restock_status":false,"low_stock_amount":"","sales_update_date":null,"calc_backorders":null,"_links":{"self":[{"href":"https:\/\/revmatch.eu\/es\/wp-json\/wp\/v2\/product\/31350","targetHints":{"allow":["GET"]}}],"collection":[{"href":"https:\/\/revmatch.eu\/es\/wp-json\/wp\/v2\/product"}],"about":[{"href":"https:\/\/revmatch.eu\/es\/wp-json\/wp\/v2\/types\/product"}],"version-history":[{"count":0,"href":"https:\/\/revmatch.eu\/es\/wp-json\/wp\/v2\/product\/31350\/revisions"}],"wp:featuredmedia":[{"embeddable":true,"href":"https:\/\/revmatch.eu\/es\/wp-json\/wp\/v2\/media\/66681"}],"wp:attachment":[{"href":"https:\/\/revmatch.eu\/es\/wp-json\/wp\/v2\/media?parent=31350"}],"wp:term":[{"taxonomy":"product_brand","embeddable":true,"href":"https:\/\/revmatch.eu\/es\/wp-json\/wp\/v2\/product_brand?post=31350"},{"taxonomy":"product_cat","embeddable":true,"href":"https:\/\/revmatch.eu\/es\/wp-json\/wp\/v2\/product_cat?post=31350"},{"taxonomy":"product_tag","embeddable":true,"href":"https:\/\/revmatch.eu\/es\/wp-json\/wp\/v2\/product_tag?post=31350"}],"curies":[{"name":"wp","href":"https:\/\/api.w.org\/{rel}","templated":true}]}}