{"id":31356,"date":"2023-05-23T11:32:26","date_gmt":"2023-05-23T10:32:26","guid":{"rendered":"http:\/\/revmatch.eu\/product\/ferodo-racing-ds2500-fcp4316h\/"},"modified":"2024-06-12T22:11:15","modified_gmt":"2024-06-12T21:11:15","slug":"ferodo-racing-ds2500-fcp4316h","status":"publish","type":"product","link":"https:\/\/revmatch.eu\/es\/producto\/ferodo-racing-ds2500-fcp4316h\/","title":{"rendered":"Ferodo Racing DS2500 \u2013 FCP4316H"},"content":{"rendered":"<p><strong>FCP4316<\/strong><\/p>\n<p>\n<b>Compuesto: DS2500 <\/b><br \/>SIN CERTIFICACI\u00d3N R90 <a data-boundary=\"window\" data-toggle=\"tooltip\" data-trigger=\"hover focus click\" style=\"color:red;cursor:pointer\" title=\"Este compuesto no est\u00e1 recomendado para uso en carretera en aquellos pa\u00edses que requieren certificaci\u00f3n R90.\"><br \/>\n<i class=\"fas fa-info-circle\"><\/i><br \/>\n<\/a><br \/>Para: D\u00eda de pista, uso ligero en carreras, GT trasero<br \/>Temperatura de funcionamiento \u00f3ptima: 0\u00b0 a 500\u00b0C\n                                                                                                                                            <\/p>\n<p>&nbsp;<\/p>\n<p>Compatible con:<br \/>\n&nbsp;<\/p>\n<details>\n<summary>AUDI<\/summary>\n<p>A3 Cabrio (8P7) 1.2 TFSi 8v:<\/p>\n<ul>\n<li>kilovatios: 77<\/li>\n<li>DESDE &gt; HASTA: 2010 &gt; <\/li>\n<li>POSICI\u00d3N: TRASERA<\/li>\n<\/ul>\n<p>A3 Cabrio (8P7) 1.4 TFSi 16v:<\/p>\n<ul>\n<li>kilovatios: 92<\/li>\n<li>DESDE &gt; HASTA: 2011 &gt; <\/li>\n<li>POSICI\u00d3N: TRASERA<\/li>\n<\/ul>\n<p>A3 Cabrio (8P7) 1.6 8v:<\/p>\n<ul>\n<li>kilovatios: 75<\/li>\n<li>DESDE &gt; HASTA: 2008 &gt; 2010<\/li>\n<li>POSICI\u00d3N: TRASERA<\/li>\n<\/ul>\n<p>A3 Cabrio (8P7) 1.6 TDi 16v:<\/p>\n<ul>\n<li>kilovatios: 77<\/li>\n<li>DESDE &gt; HASTA: 2009 &gt; <\/li>\n<li>POSICI\u00d3N: TRASERA<\/li>\n<\/ul>\n<p>A3 (8P1) 1.8 TFSI quattro:<\/p>\n<ul>\n<li>kilovatios: 118<\/li>\n<li>DESDE &gt; HASTA: 2008 &gt; 2012<\/li>\n<li>POSICI\u00d3N: TRASERA<\/li>\n<\/ul>\n<p>A3 Cabrio (8P7) 1.8 FSi\/TFSi 16v:<\/p>\n<ul>\n<li>kilovatios: 118<\/li>\n<li>DESDE &gt; HASTA: 2008 &gt; <\/li>\n<li>POSICI\u00d3N: TRASERA<\/li>\n<\/ul>\n<p>A3 Sportback (8PA) 1.8 TFSI quattro:<\/p>\n<ul>\n<li>kilovatios: 118<\/li>\n<li>DESDE &gt; HASTA: 2008 &gt; 2013<\/li>\n<li>POSICI\u00d3N: TRASERA<\/li>\n<\/ul>\n<p>A3 Cabrio (8P7) 1.9 TDi 8v:<\/p>\n<ul>\n<li>kilovatios: 77<\/li>\n<li>DESDE &gt; HASTA: 2008 &gt; 2009<\/li>\n<li>POSICI\u00d3N: TRASERA<\/li>\n<\/ul>\n<p>A3 (8P1) 2.0 TDI 16V quattro:<\/p>\n<ul>\n<li>kilovatios: 103<\/li>\n<li>DESDE &gt; HASTA: 2004 &gt; 2012<\/li>\n<li>POSICI\u00d3N: TRASERA<\/li>\n<\/ul>\n<p>A3 (8P1) 2.0 TDI quattro:<\/p>\n<ul>\n<li>kilovatios: 125<\/li>\n<li>DESDE &gt; HASTA: 2006 &gt; 2012<\/li>\n<li>POSICI\u00d3N: TRASERA<\/li>\n<\/ul>\n<p>A3 Cabrio (8P7) 2.0 TDi 16v:<\/p>\n<ul>\n<li>kilovatios: 100<\/li>\n<li>DESDE &gt; HASTA: 2008 &gt; 2013<\/li>\n<li>POSICI\u00d3N: TRASERA<\/li>\n<\/ul>\n<p>A3 Cabrio (8P7) 2.0 TDi 16v:<\/p>\n<ul>\n<li>kilovatios: 103<\/li>\n<li>DESDE &gt; HASTA: 2008 &gt; <\/li>\n<li>POSICI\u00d3N: TRASERA<\/li>\n<\/ul>\n<p>A3 Sportback (8PA) 2.0 TDI 16V quattro:<\/p>\n<ul>\n<li>kilovatios: 103<\/li>\n<li>DESDE &gt; HASTA: 2005 &gt; 2013<\/li>\n<li>POSICI\u00d3N: TRASERA<\/li>\n<\/ul>\n<p>A3 Sportback (8PA) 2.0 TDI quattro:<\/p>\n<ul>\n<li>kilovatios: 125<\/li>\n<li>DESDE &gt; HASTA: 2006 &gt; 2013<\/li>\n<li>POSICI\u00d3N: TRASERA<\/li>\n<\/ul>\n<p>A3 (8P1) 2.0 TFSI:<\/p>\n<ul>\n<li>kilovatios: 147<\/li>\n<li>DESDE &gt; HASTA: 2004 &gt; 2012<\/li>\n<li>POSICI\u00d3N: TRASERA<\/li>\n<\/ul>\n<p>A3 (8P1) 2.0 TFSI quattro:<\/p>\n<ul>\n<li>kilovatios: 147<\/li>\n<li>DESDE &gt; HASTA: 2004 &gt; 2012<\/li>\n<li>POSICI\u00d3N: TRASERA<\/li>\n<\/ul>\n<p>A3 (8P1) S3 quattro:<\/p>\n<ul>\n<li>kilovatios: 195<\/li>\n<li>DESDE &gt; HASTA: 2006 &gt; 2012<\/li>\n<li>POSICI\u00d3N: TRASERA<\/li>\n<\/ul>\n<p>A3 (8P1) S3 quattro:<\/p>\n<ul>\n<li>kilovatios: 188<\/li>\n<li>DESDE &gt; HASTA: 2007 &gt; 2012<\/li>\n<li>POSICI\u00d3N: TRASERA<\/li>\n<\/ul>\n<p>A3 Cabrio (8P7) 2.0 FSi\/TFSi 16v:<\/p>\n<ul>\n<li>kilovatios: 147<\/li>\n<li>DESDE &gt; HASTA: 2008 &gt; <\/li>\n<li>POSICI\u00d3N: TRASERA<\/li>\n<\/ul>\n<p>A3 Sportback (8PA) 2.0 TFSI:<\/p>\n<ul>\n<li>kilovatios: 147<\/li>\n<li>DESDE &gt; HASTA: 2004 &gt; 2013<\/li>\n<li>POSICI\u00d3N: TRASERA<\/li>\n<\/ul>\n<p>A3 Sportback (8PA) 2.0 TFSI quattro:<\/p>\n<ul>\n<li>kilovatios: 147<\/li>\n<li>DESDE &gt; HASTA: 2004 &gt; 2013<\/li>\n<li>POSICI\u00d3N: TRASERA<\/li>\n<\/ul>\n<\/details>\n<details>\n<summary>SEAT<\/summary>\n<p>Le\u00f3n (1P1) 2.0 TDi 16v:<\/p>\n<ul>\n<li>kilovatios: 125<\/li>\n<li>DESDE &gt; HASTA: 2006 &gt; 2010<\/li>\n<li>POSICI\u00d3N: TRASERA<\/li>\n<\/ul>\n<p>Le\u00f3n (1P1) 2.0 TSi 16v:<\/p>\n<ul>\n<li>kilovatios: 147<\/li>\n<li>DESDE &gt; HASTA: 2005 &gt; 2009<\/li>\n<li>POSICI\u00d3N: TRASERA<\/li>\n<\/ul>\n<p>Le\u00f3n (1P1) 2.0 FSi 16v:<\/p>\n<ul>\n<li>kilovatios: 110<\/li>\n<li>DESDE &gt; HASTA: 2005 &gt; 2010<\/li>\n<li>POSICI\u00d3N: TRASERA<\/li>\n<\/ul>\n<p>Le\u00f3n (1P1) 2.0 TFSi 16v:<\/p>\n<ul>\n<li>kilovatios: 136<\/li>\n<li>DESDE &gt; HASTA: 2005 &gt; 2006<\/li>\n<li>POSICI\u00d3N: TRASERA<\/li>\n<\/ul>\n<p>LEON (1P1) 2.0 Cupra R:<\/p>\n<ul>\n<li>kilovatios: 195<\/li>\n<li>DESDE &gt; HASTA: 2009 &gt; <\/li>\n<li>POSICI\u00d3N: TRASERA<\/li>\n<\/ul>\n<\/details>\n<details>\n<summary>SKODA<\/summary>\n<p>Octavia 1.4 TSi 16v (1Z3,1Z5):<\/p>\n<ul>\n<li>kilovatios: 90<\/li>\n<li>DESDE &gt; HASTA: 2008 &gt; <\/li>\n<li>POSICI\u00d3N: TRASERA<\/li>\n<\/ul>\n<p>Magn\u00edfico 1.4 TFSi 16v (3T4):<\/p>\n<ul>\n<li>kilovatios: 92<\/li>\n<li>DESDE &gt; HASTA: 2008 &gt; <\/li>\n<li>POSICI\u00d3N: TRASERA<\/li>\n<\/ul>\n<p>Magn\u00edfico 1.4 TFSi 16v (3T5):<\/p>\n<ul>\n<li>kilovatios: 92<\/li>\n<li>DESDE &gt; HASTA: 2008 &gt; <\/li>\n<li>POSICI\u00d3N: TRASERA<\/li>\n<\/ul>\n<p>Octavia 1.6 8v (1Z3,1Z5):<\/p>\n<ul>\n<li>kilovatios: 75<\/li>\n<li>DESDE &gt; HASTA: 2004 &gt; <\/li>\n<li>POSICI\u00d3N: TRASERA<\/li>\n<\/ul>\n<p>Octavia 1.6 FSi 8v (1Z5):<\/p>\n<ul>\n<li>kilovatios: 75<\/li>\n<li>DESDE &gt; HASTA: 2004 &gt; <\/li>\n<li>POSICI\u00d3N: TRASERA<\/li>\n<\/ul>\n<p>Octavia 1.6 Multicombustible 8v (1Z3,1Z5):<\/p>\n<ul>\n<li>kilovatios: 75<\/li>\n<li>DESDE &gt; HASTA: 2007 &gt; 2010<\/li>\n<li>POSICI\u00d3N: TRASERA<\/li>\n<\/ul>\n<p>Octavia 1.6 TDi 16v (1Z5):<\/p>\n<ul>\n<li>kilovatios: 77<\/li>\n<li>DESDE &gt; HASTA: 2009 &gt; <\/li>\n<li>POSICI\u00d3N: TRASERA<\/li>\n<\/ul>\n<p>Magn\u00edfico 1.6 TDi 16v (3T4):<\/p>\n<ul>\n<li>kilovatios: 77<\/li>\n<li>DESDE &gt; HASTA: 2010 &gt; <\/li>\n<li>POSICI\u00d3N: TRASERA<\/li>\n<\/ul>\n<p>Magn\u00edfico 1.6 TDi 16v (3T5):<\/p>\n<ul>\n<li>kilovatios: 77<\/li>\n<li>DESDE &gt; HASTA: 2010 &gt; <\/li>\n<li>POSICI\u00d3N: TRASERA<\/li>\n<\/ul>\n<p>Yeti 1.6 TDi 16v (5L7):<\/p>\n<ul>\n<li>kilovatios: 77<\/li>\n<li>DESDE &gt; HASTA: 2010 &gt; <\/li>\n<li>POSICI\u00d3N: TRASERA<\/li>\n<\/ul>\n<p>Octavia 1.8 FSi\/TSi 16v (1Z3,1Z5):<\/p>\n<ul>\n<li>kilovatios: 118<\/li>\n<li>DESDE &gt; HASTA: 2007 &gt; <\/li>\n<li>POSICI\u00d3N: TRASERA<\/li>\n<\/ul>\n<p>Octavia 1.8 TSi 16v (1Z5,1Z5):<\/p>\n<ul>\n<li>kilovatios: 118<\/li>\n<li>DESDE &gt; HASTA: 2008 &gt; <\/li>\n<li>POSICI\u00d3N: TRASERA<\/li>\n<\/ul>\n<p>Octavia 1.8 TFSi 16v (1Z3,1Z5):<\/p>\n<ul>\n<li>kilovatios: 112<\/li>\n<li>DESDE &gt; HASTA: 2009 &gt; <\/li>\n<li>POSICI\u00d3N: TRASERA<\/li>\n<\/ul>\n<p>Octavia Scout 1.8 TSi 16v (4\u00d74):<\/p>\n<ul>\n<li>kilovatios: 118<\/li>\n<li>DESDE &gt; HASTA: 2008 &gt; <\/li>\n<li>POSICI\u00d3N: TRASERA<\/li>\n<\/ul>\n<p>Octavia Scout 1.8 TFSi 16v (4x4):<\/p>\n<ul>\n<li>kilovatios: 112<\/li>\n<li>DESDE &gt; HASTA: 2009 &gt; <\/li>\n<li>POSICI\u00d3N: TRASERA<\/li>\n<\/ul>\n<p>Magn\u00edfico 1.8 FSi\/TSi 16v (3T4):<\/p>\n<ul>\n<li>kilovatios: 118<\/li>\n<li>DESDE &gt; HASTA: 2008 &gt; <\/li>\n<li>POSICI\u00d3N: TRASERA<\/li>\n<\/ul>\n<p>Magn\u00edfico 1.8 TFSi 16v (3T4):<\/p>\n<ul>\n<li>kilovatios: 112<\/li>\n<li>DESDE &gt; HASTA: 2009 &gt; <\/li>\n<li>POSICI\u00d3N: TRASERA<\/li>\n<\/ul>\n<p>Magn\u00edfico 1.8 TFSi 16v (3T5):<\/p>\n<ul>\n<li>kilovatios: 112<\/li>\n<li>DESDE &gt; HASTA: 2009 &gt; <\/li>\n<li>POSICI\u00d3N: TRASERA<\/li>\n<\/ul>\n<p>Magn\u00edfico 1.8 TSi 16v (3T5):<\/p>\n<ul>\n<li>kilovatios: 118<\/li>\n<li>DESDE &gt; HASTA: 2009 &gt; <\/li>\n<li>POSICI\u00d3N: TRASERA<\/li>\n<\/ul>\n<p>Yeti 1.8 TSi 16v (4x4):<\/p>\n<ul>\n<li>kilovatios: 118<\/li>\n<li>DESDE &gt; HASTA: 2009 &gt; <\/li>\n<li>POSICI\u00d3N: TRASERA<\/li>\n<\/ul>\n<p>Yeti 1.8 TFSi 16v (4x4):<\/p>\n<ul>\n<li>kilovatios: 112<\/li>\n<li>DESDE &gt; HASTA: 2009 &gt; <\/li>\n<li>POSICI\u00d3N: TRASERA<\/li>\n<\/ul>\n<p>Octavia 1.9 TDi 8v (1Z5):<\/p>\n<ul>\n<li>kilovatios: 77<\/li>\n<li>DESDE &gt; HASTA: 2004 &gt; 2010<\/li>\n<li>POSICI\u00d3N: TRASERA<\/li>\n<\/ul>\n<p>Octavia 1.9 TDi (4\u00d74):<\/p>\n<ul>\n<li>kilovatios: 77<\/li>\n<li>DESDE &gt; HASTA: 2004 &gt; 2010<\/li>\n<li>POSICI\u00d3N: TRASERA<\/li>\n<\/ul>\n<p>Magn\u00edfico 1.9 TDi 8v (3T4):<\/p>\n<ul>\n<li>kilovatios: 77<\/li>\n<li>DESDE &gt; HASTA: 2008 &gt; <\/li>\n<li>POSICI\u00d3N: TRASERA<\/li>\n<\/ul>\n<p>Magn\u00edfico 1.9 TDi 8v (3T5):<\/p>\n<ul>\n<li>kilovatios: 77<\/li>\n<li>DESDE &gt; HASTA: 2008 &gt; <\/li>\n<li>POSICI\u00d3N: TRASERA<\/li>\n<\/ul>\n<p>Octavia 2.0 16v (1Z3,1Z5):<\/p>\n<ul>\n<li>kilovatios: 100<\/li>\n<li>DESDE &gt; HASTA: 2004 &gt; 2010<\/li>\n<li>POSICI\u00d3N: TRASERA<\/li>\n<\/ul>\n<p>Octavia 2.0 TDi 16v (1Z3,1Z5):<\/p>\n<ul>\n<li>kilovatios: 103<\/li>\n<li>DESDE &gt; HASTA: 2004 &gt; <\/li>\n<li>POSICI\u00d3N: TRASERA<\/li>\n<\/ul>\n<p>Octavia 2.0 TDi 8v (1Z3,1Z5):<\/p>\n<ul>\n<li>kilovatios: 103<\/li>\n<li>DESDE &gt; HASTA: 2005 &gt; 2010<\/li>\n<li>POSICI\u00d3N: TRASERA<\/li>\n<\/ul>\n<p>Octavia 2.0 TDi 16v (1Z3, 1Z5):<\/p>\n<ul>\n<li>kilovatios: 125<\/li>\n<li>DESDE &gt; HASTA: 2006 &gt; <\/li>\n<li>POSICI\u00d3N: TRASERA<\/li>\n<\/ul>\n<p>Octavia 2.0 TDi 16v (1Z3,1Z5):<\/p>\n<ul>\n<li>kilovatios: 81<\/li>\n<li>DESDE &gt; HASTA: 2010 &gt; <\/li>\n<li>POSICI\u00d3N: TRASERA<\/li>\n<\/ul>\n<p>Octavia Scout 2.0 TDi 8v (1Z5):<\/p>\n<ul>\n<li>kilovatios: 103<\/li>\n<li>DESDE &gt; HASTA: 2006 &gt; 2010<\/li>\n<li>POSICI\u00d3N: TRASERA<\/li>\n<\/ul>\n<p>Magn\u00edfico 2.0 TDi 8v (3T4):<\/p>\n<ul>\n<li>kilovatios: 103<\/li>\n<li>DESDE &gt; HASTA: 2008 &gt; 2010<\/li>\n<li>POSICI\u00d3N: TRASERA<\/li>\n<\/ul>\n<p>Magn\u00edfico 2.0 TDi 8v (3T5):<\/p>\n<ul>\n<li>kilovatios: 103<\/li>\n<li>DESDE &gt; HASTA: 2008 &gt; 2010<\/li>\n<li>POSICI\u00d3N: TRASERA<\/li>\n<\/ul>\n<p>Magn\u00edfico 2.0 TDi 16v (3T4):<\/p>\n<ul>\n<li>kilovatios: 125<\/li>\n<li>DESDE &gt; HASTA: 2008 &gt; <\/li>\n<li>POSICI\u00d3N: TRASERA<\/li>\n<\/ul>\n<p>Magn\u00edfico 2.0 TDi 16v (3T5):<\/p>\n<ul>\n<li>kilovatios: 125<\/li>\n<li>DESDE &gt; HASTA: 2008 &gt; <\/li>\n<li>POSICI\u00d3N: TRASERA<\/li>\n<\/ul>\n<p>Magn\u00edfico 2.0 TDi 16v (3T4):<\/p>\n<ul>\n<li>kilovatios: 103<\/li>\n<li>DESDE &gt; HASTA: 2009 &gt; <\/li>\n<li>POSICI\u00d3N: TRASERA<\/li>\n<\/ul>\n<p>Magn\u00edfico 2.0 TDi 16v (3T5):<\/p>\n<ul>\n<li>kilovatios: 103<\/li>\n<li>DESDE &gt; HASTA: 2009 &gt; <\/li>\n<li>POSICI\u00d3N: TRASERA<\/li>\n<\/ul>\n<p>Yeti 2.0 TDi 16v (4x4):<\/p>\n<ul>\n<li>kilovatios: 103<\/li>\n<li>DESDE &gt; HASTA: 2009 &gt; <\/li>\n<li>POSICI\u00d3N: TRASERA<\/li>\n<\/ul>\n<p>Yeti 2.0 TDi 16v (5L7):<\/p>\n<ul>\n<li>kilovatios: 103<\/li>\n<li>DESDE &gt; HASTA: 2009 &gt; <\/li>\n<li>POSICI\u00d3N: TRASERA<\/li>\n<\/ul>\n<p>Yeti 2.0 TDi 16v (4x4):<\/p>\n<ul>\n<li>kilovatios: 125<\/li>\n<li>DESDE &gt; HASTA: 2009 &gt; <\/li>\n<li>POSICI\u00d3N: TRASERA<\/li>\n<\/ul>\n<p>Yeti 2.0 TDi 16v (4x4):<\/p>\n<ul>\n<li>kilovatios: 81<\/li>\n<li>DESDE &gt; HASTA: 2009 &gt; <\/li>\n<li>POSICI\u00d3N: TRASERA<\/li>\n<\/ul>\n<p>Yeti 2.0 TDi 16v (5L7):<\/p>\n<ul>\n<li>kilovatios: 81<\/li>\n<li>DESDE &gt; HASTA: 2009 &gt; <\/li>\n<li>POSICI\u00d3N: TRASERA<\/li>\n<\/ul>\n<p>Octavia 2.0 TFSi\/TSi 16v (1Z3,1Z5):<\/p>\n<ul>\n<li>kilovatios: 147<\/li>\n<li>DESDE &gt; HASTA: 2005 &gt; <\/li>\n<li>POSICI\u00d3N: TRASERA<\/li>\n<\/ul>\n<\/details>\n<details>\n<summary>VOLKSWAGEN<\/summary>\n<p>GOLF VI Cabrio (517) 1.2 TSI:<\/p>\n<ul>\n<li>kilovatios: 77<\/li>\n<li>DESDE &gt; HASTA: 2011 &gt; 2013<\/li>\n<li>POSICI\u00d3N: TRASERA<\/li>\n<\/ul>\n<p>GOLF VI Descapotable (517) 1.4 TSI:<\/p>\n<ul>\n<li>kilovatios: 118<\/li>\n<li>DESDE &gt; HASTA: 2011 &gt; <\/li>\n<li>POSICI\u00d3N: TRASERA<\/li>\n<\/ul>\n<p>GOLF VI Descapotable (517) 1.4 TSI:<\/p>\n<ul>\n<li>kilovatios: 90<\/li>\n<li>DESDE &gt; HASTA: 2011 &gt; <\/li>\n<li>POSICI\u00d3N: TRASERA<\/li>\n<\/ul>\n<p>Jetta (III) 1.4 TSi 16v (1K2):<\/p>\n<ul>\n<li>kilovatios: 103<\/li>\n<li>DESDE &gt; HASTA: 2006 &gt; 2008<\/li>\n<li>POSICI\u00d3N: TRASERA<\/li>\n<\/ul>\n<p>Jetta (III) 1.4 TSi 16v (1K2):<\/p>\n<ul>\n<li>kilovatios: 125<\/li>\n<li>DESDE &gt; HASTA: 2006 &gt; 2008<\/li>\n<li>POSICI\u00d3N: TRASERA<\/li>\n<\/ul>\n<p>Jetta (III) 1.4 TSi 16v (1K2):<\/p>\n<ul>\n<li>kilovatios: 90<\/li>\n<li>DESDE &gt; HASTA: 2007 &gt; 2010<\/li>\n<li>POSICI\u00d3N: TRASERA<\/li>\n<\/ul>\n<p>Jetta (III) 1.4 TSi 16v (1K2):<\/p>\n<ul>\n<li>kilovatios: 118<\/li>\n<li>DESDE &gt; HASTA: 2008 &gt; 2010<\/li>\n<li>POSICI\u00d3N: TRASERA<\/li>\n<\/ul>\n<p>Jetta (IV) 1.4 TSi 16v (162):<\/p>\n<ul>\n<li>kilovatios: 118<\/li>\n<li>DESDE &gt; HASTA: 2011 &gt; <\/li>\n<li>POSICI\u00d3N: TRASERA<\/li>\n<\/ul>\n<p>PASSAT (362) 1.4 TSI:<\/p>\n<ul>\n<li>kilovatios: 90<\/li>\n<li>DESDE &gt; HASTA: 2010 &gt; <\/li>\n<li>POSICI\u00d3N: TRASERA<\/li>\n<\/ul>\n<p>PASSAT Variante (365) 1.4 TSI:<\/p>\n<ul>\n<li>kilovatios: 90<\/li>\n<li>DESDE &gt; HASTA: 2010 &gt; <\/li>\n<li>POSICI\u00d3N: TRASERA<\/li>\n<\/ul>\n<p>SCIROCCO (137, 138) 1.4 ETI:<\/p>\n<ul>\n<li>kilovatios: 118<\/li>\n<li>DESDE &gt; HASTA: 2008 &gt; <\/li>\n<li>POSICI\u00d3N: TRASERA<\/li>\n<\/ul>\n<p>SCIROCCO (137, 138) 1.4 ETI:<\/p>\n<ul>\n<li>kilovatios: 90<\/li>\n<li>DESDE &gt; HASTA: 2008 &gt; <\/li>\n<li>POSICI\u00d3N: TRASERA<\/li>\n<\/ul>\n<p>Touran 1.4 TSi 16v (1T1\/1T2, 1T3):<\/p>\n<ul>\n<li>kilovatios: 103<\/li>\n<li>DESDE &gt; HASTA: 2006 &gt; <\/li>\n<li>POSICI\u00d3N: TRASERA<\/li>\n<\/ul>\n<p>Touran 1.4 TSi 16v (1T3):<\/p>\n<ul>\n<li>kilovatios: 125<\/li>\n<li>DESDE &gt; HASTA: 2010 &gt; <\/li>\n<li>POSICI\u00d3N: TRASERA<\/li>\n<\/ul>\n<p>GOLF VI Cabrio (517) 1.6 TDI:<\/p>\n<ul>\n<li>kilovatios: 77<\/li>\n<li>DESDE &gt; HASTA: 2011 &gt; <\/li>\n<li>POSICI\u00d3N: TRASERA<\/li>\n<\/ul>\n<p>Jetta (III) 1.6 FSi 16v (1K2):<\/p>\n<ul>\n<li>kilovatios: 85<\/li>\n<li>DESDE &gt; HASTA: 2005 &gt; 2008<\/li>\n<li>POSICI\u00d3N: TRASERA<\/li>\n<\/ul>\n<p>PASSAT (362) 1.6 TDI:<\/p>\n<ul>\n<li>kilovatios: 77<\/li>\n<li>DESDE &gt; HASTA: 2010 &gt; <\/li>\n<li>POSICI\u00d3N: TRASERA<\/li>\n<\/ul>\n<p>PASSAT Variante (365) 1.6 TDI:<\/p>\n<ul>\n<li>kilovatios: 77<\/li>\n<li>DESDE &gt; HASTA: 2010 &gt; <\/li>\n<li>POSICI\u00d3N: TRASERA<\/li>\n<\/ul>\n<p>PASSAT (362) 1.8 TSI:<\/p>\n<ul>\n<li>kilovatios: 118<\/li>\n<li>DESDE &gt; HASTA: 2010 &gt; <\/li>\n<li>POSICI\u00d3N: TRASERA<\/li>\n<\/ul>\n<p>PASSAT ALLTRACK (365) 1.8 TSI:<\/p>\n<ul>\n<li>kilovatios: 112<\/li>\n<li>DESDE &gt; HASTA: 2012 &gt; <\/li>\n<li>POSICI\u00d3N: TRASERA<\/li>\n<\/ul>\n<p>PASSAT ALLTRACK (365) 1.8 TSI:<\/p>\n<ul>\n<li>kilovatios: 118<\/li>\n<li>DESDE &gt; HASTA: 2012 &gt; <\/li>\n<li>POSICI\u00d3N: TRASERA<\/li>\n<\/ul>\n<p>Variante PASSAT (365) 1.8 TSI:<\/p>\n<ul>\n<li>kilovatios: 118<\/li>\n<li>DESDE &gt; HASTA: 2010 &gt; <\/li>\n<li>POSICI\u00d3N: TRASERA<\/li>\n<\/ul>\n<p>Caddy (III) 2.0 TDi 16v (2CA,2CB):<\/p>\n<ul>\n<li>kilovatios: 81<\/li>\n<li>DESDE &gt; HASTA: 2010 &gt; <\/li>\n<li>POSICI\u00d3N: TRASERA<\/li>\n<\/ul>\n<p>Caddy (IV) 2.0 TDi 16v (2CA,2CB):<\/p>\n<ul>\n<li>kilovatios: 103<\/li>\n<li>DESDE &gt; HASTA: 2010 &gt; <\/li>\n<li>POSICI\u00d3N: TRASERA<\/li>\n<\/ul>\n<p>Caddy Maxi (IV) 2.0 TDi 16v (2CH,2CJ):<\/p>\n<ul>\n<li>kilovatios: 81<\/li>\n<li>DESDE &gt; HASTA: 2010 &gt; <\/li>\n<li>POSICI\u00d3N: TRASERA<\/li>\n<\/ul>\n<p>Caddy Maxi (IV) 2.0 TDi 16v (2CH,2CJ):<\/p>\n<ul>\n<li>kilovatios: 103<\/li>\n<li>DESDE &gt; HASTA: 2010 &gt; <\/li>\n<li>POSICI\u00d3N: TRASERA<\/li>\n<\/ul>\n<p>Golf VI (5K1) 2.0 TDi 16v:<\/p>\n<ul>\n<li>kilovatios: 125<\/li>\n<li>DESDE &gt; HASTA: 2009 &gt; <\/li>\n<li>POSICI\u00d3N: TRASERA<\/li>\n<\/ul>\n<p>GOLF VI Descapotable (517) 2.0 TDI:<\/p>\n<ul>\n<li>kilovatios: 103<\/li>\n<li>DESDE &gt; HASTA: 2011 &gt; <\/li>\n<li>POSICI\u00d3N: TRASERA<\/li>\n<\/ul>\n<p>Variante Golf VI (AJ5) 2.0 TDi 16v:<\/p>\n<ul>\n<li>kilovatios: 81<\/li>\n<li>DESDE &gt; HASTA: 2010 &gt; <\/li>\n<li>POSICI\u00d3N: TRASERA<\/li>\n<\/ul>\n<p>Jetta (III) 2.0 TDi 16v (1K2):<\/p>\n<ul>\n<li>kilovatios: 103<\/li>\n<li>DESDE &gt; HASTA: 2005 &gt; 2010<\/li>\n<li>POSICI\u00d3N: TRASERA<\/li>\n<\/ul>\n<p>Jetta (III) 2.0 TDi 16v (1K2):<\/p>\n<ul>\n<li>kilovatios: 100<\/li>\n<li>DESDE &gt; HASTA: 2005 &gt; 2010<\/li>\n<li>POSICI\u00d3N: TRASERA<\/li>\n<\/ul>\n<p>Jetta (III) 2.0 TDi 8v (1K2):<\/p>\n<ul>\n<li>kilovatios: 103<\/li>\n<li>DESDE &gt; HASTA: 2005 &gt; 2008<\/li>\n<li>POSICI\u00d3N: TRASERA<\/li>\n<\/ul>\n<p>Jetta (III) 2.0 TDi 16v (1K2):<\/p>\n<ul>\n<li>kilovatios: 125<\/li>\n<li>DESDE &gt; HASTA: 2006 &gt; 2010<\/li>\n<li>POSICI\u00d3N: TRASERA<\/li>\n<\/ul>\n<p>Jetta (IV) 2.0 TDi 16v (162):<\/p>\n<ul>\n<li>kilovatios: 103<\/li>\n<li>DESDE &gt; HASTA: 2010 &gt; <\/li>\n<li>POSICI\u00d3N: TRASERA<\/li>\n<\/ul>\n<p>PASSAT (362) 2.0 TDI:<\/p>\n<ul>\n<li>kilovatios: 100<\/li>\n<li>DESDE &gt; HASTA: 2010 &gt; <\/li>\n<li>POSICI\u00d3N: TRASERA<\/li>\n<\/ul>\n<p>PASSAT (362) 2.0 TDI:<\/p>\n<ul>\n<li>kilovatios: 103<\/li>\n<li>DESDE &gt; HASTA: 2010 &gt; <\/li>\n<li>POSICI\u00d3N: TRASERA<\/li>\n<\/ul>\n<p>PASSAT (362) 2.0 TDI:<\/p>\n<ul>\n<li>kilovatios: 125<\/li>\n<li>DESDE &gt; HASTA: 2010 &gt; <\/li>\n<li>POSICI\u00d3N: TRASERA<\/li>\n<\/ul>\n<p>PASSAT (362) 2.0 TDI 4motion:<\/p>\n<ul>\n<li>kilovatios: 103<\/li>\n<li>DESDE &gt; HASTA: 2010 &gt; <\/li>\n<li>POSICI\u00d3N: TRASERA<\/li>\n<\/ul>\n<p>PASSAT (362) 2.0 TDI 4motion:<\/p>\n<ul>\n<li>kilovatios: 125<\/li>\n<li>DESDE &gt; HASTA: 2010 &gt; <\/li>\n<li>POSICI\u00d3N: TRASERA<\/li>\n<\/ul>\n<p>PASSAT ALLTRACK (365) 2.0 TDI:<\/p>\n<ul>\n<li>kilovatios: 103<\/li>\n<li>DESDE &gt; HASTA: 2012 &gt; <\/li>\n<li>POSICI\u00d3N: TRASERA<\/li>\n<\/ul>\n<p>PASSAT ALLTRACK (365) 2.0 TDI 4motion:<\/p>\n<ul>\n<li>kilovatios: 103<\/li>\n<li>DESDE &gt; HASTA: 2012 &gt; <\/li>\n<li>POSICI\u00d3N: TRASERA<\/li>\n<\/ul>\n<p>PASSAT ALLTRACK (365) 2.0 TDI 4motion:<\/p>\n<ul>\n<li>kilovatios: 125<\/li>\n<li>DESDE &gt; HASTA: 2012 &gt; <\/li>\n<li>POSICI\u00d3N: TRASERA<\/li>\n<\/ul>\n<p>PASSAT ALLTRACK (365) 2.0 TDI 4motion:<\/p>\n<ul>\n<li>kilovatios: 130<\/li>\n<li>DESDE &gt; HASTA: 2013 &gt; <\/li>\n<li>POSICI\u00d3N: TRASERA<\/li>\n<\/ul>\n<p>PASSAT Variante (365) 2.0 TDI:<\/p>\n<ul>\n<li>kilovatios: 103<\/li>\n<li>DESDE &gt; HASTA: 2010 &gt; <\/li>\n<li>POSICI\u00d3N: TRASERA<\/li>\n<\/ul>\n<p>PASSAT Variante (365) 2.0 TDI:<\/p>\n<ul>\n<li>kilovatios: 125<\/li>\n<li>DESDE &gt; HASTA: 2010 &gt; <\/li>\n<li>POSICI\u00d3N: TRASERA<\/li>\n<\/ul>\n<p>PASSAT Variante (365) 2.0 TDI 4motion:<\/p>\n<ul>\n<li>kilovatios: 103<\/li>\n<li>DESDE &gt; HASTA: 2010 &gt; <\/li>\n<li>POSICI\u00d3N: TRASERA<\/li>\n<\/ul>\n<p>PASSAT Variante (365) 2.0 TDI 4motion:<\/p>\n<ul>\n<li>kilovatios: 125<\/li>\n<li>DESDE &gt; HASTA: 2010 &gt; <\/li>\n<li>POSICI\u00d3N: TRASERA<\/li>\n<\/ul>\n<p>SCIROCCO (137, 138) 2.0 TDI:<\/p>\n<ul>\n<li>kilovatios: 103<\/li>\n<li>DESDE &gt; HASTA: 2008 &gt; <\/li>\n<li>POSICI\u00d3N: TRASERA<\/li>\n<\/ul>\n<p>SCIROCCO (137, 138) 2.0 TDI:<\/p>\n<ul>\n<li>kilovatios: 125<\/li>\n<li>DESDE &gt; HASTA: 2009 &gt; <\/li>\n<li>POSICI\u00d3N: TRASERA<\/li>\n<\/ul>\n<p>SCIROCCO (137, 138) 2.0 TDI:<\/p>\n<ul>\n<li>kilovatios: 100<\/li>\n<li>DESDE &gt; HASTA: 2010 &gt; <\/li>\n<li>POSICI\u00d3N: TRASERA<\/li>\n<\/ul>\n<p>SCIROCCO (137, 138) 2.0 TDI:<\/p>\n<ul>\n<li>kilovatios: 130<\/li>\n<li>DESDE &gt; HASTA: 2013 &gt; <\/li>\n<li>POSICI\u00d3N: TRASERA<\/li>\n<\/ul>\n<p>SCIROCCO (137, 138) 2.0 TDI:<\/p>\n<ul>\n<li>kilovatios: 135<\/li>\n<li>DESDE &gt; HASTA: 2014 &gt; 2017<\/li>\n<li>POSICI\u00d3N: TRASERA<\/li>\n<\/ul>\n<p>Touran 2.0 TDi 16v (1T1\/1T2):<\/p>\n<ul>\n<li>kilovatios: 100<\/li>\n<li>DESDE &gt; HASTA: 2003 &gt; 2010<\/li>\n<li>POSICI\u00d3N: TRASERA<\/li>\n<\/ul>\n<p>Touran 2.0 TDi 16v (1T1\/1T2,1T3):<\/p>\n<ul>\n<li>kilovatios: 103<\/li>\n<li>DESDE &gt; HASTA: 2003 &gt; <\/li>\n<li>POSICI\u00d3N: TRASERA<\/li>\n<\/ul>\n<p>Touran 2.0 TDi 8v (1T1\/1T2):<\/p>\n<ul>\n<li>kilovatios: 103<\/li>\n<li>DESDE &gt; HASTA: 2005 &gt; 2010<\/li>\n<li>POSICI\u00d3N: TRASERA<\/li>\n<\/ul>\n<p>Touran 2.0 TDi 16v (1T3):<\/p>\n<ul>\n<li>kilovatios: 125<\/li>\n<li>DESDE &gt; HASTA: 2010 &gt; <\/li>\n<li>POSICI\u00d3N: TRASERA<\/li>\n<\/ul>\n<p>Touran 2.0 TDi 16v (1T3):<\/p>\n<ul>\n<li>kilovatios: 81<\/li>\n<li>DESDE &gt; HASTA: 2010 &gt; <\/li>\n<li>POSICI\u00d3N: TRASERA<\/li>\n<\/ul>\n<p>EOS (1F7, 1F8) 2.0 TSi 16v (1F8):<\/p>\n<ul>\n<li>kilovatios: 155<\/li>\n<li>DESDE &gt; HASTA: 2010 &gt; <\/li>\n<li>POSICI\u00d3N: TRASERA<\/li>\n<\/ul>\n<p>Golf VI (5K1) 2.0 GTi:<\/p>\n<ul>\n<li>kilovatios: 155<\/li>\n<li>DESDE &gt; HASTA: 2009 &gt; 2012<\/li>\n<li>POSICI\u00d3N: TRASERA<\/li>\n<\/ul>\n<p>GOLF VI (5K1) 2.0 GTi:<\/p>\n<ul>\n<li>kilovatios: 147<\/li>\n<li>DESDE &gt; HASTA: 2009 &gt; 2013<\/li>\n<li>POSICI\u00d3N: TRASERA<\/li>\n<\/ul>\n<p>GOLF VI Descapotable (517) 2.0 GTI:<\/p>\n<ul>\n<li>kilovatios: 155<\/li>\n<li>DESDE &gt; HASTA: 2011 &gt; <\/li>\n<li>POSICI\u00d3N: TRASERA<\/li>\n<\/ul>\n<p>GOLF VI Descapotable (517) 2.0 TSI:<\/p>\n<ul>\n<li>kilovatios: 162<\/li>\n<li>DESDE &gt; HASTA: 2013 &gt; <\/li>\n<li>POSICI\u00d3N: TRASERA<\/li>\n<\/ul>\n<p>Jetta (III) 2.0 FSi 16v (1K2):<\/p>\n<ul>\n<li>kilovatios: 110<\/li>\n<li>DESDE &gt; HASTA: 2005 &gt; 2008<\/li>\n<li>POSICI\u00d3N: TRASERA<\/li>\n<\/ul>\n<p>Jetta (III) 2.0 FSi\/TFSi 16v (1K2):<\/p>\n<ul>\n<li>kilovatios: 147<\/li>\n<li>DESDE &gt; HASTA: 2005 &gt; 2010<\/li>\n<li>POSICI\u00d3N: TRASERA<\/li>\n<\/ul>\n<p>Jetta (IV) 2.0 TFSi 16v (162):<\/p>\n<ul>\n<li>kilovatios: 147<\/li>\n<li>DESDE &gt; HASTA: 2010 &gt; <\/li>\n<li>POSICI\u00d3N: TRASERA<\/li>\n<\/ul>\n<p>PASSAT (362) 2.0 TSI:<\/p>\n<ul>\n<li>kilovatios: 155<\/li>\n<li>DESDE &gt; HASTA: 2010 &gt; <\/li>\n<li>POSICI\u00d3N: TRASERA<\/li>\n<\/ul>\n<p>PASSAT ALLTRACK (365) 2.0 TSI 4motion:<\/p>\n<ul>\n<li>kilovatios: 155<\/li>\n<li>DESDE &gt; HASTA: 2012 &gt; <\/li>\n<li>POSICI\u00d3N: TRASERA<\/li>\n<\/ul>\n<p>PASSAT Variante (365) 2.0 TSI:<\/p>\n<ul>\n<li>kilovatios: 155<\/li>\n<li>DESDE &gt; HASTA: 2010 &gt; <\/li>\n<li>POSICI\u00d3N: TRASERA<\/li>\n<\/ul>\n<p>SCIROCCO (137, 138) 2.0 TSI:<\/p>\n<ul>\n<li>kilovatios: 147<\/li>\n<li>DESDE &gt; HASTA: 2008 &gt; 2009<\/li>\n<li>POSICI\u00d3N: TRASERA<\/li>\n<\/ul>\n<p>SCIROCCO (137, 138) 2.0 R:<\/p>\n<ul>\n<li>kilovatios: 195<\/li>\n<li>DESDE &gt; HASTA: 2009 &gt; 2017<\/li>\n<li>POSICI\u00d3N: TRASERA<\/li>\n<\/ul>\n<p>SCIROCCO (137, 138) 2.0 R:<\/p>\n<ul>\n<li>kilovatios: 188<\/li>\n<li>DESDE &gt; HASTA: 2009 &gt; 2017<\/li>\n<li>POSICI\u00d3N: TRASERA<\/li>\n<\/ul>\n<p>SCIROCCO (137, 138) 2.0 TSI:<\/p>\n<ul>\n<li>kilovatios: 155<\/li>\n<li>DESDE &gt; HASTA: 2009 &gt; 2011<\/li>\n<li>POSICI\u00d3N: TRASERA<\/li>\n<\/ul>\n<p>SCIROCCO (137, 138) 2.0 TSI:<\/p>\n<ul>\n<li>kilovatios: 162<\/li>\n<li>DESDE &gt; HASTA: 2013 &gt; 2017<\/li>\n<li>POSICI\u00d3N: TRASERA<\/li>\n<\/ul>\n<p>Jetta (III) 2.5 FSi 20v (1K2):<\/p>\n<ul>\n<li>kilovatios: 110<\/li>\n<li>DESDE &gt; HASTA: 2005 &gt; 2008<\/li>\n<li>POSICI\u00d3N: TRASERA<\/li>\n<\/ul>\n<p>Jetta (III) 2.5 20v (1K2):<\/p>\n<ul>\n<li>kilovatios: 125<\/li>\n<li>DESDE &gt; HASTA: 2007 &gt; 2010<\/li>\n<li>POSICI\u00d3N: TRASERA<\/li>\n<\/ul>\n<p>PASSAT (362) 3.6 FSI 4motion:<\/p>\n<ul>\n<li>kilovatios: 220<\/li>\n<li>DESDE &gt; HASTA: 2011 &gt; <\/li>\n<li>POSICI\u00d3N: TRASERA<\/li>\n<\/ul>\n<p>PASSAT Variante (365) 3.6 FSI 4motion:<\/p>\n<ul>\n<li>kilovatios: 220<\/li>\n<li>DESDE &gt; HASTA: 2011 &gt; <\/li>\n<li>POSICI\u00d3N: TRASERA<\/li>\n<\/ul>\n<\/details>","protected":false},"excerpt":{"rendered":"<p><strong>FCP4316<\/strong><\/p>\n<p>\n<b>Compuesto: DS2500 <\/b><br \/>SIN CERTIFICACI\u00d3N R90 <a data-boundary=\"window\" data-toggle=\"tooltip\" data-trigger=\"hover focus click\" style=\"color:red;cursor:pointer\" title=\"Este compuesto no est\u00e1 recomendado para uso en carretera en aquellos pa\u00edses que requieren certificaci\u00f3n R90.\"><br \/>\n<i class=\"fas fa-info-circle\"><\/i><br \/>\n<\/a><br \/>Para: D\u00eda de pista, uso ligero en carreras, GT trasero<br \/>Temperatura de funcionamiento \u00f3ptima: 0\u00b0 a 500\u00b0C\n                                                                                                                                            <\/p>","protected":false},"featured_media":66683,"template":"","meta":{"_crdt_document":"","inline_featured_image":false},"product_brand":[],"product_cat":[116],"product_tag":[],"class_list":{"0":"post-31356","1":"product","2":"type-product","3":"status-publish","4":"has-post-thumbnail","6":"product_cat-brake-pads","8":"first","9":"instock","10":"taxable","11":"shipping-taxable","12":"purchasable","13":"product-type-simple"},"supplier_id":null,"supplier_sku":"","barcode":null,"atum_controlled":true,"out_stock_date":null,"out_stock_threshold":null,"inheritable":false,"inbound_stock":null,"stock_on_hold":null,"sold_today":null,"sales_last_days":null,"reserved_stock":null,"customer_returns":null,"warehouse_damage":null,"lost_in_post":null,"other_logs":null,"out_stock_days":null,"lost_sales":null,"has_location":null,"update_date":null,"atum_locations":[],"atum_stock_status":"instock","restock_status":false,"low_stock_amount":"","sales_update_date":null,"calc_backorders":null,"_links":{"self":[{"href":"https:\/\/revmatch.eu\/es\/wp-json\/wp\/v2\/product\/31356","targetHints":{"allow":["GET"]}}],"collection":[{"href":"https:\/\/revmatch.eu\/es\/wp-json\/wp\/v2\/product"}],"about":[{"href":"https:\/\/revmatch.eu\/es\/wp-json\/wp\/v2\/types\/product"}],"version-history":[{"count":0,"href":"https:\/\/revmatch.eu\/es\/wp-json\/wp\/v2\/product\/31356\/revisions"}],"wp:featuredmedia":[{"embeddable":true,"href":"https:\/\/revmatch.eu\/es\/wp-json\/wp\/v2\/media\/66683"}],"wp:attachment":[{"href":"https:\/\/revmatch.eu\/es\/wp-json\/wp\/v2\/media?parent=31356"}],"wp:term":[{"taxonomy":"product_brand","embeddable":true,"href":"https:\/\/revmatch.eu\/es\/wp-json\/wp\/v2\/product_brand?post=31356"},{"taxonomy":"product_cat","embeddable":true,"href":"https:\/\/revmatch.eu\/es\/wp-json\/wp\/v2\/product_cat?post=31356"},{"taxonomy":"product_tag","embeddable":true,"href":"https:\/\/revmatch.eu\/es\/wp-json\/wp\/v2\/product_tag?post=31356"}],"curies":[{"name":"wp","href":"https:\/\/api.w.org\/{rel}","templated":true}]}}