{"id":31401,"date":"2023-05-23T11:33:54","date_gmt":"2023-05-23T10:33:54","guid":{"rendered":"http:\/\/revmatch.eu\/product\/ferodo-racing-ds2500-fcp4430h\/"},"modified":"2026-04-22T10:34:34","modified_gmt":"2026-04-22T09:34:34","slug":"ferodo-racing-ds2500-fcp4430h","status":"publish","type":"product","link":"https:\/\/revmatch.eu\/es\/product\/ferodo-racing-ds2500-fcp4430h\/","title":{"rendered":"Ferodo Racing DS2500 \u2013 FCP4430H"},"content":{"rendered":"<p><strong>FCP4430<\/strong><\/p>\n<p>\n<b>Compuesto: DS2500 <\/b><br \/>SIN CERTIFICACI\u00d3N R90 <a data-boundary=\"window\" data-toggle=\"tooltip\" data-trigger=\"hover focus click\" style=\"color:red;cursor:pointer\" title=\"Este compuesto no est\u00e1 recomendado para uso en carretera en aquellos pa\u00edses que requieren certificaci\u00f3n R90.\"><br \/>\n<i class=\"fas fa-info-circle\"><\/i><br \/>\n<\/a><br \/>Para: D\u00eda de pista, uso ligero en carreras, GT trasero<br \/>Temperatura de funcionamiento \u00f3ptima: 0\u00b0 a 500\u00b0C\n                                                                                                                                            <\/p>\n<p>&nbsp;<\/p>\n<p>Compatible con:<br \/>\n&nbsp;<\/p>\n<details>\n<summary>SUZUKI<\/summary>\n<p>Swift IV 1.2:<\/p>\n<ul>\n<li>kilovatios: 66<\/li>\n<li>DESDE &gt; HASTA: 2010 &gt; <\/li>\n<li>POSICI\u00d3N: TRASERA<\/li>\n<\/ul>\n<p>Swift IV 1.2:<\/p>\n<ul>\n<li>kilovatios: 69<\/li>\n<li>DESDE &gt; HASTA: 2010 &gt; <\/li>\n<li>POSICI\u00d3N: TRASERA<\/li>\n<\/ul>\n<p>Swift IV 1.2 4\u00d74:<\/p>\n<ul>\n<li>kilovatios: 66<\/li>\n<li>DESDE &gt; HASTA: 2010 &gt; <\/li>\n<li>POSICI\u00d3N: TRASERA<\/li>\n<\/ul>\n<p>Swift IV 1.2 4\u00d74:<\/p>\n<ul>\n<li>kilovatios: 69<\/li>\n<li>DESDE &gt; HASTA: 2010 &gt; <\/li>\n<li>POSICI\u00d3N: TRASERA<\/li>\n<\/ul>\n<p>Swift IV 1.3 DDiS:<\/p>\n<ul>\n<li>kilovatios: 55<\/li>\n<li>DESDE &gt; HASTA: 2010 &gt; <\/li>\n<li>POSICI\u00d3N: TRASERA<\/li>\n<\/ul>\n<p>Swift V (AZ) 1.4 Sport (ZC33S):<\/p>\n<ul>\n<li>kilovatios: 103<\/li>\n<li>DESDE &gt; HASTA: 2017 &gt; <\/li>\n<li>POSICI\u00d3N: TRASERA<\/li>\n<\/ul>\n<p>Swift IV 1.6:<\/p>\n<ul>\n<li>kilovatios: 100<\/li>\n<li>DESDE &gt; HASTA: 2012 &gt; <\/li>\n<li>POSICI\u00d3N: TRASERA<\/li>\n<\/ul>\n<\/details>","protected":false},"excerpt":{"rendered":"<p><strong>FCP4430<\/strong><\/p>\n<p>\n<b>Compuesto: DS2500 <\/b><br \/>SIN CERTIFICACI\u00d3N R90 <a data-boundary=\"window\" data-toggle=\"tooltip\" data-trigger=\"hover focus click\" style=\"color:red;cursor:pointer\" title=\"Este compuesto no est\u00e1 recomendado para uso en carretera en aquellos pa\u00edses que requieren certificaci\u00f3n R90.\"><br \/>\n<i class=\"fas fa-info-circle\"><\/i><br \/>\n<\/a><br \/>Para: D\u00eda de pista, uso ligero en carreras, GT trasero<br \/>Temperatura de funcionamiento \u00f3ptima: 0\u00b0 a 500\u00b0C\n                                                                                                                                            <\/p>","protected":false},"featured_media":66694,"template":"","meta":{"_crdt_document":"","inline_featured_image":false},"product_brand":[467],"product_cat":[116],"product_tag":[],"class_list":{"0":"post-31401","1":"product","2":"type-product","3":"status-publish","4":"has-post-thumbnail","6":"product_brand-ferodo-racing","7":"product_cat-brake-pads","9":"first","10":"instock","11":"sale","12":"taxable","13":"shipping-taxable","14":"purchasable","15":"product-type-simple"},"supplier_id":null,"supplier_sku":"","barcode":null,"atum_controlled":true,"out_stock_date":null,"out_stock_threshold":null,"inheritable":false,"inbound_stock":null,"stock_on_hold":null,"sold_today":null,"sales_last_days":null,"reserved_stock":null,"customer_returns":null,"warehouse_damage":null,"lost_in_post":null,"other_logs":null,"out_stock_days":null,"lost_sales":null,"has_location":null,"update_date":"2026-04-22T09:34:50","atum_locations":[],"atum_stock_status":"instock","restock_status":false,"low_stock_amount":"","sales_update_date":null,"calc_backorders":null,"_links":{"self":[{"href":"https:\/\/revmatch.eu\/es\/wp-json\/wp\/v2\/product\/31401","targetHints":{"allow":["GET"]}}],"collection":[{"href":"https:\/\/revmatch.eu\/es\/wp-json\/wp\/v2\/product"}],"about":[{"href":"https:\/\/revmatch.eu\/es\/wp-json\/wp\/v2\/types\/product"}],"version-history":[{"count":1,"href":"https:\/\/revmatch.eu\/es\/wp-json\/wp\/v2\/product\/31401\/revisions"}],"predecessor-version":[{"id":85428,"href":"https:\/\/revmatch.eu\/es\/wp-json\/wp\/v2\/product\/31401\/revisions\/85428"}],"wp:featuredmedia":[{"embeddable":true,"href":"https:\/\/revmatch.eu\/es\/wp-json\/wp\/v2\/media\/66694"}],"wp:attachment":[{"href":"https:\/\/revmatch.eu\/es\/wp-json\/wp\/v2\/media?parent=31401"}],"wp:term":[{"taxonomy":"product_brand","embeddable":true,"href":"https:\/\/revmatch.eu\/es\/wp-json\/wp\/v2\/product_brand?post=31401"},{"taxonomy":"product_cat","embeddable":true,"href":"https:\/\/revmatch.eu\/es\/wp-json\/wp\/v2\/product_cat?post=31401"},{"taxonomy":"product_tag","embeddable":true,"href":"https:\/\/revmatch.eu\/es\/wp-json\/wp\/v2\/product_tag?post=31401"}],"curies":[{"name":"wp","href":"https:\/\/api.w.org\/{rel}","templated":true}]}}