{"id":31416,"date":"2023-05-23T11:34:28","date_gmt":"2023-05-23T10:34:28","guid":{"rendered":"http:\/\/revmatch.eu\/product\/ferodo-racing-ds2500-fcp4468h\/"},"modified":"2024-06-12T22:11:55","modified_gmt":"2024-06-12T21:11:55","slug":"ferodo-racing-ds2500-fcp4468h","status":"publish","type":"product","link":"https:\/\/revmatch.eu\/es\/producto\/ferodo-racing-ds2500-fcp4468h\/","title":{"rendered":"Ferodo Racing DS2500 \u2013 FCP4468H"},"content":{"rendered":"<p><strong>FCP4468<\/strong><\/p>\n<p>\n<b>Compuesto: DS2500 <\/b><br \/>SIN CERTIFICACI\u00d3N R90 <a data-boundary=\"window\" data-toggle=\"tooltip\" data-trigger=\"hover focus click\" style=\"color:red;cursor:pointer\" title=\"Este compuesto no est\u00e1 recomendado para uso en carretera en aquellos pa\u00edses que requieren certificaci\u00f3n R90.\"><br \/>\n<i class=\"fas fa-info-circle\"><\/i><br \/>\n<\/a><br \/>Para: D\u00eda de pista, uso ligero en carreras, GT trasero<br \/>Temperatura de funcionamiento \u00f3ptima: 0\u00b0 a 500\u00b0C\n                                                                                                                                            <\/p>\n<p>&nbsp;<\/p>\n<p>Compatible con:<br \/>\n&nbsp;<\/p>\n<details>\n<summary>AUDI<\/summary>\n<p>A8 (4H_) 2.0 TFSI h\u00edbrido:<\/p>\n<ul>\n<li>kilovatios: 155<\/li>\n<li>DESDE &gt; HASTA: 2012 &gt; <\/li>\n<li>POSICI\u00d3N: DELANTERO<\/li>\n<\/ul>\n<p>A8 (4H_) 3.0 TDI quattro:<\/p>\n<ul>\n<li>kilovatios: 184<\/li>\n<li>DESDE &gt; HASTA: 2010 &gt; <\/li>\n<li>POSICI\u00d3N: DELANTERO<\/li>\n<\/ul>\n<p>A8 (4H_) 3.0 TDI quattro:<\/p>\n<ul>\n<li>kilovatios: 155<\/li>\n<li>DESDE &gt; HASTA: 2010 &gt; <\/li>\n<li>POSICI\u00d3N: DELANTERO<\/li>\n<\/ul>\n<p>A8 (4H_) 3.0 TDI:<\/p>\n<ul>\n<li>kilovatios: 150<\/li>\n<li>DESDE &gt; HASTA: 2011 &gt; <\/li>\n<li>POSICI\u00d3N: DELANTERO<\/li>\n<\/ul>\n<p>A8 (4H_) 3.0 TDI quattro:<\/p>\n<ul>\n<li>kilovatios: 193<\/li>\n<li>DESDE &gt; HASTA: 2015 &gt; <\/li>\n<li>POSICI\u00d3N: DELANTERO<\/li>\n<\/ul>\n<p>A8 (4H_) 3.0 TFSI quattro:<\/p>\n<ul>\n<li>kilovatios: 245<\/li>\n<li>DESDE &gt; HASTA: 2010 &gt; <\/li>\n<li>POSICI\u00d3N: DELANTERO<\/li>\n<\/ul>\n<p>A8 (4H_) 3.0 TFSI quattro:<\/p>\n<ul>\n<li>kilovatios: 213<\/li>\n<li>DESDE &gt; HASTA: 2010 &gt; <\/li>\n<li>POSICI\u00d3N: DELANTERO<\/li>\n<\/ul>\n<p>A8 (4H_) 3.0 TFSI quattro:<\/p>\n<ul>\n<li>kilovatios: 228<\/li>\n<li>DESDE &gt; HASTA: 2011 &gt; <\/li>\n<li>POSICI\u00d3N: DELANTERO<\/li>\n<\/ul>\n<p>A6 (4G2, C7, 4GC) S6 quattro:<\/p>\n<ul>\n<li>kilovatios: 309<\/li>\n<li>DESDE &gt; HASTA: 2012 &gt; <\/li>\n<li>POSICI\u00d3N: DELANTERO<\/li>\n<\/ul>\n<p>A6 (4G2, C7, 4GC) S6 quattro:<\/p>\n<ul>\n<li>kilovatios: 331<\/li>\n<li>DESDE &gt; HASTA: 2014 &gt; <\/li>\n<li>POSICI\u00d3N: DELANTERO<\/li>\n<\/ul>\n<p>A6 Avant (4G5, C7, 4GD) S6 quattro:<\/p>\n<ul>\n<li>kilovatios: 309<\/li>\n<li>DESDE &gt; HASTA: 2012 &gt; <\/li>\n<li>POSICI\u00d3N: DELANTERO<\/li>\n<\/ul>\n<p>A6 Avant (4G5, C7, 4GD) S6 quattro:<\/p>\n<ul>\n<li>kilovatios: 331<\/li>\n<li>DESDE &gt; HASTA: 2014 &gt; <\/li>\n<li>POSICI\u00d3N: DELANTERO<\/li>\n<\/ul>\n<p>A7 Sportback (4GA, 4GF) S7 quattro:<\/p>\n<ul>\n<li>kilovatios: 309<\/li>\n<li>DESDE &gt; HASTA: 2012 &gt; <\/li>\n<li>POSICI\u00d3N: DELANTERO<\/li>\n<\/ul>\n<p>A7 Sportback (4GA, 4GF) S7 quattro:<\/p>\n<ul>\n<li>kilovatios: 331<\/li>\n<li>DESDE &gt; HASTA: 2014 &gt; <\/li>\n<li>POSICI\u00d3N: DELANTERO<\/li>\n<\/ul>\n<p>A8 (4H_) 4.0 TFSI quattro:<\/p>\n<ul>\n<li>kilovatios: 309<\/li>\n<li>DESDE &gt; HASTA: 2012 &gt; <\/li>\n<li>POSICI\u00d3N: DELANTERO<\/li>\n<\/ul>\n<p>A8 (4H_) S8 quattro:<\/p>\n<ul>\n<li>kilovatios: 382<\/li>\n<li>DESDE &gt; HASTA: 2012 &gt; <\/li>\n<li>POSICI\u00d3N: DELANTERO<\/li>\n<\/ul>\n<p>A8 (4H_) 4.2 TDI quattro:<\/p>\n<ul>\n<li>kilovatios: 258<\/li>\n<li>DESDE &gt; HASTA: 2009 &gt; <\/li>\n<li>POSICI\u00d3N: DELANTERO<\/li>\n<\/ul>\n<p>A8 (4H_) 4.2 FSI quattro:<\/p>\n<ul>\n<li>N\u00famero de serie: 273<\/li>\n<li>DESDE &gt; HASTA: 2009 &gt; <\/li>\n<li>POSICI\u00d3N: DELANTERO<\/li>\n<\/ul>\n<p>A8 (4H_) 6.3 W12 quattro:<\/p>\n<ul>\n<li>kilovatios: 368<\/li>\n<li>DESDE &gt; HASTA: 2011 &gt; <\/li>\n<li>POSICI\u00d3N: DELANTERO<\/li>\n<\/ul>\n<\/details>","protected":false},"excerpt":{"rendered":"<p><strong>FCP4468<\/strong><\/p>\n<p>\n<b>Compuesto: DS2500 <\/b><br \/>SIN CERTIFICACI\u00d3N R90 <a data-boundary=\"window\" data-toggle=\"tooltip\" data-trigger=\"hover focus click\" style=\"color:red;cursor:pointer\" title=\"Este compuesto no est\u00e1 recomendado para uso en carretera en aquellos pa\u00edses que requieren certificaci\u00f3n R90.\"><br \/>\n<i class=\"fas fa-info-circle\"><\/i><br \/>\n<\/a><br \/>Para: D\u00eda de pista, uso ligero en carreras, GT trasero<br \/>Temperatura de funcionamiento \u00f3ptima: 0\u00b0 a 500\u00b0C\n                                                                                                                                            <\/p>","protected":false},"featured_media":66699,"template":"","meta":{"_crdt_document":"","inline_featured_image":false},"product_brand":[],"product_cat":[116],"product_tag":[],"class_list":{"0":"post-31416","1":"product","2":"type-product","3":"status-publish","4":"has-post-thumbnail","6":"product_cat-brake-pads","8":"first","9":"instock","10":"taxable","11":"shipping-taxable","12":"purchasable","13":"product-type-simple"},"supplier_id":null,"supplier_sku":"","barcode":null,"atum_controlled":true,"out_stock_date":null,"out_stock_threshold":null,"inheritable":false,"inbound_stock":null,"stock_on_hold":null,"sold_today":null,"sales_last_days":null,"reserved_stock":null,"customer_returns":null,"warehouse_damage":null,"lost_in_post":null,"other_logs":null,"out_stock_days":null,"lost_sales":null,"has_location":null,"update_date":null,"atum_locations":[],"atum_stock_status":"instock","restock_status":false,"low_stock_amount":"","sales_update_date":null,"calc_backorders":null,"_links":{"self":[{"href":"https:\/\/revmatch.eu\/es\/wp-json\/wp\/v2\/product\/31416","targetHints":{"allow":["GET"]}}],"collection":[{"href":"https:\/\/revmatch.eu\/es\/wp-json\/wp\/v2\/product"}],"about":[{"href":"https:\/\/revmatch.eu\/es\/wp-json\/wp\/v2\/types\/product"}],"version-history":[{"count":0,"href":"https:\/\/revmatch.eu\/es\/wp-json\/wp\/v2\/product\/31416\/revisions"}],"wp:featuredmedia":[{"embeddable":true,"href":"https:\/\/revmatch.eu\/es\/wp-json\/wp\/v2\/media\/66699"}],"wp:attachment":[{"href":"https:\/\/revmatch.eu\/es\/wp-json\/wp\/v2\/media?parent=31416"}],"wp:term":[{"taxonomy":"product_brand","embeddable":true,"href":"https:\/\/revmatch.eu\/es\/wp-json\/wp\/v2\/product_brand?post=31416"},{"taxonomy":"product_cat","embeddable":true,"href":"https:\/\/revmatch.eu\/es\/wp-json\/wp\/v2\/product_cat?post=31416"},{"taxonomy":"product_tag","embeddable":true,"href":"https:\/\/revmatch.eu\/es\/wp-json\/wp\/v2\/product_tag?post=31416"}],"curies":[{"name":"wp","href":"https:\/\/api.w.org\/{rel}","templated":true}]}}