{"id":31425,"date":"2023-05-23T11:34:44","date_gmt":"2023-05-23T10:34:44","guid":{"rendered":"http:\/\/revmatch.eu\/product\/ferodo-racing-ds2500-fcp451h\/"},"modified":"2024-06-12T22:11:59","modified_gmt":"2024-06-12T21:11:59","slug":"ferodo-racing-ds2500-fcp451h","status":"publish","type":"product","link":"https:\/\/revmatch.eu\/es\/producto\/ferodo-racing-ds2500-fcp451h\/","title":{"rendered":"Ferodo Racing DS2500 \u2013 FCP451H"},"content":{"rendered":"<p><strong>FCP451<\/strong><\/p>\n<p>\n<b>Compuesto: DS2500 <\/b><br \/>SIN CERTIFICACI\u00d3N R90 <a data-boundary=\"window\" data-toggle=\"tooltip\" data-trigger=\"hover focus click\" style=\"color:red;cursor:pointer\" title=\"Este compuesto no est\u00e1 recomendado para uso en carretera en aquellos pa\u00edses que requieren certificaci\u00f3n R90.\"><br \/>\n<i class=\"fas fa-info-circle\"><\/i><br \/>\n<\/a><br \/>Para: D\u00eda de pista, uso ligero en carreras, GT trasero<br \/>Temperatura de funcionamiento \u00f3ptima: 0\u00b0 a 500\u00b0C\n                                                                                                                                            <\/p>\n<p>&nbsp;<\/p>\n<p>Compatible con:<br \/>\n&nbsp;<\/p>\n<details>\n<summary>FERRARI<\/summary>\n<p>348 3,4 TB, TS 32 V:<\/p>\n<ul>\n<li>kilovatios: 221<\/li>\n<li>DESDE &gt; HASTA: 1990 &gt; 1994<\/li>\n<li>POSICI\u00d3N: DELANTERO<\/li>\n<\/ul>\n<p>348 3,4 TB, TS 32 V:<\/p>\n<ul>\n<li>kilovatios: 221<\/li>\n<li>DESDE &gt; HASTA: 1990 &gt; 1994<\/li>\n<li>POSICI\u00d3N: TRASERA<\/li>\n<\/ul>\n<p>F355 3.5 Berlinetta, GTS, Spider 40V:<\/p>\n<ul>\n<li>kilovatios: 280<\/li>\n<li>DESDE &gt; HASTA: 1994 &gt; 1996<\/li>\n<li>POSICI\u00d3N: DELANTERO<\/li>\n<\/ul>\n<p>F355 3.5 Berlinetta, GTS, Spider 40V:<\/p>\n<ul>\n<li>kilovatios: 280<\/li>\n<li>DESDE &gt; HASTA: 1994 &gt; 1996<\/li>\n<li>POSICI\u00d3N: TRASERA<\/li>\n<\/ul>\n<p>F355 3.5 Berlinetta, GTS, Spider 40V:<\/p>\n<ul>\n<li>kilovatios: 280<\/li>\n<li>DESDE &gt; HASTA: 1996 &gt; <\/li>\n<li>POSICI\u00d3N: DELANTERO<\/li>\n<\/ul>\n<p>F355 3.5 Berlinetta, GTS, Spider 40V:<\/p>\n<ul>\n<li>kilovatios: 280<\/li>\n<li>DESDE &gt; HASTA: 1996 &gt; <\/li>\n<li>POSICI\u00d3N: TRASERA<\/li>\n<\/ul>\n<p>512 4.9 Boxer B512 i 24V:<\/p>\n<ul>\n<li>kilovatios: 250<\/li>\n<li>DESDE &gt; HASTA: 1986 &gt; 1987<\/li>\n<li>POSICI\u00d3N: TRASERA<\/li>\n<\/ul>\n<p>F512M 4.9i 48V:<\/p>\n<ul>\n<li>kilovatios: 324<\/li>\n<li>DESDE &gt; HASTA: 1994 &gt; 1995<\/li>\n<li>POSICI\u00d3N: TRASERA<\/li>\n<\/ul>\n<p>512 5.0 24 V:<\/p>\n<ul>\n<li>kilovatios: 250<\/li>\n<li>DESDE &gt; HASTA: 1978 &gt; 1984<\/li>\n<li>POSICI\u00d3N: TRASERA<\/li>\n<\/ul>\n<p>512 5.0 Boxer B512i 24V:<\/p>\n<ul>\n<li>kilovatios: 250<\/li>\n<li>DESDE &gt; HASTA: 1978 &gt; 1986<\/li>\n<li>POSICI\u00d3N: TRASERA<\/li>\n<\/ul>\n<p>456 GT\/GTA 5.5 (F116):<\/p>\n<ul>\n<li>KW: 325<\/li>\n<li>DESDE &gt; HASTA: 1993 &gt; 2004<\/li>\n<li>POSICI\u00d3N: DELANTERO<\/li>\n<\/ul>\n<p>456 GT\/GTA 5.5 (F116):<\/p>\n<ul>\n<li>KW: 325<\/li>\n<li>DESDE &gt; HASTA: 1993 &gt; 2004<\/li>\n<li>POSICI\u00d3N: TRASERA<\/li>\n<\/ul>\n<\/details>\n<details>\n<summary>MASERATI<\/summary>\n<p>3200 GT 3.2 V8 biturbo de 32 V:<\/p>\n<ul>\n<li>N\u00famero de serie: 271<\/li>\n<li>DESDE &gt; HASTA: 1998 &gt; 2002<\/li>\n<li>POSICI\u00d3N: TRASERA<\/li>\n<\/ul>\n<p>Spyder Coup\u00e9 4.2:<\/p>\n<ul>\n<li>kilovatios: 287<\/li>\n<li>DESDE &gt; HASTA: 2002 &gt; <\/li>\n<li>POSICI\u00d3N: TRASERA<\/li>\n<\/ul>\n<\/details>\n<details>\n<summary>PORSCHE<\/summary>\n<p>993 Carrera:<\/p>\n<ul>\n<li>kilovatios: <\/li>\n<li>DESDE &gt; HASTA: 1994 &gt; 1997<\/li>\n<li>POSICI\u00d3N: TRASERA<\/li>\n<\/ul>\n<p>911 (964) 3.6 Turbo:<\/p>\n<ul>\n<li>kilovatios: 265<\/li>\n<li>DESDE &gt; HASTA: 1993 &gt; 1993<\/li>\n<li>POSICI\u00d3N: TRASERA<\/li>\n<\/ul>\n<p>944 2.5 (Turbo):<\/p>\n<ul>\n<li>kilovatios: 220<\/li>\n<li>DESDE &gt; HASTA: 1985 &gt; 1988<\/li>\n<li>POSICI\u00d3N: DELANTERO<\/li>\n<\/ul>\n<p>944 2.5 (Turbo):<\/p>\n<ul>\n<li>kilovatios: 220<\/li>\n<li>DESDE &gt; HASTA: 1985 &gt; 1988<\/li>\n<li>POSICI\u00d3N: TRASERA<\/li>\n<\/ul>\n<p>944 2.5 (Turbo):<\/p>\n<ul>\n<li>kilovatios: 250<\/li>\n<li>DESDE &gt; HASTA: 1988 &gt; 1992<\/li>\n<li>POSICI\u00d3N: TRASERA<\/li>\n<\/ul>\n<p>944 2.7 S2:<\/p>\n<ul>\n<li>kilovatios: 121<\/li>\n<li>DESDE &gt; HASTA: 1988 &gt; 1990<\/li>\n<li>POSICI\u00d3N: DELANTERO<\/li>\n<\/ul>\n<p>944 2.7 S2:<\/p>\n<ul>\n<li>kilovatios: 121<\/li>\n<li>DESDE &gt; HASTA: 1988 &gt; 1990<\/li>\n<li>POSICI\u00d3N: TRASERA<\/li>\n<\/ul>\n<p>944 3.0 S2 16 V:<\/p>\n<ul>\n<li>N\u00famero de serie: 156<\/li>\n<li>DESDE &gt; HASTA: 1989 &gt; 1992<\/li>\n<li>POSICI\u00d3N: DELANTERO<\/li>\n<\/ul>\n<p>944 3.0 S2 16 V:<\/p>\n<ul>\n<li>N\u00famero de serie: 156<\/li>\n<li>DESDE &gt; HASTA: 1989 &gt; 1992<\/li>\n<li>POSICI\u00d3N: TRASERA<\/li>\n<\/ul>\n<p>968 3.0 Club Sport 16V:<\/p>\n<ul>\n<li>kilovatios: 176<\/li>\n<li>DESDE &gt; HASTA: 1993 &gt; 1995<\/li>\n<li>POSICI\u00d3N: TRASERA<\/li>\n<\/ul>\n<p>968 3.0 No Club Sport 16V:<\/p>\n<ul>\n<li>kilovatios: 176<\/li>\n<li>DESDE &gt; HASTA: 1993 &gt; 1995<\/li>\n<li>POSICI\u00d3N: DELANTERO<\/li>\n<\/ul>\n<p>968 3.0 No Club Sport 16V:<\/p>\n<ul>\n<li>kilovatios: 176<\/li>\n<li>DESDE &gt; HASTA: 1993 &gt; 1995<\/li>\n<li>POSICI\u00d3N: TRASERA<\/li>\n<\/ul>\n<p>968 3.0 (Turbo):<\/p>\n<ul>\n<li>kilovatios: 224<\/li>\n<li>DESDE &gt; HASTA: 1993 &gt; 1995<\/li>\n<li>POSICI\u00d3N: TRASERA<\/li>\n<\/ul>\n<p>911 3.3 SC Turbo:<\/p>\n<ul>\n<li>kilovatios: 221<\/li>\n<li>DESDE &gt; HASTA: 1977 &gt; 1987<\/li>\n<li>POSICI\u00d3N: DELANTERO<\/li>\n<\/ul>\n<p>911 3.3 SC Turbo:<\/p>\n<ul>\n<li>kilovatios: 221<\/li>\n<li>DESDE &gt; HASTA: 1987 &gt; 1987<\/li>\n<li>POSICI\u00d3N: TRASERA<\/li>\n<\/ul>\n<p>911 3.3 Turbo:<\/p>\n<ul>\n<li>kilovatios: 221<\/li>\n<li>DESDE &gt; HASTA: 1986 &gt; 1989<\/li>\n<li>POSICI\u00d3N: DELANTERO<\/li>\n<\/ul>\n<p>911 3.3 Turbo:<\/p>\n<ul>\n<li>kilovatios: 221<\/li>\n<li>DESDE &gt; HASTA: 1986 &gt; 1989<\/li>\n<li>POSICI\u00d3N: TRASERA<\/li>\n<\/ul>\n<p>911 3.3 Turbo:<\/p>\n<ul>\n<li>kilovatios: 243<\/li>\n<li>DESDE &gt; HASTA: 1986 &gt; 1990<\/li>\n<li>POSICI\u00d3N: DELANTERO<\/li>\n<\/ul>\n<p>911 3.3 Turbo:<\/p>\n<ul>\n<li>kilovatios: 243<\/li>\n<li>DESDE &gt; HASTA: 1986 &gt; 1990<\/li>\n<li>POSICI\u00d3N: TRASERA<\/li>\n<\/ul>\n<p>911 (964) 3.3 Turbo:<\/p>\n<ul>\n<li>kilovatios: 235<\/li>\n<li>DESDE &gt; HASTA: 1990 &gt; 1991<\/li>\n<li>POSICI\u00d3N: TRASERA<\/li>\n<\/ul>\n<p>911 (964) 3.3 Turbo S:<\/p>\n<ul>\n<li>N\u00famero de serie: 261<\/li>\n<li>DESDE &gt; HASTA: 1990 &gt; 1993<\/li>\n<li>POSICI\u00d3N: TRASERA<\/li>\n<\/ul>\n<p>911 (964) 3.3 Turbo:<\/p>\n<ul>\n<li>kilovatios: 235<\/li>\n<li>DESDE &gt; HASTA: 1991 &gt; 1993<\/li>\n<li>POSICI\u00d3N: TRASERA<\/li>\n<\/ul>\n<p>911 (964) 3.6 Carrera:<\/p>\n<ul>\n<li>kilovatios: 184<\/li>\n<li>DESDE &gt; HASTA: 1988 &gt; 1993<\/li>\n<li>POSICI\u00d3N: DELANTERO<\/li>\n<\/ul>\n<p>911 (964) 3.6 Carrera:<\/p>\n<ul>\n<li>kilovatios: 184<\/li>\n<li>DESDE &gt; HASTA: 1988 &gt; 1993<\/li>\n<li>POSICI\u00d3N: TRASERA<\/li>\n<\/ul>\n<p>911 (964) 3.6 Carrera 4:<\/p>\n<ul>\n<li>kilovatios: 184<\/li>\n<li>DESDE &gt; HASTA: 1989 &gt; 1993<\/li>\n<li>POSICI\u00d3N: DELANTERO<\/li>\n<\/ul>\n<p>911 (964) 3.6 Carrera 4:<\/p>\n<ul>\n<li>kilovatios: 184<\/li>\n<li>DESDE &gt; HASTA: 1989 &gt; 1993<\/li>\n<li>POSICI\u00d3N: TRASERA<\/li>\n<\/ul>\n<p>911 (964) 3.6 Carrera RS:<\/p>\n<ul>\n<li>kilovatios: 191<\/li>\n<li>DESDE &gt; HASTA: 1991 &gt; 1993<\/li>\n<li>POSICI\u00d3N: TRASERA<\/li>\n<\/ul>\n<p>911 (993) 3.6 Carrera:<\/p>\n<ul>\n<li>kilovatios: 200<\/li>\n<li>DESDE &gt; HASTA: 1993 &gt; 1995<\/li>\n<li>POSICI\u00d3N: TRASERA<\/li>\n<\/ul>\n<p>911 (993) 3.6 Carrera 4:<\/p>\n<ul>\n<li>kilovatios: 200<\/li>\n<li>DESDE &gt; HASTA: 1994 &gt; 1995<\/li>\n<li>POSICI\u00d3N: TRASERA<\/li>\n<\/ul>\n<p>911 (993) 3.6 Carrera:<\/p>\n<ul>\n<li>kilovatios: 210<\/li>\n<li>DESDE &gt; HASTA: 1995 &gt; 1997<\/li>\n<li>POSICI\u00d3N: TRASERA<\/li>\n<\/ul>\n<p>911 (993) 3.6 Turbo GT2 4:<\/p>\n<ul>\n<li>kilovatios: 331<\/li>\n<li>DESDE &gt; HASTA: 1997 &gt; 1997<\/li>\n<li>POSICI\u00d3N: TRASERA<\/li>\n<\/ul>\n<p>911 (993) 3.8 Carrera:<\/p>\n<ul>\n<li>kilovatios: 210<\/li>\n<li>DESDE &gt; HASTA: 1995 &gt; 1997<\/li>\n<li>POSICI\u00d3N: TRASERA<\/li>\n<\/ul>\n<p>928 5.4 GTS 32V:<\/p>\n<ul>\n<li>kilovatios: 257<\/li>\n<li>DESDE &gt; HASTA: 1992 &gt; 1995<\/li>\n<li>POSICI\u00d3N: TRASERA<\/li>\n<\/ul>\n<\/details>","protected":false},"excerpt":{"rendered":"<p><strong>FCP451<\/strong><\/p>\n<p>\n<b>Compuesto: DS2500 <\/b><br \/>SIN CERTIFICACI\u00d3N R90 <a data-boundary=\"window\" data-toggle=\"tooltip\" data-trigger=\"hover focus click\" style=\"color:red;cursor:pointer\" title=\"Este compuesto no est\u00e1 recomendado para uso en carretera en aquellos pa\u00edses que requieren certificaci\u00f3n R90.\"><br \/>\n<i class=\"fas fa-info-circle\"><\/i><br \/>\n<\/a><br \/>Para: D\u00eda de pista, uso ligero en carreras, GT trasero<br \/>Temperatura de funcionamiento \u00f3ptima: 0\u00b0 a 500\u00b0C\n                                                                                                                                            <\/p>","protected":false},"featured_media":66702,"template":"","meta":{"_crdt_document":"","inline_featured_image":false},"product_brand":[],"product_cat":[116],"product_tag":[],"class_list":{"0":"post-31425","1":"product","2":"type-product","3":"status-publish","4":"has-post-thumbnail","6":"product_cat-brake-pads","8":"first","9":"instock","10":"taxable","11":"shipping-taxable","12":"purchasable","13":"product-type-simple"},"supplier_id":null,"supplier_sku":"","barcode":null,"atum_controlled":true,"out_stock_date":null,"out_stock_threshold":null,"inheritable":false,"inbound_stock":null,"stock_on_hold":null,"sold_today":null,"sales_last_days":null,"reserved_stock":null,"customer_returns":null,"warehouse_damage":null,"lost_in_post":null,"other_logs":null,"out_stock_days":null,"lost_sales":null,"has_location":null,"update_date":null,"atum_locations":[],"atum_stock_status":"instock","restock_status":false,"low_stock_amount":"","sales_update_date":null,"calc_backorders":null,"_links":{"self":[{"href":"https:\/\/revmatch.eu\/es\/wp-json\/wp\/v2\/product\/31425","targetHints":{"allow":["GET"]}}],"collection":[{"href":"https:\/\/revmatch.eu\/es\/wp-json\/wp\/v2\/product"}],"about":[{"href":"https:\/\/revmatch.eu\/es\/wp-json\/wp\/v2\/types\/product"}],"version-history":[{"count":0,"href":"https:\/\/revmatch.eu\/es\/wp-json\/wp\/v2\/product\/31425\/revisions"}],"wp:featuredmedia":[{"embeddable":true,"href":"https:\/\/revmatch.eu\/es\/wp-json\/wp\/v2\/media\/66702"}],"wp:attachment":[{"href":"https:\/\/revmatch.eu\/es\/wp-json\/wp\/v2\/media?parent=31425"}],"wp:term":[{"taxonomy":"product_brand","embeddable":true,"href":"https:\/\/revmatch.eu\/es\/wp-json\/wp\/v2\/product_brand?post=31425"},{"taxonomy":"product_cat","embeddable":true,"href":"https:\/\/revmatch.eu\/es\/wp-json\/wp\/v2\/product_cat?post=31425"},{"taxonomy":"product_tag","embeddable":true,"href":"https:\/\/revmatch.eu\/es\/wp-json\/wp\/v2\/product_tag?post=31425"}],"curies":[{"name":"wp","href":"https:\/\/api.w.org\/{rel}","templated":true}]}}