{"id":31428,"date":"2023-05-23T11:34:49","date_gmt":"2023-05-23T10:34:49","guid":{"rendered":"http:\/\/revmatch.eu\/product\/ferodo-racing-ds2500-fcp4587h\/"},"modified":"2024-06-12T22:12:00","modified_gmt":"2024-06-12T21:12:00","slug":"ferodo-racing-ds2500-fcp4587h","status":"publish","type":"product","link":"https:\/\/revmatch.eu\/es\/producto\/ferodo-racing-ds2500-fcp4587h\/","title":{"rendered":"Ferodo Racing DS2500 \u2013 FCP4587H"},"content":{"rendered":"<p><strong>FCP4587<\/strong><\/p>\n<p>\n<b>Compuesto: DS2500 <\/b><br \/>SIN CERTIFICACI\u00d3N R90 <a data-boundary=\"window\" data-toggle=\"tooltip\" data-trigger=\"hover focus click\" style=\"color:red;cursor:pointer\" title=\"Este compuesto no est\u00e1 recomendado para uso en carretera en aquellos pa\u00edses que requieren certificaci\u00f3n R90.\"><br \/>\n<i class=\"fas fa-info-circle\"><\/i><br \/>\n<\/a><br \/>Para: D\u00eda de pista, uso ligero en carreras, GT trasero<br \/>Temperatura de funcionamiento \u00f3ptima: 0\u00b0 a 500\u00b0C\n                                                                                                                                            <\/p>\n<p>&nbsp;<\/p>\n<p>Compatible con:<br \/>\n&nbsp;<\/p>\n<details>\n<summary>MERCEDES<\/summary>\n<p>CLASE A (W176) A 45 AMG 4-matic (176.052):<\/p>\n<ul>\n<li>kilovatios: 265<\/li>\n<li>DESDE &gt; HASTA: 2013 &gt; 2015<\/li>\n<li>POSICI\u00d3N: TRASERA<\/li>\n<\/ul>\n<p>CLASE A (W176) AMG A 45 4-matic (176.052):<\/p>\n<ul>\n<li>kilovatios: 280<\/li>\n<li>DESDE &gt; HASTA: 2015 &gt; <\/li>\n<li>POSICI\u00d3N: TRASERA<\/li>\n<\/ul>\n<p>CLA Coup\u00e9 (C117) CLA 45 AMG 4-matic (117.352):<\/p>\n<ul>\n<li>kilovatios: 265<\/li>\n<li>DESDE &gt; HASTA: 2013 &gt; 2015<\/li>\n<li>POSICI\u00d3N: TRASERA<\/li>\n<\/ul>\n<p>CLA Coup\u00e9 (C117) AMG CLA 45 4-matic (117.352):<\/p>\n<ul>\n<li>kilovatios: 280<\/li>\n<li>DESDE &gt; HASTA: 2015 &gt; <\/li>\n<li>POSICI\u00d3N: TRASERA<\/li>\n<\/ul>\n<p>CLA Shooting Brake (X117) CLA 45 AMG 4-matic (117.952):<\/p>\n<ul>\n<li>kilovatios: 265<\/li>\n<li>DESDE &gt; HASTA: 2015 &gt; 2015<\/li>\n<li>POSICI\u00d3N: TRASERA<\/li>\n<\/ul>\n<p>CLA Shooting Brake (X117) AMG CLA 45 4-matic (117.952):<\/p>\n<ul>\n<li>kilovatios: 280<\/li>\n<li>DESDE &gt; HASTA: 2015 &gt; <\/li>\n<li>POSICI\u00d3N: TRASERA<\/li>\n<\/ul>\n<p>CLASE GLA (X156) GLA 45 AMG 4-matic (156.952):<\/p>\n<ul>\n<li>kilovatios: 265<\/li>\n<li>DESDE &gt; HASTA: 2014 &gt; 2015<\/li>\n<li>POSICI\u00d3N: TRASERA<\/li>\n<\/ul>\n<p>CLASE GLA (X156) AMG GLA 45 4-matic (156.952):<\/p>\n<ul>\n<li>kilovatios: 280<\/li>\n<li>DESDE &gt; HASTA: 2015 &gt; <\/li>\n<li>POSICI\u00d3N: TRASERA<\/li>\n<\/ul>\n<p>GLE (W166) 250 d (166.006):<\/p>\n<ul>\n<li>kilovatios: 150<\/li>\n<li>DESDE &gt; HASTA: 2015 &gt; <\/li>\n<li>POSICI\u00d3N: TRASERA<\/li>\n<\/ul>\n<p>GLE (W166) 250 d 4-matic (166.004):<\/p>\n<ul>\n<li>kilovatios: 150<\/li>\n<li>DESDE &gt; HASTA: 2015 &gt; <\/li>\n<li>POSICI\u00d3N: TRASERA<\/li>\n<\/ul>\n<p>CLASE M (W166) ML 250 CDI \/ BlueTEC 4-matic (166.004, 166.003):<\/p>\n<ul>\n<li>kilovatios: 150<\/li>\n<li>DESDE &gt; HASTA: 2011 &gt; <\/li>\n<li>POSICI\u00d3N: TRASERA<\/li>\n<\/ul>\n<p>CLASE GL (X166) GL 350 CDI \/ BlueTec 4-matic (166.823, 166.824):<\/p>\n<ul>\n<li>kilovatios: 190<\/li>\n<li>DESDE &gt; HASTA: 2012 &gt; <\/li>\n<li>POSICI\u00d3N: TRASERA<\/li>\n<\/ul>\n<p>CLASE GL (X166) GL 350 CDI \/ BlueTEC 4-matic (166.824):<\/p>\n<ul>\n<li>kilovatios: 179<\/li>\n<li>DESDE &gt; HASTA: 2012 &gt; <\/li>\n<li>POSICI\u00d3N: TRASERA<\/li>\n<\/ul>\n<p>GLE (W166) 350 d 4-matic (166.024):<\/p>\n<ul>\n<li>kilovatios: 190<\/li>\n<li>DESDE &gt; HASTA: 2015 &gt; <\/li>\n<li>POSICI\u00d3N: TRASERA<\/li>\n<\/ul>\n<p>GLE Coup\u00e9 (C292) 350 d 4-matic (292.323, 292.324):<\/p>\n<ul>\n<li>kilovatios: 190<\/li>\n<li>DESDE &gt; HASTA: 2015 &gt; <\/li>\n<li>POSICI\u00d3N: TRASERA<\/li>\n<\/ul>\n<p>GLE Coup\u00e9 (C292) 350 d 4-matic (292.324):<\/p>\n<ul>\n<li>kilovatios: 179<\/li>\n<li>DESDE &gt; HASTA: 2016 &gt; <\/li>\n<li>POSICI\u00d3N: TRASERA<\/li>\n<\/ul>\n<p>GLS (X166) 350 d 4-matic (166.824):<\/p>\n<ul>\n<li>kilovatios: 190<\/li>\n<li>DESDE &gt; HASTA: 2015 &gt; <\/li>\n<li>POSICI\u00d3N: TRASERA<\/li>\n<\/ul>\n<p>CLASE M (W166) ML 350 BlueTEC 4-matic (166.024):<\/p>\n<ul>\n<li>kilovatios: 190<\/li>\n<li>DESDE &gt; HASTA: 2011 &gt; <\/li>\n<li>POSICI\u00d3N: TRASERA<\/li>\n<\/ul>\n<p>CLASE M (W166) ML 350 CDI 4-matic (166.023):<\/p>\n<ul>\n<li>kilovatios: 170<\/li>\n<li>DESDE &gt; HASTA: 2011 &gt; <\/li>\n<li>POSICI\u00d3N: TRASERA<\/li>\n<\/ul>\n<p>CLASE M (W166) ML 350 CDI 4-matic:<\/p>\n<ul>\n<li>kilovatios: 179<\/li>\n<li>DESDE &gt; HASTA: 2012 &gt; <\/li>\n<li>POSICI\u00d3N: TRASERA<\/li>\n<\/ul>\n<p>CLASE GL (X166) GL 400 4-matic (166.856):<\/p>\n<ul>\n<li>kilovatios: 245<\/li>\n<li>DESDE &gt; HASTA: 2013 &gt; <\/li>\n<li>POSICI\u00d3N: TRASERA<\/li>\n<\/ul>\n<p>CLASE GL (X166) GL 450 4-matic:<\/p>\n<ul>\n<li>kilovatios: 270<\/li>\n<li>DESDE &gt; HASTA: 2014 &gt; <\/li>\n<li>POSICI\u00d3N: TRASERA<\/li>\n<\/ul>\n<p>GLE (W166) 400 4-matic (166.056):<\/p>\n<ul>\n<li>kilovatios: 245<\/li>\n<li>DESDE &gt; HASTA: 2015 &gt; <\/li>\n<li>POSICI\u00d3N: TRASERA<\/li>\n<\/ul>\n<p>GLE (W166) 500 e 4-matic (166.063):<\/p>\n<ul>\n<li>kilovatios: 245<\/li>\n<li>DESDE &gt; HASTA: 2015 &gt; <\/li>\n<li>POSICI\u00d3N: TRASERA<\/li>\n<\/ul>\n<p>GLE (W166) 500 e 4-matic (166.063):<\/p>\n<ul>\n<li>KW: 325<\/li>\n<li>DESDE &gt; HASTA: 2015 &gt; <\/li>\n<li>POSICI\u00d3N: TRASERA<\/li>\n<\/ul>\n<p>GLE (W166) 320 4-matic (166.062):<\/p>\n<ul>\n<li>kilovatios: 200<\/li>\n<li>DESDE &gt; HASTA: 2015 &gt; <\/li>\n<li>POSICI\u00d3N: TRASERA<\/li>\n<\/ul>\n<p>GLE (W166) 450 AMG 4-matic (166.064):<\/p>\n<ul>\n<li>kilovatios: 270<\/li>\n<li>DESDE &gt; HASTA: 2015 &gt; 2016<\/li>\n<li>POSICI\u00d3N: TRASERA<\/li>\n<\/ul>\n<p>GLE (W166) AMG 43 4-matic (166.064):<\/p>\n<ul>\n<li>kilovatios: 270<\/li>\n<li>DESDE &gt; HASTA: 2016 &gt; <\/li>\n<li>POSICI\u00d3N: TRASERA<\/li>\n<\/ul>\n<p>GLE Coup\u00e9 (C292) 400 4-matic (292.356):<\/p>\n<ul>\n<li>kilovatios: 245<\/li>\n<li>DESDE &gt; HASTA: 2015 &gt; <\/li>\n<li>POSICI\u00d3N: TRASERA<\/li>\n<\/ul>\n<p>GLE Coup\u00e9 (C292) 450 AMG 4-matic (292.364):<\/p>\n<ul>\n<li>kilovatios: 270<\/li>\n<li>DESDE &gt; HASTA: 2015 &gt; 2016<\/li>\n<li>POSICI\u00d3N: TRASERA<\/li>\n<\/ul>\n<p>GLE Coup\u00e9 (C292) 320 4-matic (292.362):<\/p>\n<ul>\n<li>kilovatios: 200<\/li>\n<li>DESDE &gt; HASTA: 2015 &gt; <\/li>\n<li>POSICI\u00d3N: TRASERA<\/li>\n<\/ul>\n<p>GLE Coup\u00e9 (C292) AMG 43 4-matic (292.364):<\/p>\n<ul>\n<li>kilovatios: 270<\/li>\n<li>DESDE &gt; HASTA: 2016 &gt; <\/li>\n<li>POSICI\u00d3N: TRASERA<\/li>\n<\/ul>\n<p>GLS (X166) 400 4-matic (166.856):<\/p>\n<ul>\n<li>kilovatios: 245<\/li>\n<li>DESDE &gt; HASTA: 2015 &gt; <\/li>\n<li>POSICI\u00d3N: TRASERA<\/li>\n<\/ul>\n<p>GLS (X166) 450 4-matic (166.864):<\/p>\n<ul>\n<li>kilovatios: 270<\/li>\n<li>DESDE &gt; HASTA: 2016 &gt; <\/li>\n<li>POSICI\u00d3N: TRASERA<\/li>\n<\/ul>\n<p>CLASE M (W166) ML 400 4-matic (166.056):<\/p>\n<ul>\n<li>kilovatios: 245<\/li>\n<li>DESDE &gt; HASTA: 2013 &gt; <\/li>\n<li>POSICI\u00d3N: TRASERA<\/li>\n<\/ul>\n<p>CLASE M (W166) ML 320 4-matic (166.062):<\/p>\n<ul>\n<li>kilovatios: 200<\/li>\n<li>DESDE &gt; HASTA: 2013 &gt; <\/li>\n<li>POSICI\u00d3N: TRASERA<\/li>\n<\/ul>\n<p>SLC (R172) AMG SLC 43 (172.466):<\/p>\n<ul>\n<li>kilovatios: 270<\/li>\n<li>DESDE &gt; HASTA: 2016 &gt; <\/li>\n<li>POSICI\u00d3N: TRASERA<\/li>\n<\/ul>\n<p>GLE (W166) 350 (166.058):<\/p>\n<ul>\n<li>kilovatios: 225<\/li>\n<li>DESDE &gt; HASTA: 2015 &gt; <\/li>\n<li>POSICI\u00d3N: TRASERA<\/li>\n<\/ul>\n<p>GLE (W166) 350 4-matic (166.057):<\/p>\n<ul>\n<li>kilovatios: 225<\/li>\n<li>DESDE &gt; HASTA: 2015 &gt; <\/li>\n<li>POSICI\u00d3N: TRASERA<\/li>\n<\/ul>\n<p>CLASE M (W166) ML 350 4-matic (166.057):<\/p>\n<ul>\n<li>kilovatios: 225<\/li>\n<li>DESDE &gt; HASTA: 2011 &gt; <\/li>\n<li>POSICI\u00d3N: TRASERA<\/li>\n<\/ul>\n<p>CLASE M (W166) ML 350 (166.058):<\/p>\n<ul>\n<li>kilovatios: 225<\/li>\n<li>DESDE &gt; HASTA: 2011 &gt; <\/li>\n<li>POSICI\u00d3N: TRASERA<\/li>\n<\/ul>\n<p>CLASE M (W166) ML 300 4-matic (166.055):<\/p>\n<ul>\n<li>kilovatios: 185<\/li>\n<li>DESDE &gt; HASTA: 2014 &gt; <\/li>\n<li>POSICI\u00d3N: TRASERA<\/li>\n<\/ul>\n<p>CLASE GL (X166) GL 500 4-matic (166.871):<\/p>\n<ul>\n<li>kilovatios: 310<\/li>\n<li>DESDE &gt; HASTA: 2015 &gt; <\/li>\n<li>POSICI\u00d3N: TRASERA<\/li>\n<\/ul>\n<p>GLS (X166) 500 4-matic (166.871):<\/p>\n<ul>\n<li>kilovatios: 310<\/li>\n<li>DESDE &gt; HASTA: 2016 &gt; <\/li>\n<li>POSICI\u00d3N: TRASERA<\/li>\n<\/ul>\n<p>CLASE GL (X166) GL 450 4-matic (166.872):<\/p>\n<ul>\n<li>kilovatios: 270<\/li>\n<li>DESDE &gt; HASTA: 2012 &gt; <\/li>\n<li>POSICI\u00d3N: TRASERA<\/li>\n<\/ul>\n<p>CLASE GL (X166) GL 500 4-matic (166.873):<\/p>\n<ul>\n<li>kilovatios: 320<\/li>\n<li>DESDE &gt; HASTA: 2012 &gt; <\/li>\n<li>POSICI\u00d3N: TRASERA<\/li>\n<\/ul>\n<p>GLE (W166) 500 4-matic (166.073):<\/p>\n<ul>\n<li>kilovatios: 300<\/li>\n<li>DESDE &gt; HASTA: 2015 &gt; <\/li>\n<li>POSICI\u00d3N: TRASERA<\/li>\n<\/ul>\n<p>GLE (W166) 500 4-matic (166.073):<\/p>\n<ul>\n<li>kilovatios: 320<\/li>\n<li>DESDE &gt; HASTA: 2015 &gt; <\/li>\n<li>POSICI\u00d3N: TRASERA<\/li>\n<\/ul>\n<p>GLE (W166) 500 4-matic (166.073):<\/p>\n<ul>\n<li>kilovatios: 335<\/li>\n<li>DESDE &gt; HASTA: 2015 &gt; <\/li>\n<li>POSICI\u00d3N: TRASERA<\/li>\n<\/ul>\n<p>GLE Coup\u00e9 (C292) 500 4-matic (292.373):<\/p>\n<ul>\n<li>kilovatios: 335<\/li>\n<li>DESDE &gt; HASTA: 2015 &gt; <\/li>\n<li>POSICI\u00d3N: TRASERA<\/li>\n<\/ul>\n<p>GLS (X166) 500 4-matic (166.873):<\/p>\n<ul>\n<li>kilovatios: 335<\/li>\n<li>DESDE &gt; HASTA: 2015 &gt; <\/li>\n<li>POSICI\u00d3N: TRASERA<\/li>\n<\/ul>\n<p>CLASE M (W166) ML 500 4-matic (166.073):<\/p>\n<ul>\n<li>kilovatios: 300<\/li>\n<li>DESDE &gt; HASTA: 2012 &gt; <\/li>\n<li>POSICI\u00d3N: TRASERA<\/li>\n<\/ul>\n<p>CLASE GL (X166) GL 63 AMG 4-matic (166.874):<\/p>\n<ul>\n<li>KW: 410<\/li>\n<li>DESDE &gt; HASTA: 2012 &gt; <\/li>\n<li>POSICI\u00d3N: TRASERA<\/li>\n<\/ul>\n<p>GLE (W166) AMG 63 4-matic (166.074):<\/p>\n<ul>\n<li>kilovatios: 386<\/li>\n<li>DESDE &gt; HASTA: 2015 &gt; <\/li>\n<li>POSICI\u00d3N: TRASERA<\/li>\n<\/ul>\n<p>GLE (W166) AMG 63 4-matic (166.074):<\/p>\n<ul>\n<li>KW: 410<\/li>\n<li>DESDE &gt; HASTA: 2015 &gt; <\/li>\n<li>POSICI\u00d3N: TRASERA<\/li>\n<\/ul>\n<p>GLE (W166) AMG 63 S 4-matic (166.075):<\/p>\n<ul>\n<li>kilovatios: 430<\/li>\n<li>DESDE &gt; HASTA: 2015 &gt; <\/li>\n<li>POSICI\u00d3N: TRASERA<\/li>\n<\/ul>\n<p>CLASE M (W166) ML 63 AMG 4-matic (166.074):<\/p>\n<ul>\n<li>kilovatios: 386<\/li>\n<li>DESDE &gt; HASTA: 2011 &gt; <\/li>\n<li>POSICI\u00d3N: TRASERA<\/li>\n<\/ul>\n<p>CLASE M (W166) ML 63 AMG 4-matic (166.074):<\/p>\n<ul>\n<li>KW: 410<\/li>\n<li>DESDE &gt; HASTA: 2011 &gt; <\/li>\n<li>POSICI\u00d3N: TRASERA<\/li>\n<\/ul>\n<p>SLK (R172) 55 AMG (172.475):<\/p>\n<ul>\n<li>kilovatios: 310<\/li>\n<li>DESDE &gt; HASTA: 2012 &gt; <\/li>\n<li>POSICI\u00d3N: TRASERA<\/li>\n<\/ul>\n<p>SLK (R172) 55 AMG (172.475):<\/p>\n<ul>\n<li>N\u00famero de serie: 314<\/li>\n<li>DESDE &gt; HASTA: 2012 &gt; <\/li>\n<li>POSICI\u00d3N: TRASERA<\/li>\n<\/ul>\n<\/details>","protected":false},"excerpt":{"rendered":"<p><strong>FCP4587<\/strong><\/p>\n<p>\n<b>Compuesto: DS2500 <\/b><br \/>SIN CERTIFICACI\u00d3N R90 <a data-boundary=\"window\" data-toggle=\"tooltip\" data-trigger=\"hover focus click\" style=\"color:red;cursor:pointer\" title=\"Este compuesto no est\u00e1 recomendado para uso en carretera en aquellos pa\u00edses que requieren certificaci\u00f3n R90.\"><br \/>\n<i class=\"fas fa-info-circle\"><\/i><br \/>\n<\/a><br \/>Para: D\u00eda de pista, uso ligero en carreras, GT trasero<br \/>Temperatura de funcionamiento \u00f3ptima: 0\u00b0 a 500\u00b0C\n                                                                                                                                            <\/p>","protected":false},"featured_media":66703,"template":"","meta":{"_crdt_document":"","inline_featured_image":false},"product_brand":[],"product_cat":[116],"product_tag":[],"class_list":{"0":"post-31428","1":"product","2":"type-product","3":"status-publish","4":"has-post-thumbnail","6":"product_cat-brake-pads","8":"first","9":"instock","10":"taxable","11":"shipping-taxable","12":"purchasable","13":"product-type-simple"},"supplier_id":null,"supplier_sku":"","barcode":null,"atum_controlled":true,"out_stock_date":null,"out_stock_threshold":null,"inheritable":false,"inbound_stock":null,"stock_on_hold":null,"sold_today":null,"sales_last_days":null,"reserved_stock":null,"customer_returns":null,"warehouse_damage":null,"lost_in_post":null,"other_logs":null,"out_stock_days":null,"lost_sales":null,"has_location":null,"update_date":null,"atum_locations":[],"atum_stock_status":"instock","restock_status":false,"low_stock_amount":"","sales_update_date":null,"calc_backorders":null,"_links":{"self":[{"href":"https:\/\/revmatch.eu\/es\/wp-json\/wp\/v2\/product\/31428","targetHints":{"allow":["GET"]}}],"collection":[{"href":"https:\/\/revmatch.eu\/es\/wp-json\/wp\/v2\/product"}],"about":[{"href":"https:\/\/revmatch.eu\/es\/wp-json\/wp\/v2\/types\/product"}],"version-history":[{"count":0,"href":"https:\/\/revmatch.eu\/es\/wp-json\/wp\/v2\/product\/31428\/revisions"}],"wp:featuredmedia":[{"embeddable":true,"href":"https:\/\/revmatch.eu\/es\/wp-json\/wp\/v2\/media\/66703"}],"wp:attachment":[{"href":"https:\/\/revmatch.eu\/es\/wp-json\/wp\/v2\/media?parent=31428"}],"wp:term":[{"taxonomy":"product_brand","embeddable":true,"href":"https:\/\/revmatch.eu\/es\/wp-json\/wp\/v2\/product_brand?post=31428"},{"taxonomy":"product_cat","embeddable":true,"href":"https:\/\/revmatch.eu\/es\/wp-json\/wp\/v2\/product_cat?post=31428"},{"taxonomy":"product_tag","embeddable":true,"href":"https:\/\/revmatch.eu\/es\/wp-json\/wp\/v2\/product_tag?post=31428"}],"curies":[{"name":"wp","href":"https:\/\/api.w.org\/{rel}","templated":true}]}}