{"id":31464,"date":"2023-05-23T11:36:02","date_gmt":"2023-05-23T10:36:02","guid":{"rendered":"http:\/\/revmatch.eu\/product\/ferodo-racing-ds2500-fcp4713h\/"},"modified":"2024-06-12T22:12:31","modified_gmt":"2024-06-12T21:12:31","slug":"ferodo-racing-ds2500-fcp4713h","status":"publish","type":"product","link":"https:\/\/revmatch.eu\/es\/producto\/ferodo-racing-ds2500-fcp4713h\/","title":{"rendered":"Ferodo Racing DS2500 \u2013 FCP4713H"},"content":{"rendered":"<p><strong>FCP4713<\/strong><\/p>\n<p>\n<b>Compuesto: DS2500 <\/b><br \/>SIN CERTIFICACI\u00d3N R90 <a data-boundary=\"window\" data-toggle=\"tooltip\" data-trigger=\"hover focus click\" style=\"color:red;cursor:pointer\" title=\"Este compuesto no est\u00e1 recomendado para uso en carretera en aquellos pa\u00edses que requieren certificaci\u00f3n R90.\"><br \/>\n<i class=\"fas fa-info-circle\"><\/i><br \/>\n<\/a><br \/>Para: D\u00eda de pista, uso ligero en carreras, GT trasero<br \/>Temperatura de funcionamiento \u00f3ptima: 0\u00b0 a 500\u00b0C\n                                                                                                                                            <\/p>\n<p>&nbsp;<\/p>\n<p>Compatible con:<br \/>\n&nbsp;<\/p>\n<details>\n<summary>PORSCHE<\/summary>\n<p>PANAMERA (970) 3.0 D:<\/p>\n<ul>\n<li>kilovatios: 184<\/li>\n<li>DESDE &gt; HASTA: 2011 &gt; <\/li>\n<li>POSICI\u00d3N: TRASERA<\/li>\n<\/ul>\n<p>PANAMERA (970) 3.0 D:<\/p>\n<ul>\n<li>kilovatios: 155<\/li>\n<li>DESDE &gt; HASTA: 2011 &gt; <\/li>\n<li>POSICI\u00d3N: TRASERA<\/li>\n<\/ul>\n<p>PANAMERA (970) 3.0 D:<\/p>\n<ul>\n<li>kilovatios: 221<\/li>\n<li>DESDE &gt; HASTA: 2014 &gt; <\/li>\n<li>POSICI\u00d3N: TRASERA<\/li>\n<\/ul>\n<p>911 (991) 3.0 Carrera 4S:<\/p>\n<ul>\n<li>kilovatios: 309<\/li>\n<li>DESDE &gt; HASTA: 2015 &gt; <\/li>\n<li>POSICI\u00d3N: TRASERA<\/li>\n<\/ul>\n<p>911 (991) 3.0 Carrera S:<\/p>\n<ul>\n<li>kilovatios: 309<\/li>\n<li>DESDE &gt; HASTA: 2015 &gt; <\/li>\n<li>POSICI\u00d3N: TRASERA<\/li>\n<\/ul>\n<p>911 (991) 3.0 Carrera 4 GTS:<\/p>\n<ul>\n<li>kilovatios: 331<\/li>\n<li>DESDE &gt; HASTA: 2017 &gt; <\/li>\n<li>POSICI\u00d3N: TRASERA<\/li>\n<\/ul>\n<p>911 (991) 3.0 Carrera GTS:<\/p>\n<ul>\n<li>kilovatios: 331<\/li>\n<li>DESDE &gt; HASTA: 2017 &gt; <\/li>\n<li>POSICI\u00d3N: TRASERA<\/li>\n<\/ul>\n<p>911 Cabrio (991) 3.0 Carrera 4S:<\/p>\n<ul>\n<li>kilovatios: 309<\/li>\n<li>DESDE &gt; HASTA: 2015 &gt; <\/li>\n<li>POSICI\u00d3N: TRASERA<\/li>\n<\/ul>\n<p>911 Convertible (991) 3.0 Carrera S:<\/p>\n<ul>\n<li>kilovatios: 309<\/li>\n<li>DESDE &gt; HASTA: 2015 &gt; <\/li>\n<li>POSICI\u00d3N: TRASERA<\/li>\n<\/ul>\n<p>911 Convertible (991) 3.0 Carrera 4 GTS:<\/p>\n<ul>\n<li>kilovatios: 331<\/li>\n<li>DESDE &gt; HASTA: 2017 &gt; <\/li>\n<li>POSICI\u00d3N: TRASERA<\/li>\n<\/ul>\n<p>911 Convertible (991) 3.0 Carrera GTS:<\/p>\n<ul>\n<li>kilovatios: 331<\/li>\n<li>DESDE &gt; HASTA: 2017 &gt; <\/li>\n<li>POSICI\u00d3N: TRASERA<\/li>\n<\/ul>\n<p>911 Targa (991) 3.0 Carrera 4S:<\/p>\n<ul>\n<li>kilovatios: 309<\/li>\n<li>DESDE &gt; HASTA: 2015 &gt; <\/li>\n<li>POSICI\u00d3N: TRASERA<\/li>\n<\/ul>\n<p>911 Targa (991) 3.0 Carrera 4 GTS:<\/p>\n<ul>\n<li>kilovatios: 331<\/li>\n<li>DESDE &gt; HASTA: 2017 &gt; <\/li>\n<li>POSICI\u00d3N: TRASERA<\/li>\n<\/ul>\n<p>PANAMERA (970) 3.0 S E-H\u00edbrido:<\/p>\n<ul>\n<li>kilovatios: 245<\/li>\n<li>DESDE &gt; HASTA: 2011 &gt; <\/li>\n<li>POSICI\u00d3N: TRASERA<\/li>\n<\/ul>\n<p>PANAMERA (970) 3.0 S E-H\u00edbrido:<\/p>\n<ul>\n<li>kilovatios: 279<\/li>\n<li>DESDE &gt; HASTA: 2011 &gt; <\/li>\n<li>POSICI\u00d3N: TRASERA<\/li>\n<\/ul>\n<p>PANAMERA (970) 3.0 S E-H\u00edbrido:<\/p>\n<ul>\n<li>kilovatios: 306<\/li>\n<li>DESDE &gt; HASTA: 2013 &gt; 2016<\/li>\n<li>POSICI\u00d3N: TRASERA<\/li>\n<\/ul>\n<p>PANAMERA (970) 3.0 4S:<\/p>\n<ul>\n<li>kilovatios: 309<\/li>\n<li>DESDE &gt; HASTA: 2013 &gt; 2016<\/li>\n<li>POSICI\u00d3N: TRASERA<\/li>\n<\/ul>\n<p>PANAMERA (970) 3.0S:<\/p>\n<ul>\n<li>kilovatios: 309<\/li>\n<li>DESDE &gt; HASTA: 2013 &gt; 2016<\/li>\n<li>POSICI\u00d3N: TRASERA<\/li>\n<\/ul>\n<p>PANAMERA (970) 3.0 4S:<\/p>\n<ul>\n<li>kilovatios: 235<\/li>\n<li>DESDE &gt; HASTA: 2013 &gt; <\/li>\n<li>POSICI\u00d3N: TRASERA<\/li>\n<\/ul>\n<p>PANAMERA (970) 3.0S:<\/p>\n<ul>\n<li>kilovatios: 235<\/li>\n<li>DESDE &gt; HASTA: 2013 &gt; <\/li>\n<li>POSICI\u00d3N: TRASERA<\/li>\n<\/ul>\n<p>911 (991) 3.4 Carrera:<\/p>\n<ul>\n<li>kilovatios: 257<\/li>\n<li>DESDE &gt; HASTA: 2011 &gt; <\/li>\n<li>POSICI\u00d3N: TRASERA<\/li>\n<\/ul>\n<p>911 (991) 3.4 Carrera:<\/p>\n<ul>\n<li>N\u00famero de serie: 261<\/li>\n<li>DESDE &gt; HASTA: 2011 &gt; <\/li>\n<li>POSICI\u00d3N: TRASERA<\/li>\n<\/ul>\n<p>911 (991) 3.4 Carrera 4:<\/p>\n<ul>\n<li>N\u00famero de serie: 261<\/li>\n<li>DESDE &gt; HASTA: 2012 &gt; <\/li>\n<li>POSICI\u00d3N: TRASERA<\/li>\n<\/ul>\n<p>911 (991) 3.4 Carrera 4:<\/p>\n<ul>\n<li>kilovatios: 257<\/li>\n<li>DESDE &gt; HASTA: 2012 &gt; <\/li>\n<li>POSICI\u00d3N: TRASERA<\/li>\n<\/ul>\n<p>911 Cabrio (991) 3.4 Carrera:<\/p>\n<ul>\n<li>kilovatios: 257<\/li>\n<li>DESDE &gt; HASTA: 2012 &gt; <\/li>\n<li>POSICI\u00d3N: TRASERA<\/li>\n<\/ul>\n<p>911 Cabrio (991) 3.4 Carrera:<\/p>\n<ul>\n<li>N\u00famero de serie: 261<\/li>\n<li>DESDE &gt; HASTA: 2012 &gt; <\/li>\n<li>POSICI\u00d3N: TRASERA<\/li>\n<\/ul>\n<p>911 Cabrio (991) 3.4 Carrera 4:<\/p>\n<ul>\n<li>N\u00famero de serie: 261<\/li>\n<li>DESDE &gt; HASTA: 2012 &gt; <\/li>\n<li>POSICI\u00d3N: TRASERA<\/li>\n<\/ul>\n<p>911 Cabrio (991) 3.4 Carrera 4:<\/p>\n<ul>\n<li>kilovatios: 257<\/li>\n<li>DESDE &gt; HASTA: 2012 &gt; <\/li>\n<li>POSICI\u00d3N: TRASERA<\/li>\n<\/ul>\n<p>911 Targa (991) 3.4 Carrera 4:<\/p>\n<ul>\n<li>kilovatios: 257<\/li>\n<li>DESDE &gt; HASTA: 2014 &gt; <\/li>\n<li>POSICI\u00d3N: TRASERA<\/li>\n<\/ul>\n<p>PANAMERA (970) 3.6:<\/p>\n<ul>\n<li>kilovatios: 220<\/li>\n<li>DESDE &gt; HASTA: 2010 &gt; <\/li>\n<li>POSICI\u00d3N: TRASERA<\/li>\n<\/ul>\n<p>PANAMERA (970) 3.6 4:<\/p>\n<ul>\n<li>kilovatios: 220<\/li>\n<li>DESDE &gt; HASTA: 2010 &gt; <\/li>\n<li>POSICI\u00d3N: TRASERA<\/li>\n<\/ul>\n<p>PANAMERA (970) 3.6:<\/p>\n<ul>\n<li>kilovatios: 228<\/li>\n<li>DESDE &gt; HASTA: 2013 &gt; <\/li>\n<li>POSICI\u00d3N: TRASERA<\/li>\n<\/ul>\n<p>PANAMERA (970) 3.6 4:<\/p>\n<ul>\n<li>kilovatios: 228<\/li>\n<li>DESDE &gt; HASTA: 2013 &gt; <\/li>\n<li>POSICI\u00d3N: TRASERA<\/li>\n<\/ul>\n<p>911 (991) 3.8 Carrera 4S:<\/p>\n<ul>\n<li>kilovatios: 294<\/li>\n<li>DESDE &gt; HASTA: 2011 &gt; <\/li>\n<li>POSICI\u00d3N: TRASERA<\/li>\n<\/ul>\n<p>911 (991) 3.8 Carrera S:<\/p>\n<ul>\n<li>kilovatios: 294<\/li>\n<li>DESDE &gt; HASTA: 2011 &gt; <\/li>\n<li>POSICI\u00d3N: TRASERA<\/li>\n<\/ul>\n<p>911 (991) 3.8 Carrera S\/GTS:<\/p>\n<ul>\n<li>kilovatios: 316<\/li>\n<li>DESDE &gt; HASTA: 2012 &gt; <\/li>\n<li>POSICI\u00d3N: TRASERA<\/li>\n<\/ul>\n<p>911 (991) 3.8 Carrera 4S \/ 4 GTS:<\/p>\n<ul>\n<li>kilovatios: 316<\/li>\n<li>DESDE &gt; HASTA: 2012 &gt; <\/li>\n<li>POSICI\u00d3N: TRASERA<\/li>\n<\/ul>\n<p>911 Convertible (991) 3.8 Carrera S:<\/p>\n<ul>\n<li>kilovatios: 294<\/li>\n<li>DESDE &gt; HASTA: 2012 &gt; <\/li>\n<li>POSICI\u00d3N: TRASERA<\/li>\n<\/ul>\n<p>911 Convertible (991) 3.8 Carrera S\/GTS:<\/p>\n<ul>\n<li>kilovatios: 316<\/li>\n<li>DESDE &gt; HASTA: 2012 &gt; <\/li>\n<li>POSICI\u00d3N: TRASERA<\/li>\n<\/ul>\n<p>911 Cabrio (991) 3.8 Carrera 4S \/ 4 GTS:<\/p>\n<ul>\n<li>kilovatios: 316<\/li>\n<li>DESDE &gt; HASTA: 2012 &gt; <\/li>\n<li>POSICI\u00d3N: TRASERA<\/li>\n<\/ul>\n<p>911 Convertible (991) 3.8 Carrera S:<\/p>\n<ul>\n<li>kilovatios: 294<\/li>\n<li>DESDE &gt; HASTA: 2012 &gt; <\/li>\n<li>POSICI\u00d3N: TRASERA<\/li>\n<\/ul>\n<p>911 Targa (991) 3.8 Carrera 4S:<\/p>\n<ul>\n<li>kilovatios: 294<\/li>\n<li>DESDE &gt; HASTA: 2014 &gt; <\/li>\n<li>POSICI\u00d3N: TRASERA<\/li>\n<\/ul>\n<p>911 Targa (991) 3.8 Carrera 4S \/ 4 GTS:<\/p>\n<ul>\n<li>kilovatios: 316<\/li>\n<li>DESDE &gt; HASTA: 2014 &gt; <\/li>\n<li>POSICI\u00d3N: TRASERA<\/li>\n<\/ul>\n<p>CAYENA (955) Turbo S 4.5:<\/p>\n<ul>\n<li>kilovatios: 383<\/li>\n<li>DESDE &gt; HASTA: 2006 &gt; 2007<\/li>\n<li>POSICI\u00d3N: TRASERA<\/li>\n<\/ul>\n<p>CAYENA (955) GTS 4.8:<\/p>\n<ul>\n<li>kilovatios: 298<\/li>\n<li>DESDE &gt; HASTA: 2007 &gt; 2010<\/li>\n<li>POSICI\u00d3N: TRASERA<\/li>\n<\/ul>\n<p>CAYENA (955) Turbo S 4.8:<\/p>\n<ul>\n<li>kilovatios: 404<\/li>\n<li>DESDE &gt; HASTA: 2008 &gt; 2010<\/li>\n<li>POSICI\u00d3N: TRASERA<\/li>\n<\/ul>\n<p>PANAMERA (970) 4.8:<\/p>\n<ul>\n<li>kilovatios: 302<\/li>\n<li>DESDE &gt; HASTA: 2009 &gt; <\/li>\n<li>POSICI\u00d3N: TRASERA<\/li>\n<\/ul>\n<p>PANAMERA (970) 4.8 4S:<\/p>\n<ul>\n<li>kilovatios: 294<\/li>\n<li>DESDE &gt; HASTA: 2009 &gt; <\/li>\n<li>POSICI\u00d3N: TRASERA<\/li>\n<\/ul>\n<p>PANAMERA (970) 4.8 4S:<\/p>\n<ul>\n<li>kilovatios: 302<\/li>\n<li>DESDE &gt; HASTA: 2009 &gt; <\/li>\n<li>POSICI\u00d3N: TRASERA<\/li>\n<\/ul>\n<p>PANAMERA (970) 4.8S:<\/p>\n<ul>\n<li>kilovatios: 294<\/li>\n<li>DESDE &gt; HASTA: 2009 &gt; <\/li>\n<li>POSICI\u00d3N: TRASERA<\/li>\n<\/ul>\n<p>PANAMERA (970) 4.8 Turbo:<\/p>\n<ul>\n<li>kilovatios: 368<\/li>\n<li>DESDE &gt; HASTA: 2009 &gt; <\/li>\n<li>POSICI\u00d3N: TRASERA<\/li>\n<\/ul>\n<p>PANAMERA (970) 4.8 Turbo:<\/p>\n<ul>\n<li>kilovatios: 397<\/li>\n<li>DESDE &gt; HASTA: 2010 &gt; <\/li>\n<li>POSICI\u00d3N: TRASERA<\/li>\n<\/ul>\n<p>PANAMERA (970) 4.8 Turbo S:<\/p>\n<ul>\n<li>kilovatios: 404<\/li>\n<li>DESDE &gt; HASTA: 2011 &gt; <\/li>\n<li>POSICI\u00d3N: TRASERA<\/li>\n<\/ul>\n<p>PANAMERA (970) 4.8 GTS:<\/p>\n<ul>\n<li>kilovatios: 316<\/li>\n<li>DESDE &gt; HASTA: 2012 &gt; <\/li>\n<li>POSICI\u00d3N: TRASERA<\/li>\n<\/ul>\n<p>PANAMERA (970) 4.8 GTS:<\/p>\n<ul>\n<li>kilovatios: 320<\/li>\n<li>DESDE &gt; HASTA: 2012 &gt; <\/li>\n<li>POSICI\u00d3N: TRASERA<\/li>\n<\/ul>\n<p>PANAMERA (970) 4.8 GTS:<\/p>\n<ul>\n<li>kilovatios: 324<\/li>\n<li>DESDE &gt; HASTA: 2013 &gt; <\/li>\n<li>POSICI\u00d3N: TRASERA<\/li>\n<\/ul>\n<p>PANAMERA (970) 4.8 Turbo:<\/p>\n<ul>\n<li>kilovatios: 382<\/li>\n<li>DESDE &gt; HASTA: 2013 &gt; <\/li>\n<li>POSICI\u00d3N: TRASERA<\/li>\n<\/ul>\n<p>PANAMERA (970) 4.8 Turbo S:<\/p>\n<ul>\n<li>kilovatios: 419<\/li>\n<li>DESDE &gt; HASTA: 2014 &gt; <\/li>\n<li>POSICI\u00d3N: TRASERA<\/li>\n<\/ul>\n<\/details>","protected":false},"excerpt":{"rendered":"<p><strong>FCP4713<\/strong><\/p>\n<p>\n<b>Compuesto: DS2500 <\/b><br \/>SIN CERTIFICACI\u00d3N R90 <a data-boundary=\"window\" data-toggle=\"tooltip\" data-trigger=\"hover focus click\" style=\"color:red;cursor:pointer\" title=\"Este compuesto no est\u00e1 recomendado para uso en carretera en aquellos pa\u00edses que requieren certificaci\u00f3n R90.\"><br \/>\n<i class=\"fas fa-info-circle\"><\/i><br \/>\n<\/a><br \/>Para: D\u00eda de pista, uso ligero en carreras, GT trasero<br \/>Temperatura de funcionamiento \u00f3ptima: 0\u00b0 a 500\u00b0C\n                                                                                                                                            <\/p>","protected":false},"featured_media":66715,"template":"","meta":{"_crdt_document":"","inline_featured_image":false},"product_brand":[],"product_cat":[116],"product_tag":[],"class_list":{"0":"post-31464","1":"product","2":"type-product","3":"status-publish","4":"has-post-thumbnail","6":"product_cat-brake-pads","8":"first","9":"instock","10":"taxable","11":"shipping-taxable","12":"purchasable","13":"product-type-simple"},"supplier_id":null,"supplier_sku":"","barcode":null,"atum_controlled":true,"out_stock_date":null,"out_stock_threshold":null,"inheritable":false,"inbound_stock":null,"stock_on_hold":null,"sold_today":null,"sales_last_days":null,"reserved_stock":null,"customer_returns":null,"warehouse_damage":null,"lost_in_post":null,"other_logs":null,"out_stock_days":null,"lost_sales":null,"has_location":null,"update_date":null,"atum_locations":[],"atum_stock_status":"instock","restock_status":false,"low_stock_amount":"","sales_update_date":null,"calc_backorders":null,"_links":{"self":[{"href":"https:\/\/revmatch.eu\/es\/wp-json\/wp\/v2\/product\/31464","targetHints":{"allow":["GET"]}}],"collection":[{"href":"https:\/\/revmatch.eu\/es\/wp-json\/wp\/v2\/product"}],"about":[{"href":"https:\/\/revmatch.eu\/es\/wp-json\/wp\/v2\/types\/product"}],"version-history":[{"count":0,"href":"https:\/\/revmatch.eu\/es\/wp-json\/wp\/v2\/product\/31464\/revisions"}],"wp:featuredmedia":[{"embeddable":true,"href":"https:\/\/revmatch.eu\/es\/wp-json\/wp\/v2\/media\/66715"}],"wp:attachment":[{"href":"https:\/\/revmatch.eu\/es\/wp-json\/wp\/v2\/media?parent=31464"}],"wp:term":[{"taxonomy":"product_brand","embeddable":true,"href":"https:\/\/revmatch.eu\/es\/wp-json\/wp\/v2\/product_brand?post=31464"},{"taxonomy":"product_cat","embeddable":true,"href":"https:\/\/revmatch.eu\/es\/wp-json\/wp\/v2\/product_cat?post=31464"},{"taxonomy":"product_tag","embeddable":true,"href":"https:\/\/revmatch.eu\/es\/wp-json\/wp\/v2\/product_tag?post=31464"}],"curies":[{"name":"wp","href":"https:\/\/api.w.org\/{rel}","templated":true}]}}