{"id":31468,"date":"2023-05-23T11:36:10","date_gmt":"2023-05-23T10:36:10","guid":{"rendered":"http:\/\/revmatch.eu\/product\/ferodo-racing-ds2500-fcp4805h\/"},"modified":"2024-06-12T22:12:33","modified_gmt":"2024-06-12T21:12:33","slug":"ferodo-racing-ds2500-fcp4805h","status":"publish","type":"product","link":"https:\/\/revmatch.eu\/es\/producto\/ferodo-racing-ds2500-fcp4805h\/","title":{"rendered":"Ferodo Racing DS2500 \u2013 FCP4805H"},"content":{"rendered":"<p><strong>FCP4805<\/strong><\/p>\n<p>\n<b>Compuesto: DS2500 <\/b><br \/>SIN CERTIFICACI\u00d3N R90 <a data-boundary=\"window\" data-toggle=\"tooltip\" data-trigger=\"hover focus click\" style=\"color:red;cursor:pointer\" title=\"Este compuesto no est\u00e1 recomendado para uso en carretera en aquellos pa\u00edses que requieren certificaci\u00f3n R90.\"><br \/>\n<i class=\"fas fa-info-circle\"><\/i><br \/>\n<\/a><br \/>Para: D\u00eda de pista, uso ligero en carreras, GT trasero<br \/>Temperatura de funcionamiento \u00f3ptima: 0\u00b0 a 500\u00b0C\n                                                                                                                                            <\/p>\n<p>&nbsp;<\/p>\n<p>Compatible con:<br \/>\n&nbsp;<\/p>\n<details>\n<summary>PORSCHE<\/summary>\n<p>718 BOXSTER (982) 2.0:<\/p>\n<ul>\n<li>kilovatios: 220<\/li>\n<li>DESDE &gt; HASTA: 2016 &gt; <\/li>\n<li>POSICI\u00d3N: DELANTERO<\/li>\n<\/ul>\n<p>718 CAIM\u00c1N (982) 2.0:<\/p>\n<ul>\n<li>kilovatios: 220<\/li>\n<li>DESDE &gt; HASTA: 2016 &gt; <\/li>\n<li>POSICI\u00d3N: DELANTERO<\/li>\n<\/ul>\n<p>718 BOXSTER (982) S 2.5:<\/p>\n<ul>\n<li>kilovatios: 257<\/li>\n<li>DESDE &gt; HASTA: 2016 &gt; <\/li>\n<li>POSICI\u00d3N: DELANTERO<\/li>\n<\/ul>\n<p>718 BOXSTER (982) 2.5 GTS:<\/p>\n<ul>\n<li>kilovatios: 269<\/li>\n<li>DESDE &gt; HASTA: 2017 &gt; <\/li>\n<li>POSICI\u00d3N: DELANTERO<\/li>\n<\/ul>\n<p>718 CAIM\u00c1N (982) S 2.5:<\/p>\n<ul>\n<li>kilovatios: 257<\/li>\n<li>DESDE &gt; HASTA: 2016 &gt; <\/li>\n<li>POSICI\u00d3N: DELANTERO<\/li>\n<\/ul>\n<p>718 CAIM\u00c1N (982) 2.5 GTS:<\/p>\n<ul>\n<li>kilovatios: 269<\/li>\n<li>DESDE &gt; HASTA: 2017 &gt; <\/li>\n<li>POSICI\u00d3N: DELANTERO<\/li>\n<\/ul>\n<p>BOXSTER (981) 2.7:<\/p>\n<ul>\n<li>kilovatios: 195<\/li>\n<li>DESDE &gt; HASTA: 2012 &gt; <\/li>\n<li>POSICI\u00d3N: DELANTERO<\/li>\n<\/ul>\n<p>CAIM\u00c1N (981) 2.7:<\/p>\n<ul>\n<li>kilovatios: 202<\/li>\n<li>DESDE &gt; HASTA: 2013 &gt; <\/li>\n<li>POSICI\u00d3N: DELANTERO<\/li>\n<\/ul>\n<p>CAIM\u00c1N (987) 2.7:<\/p>\n<ul>\n<li>kilovatios: 205<\/li>\n<li>DESDE &gt; HASTA: 2012 &gt; 2011<\/li>\n<li>POSICI\u00d3N: DELANTERO<\/li>\n<\/ul>\n<p>CAIM\u00c1N (987) S 3.4:<\/p>\n<ul>\n<li>kilovatios: 242<\/li>\n<li>DESDE &gt; HASTA: 2012 &gt; 2011<\/li>\n<li>POSICI\u00d3N: DELANTERO<\/li>\n<\/ul>\n<p>911 (991) 3.4 Carrera:<\/p>\n<ul>\n<li>kilovatios: 257<\/li>\n<li>DESDE &gt; HASTA: 2011 &gt; <\/li>\n<li>POSICI\u00d3N: DELANTERO<\/li>\n<\/ul>\n<p>911 (991) 3.4 Carrera:<\/p>\n<ul>\n<li>N\u00famero de serie: 261<\/li>\n<li>DESDE &gt; HASTA: 2011 &gt; <\/li>\n<li>POSICI\u00d3N: DELANTERO<\/li>\n<\/ul>\n<p>911 (991) 3.4 Carrera 4:<\/p>\n<ul>\n<li>N\u00famero de serie: 261<\/li>\n<li>DESDE &gt; HASTA: 2012 &gt; <\/li>\n<li>POSICI\u00d3N: DELANTERO<\/li>\n<\/ul>\n<p>911 (991) 3.4 Carrera 4:<\/p>\n<ul>\n<li>kilovatios: 257<\/li>\n<li>DESDE &gt; HASTA: 2012 &gt; <\/li>\n<li>POSICI\u00d3N: DELANTERO<\/li>\n<\/ul>\n<p>911 Cabrio (991) 3.4 Carrera:<\/p>\n<ul>\n<li>kilovatios: 257<\/li>\n<li>DESDE &gt; HASTA: 2012 &gt; <\/li>\n<li>POSICI\u00d3N: DELANTERO<\/li>\n<\/ul>\n<p>911 Cabrio (991) 3.4 Carrera:<\/p>\n<ul>\n<li>N\u00famero de serie: 261<\/li>\n<li>DESDE &gt; HASTA: 2012 &gt; <\/li>\n<li>POSICI\u00d3N: DELANTERO<\/li>\n<\/ul>\n<p>911 Cabrio (991) 3.4 Carrera 4:<\/p>\n<ul>\n<li>N\u00famero de serie: 261<\/li>\n<li>DESDE &gt; HASTA: 2012 &gt; <\/li>\n<li>POSICI\u00d3N: DELANTERO<\/li>\n<\/ul>\n<p>911 Cabrio (991) 3.4 Carrera 4:<\/p>\n<ul>\n<li>kilovatios: 257<\/li>\n<li>DESDE &gt; HASTA: 2012 &gt; <\/li>\n<li>POSICI\u00d3N: DELANTERO<\/li>\n<\/ul>\n<p>911 Targa (991) 3.4 Carrera 4:<\/p>\n<ul>\n<li>kilovatios: 257<\/li>\n<li>DESDE &gt; HASTA: 2014 &gt; <\/li>\n<li>POSICI\u00d3N: DELANTERO<\/li>\n<\/ul>\n<p>BOXSTER (981) S 3.4:<\/p>\n<ul>\n<li>kilovatios: 232<\/li>\n<li>DESDE &gt; HASTA: 2012 &gt; <\/li>\n<li>POSICI\u00d3N: DELANTERO<\/li>\n<\/ul>\n<p>BOXSTER (981) GTS 3.4:<\/p>\n<ul>\n<li>kilovatios: 243<\/li>\n<li>DESDE &gt; HASTA: 2014 &gt; <\/li>\n<li>POSICI\u00d3N: DELANTERO<\/li>\n<\/ul>\n<p>CAIM\u00c1N (981) S 3.4:<\/p>\n<ul>\n<li>kilovatios: 239<\/li>\n<li>DESDE &gt; HASTA: 2013 &gt; <\/li>\n<li>POSICI\u00d3N: DELANTERO<\/li>\n<\/ul>\n<p>CAIM\u00c1N (981) GTS 3.4:<\/p>\n<ul>\n<li>kilovatios: 250<\/li>\n<li>DESDE &gt; HASTA: 2014 &gt; <\/li>\n<li>POSICI\u00d3N: DELANTERO<\/li>\n<\/ul>\n<p>911 (991) 3.6 Carrera:<\/p>\n<ul>\n<li>kilovatios: 257<\/li>\n<li>DESDE &gt; HASTA: 2011 &gt; <\/li>\n<li>POSICI\u00d3N: DELANTERO<\/li>\n<\/ul>\n<p>911 (997) 3.6 Carrera:<\/p>\n<ul>\n<li>kilovatios: 254<\/li>\n<li>DESDE &gt; HASTA: 2008 &gt; 2011<\/li>\n<li>POSICI\u00d3N: DELANTERO<\/li>\n<\/ul>\n<p>911 (997) 3.6 Carrera 4:<\/p>\n<ul>\n<li>kilovatios: 254<\/li>\n<li>DESDE &gt; HASTA: 2008 &gt; 2012<\/li>\n<li>POSICI\u00d3N: DELANTERO<\/li>\n<\/ul>\n<p>911 Cabrio (991) 3.6 Carrera:<\/p>\n<ul>\n<li>kilovatios: 257<\/li>\n<li>DESDE &gt; HASTA: 2012 &gt; <\/li>\n<li>POSICI\u00d3N: DELANTERO<\/li>\n<\/ul>\n<p>911 Cabrio (997) 3.6 Carrera:<\/p>\n<ul>\n<li>kilovatios: 254<\/li>\n<li>DESDE &gt; HASTA: 2008 &gt; 2011<\/li>\n<li>POSICI\u00d3N: DELANTERO<\/li>\n<\/ul>\n<p>911 Cabrio (997) 3.6 Carrera 4:<\/p>\n<ul>\n<li>kilovatios: 254<\/li>\n<li>DESDE &gt; HASTA: 2008 &gt; 2012<\/li>\n<li>POSICI\u00d3N: DELANTERO<\/li>\n<\/ul>\n<p>911 Cabrio (997) 3.6 Carrera 4:<\/p>\n<ul>\n<li>KW: 395<\/li>\n<li>DESDE &gt; HASTA: 2010 &gt; 2011<\/li>\n<li>POSICI\u00d3N: DELANTERO<\/li>\n<\/ul>\n<p>911 Targa (997) 3.6 Carrera 4:<\/p>\n<ul>\n<li>kilovatios: 254<\/li>\n<li>DESDE &gt; HASTA: 2008 &gt; 2012<\/li>\n<li>POSICI\u00d3N: DELANTERO<\/li>\n<\/ul>\n<p>BOXSTER Spyder (981) 3.8:<\/p>\n<ul>\n<li>N\u00famero de serie: 276<\/li>\n<li>DESDE &gt; HASTA: 2015 &gt; <\/li>\n<li>POSICI\u00d3N: DELANTERO<\/li>\n<\/ul>\n<p>BOXSTER Spyder (981) 3.8:<\/p>\n<ul>\n<li>N\u00famero de serie: 276<\/li>\n<li>DESDE &gt; HASTA: 2015 &gt; <\/li>\n<li>POSICI\u00d3N: DELANTERO<\/li>\n<\/ul>\n<\/details>","protected":false},"excerpt":{"rendered":"<p><strong>FCP4805<\/strong><\/p>\n<p>\n<b>Compuesto: DS2500 <\/b><br \/>SIN CERTIFICACI\u00d3N R90 <a data-boundary=\"window\" data-toggle=\"tooltip\" data-trigger=\"hover focus click\" style=\"color:red;cursor:pointer\" title=\"Este compuesto no est\u00e1 recomendado para uso en carretera en aquellos pa\u00edses que requieren certificaci\u00f3n R90.\"><br \/>\n<i class=\"fas fa-info-circle\"><\/i><br \/>\n<\/a><br \/>Para: D\u00eda de pista, uso ligero en carreras, GT trasero<br \/>Temperatura de funcionamiento \u00f3ptima: 0\u00b0 a 500\u00b0C\n                                                                                                                                            <\/p>","protected":false},"featured_media":66717,"template":"","meta":{"_crdt_document":"","inline_featured_image":false},"product_brand":[],"product_cat":[116],"product_tag":[],"class_list":{"0":"post-31468","1":"product","2":"type-product","3":"status-publish","4":"has-post-thumbnail","6":"product_cat-brake-pads","8":"first","9":"instock","10":"taxable","11":"shipping-taxable","12":"purchasable","13":"product-type-simple"},"supplier_id":null,"supplier_sku":"","barcode":null,"atum_controlled":true,"out_stock_date":null,"out_stock_threshold":null,"inheritable":false,"inbound_stock":null,"stock_on_hold":null,"sold_today":null,"sales_last_days":null,"reserved_stock":null,"customer_returns":null,"warehouse_damage":null,"lost_in_post":null,"other_logs":null,"out_stock_days":null,"lost_sales":null,"has_location":null,"update_date":null,"atum_locations":[],"atum_stock_status":"instock","restock_status":false,"low_stock_amount":"","sales_update_date":null,"calc_backorders":null,"_links":{"self":[{"href":"https:\/\/revmatch.eu\/es\/wp-json\/wp\/v2\/product\/31468","targetHints":{"allow":["GET"]}}],"collection":[{"href":"https:\/\/revmatch.eu\/es\/wp-json\/wp\/v2\/product"}],"about":[{"href":"https:\/\/revmatch.eu\/es\/wp-json\/wp\/v2\/types\/product"}],"version-history":[{"count":0,"href":"https:\/\/revmatch.eu\/es\/wp-json\/wp\/v2\/product\/31468\/revisions"}],"wp:featuredmedia":[{"embeddable":true,"href":"https:\/\/revmatch.eu\/es\/wp-json\/wp\/v2\/media\/66717"}],"wp:attachment":[{"href":"https:\/\/revmatch.eu\/es\/wp-json\/wp\/v2\/media?parent=31468"}],"wp:term":[{"taxonomy":"product_brand","embeddable":true,"href":"https:\/\/revmatch.eu\/es\/wp-json\/wp\/v2\/product_brand?post=31468"},{"taxonomy":"product_cat","embeddable":true,"href":"https:\/\/revmatch.eu\/es\/wp-json\/wp\/v2\/product_cat?post=31468"},{"taxonomy":"product_tag","embeddable":true,"href":"https:\/\/revmatch.eu\/es\/wp-json\/wp\/v2\/product_tag?post=31468"}],"curies":[{"name":"wp","href":"https:\/\/api.w.org\/{rel}","templated":true}]}}