{"id":31501,"date":"2023-05-23T11:37:16","date_gmt":"2023-05-23T10:37:16","guid":{"rendered":"http:\/\/revmatch.eu\/product\/ferodo-racing-ds2500-fcp4967h\/"},"modified":"2024-06-12T22:12:49","modified_gmt":"2024-06-12T21:12:49","slug":"ferodo-racing-ds2500-fcp4967h","status":"publish","type":"product","link":"https:\/\/revmatch.eu\/es\/producto\/ferodo-racing-ds2500-fcp4967h\/","title":{"rendered":"Ferodo Racing DS2500 \u2013 FCP4967H"},"content":{"rendered":"<p><strong>FCP4967<\/strong><\/p>\n<p>\n<b>Compuesto: DS2500 <\/b><br \/>SIN CERTIFICACI\u00d3N R90 <a data-boundary=\"window\" data-toggle=\"tooltip\" data-trigger=\"hover focus click\" style=\"color:red;cursor:pointer\" title=\"Este compuesto no est\u00e1 recomendado para uso en carretera en aquellos pa\u00edses que requieren certificaci\u00f3n R90.\"><br \/>\n<i class=\"fas fa-info-circle\"><\/i><br \/>\n<\/a><br \/>Para: D\u00eda de pista, uso ligero en carreras, GT trasero<br \/>Temperatura de funcionamiento \u00f3ptima: 0\u00b0 a 500\u00b0C\n                                                                                                                                            <\/p>\n<p>&nbsp;<\/p>\n<p>Compatible con:<br \/>\n&nbsp;<\/p>\n<details>\n<summary>AUDI<\/summary>\n<p>E-TRON (GEN) 55 quattro:<\/p>\n<ul>\n<li>kilovatios: 300<\/li>\n<li>DESDE &gt; HASTA: 2018 &gt; <\/li>\n<li>POSICI\u00d3N: DELANTERO<\/li>\n<\/ul>\n<p>E-TRON (GEN) 50 quattro:<\/p>\n<ul>\n<li>kilovatios: 230<\/li>\n<li>DESDE &gt; HASTA: 2019 &gt; <\/li>\n<li>POSICI\u00d3N: DELANTERO<\/li>\n<\/ul>\n<p>E-TRON Sportback (GEA) 50 quattro:<\/p>\n<ul>\n<li>kilovatios: 230<\/li>\n<li>DESDE &gt; HASTA: 2019 &gt; <\/li>\n<li>POSICI\u00d3N: DELANTERO<\/li>\n<\/ul>\n<p>E-TRON Sportback (GEA) 55 quattro:<\/p>\n<ul>\n<li>kilovatios: 300<\/li>\n<li>DESDE &gt; HASTA: 2019 &gt; <\/li>\n<li>POSICI\u00d3N: DELANTERO<\/li>\n<\/ul>\n<p>A3 Sportback (8YA) 30 TFSI:<\/p>\n<ul>\n<li>kilovatios: 81<\/li>\n<li>DESDE &gt; HASTA: 2020 &gt; <\/li>\n<li>POSICI\u00d3N: DELANTERO<\/li>\n<\/ul>\n<p>A3 Sportback (8YA) 30 TFSI H\u00edbrido suave:<\/p>\n<ul>\n<li>kilovatios: 81<\/li>\n<li>DESDE &gt; HASTA: 2020 &gt; <\/li>\n<li>POSICI\u00d3N: DELANTERO<\/li>\n<\/ul>\n<p>A3 Allstreet (8YH) 40 TFSIe:<\/p>\n<ul>\n<li>kilovatios: 150<\/li>\n<li>DESDE &gt; HASTA: 2022 &gt; <\/li>\n<li>POSICI\u00d3N: DELANTERO<\/li>\n<\/ul>\n<p>A3 Sportback (8YA) 40 TFSIe:<\/p>\n<ul>\n<li>kilovatios: 150<\/li>\n<li>DESDE &gt; HASTA: 2020 &gt; <\/li>\n<li>POSICI\u00d3N: DELANTERO<\/li>\n<\/ul>\n<p>A3 Allstreet (8YH) 35 TFSI H\u00edbrido suave:<\/p>\n<ul>\n<li>kilovatios: 110<\/li>\n<li>DESDE &gt; HASTA: 2022 &gt; <\/li>\n<li>POSICI\u00d3N: DELANTERO<\/li>\n<\/ul>\n<p>A3 Sportback (8YA) 35 TFSI:<\/p>\n<ul>\n<li>kilovatios: 110<\/li>\n<li>DESDE &gt; HASTA: 2019 &gt; <\/li>\n<li>POSICI\u00d3N: DELANTERO<\/li>\n<\/ul>\n<p>A3 Sportback (8YA) 35 TFSI H\u00edbrido suave:<\/p>\n<ul>\n<li>kilovatios: 110<\/li>\n<li>DESDE &gt; HASTA: 2020 &gt; <\/li>\n<li>POSICI\u00d3N: DELANTERO<\/li>\n<\/ul>\n<p>A3 Allstreet (8YH) 35 TDI:<\/p>\n<ul>\n<li>kilovatios: 110<\/li>\n<li>DESDE &gt; HASTA: 2022 &gt; <\/li>\n<li>POSICI\u00d3N: DELANTERO<\/li>\n<\/ul>\n<p>A3 Sportback (8YA) 30 TDI:<\/p>\n<ul>\n<li>kilovatios: 85<\/li>\n<li>DESDE &gt; HASTA: 2019 &gt; <\/li>\n<li>POSICI\u00d3N: DELANTERO<\/li>\n<\/ul>\n<p>A3 Sportback (8YA) 35 TDI:<\/p>\n<ul>\n<li>kilovatios: 110<\/li>\n<li>DESDE &gt; HASTA: 2019 &gt; <\/li>\n<li>POSICI\u00d3N: DELANTERO<\/li>\n<\/ul>\n<p>A3 Allstreet (8YH) 40 TFSI quattro:<\/p>\n<ul>\n<li>kilovatios: 140<\/li>\n<li>DESDE &gt; HASTA: 2022 &gt; <\/li>\n<li>POSICI\u00d3N: DELANTERO<\/li>\n<\/ul>\n<p>A6 C8 (4A2) 45 TFSI H\u00edbrido suave:<\/p>\n<ul>\n<li>kilovatios: 180<\/li>\n<li>DESDE &gt; HASTA: 2018 &gt; <\/li>\n<li>POSICI\u00d3N: DELANTERO<\/li>\n<\/ul>\n<p>A6 C8 (4A2) 45 TFSI H\u00edbrido suave:<\/p>\n<ul>\n<li>kilovatios: 180<\/li>\n<li>DESDE &gt; HASTA: 2018 &gt; <\/li>\n<li>POSICI\u00d3N: TRASERA<\/li>\n<\/ul>\n<p>A6 C8 (4A2) 45 TFSI Mild Hybrid quattro:<\/p>\n<ul>\n<li>kilovatios: 180<\/li>\n<li>DESDE &gt; HASTA: 2018 &gt; <\/li>\n<li>POSICI\u00d3N: DELANTERO<\/li>\n<\/ul>\n<p>A6 C8 (4A2) 45 TFSI Mild Hybrid quattro:<\/p>\n<ul>\n<li>kilovatios: 180<\/li>\n<li>DESDE &gt; HASTA: 2018 &gt; <\/li>\n<li>POSICI\u00d3N: TRASERA<\/li>\n<\/ul>\n<p>A6 C8 (4A2) 50 TFSI y quattro:<\/p>\n<ul>\n<li>kilovatios: 220<\/li>\n<li>DESDE &gt; HASTA: 2019 &gt; <\/li>\n<li>POSICI\u00d3N: DELANTERO<\/li>\n<\/ul>\n<p>A6 C8 (4A2) 50 TFSI y quattro:<\/p>\n<ul>\n<li>kilovatios: 220<\/li>\n<li>DESDE &gt; HASTA: 2019 &gt; <\/li>\n<li>POSICI\u00d3N: TRASERA<\/li>\n<\/ul>\n<p>A6 C8 (4A2) 45 TFSI H\u00edbrido suave:<\/p>\n<ul>\n<li>kilovatios: 195<\/li>\n<li>DESDE &gt; HASTA: 2020 &gt; <\/li>\n<li>POSICI\u00d3N: DELANTERO<\/li>\n<\/ul>\n<p>A6 C8 (4A2) 45 TFSI H\u00edbrido suave:<\/p>\n<ul>\n<li>kilovatios: 195<\/li>\n<li>DESDE &gt; HASTA: 2020 &gt; <\/li>\n<li>POSICI\u00d3N: TRASERA<\/li>\n<\/ul>\n<p>A6 C8 (4A2) 45 TFSI Mild Hybrid quattro:<\/p>\n<ul>\n<li>kilovatios: 195<\/li>\n<li>DESDE &gt; HASTA: 2020 &gt; <\/li>\n<li>POSICI\u00d3N: DELANTERO<\/li>\n<\/ul>\n<p>A6 C8 (4A2) 45 TFSI Mild Hybrid quattro:<\/p>\n<ul>\n<li>kilovatios: 195<\/li>\n<li>DESDE &gt; HASTA: 2020 &gt; <\/li>\n<li>POSICI\u00d3N: TRASERA<\/li>\n<\/ul>\n<p>A6 C8 Avant (4A5) 45 TFSI H\u00edbrido suave:<\/p>\n<ul>\n<li>kilovatios: 180<\/li>\n<li>DESDE &gt; HASTA: 2018 &gt; <\/li>\n<li>POSICI\u00d3N: DELANTERO<\/li>\n<\/ul>\n<p>A6 C8 Avant (4A5) 45 TFSI H\u00edbrido suave:<\/p>\n<ul>\n<li>kilovatios: 180<\/li>\n<li>DESDE &gt; HASTA: 2018 &gt; <\/li>\n<li>POSICI\u00d3N: TRASERA<\/li>\n<\/ul>\n<p>A6 C8 Avant (4A5) 45 TFSI Mild Hybrid quattro:<\/p>\n<ul>\n<li>kilovatios: 180<\/li>\n<li>DESDE &gt; HASTA: 2018 &gt; <\/li>\n<li>POSICI\u00d3N: DELANTERO<\/li>\n<\/ul>\n<p>A6 C8 Avant (4A5) 45 TFSI Mild Hybrid quattro:<\/p>\n<ul>\n<li>kilovatios: 180<\/li>\n<li>DESDE &gt; HASTA: 2018 &gt; <\/li>\n<li>POSICI\u00d3N: TRASERA<\/li>\n<\/ul>\n<p>A6 C8 Avant (4A5) 55 TFSI y quattro:<\/p>\n<ul>\n<li>kilovatios: 185<\/li>\n<li>DESDE &gt; HASTA: 2020 &gt; <\/li>\n<li>POSICI\u00d3N: DELANTERO<\/li>\n<\/ul>\n<p>A6 C8 Avant (4A5) 55 TFSI y quattro:<\/p>\n<ul>\n<li>kilovatios: 185<\/li>\n<li>DESDE &gt; HASTA: 2020 &gt; <\/li>\n<li>POSICI\u00d3N: TRASERA<\/li>\n<\/ul>\n<p>A6 C8 Avant (4A5) 45 TFSI H\u00edbrido suave:<\/p>\n<ul>\n<li>kilovatios: 195<\/li>\n<li>DESDE &gt; HASTA: 2020 &gt; <\/li>\n<li>POSICI\u00d3N: DELANTERO<\/li>\n<\/ul>\n<p>A6 C8 Avant (4A5) 45 TFSI H\u00edbrido suave:<\/p>\n<ul>\n<li>kilovatios: 195<\/li>\n<li>DESDE &gt; HASTA: 2020 &gt; <\/li>\n<li>POSICI\u00d3N: TRASERA<\/li>\n<\/ul>\n<p>A6 C8 Avant (4A5) 45 TFSI Mild Hybrid quattro:<\/p>\n<ul>\n<li>kilovatios: 195<\/li>\n<li>DESDE &gt; HASTA: 2020 &gt; <\/li>\n<li>POSICI\u00d3N: DELANTERO<\/li>\n<\/ul>\n<p>A6 C8 Avant (4A5) 45 TFSI Mild Hybrid quattro:<\/p>\n<ul>\n<li>kilovatios: 195<\/li>\n<li>DESDE &gt; HASTA: 2020 &gt; <\/li>\n<li>POSICI\u00d3N: TRASERA<\/li>\n<\/ul>\n<p>A7 Sportback (4KA) 50 TFSI y quattro:<\/p>\n<ul>\n<li>kilovatios: 220<\/li>\n<li>DESDE &gt; HASTA: 2019 &gt; <\/li>\n<li>POSICI\u00d3N: DELANTERO<\/li>\n<\/ul>\n<p>A7 Sportback (4KA) 50 TFSI y quattro:<\/p>\n<ul>\n<li>kilovatios: 220<\/li>\n<li>DESDE &gt; HASTA: 2019 &gt; <\/li>\n<li>POSICI\u00d3N: TRASERA<\/li>\n<\/ul>\n<p>A7 Sportback (4KA) 45 TFSI H\u00edbrido suave:<\/p>\n<ul>\n<li>kilovatios: 195<\/li>\n<li>DESDE &gt; HASTA: 2020 &gt; <\/li>\n<li>POSICI\u00d3N: DELANTERO<\/li>\n<\/ul>\n<p>A7 Sportback (4KA) 45 TFSI H\u00edbrido suave:<\/p>\n<ul>\n<li>kilovatios: 195<\/li>\n<li>DESDE &gt; HASTA: 2020 &gt; <\/li>\n<li>POSICI\u00d3N: TRASERA<\/li>\n<\/ul>\n<p>A7 Sportback (4KA) 45 TFSI Mild Hybrid quattro:<\/p>\n<ul>\n<li>kilovatios: 195<\/li>\n<li>DESDE &gt; HASTA: 2020 &gt; <\/li>\n<li>POSICI\u00d3N: DELANTERO<\/li>\n<\/ul>\n<p>A7 Sportback (4KA) 45 TFSI Mild Hybrid quattro:<\/p>\n<ul>\n<li>kilovatios: 195<\/li>\n<li>DESDE &gt; HASTA: 2020 &gt; <\/li>\n<li>POSICI\u00d3N: TRASERA<\/li>\n<\/ul>\n<p>Q5 (FYB, FYG) 50 TFSI y quattro:<\/p>\n<ul>\n<li>kilovatios: 220<\/li>\n<li>DESDE &gt; HASTA: 2019 &gt; <\/li>\n<li>POSICI\u00d3N: DELANTERO<\/li>\n<\/ul>\n<p>Q5 (FYB, FYG) 50 TFSI y quattro:<\/p>\n<ul>\n<li>kilovatios: 185<\/li>\n<li>DESDE &gt; HASTA: 2019 &gt; 2020<\/li>\n<li>POSICI\u00d3N: TRASERA<\/li>\n<\/ul>\n<p>Q5 (FYB, FYG) 55 TFSI y quattro:<\/p>\n<ul>\n<li>kilovatios: 185<\/li>\n<li>DESDE &gt; HASTA: 2019 &gt; 2020<\/li>\n<li>POSICI\u00d3N: TRASERA<\/li>\n<\/ul>\n<p>Q7 (4MB, 4MG) 2.0 TFSI quattro:<\/p>\n<ul>\n<li>kilovatios: 185<\/li>\n<li>DESDE &gt; HASTA: 2015 &gt; <\/li>\n<li>POSICI\u00d3N: DELANTERO<\/li>\n<\/ul>\n<p>A3 Sportback (8YA) RS3 Quattro:<\/p>\n<ul>\n<li>KW: 299,35<\/li>\n<li>DESDE &gt; HASTA: 2022 &gt; <\/li>\n<li>POSICI\u00d3N: DELANTERO<\/li>\n<\/ul>\n<p>A4 B9 Avant (8W5, 8WD) RS4 quattro:<\/p>\n<ul>\n<li>kilovatios: 331<\/li>\n<li>DESDE &gt; HASTA: 2017 &gt; 2019<\/li>\n<li>POSICI\u00d3N: DELANTERO<\/li>\n<\/ul>\n<p>A5 (F53, F5P) RS5 quattro:<\/p>\n<ul>\n<li>kilovatios: 331<\/li>\n<li>DESDE &gt; HASTA: 2017 &gt; <\/li>\n<li>POSICI\u00d3N: DELANTERO<\/li>\n<\/ul>\n<p>A5 Sportback (F5A, F5F) RS5 quattro:<\/p>\n<ul>\n<li>kilovatios: 331<\/li>\n<li>DESDE &gt; HASTA: 2018 &gt; <\/li>\n<li>POSICI\u00d3N: DELANTERO<\/li>\n<\/ul>\n<p>A4 Allroad B9 (8WH, 8WJ) 3.0 TDI quattro:<\/p>\n<ul>\n<li>kilovatios: 210<\/li>\n<li>DESDE &gt; HASTA: 2018 &gt; 2019<\/li>\n<li>POSICI\u00d3N: DELANTERO<\/li>\n<\/ul>\n<p>A4 Allroad B9 (8WH, 8WJ) 45 TDI quattro:<\/p>\n<ul>\n<li>kilovatios: 170<\/li>\n<li>DESDE &gt; HASTA: 2018 &gt; <\/li>\n<li>POSICI\u00d3N: DELANTERO<\/li>\n<\/ul>\n<p>A4 B9 (8W2, 8WC) 45 TDI quattro:<\/p>\n<ul>\n<li>kilovatios: 170<\/li>\n<li>DESDE &gt; HASTA: 2018 &gt; 2019<\/li>\n<li>POSICI\u00d3N: DELANTERO<\/li>\n<\/ul>\n<p>A4 B9 (8W2, 8WC) 50 TDI quattro:<\/p>\n<ul>\n<li>kilovatios: 210<\/li>\n<li>DESDE &gt; HASTA: 2018 &gt; 2019<\/li>\n<li>POSICI\u00d3N: DELANTERO<\/li>\n<\/ul>\n<p>A4 B9 (8W2, 8WC) S4 TDI Mild Hybrid quattro:<\/p>\n<ul>\n<li>KW: 255<\/li>\n<li>DESDE &gt; HASTA: 2019 &gt; <\/li>\n<li>POSICI\u00d3N: DELANTERO<\/li>\n<\/ul>\n<p>A4 B9 Avant (8W5, 8WD) 45 TDI quattro:<\/p>\n<ul>\n<li>kilovatios: 170<\/li>\n<li>DESDE &gt; HASTA: 2018 &gt; 2019<\/li>\n<li>POSICI\u00d3N: DELANTERO<\/li>\n<\/ul>\n<p>A4 B9 Avant (8W5, 8WD) 50 TDI quattro:<\/p>\n<ul>\n<li>kilovatios: 210<\/li>\n<li>DESDE &gt; HASTA: 2018 &gt; 2019<\/li>\n<li>POSICI\u00d3N: DELANTERO<\/li>\n<\/ul>\n<p>A4 B9 Avant (8W5, 8WD) S4 TDI Mild Hybrid quattro:<\/p>\n<ul>\n<li>KW: 255<\/li>\n<li>DESDE &gt; HASTA: 2019 &gt; <\/li>\n<li>POSICI\u00d3N: DELANTERO<\/li>\n<\/ul>\n<p>A5 (F53, F5P) 3.0 TDI quattro:<\/p>\n<ul>\n<li>kilovatios: 210<\/li>\n<li>DESDE &gt; HASTA: 2017 &gt; 2020<\/li>\n<li>POSICI\u00d3N: DELANTERO<\/li>\n<\/ul>\n<p>A5 (F53, F5P) 50 TDI quattro:<\/p>\n<ul>\n<li>kilovatios: 210<\/li>\n<li>DESDE &gt; HASTA: 2017 &gt; 2020<\/li>\n<li>POSICI\u00d3N: DELANTERO<\/li>\n<\/ul>\n<p>A5 (F53, F5P) 45 TDI quattro:<\/p>\n<ul>\n<li>kilovatios: 170<\/li>\n<li>DESDE &gt; HASTA: 2018 &gt; 2020<\/li>\n<li>POSICI\u00d3N: DELANTERO<\/li>\n<\/ul>\n<p>A5 (F53, F5P) S5 TDI Mild Hybrid quattro:<\/p>\n<ul>\n<li>KW: 255<\/li>\n<li>DESDE &gt; HASTA: 2018 &gt; 2020<\/li>\n<li>POSICI\u00d3N: DELANTERO<\/li>\n<\/ul>\n<p>A5 Cabrio (F57, F5E) 3.0 TDI quattro:<\/p>\n<ul>\n<li>kilovatios: 210<\/li>\n<li>DESDE &gt; HASTA: 2016 &gt; 2019<\/li>\n<li>POSICI\u00d3N: DELANTERO<\/li>\n<\/ul>\n<p>A5 Cabrio (F57, F5E) 50 TDI quattro:<\/p>\n<ul>\n<li>kilovatios: 210<\/li>\n<li>DESDE &gt; HASTA: 2016 &gt; 2019<\/li>\n<li>POSICI\u00d3N: DELANTERO<\/li>\n<\/ul>\n<p>A5 Sportback (F5A, F5F) 3.0 TDI quattro:<\/p>\n<ul>\n<li>kilovatios: 210<\/li>\n<li>DESDE &gt; HASTA: 2017 &gt; 2020<\/li>\n<li>POSICI\u00d3N: DELANTERO<\/li>\n<\/ul>\n<p>A5 Sportback (F5A, F5F) 50 TDI quattro:<\/p>\n<ul>\n<li>kilovatios: 210<\/li>\n<li>DESDE &gt; HASTA: 2017 &gt; 2020<\/li>\n<li>POSICI\u00d3N: DELANTERO<\/li>\n<\/ul>\n<p>A5 Sportback (F5A, F5F) 45 TDI quattro:<\/p>\n<ul>\n<li>kilovatios: 170<\/li>\n<li>DESDE &gt; HASTA: 2018 &gt; 2020<\/li>\n<li>POSICI\u00d3N: DELANTERO<\/li>\n<\/ul>\n<p>A5 Sportback (F5A, F5F) S5 TDI Mild Hybrid quattro:<\/p>\n<ul>\n<li>KW: 255<\/li>\n<li>DESDE &gt; HASTA: 2018 &gt; 2020<\/li>\n<li>POSICI\u00d3N: DELANTERO<\/li>\n<\/ul>\n<p>A6 Allroad C8 (4AH) 45 TDI Mild Hybrid quattro:<\/p>\n<ul>\n<li>kilovatios: 170<\/li>\n<li>DESDE &gt; HASTA: 2018 &gt; <\/li>\n<li>POSICI\u00d3N: DELANTERO<\/li>\n<\/ul>\n<p>A6 Allroad C8 (4AH) 45 TDI Mild Hybrid quattro:<\/p>\n<ul>\n<li>kilovatios: 170<\/li>\n<li>DESDE &gt; HASTA: 2018 &gt; <\/li>\n<li>POSICI\u00d3N: TRASERA<\/li>\n<\/ul>\n<p>A6 Allroad C8 (4AH) 50 TDI Mild Hybrid quattro:<\/p>\n<ul>\n<li>kilovatios: 210<\/li>\n<li>DESDE &gt; HASTA: 2018 &gt; <\/li>\n<li>POSICI\u00d3N: DELANTERO<\/li>\n<\/ul>\n<p>A6 Allroad C8 (4AH) 50 TDI Mild Hybrid quattro:<\/p>\n<ul>\n<li>kilovatios: 210<\/li>\n<li>DESDE &gt; HASTA: 2018 &gt; <\/li>\n<li>POSICI\u00d3N: TRASERA<\/li>\n<\/ul>\n<p>A6 Allroad C8 (4AH) 55 TDI Mild Hybrid quattro:<\/p>\n<ul>\n<li>kilovatios: 257<\/li>\n<li>DESDE &gt; HASTA: 2019 &gt; <\/li>\n<li>POSICI\u00d3N: DELANTERO<\/li>\n<\/ul>\n<p>A6 C8 (4A2) 45 TDI Mild Hybrid quattro:<\/p>\n<ul>\n<li>kilovatios: 155<\/li>\n<li>DESDE &gt; HASTA: 2018 &gt; <\/li>\n<li>POSICI\u00d3N: DELANTERO<\/li>\n<\/ul>\n<p>A6 C8 (4A2) 45 TDI Mild Hybrid quattro:<\/p>\n<ul>\n<li>kilovatios: 155<\/li>\n<li>DESDE &gt; HASTA: 2018 &gt; <\/li>\n<li>POSICI\u00d3N: TRASERA<\/li>\n<\/ul>\n<p>A6 C8 (4A2) S6 TDI Mild Hybrid quattro:<\/p>\n<ul>\n<li>kilovatios: 257<\/li>\n<li>DESDE &gt; HASTA: 2019 &gt; <\/li>\n<li>POSICI\u00d3N: DELANTERO<\/li>\n<\/ul>\n<p>A6 C8 Avant (4A5) 45 TDI Mild Hybrid quattro:<\/p>\n<ul>\n<li>kilovatios: 155<\/li>\n<li>DESDE &gt; HASTA: 2018 &gt; <\/li>\n<li>POSICI\u00d3N: DELANTERO<\/li>\n<\/ul>\n<p>A6 C8 Avant (4A5) 45 TDI Mild Hybrid quattro:<\/p>\n<ul>\n<li>kilovatios: 155<\/li>\n<li>DESDE &gt; HASTA: 2018 &gt; <\/li>\n<li>POSICI\u00d3N: TRASERA<\/li>\n<\/ul>\n<p>A6 C8 Avant (4A5) S6 TDI Mild Hybrid quattro:<\/p>\n<ul>\n<li>kilovatios: 257<\/li>\n<li>DESDE &gt; HASTA: 2019 &gt; <\/li>\n<li>POSICI\u00d3N: DELANTERO<\/li>\n<\/ul>\n<p>A7 Sportback (4KA) 50 TDI Mild Hybrid quattro:<\/p>\n<ul>\n<li>kilovatios: 210<\/li>\n<li>DESDE &gt; HASTA: 2017 &gt; <\/li>\n<li>POSICI\u00d3N: DELANTERO<\/li>\n<\/ul>\n<p>A7 Sportback (4KA) 45 TDI Mild Hybrid quattro:<\/p>\n<ul>\n<li>kilovatios: 155<\/li>\n<li>DESDE &gt; HASTA: 2018 &gt; <\/li>\n<li>POSICI\u00d3N: DELANTERO<\/li>\n<\/ul>\n<p>A7 Sportback (4KA) 45 TDI Mild Hybrid quattro:<\/p>\n<ul>\n<li>kilovatios: 170<\/li>\n<li>DESDE &gt; HASTA: 2018 &gt; <\/li>\n<li>POSICI\u00d3N: DELANTERO<\/li>\n<\/ul>\n<p>A8 D5 (4N2, 4N8) 50 TDI h\u00edbrido suave quattro:<\/p>\n<ul>\n<li>kilovatios: 210<\/li>\n<li>DESDE &gt; HASTA: 2017 &gt; <\/li>\n<li>POSICI\u00d3N: DELANTERO<\/li>\n<\/ul>\n<p>A8 D5 (4N2, 4N8) 45 TDI quattro (4N2, 4N8):<\/p>\n<ul>\n<li>kilovatios: 183<\/li>\n<li>DESDE &gt; HASTA: 2019 &gt; <\/li>\n<li>POSICI\u00d3N: DELANTERO<\/li>\n<\/ul>\n<p>Q5 (FYB, FYG) 3.0 TDI quattro:<\/p>\n<ul>\n<li>kilovatios: 210<\/li>\n<li>DESDE &gt; HASTA: 2017 &gt; 2020<\/li>\n<li>POSICI\u00d3N: DELANTERO<\/li>\n<\/ul>\n<p>Q5 (FYB, FYG) SQ5 TDI Mild Hybrid quattro:<\/p>\n<ul>\n<li>KW: 255<\/li>\n<li>DESDE &gt; HASTA: 2019 &gt; 2020<\/li>\n<li>POSICI\u00d3N: DELANTERO<\/li>\n<\/ul>\n<p>Q7 (4MB, 4MG) 3.0 TDI quattro:<\/p>\n<ul>\n<li>kilovatios: 200<\/li>\n<li>DESDE &gt; HASTA: 2015 &gt; 2019<\/li>\n<li>POSICI\u00d3N: DELANTERO<\/li>\n<\/ul>\n<p>Q7 (4MB, 4MG) 3.0 TDI quattro:<\/p>\n<ul>\n<li>kilovatios: 160<\/li>\n<li>DESDE &gt; HASTA: 2015 &gt; 2019<\/li>\n<li>POSICI\u00d3N: DELANTERO<\/li>\n<\/ul>\n<p>Q7 (4MB, 4MG) 3.0 TDI quattro:<\/p>\n<ul>\n<li>kilovatios: 183<\/li>\n<li>DESDE &gt; HASTA: 2015 &gt; 2019<\/li>\n<li>POSICI\u00d3N: DELANTERO<\/li>\n<\/ul>\n<p>Q7 (4MB, 4MG) 3.0 TDI e-tron quattro:<\/p>\n<ul>\n<li>kilovatios: 190<\/li>\n<li>DESDE &gt; HASTA: 2015 &gt; 2019<\/li>\n<li>POSICI\u00d3N: DELANTERO<\/li>\n<\/ul>\n<p>Q7 (4MB, 4MG) 3.0 TDI quattro:<\/p>\n<ul>\n<li>kilovatios: 190<\/li>\n<li>DESDE &gt; HASTA: 2015 &gt; 2019<\/li>\n<li>POSICI\u00d3N: DELANTERO<\/li>\n<\/ul>\n<p>Q7 (4MB, 4MG) 3.0 TDI quattro:<\/p>\n<ul>\n<li>kilovatios: 155<\/li>\n<li>DESDE &gt; HASTA: 2015 &gt; 2019<\/li>\n<li>POSICI\u00d3N: DELANTERO<\/li>\n<\/ul>\n<p>Q7 (4MB, 4MG) 45 TDI h\u00edbrido suave quattro:<\/p>\n<ul>\n<li>kilovatios: 170<\/li>\n<li>DESDE &gt; HASTA: 2018 &gt; 2019<\/li>\n<li>POSICI\u00d3N: DELANTERO<\/li>\n<\/ul>\n<p>Q7 (4MB, 4MG) 50 TDI h\u00edbrido suave quattro:<\/p>\n<ul>\n<li>kilovatios: 210<\/li>\n<li>DESDE &gt; HASTA: 2018 &gt; 2019<\/li>\n<li>POSICI\u00d3N: DELANTERO<\/li>\n<\/ul>\n<p>Q8 (4MN) 45 TDI quattro:<\/p>\n<ul>\n<li>kilovatios: 183<\/li>\n<li>DESDE &gt; HASTA: 2018 &gt; <\/li>\n<li>POSICI\u00d3N: DELANTERO<\/li>\n<\/ul>\n<p>Q8 (4MN) 45 TDi Mild Hybrid quattro:<\/p>\n<ul>\n<li>kilovatios: 170<\/li>\n<li>DESDE &gt; HASTA: 2018 &gt; <\/li>\n<li>POSICI\u00d3N: DELANTERO<\/li>\n<\/ul>\n<p>Q8 (4MN) 50 TDI h\u00edbrido suave quattro:<\/p>\n<ul>\n<li>kilovatios: 210<\/li>\n<li>DESDE &gt; HASTA: 2018 &gt; <\/li>\n<li>POSICI\u00d3N: DELANTERO<\/li>\n<\/ul>\n<p>A4 B9 (8W2, 8WC) S4 quattro:<\/p>\n<ul>\n<li>kilovatios: 260<\/li>\n<li>DESDE &gt; HASTA: 2016 &gt; 2019<\/li>\n<li>POSICI\u00d3N: DELANTERO<\/li>\n<\/ul>\n<p>A4 B9 Avant (8W5, 8WD) S4 quattro:<\/p>\n<ul>\n<li>kilovatios: 260<\/li>\n<li>DESDE &gt; HASTA: 2016 &gt; 2019<\/li>\n<li>POSICI\u00d3N: DELANTERO<\/li>\n<\/ul>\n<p>A5 (F53, F5P) S5 quattro:<\/p>\n<ul>\n<li>kilovatios: 260<\/li>\n<li>DESDE &gt; HASTA: 2016 &gt; <\/li>\n<li>POSICI\u00d3N: DELANTERO<\/li>\n<\/ul>\n<p>A5 Cabrio (F57, F5E) S5 quattro:<\/p>\n<ul>\n<li>kilovatios: 260<\/li>\n<li>DESDE &gt; HASTA: 2017 &gt; <\/li>\n<li>POSICI\u00d3N: DELANTERO<\/li>\n<\/ul>\n<p>A5 Sportback (F5A, F5F) S5 quattro:<\/p>\n<ul>\n<li>kilovatios: 260<\/li>\n<li>DESDE &gt; HASTA: 2016 &gt; <\/li>\n<li>POSICI\u00d3N: DELANTERO<\/li>\n<\/ul>\n<p>A6 Allroad C8 (4AH) 55 TFSI Mild Hybrid quattro:<\/p>\n<ul>\n<li>kilovatios: 250<\/li>\n<li>DESDE &gt; HASTA: 2019 &gt; <\/li>\n<li>POSICI\u00d3N: DELANTERO<\/li>\n<\/ul>\n<p>A7 Sportback (4KA) 55 TFSI Mild Hybrid quattro:<\/p>\n<ul>\n<li>kilovatios: 250<\/li>\n<li>DESDE &gt; HASTA: 2017 &gt; <\/li>\n<li>POSICI\u00d3N: DELANTERO<\/li>\n<\/ul>\n<p>A8 D5 (4N2, 4N8) 55 TFSI h\u00edbrido suave quattro:<\/p>\n<ul>\n<li>kilovatios: 250<\/li>\n<li>DESDE &gt; HASTA: 2017 &gt; <\/li>\n<li>POSICI\u00d3N: DELANTERO<\/li>\n<\/ul>\n<p>A8 D5 (4N2, 4N8) 50 TFSI h\u00edbrido suave quattro (4N8):<\/p>\n<ul>\n<li>kilovatios: 210<\/li>\n<li>DESDE &gt; HASTA: 2018 &gt; <\/li>\n<li>POSICI\u00d3N: DELANTERO<\/li>\n<\/ul>\n<p>A8 D5 (4N2, 4N8) 60 TFSI y quattro:<\/p>\n<ul>\n<li>kilovatios: 250<\/li>\n<li>DESDE &gt; HASTA: 2019 &gt; <\/li>\n<li>POSICI\u00d3N: DELANTERO<\/li>\n<\/ul>\n<p>Q5 (FYB, FYG) SQ5 TFSI quattro:<\/p>\n<ul>\n<li>kilovatios: 260<\/li>\n<li>DESDE &gt; HASTA: 2016 &gt; <\/li>\n<li>POSICI\u00d3N: DELANTERO<\/li>\n<\/ul>\n<p>Q7 (4MB, 4MG) 3.0 TFSI quattro:<\/p>\n<ul>\n<li>kilovatios: 245<\/li>\n<li>DESDE &gt; HASTA: 2015 &gt; 2019<\/li>\n<li>POSICI\u00d3N: DELANTERO<\/li>\n<\/ul>\n<p>Q7 (4MB, 4MG) 55 TFSI h\u00edbrido suave quattro:<\/p>\n<ul>\n<li>kilovatios: 250<\/li>\n<li>DESDE &gt; HASTA: 2019 &gt; <\/li>\n<li>POSICI\u00d3N: DELANTERO<\/li>\n<\/ul>\n<p>Q8 (4MN) 55 TFSI h\u00edbrido suave quattro:<\/p>\n<ul>\n<li>kilovatios: 250<\/li>\n<li>DESDE &gt; HASTA: 2018 &gt; <\/li>\n<li>POSICI\u00d3N: DELANTERO<\/li>\n<\/ul>\n<p>Q7 (4MB, 4MG) SQ7 TDI quattro:<\/p>\n<ul>\n<li>kilovatios: 320<\/li>\n<li>DESDE &gt; HASTA: 2016 &gt; 2019<\/li>\n<li>POSICI\u00d3N: DELANTERO<\/li>\n<\/ul>\n<p>A8 D5 (4N2, 4N8) 60 TFSI h\u00edbrido suave quattro:<\/p>\n<ul>\n<li>kilovatios: 338<\/li>\n<li>DESDE &gt; HASTA: 2018 &gt; <\/li>\n<li>POSICI\u00d3N: DELANTERO<\/li>\n<\/ul>\n<\/details>\n<details>\n<summary>CUPRA<\/summary>\n<p>FORMENTOR (KM7) 1.4 e-H\u00cdBRIDO:<\/p>\n<ul>\n<li>kilovatios: 150<\/li>\n<li>DESDE &gt; HASTA: 2021 &gt; <\/li>\n<li>POSICI\u00d3N: DELANTERO<\/li>\n<\/ul>\n<p>FORMENTOR (KM7) 1.5 TSI:<\/p>\n<ul>\n<li>kilovatios: 110<\/li>\n<li>DESDE &gt; HASTA: 2020 &gt; <\/li>\n<li>POSICI\u00d3N: DELANTERO<\/li>\n<\/ul>\n<p>FORMENTOR (KM7) 2.0 TDI:<\/p>\n<ul>\n<li>kilovatios: 110<\/li>\n<li>DESDE &gt; HASTA: 2021 &gt; <\/li>\n<li>POSICI\u00d3N: DELANTERO<\/li>\n<\/ul>\n<p>FORMENTOR (KM7) 2.0 TDI 4DRIVE:<\/p>\n<ul>\n<li>kilovatios: 110<\/li>\n<li>DESDE &gt; HASTA: 2021 &gt; <\/li>\n<li>POSICI\u00d3N: DELANTERO<\/li>\n<\/ul>\n<p>FORMENTOR (KM7) 2.0 TSI 4DRIVE:<\/p>\n<ul>\n<li>kilovatios: 140<\/li>\n<li>DESDE &gt; HASTA: 2020 &gt; <\/li>\n<li>POSICI\u00d3N: DELANTERO<\/li>\n<\/ul>\n<p>FORMENTOR (KM7) 2.5 VZ5 4Drive:<\/p>\n<ul>\n<li>kilovatios: 287<\/li>\n<li>DESDE &gt; HASTA: 2021 &gt; <\/li>\n<li>POSICI\u00d3N: DELANTERO<\/li>\n<\/ul>\n<\/details>\n<details>\n<summary>VOLKSWAGEN<\/summary>\n<p>TOUAREG (CR7) 2.0 TFSi 4motion:<\/p>\n<ul>\n<li>kilovatios: 183<\/li>\n<li>DESDE &gt; HASTA: 2018 &gt; <\/li>\n<li>POSICI\u00d3N: DELANTERO<\/li>\n<\/ul>\n<p>TOUAREG (CR7) 3.0 TDI 4motion:<\/p>\n<ul>\n<li>kilovatios: 210<\/li>\n<li>DESDE &gt; HASTA: 2017 &gt; <\/li>\n<li>POSICI\u00d3N: DELANTERO<\/li>\n<\/ul>\n<p>TOUAREG (CR7) 3.0 TDI 4motion:<\/p>\n<ul>\n<li>kilovatios: 183<\/li>\n<li>DESDE &gt; HASTA: 2018 &gt; <\/li>\n<li>POSICI\u00d3N: DELANTERO<\/li>\n<\/ul>\n<p>TOUAREG (CR7) 3.0 TDI 4motion:<\/p>\n<ul>\n<li>kilovatios: 170<\/li>\n<li>DESDE &gt; HASTA: 2018 &gt; <\/li>\n<li>POSICI\u00d3N: DELANTERO<\/li>\n<\/ul>\n<p>TOUAREG (CR7) 3.0 TSI 4motion:<\/p>\n<ul>\n<li>kilovatios: 250<\/li>\n<li>DESDE &gt; HASTA: 2018 &gt; <\/li>\n<li>POSICI\u00d3N: DELANTERO<\/li>\n<\/ul>\n<\/details>","protected":false},"excerpt":{"rendered":"<p><strong>FCP4967<\/strong><\/p>\n<p>\n<b>Compuesto: DS2500 <\/b><br \/>SIN CERTIFICACI\u00d3N R90 <a data-boundary=\"window\" data-toggle=\"tooltip\" data-trigger=\"hover focus click\" style=\"color:red;cursor:pointer\" title=\"Este compuesto no est\u00e1 recomendado para uso en carretera en aquellos pa\u00edses que requieren certificaci\u00f3n R90.\"><br \/>\n<i class=\"fas fa-info-circle\"><\/i><br \/>\n<\/a><br \/>Para: D\u00eda de pista, uso ligero en carreras, GT trasero<br \/>Temperatura de funcionamiento \u00f3ptima: 0\u00b0 a 500\u00b0C\n                                                                                                                                            <\/p>","protected":false},"featured_media":66729,"template":"","meta":{"_crdt_document":"","inline_featured_image":false},"product_brand":[],"product_cat":[116],"product_tag":[],"class_list":{"0":"post-31501","1":"product","2":"type-product","3":"status-publish","4":"has-post-thumbnail","6":"product_cat-brake-pads","8":"first","9":"instock","10":"taxable","11":"shipping-taxable","12":"purchasable","13":"product-type-simple"},"supplier_id":null,"supplier_sku":"","barcode":null,"atum_controlled":true,"out_stock_date":null,"out_stock_threshold":null,"inheritable":false,"inbound_stock":null,"stock_on_hold":null,"sold_today":null,"sales_last_days":null,"reserved_stock":null,"customer_returns":null,"warehouse_damage":null,"lost_in_post":null,"other_logs":null,"out_stock_days":null,"lost_sales":null,"has_location":null,"update_date":null,"atum_locations":[],"atum_stock_status":"instock","restock_status":false,"low_stock_amount":"","sales_update_date":null,"calc_backorders":null,"_links":{"self":[{"href":"https:\/\/revmatch.eu\/es\/wp-json\/wp\/v2\/product\/31501","targetHints":{"allow":["GET"]}}],"collection":[{"href":"https:\/\/revmatch.eu\/es\/wp-json\/wp\/v2\/product"}],"about":[{"href":"https:\/\/revmatch.eu\/es\/wp-json\/wp\/v2\/types\/product"}],"version-history":[{"count":0,"href":"https:\/\/revmatch.eu\/es\/wp-json\/wp\/v2\/product\/31501\/revisions"}],"wp:featuredmedia":[{"embeddable":true,"href":"https:\/\/revmatch.eu\/es\/wp-json\/wp\/v2\/media\/66729"}],"wp:attachment":[{"href":"https:\/\/revmatch.eu\/es\/wp-json\/wp\/v2\/media?parent=31501"}],"wp:term":[{"taxonomy":"product_brand","embeddable":true,"href":"https:\/\/revmatch.eu\/es\/wp-json\/wp\/v2\/product_brand?post=31501"},{"taxonomy":"product_cat","embeddable":true,"href":"https:\/\/revmatch.eu\/es\/wp-json\/wp\/v2\/product_cat?post=31501"},{"taxonomy":"product_tag","embeddable":true,"href":"https:\/\/revmatch.eu\/es\/wp-json\/wp\/v2\/product_tag?post=31501"}],"curies":[{"name":"wp","href":"https:\/\/api.w.org\/{rel}","templated":true}]}}