{"id":31511,"date":"2023-05-23T11:37:34","date_gmt":"2023-05-23T10:37:34","guid":{"rendered":"http:\/\/revmatch.eu\/product\/ferodo-racing-ds2500-fcp5055h\/"},"modified":"2024-06-12T22:13:10","modified_gmt":"2024-06-12T21:13:10","slug":"ferodo-racing-ds2500-fcp5055h","status":"publish","type":"product","link":"https:\/\/revmatch.eu\/es\/producto\/ferodo-racing-ds2500-fcp5055h\/","title":{"rendered":"Ferodo Racing DS2500 \u2013 FCP5055H"},"content":{"rendered":"<p><strong>FCP5055<\/strong><\/p>\n<p>\n<b>Compuesto: DS2500 <\/b><br \/>SIN CERTIFICACI\u00d3N R90 <a data-boundary=\"window\" data-toggle=\"tooltip\" data-trigger=\"hover focus click\" style=\"color:red;cursor:pointer\" title=\"Este compuesto no est\u00e1 recomendado para uso en carretera en aquellos pa\u00edses que requieren certificaci\u00f3n R90.\"><br \/>\n<i class=\"fas fa-info-circle\"><\/i><br \/>\n<\/a><br \/>Para: D\u00eda de pista, uso ligero en carreras, GT trasero<br \/>Temperatura de funcionamiento \u00f3ptima: 0\u00b0 a 500\u00b0C\n                                                                                                                                            <\/p>\n<p>&nbsp;<\/p>\n<p>Compatible con:<br \/>\n&nbsp;<\/p>\n<details>\n<summary>BMW<\/summary>\n<p>3 (G20) 320i:<\/p>\n<ul>\n<li>kilovatios: 125<\/li>\n<li>DESDE &gt; HASTA: 2019 &gt; <\/li>\n<li>POSICI\u00d3N: DELANTERO<\/li>\n<\/ul>\n<p>X3 (G01, F97) X3 sDrive 20i:<\/p>\n<ul>\n<li>kilovatios: 125<\/li>\n<li>DESDE &gt; HASTA: 2017 &gt; <\/li>\n<li>POSICI\u00d3N: DELANTERO<\/li>\n<\/ul>\n<p>3 (G20) 320d:<\/p>\n<ul>\n<li>kilovatios: 120<\/li>\n<li>DESDE &gt; HASTA: 2018 &gt; <\/li>\n<li>POSICI\u00d3N: DELANTERO<\/li>\n<\/ul>\n<p>3 (G20) 320d:<\/p>\n<ul>\n<li>kilovatios: 140<\/li>\n<li>DESDE &gt; HASTA: 2018 &gt; <\/li>\n<li>POSICI\u00d3N: DELANTERO<\/li>\n<\/ul>\n<p>3 (G20) 320d xDrive:<\/p>\n<ul>\n<li>kilovatios: 120<\/li>\n<li>DESDE &gt; HASTA: 2018 &gt; <\/li>\n<li>POSICI\u00d3N: DELANTERO<\/li>\n<\/ul>\n<p>3 (G20) 320d xDrive:<\/p>\n<ul>\n<li>kilovatios: 140<\/li>\n<li>DESDE &gt; HASTA: 2018 &gt; <\/li>\n<li>POSICI\u00d3N: DELANTERO<\/li>\n<\/ul>\n<p>3 (G20) 318d:<\/p>\n<ul>\n<li>kilovatios: 100<\/li>\n<li>DESDE &gt; HASTA: 2019 &gt; <\/li>\n<li>POSICI\u00d3N: DELANTERO<\/li>\n<\/ul>\n<p>3 (G20) 318d:<\/p>\n<ul>\n<li>kilovatios: 110<\/li>\n<li>DESDE &gt; HASTA: 2019 &gt; <\/li>\n<li>POSICI\u00d3N: DELANTERO<\/li>\n<\/ul>\n<p>5 (G30, F90) 525d:<\/p>\n<ul>\n<li>kilovatios: 155<\/li>\n<li>DESDE &gt; HASTA: 2017 &gt; <\/li>\n<li>POSICI\u00d3N: DELANTERO<\/li>\n<\/ul>\n<p>5 (G30, F90) 525d:<\/p>\n<ul>\n<li>kilovatios: 170<\/li>\n<li>DESDE &gt; HASTA: 2017 &gt; <\/li>\n<li>POSICI\u00d3N: DELANTERO<\/li>\n<\/ul>\n<p>5 Touring (G31) 520d xDrive Touring:<\/p>\n<ul>\n<li>kilovatios: 120<\/li>\n<li>DESDE &gt; HASTA: 2017 &gt; <\/li>\n<li>POSICI\u00d3N: DELANTERO<\/li>\n<\/ul>\n<p>5 Touring (G31) 520d xDrive Touring:<\/p>\n<ul>\n<li>kilovatios: 140<\/li>\n<li>DESDE &gt; HASTA: 2017 &gt; <\/li>\n<li>POSICI\u00d3N: DELANTERO<\/li>\n<\/ul>\n<p>5 Touring (G31) 525d Touring:<\/p>\n<ul>\n<li>kilovatios: 155<\/li>\n<li>DESDE &gt; HASTA: 2017 &gt; <\/li>\n<li>POSICI\u00d3N: DELANTERO<\/li>\n<\/ul>\n<p>5 Touring (G31) 525d Touring:<\/p>\n<ul>\n<li>kilovatios: 170<\/li>\n<li>DESDE &gt; HASTA: 2017 &gt; <\/li>\n<li>POSICI\u00d3N: DELANTERO<\/li>\n<\/ul>\n<p>X3 (G01, F97) X3 xDrive 20d:<\/p>\n<ul>\n<li>kilovatios: 120<\/li>\n<li>DESDE &gt; HASTA: 2017 &gt; <\/li>\n<li>POSICI\u00d3N: DELANTERO<\/li>\n<\/ul>\n<p>X3 (G01, F97) X3 xDrive 20d:<\/p>\n<ul>\n<li>kilovatios: 140<\/li>\n<li>DESDE &gt; HASTA: 2017 &gt; <\/li>\n<li>POSICI\u00d3N: DELANTERO<\/li>\n<\/ul>\n<p>X3 (G01, F97) X3 sDrive 18p:<\/p>\n<ul>\n<li>kilovatios: 100<\/li>\n<li>DESDE &gt; HASTA: 2018 &gt; <\/li>\n<li>POSICI\u00d3N: DELANTERO<\/li>\n<\/ul>\n<p>X3 (G01, F97) X3 sDrive 18p:<\/p>\n<ul>\n<li>kilovatios: 110<\/li>\n<li>DESDE &gt; HASTA: 2018 &gt; <\/li>\n<li>POSICI\u00d3N: DELANTERO<\/li>\n<\/ul>\n<p>X3 (G01, F97) X3 xDrive 25d:<\/p>\n<ul>\n<li>kilovatios: 155<\/li>\n<li>DESDE &gt; HASTA: 2018 &gt; <\/li>\n<li>POSICI\u00d3N: DELANTERO<\/li>\n<\/ul>\n<p>X3 (G01, F97) X3 xDrive 25d:<\/p>\n<ul>\n<li>kilovatios: 170<\/li>\n<li>DESDE &gt; HASTA: 2018 &gt; <\/li>\n<li>POSICI\u00d3N: DELANTERO<\/li>\n<\/ul>\n<p>X4 (G02, F98) X4 xDrive 20d:<\/p>\n<ul>\n<li>kilovatios: 120<\/li>\n<li>DESDE &gt; HASTA: 2018 &gt; <\/li>\n<li>POSICI\u00d3N: DELANTERO<\/li>\n<\/ul>\n<p>X4 (G02, F98) X4 xDrive 20d:<\/p>\n<ul>\n<li>kilovatios: 140<\/li>\n<li>DESDE &gt; HASTA: 2018 &gt; <\/li>\n<li>POSICI\u00d3N: DELANTERO<\/li>\n<\/ul>\n<p>X4 (G02, F98) X4 xDrive 25d:<\/p>\n<ul>\n<li>kilovatios: 155<\/li>\n<li>DESDE &gt; HASTA: 2018 &gt; <\/li>\n<li>POSICI\u00d3N: DELANTERO<\/li>\n<\/ul>\n<p>X4 (G02, F98) X4 xDrive 25d:<\/p>\n<ul>\n<li>kilovatios: 170<\/li>\n<li>DESDE &gt; HASTA: 2018 &gt; <\/li>\n<li>POSICI\u00d3N: DELANTERO<\/li>\n<\/ul>\n<p>3 (G20) 330i:<\/p>\n<ul>\n<li>kilovatios: 190<\/li>\n<li>DESDE &gt; HASTA: 2018 &gt; <\/li>\n<li>POSICI\u00d3N: DELANTERO<\/li>\n<\/ul>\n<p>3 (G20) 320i:<\/p>\n<ul>\n<li>kilovatios: 135<\/li>\n<li>DESDE &gt; HASTA: 2019 &gt; <\/li>\n<li>POSICI\u00d3N: DELANTERO<\/li>\n<\/ul>\n<p>3 (G20) 330i xDrive:<\/p>\n<ul>\n<li>kilovatios: 190<\/li>\n<li>DESDE &gt; HASTA: 2019 &gt; <\/li>\n<li>POSICI\u00d3N: DELANTERO<\/li>\n<\/ul>\n<p>5 (G30, F90) 530i:<\/p>\n<ul>\n<li>kilovatios: 185<\/li>\n<li>DESDE &gt; HASTA: 2016 &gt; <\/li>\n<li>POSICI\u00d3N: DELANTERO<\/li>\n<\/ul>\n<p>5 (G30, F90) 530i xDrive:<\/p>\n<ul>\n<li>kilovatios: 185<\/li>\n<li>DESDE &gt; HASTA: 2016 &gt; <\/li>\n<li>POSICI\u00d3N: DELANTERO<\/li>\n<\/ul>\n<p>5 (G30, F90) 530e:<\/p>\n<ul>\n<li>kilovatios: 135<\/li>\n<li>DESDE &gt; HASTA: 2017 &gt; <\/li>\n<li>POSICI\u00d3N: DELANTERO<\/li>\n<\/ul>\n<p>5 Touring (G31) 530i Touring:<\/p>\n<ul>\n<li>kilovatios: 185<\/li>\n<li>DESDE &gt; HASTA: 2017 &gt; <\/li>\n<li>POSICI\u00d3N: DELANTERO<\/li>\n<\/ul>\n<p>5 Touring (G31) 530i xDrive Touring:<\/p>\n<ul>\n<li>kilovatios: 185<\/li>\n<li>DESDE &gt; HASTA: 2017 &gt; <\/li>\n<li>POSICI\u00d3N: DELANTERO<\/li>\n<\/ul>\n<p>Z4 Roadster (G29) Z4 sDrive 20i Cabrio:<\/p>\n<ul>\n<li>kilovatios: 145<\/li>\n<li>DESDE &gt; HASTA: 2018 &gt; <\/li>\n<li>POSICI\u00d3N: DELANTERO<\/li>\n<\/ul>\n<p>6 Gran Turismo (G32) 630i Gran Turismo:<\/p>\n<ul>\n<li>kilovatios: 190<\/li>\n<li>DESDE &gt; HASTA: 2017 &gt; <\/li>\n<li>POSICI\u00d3N: DELANTERO<\/li>\n<\/ul>\n<p>5 (G30, F90) 530e iRendimiento:<\/p>\n<ul>\n<li>kilovatios: 135<\/li>\n<li>DESDE &gt; HASTA: 2017 &gt; <\/li>\n<li>POSICI\u00d3N: DELANTERO<\/li>\n<\/ul>\n<p>7 (G11, G12) 730i:<\/p>\n<ul>\n<li>kilovatios: 190<\/li>\n<li>DESDE &gt; HASTA: 2016 &gt; <\/li>\n<li>POSICI\u00d3N: DELANTERO<\/li>\n<\/ul>\n<p>7 (G11, G12) 740e:<\/p>\n<ul>\n<li>kilovatios: 190<\/li>\n<li>DESDE &gt; HASTA: 2016 &gt; <\/li>\n<li>POSICI\u00d3N: DELANTERO<\/li>\n<\/ul>\n<p>7 (G11, G12) 740e xDrive:<\/p>\n<ul>\n<li>kilovatios: 190<\/li>\n<li>DESDE &gt; HASTA: 2016 &gt; <\/li>\n<li>POSICI\u00d3N: DELANTERO<\/li>\n<\/ul>\n<p>7 (G11, G12) 730i:<\/p>\n<ul>\n<li>kilovatios: 195<\/li>\n<li>DESDE &gt; HASTA: 2019 &gt; <\/li>\n<li>POSICI\u00d3N: DELANTERO<\/li>\n<\/ul>\n<p>X3 (G01, F97) X3 sDrive 20i:<\/p>\n<ul>\n<li>kilovatios: 135<\/li>\n<li>DESDE &gt; HASTA: 2017 &gt; <\/li>\n<li>POSICI\u00d3N: DELANTERO<\/li>\n<\/ul>\n<p>X3 (G01, F97) X3 xDrive 30i:<\/p>\n<ul>\n<li>kilovatios: 185<\/li>\n<li>DESDE &gt; HASTA: 2017 &gt; <\/li>\n<li>POSICI\u00d3N: DELANTERO<\/li>\n<\/ul>\n<p>X3 (G01, F97) X3 xDrive 20i:<\/p>\n<ul>\n<li>kilovatios: 135<\/li>\n<li>DESDE &gt; HASTA: 2018 &gt; <\/li>\n<li>POSICI\u00d3N: DELANTERO<\/li>\n<\/ul>\n<p>X4 (G02, F98) X4 xDrive 20i:<\/p>\n<ul>\n<li>kilovatios: 135<\/li>\n<li>DESDE &gt; HASTA: 2018 &gt; <\/li>\n<li>POSICI\u00d3N: DELANTERO<\/li>\n<\/ul>\n<p>X4 (G02, F98) X4 xDrive 30i:<\/p>\n<ul>\n<li>kilovatios: 185<\/li>\n<li>DESDE &gt; HASTA: 2018 &gt; <\/li>\n<li>POSICI\u00d3N: DELANTERO<\/li>\n<\/ul>\n<p>Z4 Roadster (G29) Z4 sDrive 20i Cabrio:<\/p>\n<ul>\n<li>kilovatios: 120<\/li>\n<li>DESDE &gt; HASTA: 2018 &gt; <\/li>\n<li>POSICI\u00d3N: DELANTERO<\/li>\n<\/ul>\n<p>Z4 Roadster (G29) Z4 sDrive 30i Cabrio:<\/p>\n<ul>\n<li>kilovatios: 190<\/li>\n<li>DESDE &gt; HASTA: 2018 &gt; <\/li>\n<li>POSICI\u00d3N: DELANTERO<\/li>\n<\/ul>\n<p>3 (G20) 330d:<\/p>\n<ul>\n<li>kilovatios: 195<\/li>\n<li>DESDE &gt; HASTA: 2019 &gt; <\/li>\n<li>POSICI\u00d3N: DELANTERO<\/li>\n<\/ul>\n<p>3 (G20) 330d xDrive:<\/p>\n<ul>\n<li>kilovatios: 195<\/li>\n<li>DESDE &gt; HASTA: 2019 &gt; <\/li>\n<li>POSICI\u00d3N: DELANTERO<\/li>\n<\/ul>\n<p>5 (G30, F90) 530d:<\/p>\n<ul>\n<li>kilovatios: 195<\/li>\n<li>DESDE &gt; HASTA: 2016 &gt; <\/li>\n<li>POSICI\u00d3N: DELANTERO<\/li>\n<\/ul>\n<p>5 (G30, F90) 530d xDrive:<\/p>\n<ul>\n<li>kilovatios: 183<\/li>\n<li>DESDE &gt; HASTA: 2016 &gt; <\/li>\n<li>POSICI\u00d3N: DELANTERO<\/li>\n<\/ul>\n<p>5 (G30, F90) 530d xDrive:<\/p>\n<ul>\n<li>kilovatios: 195<\/li>\n<li>DESDE &gt; HASTA: 2016 &gt; <\/li>\n<li>POSICI\u00d3N: DELANTERO<\/li>\n<\/ul>\n<p>5 (G30, F90) 540d xDrive:<\/p>\n<ul>\n<li>kilovatios: 235<\/li>\n<li>DESDE &gt; HASTA: 2017 &gt; <\/li>\n<li>POSICI\u00d3N: DELANTERO<\/li>\n<\/ul>\n<p>5 Touring (G31) 530d Touring:<\/p>\n<ul>\n<li>kilovatios: 195<\/li>\n<li>DESDE &gt; HASTA: 2017 &gt; <\/li>\n<li>POSICI\u00d3N: DELANTERO<\/li>\n<\/ul>\n<p>5 Touring (G31) 530d xDrive Touring:<\/p>\n<ul>\n<li>kilovatios: 195<\/li>\n<li>DESDE &gt; HASTA: 2017 &gt; <\/li>\n<li>POSICI\u00d3N: DELANTERO<\/li>\n<\/ul>\n<p>5 Touring (G31) 540d xDrive Touring:<\/p>\n<ul>\n<li>kilovatios: 235<\/li>\n<li>DESDE &gt; HASTA: 2017 &gt; <\/li>\n<li>POSICI\u00d3N: DELANTERO<\/li>\n<\/ul>\n<p>6 Gran Turismo (G32) 630d Gran Turismo:<\/p>\n<ul>\n<li>kilovatios: 155<\/li>\n<li>DESDE &gt; HASTA: 2017 &gt; <\/li>\n<li>POSICI\u00d3N: DELANTERO<\/li>\n<\/ul>\n<p>6 Gran Turismo (G32) 630d Gran Turismo:<\/p>\n<ul>\n<li>kilovatios: 195<\/li>\n<li>DESDE &gt; HASTA: 2017 &gt; <\/li>\n<li>POSICI\u00d3N: DELANTERO<\/li>\n<\/ul>\n<p>6 Gran Turismo (G32) 630d xDrive Gran Turismo:<\/p>\n<ul>\n<li>kilovatios: 155<\/li>\n<li>DESDE &gt; HASTA: 2017 &gt; <\/li>\n<li>POSICI\u00d3N: DELANTERO<\/li>\n<\/ul>\n<p>6 Gran Turismo (G32) 630d xDrive Gran Turismo:<\/p>\n<ul>\n<li>kilovatios: 183<\/li>\n<li>DESDE &gt; HASTA: 2017 &gt; <\/li>\n<li>POSICI\u00d3N: DELANTERO<\/li>\n<\/ul>\n<p>6 Gran Turismo (G32) 630d xDrive Gran Turismo:<\/p>\n<ul>\n<li>kilovatios: 195<\/li>\n<li>DESDE &gt; HASTA: 2017 &gt; <\/li>\n<li>POSICI\u00d3N: DELANTERO<\/li>\n<\/ul>\n<p>6 Gran Turismo (G32) 640d xDrive Gran Turismo:<\/p>\n<ul>\n<li>kilovatios: 235<\/li>\n<li>DESDE &gt; HASTA: 2017 &gt; <\/li>\n<li>POSICI\u00d3N: DELANTERO<\/li>\n<\/ul>\n<p>7 (G11, G12) 730d:<\/p>\n<ul>\n<li>kilovatios: 155<\/li>\n<li>DESDE &gt; HASTA: 2015 &gt; <\/li>\n<li>POSICI\u00d3N: DELANTERO<\/li>\n<\/ul>\n<p>7 (G11, G12) 730d:<\/p>\n<ul>\n<li>kilovatios: 195<\/li>\n<li>DESDE &gt; HASTA: 2015 &gt; <\/li>\n<li>POSICI\u00d3N: DELANTERO<\/li>\n<\/ul>\n<p>7 (G11, G12) 730d xDrive:<\/p>\n<ul>\n<li>kilovatios: 155<\/li>\n<li>DESDE &gt; HASTA: 2015 &gt; <\/li>\n<li>POSICI\u00d3N: DELANTERO<\/li>\n<\/ul>\n<p>7 (G11, G12) 730d xDrive:<\/p>\n<ul>\n<li>kilovatios: 195<\/li>\n<li>DESDE &gt; HASTA: 2015 &gt; <\/li>\n<li>POSICI\u00d3N: DELANTERO<\/li>\n<\/ul>\n<p>7 (G11, G12) 740d xDrive:<\/p>\n<ul>\n<li>kilovatios: 235<\/li>\n<li>DESDE &gt; HASTA: 2015 &gt; <\/li>\n<li>POSICI\u00d3N: DELANTERO<\/li>\n<\/ul>\n<p>8 Convertible (G14, F91) 840d xDrive Cabrio:<\/p>\n<ul>\n<li>kilovatios: 235<\/li>\n<li>DESDE &gt; HASTA: 2018 &gt; <\/li>\n<li>POSICI\u00d3N: DELANTERO<\/li>\n<\/ul>\n<p>8 Coupe (G15, F92) 840d xDrive Coupe:<\/p>\n<ul>\n<li>kilovatios: 235<\/li>\n<li>DESDE &gt; HASTA: 2018 &gt; <\/li>\n<li>POSICI\u00d3N: DELANTERO<\/li>\n<\/ul>\n<p>X3 (G01, F97) X3 xDrive 30d:<\/p>\n<ul>\n<li>kilovatios: 195<\/li>\n<li>DESDE &gt; HASTA: 2017 &gt; <\/li>\n<li>POSICI\u00d3N: DELANTERO<\/li>\n<\/ul>\n<p>X3 (G01, F97) X3 xDrive 30d:<\/p>\n<ul>\n<li>kilovatios: 183<\/li>\n<li>DESDE &gt; HASTA: 2018 &gt; <\/li>\n<li>POSICI\u00d3N: DELANTERO<\/li>\n<\/ul>\n<p>X3 (G01, F97) X3 xDrive M40d:<\/p>\n<ul>\n<li>kilovatios: 240<\/li>\n<li>DESDE &gt; HASTA: 2018 &gt; <\/li>\n<li>POSICI\u00d3N: DELANTERO<\/li>\n<\/ul>\n<p>X4 (G02, F98) X4 xDrive 30d:<\/p>\n<ul>\n<li>kilovatios: 195<\/li>\n<li>DESDE &gt; HASTA: 2018 &gt; <\/li>\n<li>POSICI\u00d3N: DELANTERO<\/li>\n<\/ul>\n<p>X4 (G02, F98) X4 xDrive M40d:<\/p>\n<ul>\n<li>kilovatios: 240<\/li>\n<li>DESDE &gt; HASTA: 2018 &gt; <\/li>\n<li>POSICI\u00d3N: DELANTERO<\/li>\n<\/ul>\n<p>X4 (G02, F98) X4 xDrive 30d:<\/p>\n<ul>\n<li>kilovatios: 183<\/li>\n<li>DESDE &gt; HASTA: 2018 &gt; <\/li>\n<li>POSICI\u00d3N: DELANTERO<\/li>\n<\/ul>\n<p>X5 (G05, F95) X5 xDrive 30d:<\/p>\n<ul>\n<li>kilovatios: 183<\/li>\n<li>DESDE &gt; HASTA: 2018 &gt; <\/li>\n<li>POSICI\u00d3N: DELANTERO<\/li>\n<\/ul>\n<p>X5 (G05, F95) X5 xDrive 30d:<\/p>\n<ul>\n<li>kilovatios: 195<\/li>\n<li>DESDE &gt; HASTA: 2018 &gt; <\/li>\n<li>POSICI\u00d3N: DELANTERO<\/li>\n<\/ul>\n<p>X7 (G07) X7 xDrive 30d:<\/p>\n<ul>\n<li>kilovatios: 155<\/li>\n<li>DESDE &gt; HASTA: 2019 &gt; <\/li>\n<li>POSICI\u00d3N: DELANTERO<\/li>\n<\/ul>\n<p>X7 (G07) X7 xDrive 30d:<\/p>\n<ul>\n<li>kilovatios: 183<\/li>\n<li>DESDE &gt; HASTA: 2019 &gt; <\/li>\n<li>POSICI\u00d3N: DELANTERO<\/li>\n<\/ul>\n<p>X7 (G07) X7 xDrive 30d:<\/p>\n<ul>\n<li>kilovatios: 195<\/li>\n<li>DESDE &gt; HASTA: 2019 &gt; <\/li>\n<li>POSICI\u00d3N: DELANTERO<\/li>\n<\/ul>\n<p>5 Touring (G31) 540i xDrive Touring:<\/p>\n<ul>\n<li>kilovatios: 250<\/li>\n<li>DESDE &gt; HASTA: 2017 &gt; <\/li>\n<li>POSICI\u00d3N: DELANTERO<\/li>\n<\/ul>\n<p>5 Touring (G31) 540i xDrive Touring:<\/p>\n<ul>\n<li>kilovatios: 265<\/li>\n<li>DESDE &gt; HASTA: 2017 &gt; <\/li>\n<li>POSICI\u00d3N: DELANTERO<\/li>\n<\/ul>\n<p>6 Gran Turismo (G32) 640i Gran Turismo:<\/p>\n<ul>\n<li>kilovatios: 250<\/li>\n<li>DESDE &gt; HASTA: 2017 &gt; <\/li>\n<li>POSICI\u00d3N: DELANTERO<\/li>\n<\/ul>\n<p>6 Gran Turismo (G32) 640i Gran Turismo:<\/p>\n<ul>\n<li>kilovatios: 265<\/li>\n<li>DESDE &gt; HASTA: 2017 &gt; <\/li>\n<li>POSICI\u00d3N: DELANTERO<\/li>\n<\/ul>\n<p>6 Gran Turismo (G32) 640i xDrive Gran Turismo:<\/p>\n<ul>\n<li>kilovatios: 250<\/li>\n<li>DESDE &gt; HASTA: 2017 &gt; <\/li>\n<li>POSICI\u00d3N: DELANTERO<\/li>\n<\/ul>\n<p>6 Gran Turismo (G32) 640i xDrive Gran Turismo:<\/p>\n<ul>\n<li>kilovatios: 265<\/li>\n<li>DESDE &gt; HASTA: 2017 &gt; <\/li>\n<li>POSICI\u00d3N: DELANTERO<\/li>\n<\/ul>\n<p>7 (G11, G12) 740i:<\/p>\n<ul>\n<li>kilovatios: 240<\/li>\n<li>DESDE &gt; HASTA: 2015 &gt; <\/li>\n<li>POSICI\u00d3N: DELANTERO<\/li>\n<\/ul>\n<p>7 (G11, G12) 740i xDrive:<\/p>\n<ul>\n<li>kilovatios: 240<\/li>\n<li>DESDE &gt; HASTA: 2016 &gt; <\/li>\n<li>POSICI\u00d3N: DELANTERO<\/li>\n<\/ul>\n<p>7 (G11, G12) 740i:<\/p>\n<ul>\n<li>kilovatios: 250<\/li>\n<li>DESDE &gt; HASTA: 2019 &gt; <\/li>\n<li>POSICI\u00d3N: DELANTERO<\/li>\n<\/ul>\n<p>7 (G11, G12) 740i xDrive:<\/p>\n<ul>\n<li>kilovatios: 250<\/li>\n<li>DESDE &gt; HASTA: 2019 &gt; <\/li>\n<li>POSICI\u00d3N: DELANTERO<\/li>\n<\/ul>\n<p>8 Convertible (G14, F91) 840i Cabrio:<\/p>\n<ul>\n<li>kilovatios: 250<\/li>\n<li>DESDE &gt; HASTA: 2019 &gt; <\/li>\n<li>POSICI\u00d3N: DELANTERO<\/li>\n<\/ul>\n<p>8 Convertible (G14, F91) 840i xDrive Cabrio:<\/p>\n<ul>\n<li>kilovatios: 250<\/li>\n<li>DESDE &gt; HASTA: 2019 &gt; <\/li>\n<li>POSICI\u00d3N: DELANTERO<\/li>\n<\/ul>\n<p>8 Coupe (G15, F92) 840i Coupe:<\/p>\n<ul>\n<li>kilovatios: 250<\/li>\n<li>DESDE &gt; HASTA: 2019 &gt; <\/li>\n<li>POSICI\u00d3N: DELANTERO<\/li>\n<\/ul>\n<p>8 Coupe (G15, F92) 840i xDrive Coupe:<\/p>\n<ul>\n<li>kilovatios: 250<\/li>\n<li>DESDE &gt; HASTA: 2019 &gt; <\/li>\n<li>POSICI\u00d3N: DELANTERO<\/li>\n<\/ul>\n<p>X3 (G01, F97) X3 xDrive M40i:<\/p>\n<ul>\n<li>kilovatios: 265<\/li>\n<li>DESDE &gt; HASTA: 2017 &gt; <\/li>\n<li>POSICI\u00d3N: DELANTERO<\/li>\n<\/ul>\n<p>X3 (G01, F97) X3 xDrive M40i:<\/p>\n<ul>\n<li>kilovatios: 260<\/li>\n<li>DESDE &gt; HASTA: 2018 &gt; <\/li>\n<li>POSICI\u00d3N: DELANTERO<\/li>\n<\/ul>\n<p>X4 (G02, F98) X4 xDrive M40i:<\/p>\n<ul>\n<li>kilovatios: 260<\/li>\n<li>DESDE &gt; HASTA: 2018 &gt; <\/li>\n<li>POSICI\u00d3N: DELANTERO<\/li>\n<\/ul>\n<p>X4 (G02, F98) X4 xDrive M40i:<\/p>\n<ul>\n<li>kilovatios: 265<\/li>\n<li>DESDE &gt; HASTA: 2018 &gt; <\/li>\n<li>POSICI\u00d3N: DELANTERO<\/li>\n<\/ul>\n<p>X5 (G05, F95) X5 xDrive 40i:<\/p>\n<ul>\n<li>kilovatios: 250<\/li>\n<li>DESDE &gt; HASTA: 2018 &gt; <\/li>\n<li>POSICI\u00d3N: DELANTERO<\/li>\n<\/ul>\n<p>X7 (G07) X7 xDrive 40i:<\/p>\n<ul>\n<li>kilovatios: 250<\/li>\n<li>DESDE &gt; HASTA: 2019 &gt; <\/li>\n<li>POSICI\u00d3N: DELANTERO<\/li>\n<\/ul>\n<p>Z4 Roadster (G29) Z4 M40i Cabrio:<\/p>\n<ul>\n<li>kilovatios: 250<\/li>\n<li>DESDE &gt; HASTA: 2018 &gt; <\/li>\n<li>POSICI\u00d3N: DELANTERO<\/li>\n<\/ul>\n<p>Z4 Roadster (G29) Z4 M40i Cabrio:<\/p>\n<ul>\n<li>KW: 285<\/li>\n<li>DESDE &gt; HASTA: 2019 &gt; <\/li>\n<li>POSICI\u00d3N: DELANTERO<\/li>\n<\/ul>\n<\/details>\n<details>\n<summary>TOYOTA<\/summary>\n<p>SUPRA (DB41, DB42, DB43) 3,0 GR:<\/p>\n<ul>\n<li>kilovatios: 250<\/li>\n<li>DESDE &gt; HASTA: 2019 &gt; <\/li>\n<li>POSICI\u00d3N: DELANTERO<\/li>\n<\/ul>\n<\/details>","protected":false},"excerpt":{"rendered":"<p><strong>FCP5055<\/strong><\/p>\n<p>\n<b>Compuesto: DS2500 <\/b><br \/>SIN CERTIFICACI\u00d3N R90 <a data-boundary=\"window\" data-toggle=\"tooltip\" data-trigger=\"hover focus click\" style=\"color:red;cursor:pointer\" title=\"Este compuesto no est\u00e1 recomendado para uso en carretera en aquellos pa\u00edses que requieren certificaci\u00f3n R90.\"><br \/>\n<i class=\"fas fa-info-circle\"><\/i><br \/>\n<\/a><br \/>Para: D\u00eda de pista, uso ligero en carreras, GT trasero<br \/>Temperatura de funcionamiento \u00f3ptima: 0\u00b0 a 500\u00b0C\n                                                                                                                                            <\/p>","protected":false},"featured_media":66733,"template":"","meta":{"_crdt_document":"","inline_featured_image":false},"product_brand":[],"product_cat":[116],"product_tag":[],"class_list":{"0":"post-31511","1":"product","2":"type-product","3":"status-publish","4":"has-post-thumbnail","6":"product_cat-brake-pads","8":"first","9":"instock","10":"taxable","11":"shipping-taxable","12":"purchasable","13":"product-type-simple"},"supplier_id":null,"supplier_sku":"","barcode":null,"atum_controlled":true,"out_stock_date":null,"out_stock_threshold":null,"inheritable":false,"inbound_stock":null,"stock_on_hold":null,"sold_today":null,"sales_last_days":null,"reserved_stock":null,"customer_returns":null,"warehouse_damage":null,"lost_in_post":null,"other_logs":null,"out_stock_days":null,"lost_sales":null,"has_location":null,"update_date":null,"atum_locations":[],"atum_stock_status":"instock","restock_status":false,"low_stock_amount":"","sales_update_date":null,"calc_backorders":null,"_links":{"self":[{"href":"https:\/\/revmatch.eu\/es\/wp-json\/wp\/v2\/product\/31511","targetHints":{"allow":["GET"]}}],"collection":[{"href":"https:\/\/revmatch.eu\/es\/wp-json\/wp\/v2\/product"}],"about":[{"href":"https:\/\/revmatch.eu\/es\/wp-json\/wp\/v2\/types\/product"}],"version-history":[{"count":0,"href":"https:\/\/revmatch.eu\/es\/wp-json\/wp\/v2\/product\/31511\/revisions"}],"wp:featuredmedia":[{"embeddable":true,"href":"https:\/\/revmatch.eu\/es\/wp-json\/wp\/v2\/media\/66733"}],"wp:attachment":[{"href":"https:\/\/revmatch.eu\/es\/wp-json\/wp\/v2\/media?parent=31511"}],"wp:term":[{"taxonomy":"product_brand","embeddable":true,"href":"https:\/\/revmatch.eu\/es\/wp-json\/wp\/v2\/product_brand?post=31511"},{"taxonomy":"product_cat","embeddable":true,"href":"https:\/\/revmatch.eu\/es\/wp-json\/wp\/v2\/product_cat?post=31511"},{"taxonomy":"product_tag","embeddable":true,"href":"https:\/\/revmatch.eu\/es\/wp-json\/wp\/v2\/product_tag?post=31511"}],"curies":[{"name":"wp","href":"https:\/\/api.w.org\/{rel}","templated":true}]}}