{"id":31523,"date":"2023-05-23T11:37:57","date_gmt":"2023-05-23T10:37:57","guid":{"rendered":"http:\/\/revmatch.eu\/product\/ferodo-racing-ds2500-fcp5108h\/"},"modified":"2024-06-12T22:13:15","modified_gmt":"2024-06-12T21:13:15","slug":"ferodo-racing-ds2500-fcp5108h","status":"publish","type":"product","link":"https:\/\/revmatch.eu\/es\/producto\/ferodo-racing-ds2500-fcp5108h\/","title":{"rendered":"Ferodo Racing DS2500 \u2013 FCP5108H"},"content":{"rendered":"<p><strong>FCP5108<\/strong><\/p>\n<p>\n<b>Compuesto: DS2500 <\/b><br \/>SIN CERTIFICACI\u00d3N R90 <a data-boundary=\"window\" data-toggle=\"tooltip\" data-trigger=\"hover focus click\" style=\"color:red;cursor:pointer\" title=\"Este compuesto no est\u00e1 recomendado para uso en carretera en aquellos pa\u00edses que requieren certificaci\u00f3n R90.\"><br \/>\n<i class=\"fas fa-info-circle\"><\/i><br \/>\n<\/a><br \/>Para: D\u00eda de pista, uso ligero en carreras, GT trasero<br \/>Temperatura de funcionamiento \u00f3ptima: 0\u00b0 a 500\u00b0C\n                                                                                                                                            <\/p>\n<p>&nbsp;<\/p>\n<p>Compatible con:<br \/>\n&nbsp;<\/p>\n<details>\n<summary>MERCEDES<\/summary>\n<p>CLASE C (W205) AMG C 63 (205.086):<\/p>\n<ul>\n<li>kilovatios: 350<\/li>\n<li>DESDE &gt; HASTA: 2014 &gt; <\/li>\n<li>POSICI\u00d3N: TRASERA<\/li>\n<\/ul>\n<p>CLASE C (W205) AMG C 63 S (205.087):<\/p>\n<ul>\n<li>kilovatios: 375<\/li>\n<li>DESDE &gt; HASTA: 2014 &gt; <\/li>\n<li>POSICI\u00d3N: TRASERA<\/li>\n<\/ul>\n<p>CLASE C Cabrio (A205) AMG C 63 (205.486):<\/p>\n<ul>\n<li>kilovatios: 350<\/li>\n<li>DESDE &gt; HASTA: 2016 &gt; <\/li>\n<li>POSICI\u00d3N: TRASERA<\/li>\n<\/ul>\n<p>CLASE C Cabrio (A205) AMG C 63 S (205.487):<\/p>\n<ul>\n<li>kilovatios: 375<\/li>\n<li>DESDE &gt; HASTA: 2016 &gt; <\/li>\n<li>POSICI\u00d3N: TRASERA<\/li>\n<\/ul>\n<p>CLASE C Coup\u00e9 (C205) AMG C 63 (205.386):<\/p>\n<ul>\n<li>kilovatios: 350<\/li>\n<li>DESDE &gt; HASTA: 2016 &gt; <\/li>\n<li>POSICI\u00d3N: TRASERA<\/li>\n<\/ul>\n<p>CLASE C Coup\u00e9 (C205) AMG C 63 S (205.387):<\/p>\n<ul>\n<li>kilovatios: 375<\/li>\n<li>DESDE &gt; HASTA: 2016 &gt; <\/li>\n<li>POSICI\u00d3N: TRASERA<\/li>\n<\/ul>\n<p>CLASE C Modelo T (S205) AMG C 63 (205.286):<\/p>\n<ul>\n<li>kilovatios: 350<\/li>\n<li>DESDE &gt; HASTA: 2015 &gt; <\/li>\n<li>POSICI\u00d3N: TRASERA<\/li>\n<\/ul>\n<p>CLASE C Modelo T (S205) AMG C 63 S (205.287):<\/p>\n<ul>\n<li>kilovatios: 375<\/li>\n<li>DESDE &gt; HASTA: 2015 &gt; <\/li>\n<li>POSICI\u00d3N: TRASERA<\/li>\n<\/ul>\n<p>AMG GT (C190) GT S (190.378):<\/p>\n<ul>\n<li>kilovatios: 375<\/li>\n<li>DESDE &gt; HASTA: 2014 &gt; <\/li>\n<li>POSICI\u00d3N: TRASERA<\/li>\n<\/ul>\n<p>AMG GT (C190) GT R (190.379):<\/p>\n<ul>\n<li>kilovatios: 430<\/li>\n<li>DESDE &gt; HASTA: 2016 &gt; <\/li>\n<li>POSICI\u00d3N: TRASERA<\/li>\n<\/ul>\n<p>AMG GT (X290) 63 4-matic+ (290.688):<\/p>\n<ul>\n<li>kilovatios: 430<\/li>\n<li>DESDE &gt; HASTA: 2018 &gt; <\/li>\n<li>POSICI\u00d3N: TRASERA<\/li>\n<\/ul>\n<p>AMG GT (X290) 63 S 4-matic+ (290.689):<\/p>\n<ul>\n<li>kilovatios: 470<\/li>\n<li>DESDE &gt; HASTA: 2018 &gt; <\/li>\n<li>POSICI\u00d3N: TRASERA<\/li>\n<\/ul>\n<p>CLASE S (W222, V222, X222) AMG S 63 (222.187):<\/p>\n<ul>\n<li>kilovatios: 450<\/li>\n<li>DESDE &gt; HASTA: 2017 &gt; <\/li>\n<li>POSICI\u00d3N: TRASERA<\/li>\n<\/ul>\n<p>CLASE S (W222, V222, X222) AMG S 63 4-matic+ (222.188):<\/p>\n<ul>\n<li>kilovatios: 450<\/li>\n<li>DESDE &gt; HASTA: 2017 &gt; <\/li>\n<li>POSICI\u00d3N: TRASERA<\/li>\n<\/ul>\n<p>CLASE S Cabrio (A217) AMG S 63 4-matic+ (217.488):<\/p>\n<ul>\n<li>kilovatios: 450<\/li>\n<li>DESDE &gt; HASTA: 2017 &gt; <\/li>\n<li>POSICI\u00d3N: TRASERA<\/li>\n<\/ul>\n<p>CLASE S Coup\u00e9 (C217) AMG S 63 4-matic+ (217.388):<\/p>\n<ul>\n<li>kilovatios: 450<\/li>\n<li>DESDE &gt; HASTA: 2017 &gt; <\/li>\n<li>POSICI\u00d3N: TRASERA<\/li>\n<\/ul>\n<p>CLASE S (W222, V222, X222) S 63 AMG (222.077, 222.177):<\/p>\n<ul>\n<li>kilovatios: 430<\/li>\n<li>DESDE &gt; HASTA: 2013 &gt; <\/li>\n<li>POSICI\u00d3N: TRASERA<\/li>\n<\/ul>\n<p>CLASE S (W222, V222, X222) S 63 AMG 4-matic (222.178):<\/p>\n<ul>\n<li>kilovatios: 430<\/li>\n<li>DESDE &gt; HASTA: 2013 &gt; <\/li>\n<li>POSICI\u00d3N: TRASERA<\/li>\n<\/ul>\n<p>CLASE S Cabrio (A217) AMG S 63 4-matic (217.478):<\/p>\n<ul>\n<li>kilovatios: 430<\/li>\n<li>DESDE &gt; HASTA: 2015 &gt; <\/li>\n<li>POSICI\u00d3N: TRASERA<\/li>\n<\/ul>\n<p>CLASE S Cabrio (A217) AMG S 63 (217.477):<\/p>\n<ul>\n<li>kilovatios: 430<\/li>\n<li>DESDE &gt; HASTA: 2016 &gt; <\/li>\n<li>POSICI\u00d3N: TRASERA<\/li>\n<\/ul>\n<p>CLASE S Coup\u00e9 (C217) S 63 AMG 4-matic (217.378):<\/p>\n<ul>\n<li>kilovatios: 430<\/li>\n<li>DESDE &gt; HASTA: 2014 &gt; <\/li>\n<li>POSICI\u00d3N: TRASERA<\/li>\n<\/ul>\n<p>CLASE S Coup\u00e9 (C217) S 63 AMG (217.377):<\/p>\n<ul>\n<li>kilovatios: 430<\/li>\n<li>DESDE &gt; HASTA: 2014 &gt; <\/li>\n<li>POSICI\u00d3N: TRASERA<\/li>\n<\/ul>\n<p>CLASE S (W222, V222, X222) S 65 AMG (222.179):<\/p>\n<ul>\n<li>kilovatios: 463<\/li>\n<li>DESDE &gt; HASTA: 2014 &gt; <\/li>\n<li>POSICI\u00d3N: TRASERA<\/li>\n<\/ul>\n<p>CLASE S Cabrio (A217) AMG S 65 (217.479):<\/p>\n<ul>\n<li>kilovatios: 463<\/li>\n<li>DESDE &gt; HASTA: 2016 &gt; <\/li>\n<li>POSICI\u00d3N: TRASERA<\/li>\n<\/ul>\n<p>CLASE S Cabrio (A217) S 650 Maybach:<\/p>\n<ul>\n<li>kilovatios: 463<\/li>\n<li>DESDE &gt; HASTA: 2017 &gt; <\/li>\n<li>POSICI\u00d3N: TRASERA<\/li>\n<\/ul>\n<p>CLASE S Coup\u00e9 (C217) S 65 AMG (217.379):<\/p>\n<ul>\n<li>kilovatios: 463<\/li>\n<li>DESDE &gt; HASTA: 2014 &gt; <\/li>\n<li>POSICI\u00d3N: TRASERA<\/li>\n<\/ul>\n<\/details>","protected":false},"excerpt":{"rendered":"<p><strong>FCP5108<\/strong><\/p>\n<p>\n<b>Compuesto: DS2500 <\/b><br \/>SIN CERTIFICACI\u00d3N R90 <a data-boundary=\"window\" data-toggle=\"tooltip\" data-trigger=\"hover focus click\" style=\"color:red;cursor:pointer\" title=\"Este compuesto no est\u00e1 recomendado para uso en carretera en aquellos pa\u00edses que requieren certificaci\u00f3n R90.\"><br \/>\n<i class=\"fas fa-info-circle\"><\/i><br \/>\n<\/a><br \/>Para: D\u00eda de pista, uso ligero en carreras, GT trasero<br \/>Temperatura de funcionamiento \u00f3ptima: 0\u00b0 a 500\u00b0C\n                                                                                                                                            <\/p>","protected":false},"featured_media":66737,"template":"","meta":{"_crdt_document":"","inline_featured_image":false},"product_brand":[],"product_cat":[116],"product_tag":[],"class_list":{"0":"post-31523","1":"product","2":"type-product","3":"status-publish","4":"has-post-thumbnail","6":"product_cat-brake-pads","8":"first","9":"instock","10":"taxable","11":"shipping-taxable","12":"purchasable","13":"product-type-simple"},"supplier_id":null,"supplier_sku":"","barcode":null,"atum_controlled":true,"out_stock_date":null,"out_stock_threshold":null,"inheritable":false,"inbound_stock":null,"stock_on_hold":null,"sold_today":null,"sales_last_days":null,"reserved_stock":null,"customer_returns":null,"warehouse_damage":null,"lost_in_post":null,"other_logs":null,"out_stock_days":null,"lost_sales":null,"has_location":null,"update_date":null,"atum_locations":[],"atum_stock_status":"instock","restock_status":false,"low_stock_amount":"","sales_update_date":null,"calc_backorders":null,"_links":{"self":[{"href":"https:\/\/revmatch.eu\/es\/wp-json\/wp\/v2\/product\/31523","targetHints":{"allow":["GET"]}}],"collection":[{"href":"https:\/\/revmatch.eu\/es\/wp-json\/wp\/v2\/product"}],"about":[{"href":"https:\/\/revmatch.eu\/es\/wp-json\/wp\/v2\/types\/product"}],"version-history":[{"count":0,"href":"https:\/\/revmatch.eu\/es\/wp-json\/wp\/v2\/product\/31523\/revisions"}],"wp:featuredmedia":[{"embeddable":true,"href":"https:\/\/revmatch.eu\/es\/wp-json\/wp\/v2\/media\/66737"}],"wp:attachment":[{"href":"https:\/\/revmatch.eu\/es\/wp-json\/wp\/v2\/media?parent=31523"}],"wp:term":[{"taxonomy":"product_brand","embeddable":true,"href":"https:\/\/revmatch.eu\/es\/wp-json\/wp\/v2\/product_brand?post=31523"},{"taxonomy":"product_cat","embeddable":true,"href":"https:\/\/revmatch.eu\/es\/wp-json\/wp\/v2\/product_cat?post=31523"},{"taxonomy":"product_tag","embeddable":true,"href":"https:\/\/revmatch.eu\/es\/wp-json\/wp\/v2\/product_tag?post=31523"}],"curies":[{"name":"wp","href":"https:\/\/api.w.org\/{rel}","templated":true}]}}