{"id":31529,"date":"2023-05-23T11:38:08","date_gmt":"2023-05-23T10:38:08","guid":{"rendered":"http:\/\/revmatch.eu\/product\/ferodo-racing-ds2500-fcp5194h\/"},"modified":"2024-06-12T22:13:18","modified_gmt":"2024-06-12T21:13:18","slug":"ferodo-racing-ds2500-fcp5194h","status":"publish","type":"product","link":"https:\/\/revmatch.eu\/es\/producto\/ferodo-racing-ds2500-fcp5194h\/","title":{"rendered":"Ferodo Racing DS2500 \u2013 FCP5194H"},"content":{"rendered":"<p><strong>FCP5194<\/strong><\/p>\n<p>\n<b>Compuesto: DS2500 <\/b><br \/>SIN CERTIFICACI\u00d3N R90 <a data-boundary=\"window\" data-toggle=\"tooltip\" data-trigger=\"hover focus click\" style=\"color:red;cursor:pointer\" title=\"Este compuesto no est\u00e1 recomendado para uso en carretera en aquellos pa\u00edses que requieren certificaci\u00f3n R90.\"><br \/>\n<i class=\"fas fa-info-circle\"><\/i><br \/>\n<\/a><br \/>Para: D\u00eda de pista, uso ligero en carreras, GT trasero<br \/>Temperatura de funcionamiento \u00f3ptima: 0\u00b0 a 500\u00b0C\n                                                                                                                                            <\/p>\n<p>&nbsp;<\/p>\n<p>Compatible con:<br \/>\n&nbsp;<\/p>\n<details>\n<summary>AUDI<\/summary>\n<p>A3 Sportback (8YA) 45 TFSIe:<\/p>\n<ul>\n<li>kilovatios: 110<\/li>\n<li>DESDE &gt; HASTA: 2021 &gt; <\/li>\n<li>POSICI\u00d3N: DELANTERO<\/li>\n<\/ul>\n<\/details>\n<details>\n<summary>SKODA<\/summary>\n<p>OCTAVIA V (NX3) 1.0 TSI:<\/p>\n<ul>\n<li>kilovatios: 81<\/li>\n<li>DESDE &gt; HASTA: 2020 &gt; <\/li>\n<li>POSICI\u00d3N: DELANTERO<\/li>\n<\/ul>\n<p>OCTAVIA V Combi (NX5) 1.0 TSI:<\/p>\n<ul>\n<li>kilovatios: 81<\/li>\n<li>DESDE &gt; HASTA: 2020 &gt; <\/li>\n<li>POSICI\u00d3N: DELANTERO<\/li>\n<\/ul>\n<p>OCTAVIA V (NX3) 1.5 TSI:<\/p>\n<ul>\n<li>kilovatios: 110<\/li>\n<li>DESDE &gt; HASTA: 2020 &gt; <\/li>\n<li>POSICI\u00d3N: DELANTERO<\/li>\n<\/ul>\n<p>OCTAVIA V Combi (NX5) 1.5 TSI:<\/p>\n<ul>\n<li>kilovatios: 110<\/li>\n<li>DESDE &gt; HASTA: 2019 &gt; <\/li>\n<li>POSICI\u00d3N: DELANTERO<\/li>\n<\/ul>\n<p>OCTAVIA V (NX3) 2.0 TDI:<\/p>\n<ul>\n<li>kilovatios: 110<\/li>\n<li>DESDE &gt; HASTA: 2020 &gt; <\/li>\n<li>POSICI\u00d3N: DELANTERO<\/li>\n<\/ul>\n<p>OCTAVIA V (NX3) 2.0 TDI:<\/p>\n<ul>\n<li>kilovatios: 85<\/li>\n<li>DESDE &gt; HASTA: 2020 &gt; <\/li>\n<li>POSICI\u00d3N: DELANTERO<\/li>\n<\/ul>\n<p>OCTAVIA V Combi (NX5) 2.0 TDI:<\/p>\n<ul>\n<li>kilovatios: 110<\/li>\n<li>DESDE &gt; HASTA: 2019 &gt; <\/li>\n<li>POSICI\u00d3N: DELANTERO<\/li>\n<\/ul>\n<p>OCTAVIA V Combi (NX5) 2.0 TDI:<\/p>\n<ul>\n<li>kilovatios: 85<\/li>\n<li>DESDE &gt; HASTA: 2019 &gt; <\/li>\n<li>POSICI\u00d3N: DELANTERO<\/li>\n<\/ul>\n<p>OCTAVIA V (NX3) 2.0 TFSI:<\/p>\n<ul>\n<li>kilovatios: 140<\/li>\n<li>DESDE &gt; HASTA: 2020 &gt; <\/li>\n<li>POSICI\u00d3N: DELANTERO<\/li>\n<\/ul>\n<p>OCTAVIA V Combi (NX5) 2.0 TFSI:<\/p>\n<ul>\n<li>kilovatios: 140<\/li>\n<li>DESDE &gt; HASTA: 2020 &gt; <\/li>\n<li>POSICI\u00d3N: DELANTERO<\/li>\n<\/ul>\n<\/details>\n<details>\n<summary>VOLKSWAGEN<\/summary>\n<p>GOLF VIII (CD1) 1.0 TSI:<\/p>\n<ul>\n<li>kilovatios: 66<\/li>\n<li>DESDE &gt; HASTA: 2020 &gt; <\/li>\n<li>POSICI\u00d3N: DELANTERO<\/li>\n<\/ul>\n<p>GOLF VIII (CD1) 1.0 TSI:<\/p>\n<ul>\n<li>kilovatios: 81<\/li>\n<li>DESDE &gt; HASTA: 2020 &gt; <\/li>\n<li>POSICI\u00d3N: DELANTERO<\/li>\n<\/ul>\n<p>GOLF VIII (CD1) 1.0 eTSI:<\/p>\n<ul>\n<li>kilovatios: 81<\/li>\n<li>DESDE &gt; HASTA: 2020 &gt; <\/li>\n<li>POSICI\u00d3N: DELANTERO<\/li>\n<\/ul>\n<p>GOLF VIII (CD1) 1.4 GTE H\u00edbrido enchufable:<\/p>\n<ul>\n<li>kilovatios: 110<\/li>\n<li>DESDE &gt; HASTA: 2020 &gt; <\/li>\n<li>POSICI\u00d3N: DELANTERO<\/li>\n<\/ul>\n<p>GOLF VIII (CD1) 1.4 GTE H\u00cdBRIDO ENCHUFABLE:<\/p>\n<ul>\n<li>kilovatios: 180<\/li>\n<li>DESDE &gt; HASTA: 2020 &gt; <\/li>\n<li>POSICI\u00d3N: DELANTERO<\/li>\n<\/ul>\n<p>GOLF VIII (CD1) 1.4 TSI eH\u00edbrido:<\/p>\n<ul>\n<li>kilovatios: 110<\/li>\n<li>DESDE &gt; HASTA: 2020 &gt; <\/li>\n<li>POSICI\u00d3N: DELANTERO<\/li>\n<\/ul>\n<p>GOLF VIII (CD1) 1.4 TSI eH\u00edbrido:<\/p>\n<ul>\n<li>kilovatios: 150<\/li>\n<li>DESDE &gt; HASTA: 2020 &gt; <\/li>\n<li>POSICI\u00d3N: DELANTERO<\/li>\n<\/ul>\n<p>GOLF VIII (CD1) 1.4 TSI:<\/p>\n<ul>\n<li>kilovatios: 110<\/li>\n<li>DESDE &gt; HASTA: 2021 &gt; <\/li>\n<li>POSICI\u00d3N: DELANTERO<\/li>\n<\/ul>\n<p>GOLF VIII Variante (CG5) 1.4 TSI:<\/p>\n<ul>\n<li>kilovatios: 110<\/li>\n<li>DESDE &gt; HASTA: 2021 &gt; <\/li>\n<li>POSICI\u00d3N: DELANTERO<\/li>\n<\/ul>\n<p>GOLF VIII (CD1) 1.5 TSI:<\/p>\n<ul>\n<li>kilovatios: 96<\/li>\n<li>DESDE &gt; HASTA: 2019 &gt; <\/li>\n<li>POSICI\u00d3N: DELANTERO<\/li>\n<\/ul>\n<p>GOLF VIII (CD1) 1.5 TSI:<\/p>\n<ul>\n<li>kilovatios: 110<\/li>\n<li>DESDE &gt; HASTA: 2019 &gt; <\/li>\n<li>POSICI\u00d3N: DELANTERO<\/li>\n<\/ul>\n<p>GOLF VIII (CD1) 1.5 eTSI:<\/p>\n<ul>\n<li>kilovatios: 96<\/li>\n<li>DESDE &gt; HASTA: 2020 &gt; <\/li>\n<li>POSICI\u00d3N: DELANTERO<\/li>\n<\/ul>\n<p>GOLF VIII (CD1) 1.5 eTSI:<\/p>\n<ul>\n<li>kilovatios: 110<\/li>\n<li>DESDE &gt; HASTA: 2019 &gt; <\/li>\n<li>POSICI\u00d3N: DELANTERO<\/li>\n<\/ul>\n<p>GOLF VIII (CD1) 1.5 TGI:<\/p>\n<ul>\n<li>kilovatios: 96<\/li>\n<li>DESDE &gt; HASTA: 2020 &gt; <\/li>\n<li>POSICI\u00d3N: DELANTERO<\/li>\n<\/ul>\n<p>Variante GOLF VIII (CG5) 1.5 TGI:<\/p>\n<ul>\n<li>kilovatios: 96<\/li>\n<li>DESDE &gt; HASTA: 2020 &gt; <\/li>\n<li>POSICI\u00d3N: DELANTERO<\/li>\n<\/ul>\n<p>GOLF VIII (CD1) 2.0 TDI:<\/p>\n<ul>\n<li>kilovatios: 110<\/li>\n<li>DESDE &gt; HASTA: 2019 &gt; <\/li>\n<li>POSICI\u00d3N: DELANTERO<\/li>\n<\/ul>\n<p>GOLF VIII (CD1) 2.0 TDI:<\/p>\n<ul>\n<li>kilovatios: 85<\/li>\n<li>DESDE &gt; HASTA: 2019 &gt; <\/li>\n<li>POSICI\u00d3N: DELANTERO<\/li>\n<\/ul>\n<p>GOLF VIII (CD1) 2.0 TDI GTD:<\/p>\n<ul>\n<li>kilovatios: 147<\/li>\n<li>DESDE &gt; HASTA: 2020 &gt; <\/li>\n<li>POSICI\u00d3N: DELANTERO<\/li>\n<\/ul>\n<p>GOLF VIII (CD1) 2.0 TDI 4motion:<\/p>\n<ul>\n<li>kilovatios: 110<\/li>\n<li>DESDE &gt; HASTA: 2021 &gt; <\/li>\n<li>POSICI\u00d3N: DELANTERO<\/li>\n<\/ul>\n<p>GOLF VIII Variante (CG5) 2.0 TDI 4motion:<\/p>\n<ul>\n<li>kilovatios: 147<\/li>\n<li>DESDE &gt; HASTA: 2020 &gt; <\/li>\n<li>POSICI\u00d3N: DELANTERO<\/li>\n<\/ul>\n<p>GOLF VIII Variante (CG5) 2.0 TDI 4motion:<\/p>\n<ul>\n<li>kilovatios: 110<\/li>\n<li>DESDE &gt; HASTA: 2021 &gt; <\/li>\n<li>POSICI\u00d3N: DELANTERO<\/li>\n<\/ul>\n<p>GOLF VIII (CD1) 2.0 GTI:<\/p>\n<ul>\n<li>kilovatios: 180<\/li>\n<li>DESDE &gt; HASTA: 2020 &gt; <\/li>\n<li>POSICI\u00d3N: DELANTERO<\/li>\n<\/ul>\n<p>GOLF VIII (CD1) 2.0 TSI:<\/p>\n<ul>\n<li>kilovatios: 140<\/li>\n<li>DESDE &gt; HASTA: 2021 &gt; <\/li>\n<li>POSICI\u00d3N: DELANTERO<\/li>\n<\/ul>\n<p>GOLF VIII (CD1) 2.0 TSI 4motion:<\/p>\n<ul>\n<li>kilovatios: 140<\/li>\n<li>DESDE &gt; HASTA: 2021 &gt; <\/li>\n<li>POSICI\u00d3N: DELANTERO<\/li>\n<\/ul>\n<p>GOLF VIII (CD1) 2.0 TSI R 4motion:<\/p>\n<ul>\n<li>kilovatios: 245<\/li>\n<li>DESDE &gt; HASTA: 2022 &gt; <\/li>\n<li>POSICI\u00d3N: DELANTERO<\/li>\n<\/ul>\n<p>Variante GOLF VIII (CG5) 2.0 GTI:<\/p>\n<ul>\n<li>kilovatios: 180<\/li>\n<li>DESDE &gt; HASTA: 2020 &gt; <\/li>\n<li>POSICI\u00d3N: DELANTERO<\/li>\n<\/ul>\n<p>GOLF VIII Variante (CG5) 2.0 TSI:<\/p>\n<ul>\n<li>kilovatios: 140<\/li>\n<li>DESDE &gt; HASTA: 2021 &gt; <\/li>\n<li>POSICI\u00d3N: DELANTERO<\/li>\n<\/ul>\n<p>GOLF VIII Variante (CG5) 2.0 TSI 4motion:<\/p>\n<ul>\n<li>kilovatios: 140<\/li>\n<li>DESDE &gt; HASTA: 2021 &gt; <\/li>\n<li>POSICI\u00d3N: DELANTERO<\/li>\n<\/ul>\n<\/details>","protected":false},"excerpt":{"rendered":"<p><strong>FCP5194<\/strong><\/p>\n<p>\n<b>Compuesto: DS2500 <\/b><br \/>SIN CERTIFICACI\u00d3N R90 <a data-boundary=\"window\" data-toggle=\"tooltip\" data-trigger=\"hover focus click\" style=\"color:red;cursor:pointer\" title=\"Este compuesto no est\u00e1 recomendado para uso en carretera en aquellos pa\u00edses que requieren certificaci\u00f3n R90.\"><br \/>\n<i class=\"fas fa-info-circle\"><\/i><br \/>\n<\/a><br \/>Para: D\u00eda de pista, uso ligero en carreras, GT trasero<br \/>Temperatura de funcionamiento \u00f3ptima: 0\u00b0 a 500\u00b0C\n                                                                                                                                            <\/p>","protected":false},"featured_media":66740,"template":"","meta":{"_crdt_document":"","inline_featured_image":false},"product_brand":[],"product_cat":[116],"product_tag":[],"class_list":{"0":"post-31529","1":"product","2":"type-product","3":"status-publish","4":"has-post-thumbnail","6":"product_cat-brake-pads","8":"first","9":"instock","10":"taxable","11":"shipping-taxable","12":"purchasable","13":"product-type-simple"},"supplier_id":null,"supplier_sku":"","barcode":null,"atum_controlled":true,"out_stock_date":null,"out_stock_threshold":null,"inheritable":false,"inbound_stock":null,"stock_on_hold":null,"sold_today":null,"sales_last_days":null,"reserved_stock":null,"customer_returns":null,"warehouse_damage":null,"lost_in_post":null,"other_logs":null,"out_stock_days":null,"lost_sales":null,"has_location":null,"update_date":null,"atum_locations":[],"atum_stock_status":"instock","restock_status":false,"low_stock_amount":"","sales_update_date":null,"calc_backorders":null,"_links":{"self":[{"href":"https:\/\/revmatch.eu\/es\/wp-json\/wp\/v2\/product\/31529","targetHints":{"allow":["GET"]}}],"collection":[{"href":"https:\/\/revmatch.eu\/es\/wp-json\/wp\/v2\/product"}],"about":[{"href":"https:\/\/revmatch.eu\/es\/wp-json\/wp\/v2\/types\/product"}],"version-history":[{"count":0,"href":"https:\/\/revmatch.eu\/es\/wp-json\/wp\/v2\/product\/31529\/revisions"}],"wp:featuredmedia":[{"embeddable":true,"href":"https:\/\/revmatch.eu\/es\/wp-json\/wp\/v2\/media\/66740"}],"wp:attachment":[{"href":"https:\/\/revmatch.eu\/es\/wp-json\/wp\/v2\/media?parent=31529"}],"wp:term":[{"taxonomy":"product_brand","embeddable":true,"href":"https:\/\/revmatch.eu\/es\/wp-json\/wp\/v2\/product_brand?post=31529"},{"taxonomy":"product_cat","embeddable":true,"href":"https:\/\/revmatch.eu\/es\/wp-json\/wp\/v2\/product_cat?post=31529"},{"taxonomy":"product_tag","embeddable":true,"href":"https:\/\/revmatch.eu\/es\/wp-json\/wp\/v2\/product_tag?post=31529"}],"curies":[{"name":"wp","href":"https:\/\/api.w.org\/{rel}","templated":true}]}}