{"id":31544,"date":"2023-05-23T11:38:37","date_gmt":"2023-05-23T10:38:37","guid":{"rendered":"http:\/\/revmatch.eu\/product\/ferodo-racing-ds2500-fcp535h\/"},"modified":"2024-06-12T22:13:24","modified_gmt":"2024-06-12T21:13:24","slug":"ferodo-racing-ds2500-fcp535h","status":"publish","type":"product","link":"https:\/\/revmatch.eu\/es\/producto\/ferodo-racing-ds2500-fcp535h\/","title":{"rendered":"Ferodo Racing DS2500 \u2013 FCP535H"},"content":{"rendered":"<p><strong>FCP535<\/strong><\/p>\n<p>\n<b>Compuesto: DS2500 <\/b><br \/>SIN CERTIFICACI\u00d3N R90 <a data-boundary=\"window\" data-toggle=\"tooltip\" data-trigger=\"hover focus click\" style=\"color:red;cursor:pointer\" title=\"Este compuesto no est\u00e1 recomendado para uso en carretera en aquellos pa\u00edses que requieren certificaci\u00f3n R90.\"><br \/>\n<i class=\"fas fa-info-circle\"><\/i><br \/>\n<\/a><br \/>Para: D\u00eda de pista, uso ligero en carreras, GT trasero<br \/>Temperatura de funcionamiento \u00f3ptima: 0\u00b0 a 500\u00b0C\n                                                                                                                                            <\/p>\n<p>&nbsp;<\/p>\n<p>Compatible con:<br \/>\n&nbsp;<\/p>\n<details>\n<summary>CITROEN<\/summary>\n<p>Eje 1.0 10:<\/p>\n<ul>\n<li>kilovatios: 30<\/li>\n<li>DESDE &gt; HASTA: 1986 &gt; 1998<\/li>\n<li>POSICI\u00d3N: DELANTERO<\/li>\n<\/ul>\n<p>Saxof\u00f3n 1.0:<\/p>\n<ul>\n<li>kilovatios: 37<\/li>\n<li>DESDE &gt; HASTA: 1996 &gt; 2002<\/li>\n<li>POSICI\u00d3N: DELANTERO<\/li>\n<\/ul>\n<p>Eje 1.1 11:<\/p>\n<ul>\n<li>kilovatios: 40<\/li>\n<li>DESDE &gt; HASTA: 1986 &gt; 1998<\/li>\n<li>POSICI\u00d3N: DELANTERO<\/li>\n<\/ul>\n<p>AX 1.1 Deporte:<\/p>\n<ul>\n<li>kilovatios: 40<\/li>\n<li>DESDE &gt; HASTA: 1988 &gt; 1991<\/li>\n<li>POSICI\u00d3N: DELANTERO<\/li>\n<\/ul>\n<p>AX 1.1 GT:<\/p>\n<ul>\n<li>kilovatios: 40<\/li>\n<li>DESDE &gt; HASTA: 1989 &gt; 1991<\/li>\n<li>POSICI\u00d3N: DELANTERO<\/li>\n<\/ul>\n<p>Saxo 1.1:<\/p>\n<ul>\n<li>kilovatios: 40<\/li>\n<li>DESDE &gt; HASTA: 1996 &gt; 2002<\/li>\n<li>POSICI\u00d3N: DELANTERO<\/li>\n<\/ul>\n<p>AX 1.3 Deporte:<\/p>\n<ul>\n<li>kilovatios: 69<\/li>\n<li>DESDE &gt; HASTA: 1988 &gt; 1991<\/li>\n<li>POSICI\u00d3N: DELANTERO<\/li>\n<\/ul>\n<p>AX 1.4 GT:<\/p>\n<ul>\n<li>kilovatios: <\/li>\n<li>DESDE &gt; HASTA: 1986 &gt; 1988<\/li>\n<li>POSICI\u00d3N: DELANTERO<\/li>\n<\/ul>\n<p>HACHA 1.4 14:<\/p>\n<ul>\n<li>kilovatios: 48<\/li>\n<li>DESDE &gt; HASTA: 1986 &gt; 1991<\/li>\n<li>POSICI\u00d3N: DELANTERO<\/li>\n<\/ul>\n<p>HACHA 1.4D:<\/p>\n<ul>\n<li>N\u00famero de serie: 39<\/li>\n<li>DESDE &gt; HASTA: 1988 &gt; 1991<\/li>\n<li>POSICI\u00d3N: DELANTERO<\/li>\n<\/ul>\n<p>AX 1.4 GT:<\/p>\n<ul>\n<li>kilovatios: <\/li>\n<li>DESDE &gt; HASTA: 1988 &gt; 1991<\/li>\n<li>POSICI\u00d3N: DELANTERO<\/li>\n<\/ul>\n<\/details>\n<details>\n<summary>PEUGEOT<\/summary>\n<p>106 1.0:<\/p>\n<ul>\n<li>kilovatios: 33<\/li>\n<li>DESDE &gt; HASTA: 1991 &gt; 1996<\/li>\n<li>POSICI\u00d3N: DELANTERO<\/li>\n<\/ul>\n<p>106 1.0:<\/p>\n<ul>\n<li>kilovatios: 37<\/li>\n<li>DESDE &gt; HASTA: 1996 &gt; <\/li>\n<li>POSICI\u00d3N: DELANTERO<\/li>\n<\/ul>\n<p>106 1.1:<\/p>\n<ul>\n<li>kilovatios: 40<\/li>\n<li>DESDE &gt; HASTA: 1991 &gt; 1995<\/li>\n<li>POSICI\u00d3N: DELANTERO<\/li>\n<\/ul>\n<p>106 1.1:<\/p>\n<ul>\n<li>kilovatios: 40<\/li>\n<li>DESDE &gt; HASTA: 1996 &gt; <\/li>\n<li>POSICI\u00d3N: DELANTERO<\/li>\n<\/ul>\n<p>106 1.3:<\/p>\n<ul>\n<li>kilovatios: 72<\/li>\n<li>DESDE &gt; HASTA: 1994 &gt; 1996<\/li>\n<li>POSICI\u00d3N: DELANTERO<\/li>\n<\/ul>\n<p>106 1,4D:<\/p>\n<ul>\n<li>kilovatios: 37<\/li>\n<li>DESDE &gt; HASTA: 1991 &gt; 1996<\/li>\n<li>POSICI\u00d3N: DELANTERO<\/li>\n<\/ul>\n<p>106 1.4 No XSi:<\/p>\n<ul>\n<li>kilovatios: 51<\/li>\n<li>DESDE &gt; HASTA: 1991 &gt; 1996<\/li>\n<li>POSICI\u00d3N: DELANTERO<\/li>\n<\/ul>\n<p>106 1.4 No XSi:<\/p>\n<ul>\n<li>kilovatios: 55<\/li>\n<li>DESDE &gt; HASTA: 1991 &gt; 1996<\/li>\n<li>POSICI\u00d3N: DELANTERO<\/li>\n<\/ul>\n<p>106 1.4 No XSi:<\/p>\n<ul>\n<li>kilovatios: 58<\/li>\n<li>DESDE &gt; HASTA: 1991 &gt; 1996<\/li>\n<li>POSICI\u00d3N: DELANTERO<\/li>\n<\/ul>\n<p>106 1,5D:<\/p>\n<ul>\n<li>kilovatios: 42<\/li>\n<li>DESDE &gt; HASTA: 1994 &gt; 1996<\/li>\n<li>POSICI\u00d3N: DELANTERO<\/li>\n<\/ul>\n<p>106 1.6i:<\/p>\n<ul>\n<li>kilovatios: 66<\/li>\n<li>DESDE &gt; HASTA: 1994 &gt; 1996<\/li>\n<li>POSICI\u00d3N: DELANTERO<\/li>\n<\/ul>\n<\/details>","protected":false},"excerpt":{"rendered":"<p><strong>FCP535<\/strong><\/p>\n<p>\n<b>Compuesto: DS2500 <\/b><br \/>SIN CERTIFICACI\u00d3N R90 <a data-boundary=\"window\" data-toggle=\"tooltip\" data-trigger=\"hover focus click\" style=\"color:red;cursor:pointer\" title=\"Este compuesto no est\u00e1 recomendado para uso en carretera en aquellos pa\u00edses que requieren certificaci\u00f3n R90.\"><br \/>\n<i class=\"fas fa-info-circle\"><\/i><br \/>\n<\/a><br \/>Para: D\u00eda de pista, uso ligero en carreras, GT trasero<br \/>Temperatura de funcionamiento \u00f3ptima: 0\u00b0 a 500\u00b0C\n                                                                                                                                            <\/p>","protected":false},"featured_media":66744,"template":"","meta":{"_crdt_document":"","inline_featured_image":false},"product_brand":[],"product_cat":[116],"product_tag":[],"class_list":{"0":"post-31544","1":"product","2":"type-product","3":"status-publish","4":"has-post-thumbnail","6":"product_cat-brake-pads","8":"first","9":"instock","10":"taxable","11":"shipping-taxable","12":"purchasable","13":"product-type-simple"},"supplier_id":null,"supplier_sku":"","barcode":null,"atum_controlled":true,"out_stock_date":null,"out_stock_threshold":null,"inheritable":false,"inbound_stock":null,"stock_on_hold":null,"sold_today":null,"sales_last_days":null,"reserved_stock":null,"customer_returns":null,"warehouse_damage":null,"lost_in_post":null,"other_logs":null,"out_stock_days":null,"lost_sales":null,"has_location":null,"update_date":null,"atum_locations":[],"atum_stock_status":"instock","restock_status":false,"low_stock_amount":"","sales_update_date":null,"calc_backorders":null,"_links":{"self":[{"href":"https:\/\/revmatch.eu\/es\/wp-json\/wp\/v2\/product\/31544","targetHints":{"allow":["GET"]}}],"collection":[{"href":"https:\/\/revmatch.eu\/es\/wp-json\/wp\/v2\/product"}],"about":[{"href":"https:\/\/revmatch.eu\/es\/wp-json\/wp\/v2\/types\/product"}],"version-history":[{"count":0,"href":"https:\/\/revmatch.eu\/es\/wp-json\/wp\/v2\/product\/31544\/revisions"}],"wp:featuredmedia":[{"embeddable":true,"href":"https:\/\/revmatch.eu\/es\/wp-json\/wp\/v2\/media\/66744"}],"wp:attachment":[{"href":"https:\/\/revmatch.eu\/es\/wp-json\/wp\/v2\/media?parent=31544"}],"wp:term":[{"taxonomy":"product_brand","embeddable":true,"href":"https:\/\/revmatch.eu\/es\/wp-json\/wp\/v2\/product_brand?post=31544"},{"taxonomy":"product_cat","embeddable":true,"href":"https:\/\/revmatch.eu\/es\/wp-json\/wp\/v2\/product_cat?post=31544"},{"taxonomy":"product_tag","embeddable":true,"href":"https:\/\/revmatch.eu\/es\/wp-json\/wp\/v2\/product_tag?post=31544"}],"curies":[{"name":"wp","href":"https:\/\/api.w.org\/{rel}","templated":true}]}}