{"id":31575,"date":"2023-05-23T11:39:33","date_gmt":"2023-05-23T10:39:33","guid":{"rendered":"http:\/\/revmatch.eu\/product\/ferodo-racing-ds2500-fcp598h\/"},"modified":"2024-06-12T22:13:52","modified_gmt":"2024-06-12T21:13:52","slug":"ferodo-racing-ds2500-fcp598h","status":"publish","type":"product","link":"https:\/\/revmatch.eu\/es\/producto\/ferodo-racing-ds2500-fcp598h\/","title":{"rendered":"Ferodo Racing DS2500 \u2013 FCP598H"},"content":{"rendered":"<p><strong>FCP598<\/strong><\/p>\n<p>\n<b>Compuesto: DS2500 <\/b><br \/>SIN CERTIFICACI\u00d3N R90 <a data-boundary=\"window\" data-toggle=\"tooltip\" data-trigger=\"hover focus click\" style=\"color:red;cursor:pointer\" title=\"Este compuesto no est\u00e1 recomendado para uso en carretera en aquellos pa\u00edses que requieren certificaci\u00f3n R90.\"><br \/>\n<i class=\"fas fa-info-circle\"><\/i><br \/>\n<\/a><br \/>Para: D\u00eda de pista, uso ligero en carreras, GT trasero<br \/>Temperatura de funcionamiento \u00f3ptima: 0\u00b0 a 500\u00b0C\n                                                                                                                                            <\/p>\n<p>&nbsp;<\/p>\n<p>Compatible con:<br \/>\n&nbsp;<\/p>\n<details>\n<summary>HONDA<\/summary>\n<p>Civic Shuttle 1.5 EE1\/2 16V:<\/p>\n<ul>\n<li>kilovatios: 66<\/li>\n<li>DESDE &gt; HASTA: 1988 &gt; 1991<\/li>\n<li>POSICI\u00d3N: DELANTERO<\/li>\n<\/ul>\n<p>CRX II (ED, EE) 1.6i 16V (ED9):<\/p>\n<ul>\n<li>kilovatios: 91<\/li>\n<li>DESDE &gt; HASTA: 1987 &gt; 1992<\/li>\n<li>POSICI\u00d3N: DELANTERO<\/li>\n<\/ul>\n<p>CRX II (ED, EE) 1.6i 16V (ED9):<\/p>\n<ul>\n<li>kilovatios: 96<\/li>\n<li>DESDE &gt; HASTA: 1987 &gt; 1989<\/li>\n<li>POSICI\u00d3N: DELANTERO<\/li>\n<\/ul>\n<p>CRX II (ED, EE) 1.6i 16V Vtec (EE8):<\/p>\n<ul>\n<li>kilovatios: 110<\/li>\n<li>DESDE &gt; HASTA: 1989 &gt; 1992<\/li>\n<li>POSICI\u00d3N: DELANTERO<\/li>\n<\/ul>\n<p>C\u00edvico 1.6 ED4-ED7 16V:<\/p>\n<ul>\n<li>kilovatios: 81<\/li>\n<li>DESDE &gt; HASTA: 1987 &gt; 1991<\/li>\n<li>POSICI\u00d3N: DELANTERO<\/li>\n<\/ul>\n<p>Civic Shuttle 1.6 EE 16V:<\/p>\n<ul>\n<li>kilovatios: 80<\/li>\n<li>DESDE &gt; HASTA: 1988 &gt; 1992<\/li>\n<li>POSICI\u00d3N: DELANTERO<\/li>\n<\/ul>\n<p>Cup\u00e9 1.6 16V:<\/p>\n<ul>\n<li>kilovatios: <\/li>\n<li>DESDE &gt; HASTA: 1988 &gt; 1991<\/li>\n<li>POSICI\u00d3N: DELANTERO<\/li>\n<\/ul>\n<p>PRELUDIO III (BA) 2.0 i EX 16V:<\/p>\n<ul>\n<li>kilovatios: 101<\/li>\n<li>DESDE &gt; HASTA: 1986 &gt; 1987<\/li>\n<li>POSICI\u00d3N: DELANTERO<\/li>\n<\/ul>\n<p>PRELUDIO III (BA) 2.0 i EX 16V (BA2):<\/p>\n<ul>\n<li>kilovatios: 101<\/li>\n<li>DESDE &gt; HASTA: 1986 &gt; 1987<\/li>\n<li>POSICI\u00d3N: DELANTERO<\/li>\n<\/ul>\n<p>PRELUDIO III (BA) 2.0 i EX 16V Cat (BA4):<\/p>\n<ul>\n<li>kilovatios: 101<\/li>\n<li>DESDE &gt; HASTA: 1987 &gt; 1992<\/li>\n<li>POSICI\u00d3N: DELANTERO<\/li>\n<\/ul>\n<p>PRELUDIO III (BA) 2.0 (BA4):<\/p>\n<ul>\n<li>kilovatios: 84<\/li>\n<li>DESDE &gt; HASTA: 1987 &gt; 1992<\/li>\n<li>POSICI\u00d3N: DELANTERO<\/li>\n<\/ul>\n<p>PRELUDIO III (BA) 2.0 i EX 16V (BA4):<\/p>\n<ul>\n<li>kilovatios: 103<\/li>\n<li>DESDE &gt; HASTA: 1987 &gt; 1992<\/li>\n<li>POSICI\u00d3N: DELANTERO<\/li>\n<\/ul>\n<p>Preludio 2.0 BA4:<\/p>\n<ul>\n<li>kilovatios: 80<\/li>\n<li>DESDE &gt; HASTA: 1987 &gt; 1992<\/li>\n<li>POSICI\u00d3N: DELANTERO<\/li>\n<\/ul>\n<p>Acuerdo 2.2 16V:<\/p>\n<ul>\n<li>kilovatios: <\/li>\n<li>DESDE &gt; HASTA: 1989 &gt; 1991<\/li>\n<li>POSICI\u00d3N: DELANTERO<\/li>\n<\/ul>\n<p>Accord 2.2 4x4 16V:<\/p>\n<ul>\n<li>kilovatios: <\/li>\n<li>DESDE &gt; HASTA: 1991 &gt; <\/li>\n<li>POSICI\u00d3N: DELANTERO<\/li>\n<\/ul>\n<\/details>","protected":false},"excerpt":{"rendered":"<p><strong>FCP598<\/strong><\/p>\n<p>\n<b>Compuesto: DS2500 <\/b><br \/>SIN CERTIFICACI\u00d3N R90 <a data-boundary=\"window\" data-toggle=\"tooltip\" data-trigger=\"hover focus click\" style=\"color:red;cursor:pointer\" title=\"Este compuesto no est\u00e1 recomendado para uso en carretera en aquellos pa\u00edses que requieren certificaci\u00f3n R90.\"><br \/>\n<i class=\"fas fa-info-circle\"><\/i><br \/>\n<\/a><br \/>Para: D\u00eda de pista, uso ligero en carreras, GT trasero<br \/>Temperatura de funcionamiento \u00f3ptima: 0\u00b0 a 500\u00b0C\n                                                                                                                                            <\/p>","protected":false},"featured_media":66754,"template":"","meta":{"_crdt_document":"","inline_featured_image":false},"product_brand":[],"product_cat":[116],"product_tag":[],"class_list":{"0":"post-31575","1":"product","2":"type-product","3":"status-publish","4":"has-post-thumbnail","6":"product_cat-brake-pads","8":"first","9":"instock","10":"taxable","11":"shipping-taxable","12":"purchasable","13":"product-type-simple"},"supplier_id":null,"supplier_sku":"","barcode":null,"atum_controlled":true,"out_stock_date":null,"out_stock_threshold":null,"inheritable":false,"inbound_stock":null,"stock_on_hold":null,"sold_today":null,"sales_last_days":null,"reserved_stock":null,"customer_returns":null,"warehouse_damage":null,"lost_in_post":null,"other_logs":null,"out_stock_days":null,"lost_sales":null,"has_location":null,"update_date":null,"atum_locations":[],"atum_stock_status":"instock","restock_status":false,"low_stock_amount":"","sales_update_date":null,"calc_backorders":null,"_links":{"self":[{"href":"https:\/\/revmatch.eu\/es\/wp-json\/wp\/v2\/product\/31575","targetHints":{"allow":["GET"]}}],"collection":[{"href":"https:\/\/revmatch.eu\/es\/wp-json\/wp\/v2\/product"}],"about":[{"href":"https:\/\/revmatch.eu\/es\/wp-json\/wp\/v2\/types\/product"}],"version-history":[{"count":0,"href":"https:\/\/revmatch.eu\/es\/wp-json\/wp\/v2\/product\/31575\/revisions"}],"wp:featuredmedia":[{"embeddable":true,"href":"https:\/\/revmatch.eu\/es\/wp-json\/wp\/v2\/media\/66754"}],"wp:attachment":[{"href":"https:\/\/revmatch.eu\/es\/wp-json\/wp\/v2\/media?parent=31575"}],"wp:term":[{"taxonomy":"product_brand","embeddable":true,"href":"https:\/\/revmatch.eu\/es\/wp-json\/wp\/v2\/product_brand?post=31575"},{"taxonomy":"product_cat","embeddable":true,"href":"https:\/\/revmatch.eu\/es\/wp-json\/wp\/v2\/product_cat?post=31575"},{"taxonomy":"product_tag","embeddable":true,"href":"https:\/\/revmatch.eu\/es\/wp-json\/wp\/v2\/product_tag?post=31575"}],"curies":[{"name":"wp","href":"https:\/\/api.w.org\/{rel}","templated":true}]}}