{"id":31620,"date":"2023-05-23T11:40:50","date_gmt":"2023-05-23T10:40:50","guid":{"rendered":"http:\/\/revmatch.eu\/product\/ferodo-racing-ds2500-fcp774h\/"},"modified":"2024-06-12T22:14:06","modified_gmt":"2024-06-12T21:14:06","slug":"ferodo-racing-ds2500-fcp774h","status":"publish","type":"product","link":"https:\/\/revmatch.eu\/es\/producto\/ferodo-racing-ds2500-fcp774h\/","title":{"rendered":"Ferodo Racing DS2500 \u2013 FCP774H"},"content":{"rendered":"<p><strong>FCP774<\/strong><\/p>\n<p>\n<b>Compuesto: DS2500 <\/b><br \/>SIN CERTIFICACI\u00d3N R90 <a data-boundary=\"window\" data-toggle=\"tooltip\" data-trigger=\"hover focus click\" style=\"color:red;cursor:pointer\" title=\"Este compuesto no est\u00e1 recomendado para uso en carretera en aquellos pa\u00edses que requieren certificaci\u00f3n R90.\"><br \/>\n<i class=\"fas fa-info-circle\"><\/i><br \/>\n<\/a><br \/>Para: D\u00eda de pista, uso ligero en carreras, GT trasero<br \/>Temperatura de funcionamiento \u00f3ptima: 0\u00b0 a 500\u00b0C\n                                                                                                                                            <\/p>\n<p>&nbsp;<\/p>\n<p>Compatible con:<br \/>\n&nbsp;<\/p>\n<details>\n<summary>AUDI<\/summary>\n<p>80 1.3:<\/p>\n<ul>\n<li>kilovatios: 44<\/li>\n<li>DESDE &gt; HASTA: 1979 &gt; 1986<\/li>\n<li>POSICI\u00d3N: DELANTERO<\/li>\n<\/ul>\n<p>90 1.6 TD:<\/p>\n<ul>\n<li>kilovatios: 51<\/li>\n<li>DESDE &gt; HASTA: 1984 &gt; 1987<\/li>\n<li>POSICI\u00d3N: DELANTERO<\/li>\n<\/ul>\n<p>80 1,8 80 cuatro:<\/p>\n<ul>\n<li>kilovatios: 66<\/li>\n<li>DESDE &gt; HASTA: 1983 &gt; 1986<\/li>\n<li>POSICI\u00d3N: DELANTERO<\/li>\n<\/ul>\n<p>80 1,8 80 cuatro:<\/p>\n<ul>\n<li>kilovatios: 68<\/li>\n<li>DESDE &gt; HASTA: 1983 &gt; 1986<\/li>\n<li>POSICI\u00d3N: DELANTERO<\/li>\n<\/ul>\n<p>80 1,8 80 cuatro:<\/p>\n<ul>\n<li>kilovatios: 82<\/li>\n<li>DESDE &gt; HASTA: 1983 &gt; 1986<\/li>\n<li>POSICI\u00d3N: DELANTERO<\/li>\n<\/ul>\n<p>90 1.8:<\/p>\n<ul>\n<li>kilovatios: 82<\/li>\n<li>DESDE &gt; HASTA: 1984 &gt; 1987<\/li>\n<li>POSICI\u00d3N: DELANTERO<\/li>\n<\/ul>\n<p>Cabrio 1.8 20V:<\/p>\n<ul>\n<li>kilovatios: 92<\/li>\n<li>DESDE &gt; HASTA: 1997 &gt; 1998<\/li>\n<li>POSICI\u00d3N: DELANTERO<\/li>\n<\/ul>\n<p>Coupe 1.8:<\/p>\n<ul>\n<li>kilovatios: 64<\/li>\n<li>DESDE &gt; HASTA: 1985 &gt; 1986<\/li>\n<li>POSICI\u00d3N: DELANTERO<\/li>\n<\/ul>\n<p>Coupe 1.8:<\/p>\n<ul>\n<li>kilovatios: 66<\/li>\n<li>DESDE &gt; HASTA: 1985 &gt; 1986<\/li>\n<li>POSICI\u00d3N: DELANTERO<\/li>\n<\/ul>\n<p>Coupe 1.8:<\/p>\n<ul>\n<li>kilovatios: 68<\/li>\n<li>DESDE &gt; HASTA: 1985 &gt; 1986<\/li>\n<li>POSICI\u00d3N: DELANTERO<\/li>\n<\/ul>\n<p>Coupe 1.8:<\/p>\n<ul>\n<li>kilovatios: 64<\/li>\n<li>DESDE &gt; HASTA: 1987 &gt; 1989<\/li>\n<li>POSICI\u00d3N: DELANTERO<\/li>\n<\/ul>\n<p>Coupe Quattro 1.8:<\/p>\n<ul>\n<li>kilovatios: <\/li>\n<li>DESDE &gt; HASTA: 1984 &gt; 1987<\/li>\n<li>POSICI\u00d3N: DELANTERO<\/li>\n<\/ul>\n<p>80 1.9:<\/p>\n<ul>\n<li>kilovatios: 85<\/li>\n<li>DESDE &gt; HASTA: 1979 &gt; 1986<\/li>\n<li>POSICI\u00d3N: DELANTERO<\/li>\n<\/ul>\n<p>Coupe 1.9 10V:<\/p>\n<ul>\n<li>kilovatios: 85<\/li>\n<li>DESDE &gt; HASTA: 1985 &gt; 1988<\/li>\n<li>POSICI\u00d3N: DELANTERO<\/li>\n<\/ul>\n<p>80 2.0:<\/p>\n<ul>\n<li>kilovatios: 85<\/li>\n<li>DESDE &gt; HASTA: 1979 &gt; 1986<\/li>\n<li>POSICI\u00d3N: DELANTERO<\/li>\n<\/ul>\n<p>80 2.0 80 cuatro:<\/p>\n<ul>\n<li>kilovatios: 85<\/li>\n<li>DESDE &gt; HASTA: 1982 &gt; 1984<\/li>\n<li>POSICI\u00d3N: DELANTERO<\/li>\n<\/ul>\n<p>80 2.0 80 cuatro:<\/p>\n<ul>\n<li>kilovatios: 85<\/li>\n<li>DESDE &gt; HASTA: 1985 &gt; 1986<\/li>\n<li>POSICI\u00d3N: DELANTERO<\/li>\n<\/ul>\n<p>90 2.0:<\/p>\n<ul>\n<li>kilovatios: 85<\/li>\n<li>DESDE &gt; HASTA: 1984 &gt; 1987<\/li>\n<li>POSICI\u00d3N: DELANTERO<\/li>\n<\/ul>\n<p>90 2.0 90 cuatro:<\/p>\n<ul>\n<li>kilovatios: 85<\/li>\n<li>DESDE &gt; HASTA: 1985 &gt; 1987<\/li>\n<li>POSICI\u00d3N: DELANTERO<\/li>\n<\/ul>\n<p>90 2.0:<\/p>\n<ul>\n<li>kilovatios: 85<\/li>\n<li>DESDE &gt; HASTA: 1987 &gt; 1992<\/li>\n<li>POSICI\u00d3N: DELANTERO<\/li>\n<\/ul>\n<p>Coupe 2.0:<\/p>\n<ul>\n<li>kilovatios: 85<\/li>\n<li>DESDE &gt; HASTA: 1985 &gt; 1989<\/li>\n<li>POSICI\u00d3N: DELANTERO<\/li>\n<\/ul>\n<p>Coupe Quattro 2.0 10V:<\/p>\n<ul>\n<li>kilovatios: 118<\/li>\n<li>DESDE &gt; HASTA: 1984 &gt; 1988<\/li>\n<li>POSICI\u00d3N: DELANTERO<\/li>\n<\/ul>\n<p>80 2.1:<\/p>\n<ul>\n<li>kilovatios: 85<\/li>\n<li>DESDE &gt; HASTA: 1979 &gt; 1986<\/li>\n<li>POSICI\u00d3N: DELANTERO<\/li>\n<\/ul>\n<p>80 2,2 80 cuatro 20V:<\/p>\n<ul>\n<li>kilovatios: 169<\/li>\n<li>DESDE &gt; HASTA: 1983 &gt; 1987<\/li>\n<li>POSICI\u00d3N: DELANTERO<\/li>\n<\/ul>\n<p>90 2.2:<\/p>\n<ul>\n<li>kilovatios: 89<\/li>\n<li>DESDE &gt; HASTA: 1984 &gt; 1987<\/li>\n<li>POSICI\u00d3N: DELANTERO<\/li>\n<\/ul>\n<p>90 2.2 90 cuatro:<\/p>\n<ul>\n<li>kilovatios: 89<\/li>\n<li>DESDE &gt; HASTA: 1985 &gt; 1987<\/li>\n<li>POSICI\u00d3N: DELANTERO<\/li>\n<\/ul>\n<p>90 2.2:<\/p>\n<ul>\n<li>kilovatios: 100<\/li>\n<li>DESDE &gt; HASTA: 1987 &gt; 1992<\/li>\n<li>POSICI\u00d3N: DELANTERO<\/li>\n<\/ul>\n<p>Coupe 2.2 10V:<\/p>\n<ul>\n<li>kilovatios: 85<\/li>\n<li>DESDE &gt; HASTA: 1986 &gt; 1989<\/li>\n<li>POSICI\u00d3N: DELANTERO<\/li>\n<\/ul>\n<p>Coupe Quattro 2.2:<\/p>\n<ul>\n<li>kilovatios: 89<\/li>\n<li>DESDE &gt; HASTA: 1985 &gt; 1988<\/li>\n<li>POSICI\u00d3N: DELANTERO<\/li>\n<\/ul>\n<p>90 2.3 90 cuatro:<\/p>\n<ul>\n<li>kilovatios: 98<\/li>\n<li>DESDE &gt; HASTA: 1985 &gt; 1987<\/li>\n<li>POSICI\u00d3N: DELANTERO<\/li>\n<\/ul>\n<p>90 2.3:<\/p>\n<ul>\n<li>kilovatios: 98<\/li>\n<li>DESDE &gt; HASTA: 1987 &gt; 1992<\/li>\n<li>POSICI\u00d3N: DELANTERO<\/li>\n<\/ul>\n<p>Coupe Quattro 2.3:<\/p>\n<ul>\n<li>kilovatios: 98<\/li>\n<li>DESDE &gt; HASTA: 1985 &gt; 1988<\/li>\n<li>POSICI\u00d3N: DELANTERO<\/li>\n<\/ul>\n<\/details>\n<details>\n<summary>SEAT<\/summary>\n<p>Inca 1.4:<\/p>\n<ul>\n<li>kilovatios: 44<\/li>\n<li>DESDE &gt; HASTA: 1996 &gt; <\/li>\n<li>POSICI\u00d3N: DELANTERO<\/li>\n<\/ul>\n<p>Inca 1.6:<\/p>\n<ul>\n<li>kilovatios: 55<\/li>\n<li>DESDE &gt; HASTA: 1996 &gt; <\/li>\n<li>POSICI\u00d3N: DELANTERO<\/li>\n<\/ul>\n<p>Inca 1.7:<\/p>\n<ul>\n<li>kilovatios: 42<\/li>\n<li>DESDE &gt; HASTA: 1996 &gt; <\/li>\n<li>POSICI\u00d3N: DELANTERO<\/li>\n<\/ul>\n<p>Cordoba 1.8 16V:<\/p>\n<ul>\n<li>kilovatios: 95<\/li>\n<li>DESDE &gt; HASTA: 1994 &gt; 1999<\/li>\n<li>POSICI\u00d3N: DELANTERO<\/li>\n<\/ul>\n<p>C\u00f3rdoba (I) 1.8 i 16V:<\/p>\n<ul>\n<li>kilovatios: 95<\/li>\n<li>DESDE &gt; HASTA: 1994 &gt; 1996<\/li>\n<li>POSICI\u00d3N: DELANTERO<\/li>\n<\/ul>\n<p>Ibiza 1.8 16V:<\/p>\n<ul>\n<li>kilovatios: 95<\/li>\n<li>DESDE &gt; HASTA: 1993 &gt; 1999<\/li>\n<li>POSICI\u00d3N: DELANTERO<\/li>\n<\/ul>\n<p>Ibiza (II) 1.8 i 16V:<\/p>\n<ul>\n<li>kilovatios: 95<\/li>\n<li>DESDE &gt; HASTA: 1993 &gt; 1999<\/li>\n<li>POSICI\u00d3N: DELANTERO<\/li>\n<\/ul>\n<p>Toledo 1.8 16V:<\/p>\n<ul>\n<li>kilovatios: 95<\/li>\n<li>DESDE &gt; HASTA: 1991 &gt; 1999<\/li>\n<li>POSICI\u00d3N: DELANTERO<\/li>\n<\/ul>\n<p>Ibiza 1.9 D:<\/p>\n<ul>\n<li>kilovatios: 47<\/li>\n<li>DESDE &gt; HASTA: 1993 &gt; 1999<\/li>\n<li>POSICI\u00d3N: DELANTERO<\/li>\n<\/ul>\n<p>Ibiza 1.9 TD:<\/p>\n<ul>\n<li>kilovatios: 55<\/li>\n<li>DESDE &gt; HASTA: 1993 &gt; 1999<\/li>\n<li>POSICI\u00d3N: DELANTERO<\/li>\n<\/ul>\n<p>Inca 1.9 SDi:<\/p>\n<ul>\n<li>kilovatios: 47<\/li>\n<li>DESDE &gt; HASTA: 1996 &gt; <\/li>\n<li>POSICI\u00d3N: DELANTERO<\/li>\n<\/ul>\n<p>Toledo 1.9 TDi:<\/p>\n<ul>\n<li>kilovatios: 66<\/li>\n<li>DESDE &gt; HASTA: 1995 &gt; 1998<\/li>\n<li>POSICI\u00d3N: DELANTERO<\/li>\n<\/ul>\n<p>Toledo (I) 1.9 TDi:<\/p>\n<ul>\n<li>N\u00famero de serie: 67<\/li>\n<li>DESDE &gt; HASTA: 1995 &gt; 1999<\/li>\n<li>POSICI\u00d3N: DELANTERO<\/li>\n<\/ul>\n<p>C\u00f3rdoba 2.0 GT:<\/p>\n<ul>\n<li>kilovatios: 85<\/li>\n<li>DESDE &gt; HASTA: 1993 &gt; <\/li>\n<li>POSICI\u00d3N: DELANTERO<\/li>\n<\/ul>\n<p>Ibiza 2.0 i GTi, Cupra 16V:<\/p>\n<ul>\n<li>kilovatios: 110<\/li>\n<li>DESDE &gt; HASTA: 1993 &gt; 1996<\/li>\n<li>POSICI\u00d3N: DELANTERO<\/li>\n<\/ul>\n<p>Ibiza (II) 2.0 i:<\/p>\n<ul>\n<li>kilovatios: 88<\/li>\n<li>DESDE &gt; HASTA: 1993 &gt; 1999<\/li>\n<li>POSICI\u00d3N: DELANTERO<\/li>\n<\/ul>\n<p>Toledo 2.0:<\/p>\n<ul>\n<li>kilovatios: 85<\/li>\n<li>DESDE &gt; HASTA: 1991 &gt; 1998<\/li>\n<li>POSICI\u00d3N: DELANTERO<\/li>\n<\/ul>\n<p>Toledo 2.0 GT 16V:<\/p>\n<ul>\n<li>kilovatios: 110<\/li>\n<li>DESDE &gt; HASTA: 1994 &gt; 1998<\/li>\n<li>POSICI\u00d3N: DELANTERO<\/li>\n<\/ul>\n<p>Toledo (I) 2,0 i:<\/p>\n<ul>\n<li>kilovatios: 85<\/li>\n<li>DESDE &gt; HASTA: 1991 &gt; 1998<\/li>\n<li>POSICI\u00d3N: DELANTERO<\/li>\n<\/ul>\n<\/details>\n<details>\n<summary>VOLKSWAGEN<\/summary>\n<p>Golf (3) 1.6:<\/p>\n<ul>\n<li>kilovatios: 55<\/li>\n<li>DESDE &gt; HASTA: 1991 &gt; 1995<\/li>\n<li>POSICI\u00d3N: DELANTERO<\/li>\n<\/ul>\n<p>PASSAT (II) 1.6 Sed\u00e1n, Variante:<\/p>\n<ul>\n<li>kilovatios: 74<\/li>\n<li>DESDE &gt; HASTA: 1994 &gt; 1996<\/li>\n<li>POSICI\u00d3N: DELANTERO<\/li>\n<\/ul>\n<p>Polo (II) Cl\u00e1sico 1.6 i:<\/p>\n<ul>\n<li>kilovatios: 55<\/li>\n<li>DESDE &gt; HASTA: 1996 &gt; 2001<\/li>\n<li>POSICI\u00d3N: DELANTERO<\/li>\n<\/ul>\n<p>Polo (II) Cl\u00e1sico 1.6 i:<\/p>\n<ul>\n<li>kilovatios: 74<\/li>\n<li>DESDE &gt; HASTA: 1996 &gt; 2001<\/li>\n<li>POSICI\u00d3N: DELANTERO<\/li>\n<\/ul>\n<p>Polo (II) Variante 1.6 i:<\/p>\n<ul>\n<li>kilovatios: 55<\/li>\n<li>DESDE &gt; HASTA: 1997 &gt; 2001<\/li>\n<li>POSICI\u00d3N: DELANTERO<\/li>\n<\/ul>\n<p>Vento 1.6 GT:<\/p>\n<ul>\n<li>kilovatios: 74<\/li>\n<li>DESDE &gt; HASTA: 1994 &gt; 1995<\/li>\n<li>POSICI\u00d3N: DELANTERO<\/li>\n<\/ul>\n<p>PASSAT (3A2, 35I) 1.8:<\/p>\n<ul>\n<li>kilovatios: 79<\/li>\n<li>DESDE &gt; HASTA: 1988 &gt; 1993<\/li>\n<li>POSICI\u00d3N: DELANTERO<\/li>\n<\/ul>\n<p>PASSAT (3A2, 35I) 1.8:<\/p>\n<ul>\n<li>kilovatios: 82<\/li>\n<li>DESDE &gt; HASTA: 1988 &gt; 1992<\/li>\n<li>POSICI\u00d3N: DELANTERO<\/li>\n<\/ul>\n<p>PASSAT (3A2, 35I) 1.8 16V:<\/p>\n<ul>\n<li>kilovatios: 100<\/li>\n<li>DESDE &gt; HASTA: 1988 &gt; 1989<\/li>\n<li>POSICI\u00d3N: DELANTERO<\/li>\n<\/ul>\n<p>Variante PASSAT (33B) 1.8 Sincronizado:<\/p>\n<ul>\n<li>kilovatios: 66<\/li>\n<li>DESDE &gt; HASTA: 1986 &gt; 1988<\/li>\n<li>POSICI\u00d3N: DELANTERO<\/li>\n<\/ul>\n<p>Variante PASSAT (3A5, 35I) 1.8:<\/p>\n<ul>\n<li>kilovatios: 79<\/li>\n<li>DESDE &gt; HASTA: 1988 &gt; 1990<\/li>\n<li>POSICI\u00d3N: DELANTERO<\/li>\n<\/ul>\n<p>Variante PASSAT (3A5, 35I) 1.8:<\/p>\n<ul>\n<li>kilovatios: 82<\/li>\n<li>DESDE &gt; HASTA: 1988 &gt; 1992<\/li>\n<li>POSICI\u00d3N: DELANTERO<\/li>\n<\/ul>\n<p>Variante PASSAT (3A5, 35I) 1.8 16V:<\/p>\n<ul>\n<li>kilovatios: 100<\/li>\n<li>DESDE &gt; HASTA: 1988 &gt; 1989<\/li>\n<li>POSICI\u00d3N: DELANTERO<\/li>\n<\/ul>\n<p>Corrado 1.8:<\/p>\n<ul>\n<li>kilovatios: 118<\/li>\n<li>DESDE &gt; HASTA: 1988 &gt; 1994<\/li>\n<li>POSICI\u00d3N: DELANTERO<\/li>\n<\/ul>\n<p>Golf (2) 1.8 i GTi G60 16V:<\/p>\n<ul>\n<li>kilovatios: 118<\/li>\n<li>DESDE &gt; HASTA: 1988 &gt; 1991<\/li>\n<li>POSICI\u00d3N: DELANTERO<\/li>\n<\/ul>\n<p>Golf (3) 1.8 GT:<\/p>\n<ul>\n<li>kilovatios: 66<\/li>\n<li>DESDE &gt; HASTA: 1991 &gt; 1997<\/li>\n<li>POSICI\u00d3N: DELANTERO<\/li>\n<\/ul>\n<p>Golf (3) 1.8 i Cabrio:<\/p>\n<ul>\n<li>kilovatios: 66<\/li>\n<li>DESDE &gt; HASTA: 1998 &gt; <\/li>\n<li>POSICI\u00d3N: DELANTERO<\/li>\n<\/ul>\n<p>Jetta 1.8 GT 16V:<\/p>\n<ul>\n<li>kilovatios: 95<\/li>\n<li>DESDE &gt; HASTA: 1988 &gt; 1991<\/li>\n<li>POSICI\u00d3N: DELANTERO<\/li>\n<\/ul>\n<p>PASSAT (II) 1.8 GT, GL Berlina:<\/p>\n<ul>\n<li>kilovatios: 79<\/li>\n<li>DESDE &gt; HASTA: 1988 &gt; 1993<\/li>\n<li>POSICI\u00d3N: DELANTERO<\/li>\n<\/ul>\n<p>PASSAT (II) 1.8 GT, GL Berlina:<\/p>\n<ul>\n<li>kilovatios: 100<\/li>\n<li>DESDE &gt; HASTA: 1988 &gt; 1993<\/li>\n<li>POSICI\u00d3N: DELANTERO<\/li>\n<\/ul>\n<p>Scirocco 1.8i 16V:<\/p>\n<ul>\n<li>kilovatios: 102<\/li>\n<li>DESDE &gt; HASTA: 1984 &gt; 1989<\/li>\n<li>POSICI\u00d3N: DELANTERO<\/li>\n<\/ul>\n<p>Scirocco 1.8 GT2:<\/p>\n<ul>\n<li>kilovatios: 66<\/li>\n<li>DESDE &gt; HASTA: 1989 &gt; 1991<\/li>\n<li>POSICI\u00d3N: DELANTERO<\/li>\n<\/ul>\n<p>Scirocco 1.8 y Scala 16V:<\/p>\n<ul>\n<li>kilovatios: 95<\/li>\n<li>DESDE &gt; HASTA: 1989 &gt; 1991<\/li>\n<li>POSICI\u00d3N: DELANTERO<\/li>\n<\/ul>\n<p>Vento 1.8 GT:<\/p>\n<ul>\n<li>kilovatios: 66<\/li>\n<li>DESDE &gt; HASTA: 1992 &gt; 1995<\/li>\n<li>POSICI\u00d3N: DELANTERO<\/li>\n<\/ul>\n<p>Golf (2) 1.9 TD Furg\u00f3n:<\/p>\n<ul>\n<li>kilovatios: <\/li>\n<li>DESDE &gt; HASTA: 1992 &gt; <\/li>\n<li>POSICI\u00d3N: DELANTERO<\/li>\n<\/ul>\n<p>Golf (3) 1,9 D:<\/p>\n<ul>\n<li>kilovatios: 48<\/li>\n<li>DESDE &gt; HASTA: 1991 &gt; 1995<\/li>\n<li>POSICI\u00d3N: DELANTERO<\/li>\n<\/ul>\n<p>Golf (3) 1.9 D GT:<\/p>\n<ul>\n<li>kilovatios: 47<\/li>\n<li>DESDE &gt; HASTA: 1991 &gt; 1995<\/li>\n<li>POSICI\u00d3N: DELANTERO<\/li>\n<\/ul>\n<p>Golf (3) 1.9 D GT:<\/p>\n<ul>\n<li>kilovatios: 48<\/li>\n<li>DESDE &gt; HASTA: 1991 &gt; 1995<\/li>\n<li>POSICI\u00d3N: DELANTERO<\/li>\n<\/ul>\n<p>Golf (3) 1.9 D GT:<\/p>\n<ul>\n<li>kilovatios: 55<\/li>\n<li>DESDE &gt; HASTA: 1991 &gt; 1995<\/li>\n<li>POSICI\u00d3N: DELANTERO<\/li>\n<\/ul>\n<p>Golf (3) 1.9 TD:<\/p>\n<ul>\n<li>kilovatios: 66<\/li>\n<li>DESDE &gt; HASTA: 1991 &gt; 1995<\/li>\n<li>POSICI\u00d3N: DELANTERO<\/li>\n<\/ul>\n<p>Golf (3) 1.9 TD GT:<\/p>\n<ul>\n<li>kilovatios: 66<\/li>\n<li>DESDE &gt; HASTA: 1991 &gt; 1995<\/li>\n<li>POSICI\u00d3N: DELANTERO<\/li>\n<\/ul>\n<p>Golf (3) 1.9 TDi:<\/p>\n<ul>\n<li>kilovatios: <\/li>\n<li>DESDE &gt; HASTA: 1993 &gt; 1997<\/li>\n<li>POSICI\u00d3N: DELANTERO<\/li>\n<\/ul>\n<p>Golf (3) 1.9 TDi:<\/p>\n<ul>\n<li>kilovatios: <\/li>\n<li>DESDE &gt; HASTA: 1996 &gt; 1997<\/li>\n<li>POSICI\u00d3N: DELANTERO<\/li>\n<\/ul>\n<p>Golf (3) 1.9 D Variante:<\/p>\n<ul>\n<li>kilovatios: <\/li>\n<li>DESDE &gt; HASTA: 1995 &gt; 1997<\/li>\n<li>POSICI\u00d3N: DELANTERO<\/li>\n<\/ul>\n<p>Golf (3) 1.9 TD Variante (1H5):<\/p>\n<ul>\n<li>kilovatios: 55<\/li>\n<li>DESDE &gt; HASTA: 1996 &gt; 1996<\/li>\n<li>POSICI\u00d3N: DELANTERO<\/li>\n<\/ul>\n<p>Golf (4) 1.9 D Variante:<\/p>\n<ul>\n<li>kilovatios: <\/li>\n<li>DESDE &gt; HASTA: 1997 &gt; 1999<\/li>\n<li>POSICI\u00d3N: DELANTERO<\/li>\n<\/ul>\n<p>PASSAT (II) 1.9 TDi Sed\u00e1n, Variante:<\/p>\n<ul>\n<li>kilovatios: 66<\/li>\n<li>DESDE &gt; HASTA: 1993 &gt; 1996<\/li>\n<li>POSICI\u00d3N: DELANTERO<\/li>\n<\/ul>\n<p>Vento 1.9 TDi:<\/p>\n<ul>\n<li>kilovatios: 66<\/li>\n<li>DESDE &gt; HASTA: 1996 &gt; 1997<\/li>\n<li>POSICI\u00d3N: DELANTERO<\/li>\n<\/ul>\n<p>Corrado 2.0:<\/p>\n<ul>\n<li>kilovatios: 85<\/li>\n<li>DESDE &gt; HASTA: 1988 &gt; 1995<\/li>\n<li>POSICI\u00d3N: DELANTERO<\/li>\n<\/ul>\n<p>Golf (3) 2.0 Cabrio, Variante:<\/p>\n<ul>\n<li>kilovatios: 85<\/li>\n<li>DESDE &gt; HASTA: 1993 &gt; 1997<\/li>\n<li>POSICI\u00d3N: DELANTERO<\/li>\n<\/ul>\n<p>Golf (4) 2.0 Cabrio, Variante:<\/p>\n<ul>\n<li>kilovatios: 85<\/li>\n<li>DESDE &gt; HASTA: 1997 &gt; 1998<\/li>\n<li>POSICI\u00d3N: DELANTERO<\/li>\n<\/ul>\n<p>PASSAT 2.0:<\/p>\n<ul>\n<li>kilovatios: 85<\/li>\n<li>DESDE &gt; HASTA: 1988 &gt; 1993<\/li>\n<li>POSICI\u00d3N: DELANTERO<\/li>\n<\/ul>\n<p>PASSAT 2.0 16V:<\/p>\n<ul>\n<li>kilovatios: 100<\/li>\n<li>DESDE &gt; HASTA: 1988 &gt; 1993<\/li>\n<li>POSICI\u00d3N: DELANTERO<\/li>\n<\/ul>\n<p>PASSAT 2.0:<\/p>\n<ul>\n<li>kilovatios: 85<\/li>\n<li>DESDE &gt; HASTA: 1993 &gt; 1996<\/li>\n<li>POSICI\u00d3N: DELANTERO<\/li>\n<\/ul>\n<p>PASSAT (II) 2.0 Sed\u00e1n, Variante:<\/p>\n<ul>\n<li>kilovatios: 79<\/li>\n<li>DESDE &gt; HASTA: 1990 &gt; 1996<\/li>\n<li>POSICI\u00d3N: DELANTERO<\/li>\n<\/ul>\n<p>Vento 2.0:<\/p>\n<ul>\n<li>kilovatios: 85<\/li>\n<li>DESDE &gt; HASTA: 1992 &gt; 1995<\/li>\n<li>POSICI\u00d3N: DELANTERO<\/li>\n<\/ul>\n<p>PASSAT 2.2 GT5:<\/p>\n<ul>\n<li>kilovatios: <\/li>\n<li>DESDE &gt; HASTA: 1980 &gt; 1988<\/li>\n<li>POSICI\u00d3N: DELANTERO<\/li>\n<\/ul>\n<p>PASSAT (I) 2.2 GT5:<\/p>\n<ul>\n<li>kilovatios: <\/li>\n<li>DESDE &gt; HASTA: 1980 &gt; 1988<\/li>\n<li>POSICI\u00d3N: DELANTERO<\/li>\n<\/ul>\n<p>Corrado 2.9:<\/p>\n<ul>\n<li>kilovatios: 140<\/li>\n<li>DESDE &gt; HASTA: 1988 &gt; 1995<\/li>\n<li>POSICI\u00d3N: DELANTERO<\/li>\n<\/ul>\n<\/details>","protected":false},"excerpt":{"rendered":"<p><strong>FCP774<\/strong><\/p>\n<p>\n<b>Compuesto: DS2500 <\/b><br \/>SIN CERTIFICACI\u00d3N R90 <a data-boundary=\"window\" data-toggle=\"tooltip\" data-trigger=\"hover focus click\" style=\"color:red;cursor:pointer\" title=\"Este compuesto no est\u00e1 recomendado para uso en carretera en aquellos pa\u00edses que requieren certificaci\u00f3n R90.\"><br \/>\n<i class=\"fas fa-info-circle\"><\/i><br \/>\n<\/a><br \/>Para: D\u00eda de pista, uso ligero en carreras, GT trasero<br \/>Temperatura de funcionamiento \u00f3ptima: 0\u00b0 a 500\u00b0C\n                                                                                                                                            <\/p>","protected":false},"featured_media":66766,"template":"","meta":{"_crdt_document":"","inline_featured_image":false},"product_brand":[],"product_cat":[116],"product_tag":[],"class_list":{"0":"post-31620","1":"product","2":"type-product","3":"status-publish","4":"has-post-thumbnail","6":"product_cat-brake-pads","8":"first","9":"instock","10":"taxable","11":"shipping-taxable","12":"purchasable","13":"product-type-simple"},"supplier_id":null,"supplier_sku":"","barcode":null,"atum_controlled":true,"out_stock_date":null,"out_stock_threshold":null,"inheritable":false,"inbound_stock":null,"stock_on_hold":null,"sold_today":null,"sales_last_days":null,"reserved_stock":null,"customer_returns":null,"warehouse_damage":null,"lost_in_post":null,"other_logs":null,"out_stock_days":null,"lost_sales":null,"has_location":null,"update_date":null,"atum_locations":[],"atum_stock_status":"instock","restock_status":false,"low_stock_amount":"","sales_update_date":null,"calc_backorders":null,"_links":{"self":[{"href":"https:\/\/revmatch.eu\/es\/wp-json\/wp\/v2\/product\/31620","targetHints":{"allow":["GET"]}}],"collection":[{"href":"https:\/\/revmatch.eu\/es\/wp-json\/wp\/v2\/product"}],"about":[{"href":"https:\/\/revmatch.eu\/es\/wp-json\/wp\/v2\/types\/product"}],"version-history":[{"count":0,"href":"https:\/\/revmatch.eu\/es\/wp-json\/wp\/v2\/product\/31620\/revisions"}],"wp:featuredmedia":[{"embeddable":true,"href":"https:\/\/revmatch.eu\/es\/wp-json\/wp\/v2\/media\/66766"}],"wp:attachment":[{"href":"https:\/\/revmatch.eu\/es\/wp-json\/wp\/v2\/media?parent=31620"}],"wp:term":[{"taxonomy":"product_brand","embeddable":true,"href":"https:\/\/revmatch.eu\/es\/wp-json\/wp\/v2\/product_brand?post=31620"},{"taxonomy":"product_cat","embeddable":true,"href":"https:\/\/revmatch.eu\/es\/wp-json\/wp\/v2\/product_cat?post=31620"},{"taxonomy":"product_tag","embeddable":true,"href":"https:\/\/revmatch.eu\/es\/wp-json\/wp\/v2\/product_tag?post=31620"}],"curies":[{"name":"wp","href":"https:\/\/api.w.org\/{rel}","templated":true}]}}