{"id":31671,"date":"2023-05-23T11:42:19","date_gmt":"2023-05-23T10:42:19","guid":{"rendered":"http:\/\/revmatch.eu\/product\/ferodo-racing-ds2500-fcp876h\/"},"modified":"2024-06-12T22:14:40","modified_gmt":"2024-06-12T21:14:40","slug":"ferodo-racing-ds2500-fcp876h","status":"publish","type":"product","link":"https:\/\/revmatch.eu\/es\/producto\/ferodo-racing-ds2500-fcp876h\/","title":{"rendered":"Ferodo Racing DS2500 \u2013 FCP876H"},"content":{"rendered":"<p><strong>FCP876<\/strong><\/p>\n<p>\n<b>Compuesto: DS2500 <\/b><br \/>SIN CERTIFICACI\u00d3N R90 <a data-boundary=\"window\" data-toggle=\"tooltip\" data-trigger=\"hover focus click\" style=\"color:red;cursor:pointer\" title=\"Este compuesto no est\u00e1 recomendado para uso en carretera en aquellos pa\u00edses que requieren certificaci\u00f3n R90.\"><br \/>\n<i class=\"fas fa-info-circle\"><\/i><br \/>\n<\/a><br \/>Para: D\u00eda de pista, uso ligero en carreras, GT trasero<br \/>Temperatura de funcionamiento \u00f3ptima: 0\u00b0 a 500\u00b0C\n                                                                                                                                            <\/p>\n<p>&nbsp;<\/p>\n<p>Compatible con:<br \/>\n&nbsp;<\/p>\n<details>\n<summary>CITROEN<\/summary>\n<p>Xsara 1.4 i Berlina:<\/p>\n<ul>\n<li>kilovatios: 55<\/li>\n<li>DESDE &gt; HASTA: 1997 &gt; 2000<\/li>\n<li>POSICI\u00d3N: DELANTERO<\/li>\n<\/ul>\n<p>Saxo 1.6:<\/p>\n<ul>\n<li>kilovatios: 66<\/li>\n<li>DESDE &gt; HASTA: 1996 &gt; 2002<\/li>\n<li>POSICI\u00d3N: DELANTERO<\/li>\n<\/ul>\n<p>Saxo 1.6 16V:<\/p>\n<ul>\n<li>kilovatios: 87<\/li>\n<li>DESDE &gt; HASTA: 1996 &gt; 2002<\/li>\n<li>POSICI\u00d3N: DELANTERO<\/li>\n<\/ul>\n<p>Xsara 1.6i:<\/p>\n<ul>\n<li>kilovatios: 66<\/li>\n<li>DESDE &gt; HASTA: 1998 &gt; 2000<\/li>\n<li>POSICI\u00d3N: DELANTERO<\/li>\n<\/ul>\n<p>Xsara 1.6 i SW Familiar:<\/p>\n<ul>\n<li>kilovatios: 66<\/li>\n<li>DESDE &gt; HASTA: 1998 &gt; <\/li>\n<li>POSICI\u00d3N: DELANTERO<\/li>\n<\/ul>\n<p>Xsara 1.8 i Sed\u00e1n 16V:<\/p>\n<ul>\n<li>kilovatios: 82<\/li>\n<li>DESDE &gt; HASTA: 1998 &gt; <\/li>\n<li>POSICI\u00d3N: DELANTERO<\/li>\n<\/ul>\n<p>Xsara 1.8 i Sed\u00e1n:<\/p>\n<ul>\n<li>kilovatios: 44<\/li>\n<li>DESDE &gt; HASTA: 1998 &gt; <\/li>\n<li>POSICI\u00d3N: DELANTERO<\/li>\n<\/ul>\n<p>Xsara 1.9D Berlina:<\/p>\n<ul>\n<li>kilovatios: 51<\/li>\n<li>DESDE &gt; HASTA: 1998 &gt; 2000<\/li>\n<li>POSICI\u00d3N: DELANTERO<\/li>\n<\/ul>\n<p>Xsara 1.9 TD Berlina:<\/p>\n<ul>\n<li>kilovatios: 51<\/li>\n<li>DESDE &gt; HASTA: 1998 &gt; <\/li>\n<li>POSICI\u00d3N: DELANTERO<\/li>\n<\/ul>\n<\/details>\n<details>\n<summary>PEUGEOT<\/summary>\n<p>Empresa Todos los modelos:<\/p>\n<ul>\n<li>kilovatios: <\/li>\n<li>DESDE &gt; HASTA: 1994 &gt; <\/li>\n<li>POSICI\u00d3N: DELANTERO<\/li>\n<\/ul>\n<p>106 1.3i Rallye:<\/p>\n<ul>\n<li>kilovatios: 72<\/li>\n<li>DESDE &gt; HASTA: 1993 &gt; 1996<\/li>\n<li>POSICI\u00d3N: DELANTERO<\/li>\n<\/ul>\n<p>306 1.4i:<\/p>\n<ul>\n<li>kilovatios: <\/li>\n<li>DESDE &gt; HASTA: 1993 &gt; 1997<\/li>\n<li>POSICI\u00d3N: DELANTERO<\/li>\n<\/ul>\n<p>306 1.4:<\/p>\n<ul>\n<li>kilovatios: 55<\/li>\n<li>DESDE &gt; HASTA: 1993 &gt; 2000<\/li>\n<li>POSICI\u00d3N: DELANTERO<\/li>\n<\/ul>\n<p>306 1.4i:<\/p>\n<ul>\n<li>kilovatios: 55<\/li>\n<li>DESDE &gt; HASTA: 1995 &gt; 1997<\/li>\n<li>POSICI\u00d3N: DELANTERO<\/li>\n<\/ul>\n<p>106 1.6i:<\/p>\n<ul>\n<li>kilovatios: 66<\/li>\n<li>DESDE &gt; HASTA: 1994 &gt; 1996<\/li>\n<li>POSICI\u00d3N: DELANTERO<\/li>\n<\/ul>\n<p>106 1.6 i 16V:<\/p>\n<ul>\n<li>kilovatios: 87<\/li>\n<li>DESDE &gt; HASTA: 1994 &gt; 1996<\/li>\n<li>POSICI\u00d3N: DELANTERO<\/li>\n<\/ul>\n<p>106 1.6i GTi 16V:<\/p>\n<ul>\n<li>kilovatios: 87<\/li>\n<li>DESDE &gt; HASTA: 1996 &gt; <\/li>\n<li>POSICI\u00d3N: DELANTERO<\/li>\n<\/ul>\n<p>106 1.6i Rallye:<\/p>\n<ul>\n<li>kilovatios: 76<\/li>\n<li>DESDE &gt; HASTA: 1996 &gt; 1999<\/li>\n<li>POSICI\u00d3N: DELANTERO<\/li>\n<\/ul>\n<p>306 1.6:<\/p>\n<ul>\n<li>kilovatios: 66<\/li>\n<li>DESDE &gt; HASTA: 1993 &gt; 2000<\/li>\n<li>POSICI\u00d3N: DELANTERO<\/li>\n<\/ul>\n<p>306 1.6i:<\/p>\n<ul>\n<li>kilovatios: 66<\/li>\n<li>DESDE &gt; HASTA: 1995 &gt; 1997<\/li>\n<li>POSICI\u00d3N: DELANTERO<\/li>\n<\/ul>\n<p>306 1.8:<\/p>\n<ul>\n<li>kilovatios: 44<\/li>\n<li>DESDE &gt; HASTA: 1993 &gt; 2000<\/li>\n<li>POSICI\u00d3N: DELANTERO<\/li>\n<\/ul>\n<p>306 1,8D:<\/p>\n<ul>\n<li>kilovatios: 44<\/li>\n<li>DESDE &gt; HASTA: 1993 &gt; 2000<\/li>\n<li>POSICI\u00d3N: DELANTERO<\/li>\n<\/ul>\n<p>306 1,8D:<\/p>\n<ul>\n<li>kilovatios: 44<\/li>\n<li>DESDE &gt; HASTA: 1995 &gt; 1997<\/li>\n<li>POSICI\u00d3N: DELANTERO<\/li>\n<\/ul>\n<p>306 1.8i:<\/p>\n<ul>\n<li>kilovatios: 44<\/li>\n<li>DESDE &gt; HASTA: 1995 &gt; 1997<\/li>\n<li>POSICI\u00d3N: DELANTERO<\/li>\n<\/ul>\n<p>306 1.9TD:<\/p>\n<ul>\n<li>kilovatios: 66<\/li>\n<li>DESDE &gt; HASTA: 1993 &gt; 2000<\/li>\n<li>POSICI\u00d3N: DELANTERO<\/li>\n<\/ul>\n<p>306 1.9TD:<\/p>\n<ul>\n<li>kilovatios: 66<\/li>\n<li>DESDE &gt; HASTA: 1995 &gt; 1997<\/li>\n<li>POSICI\u00d3N: DELANTERO<\/li>\n<\/ul>\n<p>306 1.9 D Sed\u00e1n:<\/p>\n<ul>\n<li>kilovatios: 50<\/li>\n<li>DESDE &gt; HASTA: 1997 &gt; 2000<\/li>\n<li>POSICI\u00d3N: DELANTERO<\/li>\n<\/ul>\n<p>306 1.9 D Sed\u00e1n:<\/p>\n<ul>\n<li>kilovatios: 51<\/li>\n<li>DESDE &gt; HASTA: 1997 &gt; 2000<\/li>\n<li>POSICI\u00d3N: DELANTERO<\/li>\n<\/ul>\n<p>306 1.9 D Sed\u00e1n\/SW Estate:<\/p>\n<ul>\n<li>kilovatios: 66<\/li>\n<li>DESDE &gt; HASTA: 1997 &gt; 2000<\/li>\n<li>POSICI\u00d3N: DELANTERO<\/li>\n<\/ul>\n<p>306. (7A, 7C, N3, N5) 1,9 D:<\/p>\n<ul>\n<li>kilovatios: 51<\/li>\n<li>DESDE &gt; HASTA: 1993 &gt; 1999<\/li>\n<li>POSICI\u00d3N: DELANTERO<\/li>\n<\/ul>\n<p>306. (7A, 7C, N3, N5) 1,9 D:<\/p>\n<ul>\n<li>kilovatios: 69<\/li>\n<li>DESDE &gt; HASTA: 1993 &gt; 1997<\/li>\n<li>POSICI\u00d3N: DELANTERO<\/li>\n<\/ul>\n<p>306 Hatchback (7A, 7C, N3, N5) 1.9 DT:<\/p>\n<ul>\n<li>kilovatios: 66<\/li>\n<li>DESDE &gt; HASTA: 1993 &gt; 2001<\/li>\n<li>POSICI\u00d3N: DELANTERO<\/li>\n<\/ul>\n<p>306. (7A, 7C, N3, N5) 1,9 D:<\/p>\n<ul>\n<li>kilovatios: 50<\/li>\n<li>DESDE &gt; HASTA: 1994 &gt; 2001<\/li>\n<li>POSICI\u00d3N: DELANTERO<\/li>\n<\/ul>\n<\/details>","protected":false},"excerpt":{"rendered":"<p><strong>FCP876<\/strong><\/p>\n<p>\n<b>Compuesto: DS2500 <\/b><br \/>SIN CERTIFICACI\u00d3N R90 <a data-boundary=\"window\" data-toggle=\"tooltip\" data-trigger=\"hover focus click\" style=\"color:red;cursor:pointer\" title=\"Este compuesto no est\u00e1 recomendado para uso en carretera en aquellos pa\u00edses que requieren certificaci\u00f3n R90.\"><br \/>\n<i class=\"fas fa-info-circle\"><\/i><br \/>\n<\/a><br \/>Para: D\u00eda de pista, uso ligero en carreras, GT trasero<br \/>Temperatura de funcionamiento \u00f3ptima: 0\u00b0 a 500\u00b0C\n                                                                                                                                            <\/p>","protected":false},"featured_media":66779,"template":"","meta":{"_crdt_document":"","inline_featured_image":false},"product_brand":[],"product_cat":[116],"product_tag":[],"class_list":{"0":"post-31671","1":"product","2":"type-product","3":"status-publish","4":"has-post-thumbnail","6":"product_cat-brake-pads","8":"first","9":"instock","10":"taxable","11":"shipping-taxable","12":"purchasable","13":"product-type-simple"},"supplier_id":null,"supplier_sku":"","barcode":null,"atum_controlled":true,"out_stock_date":null,"out_stock_threshold":null,"inheritable":false,"inbound_stock":null,"stock_on_hold":null,"sold_today":null,"sales_last_days":null,"reserved_stock":null,"customer_returns":null,"warehouse_damage":null,"lost_in_post":null,"other_logs":null,"out_stock_days":null,"lost_sales":null,"has_location":null,"update_date":null,"atum_locations":[],"atum_stock_status":"instock","restock_status":false,"low_stock_amount":"","sales_update_date":null,"calc_backorders":null,"_links":{"self":[{"href":"https:\/\/revmatch.eu\/es\/wp-json\/wp\/v2\/product\/31671","targetHints":{"allow":["GET"]}}],"collection":[{"href":"https:\/\/revmatch.eu\/es\/wp-json\/wp\/v2\/product"}],"about":[{"href":"https:\/\/revmatch.eu\/es\/wp-json\/wp\/v2\/types\/product"}],"version-history":[{"count":0,"href":"https:\/\/revmatch.eu\/es\/wp-json\/wp\/v2\/product\/31671\/revisions"}],"wp:featuredmedia":[{"embeddable":true,"href":"https:\/\/revmatch.eu\/es\/wp-json\/wp\/v2\/media\/66779"}],"wp:attachment":[{"href":"https:\/\/revmatch.eu\/es\/wp-json\/wp\/v2\/media?parent=31671"}],"wp:term":[{"taxonomy":"product_brand","embeddable":true,"href":"https:\/\/revmatch.eu\/es\/wp-json\/wp\/v2\/product_brand?post=31671"},{"taxonomy":"product_cat","embeddable":true,"href":"https:\/\/revmatch.eu\/es\/wp-json\/wp\/v2\/product_cat?post=31671"},{"taxonomy":"product_tag","embeddable":true,"href":"https:\/\/revmatch.eu\/es\/wp-json\/wp\/v2\/product_tag?post=31671"}],"curies":[{"name":"wp","href":"https:\/\/api.w.org\/{rel}","templated":true}]}}