{"id":31674,"date":"2023-05-23T11:42:24","date_gmt":"2023-05-23T10:42:24","guid":{"rendered":"http:\/\/revmatch.eu\/product\/ferodo-racing-ds2500-fcp878h\/"},"modified":"2024-06-12T22:14:41","modified_gmt":"2024-06-12T21:14:41","slug":"ferodo-racing-ds2500-fcp878h","status":"publish","type":"product","link":"https:\/\/revmatch.eu\/es\/producto\/ferodo-racing-ds2500-fcp878h\/","title":{"rendered":"Ferodo Racing DS2500 \u2013 FCP878H"},"content":{"rendered":"<p><strong>FCP878<\/strong><\/p>\n<p>\n<b>Compuesto: DS2500 <\/b><br \/>SIN CERTIFICACI\u00d3N R90 <a data-boundary=\"window\" data-toggle=\"tooltip\" data-trigger=\"hover focus click\" style=\"color:red;cursor:pointer\" title=\"Este compuesto no est\u00e1 recomendado para uso en carretera en aquellos pa\u00edses que requieren certificaci\u00f3n R90.\"><br \/>\n<i class=\"fas fa-info-circle\"><\/i><br \/>\n<\/a><br \/>Para: D\u00eda de pista, uso ligero en carreras, GT trasero<br \/>Temperatura de funcionamiento \u00f3ptima: 0\u00b0 a 500\u00b0C\n                                                                                                                                            <\/p>\n<p>&nbsp;<\/p>\n<p>Compatible con:<br \/>\n&nbsp;<\/p>\n<details>\n<summary>ESQUIVAR<\/summary>\n<p>Viper 8.0 (EE. UU.):<\/p>\n<ul>\n<li>kilovatios: <\/li>\n<li>DESDE &gt; HASTA: 1992 &gt; 1999<\/li>\n<li>POSICI\u00d3N: TRASERA<\/li>\n<\/ul>\n<\/details>\n<details>\n<summary>RENAULT<\/summary>\n<p>Laguna 1.8:<\/p>\n<ul>\n<li>kilovatios: 66<\/li>\n<li>DESDE &gt; HASTA: 1994 &gt; 1997<\/li>\n<li>POSICI\u00d3N: TRASERA<\/li>\n<\/ul>\n<p>Laguna 1.8i:<\/p>\n<ul>\n<li>kilovatios: 66<\/li>\n<li>DESDE &gt; HASTA: 1994 &gt; 1997<\/li>\n<li>POSICI\u00d3N: TRASERA<\/li>\n<\/ul>\n<p>Laguna 1.9 16V:<\/p>\n<ul>\n<li>kilovatios: 103<\/li>\n<li>DESDE &gt; HASTA: 1995 &gt; 1998<\/li>\n<li>POSICI\u00d3N: TRASERA<\/li>\n<\/ul>\n<p>Safrane 1.9 16V:<\/p>\n<ul>\n<li>kilovatios: 100<\/li>\n<li>DESDE &gt; HASTA: 1992 &gt; 1997<\/li>\n<li>POSICI\u00d3N: TRASERA<\/li>\n<\/ul>\n<p>21 2.0 TXI:<\/p>\n<ul>\n<li>kilovatios: 99<\/li>\n<li>DESDE &gt; HASTA: 1986 &gt; 1994<\/li>\n<li>POSICI\u00d3N: TRASERA<\/li>\n<\/ul>\n<p>21 2.0 Nevada, Savana:<\/p>\n<ul>\n<li>kilovatios: 85<\/li>\n<li>DESDE &gt; HASTA: 1986 &gt; 1994<\/li>\n<li>POSICI\u00d3N: TRASERA<\/li>\n<\/ul>\n<p>21 2.0 Turbo L485:<\/p>\n<ul>\n<li>kilovatios: <\/li>\n<li>DESDE &gt; HASTA: 1987 &gt; 1993<\/li>\n<li>POSICI\u00d3N: TRASERA<\/li>\n<\/ul>\n<p>Espacio III 2.0 i:<\/p>\n<ul>\n<li>kilovatios: 84<\/li>\n<li>DESDE &gt; HASTA: 1996 &gt; 2002<\/li>\n<li>POSICI\u00d3N: TRASERA<\/li>\n<\/ul>\n<p>Espacio III 2.0 i 16V:<\/p>\n<ul>\n<li>kilovatios: 103<\/li>\n<li>DESDE &gt; HASTA: 1998 &gt; 2002<\/li>\n<li>POSICI\u00d3N: TRASERA<\/li>\n<\/ul>\n<p>Laguna 2.0:<\/p>\n<ul>\n<li>kilovatios: 83<\/li>\n<li>DESDE &gt; HASTA: 1994 &gt; 1997<\/li>\n<li>POSICI\u00d3N: TRASERA<\/li>\n<\/ul>\n<p>Laguna 2.0i:<\/p>\n<ul>\n<li>kilovatios: 83<\/li>\n<li>DESDE &gt; HASTA: 1994 &gt; 1997<\/li>\n<li>POSICI\u00d3N: TRASERA<\/li>\n<\/ul>\n<p>Safrane 2.0 i (B54E):<\/p>\n<ul>\n<li>kilovatios: <\/li>\n<li>DESDE &gt; HASTA: 1992 &gt; 1996<\/li>\n<li>POSICI\u00d3N: TRASERA<\/li>\n<\/ul>\n<p>Safrane 2.0 i:<\/p>\n<ul>\n<li>kilovatios: 77<\/li>\n<li>DESDE &gt; HASTA: 1992 &gt; 1996<\/li>\n<li>POSICI\u00d3N: TRASERA<\/li>\n<\/ul>\n<p>Safrane 2.0 y 16V:<\/p>\n<ul>\n<li>kilovatios: 101<\/li>\n<li>DESDE &gt; HASTA: 1996 &gt; 2000<\/li>\n<li>POSICI\u00d3N: TRASERA<\/li>\n<\/ul>\n<p>21 Familiar (K48_) 2.1 D (K\/S486):<\/p>\n<ul>\n<li>kilovatios: 48<\/li>\n<li>DESDE &gt; HASTA: 1986 &gt; 1990<\/li>\n<li>POSICI\u00d3N: TRASERA<\/li>\n<\/ul>\n<p>21 Familiar (K48_) 2.1 Turbo-D (K48A, K48W, K487, K488):<\/p>\n<ul>\n<li>kilovatios: 65<\/li>\n<li>DESDE &gt; HASTA: 1986 &gt; 1993<\/li>\n<li>POSICI\u00d3N: TRASERA<\/li>\n<\/ul>\n<p>21 Familiar (K48_) 2.1 D 4\u00d74 (K486):<\/p>\n<ul>\n<li>kilovatios: 48<\/li>\n<li>DESDE &gt; HASTA: 1988 &gt; 1992<\/li>\n<li>POSICI\u00d3N: TRASERA<\/li>\n<\/ul>\n<p>21 finca (K48_) 2,1 D (K\/S48V, K\/S48O):<\/p>\n<ul>\n<li>kilovatios: 53<\/li>\n<li>DESDE &gt; HASTA: 1989 &gt; 1992<\/li>\n<li>POSICI\u00d3N: TRASERA<\/li>\n<\/ul>\n<p>21 Familiar (K48_) 2.1 D (K480):<\/p>\n<ul>\n<li>kilovatios: 51<\/li>\n<li>DESDE &gt; HASTA: 1992 &gt; 1995<\/li>\n<li>POSICI\u00d3N: TRASERA<\/li>\n<\/ul>\n<p>21 2.1D:<\/p>\n<ul>\n<li>kilovatios: 51<\/li>\n<li>DESDE &gt; HASTA: 1986 &gt; 1994<\/li>\n<li>POSICI\u00d3N: TRASERA<\/li>\n<\/ul>\n<p>21 2.1D:<\/p>\n<ul>\n<li>kilovatios: 53<\/li>\n<li>DESDE &gt; HASTA: 1986 &gt; 1994<\/li>\n<li>POSICI\u00d3N: TRASERA<\/li>\n<\/ul>\n<p>21 2.1D:<\/p>\n<ul>\n<li>kilovatios: 65<\/li>\n<li>DESDE &gt; HASTA: 1986 &gt; 1994<\/li>\n<li>POSICI\u00d3N: TRASERA<\/li>\n<\/ul>\n<p>21 2.1 TD:<\/p>\n<ul>\n<li>kilovatios: 65<\/li>\n<li>DESDE &gt; HASTA: 1986 &gt; 1994<\/li>\n<li>POSICI\u00d3N: TRASERA<\/li>\n<\/ul>\n<p>Safrane 2.1 TD (B546):<\/p>\n<ul>\n<li>kilovatios: 65<\/li>\n<li>DESDE &gt; HASTA: 1992 &gt; 1996<\/li>\n<li>POSICI\u00d3N: TRASERA<\/li>\n<\/ul>\n<p>21 2.2:<\/p>\n<ul>\n<li>kilovatios: 75<\/li>\n<li>DESDE &gt; HASTA: 1986 &gt; 1994<\/li>\n<li>POSICI\u00d3N: TRASERA<\/li>\n<\/ul>\n<p>21 2.2:<\/p>\n<ul>\n<li>kilovatios: 79<\/li>\n<li>DESDE &gt; HASTA: 1986 &gt; 1994<\/li>\n<li>POSICI\u00d3N: TRASERA<\/li>\n<\/ul>\n<p>21 2.2:<\/p>\n<ul>\n<li>kilovatios: 81<\/li>\n<li>DESDE &gt; HASTA: 1986 &gt; 1994<\/li>\n<li>POSICI\u00d3N: TRASERA<\/li>\n<\/ul>\n<p>21 2.2 Nevada, Sabana:<\/p>\n<ul>\n<li>kilovatios: 79<\/li>\n<li>DESDE &gt; HASTA: 1988 &gt; 1994<\/li>\n<li>POSICI\u00d3N: TRASERA<\/li>\n<\/ul>\n<p>Laguna 2.2D:<\/p>\n<ul>\n<li>kilovatios: 61<\/li>\n<li>DESDE &gt; HASTA: 1994 &gt; 1997<\/li>\n<li>POSICI\u00d3N: TRASERA<\/li>\n<\/ul>\n<p>Laguna 2.2 TD 12V:<\/p>\n<ul>\n<li>kilovatios: 83<\/li>\n<li>DESDE &gt; HASTA: 1994 &gt; 1997<\/li>\n<li>POSICI\u00d3N: TRASERA<\/li>\n<\/ul>\n<p>Laguna 2.2D Nevada:<\/p>\n<ul>\n<li>kilovatios: 61<\/li>\n<li>DESDE &gt; HASTA: 1995 &gt; 1998<\/li>\n<li>POSICI\u00d3N: TRASERA<\/li>\n<\/ul>\n<p>Safrane 2.2 (B541):<\/p>\n<ul>\n<li>kilovatios: 79<\/li>\n<li>DESDE &gt; HASTA: 1992 &gt; 1996<\/li>\n<li>POSICI\u00d3N: TRASERA<\/li>\n<\/ul>\n<p>Safrane 2.2 (B543):<\/p>\n<ul>\n<li>kilovatios: 101<\/li>\n<li>DESDE &gt; HASTA: 1992 &gt; 1996<\/li>\n<li>POSICI\u00d3N: TRASERA<\/li>\n<\/ul>\n<p>Safrane 2.2 y B543:<\/p>\n<ul>\n<li>kilovatios: 101<\/li>\n<li>DESDE &gt; HASTA: 1995 &gt; 1996<\/li>\n<li>POSICI\u00d3N: TRASERA<\/li>\n<\/ul>\n<p>Safrane 2.2 TD (B54G):<\/p>\n<ul>\n<li>kilovatios: 84<\/li>\n<li>DESDE &gt; HASTA: 1996 &gt; 2000<\/li>\n<li>POSICI\u00d3N: TRASERA<\/li>\n<\/ul>\n<p>Safrane 2.4:<\/p>\n<ul>\n<li>kilovatios: <\/li>\n<li>DESDE &gt; HASTA: 1992 &gt; 1997<\/li>\n<li>POSICI\u00d3N: TRASERA<\/li>\n<\/ul>\n<p>Safrane 2.5 TD (B548):<\/p>\n<ul>\n<li>kilovatios: 83<\/li>\n<li>DESDE &gt; HASTA: 1992 &gt; 1996<\/li>\n<li>POSICI\u00d3N: TRASERA<\/li>\n<\/ul>\n<p>Safrane 2.5 20V:<\/p>\n<ul>\n<li>kilovatios: 123<\/li>\n<li>DESDE &gt; HASTA: 1996 &gt; 2000<\/li>\n<li>POSICI\u00d3N: TRASERA<\/li>\n<\/ul>\n<p>Laguna 2.9 V6 24V:<\/p>\n<ul>\n<li>kilovatios: 140<\/li>\n<li>DESDE &gt; HASTA: 1997 &gt; 2001<\/li>\n<li>POSICI\u00d3N: TRASERA<\/li>\n<\/ul>\n<p>Laguna 3.0 V6 24V:<\/p>\n<ul>\n<li>kilovatios: 123<\/li>\n<li>DESDE &gt; HASTA: 1994 &gt; 1997<\/li>\n<li>POSICI\u00d3N: TRASERA<\/li>\n<\/ul>\n<p>Safrane 3.0 B54B:<\/p>\n<ul>\n<li>kilovatios: <\/li>\n<li>DESDE &gt; HASTA: 1992 &gt; 1996<\/li>\n<li>POSICI\u00d3N: TRASERA<\/li>\n<\/ul>\n<p>Safrane 3.0 V6 Quadra (B544):<\/p>\n<ul>\n<li>kilovatios: 123<\/li>\n<li>DESDE &gt; HASTA: 1992 &gt; 1996<\/li>\n<li>POSICI\u00d3N: TRASERA<\/li>\n<\/ul>\n<p>Safrane 3.0 V6 (B54M):<\/p>\n<ul>\n<li>kilovatios: 124<\/li>\n<li>DESDE &gt; HASTA: 1996 &gt; 2000<\/li>\n<li>POSICI\u00d3N: TRASERA<\/li>\n<\/ul>\n<\/details>","protected":false},"excerpt":{"rendered":"<p><strong>FCP878<\/strong><\/p>\n<p>\n<b>Compuesto: DS2500 <\/b><br \/>SIN CERTIFICACI\u00d3N R90 <a data-boundary=\"window\" data-toggle=\"tooltip\" data-trigger=\"hover focus click\" style=\"color:red;cursor:pointer\" title=\"Este compuesto no est\u00e1 recomendado para uso en carretera en aquellos pa\u00edses que requieren certificaci\u00f3n R90.\"><br \/>\n<i class=\"fas fa-info-circle\"><\/i><br \/>\n<\/a><br \/>Para: D\u00eda de pista, uso ligero en carreras, GT trasero<br \/>Temperatura de funcionamiento \u00f3ptima: 0\u00b0 a 500\u00b0C\n                                                                                                                                            <\/p>","protected":false},"featured_media":66780,"template":"","meta":{"_crdt_document":"","inline_featured_image":false},"product_brand":[],"product_cat":[116],"product_tag":[],"class_list":{"0":"post-31674","1":"product","2":"type-product","3":"status-publish","4":"has-post-thumbnail","6":"product_cat-brake-pads","8":"first","9":"instock","10":"taxable","11":"shipping-taxable","12":"purchasable","13":"product-type-simple"},"supplier_id":null,"supplier_sku":"","barcode":null,"atum_controlled":true,"out_stock_date":null,"out_stock_threshold":null,"inheritable":false,"inbound_stock":null,"stock_on_hold":null,"sold_today":null,"sales_last_days":null,"reserved_stock":null,"customer_returns":null,"warehouse_damage":null,"lost_in_post":null,"other_logs":null,"out_stock_days":null,"lost_sales":null,"has_location":null,"update_date":null,"atum_locations":[],"atum_stock_status":"instock","restock_status":false,"low_stock_amount":"","sales_update_date":null,"calc_backorders":null,"_links":{"self":[{"href":"https:\/\/revmatch.eu\/es\/wp-json\/wp\/v2\/product\/31674","targetHints":{"allow":["GET"]}}],"collection":[{"href":"https:\/\/revmatch.eu\/es\/wp-json\/wp\/v2\/product"}],"about":[{"href":"https:\/\/revmatch.eu\/es\/wp-json\/wp\/v2\/types\/product"}],"version-history":[{"count":0,"href":"https:\/\/revmatch.eu\/es\/wp-json\/wp\/v2\/product\/31674\/revisions"}],"wp:featuredmedia":[{"embeddable":true,"href":"https:\/\/revmatch.eu\/es\/wp-json\/wp\/v2\/media\/66780"}],"wp:attachment":[{"href":"https:\/\/revmatch.eu\/es\/wp-json\/wp\/v2\/media?parent=31674"}],"wp:term":[{"taxonomy":"product_brand","embeddable":true,"href":"https:\/\/revmatch.eu\/es\/wp-json\/wp\/v2\/product_brand?post=31674"},{"taxonomy":"product_cat","embeddable":true,"href":"https:\/\/revmatch.eu\/es\/wp-json\/wp\/v2\/product_cat?post=31674"},{"taxonomy":"product_tag","embeddable":true,"href":"https:\/\/revmatch.eu\/es\/wp-json\/wp\/v2\/product_tag?post=31674"}],"curies":[{"name":"wp","href":"https:\/\/api.w.org\/{rel}","templated":true}]}}