{"id":31677,"date":"2023-05-23T11:42:29","date_gmt":"2023-05-23T10:42:29","guid":{"rendered":"http:\/\/revmatch.eu\/product\/ferodo-racing-ds2500-fcp891h\/"},"modified":"2024-06-12T22:14:43","modified_gmt":"2024-06-12T21:14:43","slug":"ferodo-racing-ds2500-fcp891h","status":"publish","type":"product","link":"https:\/\/revmatch.eu\/es\/producto\/ferodo-racing-ds2500-fcp891h\/","title":{"rendered":"Ferodo Racing DS2500 \u2013 FCP891H"},"content":{"rendered":"<p><strong>FCP891<\/strong><\/p>\n<p>\n<b>Compuesto: DS2500 <\/b><br \/>SIN CERTIFICACI\u00d3N R90 <a data-boundary=\"window\" data-toggle=\"tooltip\" data-trigger=\"hover focus click\" style=\"color:red;cursor:pointer\" title=\"Este compuesto no est\u00e1 recomendado para uso en carretera en aquellos pa\u00edses que requieren certificaci\u00f3n R90.\"><br \/>\n<i class=\"fas fa-info-circle\"><\/i><br \/>\n<\/a><br \/>Para: D\u00eda de pista, uso ligero en carreras, GT trasero<br \/>Temperatura de funcionamiento \u00f3ptima: 0\u00b0 a 500\u00b0C\n                                                                                                                                            <\/p>\n<p>&nbsp;<\/p>\n<p>Compatible con:<br \/>\n&nbsp;<\/p>\n<details>\n<summary>AUDI<\/summary>\n<p>A8 2.5 TDi:<\/p>\n<ul>\n<li>kilovatios: 132<\/li>\n<li>DESDE &gt; HASTA: 2000 &gt; 2002<\/li>\n<li>POSICI\u00d3N: DELANTERO<\/li>\n<\/ul>\n<p>Audi A8 (4D2, 4D8) 2.5 TDi 32V quattro:<\/p>\n<ul>\n<li>kilovatios: 132<\/li>\n<li>DESDE &gt; HASTA: 2000 &gt; <\/li>\n<li>POSICI\u00d3N: DELANTERO<\/li>\n<\/ul>\n<p>A8 3.3 TDi 32V:<\/p>\n<ul>\n<li>kilovatios: 165<\/li>\n<li>DESDE &gt; HASTA: 2000 &gt; 2002<\/li>\n<li>POSICI\u00d3N: DELANTERO<\/li>\n<\/ul>\n<p>A8 3.3 TDi 32V:<\/p>\n<ul>\n<li>kilovatios: 165<\/li>\n<li>DESDE &gt; HASTA: 2000 &gt; 2002<\/li>\n<li>POSICI\u00d3N: DELANTERO<\/li>\n<\/ul>\n<p>A8 3.7 40 V:<\/p>\n<ul>\n<li>kilovatios: 191<\/li>\n<li>DESDE &gt; HASTA: 1998 &gt; 2002<\/li>\n<li>POSICI\u00d3N: DELANTERO<\/li>\n<\/ul>\n<p>A8 (4D2, 4D8) 3.7 40V quattro:<\/p>\n<ul>\n<li>kilovatios: 191<\/li>\n<li>DESDE &gt; HASTA: 1998 &gt; 2002<\/li>\n<li>POSICI\u00d3N: DELANTERO<\/li>\n<\/ul>\n<p>S8 Quattro 4.2 40V:<\/p>\n<ul>\n<li>kilovatios: 265<\/li>\n<li>DESDE &gt; HASTA: 1999 &gt; 2002<\/li>\n<li>POSICI\u00d3N: DELANTERO<\/li>\n<\/ul>\n<p>A8 (4D2, 4D8) 4.2 V8 40V quattro:<\/p>\n<ul>\n<li>kilovatios: <\/li>\n<li>DESDE &gt; HASTA: 1998 &gt; 2002<\/li>\n<li>POSICI\u00d3N: DELANTERO<\/li>\n<\/ul>\n<\/details>\n<details>\n<summary>PORSCHE<\/summary>\n<p>993 Carrera RS:<\/p>\n<ul>\n<li>kilovatios: <\/li>\n<li>DESDE &gt; HASTA: 1994 &gt; 1997<\/li>\n<li>POSICI\u00d3N: DELANTERO<\/li>\n<\/ul>\n<p>993 Turbo:<\/p>\n<ul>\n<li>kilovatios: <\/li>\n<li>DESDE &gt; HASTA: 1994 &gt; 1997<\/li>\n<li>POSICI\u00d3N: DELANTERO<\/li>\n<\/ul>\n<p>911 (964) 3.6 Turbo:<\/p>\n<ul>\n<li>kilovatios: 265<\/li>\n<li>DESDE &gt; HASTA: 1993 &gt; 1993<\/li>\n<li>POSICI\u00d3N: DELANTERO<\/li>\n<\/ul>\n<p>968 3.0 (Turbo):<\/p>\n<ul>\n<li>kilovatios: 224<\/li>\n<li>DESDE &gt; HASTA: 1993 &gt; 1995<\/li>\n<li>POSICI\u00d3N: DELANTERO<\/li>\n<\/ul>\n<p>911 (964) 3.3 Turbo S:<\/p>\n<ul>\n<li>N\u00famero de serie: 261<\/li>\n<li>DESDE &gt; HASTA: 1990 &gt; 1993<\/li>\n<li>POSICI\u00d3N: DELANTERO<\/li>\n<\/ul>\n<p>911 (964) 3.3 Turbo:<\/p>\n<ul>\n<li>kilovatios: 235<\/li>\n<li>DESDE &gt; HASTA: 1991 &gt; 1993<\/li>\n<li>POSICI\u00d3N: DELANTERO<\/li>\n<\/ul>\n<p>911 (993) 3.6 Turbo 4:<\/p>\n<ul>\n<li>kilovatios: 300<\/li>\n<li>DESDE &gt; HASTA: 1995 &gt; 1997<\/li>\n<li>POSICI\u00d3N: DELANTERO<\/li>\n<\/ul>\n<p>911 (993) 3.6 Turbo GT2:<\/p>\n<ul>\n<li>kilovatios: 316<\/li>\n<li>DESDE &gt; HASTA: 1995 &gt; 1997<\/li>\n<li>POSICI\u00d3N: DELANTERO<\/li>\n<\/ul>\n<p>911 (993) 3.6 Turbo GT2 4:<\/p>\n<ul>\n<li>kilovatios: 331<\/li>\n<li>DESDE &gt; HASTA: 1997 &gt; 1997<\/li>\n<li>POSICI\u00d3N: DELANTERO<\/li>\n<\/ul>\n<p>928 5.4 GTS 32V:<\/p>\n<ul>\n<li>kilovatios: 257<\/li>\n<li>DESDE &gt; HASTA: 1992 &gt; 1995<\/li>\n<li>POSICI\u00d3N: DELANTERO<\/li>\n<\/ul>\n<\/details>","protected":false},"excerpt":{"rendered":"<p><strong>FCP891<\/strong><\/p>\n<p>\n<b>Compuesto: DS2500 <\/b><br \/>SIN CERTIFICACI\u00d3N R90 <a data-boundary=\"window\" data-toggle=\"tooltip\" data-trigger=\"hover focus click\" style=\"color:red;cursor:pointer\" title=\"Este compuesto no est\u00e1 recomendado para uso en carretera en aquellos pa\u00edses que requieren certificaci\u00f3n R90.\"><br \/>\n<i class=\"fas fa-info-circle\"><\/i><br \/>\n<\/a><br \/>Para: D\u00eda de pista, uso ligero en carreras, GT trasero<br \/>Temperatura de funcionamiento \u00f3ptima: 0\u00b0 a 500\u00b0C\n                                                                                                                                            <\/p>","protected":false},"featured_media":66781,"template":"","meta":{"_crdt_document":"","inline_featured_image":false},"product_brand":[],"product_cat":[116],"product_tag":[],"class_list":{"0":"post-31677","1":"product","2":"type-product","3":"status-publish","4":"has-post-thumbnail","6":"product_cat-brake-pads","8":"first","9":"instock","10":"taxable","11":"shipping-taxable","12":"purchasable","13":"product-type-simple"},"supplier_id":null,"supplier_sku":"","barcode":null,"atum_controlled":true,"out_stock_date":null,"out_stock_threshold":null,"inheritable":false,"inbound_stock":null,"stock_on_hold":null,"sold_today":null,"sales_last_days":null,"reserved_stock":null,"customer_returns":null,"warehouse_damage":null,"lost_in_post":null,"other_logs":null,"out_stock_days":null,"lost_sales":null,"has_location":null,"update_date":null,"atum_locations":[],"atum_stock_status":"instock","restock_status":false,"low_stock_amount":"","sales_update_date":null,"calc_backorders":null,"_links":{"self":[{"href":"https:\/\/revmatch.eu\/es\/wp-json\/wp\/v2\/product\/31677","targetHints":{"allow":["GET"]}}],"collection":[{"href":"https:\/\/revmatch.eu\/es\/wp-json\/wp\/v2\/product"}],"about":[{"href":"https:\/\/revmatch.eu\/es\/wp-json\/wp\/v2\/types\/product"}],"version-history":[{"count":0,"href":"https:\/\/revmatch.eu\/es\/wp-json\/wp\/v2\/product\/31677\/revisions"}],"wp:featuredmedia":[{"embeddable":true,"href":"https:\/\/revmatch.eu\/es\/wp-json\/wp\/v2\/media\/66781"}],"wp:attachment":[{"href":"https:\/\/revmatch.eu\/es\/wp-json\/wp\/v2\/media?parent=31677"}],"wp:term":[{"taxonomy":"product_brand","embeddable":true,"href":"https:\/\/revmatch.eu\/es\/wp-json\/wp\/v2\/product_brand?post=31677"},{"taxonomy":"product_cat","embeddable":true,"href":"https:\/\/revmatch.eu\/es\/wp-json\/wp\/v2\/product_cat?post=31677"},{"taxonomy":"product_tag","embeddable":true,"href":"https:\/\/revmatch.eu\/es\/wp-json\/wp\/v2\/product_tag?post=31677"}],"curies":[{"name":"wp","href":"https:\/\/api.w.org\/{rel}","templated":true}]}}