{"id":31707,"date":"2023-05-23T11:43:16","date_gmt":"2023-05-23T10:43:16","guid":{"rendered":"http:\/\/revmatch.eu\/product\/ferodo-racing-ds2500-fcp9h\/"},"modified":"2024-06-12T22:14:54","modified_gmt":"2024-06-12T21:14:54","slug":"ferodo-racing-ds2500-fcp9h","status":"publish","type":"product","link":"https:\/\/revmatch.eu\/es\/producto\/ferodo-racing-ds2500-fcp9h\/","title":{"rendered":"Ferodo Racing DS2500 \u2013 FCP9H"},"content":{"rendered":"<p><strong>FCP9<\/strong><\/p>\n<p>\n<b>Compuesto: DS2500 <\/b><br \/>SIN CERTIFICACI\u00d3N R90 <a data-boundary=\"window\" data-toggle=\"tooltip\" data-trigger=\"hover focus click\" style=\"color:red;cursor:pointer\" title=\"Este compuesto no est\u00e1 recomendado para uso en carretera en aquellos pa\u00edses que requieren certificaci\u00f3n R90.\"><br \/>\n<i class=\"fas fa-info-circle\"><\/i><br \/>\n<\/a><br \/>Para: D\u00eda de pista, uso ligero en carreras, GT trasero<br \/>Temperatura de funcionamiento \u00f3ptima: 0\u00b0 a 500\u00b0C\n                                                                                                                                            <\/p>\n<p>&nbsp;<\/p>\n<p>Compatible con:<br \/>\n&nbsp;<\/p>\n<details>\n<summary>C.A.<\/summary>\n<p>Cobra 7:<\/p>\n<ul>\n<li>kilovatios: <\/li>\n<li>DESDE &gt; HASTA: 1963 &gt; 1975<\/li>\n<li>POSICI\u00d3N: DELANTERO<\/li>\n<\/ul>\n<p>428 4.1:<\/p>\n<ul>\n<li>kilovatios: <\/li>\n<li>DESDE &gt; HASTA: 1967 &gt; 1974<\/li>\n<li>POSICI\u00d3N: DELANTERO<\/li>\n<\/ul>\n<\/details>\n<details>\n<summary>ASTON MARTIN<\/summary>\n<p>DB5 4.0:<\/p>\n<ul>\n<li>kilovatios: <\/li>\n<li>DESDE &gt; HASTA: 1963 &gt; 1965<\/li>\n<li>POSICI\u00d3N: DELANTERO<\/li>\n<\/ul>\n<p>DB6 5.3:<\/p>\n<ul>\n<li>kilovatios: <\/li>\n<li>DESDE &gt; HASTA: 1966 &gt; 1971<\/li>\n<li>POSICI\u00d3N: DELANTERO<\/li>\n<\/ul>\n<p>DBS 5.3 no V8:<\/p>\n<ul>\n<li>kilovatios: <\/li>\n<li>DESDE &gt; HASTA: 1967 &gt; 1975<\/li>\n<li>POSICI\u00d3N: DELANTERO<\/li>\n<\/ul>\n<p>Versi\u00f3n 8 del DBS 5.3:<\/p>\n<ul>\n<li>kilovatios: <\/li>\n<li>DESDE &gt; HASTA: 1970 &gt; 1974<\/li>\n<li>POSICI\u00d3N: DELANTERO<\/li>\n<\/ul>\n<p>Volante Vantage 5.3 i V8:<\/p>\n<ul>\n<li>N\u00famero de serie: 262<\/li>\n<li>DESDE &gt; HASTA: 1993 &gt; <\/li>\n<li>POSICI\u00d3N: DELANTERO<\/li>\n<\/ul>\n<\/details>\n<details>\n<summary>BRISTOL<\/summary>\n<p>Beaufighter 5.9 (Turbo) 16 V:<\/p>\n<ul>\n<li>kilovatios: 162<\/li>\n<li>DESDE &gt; HASTA: 1974 &gt; 1982<\/li>\n<li>POSICI\u00d3N: DELANTERO<\/li>\n<\/ul>\n<p>Brigand 5.9 16V:<\/p>\n<ul>\n<li>kilovatios: 162<\/li>\n<li>DESDE &gt; HASTA: 1974 &gt; 1982<\/li>\n<li>POSICI\u00d3N: DELANTERO<\/li>\n<\/ul>\n<p>Britania 5.9 16V:<\/p>\n<ul>\n<li>kilovatios: <\/li>\n<li>DESDE &gt; HASTA: 1974 &gt; 1982<\/li>\n<li>POSICI\u00d3N: DELANTERO<\/li>\n<\/ul>\n<\/details>\n<details>\n<summary>FERRARI<\/summary>\n<p>Dinosaurio GT 206:<\/p>\n<ul>\n<li>kilovatios: 132<\/li>\n<li>DESDE &gt; HASTA: 1967 &gt; 1968<\/li>\n<li>POSICI\u00d3N: DELANTERO<\/li>\n<\/ul>\n<p>Dino 2.4 Spider, Coupe 18V:<\/p>\n<ul>\n<li>kilovatios: 152<\/li>\n<li>DESDE &gt; HASTA: 1967 &gt; 1970<\/li>\n<li>POSICI\u00d3N: DELANTERO<\/li>\n<\/ul>\n<\/details>\n<details>\n<summary>FIAT<\/summary>\n<p>1500 1.5:<\/p>\n<ul>\n<li>kilovatios: 55<\/li>\n<li>DESDE &gt; HASTA: 1962 &gt; 1969<\/li>\n<li>POSICI\u00d3N: DELANTERO<\/li>\n<\/ul>\n<p>1600 1.6:<\/p>\n<ul>\n<li>kilovatios: <\/li>\n<li>DESDE &gt; HASTA: 1962 &gt; 1965<\/li>\n<li>POSICI\u00d3N: DELANTERO<\/li>\n<\/ul>\n<p>1800 1.8:<\/p>\n<ul>\n<li>kilovatios: <\/li>\n<li>DESDE &gt; HASTA: 1962 &gt; 1969<\/li>\n<li>POSICI\u00d3N: DELANTERO<\/li>\n<\/ul>\n<p>2300 2.3:<\/p>\n<ul>\n<li>kilovatios: <\/li>\n<li>DESDE &gt; HASTA: 1962 &gt; 1968<\/li>\n<li>POSICI\u00d3N: DELANTERO<\/li>\n<\/ul>\n<\/details>\n<details>\n<summary>JAGUAR<\/summary>\n<p>Serie I Soberano 3.4 (Daimler):<\/p>\n<ul>\n<li>N\u00famero de serie: 119<\/li>\n<li>DESDE &gt; HASTA: 1967 &gt; 1973<\/li>\n<li>POSICI\u00d3N: DELANTERO<\/li>\n<\/ul>\n<p>420 4.2:<\/p>\n<ul>\n<li>kilovatios: <\/li>\n<li>DESDE &gt; HASTA: 1967 &gt; 1968<\/li>\n<li>POSICI\u00d3N: DELANTERO<\/li>\n<\/ul>\n<p>Serie I Soberano 4.2 (Daimler):<\/p>\n<ul>\n<li>kilovatios: 114<\/li>\n<li>DESDE &gt; HASTA: 1967 &gt; 1973<\/li>\n<li>POSICI\u00d3N: DELANTERO<\/li>\n<\/ul>\n<p>Tipo E 5.3 24 V:<\/p>\n<ul>\n<li>kilovatios: <\/li>\n<li>DESDE &gt; HASTA: 1968 &gt; 1974<\/li>\n<li>POSICI\u00d3N: DELANTERO<\/li>\n<\/ul>\n<p>XJ12 5,3 24V:<\/p>\n<ul>\n<li>N\u00famero de serie: 211<\/li>\n<li>DESDE &gt; HASTA: 1969 &gt; 1973<\/li>\n<li>POSICI\u00d3N: DELANTERO<\/li>\n<\/ul>\n<\/details>\n<details>\n<summary>JENSEN<\/summary>\n<p>V8 de SP:<\/p>\n<ul>\n<li>kilovatios: 283<\/li>\n<li>DESDE &gt; HASTA: 1971 &gt; 1972<\/li>\n<li>POSICI\u00d3N: DELANTERO<\/li>\n<\/ul>\n<p>FF6.3 16 V:<\/p>\n<ul>\n<li>kilovatios: 89<\/li>\n<li>DESDE &gt; HASTA: 1968 &gt; 1971<\/li>\n<li>POSICI\u00d3N: DELANTERO<\/li>\n<\/ul>\n<p>Interceptor 7.2 16V:<\/p>\n<ul>\n<li>kilovatios: <\/li>\n<li>DESDE &gt; HASTA: 1968 &gt; 1971<\/li>\n<li>POSICI\u00d3N: DELANTERO<\/li>\n<\/ul>\n<\/details>\n<details>\n<summary>LOTO<\/summary>\n<p>Elite 2.2 16V:<\/p>\n<ul>\n<li>kilovatios: 118<\/li>\n<li>DESDE &gt; HASTA: 1973 &gt; 1982<\/li>\n<li>POSICI\u00d3N: DELANTERO<\/li>\n<\/ul>\n<p>Excel 2.2 16 V:<\/p>\n<ul>\n<li>kilovatios: 118<\/li>\n<li>DESDE &gt; HASTA: 1983 &gt; 1987<\/li>\n<li>POSICI\u00d3N: DELANTERO<\/li>\n<\/ul>\n<\/details>\n<details>\n<summary>VAGABUNDO<\/summary>\n<p>1885 Todo sobre Wolseley S:<\/p>\n<ul>\n<li>kilovatios: 56<\/li>\n<li>DESDE &gt; HASTA: 1969 &gt; 1972<\/li>\n<li>POSICI\u00d3N: DELANTERO<\/li>\n<\/ul>\n<p>Seis All i Wolseley:<\/p>\n<ul>\n<li>kilovatios: <\/li>\n<li>DESDE &gt; HASTA: 1972 &gt; 1974<\/li>\n<li>POSICI\u00d3N: DELANTERO<\/li>\n<\/ul>\n<p>Seis Wolseley:<\/p>\n<ul>\n<li>kilovatios: <\/li>\n<li>DESDE &gt; HASTA: 1972 &gt; 1974<\/li>\n<li>POSICI\u00d3N: DELANTERO<\/li>\n<\/ul>\n<p>1800 1.8:<\/p>\n<ul>\n<li>kilovatios: 56<\/li>\n<li>DESDE &gt; HASTA: 1972 &gt; 1974<\/li>\n<li>POSICI\u00d3N: DELANTERO<\/li>\n<\/ul>\n<p>2200 2.2:<\/p>\n<ul>\n<li>kilovatios: <\/li>\n<li>DESDE &gt; HASTA: 1972 &gt; 1974<\/li>\n<li>POSICI\u00d3N: DELANTERO<\/li>\n<\/ul>\n<p>Healey 3.0 BJ7 Mark II:<\/p>\n<ul>\n<li>kilovatios: 100<\/li>\n<li>DESDE &gt; HASTA: 1962 &gt; 1964<\/li>\n<li>POSICI\u00d3N: DELANTERO<\/li>\n<\/ul>\n<p>Rover P5B 3.5 V8:<\/p>\n<ul>\n<li>kilovatios: <\/li>\n<li>DESDE &gt; HASTA: 1968 &gt; 1969<\/li>\n<li>POSICI\u00d3N: DELANTERO<\/li>\n<\/ul>\n<p>Rover P6 3.5 V8:<\/p>\n<ul>\n<li>kilovatios: <\/li>\n<li>DESDE &gt; HASTA: 1968 &gt; 1969<\/li>\n<li>POSICI\u00d3N: DELANTERO<\/li>\n<\/ul>\n<\/details>\n<details>\n<summary>VOLVO<\/summary>\n<p>1800 1.8 S:<\/p>\n<ul>\n<li>kilovatios: <\/li>\n<li>DESDE &gt; HASTA: 1969 &gt; 1970<\/li>\n<li>POSICI\u00d3N: DELANTERO<\/li>\n<\/ul>\n<p>221 2.0:<\/p>\n<ul>\n<li>kilovatios: 66<\/li>\n<li>DESDE &gt; HASTA: 1969 &gt; 1970<\/li>\n<li>POSICI\u00d3N: DELANTERO<\/li>\n<\/ul>\n<\/details>","protected":false},"excerpt":{"rendered":"<p><strong>FCP9<\/strong><\/p>\n<p>\n<b>Compuesto: DS2500 <\/b><br \/>SIN CERTIFICACI\u00d3N R90 <a data-boundary=\"window\" data-toggle=\"tooltip\" data-trigger=\"hover focus click\" style=\"color:red;cursor:pointer\" title=\"Este compuesto no est\u00e1 recomendado para uso en carretera en aquellos pa\u00edses que requieren certificaci\u00f3n R90.\"><br \/>\n<i class=\"fas fa-info-circle\"><\/i><br \/>\n<\/a><br \/>Para: D\u00eda de pista, uso ligero en carreras, GT trasero<br \/>Temperatura de funcionamiento \u00f3ptima: 0\u00b0 a 500\u00b0C\n                                                                                                                                            <\/p>","protected":false},"featured_media":66789,"template":"","meta":{"_crdt_document":"","inline_featured_image":false},"product_brand":[],"product_cat":[116],"product_tag":[],"class_list":{"0":"post-31707","1":"product","2":"type-product","3":"status-publish","4":"has-post-thumbnail","6":"product_cat-brake-pads","8":"first","9":"instock","10":"taxable","11":"shipping-taxable","12":"purchasable","13":"product-type-simple"},"supplier_id":null,"supplier_sku":"","barcode":null,"atum_controlled":true,"out_stock_date":null,"out_stock_threshold":null,"inheritable":false,"inbound_stock":null,"stock_on_hold":null,"sold_today":null,"sales_last_days":null,"reserved_stock":null,"customer_returns":null,"warehouse_damage":null,"lost_in_post":null,"other_logs":null,"out_stock_days":null,"lost_sales":null,"has_location":null,"update_date":null,"atum_locations":[],"atum_stock_status":"instock","restock_status":false,"low_stock_amount":"","sales_update_date":null,"calc_backorders":null,"_links":{"self":[{"href":"https:\/\/revmatch.eu\/es\/wp-json\/wp\/v2\/product\/31707","targetHints":{"allow":["GET"]}}],"collection":[{"href":"https:\/\/revmatch.eu\/es\/wp-json\/wp\/v2\/product"}],"about":[{"href":"https:\/\/revmatch.eu\/es\/wp-json\/wp\/v2\/types\/product"}],"version-history":[{"count":0,"href":"https:\/\/revmatch.eu\/es\/wp-json\/wp\/v2\/product\/31707\/revisions"}],"wp:featuredmedia":[{"embeddable":true,"href":"https:\/\/revmatch.eu\/es\/wp-json\/wp\/v2\/media\/66789"}],"wp:attachment":[{"href":"https:\/\/revmatch.eu\/es\/wp-json\/wp\/v2\/media?parent=31707"}],"wp:term":[{"taxonomy":"product_brand","embeddable":true,"href":"https:\/\/revmatch.eu\/es\/wp-json\/wp\/v2\/product_brand?post=31707"},{"taxonomy":"product_cat","embeddable":true,"href":"https:\/\/revmatch.eu\/es\/wp-json\/wp\/v2\/product_cat?post=31707"},{"taxonomy":"product_tag","embeddable":true,"href":"https:\/\/revmatch.eu\/es\/wp-json\/wp\/v2\/product_tag?post=31707"}],"curies":[{"name":"wp","href":"https:\/\/api.w.org\/{rel}","templated":true}]}}