{"id":31905,"date":"2023-05-23T11:49:03","date_gmt":"2023-05-23T10:49:03","guid":{"rendered":"http:\/\/revmatch.eu\/product\/ferodo-racing-ds2500-frp3140h\/"},"modified":"2024-06-12T22:16:33","modified_gmt":"2024-06-12T21:16:33","slug":"ferodo-racing-ds2500-frp3140h","status":"publish","type":"product","link":"https:\/\/revmatch.eu\/es\/producto\/ferodo-racing-ds2500-frp3140h\/","title":{"rendered":"Ferodo Racing DS2500 \u2013 FRP3140H"},"content":{"rendered":"<p><strong>FRP3140<\/strong><\/p>\n<p>\n<b>Compuesto: DS2500 <\/b><br \/>SIN CERTIFICACI\u00d3N R90 <a data-boundary=\"window\" data-toggle=\"tooltip\" data-trigger=\"hover focus click\" style=\"color:red;cursor:pointer\" title=\"Este compuesto no est\u00e1 recomendado para uso en carretera en aquellos pa\u00edses que requieren certificaci\u00f3n R90.\"><br \/>\n<i class=\"fas fa-info-circle\"><\/i><br \/>\n<\/a><br \/>Para: D\u00eda de pista, uso ligero en carreras, GT trasero<br \/>Temperatura de funcionamiento \u00f3ptima: 0\u00b0 a 500\u00b0C\n                                                                                                                                            <\/p>\n<p>&nbsp;<\/p>\n<p>Compatible con:<br \/>\n&nbsp;<\/p>\n<details>\n<summary>CITROEN<\/summary>\n<p>C3N5:<\/p>\n<ul>\n<li>kilovatios: <\/li>\n<li>DESDE &gt; HASTA: 2018 &gt; <\/li>\n<li>POSICI\u00d3N: DELANTERO<\/li>\n<\/ul>\n<p>C3N5:<\/p>\n<ul>\n<li>kilovatios: <\/li>\n<li>DESDE &gt; HASTA: 2018 &gt; <\/li>\n<li>POSICI\u00d3N: TRASERA<\/li>\n<\/ul>\n<p>DS3 N5 (especificaciones 2017):<\/p>\n<ul>\n<li>kilovatios: 223<\/li>\n<li>DESDE &gt; HASTA: 2017 &gt; 2018<\/li>\n<li>POSICI\u00d3N: DELANTERO<\/li>\n<\/ul>\n<p>DS3 N5 (especificaciones 2017):<\/p>\n<ul>\n<li>kilovatios: 223<\/li>\n<li>DESDE &gt; HASTA: 2017 &gt; 2018<\/li>\n<li>POSICI\u00d3N: TRASERA<\/li>\n<\/ul>\n<\/details>\n<details>\n<summary>FIAT<\/summary>\n<p>124 Abarth Rally:<\/p>\n<ul>\n<li>kilovatios: 221<\/li>\n<li>DESDE &gt; HASTA: 2017 &gt; <\/li>\n<li>POSICI\u00d3N: DELANTERO<\/li>\n<\/ul>\n<p>124 Abarth Rally:<\/p>\n<ul>\n<li>kilovatios: 221<\/li>\n<li>DESDE &gt; HASTA: 2017 &gt; <\/li>\n<li>POSICI\u00d3N: TRASERA<\/li>\n<\/ul>\n<\/details>\n<details>\n<summary>VADO<\/summary>\n<p>Fiesta 1.6 R5 Rally Asfalto y grava:<\/p>\n<ul>\n<li>kilovatios: <\/li>\n<li>DESDE &gt; HASTA: 2015 &gt; <\/li>\n<li>POSICI\u00d3N: DELANTERO<\/li>\n<\/ul>\n<p>Fiesta 1.6 R5 Rally Asfalto y grava:<\/p>\n<ul>\n<li>kilovatios: <\/li>\n<li>DESDE &gt; HASTA: 2015 &gt; <\/li>\n<li>POSICI\u00d3N: TRASERA<\/li>\n<\/ul>\n<p>Fiesta N5 (especificaciones t\u00e9cnicas 2017 \u2013 2018):<\/p>\n<ul>\n<li>kilovatios: <\/li>\n<li>DESDE &gt; HASTA: 2017 &gt; 2018<\/li>\n<li>POSICI\u00d3N: DELANTERO<\/li>\n<\/ul>\n<p>Fiesta N5 (especificaciones t\u00e9cnicas 2017 \u2013 2018):<\/p>\n<ul>\n<li>kilovatios: <\/li>\n<li>DESDE &gt; HASTA: 2017 &gt; 2018<\/li>\n<li>POSICI\u00d3N: TRASERA<\/li>\n<\/ul>\n<p>Fiesta R5 Rally 2:<\/p>\n<ul>\n<li>kilovatios: <\/li>\n<li>DESDE &gt; HASTA: 2021 &gt; <\/li>\n<li>POSICI\u00d3N: DELANTERO<\/li>\n<\/ul>\n<p>Fiesta R5 Rally 2:<\/p>\n<ul>\n<li>kilovatios: <\/li>\n<li>DESDE &gt; HASTA: 2021 &gt; <\/li>\n<li>POSICI\u00d3N: TRASERA<\/li>\n<\/ul>\n<\/details>\n<details>\n<summary>HYUNDAI<\/summary>\n<p>i20 R5:<\/p>\n<ul>\n<li>kilovatios: <\/li>\n<li>DESDE &gt; HASTA: 2016 &gt; <\/li>\n<li>POSICI\u00d3N: DELANTERO<\/li>\n<\/ul>\n<p>i20 R5:<\/p>\n<ul>\n<li>kilovatios: <\/li>\n<li>DESDE &gt; HASTA: 2016 &gt; <\/li>\n<li>POSICI\u00d3N: TRASERA<\/li>\n<\/ul>\n<p>i20 N5 (especificaciones 2017):<\/p>\n<ul>\n<li>kilovatios: <\/li>\n<li>DESDE &gt; HASTA: 2017 &gt; <\/li>\n<li>POSICI\u00d3N: DELANTERO<\/li>\n<\/ul>\n<p>i20 N5 (especificaciones 2017):<\/p>\n<ul>\n<li>kilovatios: <\/li>\n<li>DESDE &gt; HASTA: 2017 &gt; <\/li>\n<li>POSICI\u00d3N: TRASERA<\/li>\n<\/ul>\n<p>i20 WRC:<\/p>\n<ul>\n<li>kilovatios: 279<\/li>\n<li>DESDE &gt; HASTA: 2017 &gt; <\/li>\n<li>POSICI\u00d3N: DELANTERO<\/li>\n<\/ul>\n<p>i20 WRC:<\/p>\n<ul>\n<li>kilovatios: 279<\/li>\n<li>DESDE &gt; HASTA: 2017 &gt; <\/li>\n<li>POSICI\u00d3N: TRASERA<\/li>\n<\/ul>\n<\/details>\n<details>\n<summary>NISSAN<\/summary>\n<p>Micra N5:<\/p>\n<ul>\n<li>kilovatios: <\/li>\n<li>DESDE &gt; HASTA: 2017 &gt; <\/li>\n<li>POSICI\u00d3N: DELANTERO<\/li>\n<\/ul>\n<p>Micra N5:<\/p>\n<ul>\n<li>kilovatios: <\/li>\n<li>DESDE &gt; HASTA: 2017 &gt; <\/li>\n<li>POSICI\u00d3N: TRASERA<\/li>\n<\/ul>\n<\/details>\n<details>\n<summary>PEUGEOT<\/summary>\n<p>208 N5 (especificaciones 2018):<\/p>\n<ul>\n<li>kilovatios: <\/li>\n<li>DESDE &gt; HASTA: 2018 &gt; <\/li>\n<li>POSICI\u00d3N: DELANTERO<\/li>\n<\/ul>\n<p>208 N5 (especificaciones 2018):<\/p>\n<ul>\n<li>kilovatios: <\/li>\n<li>DESDE &gt; HASTA: 2018 &gt; <\/li>\n<li>POSICI\u00d3N: TRASERA<\/li>\n<\/ul>\n<\/details>\n<details>\n<summary>PROTON<\/summary>\n<p>IRIZ R5:<\/p>\n<ul>\n<li>kilovatios: <\/li>\n<li>DESDE &gt; HASTA: 2017 &gt; <\/li>\n<li>POSICI\u00d3N: DELANTERO<\/li>\n<\/ul>\n<p>IRIZ R5:<\/p>\n<ul>\n<li>kilovatios: <\/li>\n<li>DESDE &gt; HASTA: 2017 &gt; <\/li>\n<li>POSICI\u00d3N: TRASERA<\/li>\n<\/ul>\n<\/details>\n<details>\n<summary>RENAULT-ALPINE<\/summary>\n<p>Rally A110:<\/p>\n<ul>\n<li>kilovatios: <\/li>\n<li>DESDE &gt; HASTA: 2020 &gt; <\/li>\n<li>POSICI\u00d3N: DELANTERO<\/li>\n<\/ul>\n<p>Rally A110:<\/p>\n<ul>\n<li>kilovatios: <\/li>\n<li>DESDE &gt; HASTA: 2020 &gt; <\/li>\n<li>POSICI\u00d3N: TRASERA<\/li>\n<\/ul>\n<\/details>\n<details>\n<summary>SKODA<\/summary>\n<p>Rally Fabia R5:<\/p>\n<ul>\n<li>kilovatios: 205<\/li>\n<li>DESDE &gt; HASTA: 2017 &gt; <\/li>\n<li>POSICI\u00d3N: DELANTERO<\/li>\n<\/ul>\n<p>Rally Fabia R5:<\/p>\n<ul>\n<li>kilovatios: 205<\/li>\n<li>DESDE &gt; HASTA: 2017 &gt; <\/li>\n<li>POSICI\u00d3N: TRASERA<\/li>\n<\/ul>\n<p>Fabia Rally S2000:<\/p>\n<ul>\n<li>kilovatios: 198<\/li>\n<li>DESDE &gt; HASTA: 2009 &gt; 2015<\/li>\n<li>POSICI\u00d3N: DELANTERO<\/li>\n<\/ul>\n<p>Fabia Rally S2000:<\/p>\n<ul>\n<li>kilovatios: 198<\/li>\n<li>DESDE &gt; HASTA: 2009 &gt; 2015<\/li>\n<li>POSICI\u00d3N: TRASERA<\/li>\n<\/ul>\n<\/details>\n<details>\n<summary>TOYOTA<\/summary>\n<p>Rally YARIS N5:<\/p>\n<ul>\n<li>kilovatios: 213<\/li>\n<li>DESDE &gt; HASTA: 2021 &gt; <\/li>\n<li>POSICI\u00d3N: DELANTERO<\/li>\n<\/ul>\n<p>Rally YARIS N5:<\/p>\n<ul>\n<li>kilovatios: 213<\/li>\n<li>DESDE &gt; HASTA: 2021 &gt; <\/li>\n<li>POSICI\u00d3N: TRASERA<\/li>\n<\/ul>\n<\/details>","protected":false},"excerpt":{"rendered":"<p><strong>FRP3140<\/strong><\/p>\n<p>\n<b>Compuesto: DS2500 <\/b><br \/>SIN CERTIFICACI\u00d3N R90 <a data-boundary=\"window\" data-toggle=\"tooltip\" data-trigger=\"hover focus click\" style=\"color:red;cursor:pointer\" title=\"Este compuesto no est\u00e1 recomendado para uso en carretera en aquellos pa\u00edses que requieren certificaci\u00f3n R90.\"><br \/>\n<i class=\"fas fa-info-circle\"><\/i><br \/>\n<\/a><br \/>Para: D\u00eda de pista, uso ligero en carreras, GT trasero<br \/>Temperatura de funcionamiento \u00f3ptima: 0\u00b0 a 500\u00b0C\n                                                                                                                                            <\/p>","protected":false},"featured_media":66842,"template":"","meta":{"_crdt_document":"","inline_featured_image":false},"product_brand":[],"product_cat":[116],"product_tag":[],"class_list":{"0":"post-31905","1":"product","2":"type-product","3":"status-publish","4":"has-post-thumbnail","6":"product_cat-brake-pads","8":"first","9":"instock","10":"taxable","11":"shipping-taxable","12":"purchasable","13":"product-type-simple"},"supplier_id":null,"supplier_sku":"","barcode":null,"atum_controlled":true,"out_stock_date":null,"out_stock_threshold":null,"inheritable":false,"inbound_stock":null,"stock_on_hold":null,"sold_today":null,"sales_last_days":null,"reserved_stock":null,"customer_returns":null,"warehouse_damage":null,"lost_in_post":null,"other_logs":null,"out_stock_days":null,"lost_sales":null,"has_location":null,"update_date":null,"atum_locations":[],"atum_stock_status":"instock","restock_status":false,"low_stock_amount":"","sales_update_date":null,"calc_backorders":null,"_links":{"self":[{"href":"https:\/\/revmatch.eu\/es\/wp-json\/wp\/v2\/product\/31905","targetHints":{"allow":["GET"]}}],"collection":[{"href":"https:\/\/revmatch.eu\/es\/wp-json\/wp\/v2\/product"}],"about":[{"href":"https:\/\/revmatch.eu\/es\/wp-json\/wp\/v2\/types\/product"}],"version-history":[{"count":0,"href":"https:\/\/revmatch.eu\/es\/wp-json\/wp\/v2\/product\/31905\/revisions"}],"wp:featuredmedia":[{"embeddable":true,"href":"https:\/\/revmatch.eu\/es\/wp-json\/wp\/v2\/media\/66842"}],"wp:attachment":[{"href":"https:\/\/revmatch.eu\/es\/wp-json\/wp\/v2\/media?parent=31905"}],"wp:term":[{"taxonomy":"product_brand","embeddable":true,"href":"https:\/\/revmatch.eu\/es\/wp-json\/wp\/v2\/product_brand?post=31905"},{"taxonomy":"product_cat","embeddable":true,"href":"https:\/\/revmatch.eu\/es\/wp-json\/wp\/v2\/product_cat?post=31905"},{"taxonomy":"product_tag","embeddable":true,"href":"https:\/\/revmatch.eu\/es\/wp-json\/wp\/v2\/product_tag?post=31905"}],"curies":[{"name":"wp","href":"https:\/\/api.w.org\/{rel}","templated":true}]}}