{"id":33541,"date":"2023-05-23T12:13:34","date_gmt":"2023-05-23T11:13:34","guid":{"rendered":"http:\/\/revmatch.eu\/product\/ferodo-racing-ds1-11-fcp857w\/"},"modified":"2023-07-11T20:36:42","modified_gmt":"2023-07-11T19:36:42","slug":"ferodo-racing-ds1-11-fcp857w","status":"publish","type":"product","link":"https:\/\/revmatch.eu\/es\/producto\/ferodo-racing-ds1-11-fcp857w\/","title":{"rendered":"DS1.11 de carreras Ferodo \u2013 FCP857W"},"content":{"rendered":"<p><strong>DS1.11<\/strong><br \/>\nDS1.11<br \/>\nNO APTO PARA USO EN CARRETERA<br \/>\nPara: turismos, GT, monoplaza. D\u00eda de seguimiento para veh\u00edculos m\u00e1s pesados<br \/>\nCoeficiente de fricci\u00f3n promedio de 0,46 en un rango de temperatura de trabajo de 200\u00b0-750\u00b0C<\/p>\n<p>&nbsp;<\/p>\n<p>Compatible con:<br \/>\n&nbsp;<\/p>\n<details>\n<summary>BMW<\/summary>\n<p>8 (E31) 850 Ci:<\/p>\n<ul>\n<li>N\u00famero de serie: 326<\/li>\n<li>DESDE &gt; HASTA: 1994 &gt; 1999<\/li>\n<li>POSICI\u00d3N: TRASERA<\/li>\n<\/ul>\n<p>8 (E31) 840 Ci:<\/p>\n<ul>\n<li>N\u00famero de serie: 286<\/li>\n<li>DESDE &gt; HASTA: 1996 &gt; 1999<\/li>\n<li>POSICI\u00d3N: TRASERA<\/li>\n<\/ul>\n<p>3 (E40) 3.2 i M3:<\/p>\n<ul>\n<li>kilovatios: 236<\/li>\n<li>DESDE &gt; HASTA: 1995 &gt; 1999<\/li>\n<li>POSICI\u00d3N: TRASERA<\/li>\n<\/ul>\n<p>8 (E31) 840i:<\/p>\n<ul>\n<li>kilovatios: 210<\/li>\n<li>DESDE &gt; HASTA: 1993 &gt; 1996<\/li>\n<li>POSICI\u00d3N: TRASERA<\/li>\n<\/ul>\n<p>8 (E31) 840i:<\/p>\n<ul>\n<li>kilovatios: 210<\/li>\n<li>DESDE &gt; HASTA: 1993 &gt; 1996<\/li>\n<li>POSICI\u00d3N: TRASERA<\/li>\n<\/ul>\n<p>8 (E31) 840Ci:<\/p>\n<ul>\n<li>kilovatios: 210<\/li>\n<li>DESDE &gt; HASTA: 1996 &gt; 1999<\/li>\n<li>POSICI\u00d3N: TRASERA<\/li>\n<\/ul>\n<p>8 (E31) 850i \/ 850Ci:<\/p>\n<ul>\n<li>kilovatios: 220<\/li>\n<li>DESDE &gt; HASTA: 1990 &gt; 1994<\/li>\n<li>POSICI\u00d3N: TRASERA<\/li>\n<\/ul>\n<p>8 (E31) 850i \/ 850Ci:<\/p>\n<ul>\n<li>kilovatios: 220<\/li>\n<li>DESDE &gt; HASTA: 1993 &gt; 1996<\/li>\n<li>POSICI\u00d3N: TRASERA<\/li>\n<\/ul>\n<p>8 (E31) 850Ci:<\/p>\n<ul>\n<li>kilovatios: 240<\/li>\n<li>DESDE &gt; HASTA: 1994 &gt; 1999<\/li>\n<li>POSICI\u00d3N: TRASERA<\/li>\n<\/ul>\n<p>8 (E31) 850 \u00b0C:<\/p>\n<ul>\n<li>kilovatios: 280<\/li>\n<li>DESDE &gt; HASTA: 1993 &gt; 1996<\/li>\n<li>POSICI\u00d3N: TRASERA<\/li>\n<\/ul>\n<\/details>\n<details>\n<summary>MASERATI<\/summary>\n<p>Biturbo 2.0:<\/p>\n<ul>\n<li>N\u00famero de serie: 161<\/li>\n<li>DESDE &gt; HASTA: 1994 &gt; <\/li>\n<li>POSICI\u00d3N: TRASERA<\/li>\n<\/ul>\n<p>Biturbo 2.5:<\/p>\n<ul>\n<li>kilovatios: 130<\/li>\n<li>DESDE &gt; HASTA: 1994 &gt; <\/li>\n<li>POSICI\u00d3N: TRASERA<\/li>\n<\/ul>\n<p>Biturbo 2.5:<\/p>\n<ul>\n<li>kilovatios: 147<\/li>\n<li>DESDE &gt; HASTA: 1994 &gt; <\/li>\n<li>POSICI\u00d3N: TRASERA<\/li>\n<\/ul>\n<p>Biturbo 2.8:<\/p>\n<ul>\n<li>kilovatios: 185<\/li>\n<li>DESDE &gt; HASTA: 1994 &gt; 1996<\/li>\n<li>POSICI\u00d3N: TRASERA<\/li>\n<\/ul>\n<\/details>","protected":false},"excerpt":{"rendered":"<p><strong>DS1.11<\/strong><br \/>\nDS1.11<br \/>\nNO APTO PARA USO EN CARRETERA<br \/>\nPara: turismos, GT, monoplaza. D\u00eda de seguimiento para veh\u00edculos m\u00e1s pesados<br \/>\nCoeficiente de fricci\u00f3n promedio de 0,46 en un rango de temperatura de trabajo de 200\u00b0-750\u00b0C<\/p>","protected":false},"featured_media":33540,"template":"","meta":{"_crdt_document":"","inline_featured_image":false},"product_brand":[],"product_cat":[116],"product_tag":[],"class_list":{"0":"post-33541","1":"product","2":"type-product","3":"status-publish","4":"has-post-thumbnail","6":"product_cat-brake-pads","8":"first","9":"instock","10":"taxable","11":"shipping-taxable","12":"purchasable","13":"product-type-simple"},"supplier_id":null,"supplier_sku":"","barcode":null,"atum_controlled":true,"out_stock_date":null,"out_stock_threshold":null,"inheritable":false,"inbound_stock":null,"stock_on_hold":null,"sold_today":null,"sales_last_days":null,"reserved_stock":null,"customer_returns":null,"warehouse_damage":null,"lost_in_post":null,"other_logs":null,"out_stock_days":null,"lost_sales":null,"has_location":null,"update_date":null,"atum_locations":[],"atum_stock_status":"instock","restock_status":false,"low_stock_amount":"","sales_update_date":null,"calc_backorders":null,"_links":{"self":[{"href":"https:\/\/revmatch.eu\/es\/wp-json\/wp\/v2\/product\/33541","targetHints":{"allow":["GET"]}}],"collection":[{"href":"https:\/\/revmatch.eu\/es\/wp-json\/wp\/v2\/product"}],"about":[{"href":"https:\/\/revmatch.eu\/es\/wp-json\/wp\/v2\/types\/product"}],"version-history":[{"count":0,"href":"https:\/\/revmatch.eu\/es\/wp-json\/wp\/v2\/product\/33541\/revisions"}],"wp:featuredmedia":[{"embeddable":true,"href":"https:\/\/revmatch.eu\/es\/wp-json\/wp\/v2\/media\/33540"}],"wp:attachment":[{"href":"https:\/\/revmatch.eu\/es\/wp-json\/wp\/v2\/media?parent=33541"}],"wp:term":[{"taxonomy":"product_brand","embeddable":true,"href":"https:\/\/revmatch.eu\/es\/wp-json\/wp\/v2\/product_brand?post=33541"},{"taxonomy":"product_cat","embeddable":true,"href":"https:\/\/revmatch.eu\/es\/wp-json\/wp\/v2\/product_cat?post=33541"},{"taxonomy":"product_tag","embeddable":true,"href":"https:\/\/revmatch.eu\/es\/wp-json\/wp\/v2\/product_tag?post=33541"}],"curies":[{"name":"wp","href":"https:\/\/api.w.org\/{rel}","templated":true}]}}