{"id":33700,"date":"2023-05-23T12:18:26","date_gmt":"2023-05-23T11:18:26","guid":{"rendered":"http:\/\/revmatch.eu\/product\/ferodo-racing-ds1-11-thermally-bedded-frp3145wb\/"},"modified":"2023-07-11T20:34:49","modified_gmt":"2023-07-11T19:34:49","slug":"ferodo-racing-ds1-11-thermally-bedded-frp3145wb","status":"publish","type":"product","link":"https:\/\/revmatch.eu\/es\/producto\/ferodo-racing-ds1-11-thermally-bedded-frp3145wb\/","title":{"rendered":"Ferodo Racing DS1.11 con asiento t\u00e9rmico \u2013 FRP3145WB"},"content":{"rendered":"<p><strong>DS1.11 Lecho t\u00e9rmico<\/strong><br \/>\nDS1.11<br \/>\nNO APTO PARA USO EN CARRETERA<br \/>\nPara: turismos, GT, monoplaza. D\u00eda de seguimiento para veh\u00edculos m\u00e1s pesados<br \/>\nCoeficiente de fricci\u00f3n promedio de 0,46 en un rango de temperatura de trabajo de 200\u00b0-750\u00b0C<\/p>\n<p>&nbsp;<\/p>\n<p>Compatible con:<br \/>\n&nbsp;<\/p>","protected":false},"excerpt":{"rendered":"<p><strong>DS1.11 Lecho t\u00e9rmico<\/strong><br \/>\nDS1.11<br \/>\nNO APTO PARA USO EN CARRETERA<br \/>\nPara: turismos, GT, monoplaza. D\u00eda de seguimiento para veh\u00edculos m\u00e1s pesados<br \/>\nCoeficiente de fricci\u00f3n promedio de 0,46 en un rango de temperatura de trabajo de 200\u00b0-750\u00b0C<\/p>","protected":false},"featured_media":33699,"template":"","meta":{"_crdt_document":"","inline_featured_image":false},"product_brand":[],"product_cat":[116],"product_tag":[],"class_list":{"0":"post-33700","1":"product","2":"type-product","3":"status-publish","4":"has-post-thumbnail","6":"product_cat-brake-pads","8":"first","9":"instock","10":"taxable","11":"shipping-taxable","12":"purchasable","13":"product-type-simple"},"supplier_id":null,"supplier_sku":"","barcode":null,"atum_controlled":true,"out_stock_date":null,"out_stock_threshold":null,"inheritable":false,"inbound_stock":null,"stock_on_hold":null,"sold_today":null,"sales_last_days":null,"reserved_stock":null,"customer_returns":null,"warehouse_damage":null,"lost_in_post":null,"other_logs":null,"out_stock_days":null,"lost_sales":null,"has_location":null,"update_date":null,"atum_locations":[],"atum_stock_status":"instock","restock_status":false,"low_stock_amount":"","sales_update_date":null,"calc_backorders":null,"_links":{"self":[{"href":"https:\/\/revmatch.eu\/es\/wp-json\/wp\/v2\/product\/33700","targetHints":{"allow":["GET"]}}],"collection":[{"href":"https:\/\/revmatch.eu\/es\/wp-json\/wp\/v2\/product"}],"about":[{"href":"https:\/\/revmatch.eu\/es\/wp-json\/wp\/v2\/types\/product"}],"version-history":[{"count":0,"href":"https:\/\/revmatch.eu\/es\/wp-json\/wp\/v2\/product\/33700\/revisions"}],"wp:featuredmedia":[{"embeddable":true,"href":"https:\/\/revmatch.eu\/es\/wp-json\/wp\/v2\/media\/33699"}],"wp:attachment":[{"href":"https:\/\/revmatch.eu\/es\/wp-json\/wp\/v2\/media?parent=33700"}],"wp:term":[{"taxonomy":"product_brand","embeddable":true,"href":"https:\/\/revmatch.eu\/es\/wp-json\/wp\/v2\/product_brand?post=33700"},{"taxonomy":"product_cat","embeddable":true,"href":"https:\/\/revmatch.eu\/es\/wp-json\/wp\/v2\/product_cat?post=33700"},{"taxonomy":"product_tag","embeddable":true,"href":"https:\/\/revmatch.eu\/es\/wp-json\/wp\/v2\/product_tag?post=33700"}],"curies":[{"name":"wp","href":"https:\/\/api.w.org\/{rel}","templated":true}]}}