{"id":34109,"date":"2023-05-23T12:35:59","date_gmt":"2023-05-23T11:35:59","guid":{"rendered":"http:\/\/revmatch.eu\/product\/ferodo-racing-ds2500-fcp1021h\/"},"modified":"2024-06-12T22:06:46","modified_gmt":"2024-06-12T21:06:46","slug":"ferodo-racing-ds2500-fcp1021h","status":"publish","type":"product","link":"https:\/\/revmatch.eu\/es\/producto\/ferodo-racing-ds2500-fcp1021h\/","title":{"rendered":"Ferodo Racing DS2500 \u2013 FCP1021H"},"content":{"rendered":"<p><strong>FCP1021<\/strong><\/p>\n<p>\n<b>Compuesto: DS2500 <\/b><br \/>SIN CERTIFICACI\u00d3N R90 <a data-boundary=\"window\" data-toggle=\"tooltip\" data-trigger=\"hover focus click\" style=\"color:red;cursor:pointer\" title=\"Este compuesto no est\u00e1 recomendado para uso en carretera en aquellos pa\u00edses que requieren certificaci\u00f3n R90.\"><br \/>\n<i class=\"fas fa-info-circle\"><\/i><br \/>\n<\/a><br \/>Para: D\u00eda de pista, uso ligero en carreras, GT trasero<br \/>Temperatura de funcionamiento \u00f3ptima: 0\u00b0 a 500\u00b0C\n                                                                                                                                            <\/p>\n<p>&nbsp;<\/p>\n<p>Compatible con:<br \/>\n&nbsp;<\/p>\n<details>\n<summary>LEXUS<\/summary>\n<p>GX (URJ15_) 460:<\/p>\n<ul>\n<li>kilovatios: 218<\/li>\n<li>DESDE &gt; HASTA: 2009 &gt; <\/li>\n<li>POSICI\u00d3N: TRASERA<\/li>\n<\/ul>\n<p>GX (_J12_) 470:<\/p>\n<ul>\n<li>kilovatios: 175<\/li>\n<li>DESDE &gt; HASTA: 2001 &gt; 2009<\/li>\n<li>POSICI\u00d3N: TRASERA<\/li>\n<\/ul>\n<p>GX (_J12_) 470:<\/p>\n<ul>\n<li>kilovatios: 199<\/li>\n<li>DESDE &gt; HASTA: 2001 &gt; 2009<\/li>\n<li>POSICI\u00d3N: TRASERA<\/li>\n<\/ul>\n<\/details>\n<details>\n<summary>MITSUBISHI<\/summary>\n<p>PAJERO IV (V8_W, V9_W) 3.2 DI-D (V88W, V98W):<\/p>\n<ul>\n<li>kilovatios: 118<\/li>\n<li>DESDE &gt; HASTA: 2007 &gt; <\/li>\n<li>POSICI\u00d3N: TRASERA<\/li>\n<\/ul>\n<p>PAJERO IV (V8_W, V9_W) 3.2 DI-D (V88W, V98W):<\/p>\n<ul>\n<li>kilovatios: 125<\/li>\n<li>DESDE &gt; HASTA: 2007 &gt; <\/li>\n<li>POSICI\u00d3N: TRASERA<\/li>\n<\/ul>\n<p>PAJERO IV (V8_W, V9_W) 3.2 DI-D 4WD:<\/p>\n<ul>\n<li>kilovatios: 140<\/li>\n<li>DESDE &gt; HASTA: 2007 &gt; <\/li>\n<li>POSICI\u00d3N: TRASERA<\/li>\n<\/ul>\n<p>PAJERO IV (V8_W, V9_W) 3.2 DI-D 4WD (V98W, V88W):<\/p>\n<ul>\n<li>kilovatios: 147<\/li>\n<li>DESDE &gt; HASTA: 2009 &gt; <\/li>\n<li>POSICI\u00d3N: TRASERA<\/li>\n<\/ul>\n<p>PAJERO IV Furg\u00f3n (V90, V80) 3.2 DI-D:<\/p>\n<ul>\n<li>kilovatios: 118<\/li>\n<li>DESDE &gt; HASTA: 2006 &gt; <\/li>\n<li>POSICI\u00d3N: TRASERA<\/li>\n<\/ul>\n<p>PAJERO IV Furg\u00f3n (V90, V80) 3.2 TD 4WD:<\/p>\n<ul>\n<li>kilovatios: 147<\/li>\n<li>DESDE &gt; HASTA: 2010 &gt; <\/li>\n<li>POSICI\u00d3N: TRASERA<\/li>\n<\/ul>\n<p>PAJERO IV (V8_W, V9_W) 3,8 V6 (V87W, V97W):<\/p>\n<ul>\n<li>kilovatios: 184<\/li>\n<li>DESDE &gt; HASTA: 2007 &gt; <\/li>\n<li>POSICI\u00d3N: TRASERA<\/li>\n<\/ul>\n<p>PAJERO IV (V8_W, V9_W) 3,8 V6:<\/p>\n<ul>\n<li>kilovatios: 182<\/li>\n<li>DESDE &gt; HASTA: 2010 &gt; <\/li>\n<li>POSICI\u00d3N: TRASERA<\/li>\n<\/ul>\n<\/details>\n<details>\n<summary>TOYOTA<\/summary>\n<p>CRUCERO TERRESTRE (PZJ7_, KZJ7_, HZJ7_, BJ7_, LJ7_, RJ7_) 2.4 (RJ70_V, RJ73_V):<\/p>\n<ul>\n<li>kilovatios: 84<\/li>\n<li>DESDE &gt; HASTA: 1988 &gt; 1996<\/li>\n<li>POSICI\u00d3N: TRASERA<\/li>\n<\/ul>\n<p>CRUCERO TERRESTRE (PZJ7_, KZJ7_, HZJ7_, BJ7_, LJ7_, RJ7_) 2.4 (RJ70_, RJ73_):<\/p>\n<ul>\n<li>kilovatios: 77<\/li>\n<li>DESDE &gt; HASTA: 1984 &gt; 1993<\/li>\n<li>POSICI\u00d3N: TRASERA<\/li>\n<\/ul>\n<p>CRUCERO TERRESTRE (PZJ7_, KZJ7_, HZJ7_, BJ7_, LJ7_, RJ7_) 2.4 (RJ70_, RJ73_):<\/p>\n<ul>\n<li>kilovatios: 81<\/li>\n<li>DESDE &gt; HASTA: 1984 &gt; 1993<\/li>\n<li>POSICI\u00d3N: TRASERA<\/li>\n<\/ul>\n<p>CRUCERO TERRESTRE (PZJ7_, KZJ7_, HZJ7_, BJ7_, LJ7_, RJ7_) 2.4 TD (LJ70_, LJ73_):<\/p>\n<ul>\n<li>kilovatios: 63<\/li>\n<li>DESDE &gt; HASTA: 1985 &gt; 1990<\/li>\n<li>POSICI\u00d3N: TRASERA<\/li>\n<\/ul>\n<p>CRUCERO TERRESTRE (PZJ7_, KZJ7_, HZJ7_, BJ7_, LJ7_, RJ7_) 2.4 TD (LJ70):<\/p>\n<ul>\n<li>kilovatios: 66<\/li>\n<li>DESDE &gt; HASTA: 1990 &gt; 1993<\/li>\n<li>POSICI\u00d3N: TRASERA<\/li>\n<\/ul>\n<p>LAND CRUISER Techo r\u00edgido (_J7_) 2.4 TD (LJ77):<\/p>\n<ul>\n<li>kilovatios: 66<\/li>\n<li>DESDE &gt; HASTA: 1990 &gt; 1996<\/li>\n<li>POSICI\u00d3N: TRASERA<\/li>\n<\/ul>\n<p>CRUCERO TERRESTRE (LJ12_, KDJ12_, KZJ12_, GRJ12_, TRJ12_) 2.7 (RZJ12):<\/p>\n<ul>\n<li>kilovatios: 112<\/li>\n<li>DESDE &gt; HASTA: 2002 &gt; 2004<\/li>\n<li>POSICI\u00d3N: TRASERA<\/li>\n<\/ul>\n<p>CRUCERO TERRESTRE (LJ12_, KDJ12_, KZJ12_, GRJ12_, TRJ12_) 2.7 (TRJ12):<\/p>\n<ul>\n<li>kilovatios: 120<\/li>\n<li>DESDE &gt; HASTA: 2003 &gt; 2010<\/li>\n<li>POSICI\u00d3N: TRASERA<\/li>\n<\/ul>\n<p>LAND CRUISER 90 (_J9_) 2,7:<\/p>\n<ul>\n<li>kilovatios: 110<\/li>\n<li>DESDE &gt; HASTA: 1995 &gt; 2002<\/li>\n<li>POSICI\u00d3N: TRASERA<\/li>\n<\/ul>\n<p>LAND CRUISER 150 (KDJ15_, GRJ15_) 2.8 D-4D:<\/p>\n<ul>\n<li>kilovatios: 130<\/li>\n<li>DESDE &gt; HASTA: 2015 &gt; <\/li>\n<li>POSICI\u00d3N: TRASERA<\/li>\n<\/ul>\n<p>CRUCERO TERRESTRE (LJ12_, KDJ12_, KZJ12_, GRJ12_, TRJ12_) 3.0 D-4D (KDJ120, KDJ125):<\/p>\n<ul>\n<li>kilovatios: 127<\/li>\n<li>DESDE &gt; HASTA: 2002 &gt; <\/li>\n<li>POSICI\u00d3N: TRASERA<\/li>\n<\/ul>\n<p>CRUCERO TERRESTRE (LJ12_, KDJ12_, KZJ12_, GRJ12_, TRJ12_) 3.0 D-4D (KZJ12):<\/p>\n<ul>\n<li>kilovatios: 92<\/li>\n<li>DESDE &gt; HASTA: 2002 &gt; 2010<\/li>\n<li>POSICI\u00d3N: TRASERA<\/li>\n<\/ul>\n<p>CRUCERO TERRESTRE (LJ12_, KDJ12_, KZJ12_, GRJ12_, TRJ12_) 3.0 D-4D (KDJ120, KDJ150, KDJ125):<\/p>\n<ul>\n<li>kilovatios: 120<\/li>\n<li>DESDE &gt; HASTA: 2003 &gt; 2010<\/li>\n<li>POSICI\u00d3N: TRASERA<\/li>\n<\/ul>\n<p>LAND CRUISER (PZJ7_, KZJ7_, HZJ7_, BJ7_, LJ7_, RJ7_) 3.0 TD (KZJ70_, KZJ73_, KZJ77_):<\/p>\n<ul>\n<li>kilovatios: 92<\/li>\n<li>DESDE &gt; HASTA: 1993 &gt; 1996<\/li>\n<li>POSICI\u00d3N: TRASERA<\/li>\n<\/ul>\n<p>LAND CRUISER 150 (KDJ15_, GRJ15_) 3.0 D-4D:<\/p>\n<ul>\n<li>kilovatios: 140<\/li>\n<li>DESDE &gt; HASTA: 2010 &gt; <\/li>\n<li>POSICI\u00d3N: TRASERA<\/li>\n<\/ul>\n<p>LAND CRUISER 150 (KDJ15_, GRJ15_) 3.0 D-4D:<\/p>\n<ul>\n<li>kilovatios: 127<\/li>\n<li>DESDE &gt; HASTA: 2010 &gt; <\/li>\n<li>POSICI\u00d3N: TRASERA<\/li>\n<\/ul>\n<p>LAND CRUISER 90 (_J9_) 3.0 TD:<\/p>\n<ul>\n<li>kilovatios: 103<\/li>\n<li>DESDE &gt; HASTA: 1995 &gt; 2000<\/li>\n<li>POSICI\u00d3N: TRASERA<\/li>\n<\/ul>\n<p>LAND CRUISER 90 (_J9_) 3.0 TD (KZJ90_, KZJ95_):<\/p>\n<ul>\n<li>kilovatios: 92<\/li>\n<li>DESDE &gt; HASTA: 1996 &gt; <\/li>\n<li>POSICI\u00d3N: TRASERA<\/li>\n<\/ul>\n<p>LAND CRUISER 90 (_J9_) 3.0 D-4D (KDJ90, KDJ95, KDJ 125):<\/p>\n<ul>\n<li>kilovatios: 120<\/li>\n<li>DESDE &gt; HASTA: 2000 &gt; <\/li>\n<li>POSICI\u00d3N: TRASERA<\/li>\n<\/ul>\n<p>LAND CRUISER Techo r\u00edgido (_J7_) 3.0 TD:<\/p>\n<ul>\n<li>kilovatios: 92<\/li>\n<li>DESDE &gt; HASTA: 1993 &gt; 1996<\/li>\n<li>POSICI\u00d3N: TRASERA<\/li>\n<\/ul>\n<p>LAND CRUISER PRADO (LJ12_, KDJ12_, KZJ12_, GRJ12_, TRJ12_) 3.0 D-4D (KDJ120, KDJ125):<\/p>\n<ul>\n<li>kilovatios: 122<\/li>\n<li>DESDE &gt; HASTA: 2004 &gt; 2010<\/li>\n<li>POSICI\u00d3N: TRASERA<\/li>\n<\/ul>\n<p>PRADO 3.0 D (GRJ120, KZJ120, RZJ120):<\/p>\n<ul>\n<li>kilovatios: 120<\/li>\n<li>DESDE &gt; HASTA: 2003 &gt; 2006<\/li>\n<li>POSICI\u00d3N: TRASERA<\/li>\n<\/ul>\n<p>PRADO 3.0 TD 2 Puertas SWB Familiar (KDJ155):<\/p>\n<ul>\n<li>kilovatios: <\/li>\n<li>DESDE &gt; HASTA: 2009 &gt; <\/li>\n<li>POSICI\u00d3N: TRASERA<\/li>\n<\/ul>\n<p>CRUCERO TERRESTRE (LJ12_, KDJ12_, KZJ12_, GRJ12_, TRJ12_) 3.0 D:<\/p>\n<ul>\n<li>kilovatios: 70<\/li>\n<li>DESDE &gt; HASTA: 2002 &gt; 2009<\/li>\n<li>POSICI\u00d3N: TRASERA<\/li>\n<\/ul>\n<p>LAND CRUISER 90 (_J9_) 3.4 i 24V (VZJ90_, VZJ95_):<\/p>\n<ul>\n<li>kilovatios: 131<\/li>\n<li>DESDE &gt; HASTA: 1996 &gt; <\/li>\n<li>POSICI\u00d3N: TRASERA<\/li>\n<\/ul>\n<p>LAND CRUISER (PZJ7_, KZJ7_, HZJ7_, BJ7_, LJ7_, RJ7_) 3,5 D 4\u00d74 (PZJ75, PZJ70):<\/p>\n<ul>\n<li>kilovatios: 85<\/li>\n<li>DESDE &gt; HASTA: 1990 &gt; 1994<\/li>\n<li>POSICI\u00d3N: TRASERA<\/li>\n<\/ul>\n<p>FJ CRUISER (GSJ1_) 4.0 VVTi 4WD:<\/p>\n<ul>\n<li>kilovatios: 178<\/li>\n<li>DESDE &gt; HASTA: 2006 &gt; 2011<\/li>\n<li>POSICI\u00d3N: TRASERA<\/li>\n<\/ul>\n<p>FJ CRUISER (GSJ1_) 4,0 i V6:<\/p>\n<ul>\n<li>kilovatios: 200<\/li>\n<li>DESDE &gt; HASTA: 2010 &gt; <\/li>\n<li>POSICI\u00d3N: TRASERA<\/li>\n<\/ul>\n<p>FJ CRUISER (GSJ1_) 4,0 i V6:<\/p>\n<ul>\n<li>kilovatios: 203<\/li>\n<li>DESDE &gt; HASTA: 2011 &gt; <\/li>\n<li>POSICI\u00d3N: TRASERA<\/li>\n<\/ul>\n<p>CRUCERO TERRESTRE (LJ12_, KDJ12_, KZJ12_, GRJ12_, TRJ12_) 4.0:<\/p>\n<ul>\n<li>kilovatios: 179<\/li>\n<li>DESDE &gt; HASTA: 2002 &gt; 2004<\/li>\n<li>POSICI\u00d3N: TRASERA<\/li>\n<\/ul>\n<p>CRUCERO TERRESTRE (LJ12_, KDJ12_, KZJ12_, GRJ12_, TRJ12_) 4.0 (GRJ12, GRJ125):<\/p>\n<ul>\n<li>kilovatios: 183<\/li>\n<li>DESDE &gt; HASTA: 2003 &gt; <\/li>\n<li>POSICI\u00d3N: TRASERA<\/li>\n<\/ul>\n<p>LAND CRUISER 150 (KDJ15_, GRJ15_) 4.0 V6 VVT-i:<\/p>\n<ul>\n<li>kilovatios: 207<\/li>\n<li>DESDE &gt; HASTA: 2010 &gt; <\/li>\n<li>POSICI\u00d3N: TRASERA<\/li>\n<\/ul>\n<p>LAND CRUISER 80 (_J8_) 4.0 (FJ80_):<\/p>\n<ul>\n<li>kilovatios: 115<\/li>\n<li>DESDE &gt; HASTA: 1990 &gt; 1992<\/li>\n<li>POSICI\u00d3N: TRASERA<\/li>\n<\/ul>\n<p>CRUCERO TERRESTRE (PZJ7_, KZJ7_, HZJ7_, BJ7_, LJ7_, RJ7_) 4.2 TD (HZJ7__V):<\/p>\n<ul>\n<li>kilovatios: 96<\/li>\n<li>DESDE &gt; HASTA: 1990 &gt; <\/li>\n<li>POSICI\u00d3N: TRASERA<\/li>\n<\/ul>\n<p>LAND CRUISER 80 (_J8_) 4.2 D (HZJ80_):<\/p>\n<ul>\n<li>kilovatios: 99<\/li>\n<li>DESDE &gt; HASTA: 1990 &gt; 1997<\/li>\n<li>POSICI\u00d3N: TRASERA<\/li>\n<\/ul>\n<p>LAND CRUISER 80 (_J8_) 4.2 TD (HDJ80):<\/p>\n<ul>\n<li>kilovatios: 123<\/li>\n<li>DESDE &gt; HASTA: 1990 &gt; 1997<\/li>\n<li>POSICI\u00d3N: TRASERA<\/li>\n<\/ul>\n<p>LAND CRUISER 80 (_J8_) 4.2 TD (HDJ80):<\/p>\n<ul>\n<li>kilovatios: 118<\/li>\n<li>DESDE &gt; HASTA: 1992 &gt; 1997<\/li>\n<li>POSICI\u00d3N: TRASERA<\/li>\n<\/ul>\n<p>LAND CRUISER 80 (_J8_) 4.2 TD 24V (HDJ80_):<\/p>\n<ul>\n<li>kilovatios: 125<\/li>\n<li>DESDE &gt; HASTA: 1995 &gt; <\/li>\n<li>POSICI\u00d3N: TRASERA<\/li>\n<\/ul>\n<p>LAND CRUISER Techo r\u00edgido (_J7_) 4.2 D:<\/p>\n<ul>\n<li>kilovatios: 123<\/li>\n<li>DESDE &gt; HASTA: 1990 &gt; 1996<\/li>\n<li>POSICI\u00d3N: TRASERA<\/li>\n<\/ul>\n<p>LAND CRUISER 80 (_J8_) 4.5 24V (FZJ80_):<\/p>\n<ul>\n<li>N\u00famero de serie: 151<\/li>\n<li>DESDE &gt; HASTA: 1992 &gt; 1997<\/li>\n<li>POSICI\u00d3N: TRASERA<\/li>\n<\/ul>\n<p>PRADO 4.6 V6 Puerta Familiar (KDJ150, GRJ150):<\/p>\n<ul>\n<li>kilovatios: <\/li>\n<li>DESDE &gt; HASTA: 2009 &gt; <\/li>\n<li>POSICI\u00d3N: TRASERA<\/li>\n<\/ul>\n<\/details>","protected":false},"excerpt":{"rendered":"<p><strong>FCP1021<\/strong><\/p>\n<p>\n<b>Compuesto: DS2500 <\/b><br \/>SIN CERTIFICACI\u00d3N R90 <a data-boundary=\"window\" data-toggle=\"tooltip\" data-trigger=\"hover focus click\" style=\"color:red;cursor:pointer\" title=\"Este compuesto no est\u00e1 recomendado para uso en carretera en aquellos pa\u00edses que requieren certificaci\u00f3n R90.\"><br \/>\n<i class=\"fas fa-info-circle\"><\/i><br \/>\n<\/a><br \/>Para: D\u00eda de pista, uso ligero en carreras, GT trasero<br \/>Temperatura de funcionamiento \u00f3ptima: 0\u00b0 a 500\u00b0C\n                                                                                                                                            <\/p>","protected":false},"featured_media":66553,"template":"","meta":{"_crdt_document":"","inline_featured_image":false},"product_brand":[],"product_cat":[116],"product_tag":[],"class_list":{"0":"post-34109","1":"product","2":"type-product","3":"status-publish","4":"has-post-thumbnail","6":"product_cat-brake-pads","8":"first","9":"instock","10":"taxable","11":"shipping-taxable","12":"purchasable","13":"product-type-simple"},"supplier_id":null,"supplier_sku":"","barcode":null,"atum_controlled":true,"out_stock_date":null,"out_stock_threshold":null,"inheritable":false,"inbound_stock":null,"stock_on_hold":null,"sold_today":null,"sales_last_days":null,"reserved_stock":null,"customer_returns":null,"warehouse_damage":null,"lost_in_post":null,"other_logs":null,"out_stock_days":null,"lost_sales":null,"has_location":null,"update_date":null,"atum_locations":[],"atum_stock_status":"instock","restock_status":false,"low_stock_amount":"","sales_update_date":null,"calc_backorders":null,"_links":{"self":[{"href":"https:\/\/revmatch.eu\/es\/wp-json\/wp\/v2\/product\/34109","targetHints":{"allow":["GET"]}}],"collection":[{"href":"https:\/\/revmatch.eu\/es\/wp-json\/wp\/v2\/product"}],"about":[{"href":"https:\/\/revmatch.eu\/es\/wp-json\/wp\/v2\/types\/product"}],"version-history":[{"count":0,"href":"https:\/\/revmatch.eu\/es\/wp-json\/wp\/v2\/product\/34109\/revisions"}],"wp:featuredmedia":[{"embeddable":true,"href":"https:\/\/revmatch.eu\/es\/wp-json\/wp\/v2\/media\/66553"}],"wp:attachment":[{"href":"https:\/\/revmatch.eu\/es\/wp-json\/wp\/v2\/media?parent=34109"}],"wp:term":[{"taxonomy":"product_brand","embeddable":true,"href":"https:\/\/revmatch.eu\/es\/wp-json\/wp\/v2\/product_brand?post=34109"},{"taxonomy":"product_cat","embeddable":true,"href":"https:\/\/revmatch.eu\/es\/wp-json\/wp\/v2\/product_cat?post=34109"},{"taxonomy":"product_tag","embeddable":true,"href":"https:\/\/revmatch.eu\/es\/wp-json\/wp\/v2\/product_tag?post=34109"}],"curies":[{"name":"wp","href":"https:\/\/api.w.org\/{rel}","templated":true}]}}