{"id":34112,"date":"2023-05-23T12:36:05","date_gmt":"2023-05-23T11:36:05","guid":{"rendered":"http:\/\/revmatch.eu\/product\/ferodo-racing-ds2500-fcp1056h\/"},"modified":"2024-06-12T22:06:49","modified_gmt":"2024-06-12T21:06:49","slug":"ferodo-racing-ds2500-fcp1056h","status":"publish","type":"product","link":"https:\/\/revmatch.eu\/es\/producto\/ferodo-racing-ds2500-fcp1056h\/","title":{"rendered":"Ferodo Racing DS2500 \u2013 FCP1056H"},"content":{"rendered":"<p><strong>FCP1056<\/strong><\/p>\n<p>\n<b>Compuesto: DS2500 <\/b><br \/>SIN CERTIFICACI\u00d3N R90 <a data-boundary=\"window\" data-toggle=\"tooltip\" data-trigger=\"hover focus click\" style=\"color:red;cursor:pointer\" title=\"Este compuesto no est\u00e1 recomendado para uso en carretera en aquellos pa\u00edses que requieren certificaci\u00f3n R90.\"><br \/>\n<i class=\"fas fa-info-circle\"><\/i><br \/>\n<\/a><br \/>Para: D\u00eda de pista, uso ligero en carreras, GT trasero<br \/>Temperatura de funcionamiento \u00f3ptima: 0\u00b0 a 500\u00b0C\n                                                                                                                                            <\/p>\n<p>&nbsp;<\/p>\n<p>Compatible con:<br \/>\n&nbsp;<\/p>\n<details>\n<summary>ALFA ROMEO<\/summary>\n<p>145 1.4 Twin Spark 16V:<\/p>\n<ul>\n<li>kilovatios: 76<\/li>\n<li>DESDE &gt; HASTA: 1996 &gt; 1999<\/li>\n<li>POSICI\u00d3N: DELANTERO<\/li>\n<\/ul>\n<p>146 1.4 Twin Spark 16 V:<\/p>\n<ul>\n<li>kilovatios: 76<\/li>\n<li>DESDE &gt; HASTA: 1996 &gt; 1999<\/li>\n<li>POSICI\u00d3N: DELANTERO<\/li>\n<\/ul>\n<p>145 1.6 Twin Spark 16V:<\/p>\n<ul>\n<li>kilovatios: 88<\/li>\n<li>DESDE &gt; HASTA: 1997 &gt; 1999<\/li>\n<li>POSICI\u00d3N: DELANTERO<\/li>\n<\/ul>\n<p>146 1.6 Twin Spark 16V:<\/p>\n<ul>\n<li>kilovatios: 88<\/li>\n<li>DESDE &gt; HASTA: 1997 &gt; 1999<\/li>\n<li>POSICI\u00d3N: DELANTERO<\/li>\n<\/ul>\n<p>145 1.8 Twin Spark 16V:<\/p>\n<ul>\n<li>kilovatios: 103<\/li>\n<li>DESDE &gt; HASTA: 1995 &gt; 1999<\/li>\n<li>POSICI\u00d3N: DELANTERO<\/li>\n<\/ul>\n<p>146 1.8 Twin Spark 16V:<\/p>\n<ul>\n<li>kilovatios: 103<\/li>\n<li>DESDE &gt; HASTA: 1995 &gt; 1999<\/li>\n<li>POSICI\u00d3N: DELANTERO<\/li>\n<\/ul>\n<p>ARA\u00d1A (916_) 1.8 16V:<\/p>\n<ul>\n<li>kilovatios: 106<\/li>\n<li>DESDE &gt; HASTA: 1998 &gt; 2005<\/li>\n<li>POSICI\u00d3N: DELANTERO<\/li>\n<\/ul>\n<p>145 1.9 TD:<\/p>\n<ul>\n<li>kilovatios: 68<\/li>\n<li>DESDE &gt; HASTA: 1996 &gt; 1999<\/li>\n<li>POSICI\u00d3N: DELANTERO<\/li>\n<\/ul>\n<p>145 1,9 litros al d\u00eda:<\/p>\n<ul>\n<li>kilovatios: 77<\/li>\n<li>DESDE &gt; HASTA: 1999 &gt; 2000<\/li>\n<li>POSICI\u00d3N: DELANTERO<\/li>\n<\/ul>\n<p>146 1.9 TD:<\/p>\n<ul>\n<li>kilovatios: 68<\/li>\n<li>DESDE &gt; HASTA: 1996 &gt; 1999<\/li>\n<li>POSICI\u00d3N: DELANTERO<\/li>\n<\/ul>\n<p>146 1,9 JTD:<\/p>\n<ul>\n<li>kilovatios: 77<\/li>\n<li>DESDE &gt; HASTA: 1999 &gt; 2000<\/li>\n<li>POSICI\u00d3N: DELANTERO<\/li>\n<\/ul>\n<\/details>\n<details>\n<summary>FIAT<\/summary>\n<p>Punto (176) 1.1:<\/p>\n<ul>\n<li>kilovatios: 40<\/li>\n<li>DESDE &gt; HASTA: 1997 &gt; 1999<\/li>\n<li>POSICI\u00d3N: DELANTERO<\/li>\n<\/ul>\n<p>Punto (176) 1.2 60, 75, 16V:<\/p>\n<ul>\n<li>kilovatios: 43<\/li>\n<li>DESDE &gt; HASTA: 1997 &gt; 1999<\/li>\n<li>POSICI\u00d3N: DELANTERO<\/li>\n<\/ul>\n<p>Punto (176) 1.4 GT:<\/p>\n<ul>\n<li>kilovatios: 97<\/li>\n<li>DESDE &gt; HASTA: 1997 &gt; 1999<\/li>\n<li>POSICI\u00d3N: DELANTERO<\/li>\n<\/ul>\n<p>Punto (176) 1.4 i GT:<\/p>\n<ul>\n<li>kilovatios: 96<\/li>\n<li>DESDE &gt; HASTA: 1997 &gt; 1999<\/li>\n<li>POSICI\u00d3N: DELANTERO<\/li>\n<\/ul>\n<p>Brava 1.6 100 16V:<\/p>\n<ul>\n<li>kilovatios: 76<\/li>\n<li>DESDE &gt; HASTA: 1998 &gt; 2001<\/li>\n<li>POSICI\u00d3N: DELANTERO<\/li>\n<\/ul>\n<p>Bravo 1.6 100 16V:<\/p>\n<ul>\n<li>kilovatios: 76<\/li>\n<li>DESDE &gt; HASTA: 1998 &gt; 2001<\/li>\n<li>POSICI\u00d3N: DELANTERO<\/li>\n<\/ul>\n<p>Marea Weekend 1.6 100 16V:<\/p>\n<ul>\n<li>kilovatios: 76<\/li>\n<li>DESDE &gt; HASTA: 1996 &gt; <\/li>\n<li>POSICI\u00d3N: DELANTERO<\/li>\n<\/ul>\n<p>Marea Weekend 1.6 i 100 16V:<\/p>\n<ul>\n<li>kilovatios: 76<\/li>\n<li>DESDE &gt; HASTA: 1996 &gt; <\/li>\n<li>POSICI\u00d3N: DELANTERO<\/li>\n<\/ul>\n<p>Punto (176) 1.6 90:<\/p>\n<ul>\n<li>kilovatios: 66<\/li>\n<li>DESDE &gt; HASTA: 1997 &gt; 1999<\/li>\n<li>POSICI\u00d3N: DELANTERO<\/li>\n<\/ul>\n<p>Punto (176) 1.7 D:<\/p>\n<ul>\n<li>kilovatios: 46<\/li>\n<li>DESDE &gt; HASTA: 1997 &gt; 1999<\/li>\n<li>POSICI\u00d3N: DELANTERO<\/li>\n<\/ul>\n<p>Punto (176) 1.7TD:<\/p>\n<ul>\n<li>kilovatios: 51<\/li>\n<li>DESDE &gt; HASTA: 1997 &gt; 1999<\/li>\n<li>POSICI\u00d3N: DELANTERO<\/li>\n<\/ul>\n<p>Barchetta (183) 1.8 16V:<\/p>\n<ul>\n<li>kilovatios: 96<\/li>\n<li>DESDE &gt; HASTA: 1995 &gt; 2005<\/li>\n<li>POSICI\u00d3N: DELANTERO<\/li>\n<\/ul>\n<p>Brava 1.8 16V:<\/p>\n<ul>\n<li>kilovatios: 83<\/li>\n<li>DESDE &gt; HASTA: 1995 &gt; 1998<\/li>\n<li>POSICI\u00d3N: DELANTERO<\/li>\n<\/ul>\n<p>Brava 1.8 115 16V:<\/p>\n<ul>\n<li>kilovatios: 83<\/li>\n<li>DESDE &gt; HASTA: 1998 &gt; 2001<\/li>\n<li>POSICI\u00d3N: DELANTERO<\/li>\n<\/ul>\n<p>Bravo 1.8 16V:<\/p>\n<ul>\n<li>kilovatios: 83<\/li>\n<li>DESDE &gt; HASTA: 1995 &gt; 1996<\/li>\n<li>POSICI\u00d3N: DELANTERO<\/li>\n<\/ul>\n<p>Bravo 1.8 16V:<\/p>\n<ul>\n<li>kilovatios: 83<\/li>\n<li>DESDE &gt; HASTA: 1996 &gt; 1998<\/li>\n<li>POSICI\u00d3N: DELANTERO<\/li>\n<\/ul>\n<p>Bravo 1.8 115 16V:<\/p>\n<ul>\n<li>kilovatios: 83<\/li>\n<li>DESDE &gt; HASTA: 1998 &gt; 2001<\/li>\n<li>POSICI\u00d3N: DELANTERO<\/li>\n<\/ul>\n<p>Marea 1.8 115 Berlina 16V:<\/p>\n<ul>\n<li>kilovatios: 83<\/li>\n<li>DESDE &gt; HASTA: 1996 &gt; <\/li>\n<li>POSICI\u00d3N: DELANTERO<\/li>\n<\/ul>\n<p>Marea 1.8 i 115 Berlina 16V:<\/p>\n<ul>\n<li>kilovatios: 83<\/li>\n<li>DESDE &gt; HASTA: 1997 &gt; <\/li>\n<li>POSICI\u00d3N: DELANTERO<\/li>\n<\/ul>\n<p>Marea Weekend 1.8 115 16V:<\/p>\n<ul>\n<li>kilovatios: 83<\/li>\n<li>DESDE &gt; HASTA: 1996 &gt; <\/li>\n<li>POSICI\u00d3N: DELANTERO<\/li>\n<\/ul>\n<p>Marea Weekend 1.8 i 115 16V:<\/p>\n<ul>\n<li>kilovatios: 83<\/li>\n<li>DESDE &gt; HASTA: 1996 &gt; <\/li>\n<li>POSICI\u00d3N: DELANTERO<\/li>\n<\/ul>\n<p>Brava 1.9 TD100:<\/p>\n<ul>\n<li>kilovatios: 74<\/li>\n<li>DESDE &gt; HASTA: 1995 &gt; 1996<\/li>\n<li>POSICI\u00d3N: DELANTERO<\/li>\n<\/ul>\n<p>Brava 1.9 TD100:<\/p>\n<ul>\n<li>kilovatios: 74<\/li>\n<li>DESDE &gt; HASTA: 1996 &gt; 1998<\/li>\n<li>POSICI\u00d3N: DELANTERO<\/li>\n<\/ul>\n<p>Brava 1.9 JTD 100,105:<\/p>\n<ul>\n<li>kilovatios: 74<\/li>\n<li>DESDE &gt; HASTA: 1998 &gt; 2001<\/li>\n<li>POSICI\u00d3N: DELANTERO<\/li>\n<\/ul>\n<p>Bravo 1.9 TD100:<\/p>\n<ul>\n<li>kilovatios: 74<\/li>\n<li>DESDE &gt; HASTA: 1995 &gt; 1998<\/li>\n<li>POSICI\u00d3N: DELANTERO<\/li>\n<\/ul>\n<p>Bravo 1.9 JTD 100,105:<\/p>\n<ul>\n<li>kilovatios: 74<\/li>\n<li>DESDE &gt; HASTA: 1998 &gt; 2001<\/li>\n<li>POSICI\u00d3N: DELANTERO<\/li>\n<\/ul>\n<p>Bravo 1.9 TD100:<\/p>\n<ul>\n<li>kilovatios: 74<\/li>\n<li>DESDE &gt; HASTA: 1998 &gt; 2000<\/li>\n<li>POSICI\u00d3N: DELANTERO<\/li>\n<\/ul>\n<p>Marea 1.9 TD100:<\/p>\n<ul>\n<li>kilovatios: 74<\/li>\n<li>DESDE &gt; HASTA: 1996 &gt; 1999<\/li>\n<li>POSICI\u00d3N: DELANTERO<\/li>\n<\/ul>\n<p>Marea 1.9 TD100:<\/p>\n<ul>\n<li>kilovatios: 74<\/li>\n<li>DESDE &gt; HASTA: 1997 &gt; 1999<\/li>\n<li>POSICI\u00d3N: DELANTERO<\/li>\n<\/ul>\n<p>Marea 1.9 JTD 105-110:<\/p>\n<ul>\n<li>kilovatios: 74<\/li>\n<li>DESDE &gt; HASTA: 1999 &gt; <\/li>\n<li>POSICI\u00d3N: DELANTERO<\/li>\n<\/ul>\n<p>Marea Fin de semana 1.9 TD 100:<\/p>\n<ul>\n<li>kilovatios: 74<\/li>\n<li>DESDE &gt; HASTA: 1996 &gt; 1999<\/li>\n<li>POSICI\u00d3N: DELANTERO<\/li>\n<\/ul>\n<p>Marea Fin de semana 1.9 TD 100:<\/p>\n<ul>\n<li>kilovatios: 74<\/li>\n<li>DESDE &gt; HASTA: 1997 &gt; 1999<\/li>\n<li>POSICI\u00d3N: DELANTERO<\/li>\n<\/ul>\n<p>Marea Fin de Semana 1.9 JTD 105\/110:<\/p>\n<ul>\n<li>kilovatios: 74<\/li>\n<li>DESDE &gt; HASTA: 1999 &gt; <\/li>\n<li>POSICI\u00d3N: DELANTERO<\/li>\n<\/ul>\n<p>Marengo 1.9 D:<\/p>\n<ul>\n<li>kilovatios: <\/li>\n<li>DESDE &gt; HASTA: 1997 &gt; <\/li>\n<li>POSICI\u00d3N: DELANTERO<\/li>\n<\/ul>\n<p>PUNTO (188) 1.9 JTD:<\/p>\n<ul>\n<li>kilovatios: 80<\/li>\n<li>DESDE &gt; HASTA: 1999 &gt; <\/li>\n<li>POSICI\u00d3N: DELANTERO<\/li>\n<\/ul>\n<\/details>\n<details>\n<summary>LANCIA<\/summary>\n<p>Dedra 1.8:<\/p>\n<ul>\n<li>kilovatios: 83<\/li>\n<li>DESDE &gt; HASTA: 1996 &gt; 1997<\/li>\n<li>POSICI\u00d3N: DELANTERO<\/li>\n<\/ul>\n<p>Delta 1.8 16 V:<\/p>\n<ul>\n<li>kilovatios: 83<\/li>\n<li>DESDE &gt; HASTA: 1996 &gt; 1997<\/li>\n<li>POSICI\u00d3N: DELANTERO<\/li>\n<\/ul>\n<p>Delta 1.8 16 V:<\/p>\n<ul>\n<li>kilovatios: 83<\/li>\n<li>DESDE &gt; HASTA: 1997 &gt; 1998<\/li>\n<li>POSICI\u00d3N: DELANTERO<\/li>\n<\/ul>\n<p>Dedra 1.9 TD:<\/p>\n<ul>\n<li>kilovatios: 66<\/li>\n<li>DESDE &gt; HASTA: 1996 &gt; 1997<\/li>\n<li>POSICI\u00d3N: DELANTERO<\/li>\n<\/ul>\n<p>Delta 1.9 TD HPE:<\/p>\n<ul>\n<li>kilovatios: 66<\/li>\n<li>DESDE &gt; HASTA: 1996 &gt; <\/li>\n<li>POSICI\u00d3N: DELANTERO<\/li>\n<\/ul>\n<\/details>","protected":false},"excerpt":{"rendered":"<p><strong>FCP1056<\/strong><\/p>\n<p>\n<b>Compuesto: DS2500 <\/b><br \/>SIN CERTIFICACI\u00d3N R90 <a data-boundary=\"window\" data-toggle=\"tooltip\" data-trigger=\"hover focus click\" style=\"color:red;cursor:pointer\" title=\"Este compuesto no est\u00e1 recomendado para uso en carretera en aquellos pa\u00edses que requieren certificaci\u00f3n R90.\"><br \/>\n<i class=\"fas fa-info-circle\"><\/i><br \/>\n<\/a><br \/>Para: D\u00eda de pista, uso ligero en carreras, GT trasero<br \/>Temperatura de funcionamiento \u00f3ptima: 0\u00b0 a 500\u00b0C\n                                                                                                                                            <\/p>","protected":false},"featured_media":66555,"template":"","meta":{"_crdt_document":"","inline_featured_image":false},"product_brand":[],"product_cat":[116],"product_tag":[],"class_list":{"0":"post-34112","1":"product","2":"type-product","3":"status-publish","4":"has-post-thumbnail","6":"product_cat-brake-pads","8":"first","9":"instock","10":"taxable","11":"shipping-taxable","12":"purchasable","13":"product-type-simple"},"supplier_id":null,"supplier_sku":"","barcode":null,"atum_controlled":true,"out_stock_date":null,"out_stock_threshold":null,"inheritable":false,"inbound_stock":null,"stock_on_hold":null,"sold_today":null,"sales_last_days":null,"reserved_stock":null,"customer_returns":null,"warehouse_damage":null,"lost_in_post":null,"other_logs":null,"out_stock_days":null,"lost_sales":null,"has_location":null,"update_date":null,"atum_locations":[],"atum_stock_status":"instock","restock_status":false,"low_stock_amount":"","sales_update_date":null,"calc_backorders":null,"_links":{"self":[{"href":"https:\/\/revmatch.eu\/es\/wp-json\/wp\/v2\/product\/34112","targetHints":{"allow":["GET"]}}],"collection":[{"href":"https:\/\/revmatch.eu\/es\/wp-json\/wp\/v2\/product"}],"about":[{"href":"https:\/\/revmatch.eu\/es\/wp-json\/wp\/v2\/types\/product"}],"version-history":[{"count":0,"href":"https:\/\/revmatch.eu\/es\/wp-json\/wp\/v2\/product\/34112\/revisions"}],"wp:featuredmedia":[{"embeddable":true,"href":"https:\/\/revmatch.eu\/es\/wp-json\/wp\/v2\/media\/66555"}],"wp:attachment":[{"href":"https:\/\/revmatch.eu\/es\/wp-json\/wp\/v2\/media?parent=34112"}],"wp:term":[{"taxonomy":"product_brand","embeddable":true,"href":"https:\/\/revmatch.eu\/es\/wp-json\/wp\/v2\/product_brand?post=34112"},{"taxonomy":"product_cat","embeddable":true,"href":"https:\/\/revmatch.eu\/es\/wp-json\/wp\/v2\/product_cat?post=34112"},{"taxonomy":"product_tag","embeddable":true,"href":"https:\/\/revmatch.eu\/es\/wp-json\/wp\/v2\/product_tag?post=34112"}],"curies":[{"name":"wp","href":"https:\/\/api.w.org\/{rel}","templated":true}]}}