{"id":34136,"date":"2023-05-23T12:36:50","date_gmt":"2023-05-23T11:36:50","guid":{"rendered":"http:\/\/revmatch.eu\/product\/ferodo-racing-ds2500-fcp472h\/"},"modified":"2024-06-12T22:12:32","modified_gmt":"2024-06-12T21:12:32","slug":"ferodo-racing-ds2500-fcp472h","status":"publish","type":"product","link":"https:\/\/revmatch.eu\/es\/producto\/ferodo-racing-ds2500-fcp472h\/","title":{"rendered":"Ferodo Racing DS2500 \u2013 FCP472H"},"content":{"rendered":"<p><strong>FCP472<\/strong><\/p>\n<p>\n<b>Compuesto: DS2500 <\/b><br \/>SIN CERTIFICACI\u00d3N R90 <a data-boundary=\"window\" data-toggle=\"tooltip\" data-trigger=\"hover focus click\" style=\"color:red;cursor:pointer\" title=\"Este compuesto no est\u00e1 recomendado para uso en carretera en aquellos pa\u00edses que requieren certificaci\u00f3n R90.\"><br \/>\n<i class=\"fas fa-info-circle\"><\/i><br \/>\n<\/a><br \/>Para: D\u00eda de pista, uso ligero en carreras, GT trasero<br \/>Temperatura de funcionamiento \u00f3ptima: 0\u00b0 a 500\u00b0C\n                                                                                                                                            <\/p>\n<p>&nbsp;<\/p>\n<p>Compatible con:<br \/>\n&nbsp;<\/p>\n<details>\n<summary>HONDA<\/summary>\n<p>C\u00edvico IV 1.4 16V:<\/p>\n<ul>\n<li>kilovatios: <\/li>\n<li>DESDE &gt; HASTA: 1991 &gt; 1994<\/li>\n<li>POSICI\u00d3N: TRASERA<\/li>\n<\/ul>\n<p>Concierto 1.4 16V:<\/p>\n<ul>\n<li>kilovatios: 61<\/li>\n<li>DESDE &gt; HASTA: 1989 &gt; 1991<\/li>\n<li>POSICI\u00d3N: TRASERA<\/li>\n<\/ul>\n<p>C\u00edvico 1.5i 16V:<\/p>\n<ul>\n<li>kilovatios: 84<\/li>\n<li>DESDE &gt; HASTA: 1995 &gt; 2001<\/li>\n<li>POSICI\u00d3N: TRASERA<\/li>\n<\/ul>\n<p>C\u00edvico IV 1.5 16V:<\/p>\n<ul>\n<li>kilovatios: 61<\/li>\n<li>DESDE &gt; HASTA: 1991 &gt; 1992<\/li>\n<li>POSICI\u00d3N: TRASERA<\/li>\n<\/ul>\n<p>C\u00edvico IV 1.5 16V:<\/p>\n<ul>\n<li>kilovatios: 66<\/li>\n<li>DESDE &gt; HASTA: 1991 &gt; 1995<\/li>\n<li>POSICI\u00d3N: TRASERA<\/li>\n<\/ul>\n<p>C\u00edvico V 1.5i 16V:<\/p>\n<ul>\n<li>kilovatios: 66<\/li>\n<li>DESDE &gt; HASTA: 1994 &gt; 1995<\/li>\n<li>POSICI\u00d3N: TRASERA<\/li>\n<\/ul>\n<p>Concierto 1.5 16V:<\/p>\n<ul>\n<li>kilovatios: 66<\/li>\n<li>DESDE &gt; HASTA: 1991 &gt; 1995<\/li>\n<li>POSICI\u00d3N: TRASERA<\/li>\n<\/ul>\n<p>CIVIC V Coupe (EJ) 1.6 i Vtec (EJ1):<\/p>\n<ul>\n<li>kilovatios: 92<\/li>\n<li>DESDE &gt; HASTA: 1994 &gt; 1996<\/li>\n<li>POSICI\u00d3N: TRASERA<\/li>\n<\/ul>\n<p>CIVIC V Hatchback (EG) 1.6 16V Vtec (EG5):<\/p>\n<ul>\n<li>kilovatios: 92<\/li>\n<li>DESDE &gt; HASTA: 1991 &gt; 1995<\/li>\n<li>POSICI\u00d3N: TRASERA<\/li>\n<\/ul>\n<p>CIVIC V Berlina (EG, EH) 1.6 16V Vtec (EH9):<\/p>\n<ul>\n<li>kilovatios: 92<\/li>\n<li>DESDE &gt; HASTA: 1991 &gt; 1995<\/li>\n<li>POSICI\u00d3N: TRASERA<\/li>\n<\/ul>\n<p>CRX II (ED, EE) 1.6i 16V (ED9):<\/p>\n<ul>\n<li>kilovatios: 91<\/li>\n<li>DESDE &gt; HASTA: 1987 &gt; 1992<\/li>\n<li>POSICI\u00d3N: TRASERA<\/li>\n<\/ul>\n<p>CRX II (ED, EE) 1.6i 16V (ED9):<\/p>\n<ul>\n<li>kilovatios: 96<\/li>\n<li>DESDE &gt; HASTA: 1987 &gt; 1989<\/li>\n<li>POSICI\u00d3N: TRASERA<\/li>\n<\/ul>\n<p>CIVIC V Coupe (EJ) 1.6 i Vtec:<\/p>\n<ul>\n<li>kilovatios: 118<\/li>\n<li>DESDE &gt; HASTA: 1994 &gt; 1995<\/li>\n<li>POSICI\u00d3N: TRASERA<\/li>\n<\/ul>\n<p>CRX II (ED, EE) 1.6i 16V Vtec (EE8):<\/p>\n<ul>\n<li>kilovatios: 110<\/li>\n<li>DESDE &gt; HASTA: 1989 &gt; 1992<\/li>\n<li>POSICI\u00d3N: TRASERA<\/li>\n<\/ul>\n<p>C\u00edvico 1.6 ED4-ED7 16V:<\/p>\n<ul>\n<li>kilovatios: 81<\/li>\n<li>DESDE &gt; HASTA: 1987 &gt; 1991<\/li>\n<li>POSICI\u00d3N: TRASERA<\/li>\n<\/ul>\n<p>C\u00edvico 1.6 EE9 16V:<\/p>\n<ul>\n<li>kilovatios: 81<\/li>\n<li>DESDE &gt; HASTA: 1990 &gt; 1991<\/li>\n<li>POSICI\u00d3N: TRASERA<\/li>\n<\/ul>\n<p>C\u00edvico 1.6 i MB1 VTEC 16V:<\/p>\n<ul>\n<li>KW: 93<\/li>\n<li>DESDE &gt; HASTA: 1995 &gt; 1997<\/li>\n<li>POSICI\u00d3N: TRASERA<\/li>\n<\/ul>\n<p>C\u00edvico 1.6 EK1, EK4 Vti 16V:<\/p>\n<ul>\n<li>kilovatios: <\/li>\n<li>DESDE &gt; HASTA: 1995 &gt; 2001<\/li>\n<li>POSICI\u00d3N: TRASERA<\/li>\n<\/ul>\n<p>Civic Aerodeck 1.6 16V:<\/p>\n<ul>\n<li>kilovatios: 85<\/li>\n<li>DESDE &gt; HASTA: 1998 &gt; 2001<\/li>\n<li>POSICI\u00d3N: TRASERA<\/li>\n<\/ul>\n<p>Civic Coupe 1.6 i VTEC VTi 16V:<\/p>\n<ul>\n<li>kilovatios: <\/li>\n<li>DESDE &gt; HASTA: 1992 &gt; <\/li>\n<li>POSICI\u00d3N: TRASERA<\/li>\n<\/ul>\n<p>Concierto 1.6 16V:<\/p>\n<ul>\n<li>kilovatios: 82<\/li>\n<li>DESDE &gt; HASTA: 1989 &gt; 1992<\/li>\n<li>POSICI\u00d3N: TRASERA<\/li>\n<\/ul>\n<p>C\u00edvico 1.8 MB6 16V:<\/p>\n<ul>\n<li>kilovatios: 124<\/li>\n<li>DESDE &gt; HASTA: 1997 &gt; 2001<\/li>\n<li>POSICI\u00d3N: TRASERA<\/li>\n<\/ul>\n<p>Civic Aerodeck 1.8 16V:<\/p>\n<ul>\n<li>kilovatios: 124<\/li>\n<li>DESDE &gt; HASTA: 1998 &gt; 2001<\/li>\n<li>POSICI\u00d3N: TRASERA<\/li>\n<\/ul>\n<p>ACCORD III (CA) 2.0 EX (CA5):<\/p>\n<ul>\n<li>kilovatios: 75<\/li>\n<li>DESDE &gt; HASTA: 1985 &gt; 1989<\/li>\n<li>POSICI\u00d3N: TRASERA<\/li>\n<\/ul>\n<p>ACCORD III (CA) 2.0 EX (CA5):<\/p>\n<ul>\n<li>kilovatios: 76<\/li>\n<li>DESDE &gt; HASTA: 1985 &gt; 1989<\/li>\n<li>POSICI\u00d3N: TRASERA<\/li>\n<\/ul>\n<p>ACCORD III (CA) 2.0 EX (CA5):<\/p>\n<ul>\n<li>kilovatios: 78<\/li>\n<li>DESDE &gt; HASTA: 1985 &gt; 1989<\/li>\n<li>POSICI\u00d3N: TRASERA<\/li>\n<\/ul>\n<p>ACCORD III (CA) 2.0 EXi (CA5):<\/p>\n<ul>\n<li>kilovatios: 85<\/li>\n<li>DESDE &gt; HASTA: 1986 &gt; 1989<\/li>\n<li>POSICI\u00d3N: TRASERA<\/li>\n<\/ul>\n<p>ACCORD III Aerodeck (CA) 2.0 EX (CA5):<\/p>\n<ul>\n<li>kilovatios: 78<\/li>\n<li>DESDE &gt; HASTA: 1985 &gt; 1989<\/li>\n<li>POSICI\u00d3N: TRASERA<\/li>\n<\/ul>\n<p>Cubierta aerodin\u00e1mica ACCORD III (CA) 2.0:<\/p>\n<ul>\n<li>kilovatios: 101<\/li>\n<li>DESDE &gt; HASTA: 1986 &gt; 1986<\/li>\n<li>POSICI\u00d3N: TRASERA<\/li>\n<\/ul>\n<p>ACCORD III Aerodeck (CA) 2.0 EX:<\/p>\n<ul>\n<li>kilovatios: 75<\/li>\n<li>DESDE &gt; HASTA: 1987 &gt; 1989<\/li>\n<li>POSICI\u00d3N: TRASERA<\/li>\n<\/ul>\n<p>ACCORD III Aerodeck (CA) 2.0 EX (CA5):<\/p>\n<ul>\n<li>kilovatios: 76<\/li>\n<li>DESDE &gt; HASTA: 1987 &gt; 1989<\/li>\n<li>POSICI\u00d3N: TRASERA<\/li>\n<\/ul>\n<p>ACCORD III Aerodeck (CA) 2.0 EXi (CA5):<\/p>\n<ul>\n<li>kilovatios: 85<\/li>\n<li>DESDE &gt; HASTA: 1987 &gt; 1989<\/li>\n<li>POSICI\u00d3N: TRASERA<\/li>\n<\/ul>\n<p>ACCORD III (CA) 2.0 i 16V (CA5):<\/p>\n<ul>\n<li>kilovatios: 101<\/li>\n<li>DESDE &gt; HASTA: 1987 &gt; 1987<\/li>\n<li>POSICI\u00d3N: TRASERA<\/li>\n<\/ul>\n<p>PRELUDIO III (BA) 2.0 i EX 16V:<\/p>\n<ul>\n<li>kilovatios: 101<\/li>\n<li>DESDE &gt; HASTA: 1986 &gt; 1987<\/li>\n<li>POSICI\u00d3N: TRASERA<\/li>\n<\/ul>\n<p>PRELUDIO III (BA) 2.0 i EX 16V (BA2):<\/p>\n<ul>\n<li>kilovatios: 101<\/li>\n<li>DESDE &gt; HASTA: 1986 &gt; 1987<\/li>\n<li>POSICI\u00d3N: TRASERA<\/li>\n<\/ul>\n<p>PRELUDIO III (BA) 2.0 i EX 16V Cat (BA4):<\/p>\n<ul>\n<li>kilovatios: 101<\/li>\n<li>DESDE &gt; HASTA: 1987 &gt; 1992<\/li>\n<li>POSICI\u00d3N: TRASERA<\/li>\n<\/ul>\n<p>PRELUDIO III (BA) 2.0 (BA4):<\/p>\n<ul>\n<li>kilovatios: 84<\/li>\n<li>DESDE &gt; HASTA: 1987 &gt; 1992<\/li>\n<li>POSICI\u00d3N: TRASERA<\/li>\n<\/ul>\n<p>PRELUDIO III (BA) 2.0 i EX 16V (BA4):<\/p>\n<ul>\n<li>kilovatios: 103<\/li>\n<li>DESDE &gt; HASTA: 1987 &gt; 1992<\/li>\n<li>POSICI\u00d3N: TRASERA<\/li>\n<\/ul>\n<p>C\u00edvico 2.0 TDi MB7:<\/p>\n<ul>\n<li>kilovatios: 63<\/li>\n<li>DESDE &gt; HASTA: 1997 &gt; 2001<\/li>\n<li>POSICI\u00d3N: TRASERA<\/li>\n<\/ul>\n<p>Preludio 2.0 BA:<\/p>\n<ul>\n<li>kilovatios: 101<\/li>\n<li>DESDE &gt; HASTA: 1985 &gt; 1987<\/li>\n<li>POSICI\u00d3N: TRASERA<\/li>\n<\/ul>\n<p>Preludio 2.0 BA4:<\/p>\n<ul>\n<li>kilovatios: 80<\/li>\n<li>DESDE &gt; HASTA: 1987 &gt; 1992<\/li>\n<li>POSICI\u00d3N: TRASERA<\/li>\n<\/ul>\n<p>Preludio 2.0 BA4 16V:<\/p>\n<ul>\n<li>kilovatios: 110<\/li>\n<li>DESDE &gt; HASTA: 1987 &gt; 1991<\/li>\n<li>POSICI\u00d3N: TRASERA<\/li>\n<\/ul>\n<p>Acuerdo 2.2 16V:<\/p>\n<ul>\n<li>kilovatios: <\/li>\n<li>DESDE &gt; HASTA: 1989 &gt; 1991<\/li>\n<li>POSICI\u00d3N: TRASERA<\/li>\n<\/ul>\n<\/details>\n<details>\n<summary>M.S.<\/summary>\n<p>MG ZR 1.4i 105 16V:<\/p>\n<ul>\n<li>kilovatios: 76<\/li>\n<li>DESDE &gt; HASTA: 2001 &gt; 2005<\/li>\n<li>POSICI\u00d3N: TRASERA<\/li>\n<\/ul>\n<p>MG ZR 1.8i 120 16V:<\/p>\n<ul>\n<li>kilovatios: 86<\/li>\n<li>DESDE &gt; HASTA: 2001 &gt; 2005<\/li>\n<li>POSICI\u00d3N: TRASERA<\/li>\n<\/ul>\n<p>MG ZS 1.8i 120 16V:<\/p>\n<ul>\n<li>kilovatios: 86<\/li>\n<li>DESDE &gt; HASTA: 2001 &gt; 2005<\/li>\n<li>POSICI\u00d3N: TRASERA<\/li>\n<\/ul>\n<p>MG ZR 2.0 TDi 16V:<\/p>\n<ul>\n<li>kilovatios: 74<\/li>\n<li>DESDE &gt; HASTA: 2001 &gt; 2005<\/li>\n<li>POSICI\u00d3N: TRASERA<\/li>\n<\/ul>\n<\/details>\n<details>\n<summary>VAGABUNDO<\/summary>\n<p>25 1.1:<\/p>\n<ul>\n<li>kilovatios: 60<\/li>\n<li>DESDE &gt; HASTA: 1999 &gt; <\/li>\n<li>POSICI\u00d3N: TRASERA<\/li>\n<\/ul>\n<p>214 1.4:<\/p>\n<ul>\n<li>kilovatios: 55<\/li>\n<li>DESDE &gt; HASTA: 1989 &gt; 1995<\/li>\n<li>POSICI\u00d3N: TRASERA<\/li>\n<\/ul>\n<p>214 1.4:<\/p>\n<ul>\n<li>kilovatios: 66<\/li>\n<li>DESDE &gt; HASTA: 1989 &gt; 1995<\/li>\n<li>POSICI\u00d3N: TRASERA<\/li>\n<\/ul>\n<p>214 1.4:<\/p>\n<ul>\n<li>kilovatios: 76<\/li>\n<li>DESDE &gt; HASTA: 1989 &gt; 1995<\/li>\n<li>POSICI\u00d3N: TRASERA<\/li>\n<\/ul>\n<p>214 1.4 16 V:<\/p>\n<ul>\n<li>kilovatios: 55<\/li>\n<li>DESDE &gt; HASTA: 1995 &gt; 1999<\/li>\n<li>POSICI\u00d3N: TRASERA<\/li>\n<\/ul>\n<p>25 1,4 16 V:<\/p>\n<ul>\n<li>kilovatios: 62<\/li>\n<li>DESDE &gt; HASTA: 1999 &gt; <\/li>\n<li>POSICI\u00d3N: TRASERA<\/li>\n<\/ul>\n<p>414 1.4 16 V:<\/p>\n<ul>\n<li>kilovatios: 66<\/li>\n<li>DESDE &gt; HASTA: 1990 &gt; 1995<\/li>\n<li>POSICI\u00d3N: TRASERA<\/li>\n<\/ul>\n<p>414 1.4 16 V:<\/p>\n<ul>\n<li>kilovatios: 70<\/li>\n<li>DESDE &gt; HASTA: 1990 &gt; 1995<\/li>\n<li>POSICI\u00d3N: TRASERA<\/li>\n<\/ul>\n<p>414 1.4 16 V:<\/p>\n<ul>\n<li>kilovatios: 76<\/li>\n<li>DESDE &gt; HASTA: 1990 &gt; 1995<\/li>\n<li>POSICI\u00d3N: TRASERA<\/li>\n<\/ul>\n<p>414 1.4 16 V:<\/p>\n<ul>\n<li>kilovatios: 66<\/li>\n<li>DESDE &gt; HASTA: 1995 &gt; 1999<\/li>\n<li>POSICI\u00d3N: TRASERA<\/li>\n<\/ul>\n<p>45 1.4 16 V:<\/p>\n<ul>\n<li>kilovatios: 76<\/li>\n<li>DESDE &gt; HASTA: 1999 &gt; <\/li>\n<li>POSICI\u00d3N: TRASERA<\/li>\n<\/ul>\n<p>200 Coup\u00e9 (XW) 216:<\/p>\n<ul>\n<li>kilovatios: 82<\/li>\n<li>DESDE &gt; HASTA: 1996 &gt; 1997<\/li>\n<li>POSICI\u00d3N: TRASERA<\/li>\n<\/ul>\n<p>200 Hatchback (RF) 216 Si:<\/p>\n<ul>\n<li>kilovatios: 82<\/li>\n<li>DESDE &gt; HASTA: 1995 &gt; 2000<\/li>\n<li>POSICI\u00d3N: TRASERA<\/li>\n<\/ul>\n<p>400 (RT) 416 Si:<\/p>\n<ul>\n<li>kilovatios: 82<\/li>\n<li>DESDE &gt; HASTA: 1995 &gt; 2000<\/li>\n<li>POSICI\u00d3N: TRASERA<\/li>\n<\/ul>\n<p>400 Hatchback (RT) 416 Si:<\/p>\n<ul>\n<li>kilovatios: 82<\/li>\n<li>DESDE &gt; HASTA: 1995 &gt; 2000<\/li>\n<li>POSICI\u00d3N: TRASERA<\/li>\n<\/ul>\n<p>200 Convertible (XW) 216 1.6i:<\/p>\n<ul>\n<li>kilovatios: 90<\/li>\n<li>DESDE &gt; HASTA: 1992 &gt; 1999<\/li>\n<li>POSICI\u00d3N: TRASERA<\/li>\n<\/ul>\n<p>200 Coup\u00e9 (XW) 216:<\/p>\n<ul>\n<li>kilovatios: 90<\/li>\n<li>DESDE &gt; HASTA: 1992 &gt; 1999<\/li>\n<li>POSICI\u00d3N: TRASERA<\/li>\n<\/ul>\n<p>400 (RT) 416 Si:<\/p>\n<ul>\n<li>kilovatios: 83<\/li>\n<li>DESDE &gt; HASTA: 1995 &gt; 2000<\/li>\n<li>POSICI\u00d3N: TRASERA<\/li>\n<\/ul>\n<p>400 (RT) 416 Si:<\/p>\n<ul>\n<li>kilovatios: 85<\/li>\n<li>DESDE &gt; HASTA: 1995 &gt; 2000<\/li>\n<li>POSICI\u00d3N: TRASERA<\/li>\n<\/ul>\n<p>400 (XW) 416 GSI:<\/p>\n<ul>\n<li>kilovatios: 82<\/li>\n<li>DESDE &gt; HASTA: 1990 &gt; 1995<\/li>\n<li>POSICI\u00d3N: TRASERA<\/li>\n<\/ul>\n<p>400 (XW) 416 GSI\/GSE:<\/p>\n<ul>\n<li>kilovatios: 85<\/li>\n<li>DESDE &gt; HASTA: 1990 &gt; 1995<\/li>\n<li>POSICI\u00d3N: TRASERA<\/li>\n<\/ul>\n<p>400 (XW) 416 GTI:<\/p>\n<ul>\n<li>kilovatios: 90<\/li>\n<li>DESDE &gt; HASTA: 1990 &gt; 1995<\/li>\n<li>POSICI\u00d3N: TRASERA<\/li>\n<\/ul>\n<p>400 (XW) 416 GTI\/GTE:<\/p>\n<ul>\n<li>kilovatios: 96<\/li>\n<li>DESDE &gt; HASTA: 1990 &gt; 1995<\/li>\n<li>POSICI\u00d3N: TRASERA<\/li>\n<\/ul>\n<p>400 Hatchback (RT) 416 Si:<\/p>\n<ul>\n<li>kilovatios: 83<\/li>\n<li>DESDE &gt; HASTA: 1995 &gt; 2000<\/li>\n<li>POSICI\u00d3N: TRASERA<\/li>\n<\/ul>\n<p>400 Hatchback (RT) 416 Si:<\/p>\n<ul>\n<li>kilovatios: 85<\/li>\n<li>DESDE &gt; HASTA: 1995 &gt; 2000<\/li>\n<li>POSICI\u00d3N: TRASERA<\/li>\n<\/ul>\n<p>25 1.6 16 V:<\/p>\n<ul>\n<li>kilovatios: 80<\/li>\n<li>DESDE &gt; HASTA: 1999 &gt; <\/li>\n<li>POSICI\u00d3N: TRASERA<\/li>\n<\/ul>\n<p>45 1.6 16 V:<\/p>\n<ul>\n<li>kilovatios: 80<\/li>\n<li>DESDE &gt; HASTA: 1999 &gt; <\/li>\n<li>POSICI\u00d3N: TRASERA<\/li>\n<\/ul>\n<p>218 1.8 D:<\/p>\n<ul>\n<li>kilovatios: 64<\/li>\n<li>DESDE &gt; HASTA: 1991 &gt; 1995<\/li>\n<li>POSICI\u00d3N: TRASERA<\/li>\n<\/ul>\n<p>218 1.8 16 V:<\/p>\n<ul>\n<li>kilovatios: 107<\/li>\n<li>DESDE &gt; HASTA: 1995 &gt; 1999<\/li>\n<li>POSICI\u00d3N: TRASERA<\/li>\n<\/ul>\n<p>25 1.8 16 V:<\/p>\n<ul>\n<li>kilovatios: 86<\/li>\n<li>DESDE &gt; HASTA: 1999 &gt; <\/li>\n<li>POSICI\u00d3N: TRASERA<\/li>\n<\/ul>\n<p>418 1.8 TD:<\/p>\n<ul>\n<li>kilovatios: 65<\/li>\n<li>DESDE &gt; HASTA: 1990 &gt; 1995<\/li>\n<li>POSICI\u00d3N: TRASERA<\/li>\n<\/ul>\n<p>418 1.8 TD:<\/p>\n<ul>\n<li>kilovatios: 65<\/li>\n<li>DESDE &gt; HASTA: 1995 &gt; 1999<\/li>\n<li>POSICI\u00d3N: TRASERA<\/li>\n<\/ul>\n<p>45 1.8 16 V:<\/p>\n<ul>\n<li>kilovatios: 86<\/li>\n<li>DESDE &gt; HASTA: 1999 &gt; <\/li>\n<li>POSICI\u00d3N: TRASERA<\/li>\n<\/ul>\n<p>218 1.9 D:<\/p>\n<ul>\n<li>kilovatios: 44<\/li>\n<li>DESDE &gt; HASTA: 1991 &gt; 1995<\/li>\n<li>POSICI\u00d3N: TRASERA<\/li>\n<\/ul>\n<p>418 1.9 D:<\/p>\n<ul>\n<li>kilovatios: 47<\/li>\n<li>DESDE &gt; HASTA: 1990 &gt; 1995<\/li>\n<li>POSICI\u00d3N: TRASERA<\/li>\n<\/ul>\n<p>200 Coup\u00e9 (XW) 220 Turbo:<\/p>\n<ul>\n<li>kilovatios: 147<\/li>\n<li>DESDE &gt; HASTA: 1992 &gt; 1999<\/li>\n<li>POSICI\u00d3N: TRASERA<\/li>\n<\/ul>\n<p>200 Coup\u00e9 (XW) 220 GSi:<\/p>\n<ul>\n<li>kilovatios: 100<\/li>\n<li>DESDE &gt; HASTA: 1994 &gt; 1999<\/li>\n<li>POSICI\u00d3N: TRASERA<\/li>\n<\/ul>\n<p>200 Hatchback (XW) 220 GTi:<\/p>\n<ul>\n<li>kilovatios: 103<\/li>\n<li>DESDE &gt; HASTA: 1991 &gt; 1995<\/li>\n<li>POSICI\u00d3N: TRASERA<\/li>\n<\/ul>\n<p>200 Hatchback (XW) 220 GTi:<\/p>\n<ul>\n<li>kilovatios: 100<\/li>\n<li>DESDE &gt; HASTA: 1993 &gt; 1995<\/li>\n<li>POSICI\u00d3N: TRASERA<\/li>\n<\/ul>\n<p>200 Hatchback (XW) 220 Turbo:<\/p>\n<ul>\n<li>kilovatios: 147<\/li>\n<li>DESDE &gt; HASTA: 1993 &gt; 1995<\/li>\n<li>POSICI\u00d3N: TRASERA<\/li>\n<\/ul>\n<p>25 2.0 D:<\/p>\n<ul>\n<li>kilovatios: 74<\/li>\n<li>DESDE &gt; HASTA: 1999 &gt; <\/li>\n<li>POSICI\u00d3N: TRASERA<\/li>\n<\/ul>\n<p>420 2.0 i, Tourer, Turbo 16V:<\/p>\n<ul>\n<li>kilovatios: 103<\/li>\n<li>DESDE &gt; HASTA: 1991 &gt; 1996<\/li>\n<li>POSICI\u00d3N: TRASERA<\/li>\n<\/ul>\n<p>420 2.0 i Sli, Gsi, Ejecutivo, Deportivo 16V:<\/p>\n<ul>\n<li>kilovatios: <\/li>\n<li>DESDE &gt; HASTA: 1991 &gt; 1995<\/li>\n<li>POSICI\u00d3N: TRASERA<\/li>\n<\/ul>\n<p>420 2.0i 16V:<\/p>\n<ul>\n<li>kilovatios: 103<\/li>\n<li>DESDE &gt; HASTA: 1995 &gt; 1999<\/li>\n<li>POSICI\u00d3N: TRASERA<\/li>\n<\/ul>\n<p>420 2.0 TD:<\/p>\n<ul>\n<li>kilovatios: 63<\/li>\n<li>DESDE &gt; HASTA: 1995 &gt; 1999<\/li>\n<li>POSICI\u00d3N: TRASERA<\/li>\n<\/ul>\n<p>420 2.0 TDi:<\/p>\n<ul>\n<li>kilovatios: 77<\/li>\n<li>DESDE &gt; HASTA: 1995 &gt; 1999<\/li>\n<li>POSICI\u00d3N: TRASERA<\/li>\n<\/ul>\n<\/details>","protected":false},"excerpt":{"rendered":"<p><strong>FCP472<\/strong><\/p>\n<p>\n<b>Compuesto: DS2500 <\/b><br \/>SIN CERTIFICACI\u00d3N R90 <a data-boundary=\"window\" data-toggle=\"tooltip\" data-trigger=\"hover focus click\" style=\"color:red;cursor:pointer\" title=\"Este compuesto no est\u00e1 recomendado para uso en carretera en aquellos pa\u00edses que requieren certificaci\u00f3n R90.\"><br \/>\n<i class=\"fas fa-info-circle\"><\/i><br \/>\n<\/a><br \/>Para: D\u00eda de pista, uso ligero en carreras, GT trasero<br \/>Temperatura de funcionamiento \u00f3ptima: 0\u00b0 a 500\u00b0C\n                                                                                                                                            <\/p>","protected":false},"featured_media":66716,"template":"","meta":{"_crdt_document":"","inline_featured_image":false},"product_brand":[],"product_cat":[116],"product_tag":[],"class_list":{"0":"post-34136","1":"product","2":"type-product","3":"status-publish","4":"has-post-thumbnail","6":"product_cat-brake-pads","8":"first","9":"instock","10":"taxable","11":"shipping-taxable","12":"purchasable","13":"product-type-simple"},"supplier_id":null,"supplier_sku":"","barcode":null,"atum_controlled":true,"out_stock_date":null,"out_stock_threshold":null,"inheritable":false,"inbound_stock":null,"stock_on_hold":null,"sold_today":null,"sales_last_days":null,"reserved_stock":null,"customer_returns":null,"warehouse_damage":null,"lost_in_post":null,"other_logs":null,"out_stock_days":null,"lost_sales":null,"has_location":null,"update_date":null,"atum_locations":[],"atum_stock_status":"instock","restock_status":false,"low_stock_amount":"","sales_update_date":null,"calc_backorders":null,"_links":{"self":[{"href":"https:\/\/revmatch.eu\/es\/wp-json\/wp\/v2\/product\/34136","targetHints":{"allow":["GET"]}}],"collection":[{"href":"https:\/\/revmatch.eu\/es\/wp-json\/wp\/v2\/product"}],"about":[{"href":"https:\/\/revmatch.eu\/es\/wp-json\/wp\/v2\/types\/product"}],"version-history":[{"count":0,"href":"https:\/\/revmatch.eu\/es\/wp-json\/wp\/v2\/product\/34136\/revisions"}],"wp:featuredmedia":[{"embeddable":true,"href":"https:\/\/revmatch.eu\/es\/wp-json\/wp\/v2\/media\/66716"}],"wp:attachment":[{"href":"https:\/\/revmatch.eu\/es\/wp-json\/wp\/v2\/media?parent=34136"}],"wp:term":[{"taxonomy":"product_brand","embeddable":true,"href":"https:\/\/revmatch.eu\/es\/wp-json\/wp\/v2\/product_brand?post=34136"},{"taxonomy":"product_cat","embeddable":true,"href":"https:\/\/revmatch.eu\/es\/wp-json\/wp\/v2\/product_cat?post=34136"},{"taxonomy":"product_tag","embeddable":true,"href":"https:\/\/revmatch.eu\/es\/wp-json\/wp\/v2\/product_tag?post=34136"}],"curies":[{"name":"wp","href":"https:\/\/api.w.org\/{rel}","templated":true}]}}