{"id":34619,"date":"2023-05-31T11:16:56","date_gmt":"2023-05-31T10:16:56","guid":{"rendered":"http:\/\/revmatch.eu\/?post_type=product&#038;p=34619"},"modified":"2024-01-08T15:37:58","modified_gmt":"2024-01-08T14:37:58","slug":"carbon-fiber-exhaust-tips","status":"publish","type":"product","link":"https:\/\/revmatch.eu\/es\/product\/carbon-fiber-exhaust-tips\/","title":{"rendered":"Puntas de escape de fibra de carbono"},"content":{"rendered":"<p>Presentamos nuestras puntas de escape de fibra de carbono, disponibles en cuatro impresionantes acabados para realzar la est\u00e9tica del sistema de escape de su veh\u00edculo.<\/p>\n<p>Caracter\u00edsticas clave:<\/p>\n<ul>\n<li>Construcci\u00f3n de fibra de carbono premium: fabricadas con material de fibra de carbono de alta calidad, nuestras puntas de escape ofrecen durabilidad liviana y una apariencia elegante y deportiva.<\/li>\n<li>Cuatro acabados: elija entre cuatro acabados distintos (negro brillante, negro mate, tejido de carbono y pulido) para combinar con el estilo y las preferencias personales de su BMW.<\/li>\n<li>F\u00e1cil instalaci\u00f3n: dise\u00f1adas para una instalaci\u00f3n sin complicaciones, nuestras puntas de escape se ajustan directamente a su sistema de escape existente, lo que garantiza un ajuste perfecto y seguro.<\/li>\n<li>Atractivo visual mejorado: mejora el aspecto de tu BMW con estas llamativas puntas de escape de fibra de carbono que a\u00f1aden un toque de sofisticaci\u00f3n y agresividad a tu veh\u00edculo.<\/li>\n<li>Ajuste perfecto: dise\u00f1adas espec\u00edficamente para los modelos BMW, estas puntas de escape est\u00e1n dise\u00f1adas con precisi\u00f3n para garantizar un ajuste perfecto, mejorando el atractivo est\u00e9tico general de su autom\u00f3vil.<\/li>\n<\/ul>\n<p>\u00a1Actualiza tus puntas de escape ahora y haz una declaraci\u00f3n audaz en la carretera!<\/p>","protected":false},"excerpt":{"rendered":"<p>Presentamos nuestras puntas de escape de fibra de carbono, disponibles en cuatro impresionantes acabados para realzar la est\u00e9tica del sistema de escape de su veh\u00edculo.<\/p>\n<p>Caracter\u00edsticas clave:<\/p>\n<ul>\n<li>Construcci\u00f3n de fibra de carbono premium: fabricadas con material de fibra de carbono de alta calidad, nuestras puntas de escape ofrecen durabilidad liviana y una apariencia elegante y deportiva.<\/li>\n<li>Cuatro acabados: elija entre cuatro acabados distintos (negro brillante, negro mate, tejido de carbono y pulido) para combinar con el estilo y las preferencias personales de su BMW.<\/li>\n<li>F\u00e1cil instalaci\u00f3n: dise\u00f1adas para una instalaci\u00f3n sin complicaciones, nuestras puntas de escape se ajustan directamente a su sistema de escape existente, lo que garantiza un ajuste perfecto y seguro.<\/li>\n<li>Atractivo visual mejorado: mejora el aspecto de tu BMW con estas llamativas puntas de escape de fibra de carbono que a\u00f1aden un toque de sofisticaci\u00f3n y agresividad a tu veh\u00edculo.<\/li>\n<li>Ajuste perfecto: dise\u00f1adas espec\u00edficamente para los modelos BMW, estas puntas de escape est\u00e1n dise\u00f1adas con precisi\u00f3n para garantizar un ajuste perfecto, mejorando el atractivo est\u00e9tico general de su autom\u00f3vil.<\/li>\n<\/ul>\n<p>\u00a1Actualiza tus puntas de escape ahora y haz una declaraci\u00f3n audaz en la carretera!<\/p>","protected":false},"featured_media":34623,"template":"","meta":{"_crdt_document":"","inline_featured_image":false},"product_brand":[],"product_cat":[345],"product_tag":[],"class_list":{"0":"post-34619","1":"product","2":"type-product","3":"status-publish","4":"has-post-thumbnail","6":"product_cat-exhausts","8":"first","9":"onbackorder","10":"taxable","11":"shipping-taxable","12":"purchasable","13":"product-type-variable"},"supplier_id":null,"supplier_sku":"","barcode":null,"atum_controlled":true,"out_stock_date":null,"out_stock_threshold":null,"inheritable":false,"inbound_stock":0,"stock_on_hold":0,"sold_today":null,"sales_last_days":null,"reserved_stock":0,"customer_returns":0,"warehouse_damage":0,"lost_in_post":0,"other_logs":0,"out_stock_days":null,"lost_sales":null,"has_location":false,"update_date":"2025-06-11T15:21:05","atum_locations":[],"atum_stock_status":"instock","restock_status":false,"low_stock_amount":"","sales_update_date":"2025-06-11T15:21:05","calc_backorders":null,"_links":{"self":[{"href":"https:\/\/revmatch.eu\/es\/wp-json\/wp\/v2\/product\/34619","targetHints":{"allow":["GET"]}}],"collection":[{"href":"https:\/\/revmatch.eu\/es\/wp-json\/wp\/v2\/product"}],"about":[{"href":"https:\/\/revmatch.eu\/es\/wp-json\/wp\/v2\/types\/product"}],"version-history":[{"count":0,"href":"https:\/\/revmatch.eu\/es\/wp-json\/wp\/v2\/product\/34619\/revisions"}],"wp:featuredmedia":[{"embeddable":true,"href":"https:\/\/revmatch.eu\/es\/wp-json\/wp\/v2\/media\/34623"}],"wp:attachment":[{"href":"https:\/\/revmatch.eu\/es\/wp-json\/wp\/v2\/media?parent=34619"}],"wp:term":[{"taxonomy":"product_brand","embeddable":true,"href":"https:\/\/revmatch.eu\/es\/wp-json\/wp\/v2\/product_brand?post=34619"},{"taxonomy":"product_cat","embeddable":true,"href":"https:\/\/revmatch.eu\/es\/wp-json\/wp\/v2\/product_cat?post=34619"},{"taxonomy":"product_tag","embeddable":true,"href":"https:\/\/revmatch.eu\/es\/wp-json\/wp\/v2\/product_tag?post=34619"}],"curies":[{"name":"wp","href":"https:\/\/api.w.org\/{rel}","templated":true}]}}