{"id":34690,"date":"2023-06-17T11:38:34","date_gmt":"2023-06-17T10:38:34","guid":{"rendered":"http:\/\/revmatch.eu\/?post_type=product&#038;p=34690"},"modified":"2025-05-09T03:18:10","modified_gmt":"2025-05-09T02:18:10","slug":"bmw-b58-f20-f22-f30-f32-f33-titanium-exhaust","status":"publish","type":"product","link":"https:\/\/revmatch.eu\/es\/product\/bmw-b58-f20-f22-f30-f32-f33-titanium-exhaust\/","title":{"rendered":"Escape Titanio BMW B58 (F20 F22 F30 F32 F33)"},"content":{"rendered":"<p>Presentamos el escape de titanio con v\u00e1lvula para BMW M140i, 240i, 340i y 440i (F20\/F22\/F30\/F32\/F33): la mejora definitiva para liberar el verdadero potencial del rendimiento y el sonido de su BMW.<\/p>\n<p>Caracter\u00edsticas clave:<\/p>\n<ul>\n<li>Sonido mejorado: experimente un sonido de escape estimulante y agresivo que llama la atenci\u00f3n. Nuestro escape de titanio con v\u00e1lvulas est\u00e1 dise\u00f1ado espec\u00edficamente para amplificar los tonos profundos y mejorar la ac\u00fastica general de su B58, lo que garantiza una experiencia de conducci\u00f3n inolvidable.<\/li>\n<li>Ajuste preciso: dise\u00f1ado exclusivamente para los modelos BMW B58, nuestro escape de titanio con v\u00e1lvula garantiza un ajuste perfecto y preciso. Puede confiar en que se integrar\u00e1 perfectamente con su sistema de escape existente, lo que har\u00e1 que la instalaci\u00f3n sea sencilla.<\/li>\n<li>Construcci\u00f3n de alta calidad: Fabricado con materiales de titanio de primera calidad, nuestro sistema de escape ofrece una durabilidad y una longevidad excepcionales. Dise\u00f1ado para soportar las exigencias de la conducci\u00f3n diaria y el uso en pista, es resistente a la corrosi\u00f3n y mantendr\u00e1 su estado original con el paso del tiempo.<\/li>\n<li>Rendimiento listo para la pista: al optimizar la evacuaci\u00f3n del escape y minimizar la contrapresi\u00f3n, nuestro escape de titanio con v\u00e1lvula ofrece importantes mejoras de rendimiento. Experimente un aumento aproximado de 15 caballos de fuerza, lo que le permitir\u00e1 llevar su B58 al l\u00edmite.<\/li>\n<\/ul>\n<p>Actualice el sistema de escape de su BMW B58 con nuestro escape de titanio con v\u00e1lvulas y disfrute de una sinfon\u00eda de potencia y rendimiento. \u00a1Libere el verdadero esp\u00edritu de su BMW hoy mismo!<\/p>\n<p>Nota: <strong>Solo para uso todoterreno<\/strong>.<\/p>\n<p><strong>Tiempo de producci\u00f3n: 4-7 semanas.<\/strong><\/p>","protected":false},"excerpt":{"rendered":"<p>Presentamos el escape de titanio con v\u00e1lvula para BMW M140i, 240i, 340i y 440i (F20\/F22\/F30\/F32\/F33): la mejora definitiva para liberar el verdadero potencial del rendimiento y el sonido de su BMW.<\/p>\n<p>Caracter\u00edsticas clave:<\/p>\n<ul>\n<li>Sonido mejorado: experimente un sonido de escape estimulante y agresivo que llama la atenci\u00f3n. Nuestro escape de titanio con v\u00e1lvulas est\u00e1 dise\u00f1ado espec\u00edficamente para amplificar los tonos profundos y mejorar la ac\u00fastica general de su B58, lo que garantiza una experiencia de conducci\u00f3n inolvidable.<\/li>\n<li>Ajuste preciso: dise\u00f1ado exclusivamente para los modelos BMW B58, nuestro escape de titanio con v\u00e1lvula garantiza un ajuste perfecto y preciso. Puede confiar en que se integrar\u00e1 perfectamente con su sistema de escape existente, lo que har\u00e1 que la instalaci\u00f3n sea sencilla.<\/li>\n<li>Construcci\u00f3n de alta calidad: Fabricado con materiales de titanio de primera calidad, nuestro sistema de escape ofrece una durabilidad y una longevidad excepcionales. Dise\u00f1ado para soportar las exigencias de la conducci\u00f3n diaria y el uso en pista, es resistente a la corrosi\u00f3n y mantendr\u00e1 su estado original con el paso del tiempo.<\/li>\n<li>Rendimiento listo para la pista: al optimizar la evacuaci\u00f3n del escape y minimizar la contrapresi\u00f3n, nuestro escape de titanio con v\u00e1lvula ofrece importantes mejoras de rendimiento. Experimente un aumento aproximado de 15 caballos de fuerza, lo que le permitir\u00e1 llevar su B58 al l\u00edmite.<\/li>\n<\/ul>\n<p>Actualice el sistema de escape de su BMW B58 con nuestro escape de titanio con v\u00e1lvulas y disfrute de una sinfon\u00eda de potencia y rendimiento. \u00a1Libere el verdadero esp\u00edritu de su BMW hoy mismo!<\/p>\n<p>Nota: <strong>Solo para uso todoterreno<\/strong>.<\/p>\n<p><strong>Tiempo de producci\u00f3n: 4-7 semanas.<\/strong><\/p>","protected":false},"featured_media":34688,"template":"","meta":{"_crdt_document":"","inline_featured_image":false},"product_brand":[],"product_cat":[345,455],"product_tag":[],"class_list":{"0":"post-34690","1":"product","2":"type-product","3":"status-publish","4":"has-post-thumbnail","6":"product_cat-exhausts","7":"product_cat-b58","8":"product_shipping_class-heavy-parcel","10":"first","11":"onbackorder","12":"taxable","13":"shipping-taxable","14":"purchasable","15":"product-type-variable"},"supplier_id":null,"supplier_sku":"","barcode":null,"atum_controlled":true,"out_stock_date":null,"out_stock_threshold":null,"inheritable":true,"inbound_stock":0,"stock_on_hold":0,"sold_today":null,"sales_last_days":null,"reserved_stock":0,"customer_returns":0,"warehouse_damage":0,"lost_in_post":0,"other_logs":0,"out_stock_days":null,"lost_sales":null,"has_location":false,"update_date":"2025-08-20T09:58:25","atum_locations":[],"atum_stock_status":"onbackorder","restock_status":false,"low_stock_amount":"","sales_update_date":"2025-08-20T09:58:25","calc_backorders":null,"_links":{"self":[{"href":"https:\/\/revmatch.eu\/es\/wp-json\/wp\/v2\/product\/34690","targetHints":{"allow":["GET"]}}],"collection":[{"href":"https:\/\/revmatch.eu\/es\/wp-json\/wp\/v2\/product"}],"about":[{"href":"https:\/\/revmatch.eu\/es\/wp-json\/wp\/v2\/types\/product"}],"version-history":[{"count":0,"href":"https:\/\/revmatch.eu\/es\/wp-json\/wp\/v2\/product\/34690\/revisions"}],"wp:featuredmedia":[{"embeddable":true,"href":"https:\/\/revmatch.eu\/es\/wp-json\/wp\/v2\/media\/34688"}],"wp:attachment":[{"href":"https:\/\/revmatch.eu\/es\/wp-json\/wp\/v2\/media?parent=34690"}],"wp:term":[{"taxonomy":"product_brand","embeddable":true,"href":"https:\/\/revmatch.eu\/es\/wp-json\/wp\/v2\/product_brand?post=34690"},{"taxonomy":"product_cat","embeddable":true,"href":"https:\/\/revmatch.eu\/es\/wp-json\/wp\/v2\/product_cat?post=34690"},{"taxonomy":"product_tag","embeddable":true,"href":"https:\/\/revmatch.eu\/es\/wp-json\/wp\/v2\/product_tag?post=34690"}],"curies":[{"name":"wp","href":"https:\/\/api.w.org\/{rel}","templated":true}]}}