{"id":34700,"date":"2023-06-21T15:02:37","date_gmt":"2023-06-21T14:02:37","guid":{"rendered":"http:\/\/revmatch.eu\/?post_type=product&#038;p=34700"},"modified":"2023-06-21T15:16:59","modified_gmt":"2023-06-21T14:16:59","slug":"chrome-exhaust-tips","status":"publish","type":"product","link":"https:\/\/revmatch.eu\/es\/product\/chrome-exhaust-tips\/","title":{"rendered":"Puntas de escape cromadas"},"content":{"rendered":"<p>Presentamos nuestras puntas de escape de fibra cromada, disponibles en dos impresionantes acabados para mejorar la est\u00e9tica del sistema de escape de su veh\u00edculo.<\/p>\n<p>F\u00e1cil instalaci\u00f3n: dise\u00f1adas para una instalaci\u00f3n sin complicaciones, nuestras puntas de escape se ajustan directamente a su sistema de escape existente, lo que garantiza un ajuste perfecto y seguro.<\/p>\n<p>\u00a1Actualiza tus puntas de escape ahora y haz una declaraci\u00f3n audaz en la carretera!<\/p>","protected":false},"excerpt":{"rendered":"<p>Presentamos nuestras puntas de escape de fibra cromada, disponibles en dos impresionantes acabados para mejorar la est\u00e9tica del sistema de escape de su veh\u00edculo.<\/p>\n<p>F\u00e1cil instalaci\u00f3n: dise\u00f1adas para una instalaci\u00f3n sin complicaciones, nuestras puntas de escape se ajustan directamente a su sistema de escape existente, lo que garantiza un ajuste perfecto y seguro.<\/p>\n<p>\u00a1Actualiza tus puntas de escape ahora y haz una declaraci\u00f3n audaz en la carretera!<\/p>","protected":false},"featured_media":34706,"template":"","meta":{"_crdt_document":"","inline_featured_image":false},"product_brand":[],"product_cat":[345],"product_tag":[],"class_list":{"0":"post-34700","1":"product","2":"type-product","3":"status-publish","4":"has-post-thumbnail","6":"product_cat-exhausts","8":"first","9":"onbackorder","10":"taxable","11":"shipping-taxable","12":"purchasable","13":"product-type-variable"},"supplier_id":null,"supplier_sku":"","barcode":null,"atum_controlled":true,"out_stock_date":null,"out_stock_threshold":null,"inheritable":false,"inbound_stock":null,"stock_on_hold":null,"sold_today":null,"sales_last_days":null,"reserved_stock":null,"customer_returns":null,"warehouse_damage":null,"lost_in_post":null,"other_logs":null,"out_stock_days":null,"lost_sales":null,"has_location":null,"update_date":null,"atum_locations":[],"atum_stock_status":"instock","restock_status":false,"low_stock_amount":"","sales_update_date":null,"calc_backorders":null,"_links":{"self":[{"href":"https:\/\/revmatch.eu\/es\/wp-json\/wp\/v2\/product\/34700","targetHints":{"allow":["GET"]}}],"collection":[{"href":"https:\/\/revmatch.eu\/es\/wp-json\/wp\/v2\/product"}],"about":[{"href":"https:\/\/revmatch.eu\/es\/wp-json\/wp\/v2\/types\/product"}],"version-history":[{"count":0,"href":"https:\/\/revmatch.eu\/es\/wp-json\/wp\/v2\/product\/34700\/revisions"}],"wp:featuredmedia":[{"embeddable":true,"href":"https:\/\/revmatch.eu\/es\/wp-json\/wp\/v2\/media\/34706"}],"wp:attachment":[{"href":"https:\/\/revmatch.eu\/es\/wp-json\/wp\/v2\/media?parent=34700"}],"wp:term":[{"taxonomy":"product_brand","embeddable":true,"href":"https:\/\/revmatch.eu\/es\/wp-json\/wp\/v2\/product_brand?post=34700"},{"taxonomy":"product_cat","embeddable":true,"href":"https:\/\/revmatch.eu\/es\/wp-json\/wp\/v2\/product_cat?post=34700"},{"taxonomy":"product_tag","embeddable":true,"href":"https:\/\/revmatch.eu\/es\/wp-json\/wp\/v2\/product_tag?post=34700"}],"curies":[{"name":"wp","href":"https:\/\/api.w.org\/{rel}","templated":true}]}}