{"id":39137,"date":"2023-08-28T14:45:45","date_gmt":"2023-08-28T13:45:45","guid":{"rendered":"http:\/\/revmatch.eu\/?post_type=product&#038;p=39137"},"modified":"2025-12-29T00:13:00","modified_gmt":"2025-12-28T23:13:00","slug":"bmw-f8x-f3x-f2x-amarillo-csl-drl","status":"publish","type":"product","link":"https:\/\/revmatch.eu\/es\/producto\/bmw-f8x-f3x-f2x-amarillo-csl-drl\/","title":{"rendered":"BMW F8x F3x F2x Amarillo CSL DRL"},"content":{"rendered":"<p>Nuestra actualizaci\u00f3n CSL Yellow DRL completar\u00e1 su autom\u00f3vil con la apariencia inspirada en el auto de carreras CSL que se merece.<\/p>\n<p>La mejor parte es que la instalaci\u00f3n es extremadamente f\u00e1cil, es plug and play y se puede realizar en la comodidad de su propio garaje con herramientas b\u00e1sicas. Nuestro kit de actualizaci\u00f3n del m\u00f3dulo CSL Yellow DRL incluye:<\/p>\n<ul>\n<li>Placas LED CSL amarillas DRL completas para faros izquierdo y derecho<\/li>\n<li>Disipadores de calor incluidos (opcional), no es necesario usar pasta t\u00e9rmica por tu cuenta, \u00a1solo unos pocos tornillos y listo!<\/li>\n<li>Instalaci\u00f3n plug and play (totalmente reversible)<\/li>\n<li>Se conserva toda la funcionalidad OEM<\/li>\n<\/ul>\n<p><strong>Accesorios:<\/strong><\/p>\n<ul>\n<li>2017 \u2013 2020 BMW F20\/F21 Serie 1<\/li>\n<li>2017 \u2013 2020 BMW F22 Serie 2<\/li>\n<li>2017 \u2013 2020 BMW F80\/F30\/F31 Serie 3<\/li>\n<li>2017 \u2013 2020 BMW F82\/F83\/F32\/F33 Serie 4<\/li>\n<\/ul>\n<p><strong>S\u00f3lo modelos LCI con faros LED, si no est\u00e1s seguro, cont\u00e1ctanos<\/strong><\/p>","protected":false},"excerpt":{"rendered":"<p>Our CSL Yellow DRL upgrade will complete your car with a CSL race car inspired look that it deserves. The best part is that installation is extremely easy, is plug&hellip;<\/p>","protected":false},"featured_media":39138,"template":"","meta":{"_crdt_document":"","inline_featured_image":false},"product_brand":[],"product_cat":[357,372,184],"product_tag":[],"class_list":{"0":"post-39137","1":"product","2":"type-product","3":"status-publish","4":"has-post-thumbnail","6":"product_cat-body-parts","7":"product_cat-electronics","8":"product_cat-revmatch","10":"first","11":"onbackorder","12":"taxable","13":"shipping-taxable","14":"purchasable","15":"product-type-variable"},"supplier_id":null,"supplier_sku":"","barcode":null,"atum_controlled":true,"out_stock_date":null,"out_stock_threshold":null,"inheritable":false,"inbound_stock":null,"stock_on_hold":0,"sold_today":0,"sales_last_days":0,"reserved_stock":null,"customer_returns":null,"warehouse_damage":null,"lost_in_post":null,"other_logs":null,"out_stock_days":null,"lost_sales":0,"has_location":null,"update_date":"2025-12-28T23:13:11","atum_locations":[],"atum_stock_status":"onbackorder","restock_status":false,"low_stock_amount":"","sales_update_date":null,"calc_backorders":-4,"_links":{"self":[{"href":"https:\/\/revmatch.eu\/es\/wp-json\/wp\/v2\/product\/39137","targetHints":{"allow":["GET"]}}],"collection":[{"href":"https:\/\/revmatch.eu\/es\/wp-json\/wp\/v2\/product"}],"about":[{"href":"https:\/\/revmatch.eu\/es\/wp-json\/wp\/v2\/types\/product"}],"version-history":[{"count":0,"href":"https:\/\/revmatch.eu\/es\/wp-json\/wp\/v2\/product\/39137\/revisions"}],"wp:featuredmedia":[{"embeddable":true,"href":"https:\/\/revmatch.eu\/es\/wp-json\/wp\/v2\/media\/39138"}],"wp:attachment":[{"href":"https:\/\/revmatch.eu\/es\/wp-json\/wp\/v2\/media?parent=39137"}],"wp:term":[{"taxonomy":"product_brand","embeddable":true,"href":"https:\/\/revmatch.eu\/es\/wp-json\/wp\/v2\/product_brand?post=39137"},{"taxonomy":"product_cat","embeddable":true,"href":"https:\/\/revmatch.eu\/es\/wp-json\/wp\/v2\/product_cat?post=39137"},{"taxonomy":"product_tag","embeddable":true,"href":"https:\/\/revmatch.eu\/es\/wp-json\/wp\/v2\/product_tag?post=39137"}],"curies":[{"name":"wp","href":"https:\/\/api.w.org\/{rel}","templated":true}]}}