{"id":39216,"date":"2023-09-15T11:32:06","date_gmt":"2023-09-15T10:32:06","guid":{"rendered":"http:\/\/revmatch.eu\/?post_type=product&#038;p=39216"},"modified":"2023-10-04T00:42:24","modified_gmt":"2023-10-03T23:42:24","slug":"motor-rbf660","status":"publish","type":"product","link":"https:\/\/revmatch.eu\/es\/product\/motul-rbf660\/","title":{"rendered":"Moto RBF660"},"content":{"rendered":"<p>Para todo tipo de sistemas de frenos y embragues accionados hidr\u00e1ulicamente que requieran fluido sint\u00e9tico sin silicona. Especialmente dise\u00f1ado para soportar las temperaturas extremas generadas por los frenos de carbono y cer\u00e1mica de competici\u00f3n, permitiendo al mismo tiempo una m\u00ednima entrada de aire para la refrigeraci\u00f3n de los frenos. Tambi\u00e9n es adecuado para frenos convencionales con discos de acero y para actuadores de embrague hidr\u00e1ulicos convencionales. Supera los requisitos de las normas DOT 3 y DOT 5.1, excepto en cuanto a la viscosidad a -40 \u00b0C\/-40 \u00b0F.<\/p>\n<p>Especificaciones t\u00e9cnicas:<\/p>\n<ul>\n<li>Punto de ebullici\u00f3n seco: 328,0 \u00b0C \/ 622,0 \u00b0F<\/li>\n<li>Punto de ebullici\u00f3n h\u00famedo: 204,0 \u00b0C \/ 399,0 \u00b0F<\/li>\n<li>Viscosidad a 100 \u00b0C (212 \u00b0F): 2,6 mm2\/s<\/li>\n<li>Viscosidad a -40 \u00b0C (-40 \u00b0F): 1.698,0 mm2\/s<\/li>\n<\/ul>\n<p><strong>500 ml<\/strong><\/p>","protected":false},"excerpt":{"rendered":"<p>Para todo tipo de sistemas de frenos y embragues accionados hidr\u00e1ulicamente que requieran fluido sint\u00e9tico sin silicona. Especialmente dise\u00f1ado para soportar las temperaturas extremas generadas por los frenos de carbono y cer\u00e1mica de competici\u00f3n, permitiendo al mismo tiempo una m\u00ednima entrada de aire para la refrigeraci\u00f3n de los frenos. Tambi\u00e9n es adecuado para frenos convencionales con discos de acero y para actuadores de embrague hidr\u00e1ulicos convencionales. Supera los requisitos de las normas DOT 3 y DOT 5.1, excepto en cuanto a la viscosidad a -40 \u00b0C\/-40 \u00b0F.<\/p>\n<p>Especificaciones t\u00e9cnicas:<\/p>\n<ul>\n<li>Punto de ebullici\u00f3n seco: 328,0 \u00b0C \/ 622,0 \u00b0F<\/li>\n<li>Punto de ebullici\u00f3n h\u00famedo: 204,0 \u00b0C \/ 399,0 \u00b0F<\/li>\n<li>Viscosidad a 100 \u00b0C (212 \u00b0F): 2,6 mm2\/s<\/li>\n<li>Viscosidad a -40 \u00b0C (-40 \u00b0F): 1.698,0 mm2\/s<\/li>\n<\/ul>\n<p><strong>500 ml<\/strong><\/p>","protected":false},"featured_media":39220,"template":"","meta":{"_crdt_document":"","inline_featured_image":false},"product_brand":[],"product_cat":[178],"product_tag":[],"class_list":{"0":"post-39216","1":"product","2":"type-product","3":"status-publish","4":"has-post-thumbnail","6":"product_cat-brake-fluids","8":"first","9":"instock","10":"sale","11":"taxable","12":"shipping-taxable","13":"purchasable","14":"product-type-simple"},"supplier_id":null,"supplier_sku":"","barcode":null,"atum_controlled":true,"out_stock_date":null,"out_stock_threshold":null,"inheritable":false,"inbound_stock":null,"stock_on_hold":null,"sold_today":null,"sales_last_days":null,"reserved_stock":null,"customer_returns":null,"warehouse_damage":null,"lost_in_post":null,"other_logs":null,"out_stock_days":null,"lost_sales":null,"has_location":null,"update_date":null,"atum_locations":[],"atum_stock_status":"instock","restock_status":false,"low_stock_amount":"","sales_update_date":null,"calc_backorders":null,"_links":{"self":[{"href":"https:\/\/revmatch.eu\/es\/wp-json\/wp\/v2\/product\/39216","targetHints":{"allow":["GET"]}}],"collection":[{"href":"https:\/\/revmatch.eu\/es\/wp-json\/wp\/v2\/product"}],"about":[{"href":"https:\/\/revmatch.eu\/es\/wp-json\/wp\/v2\/types\/product"}],"version-history":[{"count":0,"href":"https:\/\/revmatch.eu\/es\/wp-json\/wp\/v2\/product\/39216\/revisions"}],"wp:featuredmedia":[{"embeddable":true,"href":"https:\/\/revmatch.eu\/es\/wp-json\/wp\/v2\/media\/39220"}],"wp:attachment":[{"href":"https:\/\/revmatch.eu\/es\/wp-json\/wp\/v2\/media?parent=39216"}],"wp:term":[{"taxonomy":"product_brand","embeddable":true,"href":"https:\/\/revmatch.eu\/es\/wp-json\/wp\/v2\/product_brand?post=39216"},{"taxonomy":"product_cat","embeddable":true,"href":"https:\/\/revmatch.eu\/es\/wp-json\/wp\/v2\/product_cat?post=39216"},{"taxonomy":"product_tag","embeddable":true,"href":"https:\/\/revmatch.eu\/es\/wp-json\/wp\/v2\/product_tag?post=39216"}],"curies":[{"name":"wp","href":"https:\/\/api.w.org\/{rel}","templated":true}]}}