{"id":39221,"date":"2023-09-15T14:12:24","date_gmt":"2023-09-15T13:12:24","guid":{"rendered":"http:\/\/revmatch.eu\/?post_type=product&#038;p=39221"},"modified":"2023-10-04T00:42:51","modified_gmt":"2023-10-03T23:42:51","slug":"motor-rbf700","status":"publish","type":"product","link":"https:\/\/revmatch.eu\/es\/product\/motul-rbf700\/","title":{"rendered":"Motul RBF700"},"content":{"rendered":"<p>Motul RBF 700 es un l\u00edquido de frenos de alto rendimiento desarrollado para ofrecer una potencia de frenado altamente consistente y m\u00e1xima a temperaturas de frenado extremas generadas por sistemas de discos de freno de carreras de carbono y cer\u00e1mica.<br \/>\nPermite minimizar las salidas de aire de los frenos mejorando as\u00ed la resistencia aerodin\u00e1mica.<br \/>\nSe puede utilizar con discos de acero convencionales.<br \/>\nSe puede utilizar para actuadores de sistemas de embrague.<br \/>\nRBF 700 cumple con el est\u00e1ndar DOT 4, lo que permite que el fluido se utilice en veh\u00edculos de alto rendimiento para aplicaciones de uso diario en carretera.<\/p>\n<p>Especificaciones t\u00e9cnicas:<\/p>\n<ul>\n<li>Punto de ebullici\u00f3n seco: 336,0 \u00b0C \/ 637,0 \u00b0F<\/li>\n<li>Punto de ebullici\u00f3n h\u00famedo: 205,0 \u00b0C \/ 401,0 \u00b0F<\/li>\n<li>Viscosidad a 100 \u00b0C (212 \u00b0F): 2,1 mm\u00b2\/s<\/li>\n<li>Viscosidad a -40 \u00b0C (-40 \u00b0F): 1.580,0 mm\u00b2\/s<\/li>\n<\/ul>\n<p><strong>500 ml<\/strong><\/p>","protected":false},"excerpt":{"rendered":"<p>Motul RBF 700 es un l\u00edquido de frenos de alto rendimiento desarrollado para ofrecer una potencia de frenado altamente consistente y m\u00e1xima a temperaturas de frenado extremas generadas por sistemas de discos de freno de carreras de carbono y cer\u00e1mica.<br \/>\nPermite minimizar las salidas de aire de los frenos mejorando as\u00ed la resistencia aerodin\u00e1mica.<br \/>\nSe puede utilizar con discos de acero convencionales.<br \/>\nSe puede utilizar para actuadores de sistemas de embrague.<br \/>\nRBF 700 cumple con el est\u00e1ndar DOT 4, lo que permite que el fluido se utilice en veh\u00edculos de alto rendimiento para aplicaciones de uso diario en carretera.<\/p>\n<p>Especificaciones t\u00e9cnicas:<\/p>\n<ul>\n<li>Punto de ebullici\u00f3n seco: 336,0 \u00b0C \/ 637,0 \u00b0F<\/li>\n<li>Punto de ebullici\u00f3n h\u00famedo: 205,0 \u00b0C \/ 401,0 \u00b0F<\/li>\n<li>Viscosidad a 100 \u00b0C (212 \u00b0F): 2,1 mm\u00b2\/s<\/li>\n<li>Viscosidad a -40 \u00b0C (-40 \u00b0F): 1.580,0 mm\u00b2\/s<\/li>\n<\/ul>\n<p><strong>500 ml<\/strong><\/p>","protected":false},"featured_media":39223,"template":"","meta":{"_crdt_document":"","inline_featured_image":false},"product_brand":[],"product_cat":[178],"product_tag":[],"class_list":{"0":"post-39221","1":"product","2":"type-product","3":"status-publish","4":"has-post-thumbnail","6":"product_cat-brake-fluids","8":"first","9":"instock","10":"sale","11":"taxable","12":"shipping-taxable","13":"purchasable","14":"product-type-simple"},"supplier_id":null,"supplier_sku":"","barcode":null,"atum_controlled":true,"out_stock_date":null,"out_stock_threshold":null,"inheritable":false,"inbound_stock":null,"stock_on_hold":null,"sold_today":null,"sales_last_days":null,"reserved_stock":null,"customer_returns":null,"warehouse_damage":null,"lost_in_post":null,"other_logs":null,"out_stock_days":null,"lost_sales":null,"has_location":null,"update_date":null,"atum_locations":[],"atum_stock_status":"instock","restock_status":false,"low_stock_amount":"","sales_update_date":null,"calc_backorders":null,"_links":{"self":[{"href":"https:\/\/revmatch.eu\/es\/wp-json\/wp\/v2\/product\/39221","targetHints":{"allow":["GET"]}}],"collection":[{"href":"https:\/\/revmatch.eu\/es\/wp-json\/wp\/v2\/product"}],"about":[{"href":"https:\/\/revmatch.eu\/es\/wp-json\/wp\/v2\/types\/product"}],"version-history":[{"count":0,"href":"https:\/\/revmatch.eu\/es\/wp-json\/wp\/v2\/product\/39221\/revisions"}],"wp:featuredmedia":[{"embeddable":true,"href":"https:\/\/revmatch.eu\/es\/wp-json\/wp\/v2\/media\/39223"}],"wp:attachment":[{"href":"https:\/\/revmatch.eu\/es\/wp-json\/wp\/v2\/media?parent=39221"}],"wp:term":[{"taxonomy":"product_brand","embeddable":true,"href":"https:\/\/revmatch.eu\/es\/wp-json\/wp\/v2\/product_brand?post=39221"},{"taxonomy":"product_cat","embeddable":true,"href":"https:\/\/revmatch.eu\/es\/wp-json\/wp\/v2\/product_cat?post=39221"},{"taxonomy":"product_tag","embeddable":true,"href":"https:\/\/revmatch.eu\/es\/wp-json\/wp\/v2\/product_tag?post=39221"}],"curies":[{"name":"wp","href":"https:\/\/api.w.org\/{rel}","templated":true}]}}