{"id":62024,"date":"2023-10-17T23:51:32","date_gmt":"2023-10-17T22:51:32","guid":{"rendered":"http:\/\/revmatch.eu\/?post_type=product&#038;p=62024"},"modified":"2025-11-05T11:05:38","modified_gmt":"2025-11-05T10:05:38","slug":"hpt-g30-770-bmw-b58-turbo","status":"publish","type":"product","link":"https:\/\/revmatch.eu\/es\/producto\/hpt-g30-770-bmw-b58-turbo\/","title":{"rendered":"HPT G30-770 BMW B58 Turbo"},"content":{"rendered":"<p>Con esta conversi\u00f3n, llevar\u00e1s tu experiencia de conducci\u00f3n BMW a nuevas alturas.<\/p>\n<p>Este turbo utiliza rodamientos de bolas cer\u00e1micos mejorados para mejorar el carrete, el rendimiento y la longevidad del turbo.<\/p>\n<p><strong>Aumento de potencia hasta 651cv.*<\/strong><\/p>\n<p>El turbo G30-770 es compatible con varios modelos de BMW con motor B58, incluidos:<\/p>\n<ul>\n<li>BMW 340i (F30\/F31)<\/li>\n<li>BMW 340i GT (F34)<\/li>\n<li>BMW 440i (F32\/F33)<\/li>\n<li>BMW 440i GT (F36)<\/li>\n<li>BMW 540i (G30)<\/li>\n<li>BMW 740i (G11\/G12)<\/li>\n<li>BMW M140i (F20\/F21)<\/li>\n<li>BMW M240i (F22\/F23)<\/li>\n<\/ul>\n<p>* Requiere enviar su turbo por adelantado.<br \/>\n* Requiere l\u00edneas de aceite y agua personalizadas.<br \/>\n* <strong>ADVERTENCIA<\/strong>: Los turbos h\u00edbridos y grandes no pueden funcionar en autos stock. Los valores etiquetados como ganancias \u201chasta hp\u201d son referencias a la presi\u00f3n y la capacidad de flujo de la configuraci\u00f3n turbo. Para que el autom\u00f3vil alcance estos niveles de potencia, tambi\u00e9n puede ser necesario actualizar la inyecci\u00f3n, el intercooler, el sistema de escape y la inyecci\u00f3n de metanol. Cualquier modificaci\u00f3n requiere un ajuste electr\u00f3nico, cons\u00faltenos si necesita valoraci\u00f3n con una sinton\u00eda.<\/p>\n<p><strong>Organizaremos la recogida de su turbo y HPT ensamblar\u00e1 su nuevo turbo y lo devolver\u00e1 en 7 a 10 d\u00edas.<\/strong><\/p>","protected":false},"excerpt":{"rendered":"<p>Con esta conversi\u00f3n, llevar\u00e1s tu experiencia de conducci\u00f3n BMW a nuevas alturas.<\/p>\n<p>Este turbo utiliza rodamientos de bolas cer\u00e1micos mejorados para mejorar el carrete, el rendimiento y la longevidad del turbo.<\/p>\n<p><strong>Aumento de potencia hasta 651cv.*<\/strong><\/p>\n<p>*Requiere enviar tu turbo por adelantado<br \/>\n* Requiere reemplazo de l\u00edneas de aceite y agua en la Serie G.<br \/>\n* <strong>ADVERTENCIA<\/strong>: Los turbos h\u00edbridos y grandes no pueden funcionar en autos stock. Los valores etiquetados como ganancias \u201chasta hp\u201d son referencias a la presi\u00f3n y la capacidad de flujo de la configuraci\u00f3n turbo. Para que el autom\u00f3vil alcance estos niveles de potencia, tambi\u00e9n puede ser necesario actualizar la inyecci\u00f3n, el intercooler, el sistema de escape y la inyecci\u00f3n de metanol. Cualquier modificaci\u00f3n requiere un ajuste electr\u00f3nico, cons\u00faltenos si necesita valoraci\u00f3n con una sinton\u00eda.<\/p>\n<p><strong>Organizaremos la recogida de su turbo y HPT ensamblar\u00e1 su nuevo turbo y lo devolver\u00e1 en 7 a 10 d\u00edas.<\/strong><\/p>\n<p><strong>Las im\u00e1genes pueden diferir de las im\u00e1genes turbo reales.<\/strong><\/p>","protected":false},"featured_media":62002,"template":"","meta":{"_crdt_document":"","inline_featured_image":false},"product_brand":[470],"product_cat":[455,387],"product_tag":[],"class_list":{"0":"post-62024","1":"product","2":"type-product","3":"status-publish","4":"has-post-thumbnail","6":"product_brand-hpturbo","7":"product_cat-b58","8":"product_cat-turbos","9":"product_shipping_class-hpturbo","11":"first","12":"instock","13":"taxable","14":"shipping-taxable","15":"purchasable","16":"product-type-variable"},"supplier_id":null,"supplier_sku":"","barcode":null,"atum_controlled":true,"out_stock_date":null,"out_stock_threshold":null,"inheritable":true,"inbound_stock":0,"stock_on_hold":1,"sold_today":0,"sales_last_days":1,"reserved_stock":0,"customer_returns":0,"warehouse_damage":0,"lost_in_post":0,"other_logs":0,"out_stock_days":0,"lost_sales":0,"has_location":false,"update_date":"2025-11-05T10:05:47","atum_locations":[],"atum_stock_status":"instock","restock_status":false,"low_stock_amount":"","sales_update_date":"2025-08-20T09:57:37","calc_backorders":null,"_links":{"self":[{"href":"https:\/\/revmatch.eu\/es\/wp-json\/wp\/v2\/product\/62024","targetHints":{"allow":["GET"]}}],"collection":[{"href":"https:\/\/revmatch.eu\/es\/wp-json\/wp\/v2\/product"}],"about":[{"href":"https:\/\/revmatch.eu\/es\/wp-json\/wp\/v2\/types\/product"}],"version-history":[{"count":2,"href":"https:\/\/revmatch.eu\/es\/wp-json\/wp\/v2\/product\/62024\/revisions"}],"predecessor-version":[{"id":83501,"href":"https:\/\/revmatch.eu\/es\/wp-json\/wp\/v2\/product\/62024\/revisions\/83501"}],"wp:featuredmedia":[{"embeddable":true,"href":"https:\/\/revmatch.eu\/es\/wp-json\/wp\/v2\/media\/62002"}],"wp:attachment":[{"href":"https:\/\/revmatch.eu\/es\/wp-json\/wp\/v2\/media?parent=62024"}],"wp:term":[{"taxonomy":"product_brand","embeddable":true,"href":"https:\/\/revmatch.eu\/es\/wp-json\/wp\/v2\/product_brand?post=62024"},{"taxonomy":"product_cat","embeddable":true,"href":"https:\/\/revmatch.eu\/es\/wp-json\/wp\/v2\/product_cat?post=62024"},{"taxonomy":"product_tag","embeddable":true,"href":"https:\/\/revmatch.eu\/es\/wp-json\/wp\/v2\/product_tag?post=62024"}],"curies":[{"name":"wp","href":"https:\/\/api.w.org\/{rel}","templated":true}]}}